{"id":2299,"date":"2025-04-04T10:56:59","date_gmt":"2025-04-04T17:56:59","guid":{"rendered":"https:\/\/www.biworldwide.ca\/fr\/?page_id=2299"},"modified":"2025-04-04T11:00:26","modified_gmt":"2025-04-04T18:00:26","slug":"design-code","status":"publish","type":"page","link":"https:\/\/www.biworldwide.ca\/fr\/problemes-que-nous-resolvons\/engagement-des-employes\/design-code\/","title":{"rendered":"Design Code"},"content":{"rendered":"<div class=\" has-content-align-left has-overlay has-overlay--dark alignfull wp-block-biw-block-theme-hero\">\n\t<div class=\"biw-hero__grid\">\n\t\t\t\t\t<div class=\"biw-hero__breadcrumbs\">\n\t\t\t\t<div id=\"breadcrumbs\" class=\"breadcrumb-nav__wrapper\"><span class=\"breadcrumb-nav\"><span><a href=\"https:\/\/www.biworldwide.ca\/fr\/\">Home<\/a><\/span><\/span><\/div>\t\t\t<\/div>\n\t\t\n\t\t\t\t\t<div class=\"biw-hero__media \">\n\t\t\t\t\t\t\t\t\t<div class=\"biw-hero__overlay overlay-dark\"><\/div>\n\t\t\t\t\t\t\t\t<img decoding=\"async\" src=\"https:\/\/www.biworldwide.ca\/wp-content\/uploads\/sites\/8\/2025\/04\/designcode-banner-2048x711-1.jpg\" alt=\"A woman stands smiling near a wall with colorful sticky notes, speaking to colleagues seated at a conference table. A man claps, showing engagement. The setting is a modern office with glass walls.\" class=\"biw-hero__bg-image\" style=\"object-position: 50% 50%;\">\t\t\t<\/div>\n\t\t\t\t<div class=\"biw-hero__content\">\n\t\t\t\t\t\t<h1 class=\"biw-hero__title\" style=\"line-height: 1.2\">\n\t\t\t\tDesign Code<sup>MC<\/sup>\t\t\t<\/h1>\n\t\t\t\t\t\t\t<h2 class=\"biw-hero__subtitle\">\n\t\t\t\t\tInspirer pour engager.\t\t\t\t<\/h2>\n\t\t\t\t\t\t\t\t\t\t<div class=\"biw-hero__text\">\n\t\t\t\t\t\n\n<p>Design Code<sup>MC<\/sup>\u00a0r\u00e9invente la conception de programmes. Nous cr\u00e9ons des solutions personnalis\u00e9es qui placent vos employ\u00e9s au centre en combinant la \u00ab pens\u00e9e design \u00bb avec les recherches de BI WORLDWIDE Canada et ses outils exclusifs d&rsquo;engagement des employ\u00e9s.<\/p>\n\n\t\t\t\t<\/div>\n\t\t\t\t\t\t\t\t<\/div>\n\t<\/div>\n<\/div>\n\n\n\n<div class=\"wp-block-group  layout-columns-7 has-global-padding is-layout-constrained wp-container-core-group-is-layout-a133ec42 wp-block-group-is-layout-constrained\">\n<h2 class=\"wp-block-heading\">Les gens ignorent le design. Cela ignore les gens.<\/h2>\n\n\n\n<p>\u00c0 une \u00e9poque o\u00f9 la main-d&rsquo;\u0153uvre est dynamique et multi-g\u00e9n\u00e9rationnelle, de nombreuses marques explorent des moyens plus r\u00e9cents et plus rapides pour relever les d\u00e9fis li\u00e9s \u00e0 l&rsquo;engagement des employ\u00e9s. Avec plus de sept d\u00e9cennies d&rsquo;exp\u00e9rience en fid\u00e9lisation et en engagement, BI WORLDWIDE Canada a r\u00e9volutionn\u00e9 la mani\u00e8re dont les programmes d&rsquo;engagement des employ\u00e9s sont con\u00e7us et \u00e9labor\u00e9s. Comment ? En r\u00e9introduisant l&#8217;empathie envers les employ\u00e9s dans le processus de conception de l&rsquo;engagement.<\/p>\n\n\n\n<p>Design Code<sup>MC<\/sup> est la m\u00e9thodologie exclusive de conception centr\u00e9e sur l&rsquo;humain de BI WORLDWIDE Canada, d\u00e9velopp\u00e9e en int\u00e9grant des techniques et des outils de pens\u00e9e design \u00e0 une expertise approfondie dans la reconnaissance et les r\u00e9compenses des employ\u00e9s, l&rsquo;engagement des employ\u00e9s, l&rsquo;\u00e9conomie comportementale et la recherche sur la proposition de valeur pour les employ\u00e9s (PVE).<\/p>\n\n\n\n<h3 class=\"wp-block-heading\">Le m\u00e9lange parfait d&#8217;empathie, de cr\u00e9ativit\u00e9 et de collaboration.<\/h3>\n\n\n\n<p>Design Code<sup>MC<\/sup> suit une approche structur\u00e9e en trois \u00e9tapes couvrant l&#8217;empathie, l&rsquo;id\u00e9ation et la solution. Cela vous aidera \u00e0 :<\/p>\n\n\n\n<ul class=\"wp-block-list\">\n<li>Plongez dans les v\u00e9ritables besoins de vos employ\u00e9s.<\/li>\n\n\n\n<li>D\u00e9couvrez et reformulez vos probl\u00e8mes en \u00e9liminant les pr\u00e9jug\u00e9s.<\/li>\n\n\n\n<li>Exploitez les outils de pens\u00e9e design pour g\u00e9n\u00e9rer des id\u00e9es diff\u00e9remment.<\/li>\n\n\n\n<li>Int\u00e9grez les principes de l&rsquo;\u00e9conomie comportementale, les nouvelles r\u00e8gles de l\u2019engagement\u00ae et d&rsquo;autres cadres exclusifs pour obtenir des id\u00e9es \u00e0 fort impact.<\/li>\n\n\n\n<li>Comparez votre programme aux meilleures pratiques gr\u00e2ce \u00e0 la boussole d&rsquo;engagement de BI WORLDWIDE Canada.<\/li>\n\n\n\n<li>Concevez une solution compl\u00e8te de reconnaissance et de r\u00e9compenses centr\u00e9e sur l&rsquo;humain qui repose sur les id\u00e9es des employ\u00e9s.<br>\u00a0<\/li>\n<\/ul>\n\n\n\n<p>La meilleure partie est que vous pouvez co-cr\u00e9er en faisant partie de ce voyage exploratoire d\u00e8s le premier jour.<\/p>\n\n\n\n<p>Les entreprises \u00e0 la croissance la plus rapide au monde, dans des secteurs vari\u00e9s tels que la technologie, le commerce de d\u00e9tail, les voyages, les services financiers et d&rsquo;assurance, l&rsquo;agriculture et bien d&rsquo;autres, ont exploit\u00e9 la puissance de Design Code<sup>MC<\/sup> pour cr\u00e9er des solutions globales ax\u00e9es sur l&#8217;empathie envers les employ\u00e9s, menant \u00e0 des r\u00e9sultats mesurables.<\/p>\n<\/div>\n","protected":false},"excerpt":{"rendered":"<p>Les gens ignorent le design. Cela ignore les gens. \u00c0 une \u00e9poque o\u00f9 la main-d&rsquo;\u0153uvre est dynamique et multi-g\u00e9n\u00e9rationnelle, de nombreuses marques explorent des moyens plus r\u00e9cents et plus rapides pour relever les d\u00e9fis li\u00e9s \u00e0 l&rsquo;engagement des employ\u00e9s. Avec plus de sept d\u00e9cennies d&rsquo;exp\u00e9rience en fid\u00e9lisation et en engagement, BI WORLDWIDE Canada a r\u00e9volutionn\u00e9 [&hellip;]<\/p>\n","protected":false},"author":28,"featured_media":2324,"parent":100,"menu_order":0,"comment_status":"closed","ping_status":"closed","template":"","meta":{"featured_image_focal_point":{"x":0.71,"y":0.28},"footnotes":""},"wf_page_folders":[],"class_list":["post-2299","page","type-page","status-publish","has-post-thumbnail","hentry"],"yoast_head":"<!-- This site is optimized with the Yoast SEO plugin v26.2 - https:\/\/yoast.com\/wordpress\/plugins\/seo\/ -->\n<title>Design Code - Canada (French)<\/title>\n<meta name=\"description\" content=\"Design Code est la m\u00e9thodologie exclusive de conception centr\u00e9e sur l&#039;humain de BI WORLDWIDE, d\u00e9velopp\u00e9e en int\u00e9grant des techniques et des\" \/>\n<meta name=\"robots\" content=\"index, follow, max-snippet:-1, max-image-preview:large, max-video-preview:-1\" \/>\n<link rel=\"canonical\" href=\"https:\/\/www.biworldwide.ca\/fr\/problemes-que-nous-resolvons\/engagement-des-employes\/design-code\/\" \/>\n<meta property=\"og:locale\" content=\"fr_CA\" \/>\n<meta property=\"og:type\" content=\"article\" \/>\n<meta property=\"og:title\" content=\"Design Code - Canada (French)\" \/>\n<meta property=\"og:description\" content=\"Design Code est la m\u00e9thodologie exclusive de conception centr\u00e9e sur l&#039;humain de BI WORLDWIDE, d\u00e9velopp\u00e9e en int\u00e9grant des techniques et des\" \/>\n<meta property=\"og:url\" content=\"https:\/\/www.biworldwide.ca\/fr\/problemes-que-nous-resolvons\/engagement-des-employes\/design-code\/\" \/>\n<meta property=\"og:site_name\" content=\"Canada (French)\" \/>\n<meta property=\"article:modified_time\" content=\"2025-04-04T18:00:26+00:00\" \/>\n<meta property=\"og:image\" content=\"https:\/\/www.biworldwide.ca\/fr\/wp-content\/uploads\/sites\/9\/2025\/04\/designcode-banner-2048x711-1.jpg\" \/>\n\t<meta property=\"og:image:width\" content=\"2048\" \/>\n\t<meta property=\"og:image:height\" content=\"711\" \/>\n\t<meta property=\"og:image:type\" content=\"image\/jpeg\" \/>\n<meta name=\"twitter:card\" content=\"summary_large_image\" \/>\n<meta name=\"twitter:label1\" content=\"Est. reading time\" \/>\n\t<meta name=\"twitter:data1\" content=\"3 minutes\" \/>\n<script type=\"application\/ld+json\" class=\"yoast-schema-graph\">{\"@context\":\"https:\/\/schema.org\",\"@graph\":[{\"@type\":\"WebPage\",\"@id\":\"https:\/\/www.biworldwide.ca\/fr\/problemes-que-nous-resolvons\/engagement-des-employes\/design-code\/\",\"url\":\"https:\/\/www.biworldwide.ca\/fr\/problemes-que-nous-resolvons\/engagement-des-employes\/design-code\/\",\"name\":\"Design Code - Canada (French)\",\"isPartOf\":{\"@id\":\"https:\/\/www.biworldwide.ca\/fr\/#website\"},\"primaryImageOfPage\":{\"@id\":\"https:\/\/www.biworldwide.ca\/fr\/problemes-que-nous-resolvons\/engagement-des-employes\/design-code\/#primaryimage\"},\"image\":{\"@id\":\"https:\/\/www.biworldwide.ca\/fr\/problemes-que-nous-resolvons\/engagement-des-employes\/design-code\/#primaryimage\"},\"thumbnailUrl\":\"https:\/\/www.biworldwide.ca\/fr\/wp-content\/uploads\/sites\/9\/2025\/04\/designcode-banner-2048x711-1.jpg\",\"datePublished\":\"2025-04-04T17:56:59+00:00\",\"dateModified\":\"2025-04-04T18:00:26+00:00\",\"description\":\"Design Code est la m\u00e9thodologie exclusive de conception centr\u00e9e sur l'humain de BI WORLDWIDE, d\u00e9velopp\u00e9e en int\u00e9grant des techniques et des\",\"breadcrumb\":{\"@id\":\"https:\/\/www.biworldwide.ca\/fr\/problemes-que-nous-resolvons\/engagement-des-employes\/design-code\/#breadcrumb\"},\"inLanguage\":\"fr-CA\",\"potentialAction\":[{\"@type\":\"ReadAction\",\"target\":[\"https:\/\/www.biworldwide.ca\/fr\/problemes-que-nous-resolvons\/engagement-des-employes\/design-code\/\"]}]},{\"@type\":\"ImageObject\",\"inLanguage\":\"fr-CA\",\"@id\":\"https:\/\/www.biworldwide.ca\/fr\/problemes-que-nous-resolvons\/engagement-des-employes\/design-code\/#primaryimage\",\"url\":\"https:\/\/www.biworldwide.ca\/fr\/wp-content\/uploads\/sites\/9\/2025\/04\/designcode-banner-2048x711-1.jpg\",\"contentUrl\":\"https:\/\/www.biworldwide.ca\/fr\/wp-content\/uploads\/sites\/9\/2025\/04\/designcode-banner-2048x711-1.jpg\",\"width\":2048,\"height\":711,\"caption\":\"Une femme, debout et souriante, s'adresse \u00e0 ses coll\u00e8gues assis \u00e0 une table de conf\u00e9rence, pr\u00e8s d'un mur orn\u00e9 de post-its color\u00e9s reprenant des codes de design. Le bureau moderne vibre d'\u00e9nergie, tandis qu'une personne applaudit et que d'autres \u00e9coutent attentivement.\"},{\"@type\":\"BreadcrumbList\",\"@id\":\"https:\/\/www.biworldwide.ca\/fr\/problemes-que-nous-resolvons\/engagement-des-employes\/design-code\/#breadcrumb\",\"itemListElement\":[{\"@type\":\"ListItem\",\"position\":1,\"name\":\"Home\",\"item\":\"https:\/\/www.biworldwide.ca\/fr\/\"},{\"@type\":\"ListItem\",\"position\":2,\"name\":\"Probl\u00e8mes que nous r\u00e9solvons\",\"item\":\"https:\/\/www.biworldwide.ca\/fr\/problemes-que-nous-resolvons\/\"},{\"@type\":\"ListItem\",\"position\":3,\"name\":\"Engagement des employ\u00e9s\",\"item\":\"https:\/\/www.biworldwide.ca\/fr\/problemes-que-nous-resolvons\/engagement-des-employes\/\"},{\"@type\":\"ListItem\",\"position\":4,\"name\":\"Design Code\"}]},{\"@type\":\"WebSite\",\"@id\":\"https:\/\/www.biworldwide.ca\/fr\/#website\",\"url\":\"https:\/\/www.biworldwide.ca\/fr\/\",\"name\":\"Canada (French)\",\"description\":\"\",\"potentialAction\":[{\"@type\":\"SearchAction\",\"target\":{\"@type\":\"EntryPoint\",\"urlTemplate\":\"https:\/\/www.biworldwide.ca\/fr\/?s={search_term_string}\"},\"query-input\":{\"@type\":\"PropertyValueSpecification\",\"valueRequired\":true,\"valueName\":\"search_term_string\"}}],\"inLanguage\":\"fr-CA\"}]}<\/script>\n<!-- \/ Yoast SEO plugin. -->","yoast_head_json":{"title":"Design Code - Canada (French)","description":"Design Code est la m\u00e9thodologie exclusive de conception centr\u00e9e sur l'humain de BI WORLDWIDE, d\u00e9velopp\u00e9e en int\u00e9grant des techniques et des","robots":{"index":"index","follow":"follow","max-snippet":"max-snippet:-1","max-image-preview":"max-image-preview:large","max-video-preview":"max-video-preview:-1"},"canonical":"https:\/\/www.biworldwide.ca\/fr\/problemes-que-nous-resolvons\/engagement-des-employes\/design-code\/","og_locale":"fr_CA","og_type":"article","og_title":"Design Code - Canada (French)","og_description":"Design Code est la m\u00e9thodologie exclusive de conception centr\u00e9e sur l'humain de BI WORLDWIDE, d\u00e9velopp\u00e9e en int\u00e9grant des techniques et des","og_url":"https:\/\/www.biworldwide.ca\/fr\/problemes-que-nous-resolvons\/engagement-des-employes\/design-code\/","og_site_name":"Canada (French)","article_modified_time":"2025-04-04T18:00:26+00:00","og_image":[{"width":2048,"height":711,"url":"https:\/\/www.biworldwide.ca\/fr\/wp-content\/uploads\/sites\/9\/2025\/04\/designcode-banner-2048x711-1.jpg","type":"image\/jpeg"}],"twitter_card":"summary_large_image","twitter_misc":{"Est. reading time":"3 minutes"},"schema":{"@context":"https:\/\/schema.org","@graph":[{"@type":"WebPage","@id":"https:\/\/www.biworldwide.ca\/fr\/problemes-que-nous-resolvons\/engagement-des-employes\/design-code\/","url":"https:\/\/www.biworldwide.ca\/fr\/problemes-que-nous-resolvons\/engagement-des-employes\/design-code\/","name":"Design Code - Canada (French)","isPartOf":{"@id":"https:\/\/www.biworldwide.ca\/fr\/#website"},"primaryImageOfPage":{"@id":"https:\/\/www.biworldwide.ca\/fr\/problemes-que-nous-resolvons\/engagement-des-employes\/design-code\/#primaryimage"},"image":{"@id":"https:\/\/www.biworldwide.ca\/fr\/problemes-que-nous-resolvons\/engagement-des-employes\/design-code\/#primaryimage"},"thumbnailUrl":"https:\/\/www.biworldwide.ca\/fr\/wp-content\/uploads\/sites\/9\/2025\/04\/designcode-banner-2048x711-1.jpg","datePublished":"2025-04-04T17:56:59+00:00","dateModified":"2025-04-04T18:00:26+00:00","description":"Design Code est la m\u00e9thodologie exclusive de conception centr\u00e9e sur l'humain de BI WORLDWIDE, d\u00e9velopp\u00e9e en int\u00e9grant des techniques et des","breadcrumb":{"@id":"https:\/\/www.biworldwide.ca\/fr\/problemes-que-nous-resolvons\/engagement-des-employes\/design-code\/#breadcrumb"},"inLanguage":"fr-CA","potentialAction":[{"@type":"ReadAction","target":["https:\/\/www.biworldwide.ca\/fr\/problemes-que-nous-resolvons\/engagement-des-employes\/design-code\/"]}]},{"@type":"ImageObject","inLanguage":"fr-CA","@id":"https:\/\/www.biworldwide.ca\/fr\/problemes-que-nous-resolvons\/engagement-des-employes\/design-code\/#primaryimage","url":"https:\/\/www.biworldwide.ca\/fr\/wp-content\/uploads\/sites\/9\/2025\/04\/designcode-banner-2048x711-1.jpg","contentUrl":"https:\/\/www.biworldwide.ca\/fr\/wp-content\/uploads\/sites\/9\/2025\/04\/designcode-banner-2048x711-1.jpg","width":2048,"height":711,"caption":"Une femme, debout et souriante, s'adresse \u00e0 ses coll\u00e8gues assis \u00e0 une table de conf\u00e9rence, pr\u00e8s d'un mur orn\u00e9 de post-its color\u00e9s reprenant des codes de design. Le bureau moderne vibre d'\u00e9nergie, tandis qu'une personne applaudit et que d'autres \u00e9coutent attentivement."},{"@type":"BreadcrumbList","@id":"https:\/\/www.biworldwide.ca\/fr\/problemes-que-nous-resolvons\/engagement-des-employes\/design-code\/#breadcrumb","itemListElement":[{"@type":"ListItem","position":1,"name":"Home","item":"https:\/\/www.biworldwide.ca\/fr\/"},{"@type":"ListItem","position":2,"name":"Probl\u00e8mes que nous r\u00e9solvons","item":"https:\/\/www.biworldwide.ca\/fr\/problemes-que-nous-resolvons\/"},{"@type":"ListItem","position":3,"name":"Engagement des employ\u00e9s","item":"https:\/\/www.biworldwide.ca\/fr\/problemes-que-nous-resolvons\/engagement-des-employes\/"},{"@type":"ListItem","position":4,"name":"Design Code"}]},{"@type":"WebSite","@id":"https:\/\/www.biworldwide.ca\/fr\/#website","url":"https:\/\/www.biworldwide.ca\/fr\/","name":"Canada (French)","description":"","potentialAction":[{"@type":"SearchAction","target":{"@type":"EntryPoint","urlTemplate":"https:\/\/www.biworldwide.ca\/fr\/?s={search_term_string}"},"query-input":{"@type":"PropertyValueSpecification","valueRequired":true,"valueName":"search_term_string"}}],"inLanguage":"fr-CA"}]}},"_links":{"self":[{"href":"https:\/\/www.biworldwide.ca\/fr\/wp-json\/wp\/v2\/pages\/2299","targetHints":{"allow":["GET"]}}],"collection":[{"href":"https:\/\/www.biworldwide.ca\/fr\/wp-json\/wp\/v2\/pages"}],"about":[{"href":"https:\/\/www.biworldwide.ca\/fr\/wp-json\/wp\/v2\/types\/page"}],"author":[{"embeddable":true,"href":"https:\/\/www.biworldwide.ca\/fr\/wp-json\/wp\/v2\/users\/28"}],"replies":[{"embeddable":true,"href":"https:\/\/www.biworldwide.ca\/fr\/wp-json\/wp\/v2\/comments?post=2299"}],"version-history":[{"count":9,"href":"https:\/\/www.biworldwide.ca\/fr\/wp-json\/wp\/v2\/pages\/2299\/revisions"}],"predecessor-version":[{"id":2331,"href":"https:\/\/www.biworldwide.ca\/fr\/wp-json\/wp\/v2\/pages\/2299\/revisions\/2331"}],"up":[{"embeddable":true,"href":"https:\/\/www.biworldwide.ca\/fr\/wp-json\/wp\/v2\/pages\/100"}],"wp:featuredmedia":[{"embeddable":true,"href":"https:\/\/www.biworldwide.ca\/fr\/wp-json\/wp\/v2\/media\/2324"}],"wp:attachment":[{"href":"https:\/\/www.biworldwide.ca\/fr\/wp-json\/wp\/v2\/media?parent=2299"}],"wp:term":[{"taxonomy":"wf_page_folders","embeddable":true,"href":"https:\/\/www.biworldwide.ca\/fr\/wp-json\/wp\/v2\/wf_page_folders?post=2299"}],"curies":[{"name":"wp","href":"https:\/\/api.w.org\/{rel}","templated":true}]}}