{"id":2278,"date":"2025-04-03T16:22:53","date_gmt":"2025-04-03T23:22:53","guid":{"rendered":"https:\/\/www.biworldwide.ca\/fr\/?page_id=2278"},"modified":"2025-04-04T11:15:30","modified_gmt":"2025-04-04T18:15:30","slug":"rewards-adventure","status":"publish","type":"page","link":"https:\/\/www.biworldwide.ca\/fr\/comment-nous-aidons\/concours-et-incitatifs\/rewards-adventure\/","title":{"rendered":"Rewards Adventure"},"content":{"rendered":"<div class=\" has-content-align-left has-overlay has-overlay--dark alignfull wp-block-biw-block-theme-hero\">\n\t<div class=\"biw-hero__grid\">\n\t\t\t\t\t<div class=\"biw-hero__breadcrumbs\">\n\t\t\t\t<div id=\"breadcrumbs\" class=\"breadcrumb-nav__wrapper\"><span class=\"breadcrumb-nav\"><span><a href=\"https:\/\/www.biworldwide.ca\/fr\/\">Home<\/a><\/span><\/span><\/div>\t\t\t<\/div>\n\t\t\n\t\t\t\t\t<div class=\"biw-hero__media \">\n\t\t\t\t\t\t\t\t\t<div class=\"biw-hero__overlay overlay-dark\"><\/div>\n\t\t\t\t\t\t\t\t<img decoding=\"async\" src=\"https:\/\/www.biworldwide.com\/wp-content\/uploads\/2025\/03\/BIW_Site_Hero_Rewards_Adventure.png\" alt=\"A sunlit path winds through a lush, green tropical jungle. Sun rays filter through the dense canopy, illuminating the vibrant foliage and casting dappled light on the trail. Large leaves and ferns line the path, creating a serene, inviting atmosphere.\" class=\"biw-hero__bg-image\" style=\"object-position: 50% 50%;\">\t\t\t<\/div>\n\t\t\t\t<div class=\"biw-hero__content\">\n\t\t\t\t\t\t<h1 class=\"biw-hero__title\" style=\"line-height: 1.2\">\n\t\t\t\tRewards Adventure\t\t\t<\/h1>\n\t\t\t\t\t\t\t\t\t\t<div class=\"biw-hero__text\">\n\t\t\t\t\t\n\n<p>L&rsquo;exp\u00e9rience de r\u00e9compenses dans le domaine du jeu qui vous permet de reconna\u00eetre et r\u00e9compenser les meilleurs performeurs, o\u00f9 qu&rsquo;ils se trouvent, dans une ambiance unique et \u00e9nergique.<\/p>\n\n\t\t\t\t<\/div>\n\t\t\t\t\t\t\t\t<\/div>\n\t<\/div>\n<\/div>\n\n\n\n<div class=\"wp-block-group  layout-columns-8 has-global-padding is-layout-constrained wp-container-core-group-is-layout-fce79bf6 wp-block-group-is-layout-constrained\">\n<div class=\"wp-block-group has-global-padding is-layout-constrained wp-block-group-is-layout-constrained\">\n<p class=\"has-xxl-font-size\"><strong>La puissance du jeu + des r\u00e9compenses.<\/strong><\/p>\n\n\n\n<p>Rewards Adventure est un jeu vid\u00e9o d&rsquo;incitation en ligne con\u00e7u pour motiver, inspirer et honorer les meilleurs performeurs. Lorsque vous avez besoin d&rsquo;une alternative aux rassemblements en personne, Rewards Adventure apporte la c\u00e9l\u00e9bration \u00e0 vos champions.<\/p>\n<\/div>\n\n\n\n<div data-animate=\"true\" data-animation-direction=\"right\" data-child-animation=\"individual\" class=\"wp-block-group alignfull  has-background-angle-to-right bg-angle-action has-global-padding is-layout-constrained wp-container-core-group-is-layout-97ab3c77 wp-block-group-is-layout-constrained\">\n<div class=\"wp-block-group has-text-align-center  layout-columns-8 has-global-padding is-layout-constrained wp-container-core-group-is-layout-ee362a79 wp-block-group-is-layout-constrained\">\n<h2 class=\"wp-block-heading has-text-align-center  has-text-wrap-pretty\">Comment \u00e7a fonctionne ?<\/h2>\n\n\n\n<p class=\" has-text-wrap-balance\"><\/p>\n<\/div>\n\n\n\n<div class=\"wp-block-group  layout-columns-12 has-global-padding is-layout-constrained wp-container-core-group-is-layout-9e09659d wp-block-group-is-layout-constrained\">\n<div class=\"wp-block-group is-layout-grid wp-container-core-group-is-layout-249c2011 wp-block-group-is-layout-grid\"><div class=\" has-dynamic-border-radius has-image-size-cover has-image-radius-none is-style-vertical-no-image wp-block-biw-block-theme-biw-card\">\n\t\t<div class=\"biw-card__content\">\n\t\t<h3 class=\"biw-card__title\">\n\t\t\t\t\t\t\tCourse contre la montre\t\t\t\t\t<\/h3>\n\t\t<div class=\"biw-card__text\">\n\n<p>Les gagnants du programme entrent dans un labyrinthe insulaire et disposent d&rsquo;un temps limit\u00e9 pour parcourir ce monde aventureux et \u00ab\u00a0attraper\u00a0\u00bb autant de r\u00e9compenses ou de points que possible.<\/p>\n\n<\/div>\n\t<\/div>\n\t<\/div>\n\n<div class=\" has-dynamic-border-radius has-image-size-cover has-image-radius-none is-style-vertical-no-image wp-block-biw-block-theme-biw-card\">\n\t\t<div class=\"biw-card__content\">\n\t\t<h3 class=\"biw-card__title\">\n\t\t\t\t\t\t\tPlanifiez \u00e0 l&rsquo;avance\t\t\t\t\t<\/h3>\n\t\t<div class=\"biw-card__text\">\n\n<p>Les gagnants participants recevront une carte et une liste de r\u00e9compenses pour planifier leur itin\u00e9raire \u00e0 l&rsquo;avance, avant d&rsquo;\u00eatre transport\u00e9s dans ce monde rempli de r\u00e9compenses.<\/p>\n\n<\/div>\n\t<\/div>\n\t<\/div>\n\n<div class=\" has-dynamic-border-radius has-image-size-cover has-image-radius-none is-style-vertical-no-image wp-block-biw-block-theme-biw-card\">\n\t\t<div class=\"biw-card__content\">\n\t\t<h3 class=\"biw-card__title\">\n\t\t\t\t\t\t\tPerfectionnez vos comp\u00e9tences\t\t\t\t\t<\/h3>\n\t\t<div class=\"biw-card__text\">\n\n<p>Chaque participant suit \u00e9galement un tutoriel d&rsquo;apprentissage et une ronde de pratique dans le labyrinthe, o\u00f9 une \u00e9quipe d&rsquo;experts les aide \u00e0 se familiariser avec les commandes du jeu et \u00e0 naviguer sur le parcours des r\u00e9compenses souhait\u00e9es.<\/p>\n\n<\/div>\n\t<\/div>\n\t<\/div>\n\n<div class=\" has-dynamic-border-radius has-image-size-cover has-image-radius-none is-style-vertical-no-image wp-block-biw-block-theme-biw-card\">\n\t\t<div class=\"biw-card__content\">\n\t\t<h3 class=\"biw-card__title\">\n\t\t\t\t\t\t\tRecevez des r\u00e9compenses et une reconnaissance en temps r\u00e9el\t\t\t\t\t<\/h3>\n\t\t<div class=\"biw-card__text\">\n\n<p>Lors de l\u2019\u00e9v\u00e9nement en direct, amis, famille et coll\u00e8gues peuvent regarder, interagir et encourager le gagnant tandis qu\u2019il parcourt le labyrinthe en collectant des r\u00e9compenses !<\/p>\n\n<\/div>\n\t<\/div>\n\t<\/div><\/div>\n<\/div>\n<span class='background-angle-wrapper'><svg fill='none' viewBox='0 0 1728 699' xmlns='http:\/\/www.w3.org\/2000\/svg'><path d='M1728 0H0V294.923L1728 698.43V0Z' fill='url(#69d9bad31dcbd)'\/><defs><linearGradient id='69d9bad31dcbd' x1='1738.8' x2='1701' y1='717.27' y2='15.023' gradientUnits='userSpaceOnUse'><stop stop-color='#6D28D9' stop-opacity='.3' offset='0'\/><stop stop-color='#6D28D9' stop-opacity='0' offset='1'\/><\/linearGradient><\/defs><\/svg><\/span><\/div><\/div>\n\n\n\n<div class=\"wp-block-group alignfull has-global-padding is-layout-constrained wp-container-core-group-is-layout-97ab3c77 wp-block-group-is-layout-constrained\">\n<div class=\"wp-block-group has-text-align-center  layout-columns-8 has-global-padding is-layout-constrained wp-container-core-group-is-layout-ee362a79 wp-block-group-is-layout-constrained\">\n<h2 class=\"wp-block-heading has-text-align-center  has-text-wrap-pretty\">D\u00e9couvrez quelques-unes de nos autres solutions de concours et d&rsquo;incitation<\/h2>\n\n\n\n<p class=\" has-text-wrap-balance\"><\/p>\n<\/div>\n\n\n\n<div data-animate=\"true\" data-animation-direction=\"left\" data-child-animation=\"individual\" class=\"wp-block-group  layout-columns-12 has-global-padding is-layout-constrained wp-container-core-group-is-layout-9e09659d wp-block-group-is-layout-constrained\">\n<div class=\"wp-block-group is-layout-grid wp-container-core-group-is-layout-c765d3c1 wp-block-group-is-layout-grid\"><div class=\" has-dynamic-border-radius has-link has-image-size-cover has-image-radius-none is-style-default wp-block-biw-block-theme-biw-card\">\n\t\t\t<figure class=\"biw-card__image-wrapper \">\n\t\t\t<img decoding=\"async\" src=\"https:\/\/www.biworldwide.com\/wp-content\/uploads\/2025\/02\/WarehouseWindfall-1728x450-1.jpg\" alt=\"A blurry image of a warehouse aisle with stacked cardboard boxes on a moving cart. The background is filled with shelves containing various packages, suggesting fast movement.\" class=\"biw-card__image\" style=\"object-position: 50% 50%;\">\t\t<\/figure>\n\t\t<div class=\"biw-card__content\">\n\t\t<h3 class=\"biw-card__title\">\n\t\t\t\t\t\t\t<a href=\"https:\/\/www.biworldwide.ca\/fr\/comment-nous-aidons\/concours-et-incitatifs\/warehouse-windfall\/\" >\n\t\t\t\tWarehouse Windfall\t\t\t\t<\/a>\n\t\t\t\t\t<\/h3>\n\t\t<div class=\"biw-card__text\">\n\n<p>\u00c9levez les incitations de vente pour les meilleurs performeurs \u00e0 un niveau sup\u00e9rieur avec le Warehouse Windfall. Motivez votre force de vente avec l\u2019opportunit\u00e9 unique de parcourir un entrep\u00f4t rempli de marchandises haut de gamme.<\/p>\n\n<\/div>\n\t<\/div>\n\t\t\t<span class=\"biw-card__cta\">En savoir plus<\/span>\n\t<\/div>\n\n<div class=\" has-dynamic-border-radius has-link has-image-size-cover has-image-radius-none is-style-default wp-block-biw-block-theme-biw-card\">\n\t\t\t<figure class=\"biw-card__image-wrapper \">\n\t\t\t<img decoding=\"async\" src=\"https:\/\/www.biworldwide.com\/wp-content\/uploads\/2025\/03\/windfall-vr-featured-image-scaled-1.png\" alt=\"A person wearing a virtual reality headset is shown in profile against a background of glowing purple and blue cubes. The person is dressed in a black leather jacket, and the scene is accented with sparkles.\" class=\"biw-card__image\" style=\"object-position: 50% 50%;\">\t\t<\/figure>\n\t\t<div class=\"biw-card__content\">\n\t\t<h3 class=\"biw-card__title\">\n\t\t\t\t\t\t\t<a href=\"https:\/\/www.biworldwide.ca\/fr\/comment-nous-aidons\/concours-et-incitatifs\/windfall-vr\/\" >\n\t\t\t\tWindfall VR\t\t\t\t<\/a>\n\t\t\t\t\t<\/h3>\n\t\t<div class=\"biw-card__text\">\n\n<p>Vos \u00e9quipes peuvent vivre notre r\u00e9compense la plus inspirante o\u00f9 qu&rsquo;elles soient et \u00e0 tout moment, gr\u00e2ce \u00e0 une version en r\u00e9alit\u00e9 virtuelle de notre l\u00e9gendaire exp\u00e9rience Windfall VR.<\/p>\n\n<\/div>\n\t<\/div>\n\t\t\t<span class=\"biw-card__cta\">En savoir plus<\/span>\n\t<\/div>\n\n<div class=\" has-dynamic-border-radius has-link has-image-size-cover has-image-radius-none is-style-default wp-block-biw-block-theme-biw-card\">\n\t\t\t<figure class=\"biw-card__image-wrapper \">\n\t\t\t<img decoding=\"async\" src=\"https:\/\/www.biworldwide.com\/wp-content\/uploads\/2025\/03\/game-arcade-featured-image.png\" alt=\"A stylized illustration of a purple hand gripping a white game controller against a dark blue background. Geometric shapes float around, with a gradient of purple and blue light illuminating the scene.\" class=\"biw-card__image\" style=\"object-position: 50% 50%;\">\t\t<\/figure>\n\t\t<div class=\"biw-card__content\">\n\t\t<h3 class=\"biw-card__title\">\n\t\t\t\t\t\t\t<a href=\"https:\/\/www.biworldwide.ca\/fr\/comment-nous-aidons\/concours-et-incitatifs\/game-arcade\/\" >\n\t\t\t\tGame Arcade\t\t\t\t<\/a>\n\t\t\t\t\t<\/h3>\n\t\t<div class=\"biw-card__text\">\n\n<p>Que vous cherchiez \u00e0 renforcer les comportements qui stimulent votre entreprise ou \u00e0 reconna\u00eetre des objectifs sp\u00e9cifiques atteints, Game Arcade est une mani\u00e8re simple et amusante de r\u00e9compenser les performances exceptionnelles de vos \u00e9quipes de vente.<\/p>\n\n<\/div>\n\t<\/div>\n\t\t\t<span class=\"biw-card__cta\">En savoir plus<\/span>\n\t<\/div><\/div>\n<\/div>\n<\/div>\n\n\n\n<p><\/p>\n","protected":false},"excerpt":{"rendered":"<p>La puissance du jeu + des r\u00e9compenses. Rewards Adventure est un jeu vid\u00e9o d&rsquo;incitation en ligne con\u00e7u pour motiver, inspirer et honorer les meilleurs performeurs. Lorsque vous avez besoin d&rsquo;une alternative aux rassemblements en personne, Rewards Adventure apporte la c\u00e9l\u00e9bration \u00e0 vos champions. Comment \u00e7a fonctionne ? D\u00e9couvrez quelques-unes de nos autres solutions de concours [&hellip;]<\/p>\n","protected":false},"author":28,"featured_media":1697,"parent":110,"menu_order":0,"comment_status":"closed","ping_status":"closed","template":"","meta":{"featured_image_focal_point":{"x":0.5,"y":0.5},"footnotes":""},"wf_page_folders":[],"class_list":["post-2278","page","type-page","status-publish","has-post-thumbnail","hentry"],"yoast_head":"<!-- This site is optimized with the Yoast SEO plugin v26.2 - https:\/\/yoast.com\/wordpress\/plugins\/seo\/ -->\n<title>Rewards Adventure - Canada (French)<\/title>\n<meta name=\"description\" content=\"La puissance du jeu + des r\u00e9compenses. Rewards Adventure est un jeu vid\u00e9o d&#039;incitation en ligne con\u00e7u pour motiver, inspirer et honorer les\" \/>\n<meta name=\"robots\" content=\"index, follow, max-snippet:-1, max-image-preview:large, max-video-preview:-1\" \/>\n<link rel=\"canonical\" href=\"https:\/\/www.biworldwide.ca\/fr\/comment-nous-aidons\/concours-et-incitatifs\/rewards-adventure\/\" \/>\n<meta property=\"og:locale\" content=\"fr_CA\" \/>\n<meta property=\"og:type\" content=\"article\" \/>\n<meta property=\"og:title\" content=\"Rewards Adventure - Canada (French)\" \/>\n<meta property=\"og:description\" content=\"La puissance du jeu + des r\u00e9compenses. Rewards Adventure est un jeu vid\u00e9o d&#039;incitation en ligne con\u00e7u pour motiver, inspirer et honorer les\" \/>\n<meta property=\"og:url\" content=\"https:\/\/www.biworldwide.ca\/fr\/comment-nous-aidons\/concours-et-incitatifs\/rewards-adventure\/\" \/>\n<meta property=\"og:site_name\" content=\"Canada (French)\" \/>\n<meta property=\"article:modified_time\" content=\"2025-04-04T18:15:30+00:00\" \/>\n<meta property=\"og:image\" content=\"https:\/\/www.biworldwide.com\/wp-content\/uploads\/2025\/03\/Rewards_Adventure_Share_Image.png\" \/>\n\t<meta property=\"og:image:width\" content=\"1300\" \/>\n\t<meta property=\"og:image:height\" content=\"732\" \/>\n\t<meta property=\"og:image:type\" content=\"image\/png\" \/>\n<meta name=\"twitter:card\" content=\"summary_large_image\" \/>\n<meta name=\"twitter:label1\" content=\"Est. reading time\" \/>\n\t<meta name=\"twitter:data1\" content=\"2 minutes\" \/>\n<script type=\"application\/ld+json\" class=\"yoast-schema-graph\">{\"@context\":\"https:\/\/schema.org\",\"@graph\":[{\"@type\":\"WebPage\",\"@id\":\"https:\/\/www.biworldwide.ca\/fr\/comment-nous-aidons\/concours-et-incitatifs\/rewards-adventure\/\",\"url\":\"https:\/\/www.biworldwide.ca\/fr\/comment-nous-aidons\/concours-et-incitatifs\/rewards-adventure\/\",\"name\":\"Rewards Adventure - Canada (French)\",\"isPartOf\":{\"@id\":\"https:\/\/www.biworldwide.ca\/fr\/#website\"},\"primaryImageOfPage\":{\"@id\":\"https:\/\/www.biworldwide.ca\/fr\/comment-nous-aidons\/concours-et-incitatifs\/rewards-adventure\/#primaryimage\"},\"image\":{\"@id\":\"https:\/\/www.biworldwide.ca\/fr\/comment-nous-aidons\/concours-et-incitatifs\/rewards-adventure\/#primaryimage\"},\"thumbnailUrl\":\"https:\/\/www.biworldwide.com\/wp-content\/uploads\/2025\/03\/Rewards_Adventure_Share_Image.png\",\"datePublished\":\"2025-04-03T23:22:53+00:00\",\"dateModified\":\"2025-04-04T18:15:30+00:00\",\"description\":\"La puissance du jeu + des r\u00e9compenses. Rewards Adventure est un jeu vid\u00e9o d'incitation en ligne con\u00e7u pour motiver, inspirer et honorer les\",\"breadcrumb\":{\"@id\":\"https:\/\/www.biworldwide.ca\/fr\/comment-nous-aidons\/concours-et-incitatifs\/rewards-adventure\/#breadcrumb\"},\"inLanguage\":\"fr-CA\",\"potentialAction\":[{\"@type\":\"ReadAction\",\"target\":[\"https:\/\/www.biworldwide.ca\/fr\/comment-nous-aidons\/concours-et-incitatifs\/rewards-adventure\/\"]}]},{\"@type\":\"ImageObject\",\"inLanguage\":\"fr-CA\",\"@id\":\"https:\/\/www.biworldwide.ca\/fr\/comment-nous-aidons\/concours-et-incitatifs\/rewards-adventure\/#primaryimage\",\"url\":\"https:\/\/www.biworldwide.com\/wp-content\/uploads\/2025\/03\/Rewards_Adventure_Share_Image.png\",\"contentUrl\":\"https:\/\/www.biworldwide.com\/wp-content\/uploads\/2025\/03\/Rewards_Adventure_Share_Image.png\",\"caption\":\"A narrow dirt path winds through a lush, sun-dappled jungle. Sunlight filters through tall palm trees and dense foliage, casting a warm, golden glow. The greenery is vibrant, with various tropical plants lining the path.\"},{\"@type\":\"BreadcrumbList\",\"@id\":\"https:\/\/www.biworldwide.ca\/fr\/comment-nous-aidons\/concours-et-incitatifs\/rewards-adventure\/#breadcrumb\",\"itemListElement\":[{\"@type\":\"ListItem\",\"position\":1,\"name\":\"Home\",\"item\":\"https:\/\/www.biworldwide.ca\/fr\/\"},{\"@type\":\"ListItem\",\"position\":2,\"name\":\"Comment nous aidons\",\"item\":\"https:\/\/www.biworldwide.ca\/fr\/comment-nous-aidons\/\"},{\"@type\":\"ListItem\",\"position\":3,\"name\":\"Concours et incitatifs\",\"item\":\"https:\/\/www.biworldwide.ca\/fr\/comment-nous-aidons\/concours-et-incitatifs\/\"},{\"@type\":\"ListItem\",\"position\":4,\"name\":\"Rewards Adventure\"}]},{\"@type\":\"WebSite\",\"@id\":\"https:\/\/www.biworldwide.ca\/fr\/#website\",\"url\":\"https:\/\/www.biworldwide.ca\/fr\/\",\"name\":\"Canada (French)\",\"description\":\"\",\"potentialAction\":[{\"@type\":\"SearchAction\",\"target\":{\"@type\":\"EntryPoint\",\"urlTemplate\":\"https:\/\/www.biworldwide.ca\/fr\/?s={search_term_string}\"},\"query-input\":{\"@type\":\"PropertyValueSpecification\",\"valueRequired\":true,\"valueName\":\"search_term_string\"}}],\"inLanguage\":\"fr-CA\"}]}<\/script>\n<!-- \/ Yoast SEO plugin. -->","yoast_head_json":{"title":"Rewards Adventure - Canada (French)","description":"La puissance du jeu + des r\u00e9compenses. Rewards Adventure est un jeu vid\u00e9o d'incitation en ligne con\u00e7u pour motiver, inspirer et honorer les","robots":{"index":"index","follow":"follow","max-snippet":"max-snippet:-1","max-image-preview":"max-image-preview:large","max-video-preview":"max-video-preview:-1"},"canonical":"https:\/\/www.biworldwide.ca\/fr\/comment-nous-aidons\/concours-et-incitatifs\/rewards-adventure\/","og_locale":"fr_CA","og_type":"article","og_title":"Rewards Adventure - Canada (French)","og_description":"La puissance du jeu + des r\u00e9compenses. Rewards Adventure est un jeu vid\u00e9o d'incitation en ligne con\u00e7u pour motiver, inspirer et honorer les","og_url":"https:\/\/www.biworldwide.ca\/fr\/comment-nous-aidons\/concours-et-incitatifs\/rewards-adventure\/","og_site_name":"Canada (French)","article_modified_time":"2025-04-04T18:15:30+00:00","og_image":[{"url":"https:\/\/www.biworldwide.com\/wp-content\/uploads\/2025\/03\/Rewards_Adventure_Share_Image.png","width":1300,"height":732,"type":"image\/png"}],"twitter_card":"summary_large_image","twitter_misc":{"Est. reading time":"2 minutes"},"schema":{"@context":"https:\/\/schema.org","@graph":[{"@type":"WebPage","@id":"https:\/\/www.biworldwide.ca\/fr\/comment-nous-aidons\/concours-et-incitatifs\/rewards-adventure\/","url":"https:\/\/www.biworldwide.ca\/fr\/comment-nous-aidons\/concours-et-incitatifs\/rewards-adventure\/","name":"Rewards Adventure - Canada (French)","isPartOf":{"@id":"https:\/\/www.biworldwide.ca\/fr\/#website"},"primaryImageOfPage":{"@id":"https:\/\/www.biworldwide.ca\/fr\/comment-nous-aidons\/concours-et-incitatifs\/rewards-adventure\/#primaryimage"},"image":{"@id":"https:\/\/www.biworldwide.ca\/fr\/comment-nous-aidons\/concours-et-incitatifs\/rewards-adventure\/#primaryimage"},"thumbnailUrl":"https:\/\/www.biworldwide.com\/wp-content\/uploads\/2025\/03\/Rewards_Adventure_Share_Image.png","datePublished":"2025-04-03T23:22:53+00:00","dateModified":"2025-04-04T18:15:30+00:00","description":"La puissance du jeu + des r\u00e9compenses. Rewards Adventure est un jeu vid\u00e9o d'incitation en ligne con\u00e7u pour motiver, inspirer et honorer les","breadcrumb":{"@id":"https:\/\/www.biworldwide.ca\/fr\/comment-nous-aidons\/concours-et-incitatifs\/rewards-adventure\/#breadcrumb"},"inLanguage":"fr-CA","potentialAction":[{"@type":"ReadAction","target":["https:\/\/www.biworldwide.ca\/fr\/comment-nous-aidons\/concours-et-incitatifs\/rewards-adventure\/"]}]},{"@type":"ImageObject","inLanguage":"fr-CA","@id":"https:\/\/www.biworldwide.ca\/fr\/comment-nous-aidons\/concours-et-incitatifs\/rewards-adventure\/#primaryimage","url":"https:\/\/www.biworldwide.com\/wp-content\/uploads\/2025\/03\/Rewards_Adventure_Share_Image.png","contentUrl":"https:\/\/www.biworldwide.com\/wp-content\/uploads\/2025\/03\/Rewards_Adventure_Share_Image.png","caption":"A narrow dirt path winds through a lush, sun-dappled jungle. Sunlight filters through tall palm trees and dense foliage, casting a warm, golden glow. The greenery is vibrant, with various tropical plants lining the path."},{"@type":"BreadcrumbList","@id":"https:\/\/www.biworldwide.ca\/fr\/comment-nous-aidons\/concours-et-incitatifs\/rewards-adventure\/#breadcrumb","itemListElement":[{"@type":"ListItem","position":1,"name":"Home","item":"https:\/\/www.biworldwide.ca\/fr\/"},{"@type":"ListItem","position":2,"name":"Comment nous aidons","item":"https:\/\/www.biworldwide.ca\/fr\/comment-nous-aidons\/"},{"@type":"ListItem","position":3,"name":"Concours et incitatifs","item":"https:\/\/www.biworldwide.ca\/fr\/comment-nous-aidons\/concours-et-incitatifs\/"},{"@type":"ListItem","position":4,"name":"Rewards Adventure"}]},{"@type":"WebSite","@id":"https:\/\/www.biworldwide.ca\/fr\/#website","url":"https:\/\/www.biworldwide.ca\/fr\/","name":"Canada (French)","description":"","potentialAction":[{"@type":"SearchAction","target":{"@type":"EntryPoint","urlTemplate":"https:\/\/www.biworldwide.ca\/fr\/?s={search_term_string}"},"query-input":{"@type":"PropertyValueSpecification","valueRequired":true,"valueName":"search_term_string"}}],"inLanguage":"fr-CA"}]}},"_links":{"self":[{"href":"https:\/\/www.biworldwide.ca\/fr\/wp-json\/wp\/v2\/pages\/2278","targetHints":{"allow":["GET"]}}],"collection":[{"href":"https:\/\/www.biworldwide.ca\/fr\/wp-json\/wp\/v2\/pages"}],"about":[{"href":"https:\/\/www.biworldwide.ca\/fr\/wp-json\/wp\/v2\/types\/page"}],"author":[{"embeddable":true,"href":"https:\/\/www.biworldwide.ca\/fr\/wp-json\/wp\/v2\/users\/28"}],"replies":[{"embeddable":true,"href":"https:\/\/www.biworldwide.ca\/fr\/wp-json\/wp\/v2\/comments?post=2278"}],"version-history":[{"count":5,"href":"https:\/\/www.biworldwide.ca\/fr\/wp-json\/wp\/v2\/pages\/2278\/revisions"}],"predecessor-version":[{"id":2291,"href":"https:\/\/www.biworldwide.ca\/fr\/wp-json\/wp\/v2\/pages\/2278\/revisions\/2291"}],"up":[{"embeddable":true,"href":"https:\/\/www.biworldwide.ca\/fr\/wp-json\/wp\/v2\/pages\/110"}],"wp:featuredmedia":[{"embeddable":true,"href":"https:\/\/www.biworldwide.ca\/fr\/wp-json\/wp\/v2\/media\/1697"}],"wp:attachment":[{"href":"https:\/\/www.biworldwide.ca\/fr\/wp-json\/wp\/v2\/media?parent=2278"}],"wp:term":[{"taxonomy":"wf_page_folders","embeddable":true,"href":"https:\/\/www.biworldwide.ca\/fr\/wp-json\/wp\/v2\/wf_page_folders?post=2278"}],"curies":[{"name":"wp","href":"https:\/\/api.w.org\/{rel}","templated":true}]}}