{"id":1965,"date":"2025-03-28T16:56:18","date_gmt":"2025-03-28T23:56:18","guid":{"rendered":"https:\/\/www.biworldwide.ca\/fr\/?page_id=1965"},"modified":"2025-04-02T15:25:47","modified_gmt":"2025-04-02T22:25:47","slug":"avantages","status":"publish","type":"page","link":"https:\/\/www.biworldwide.ca\/fr\/a-propos-de-nous\/avantages\/","title":{"rendered":"Avantages"},"content":{"rendered":"<div class=\" has-content-align-left has-overlay has-overlay--dark alignfull wp-block-biw-block-theme-hero\">\n\t<div class=\"biw-hero__grid\">\n\t\t\t\t\t<div class=\"biw-hero__breadcrumbs\">\n\t\t\t\t<div id=\"breadcrumbs\" class=\"breadcrumb-nav__wrapper\"><span class=\"breadcrumb-nav\"><span><a href=\"https:\/\/www.biworldwide.ca\/fr\/\">Home<\/a><\/span><\/span><\/div>\t\t\t<\/div>\n\t\t\n\t\t\t\t\t<div class=\"biw-hero__media \">\n\t\t\t\t\t\t\t\t\t<div class=\"biw-hero__overlay overlay-dark\"><\/div>\n\t\t\t\t\t\t\t\t<img decoding=\"async\" src=\"http:\/\/live-biw-main.pantheonsite.io\/wp-content\/uploads\/2025\/03\/BENEFITS-1728x600px.jpg\" alt=\"Hands stacking wooden blocks with various icons representing business concepts like targets, growth, teamwork, and innovation. At the pinnacle is a block labeled Benefits, underscoring the ultimate advantage. The background fades smoothly from black to green, highlighting prosperous aspirations.\" class=\"biw-hero__bg-image\" style=\"object-position: 50% 50%;\">\t\t\t<\/div>\n\t\t\t\t<div class=\"biw-hero__content\">\n\t\t\t\t\t\t<h1 class=\"biw-hero__title\" style=\"line-height: 1.2\">\n\t\t\t\tAvantages\t\t\t<\/h1>\n\t\t\t\t\t\t\t<h2 class=\"biw-hero__subtitle\">\n\t\t\t\t\tAu-del\u00e0 du ch\u00e8que de paie.\t\t\t\t<\/h2>\n\t\t\t\t\t\t\t\t\t\t<div class=\"biw-hero__text\">\n\t\t\t\t\t\n\n<p>Nous aidons les entreprises \u00e0 r\u00e9compenser et reconna\u00eetre leurs employ\u00e9s. Et nous ne faisons pas exception.<br><a href=\"https:\/\/www.biworldwide.com\/careers\/benefits-page\/#below-hero\"><\/a><\/p>\n\n\t\t\t\t<\/div>\n\t\t\t\t\t\t\t\t<\/div>\n\t<\/div>\n<\/div>\n\n\n\n<details class=\"wp-block-details is-layout-flow wp-block-details-is-layout-flow\"><summary>Partage des b\u00e9n\u00e9fices<\/summary>\n<p>Pour les associ\u00e9s ne b\u00e9n\u00e9ficiant pas de plans de primes individuels, BIW partage son succ\u00e8s sous forme de prime discr\u00e9tionnaire. Le partage des b\u00e9n\u00e9fices est bas\u00e9 sur trois facteurs : la dur\u00e9e d&#8217;emploi chez BIW, le salaire admissible et le succ\u00e8s de BIW.<\/p>\n<\/details>\n\n\n\n<details class=\"wp-block-details is-layout-flow wp-block-details-is-layout-flow\"><summary>Soins de sant\u00e9 provinciaux et compl\u00e9mentaires<\/summary>\n<p>Franchise de 10 $ par ordonnance (g\u00e9n\u00e9rique)<\/p>\n\n\n\n<p>Coassurance : 100 % au Canada, 100 % pour les urgences hors province\/Canada (60 jours), 100 % pour les m\u00e9dicaments, carte de paiement direct pour les m\u00e9dicaments, 100 % pour l&rsquo;h\u00f4pital en chambre semi-priv\u00e9e, 100 % pour les autres, soins param\u00e9dicaux soumis \u00e0 un maximum de 500 $ par an par praticien.<\/p>\n<\/details>\n\n\n\n<details class=\"wp-block-details is-layout-flow wp-block-details-is-layout-flow\"><summary>Soins dentaires<\/summary>\n<p>Aucune franchise ne s&rsquo;applique. Coassurance : 80 % pour les services de base avec rappel tous les 6 mois, 50 % pour les services de restauration majeure, 50 % pour les services d&rsquo;orthodontie. Prestations maximales : 1 500 $ maximum annuel combin\u00e9 pour les services de base et les services de restauration majeure.<\/p>\n\n\n\n<p>2 000 $ maximum \u00e0 vie pour les services d&rsquo;orthodontie pour les enfants \u00e0 charge.&nbsp; &nbsp; &nbsp; &nbsp; &nbsp; &nbsp; &nbsp; &nbsp; &nbsp; &nbsp; &nbsp; &nbsp; &nbsp; &nbsp;<\/p>\n<\/details>\n\n\n\n<details class=\"wp-block-details is-layout-flow wp-block-details-is-layout-flow\"><summary>Soins de la vue<\/summary>\n<p>200 $ \/24 mois &#8211; Remboursement \u00e0 100 %.<\/p>\n<\/details>\n\n\n\n<details class=\"wp-block-details is-layout-flow wp-block-details-is-layout-flow\"><summary>Assurance vie<\/summary>\n<p>BI WORLDWIDE offre une assurance vie de base et une assurance d\u00e9c\u00e8s et mutilation accidentels \u00e0 2,0 fois les revenus annuels, arrondis au millier de dollars sup\u00e9rieur (si ce n&rsquo;est pas d\u00e9j\u00e0 un multiple). Le montant maximal de l&rsquo;assurance vie est de 150 000 $. Le montant maximal sans preuve est de 100 000 $.<\/p>\n<\/details>\n\n\n\n<details class=\"wp-block-details is-layout-flow wp-block-details-is-layout-flow\"><summary>Assurance vie pour personnes \u00e0 charge<\/summary>\n<p>BI WORLDWIDE offre une assurance vie pour votre conjoint d&rsquo;une valeur de 10 000 $ et pour vos enfants d&rsquo;une valeur de 5 000 $. En tant qu&rsquo;associ\u00e9, vous \u00eates le b\u00e9n\u00e9ficiaire, et l&rsquo;assurance est payable en cas de d\u00e9c\u00e8s d&rsquo;une personne \u00e0 charge.<\/p>\n<\/details>\n\n\n\n<details class=\"wp-block-details is-layout-flow wp-block-details-is-layout-flow\"><summary>Invalidit\u00e9 de courte dur\u00e9e (Plan d&rsquo;indemnit\u00e9 hebdomadaire)<\/summary>\n<p>La couverture d&rsquo;indemnit\u00e9 hebdomadaire vous prot\u00e8ge en cas de maladie ou de blessure qui vous emp\u00eache de travailler pendant une p\u00e9riode prolong\u00e9e. Le b\u00e9n\u00e9fice commence apr\u00e8s 7 jours d&rsquo;absence et vous fournit 60 % de votre salaire habituel (jusqu&rsquo;\u00e0 1 000 $\/semaine) et peut durer jusqu&rsquo;\u00e0 17 semaines. Ce b\u00e9n\u00e9fice est pay\u00e9 par l&rsquo;associ\u00e9 via une d\u00e9duction salariale; le co\u00fbt d\u00e9pend de votre salaire et de votre \u00e2ge.<\/p>\n<\/details>\n\n\n\n<details class=\"wp-block-details is-layout-flow wp-block-details-is-layout-flow\"><summary>Invalidit\u00e9 de longue dur\u00e9e<\/summary>\n<p>La couverture d&rsquo;invalidit\u00e9 de longue dur\u00e9e vous prot\u00e8ge en cas de maladie ou de blessure vous emp\u00eachant de travailler pendant une longue p\u00e9riode. Les prestations commencent apr\u00e8s 17 semaines d&rsquo;incapacit\u00e9 de travail et fournissent 66 % de votre salaire habituel (jusqu&rsquo;\u00e0 7 500 $). Ce b\u00e9n\u00e9fice est pay\u00e9 par l&rsquo;associ\u00e9 via une d\u00e9duction salariale; le co\u00fbt d\u00e9pend de votre salaire et de votre \u00e2ge.<\/p>\n<\/details>\n\n\n\n<details class=\"wp-block-details is-layout-flow wp-block-details-is-layout-flow\"><summary>Points de r\u00e9compense<\/summary>\n<p>Les points de r\u00e9compense accumul\u00e9s peuvent \u00eatre \u00e9chang\u00e9s contre des marchandises, des voyages, des billets d&rsquo;\u00e9v\u00e9nements et bien plus encore.<\/p>\n<\/details>\n\n\n\n<details class=\"wp-block-details is-layout-flow wp-block-details-is-layout-flow\"><summary>\u00c9v\u00e9nements pour les associ\u00e9s<\/summary>\n<p>Tout au long de l&rsquo;ann\u00e9e, BIW organise des \u00e9v\u00e9nements pour ses associ\u00e9s.<\/p>\n<\/details>\n\n\n\n<details class=\"wp-block-details is-layout-flow wp-block-details-is-layout-flow\"><summary>Syst\u00e8me de reconnaissance sociale et d&rsquo;incitation Bravo<\/summary>\n<p>Bravo est le syst\u00e8me de reconnaissance sociale et d&rsquo;incitation de BIW, utilis\u00e9 par tous les associ\u00e9s pour se reconna\u00eetre mutuellement pour diverses actions soutenant notre travail aupr\u00e8s des clients et incarnant nos valeurs. La reconnaissance peut inclure des points de r\u00e9compense ou des participations \u00e0 des tirages au sort.<\/p>\n<\/details>\n\n\n\n<details class=\"wp-block-details is-layout-flow wp-block-details-is-layout-flow\"><summary>Code vestimentaire<\/summary>\n<p>Les associ\u00e9s peuvent porter des jeans au travail tous les jours. Cependant, nous nous habillons en tenue de ville ou en tenue d\u00e9contract\u00e9e professionnelle lors des entretiens, des r\u00e9unions avec les fournisseurs\/vendeurs ou des r\u00e9unions avec les clients, que ce soit \u00e0 l&rsquo;ext\u00e9rieur ou \u00e0 l&rsquo;int\u00e9rieur de BIW.<\/p>\n<\/details>\n\n\n\n<details class=\"wp-block-details is-layout-flow wp-block-details-is-layout-flow\"><summary>PURL\u2122 de reconnaissance<\/summary>\n<p>Implique vos coll\u00e8gues, votre famille et vos amis pour partager des commentaires, des photos et des vid\u00e9os afin de personnaliser la c\u00e9l\u00e9bration de votre anniversaire marquant avec BIW.<\/p>\n<\/details>\n\n\n\n<details class=\"wp-block-details is-layout-flow wp-block-details-is-layout-flow\"><summary>Condition physique, sant\u00e9 et d\u00e9veloppement personnel<\/summary>\n<p>BI WORLDWIDE vous remboursera jusqu&rsquo;\u00e0 350 $ pour les frais d&rsquo;abonnement \u00e0 un club de sant\u00e9, le pilates, le yoga, le d\u00e9veloppement personnel et l&rsquo;\u00e9ducation.<\/p>\n<\/details>\n\n\n\n<details class=\"wp-block-details is-layout-flow wp-block-details-is-layout-flow\"><summary>Jours f\u00e9ri\u00e9s<\/summary>\n<p>BI WORLDWIDE Canada c\u00e9l\u00e8bre les jours f\u00e9ri\u00e9s pay\u00e9s en fonction de la province.<\/p>\n\n\n\n<figure class=\"wp-block-table\"><table class=\"has-fixed-layout\"><tbody><tr><td><strong>Jour f\u00e9ri\u00e9 pay\u00e9<\/strong><\/td><td><strong>Colombie-Britannique<\/strong><\/td><td><strong>Ontario<\/strong><strong><\/strong><\/td><\/tr><tr><td>Jour de l&rsquo;An<\/td><td>Oui<\/td><td>Oui<\/td><\/tr><tr><td>Jour de la Famille<\/td><td>Oui<\/td><td>Oui<\/td><\/tr><tr><td>Vendredi saint<\/td><td>Oui<\/td><td>Oui<\/td><\/tr><tr><td>F\u00eate de la Reine<\/td><td>Oui<\/td><td>Oui<\/td><\/tr><tr><td>F\u00eate du Canada<\/td><td>Oui<\/td><td>Oui<\/td><\/tr><tr><td>F\u00eate civique<\/td><td>Oui<\/td><td>Oui<\/td><\/tr><tr><td>F\u00eate du Travail<\/td><td>Oui<\/td><td>Oui<\/td><\/tr><tr><td>Jour de la R\u00e9conciliation<\/td><td>Oui<\/td><td>Non<\/td><\/tr><tr><td>Jour de l&rsquo;Action de gr\u00e2ce<\/td><td>Oui<\/td><td>Oui<\/td><\/tr><tr><td>Jour du Souvenir<\/td><td>Oui<\/td><td>Oui<\/td><\/tr><tr><td>Jour de No\u00ebl<\/td><td>Oui<\/td><td>Oui<\/td><\/tr><tr><td>Lendemain de No\u00ebl<\/td><td>Oui<\/td><td>Oui<\/td><\/tr><\/tbody><\/table><\/figure>\n<\/details>\n\n\n\n<details class=\"wp-block-details is-layout-flow wp-block-details-is-layout-flow\"><summary>Jours de vacances<\/summary>\n<p>Les Associ\u00e9s r\u00e9guliers \u00e0 temps plein (exempt\u00e9s et non exempt\u00e9s) accumuleront des jours de vacances en fonction de leurs ann\u00e9es de service chez BIW Canada, selon le bar\u00e8me suivant :<\/p>\n\n\n\n<p>10 jours dans la premi\u00e8re ann\u00e9e d&#8217;emploi<\/p>\n\n\n\n<p>15 jours apr\u00e8s 1 an de service continu<\/p>\n\n\n\n<p>17 jours apr\u00e8s 5 ans de service continu<\/p>\n\n\n\n<p>19 jours apr\u00e8s 10 ans de service continu<\/p>\n\n\n\n<p>21 jours apr\u00e8s 15 ans de service continu<\/p>\n\n\n\n<p>23 jours apr\u00e8s 20 ans de service continu<\/p>\n\n\n\n<p>25 jours apr\u00e8s 25 ans de service continu<\/p>\n<\/details>\n\n\n\n<details class=\"wp-block-details is-layout-flow wp-block-details-is-layout-flow\"><summary>Jours personnels<\/summary>\n<p>Fournir aux Associ\u00e9s des cong\u00e9s pay\u00e9s \u00e0 utiliser \u00e0 leur discr\u00e9tion pour des urgences familiales, des cong\u00e9s maladie pour eux-m\u00eames ou des membres de leur famille, des affaires personnelles, ou des rendez-vous m\u00e9dicaux\/dentaires, etc.<\/p>\n\n\n\n<p>Les Associ\u00e9s accumulent cinq (5) jours personnels par an, au rythme de 3,33 heures par mois.<\/p>\n\n\n\n<p>Les jours personnels ne peuvent pas \u00eatre report\u00e9s d&rsquo;une ann\u00e9e \u00e0 l&rsquo;autre et n&rsquo;ont aucune valeur mon\u00e9taire. L&rsquo;Associ\u00e9 ne recevra aucun paiement pour les jours personnels accumul\u00e9s mais non utilis\u00e9s au moment de la cessation de son emploi, quelle qu&rsquo;en soit la raison.<\/p>\n\n\n\n<p>Les jours personnels ne sont pas report\u00e9s \u00e0 l&rsquo;ann\u00e9e suivante.<\/p>\n<\/details>\n\n\n\n<details class=\"wp-block-details is-layout-flow wp-block-details-is-layout-flow\"><summary>Modalit\u00e9s de travail flexibles<\/summary>\n<p>Travail \u00e0 domicile : Option de travailler \u00e0 distance les lundis et vendredis si votre poste et votre horaire vous permettent d&rsquo;\u00eatre \u00e9loign\u00e9 du bureau.<\/p>\n\n\n\n<p>Travail de n&rsquo;importe o\u00f9 : Option de travailler depuis n&rsquo;importe quel endroit jusqu&rsquo;\u00e0 4 semaines par ann\u00e9e civile si votre poste et la nature de votre travail le permettent.<\/p>\n<\/details>\n\n\n\n<details class=\"wp-block-details is-layout-flow wp-block-details-is-layout-flow\"><summary>\u00c9t\u00e9 de l&rsquo;amour<\/summary>\n<p>De la f\u00eate de la Reine jusqu&rsquo;\u00e0 la f\u00eate du Travail, BIW c\u00e9l\u00e8bre l&rsquo;\u00c9t\u00e9 de l&rsquo;amour. Pendant ces mois, il y a un code vestimentaire d\u00e9contract\u00e9, ainsi que d&rsquo;autres activit\u00e9s amusantes comme des barbecues et des \u00e9v\u00e9nements surprises. Les Associ\u00e9s re\u00e7oivent \u00e9galement du temps libre suppl\u00e9mentaire pour profiter des mois d&rsquo;\u00e9t\u00e9.<\/p>\n<\/details>\n\n\n\n<p><\/p>\n","protected":false},"excerpt":{"rendered":"","protected":false},"author":28,"featured_media":509,"parent":165,"menu_order":0,"comment_status":"closed","ping_status":"closed","template":"","meta":{"featured_image_focal_point":{"x":0.5,"y":0.5},"footnotes":""},"wf_page_folders":[],"class_list":["post-1965","page","type-page","status-publish","has-post-thumbnail","hentry"],"yoast_head":"<!-- This site is optimized with the Yoast SEO plugin v26.2 - https:\/\/yoast.com\/wordpress\/plugins\/seo\/ -->\n<title>Avantages - Canada (French)<\/title>\n<meta name=\"description\" content=\"Au-del\u00e0 du ch\u00e8que de paie. BI WORLDWIDE Canada aide les entreprises \u00e0 r\u00e9compenser et reconna\u00eetre leurs employ\u00e9s. Et nous ne faisons pas\" \/>\n<meta name=\"robots\" content=\"index, follow, max-snippet:-1, max-image-preview:large, max-video-preview:-1\" \/>\n<link rel=\"canonical\" href=\"https:\/\/www.biworldwide.ca\/fr\/a-propos-de-nous\/avantages\/\" \/>\n<meta property=\"og:locale\" content=\"fr_CA\" \/>\n<meta property=\"og:type\" content=\"article\" \/>\n<meta property=\"og:title\" content=\"Avantages - Canada (French)\" \/>\n<meta property=\"og:description\" content=\"Au-del\u00e0 du ch\u00e8que de paie. BI WORLDWIDE Canada aide les entreprises \u00e0 r\u00e9compenser et reconna\u00eetre leurs employ\u00e9s. Et nous ne faisons pas\" \/>\n<meta property=\"og:url\" content=\"https:\/\/www.biworldwide.ca\/fr\/a-propos-de-nous\/avantages\/\" \/>\n<meta property=\"og:site_name\" content=\"Canada (French)\" \/>\n<meta property=\"article:modified_time\" content=\"2025-04-02T22:25:47+00:00\" \/>\n<meta property=\"og:image\" content=\"https:\/\/www.biworldwide.com\/wp-content\/uploads\/2025\/03\/Benefits-HomePageFeature1300x732px.jpg\" \/>\n\t<meta property=\"og:image:width\" content=\"1300\" \/>\n\t<meta property=\"og:image:height\" content=\"732\" \/>\n\t<meta property=\"og:image:type\" content=\"image\/jpeg\" \/>\n<meta name=\"twitter:card\" content=\"summary_large_image\" \/>\n<meta name=\"twitter:label1\" content=\"Est. reading time\" \/>\n\t<meta name=\"twitter:data1\" content=\"6 minutes\" \/>\n<script type=\"application\/ld+json\" class=\"yoast-schema-graph\">{\"@context\":\"https:\/\/schema.org\",\"@graph\":[{\"@type\":\"WebPage\",\"@id\":\"https:\/\/www.biworldwide.ca\/fr\/a-propos-de-nous\/avantages\/\",\"url\":\"https:\/\/www.biworldwide.ca\/fr\/a-propos-de-nous\/avantages\/\",\"name\":\"Avantages - Canada (French)\",\"isPartOf\":{\"@id\":\"https:\/\/www.biworldwide.ca\/fr\/#website\"},\"primaryImageOfPage\":{\"@id\":\"https:\/\/www.biworldwide.ca\/fr\/a-propos-de-nous\/avantages\/#primaryimage\"},\"image\":{\"@id\":\"https:\/\/www.biworldwide.ca\/fr\/a-propos-de-nous\/avantages\/#primaryimage\"},\"thumbnailUrl\":\"https:\/\/www.biworldwide.com\/wp-content\/uploads\/2025\/03\/Benefits-HomePageFeature1300x732px.jpg\",\"datePublished\":\"2025-03-28T23:56:18+00:00\",\"dateModified\":\"2025-04-02T22:25:47+00:00\",\"description\":\"Au-del\u00e0 du ch\u00e8que de paie. BI WORLDWIDE Canada aide les entreprises \u00e0 r\u00e9compenser et reconna\u00eetre leurs employ\u00e9s. Et nous ne faisons pas\",\"breadcrumb\":{\"@id\":\"https:\/\/www.biworldwide.ca\/fr\/a-propos-de-nous\/avantages\/#breadcrumb\"},\"inLanguage\":\"fr-CA\",\"potentialAction\":[{\"@type\":\"ReadAction\",\"target\":[\"https:\/\/www.biworldwide.ca\/fr\/a-propos-de-nous\/avantages\/\"]}]},{\"@type\":\"ImageObject\",\"inLanguage\":\"fr-CA\",\"@id\":\"https:\/\/www.biworldwide.ca\/fr\/a-propos-de-nous\/avantages\/#primaryimage\",\"url\":\"https:\/\/www.biworldwide.com\/wp-content\/uploads\/2025\/03\/Benefits-HomePageFeature1300x732px.jpg\",\"contentUrl\":\"https:\/\/www.biworldwide.com\/wp-content\/uploads\/2025\/03\/Benefits-HomePageFeature1300x732px.jpg\",\"caption\":\"A hand carefully places a wooden block labeled Benefits atop a pyramid of blocks adorned with icons for growth, efficiency, teamwork, and innovation, all framed against a lush green and deep black background.\"},{\"@type\":\"BreadcrumbList\",\"@id\":\"https:\/\/www.biworldwide.ca\/fr\/a-propos-de-nous\/avantages\/#breadcrumb\",\"itemListElement\":[{\"@type\":\"ListItem\",\"position\":1,\"name\":\"Home\",\"item\":\"https:\/\/www.biworldwide.ca\/fr\/\"},{\"@type\":\"ListItem\",\"position\":2,\"name\":\"\u00c0 propos de nous\",\"item\":\"https:\/\/www.biworldwide.ca\/fr\/a-propos-de-nous\/\"},{\"@type\":\"ListItem\",\"position\":3,\"name\":\"Avantages\"}]},{\"@type\":\"WebSite\",\"@id\":\"https:\/\/www.biworldwide.ca\/fr\/#website\",\"url\":\"https:\/\/www.biworldwide.ca\/fr\/\",\"name\":\"Canada (French)\",\"description\":\"\",\"potentialAction\":[{\"@type\":\"SearchAction\",\"target\":{\"@type\":\"EntryPoint\",\"urlTemplate\":\"https:\/\/www.biworldwide.ca\/fr\/?s={search_term_string}\"},\"query-input\":{\"@type\":\"PropertyValueSpecification\",\"valueRequired\":true,\"valueName\":\"search_term_string\"}}],\"inLanguage\":\"fr-CA\"}]}<\/script>\n<!-- \/ Yoast SEO plugin. -->","yoast_head_json":{"title":"Avantages - Canada (French)","description":"Au-del\u00e0 du ch\u00e8que de paie. BI WORLDWIDE Canada aide les entreprises \u00e0 r\u00e9compenser et reconna\u00eetre leurs employ\u00e9s. Et nous ne faisons pas","robots":{"index":"index","follow":"follow","max-snippet":"max-snippet:-1","max-image-preview":"max-image-preview:large","max-video-preview":"max-video-preview:-1"},"canonical":"https:\/\/www.biworldwide.ca\/fr\/a-propos-de-nous\/avantages\/","og_locale":"fr_CA","og_type":"article","og_title":"Avantages - Canada (French)","og_description":"Au-del\u00e0 du ch\u00e8que de paie. BI WORLDWIDE Canada aide les entreprises \u00e0 r\u00e9compenser et reconna\u00eetre leurs employ\u00e9s. Et nous ne faisons pas","og_url":"https:\/\/www.biworldwide.ca\/fr\/a-propos-de-nous\/avantages\/","og_site_name":"Canada (French)","article_modified_time":"2025-04-02T22:25:47+00:00","og_image":[{"url":"https:\/\/www.biworldwide.com\/wp-content\/uploads\/2025\/03\/Benefits-HomePageFeature1300x732px.jpg","width":1300,"height":732,"type":"image\/jpeg"}],"twitter_card":"summary_large_image","twitter_misc":{"Est. reading time":"6 minutes"},"schema":{"@context":"https:\/\/schema.org","@graph":[{"@type":"WebPage","@id":"https:\/\/www.biworldwide.ca\/fr\/a-propos-de-nous\/avantages\/","url":"https:\/\/www.biworldwide.ca\/fr\/a-propos-de-nous\/avantages\/","name":"Avantages - Canada (French)","isPartOf":{"@id":"https:\/\/www.biworldwide.ca\/fr\/#website"},"primaryImageOfPage":{"@id":"https:\/\/www.biworldwide.ca\/fr\/a-propos-de-nous\/avantages\/#primaryimage"},"image":{"@id":"https:\/\/www.biworldwide.ca\/fr\/a-propos-de-nous\/avantages\/#primaryimage"},"thumbnailUrl":"https:\/\/www.biworldwide.com\/wp-content\/uploads\/2025\/03\/Benefits-HomePageFeature1300x732px.jpg","datePublished":"2025-03-28T23:56:18+00:00","dateModified":"2025-04-02T22:25:47+00:00","description":"Au-del\u00e0 du ch\u00e8que de paie. BI WORLDWIDE Canada aide les entreprises \u00e0 r\u00e9compenser et reconna\u00eetre leurs employ\u00e9s. Et nous ne faisons pas","breadcrumb":{"@id":"https:\/\/www.biworldwide.ca\/fr\/a-propos-de-nous\/avantages\/#breadcrumb"},"inLanguage":"fr-CA","potentialAction":[{"@type":"ReadAction","target":["https:\/\/www.biworldwide.ca\/fr\/a-propos-de-nous\/avantages\/"]}]},{"@type":"ImageObject","inLanguage":"fr-CA","@id":"https:\/\/www.biworldwide.ca\/fr\/a-propos-de-nous\/avantages\/#primaryimage","url":"https:\/\/www.biworldwide.com\/wp-content\/uploads\/2025\/03\/Benefits-HomePageFeature1300x732px.jpg","contentUrl":"https:\/\/www.biworldwide.com\/wp-content\/uploads\/2025\/03\/Benefits-HomePageFeature1300x732px.jpg","caption":"A hand carefully places a wooden block labeled Benefits atop a pyramid of blocks adorned with icons for growth, efficiency, teamwork, and innovation, all framed against a lush green and deep black background."},{"@type":"BreadcrumbList","@id":"https:\/\/www.biworldwide.ca\/fr\/a-propos-de-nous\/avantages\/#breadcrumb","itemListElement":[{"@type":"ListItem","position":1,"name":"Home","item":"https:\/\/www.biworldwide.ca\/fr\/"},{"@type":"ListItem","position":2,"name":"\u00c0 propos de nous","item":"https:\/\/www.biworldwide.ca\/fr\/a-propos-de-nous\/"},{"@type":"ListItem","position":3,"name":"Avantages"}]},{"@type":"WebSite","@id":"https:\/\/www.biworldwide.ca\/fr\/#website","url":"https:\/\/www.biworldwide.ca\/fr\/","name":"Canada (French)","description":"","potentialAction":[{"@type":"SearchAction","target":{"@type":"EntryPoint","urlTemplate":"https:\/\/www.biworldwide.ca\/fr\/?s={search_term_string}"},"query-input":{"@type":"PropertyValueSpecification","valueRequired":true,"valueName":"search_term_string"}}],"inLanguage":"fr-CA"}]}},"_links":{"self":[{"href":"https:\/\/www.biworldwide.ca\/fr\/wp-json\/wp\/v2\/pages\/1965","targetHints":{"allow":["GET"]}}],"collection":[{"href":"https:\/\/www.biworldwide.ca\/fr\/wp-json\/wp\/v2\/pages"}],"about":[{"href":"https:\/\/www.biworldwide.ca\/fr\/wp-json\/wp\/v2\/types\/page"}],"author":[{"embeddable":true,"href":"https:\/\/www.biworldwide.ca\/fr\/wp-json\/wp\/v2\/users\/28"}],"replies":[{"embeddable":true,"href":"https:\/\/www.biworldwide.ca\/fr\/wp-json\/wp\/v2\/comments?post=1965"}],"version-history":[{"count":28,"href":"https:\/\/www.biworldwide.ca\/fr\/wp-json\/wp\/v2\/pages\/1965\/revisions"}],"predecessor-version":[{"id":2179,"href":"https:\/\/www.biworldwide.ca\/fr\/wp-json\/wp\/v2\/pages\/1965\/revisions\/2179"}],"up":[{"embeddable":true,"href":"https:\/\/www.biworldwide.ca\/fr\/wp-json\/wp\/v2\/pages\/165"}],"wp:featuredmedia":[{"embeddable":true,"href":"https:\/\/www.biworldwide.ca\/fr\/wp-json\/wp\/v2\/media\/509"}],"wp:attachment":[{"href":"https:\/\/www.biworldwide.ca\/fr\/wp-json\/wp\/v2\/media?parent=1965"}],"wp:term":[{"taxonomy":"wf_page_folders","embeddable":true,"href":"https:\/\/www.biworldwide.ca\/fr\/wp-json\/wp\/v2\/wf_page_folders?post=1965"}],"curies":[{"name":"wp","href":"https:\/\/api.w.org\/{rel}","templated":true}]}}