{"id":196,"date":"2025-01-14T17:10:16","date_gmt":"2025-01-14T17:10:16","guid":{"rendered":"https:\/\/live-biw-main.pantheonsite.io\/?page_id=196"},"modified":"2025-04-02T16:28:38","modified_gmt":"2025-04-02T23:28:38","slug":"marche-des-recompenses","status":"publish","type":"page","link":"https:\/\/www.biworldwide.ca\/fr\/comment-nous-aidons\/marche-des-recompenses\/","title":{"rendered":"March\u00e9 des r\u00e9compenses"},"content":{"rendered":"<div class=\" has-content-align-left alignfull wp-block-biw-block-theme-hero\">\n\t<div class=\"biw-hero__grid\">\n\t\t\t\t\t<div class=\"biw-hero__breadcrumbs\">\n\t\t\t\t<div id=\"breadcrumbs\" class=\"breadcrumb-nav__wrapper\"><span class=\"breadcrumb-nav\"><span><a href=\"https:\/\/www.biworldwide.ca\/fr\/\">Home<\/a><\/span><\/span><\/div>\t\t\t<\/div>\n\t\t\n\t\t\t\t\t<div class=\"biw-hero__media \">\n\t\t\t\t\t\t\t\t<img decoding=\"async\" src=\"http:\/\/live-biw-main.pantheonsite.io\/wp-content\/uploads\/2025\/02\/BIW_Site_Hero_Marketplaces-scaled.jpg\" alt=\"A collage shows a woman in a mustard sweater writing while wearing headphones, another woman in a green shirt holding shopping bags and a phone, and a man in a winter jacket with sunglasses and a beanie, against a colorful geometric background.\" class=\"biw-hero__bg-image\" style=\"object-position: 50% 50%;\">\t\t\t<\/div>\n\t\t\t\t<div class=\"biw-hero__content\">\n\t\t\t\t\t\t<h1 class=\"biw-hero__title\" style=\"line-height: 1.2\">\n\t\t\t\tMarch\u00e9 des R\u00e9compenses\t\t\t<\/h1>\n\t\t\t\t\t\t\t<h2 class=\"biw-hero__subtitle\">\n\t\t\t\t\tGagnez. Profitez. Recommencez.\t\t\t\t<\/h2>\n\t\t\t\t\t\t\t\t\t\t<div class=\"biw-hero__text\">\n\t\t\t\t\t\n\n<p>Motiver votre audience avec des r\u00e9compenses incroyables n&rsquo;a pas besoin d&rsquo;\u00eatre compliqu\u00e9. Des marques les plus en vogue aux escapades de luxe, en passant par des billets pour des \u00e9v\u00e9nements sportifs difficiles \u00e0 obtenir et des opportunit\u00e9s d&rsquo;apprentissage \u2013 tout ce qui allume leur passion se trouve dans le March\u00e9 des r\u00e9compenses.<\/p>\n\n\t\t\t\t<\/div>\n\t\t\t\t\t\t\t\t<\/div>\n\t<\/div>\n<\/div>\n\n\n\n<div class=\"wp-block-group alignfull  layout-columns-10 has-global-padding is-layout-constrained wp-container-core-group-is-layout-cc7bd7df wp-block-group-is-layout-constrained\">\n<figure class=\"wp-block-video\"><video controls poster=\"https:\/\/www.biworldwide.ca\/fr\/wp-content\/uploads\/sites\/9\/2025\/03\/Rewards_Marketplace_1920x1080.jpg\" src=\"https:\/\/www.biworldwide.ca\/fr\/wp-content\/uploads\/sites\/9\/2025\/03\/merchandise_marketplace_from_bi_worldwide-_fr_720p.mp4\"><\/video><\/figure>\n\n\n\n<div class=\"wp-block-group  layout-columns-8 has-global-padding is-layout-constrained wp-container-core-group-is-layout-fce79bf6 wp-block-group-is-layout-constrained\">\n<h2 class=\"wp-block-heading has-text-align-center\">Chaque m\u00e9trique raconte une histoire.<\/h2>\n<\/div>\n\n\n\n<div class=\"wp-block-group  layout-columns-10 has-global-padding is-layout-constrained wp-container-core-group-is-layout-0b5f5b40 wp-block-group-is-layout-constrained\">\n<div class=\"wp-block-group has-text-align-center is-layout-grid wp-container-core-group-is-layout-ef442fb0 wp-block-group-is-layout-grid\">\n<div class=\"wp-block-group is-vertical is-content-justification-center is-layout-flex wp-container-core-group-is-layout-81423f52 wp-block-group-is-layout-flex\">\n<h3 class=\"wp-block-heading has-text-align-left has-impact-font-size  has-text-wrap-no-wrap  has-gradient-fill has-gradient-fill-orange\">75%<\/h3>\n\n\n\n<p class=\"has-text-align-center has-large-font-size  has-text-wrap-balance\">des employ\u00e9s se sentent inspir\u00e9s apr\u00e8s avoir re\u00e7u une r\u00e9compense de voyage ou d&rsquo;exp\u00e9rience<\/p>\n<\/div>\n\n\n\n<div class=\"wp-block-group is-vertical is-content-justification-center is-layout-flex wp-container-core-group-is-layout-81423f52 wp-block-group-is-layout-flex\">\n<h3 class=\"wp-block-heading has-text-align-left has-impact-font-size  has-text-wrap-no-wrap  has-gradient-fill has-gradient-fill-orange\">62%<\/h3>\n\n\n\n<p class=\"has-text-align-center has-large-font-size  has-text-wrap-balance\">des employ\u00e9s se sentent inspir\u00e9s apr\u00e8s avoir re\u00e7u des billets pour des \u00e9v\u00e9nements en guise de r\u00e9compense<\/p>\n<\/div>\n\n\n\n<div class=\"wp-block-group has-text-align-center is-vertical is-content-justification-center is-layout-flex wp-container-core-group-is-layout-81423f52 wp-block-group-is-layout-flex\">\n<h3 class=\"wp-block-heading has-text-align-left has-impact-font-size  has-text-wrap-no-wrap  has-gradient-fill has-gradient-fill-orange\">99,9%<\/h3>\n\n\n\n<p class=\"has-text-align-center has-large-font-size  has-text-wrap-balance\">disponibilit\u00e9<\/p>\n<\/div>\n<\/div>\n<\/div>\n<\/div>\n\n\n\n<div class=\"wp-block-group alignfull has-global-padding is-layout-constrained wp-container-core-group-is-layout-97ab3c77 wp-block-group-is-layout-constrained\">\n<div class=\"wp-block-group has-text-align-center  layout-columns-8 has-global-padding is-layout-constrained wp-container-core-group-is-layout-ee362a79 wp-block-group-is-layout-constrained\">\n<h2 class=\"wp-block-heading has-text-align-center  has-text-wrap-pretty\">Les March\u00e9s<\/h2>\n\n\n\n<p class=\" has-text-wrap-balance\"><\/p>\n<\/div>\n\n\n\n<div class=\"wp-block-group  layout-columns-12 has-global-padding is-layout-constrained wp-container-core-group-is-layout-9e09659d wp-block-group-is-layout-constrained\">\n<div class=\"wp-block-group is-layout-grid wp-container-core-group-is-layout-c765d3c1 wp-block-group-is-layout-grid\"><div class=\" has-dynamic-border-radius has-link has-image-size-cover has-image-radius-none is-style-default wp-block-biw-block-theme-biw-card\">\n\t\t\t<figure class=\"biw-card__image-wrapper \">\n\t\t\t<img decoding=\"async\" src=\"http:\/\/live-biw-main.pantheonsite.io\/wp-content\/uploads\/2025\/02\/BIW_Site_Card_MarketMerch-scaled.jpg\" alt=\"Modern living room with a blue sofa, two beige armchairs, and a large flat-screen TV on a wooden stand. A round coffee table sits on a light rug. A tall floor lamp arches over the sofa. Bookshelves line the wall on the right, with a potted plant nearby.\" class=\"biw-card__image\" style=\"object-position: 50% 50%;\">\t\t<\/figure>\n\t\t<div class=\"biw-card__content\">\n\t\t<h3 class=\"biw-card__title\">\n\t\t\t\t\t\t\t<a href=\"https:\/\/www.biworldwide.ca\/fr\/comment-nous-aidons\/marche-des-recompenses\/programme-de-recompenses-pour-les-employes-base-sur-des-points\/\" >\n\t\t\t\tMarch\u00e9 de Marchandises\t\t\t\t<\/a>\n\t\t\t\t\t<\/h3>\n\t\t<div class=\"biw-card__text\">\n\n<p>R\u00e9compenser votre \u00e9quipe devient plus simple gr\u00e2ce \u00e0 une s\u00e9lection sur mesure et soigneusement choisie des meilleures marques.<\/p>\n\n<\/div>\n\t<\/div>\n\t\t\t<span class=\"biw-card__cta\">En savoir plus<\/span>\n\t<\/div>\n\n<div class=\" has-dynamic-border-radius has-link has-image-size-cover has-image-radius-none is-style-default wp-block-biw-block-theme-biw-card\">\n\t\t\t<figure class=\"biw-card__image-wrapper \">\n\t\t\t<img decoding=\"async\" src=\"http:\/\/live-biw-main.pantheonsite.io\/wp-content\/uploads\/2025\/02\/BIW_Site_Card_MarketExp-scaled.jpg\" alt=\"A person paddles a blue kayak on a calm lake, surrounded by mountains under a clear blue sky. The tip of a red kayak is visible in the foreground, enhancing the perspective of the serene natural setting.\" class=\"biw-card__image\" style=\"object-position: 50% 50%;\">\t\t<\/figure>\n\t\t<div class=\"biw-card__content\">\n\t\t<h3 class=\"biw-card__title\">\n\t\t\t\t\t\t\t<a href=\"https:\/\/www.biworldwide.ca\/fr\/comment-nous-aidons\/marche-des-recompenses\/marche-des-experiences\/\" >\n\t\t\t\tMarch\u00e9 des Exp\u00e9riences\t\t\t\t<\/a>\n\t\t\t\t\t<\/h3>\n\t\t<div class=\"biw-card__text\">\n\n<p>Offrez-leur l&rsquo;opportunit\u00e9 de cr\u00e9er des souvenirs inoubliables l\u00e0 o\u00f9 ils vivent et l\u00e0 o\u00f9 ils voyagent \u00e0 travers le monde.<\/p>\n\n<\/div>\n\t<\/div>\n\t\t\t<span class=\"biw-card__cta\">En savoir plus<\/span>\n\t<\/div>\n\n<div class=\" has-dynamic-border-radius has-link has-image-size-cover has-image-radius-none is-style-default wp-block-biw-block-theme-biw-card\">\n\t\t\t<figure class=\"biw-card__image-wrapper \">\n\t\t\t<img decoding=\"async\" src=\"http:\/\/live-biw-main.pantheonsite.io\/wp-content\/uploads\/2025\/02\/BIW_Site_Card_MarketMast-scaled.jpg\" alt=\"A woman wearing headphones is sitting at a wooden table with a laptop, cup, and notebook. Shes writing with a pencil, surrounded by plants and soft lighting. She appears focused, with a hand resting on her head.\" class=\"biw-card__image\" style=\"object-position: 50% 50%;\">\t\t<\/figure>\n\t\t<div class=\"biw-card__content\">\n\t\t<h3 class=\"biw-card__title\">\n\t\t\t\t\t\t\t<a href=\"https:\/\/www.biworldwide.ca\/fr\/comment-nous-aidons\/marche-des-recompenses\/mastery-marketplace\/\" >\n\t\t\t\tMastery Marketplace\t\t\t\t<\/a>\n\t\t\t\t\t<\/h3>\n\t\t<div class=\"biw-card__text\">\n\n<p>Aidez vos employ\u00e9s, \u00e9quipes de vente, partenaires et clients \u00e0 acqu\u00e9rir de nouvelles comp\u00e9tences et \u00e0 s&rsquo;enthousiasmer pour ce qu&rsquo;ils font.<\/p>\n\n<\/div>\n\t<\/div>\n\t\t\t<span class=\"biw-card__cta\">En savoir plus<\/span>\n\t<\/div><\/div>\n<\/div>\n<\/div>\n\n\n\n<p><\/p>\n","protected":false},"excerpt":{"rendered":"<p>Chaque m\u00e9trique raconte une histoire. 75% des employ\u00e9s se sentent inspir\u00e9s apr\u00e8s avoir re\u00e7u une r\u00e9compense de voyage ou d&rsquo;exp\u00e9rience 62% des employ\u00e9s se sentent inspir\u00e9s apr\u00e8s avoir re\u00e7u des billets pour des \u00e9v\u00e9nements en guise de r\u00e9compense 99,9% disponibilit\u00e9 Les March\u00e9s<\/p>\n","protected":false},"author":11,"featured_media":1217,"parent":104,"menu_order":0,"comment_status":"closed","ping_status":"closed","template":"","meta":{"featured_image_focal_point":{"x":0.5,"y":0.5},"footnotes":""},"wf_page_folders":[],"class_list":["post-196","page","type-page","status-publish","has-post-thumbnail","hentry"],"yoast_head":"<!-- This site is optimized with the Yoast SEO plugin v26.2 - https:\/\/yoast.com\/wordpress\/plugins\/seo\/ -->\n<title>March\u00e9 des r\u00e9compenses - Canada (French)<\/title>\n<meta name=\"description\" content=\"Le March\u00e9 des r\u00e9compenses de BI WORLDWIDE vous propose une vari\u00e9t\u00e9 d&#039;options de r\u00e9compenses inoubliables pour les employ\u00e9s, les commerciaux,\" \/>\n<meta name=\"robots\" content=\"index, follow, max-snippet:-1, max-image-preview:large, max-video-preview:-1\" \/>\n<link rel=\"canonical\" href=\"https:\/\/www.biworldwide.ca\/fr\/comment-nous-aidons\/marche-des-recompenses\/\" \/>\n<meta property=\"og:locale\" content=\"fr_CA\" \/>\n<meta property=\"og:type\" content=\"article\" \/>\n<meta property=\"og:title\" content=\"March\u00e9 des r\u00e9compenses - Canada (French)\" \/>\n<meta property=\"og:description\" content=\"Le March\u00e9 des r\u00e9compenses de BI WORLDWIDE vous propose une vari\u00e9t\u00e9 d&#039;options de r\u00e9compenses inoubliables pour les employ\u00e9s, les commerciaux,\" \/>\n<meta property=\"og:url\" content=\"https:\/\/www.biworldwide.ca\/fr\/comment-nous-aidons\/marche-des-recompenses\/\" \/>\n<meta property=\"og:site_name\" content=\"Canada (French)\" \/>\n<meta property=\"article:modified_time\" content=\"2025-04-02T23:28:38+00:00\" \/>\n<meta property=\"og:image\" content=\"https:\/\/www.biworldwide.com\/wp-content\/uploads\/2025\/02\/BIW_Site_Card_Marketplaces-scaled.jpg\" \/>\n\t<meta property=\"og:image:width\" content=\"2560\" \/>\n\t<meta property=\"og:image:height\" content=\"1441\" \/>\n\t<meta property=\"og:image:type\" content=\"image\/jpeg\" \/>\n<meta name=\"twitter:card\" content=\"summary_large_image\" \/>\n<meta name=\"twitter:label1\" content=\"Est. reading time\" \/>\n\t<meta name=\"twitter:data1\" content=\"1 minute\" \/>\n<script type=\"application\/ld+json\" class=\"yoast-schema-graph\">{\"@context\":\"https:\/\/schema.org\",\"@graph\":[{\"@type\":\"WebPage\",\"@id\":\"https:\/\/www.biworldwide.ca\/fr\/comment-nous-aidons\/marche-des-recompenses\/\",\"url\":\"https:\/\/www.biworldwide.ca\/fr\/comment-nous-aidons\/marche-des-recompenses\/\",\"name\":\"March\u00e9 des r\u00e9compenses - Canada (French)\",\"isPartOf\":{\"@id\":\"https:\/\/www.biworldwide.ca\/fr\/#website\"},\"primaryImageOfPage\":{\"@id\":\"https:\/\/www.biworldwide.ca\/fr\/comment-nous-aidons\/marche-des-recompenses\/#primaryimage\"},\"image\":{\"@id\":\"https:\/\/www.biworldwide.ca\/fr\/comment-nous-aidons\/marche-des-recompenses\/#primaryimage\"},\"thumbnailUrl\":\"https:\/\/www.biworldwide.com\/wp-content\/uploads\/2025\/02\/BIW_Site_Card_Marketplaces-scaled.jpg\",\"datePublished\":\"2025-01-14T17:10:16+00:00\",\"dateModified\":\"2025-04-02T23:28:38+00:00\",\"description\":\"Le March\u00e9 des r\u00e9compenses de BI WORLDWIDE vous propose une vari\u00e9t\u00e9 d'options de r\u00e9compenses inoubliables pour les employ\u00e9s, les commerciaux,\",\"breadcrumb\":{\"@id\":\"https:\/\/www.biworldwide.ca\/fr\/comment-nous-aidons\/marche-des-recompenses\/#breadcrumb\"},\"inLanguage\":\"fr-CA\",\"potentialAction\":[{\"@type\":\"ReadAction\",\"target\":[\"https:\/\/www.biworldwide.ca\/fr\/comment-nous-aidons\/marche-des-recompenses\/\"]}]},{\"@type\":\"ImageObject\",\"inLanguage\":\"fr-CA\",\"@id\":\"https:\/\/www.biworldwide.ca\/fr\/comment-nous-aidons\/marche-des-recompenses\/#primaryimage\",\"url\":\"https:\/\/www.biworldwide.com\/wp-content\/uploads\/2025\/02\/BIW_Site_Card_Marketplaces-scaled.jpg\",\"contentUrl\":\"https:\/\/www.biworldwide.com\/wp-content\/uploads\/2025\/02\/BIW_Site_Card_Marketplaces-scaled.jpg\",\"caption\":\"A woman in a yellow sweater wearing headphones writes in a notebook. Another woman in a teal shirt holds shopping bags and a phone. A man in a winter jacket and sunglasses looks upwards. The background is divided into white and colorful triangles.\"},{\"@type\":\"BreadcrumbList\",\"@id\":\"https:\/\/www.biworldwide.ca\/fr\/comment-nous-aidons\/marche-des-recompenses\/#breadcrumb\",\"itemListElement\":[{\"@type\":\"ListItem\",\"position\":1,\"name\":\"Home\",\"item\":\"https:\/\/www.biworldwide.ca\/fr\/\"},{\"@type\":\"ListItem\",\"position\":2,\"name\":\"Comment nous aidons\",\"item\":\"https:\/\/www.biworldwide.ca\/fr\/comment-nous-aidons\/\"},{\"@type\":\"ListItem\",\"position\":3,\"name\":\"March\u00e9 des r\u00e9compenses\"}]},{\"@type\":\"WebSite\",\"@id\":\"https:\/\/www.biworldwide.ca\/fr\/#website\",\"url\":\"https:\/\/www.biworldwide.ca\/fr\/\",\"name\":\"Canada (French)\",\"description\":\"\",\"potentialAction\":[{\"@type\":\"SearchAction\",\"target\":{\"@type\":\"EntryPoint\",\"urlTemplate\":\"https:\/\/www.biworldwide.ca\/fr\/?s={search_term_string}\"},\"query-input\":{\"@type\":\"PropertyValueSpecification\",\"valueRequired\":true,\"valueName\":\"search_term_string\"}}],\"inLanguage\":\"fr-CA\"}]}<\/script>\n<!-- \/ Yoast SEO plugin. -->","yoast_head_json":{"title":"March\u00e9 des r\u00e9compenses - Canada (French)","description":"Le March\u00e9 des r\u00e9compenses de BI WORLDWIDE vous propose une vari\u00e9t\u00e9 d'options de r\u00e9compenses inoubliables pour les employ\u00e9s, les commerciaux,","robots":{"index":"index","follow":"follow","max-snippet":"max-snippet:-1","max-image-preview":"max-image-preview:large","max-video-preview":"max-video-preview:-1"},"canonical":"https:\/\/www.biworldwide.ca\/fr\/comment-nous-aidons\/marche-des-recompenses\/","og_locale":"fr_CA","og_type":"article","og_title":"March\u00e9 des r\u00e9compenses - Canada (French)","og_description":"Le March\u00e9 des r\u00e9compenses de BI WORLDWIDE vous propose une vari\u00e9t\u00e9 d'options de r\u00e9compenses inoubliables pour les employ\u00e9s, les commerciaux,","og_url":"https:\/\/www.biworldwide.ca\/fr\/comment-nous-aidons\/marche-des-recompenses\/","og_site_name":"Canada (French)","article_modified_time":"2025-04-02T23:28:38+00:00","og_image":[{"url":"https:\/\/www.biworldwide.com\/wp-content\/uploads\/2025\/02\/BIW_Site_Card_Marketplaces-scaled.jpg","width":2560,"height":1441,"type":"image\/jpeg"}],"twitter_card":"summary_large_image","twitter_misc":{"Est. reading time":"1 minute"},"schema":{"@context":"https:\/\/schema.org","@graph":[{"@type":"WebPage","@id":"https:\/\/www.biworldwide.ca\/fr\/comment-nous-aidons\/marche-des-recompenses\/","url":"https:\/\/www.biworldwide.ca\/fr\/comment-nous-aidons\/marche-des-recompenses\/","name":"March\u00e9 des r\u00e9compenses - Canada (French)","isPartOf":{"@id":"https:\/\/www.biworldwide.ca\/fr\/#website"},"primaryImageOfPage":{"@id":"https:\/\/www.biworldwide.ca\/fr\/comment-nous-aidons\/marche-des-recompenses\/#primaryimage"},"image":{"@id":"https:\/\/www.biworldwide.ca\/fr\/comment-nous-aidons\/marche-des-recompenses\/#primaryimage"},"thumbnailUrl":"https:\/\/www.biworldwide.com\/wp-content\/uploads\/2025\/02\/BIW_Site_Card_Marketplaces-scaled.jpg","datePublished":"2025-01-14T17:10:16+00:00","dateModified":"2025-04-02T23:28:38+00:00","description":"Le March\u00e9 des r\u00e9compenses de BI WORLDWIDE vous propose une vari\u00e9t\u00e9 d'options de r\u00e9compenses inoubliables pour les employ\u00e9s, les commerciaux,","breadcrumb":{"@id":"https:\/\/www.biworldwide.ca\/fr\/comment-nous-aidons\/marche-des-recompenses\/#breadcrumb"},"inLanguage":"fr-CA","potentialAction":[{"@type":"ReadAction","target":["https:\/\/www.biworldwide.ca\/fr\/comment-nous-aidons\/marche-des-recompenses\/"]}]},{"@type":"ImageObject","inLanguage":"fr-CA","@id":"https:\/\/www.biworldwide.ca\/fr\/comment-nous-aidons\/marche-des-recompenses\/#primaryimage","url":"https:\/\/www.biworldwide.com\/wp-content\/uploads\/2025\/02\/BIW_Site_Card_Marketplaces-scaled.jpg","contentUrl":"https:\/\/www.biworldwide.com\/wp-content\/uploads\/2025\/02\/BIW_Site_Card_Marketplaces-scaled.jpg","caption":"A woman in a yellow sweater wearing headphones writes in a notebook. Another woman in a teal shirt holds shopping bags and a phone. A man in a winter jacket and sunglasses looks upwards. The background is divided into white and colorful triangles."},{"@type":"BreadcrumbList","@id":"https:\/\/www.biworldwide.ca\/fr\/comment-nous-aidons\/marche-des-recompenses\/#breadcrumb","itemListElement":[{"@type":"ListItem","position":1,"name":"Home","item":"https:\/\/www.biworldwide.ca\/fr\/"},{"@type":"ListItem","position":2,"name":"Comment nous aidons","item":"https:\/\/www.biworldwide.ca\/fr\/comment-nous-aidons\/"},{"@type":"ListItem","position":3,"name":"March\u00e9 des r\u00e9compenses"}]},{"@type":"WebSite","@id":"https:\/\/www.biworldwide.ca\/fr\/#website","url":"https:\/\/www.biworldwide.ca\/fr\/","name":"Canada (French)","description":"","potentialAction":[{"@type":"SearchAction","target":{"@type":"EntryPoint","urlTemplate":"https:\/\/www.biworldwide.ca\/fr\/?s={search_term_string}"},"query-input":{"@type":"PropertyValueSpecification","valueRequired":true,"valueName":"search_term_string"}}],"inLanguage":"fr-CA"}]}},"_links":{"self":[{"href":"https:\/\/www.biworldwide.ca\/fr\/wp-json\/wp\/v2\/pages\/196","targetHints":{"allow":["GET"]}}],"collection":[{"href":"https:\/\/www.biworldwide.ca\/fr\/wp-json\/wp\/v2\/pages"}],"about":[{"href":"https:\/\/www.biworldwide.ca\/fr\/wp-json\/wp\/v2\/types\/page"}],"author":[{"embeddable":true,"href":"https:\/\/www.biworldwide.ca\/fr\/wp-json\/wp\/v2\/users\/11"}],"replies":[{"embeddable":true,"href":"https:\/\/www.biworldwide.ca\/fr\/wp-json\/wp\/v2\/comments?post=196"}],"version-history":[{"count":10,"href":"https:\/\/www.biworldwide.ca\/fr\/wp-json\/wp\/v2\/pages\/196\/revisions"}],"predecessor-version":[{"id":2236,"href":"https:\/\/www.biworldwide.ca\/fr\/wp-json\/wp\/v2\/pages\/196\/revisions\/2236"}],"up":[{"embeddable":true,"href":"https:\/\/www.biworldwide.ca\/fr\/wp-json\/wp\/v2\/pages\/104"}],"wp:featuredmedia":[{"embeddable":true,"href":"https:\/\/www.biworldwide.ca\/fr\/wp-json\/wp\/v2\/media\/1217"}],"wp:attachment":[{"href":"https:\/\/www.biworldwide.ca\/fr\/wp-json\/wp\/v2\/media?parent=196"}],"wp:term":[{"taxonomy":"wf_page_folders","embeddable":true,"href":"https:\/\/www.biworldwide.ca\/fr\/wp-json\/wp\/v2\/wf_page_folders?post=196"}],"curies":[{"name":"wp","href":"https:\/\/api.w.org\/{rel}","templated":true}]}}