{"id":1952,"date":"2025-03-28T16:11:15","date_gmt":"2025-03-28T23:11:15","guid":{"rendered":"https:\/\/www.biworldwide.ca\/fr\/?page_id=1952"},"modified":"2025-04-03T15:24:02","modified_gmt":"2025-04-03T22:24:02","slug":"avis-de-confidentialite","status":"publish","type":"page","link":"https:\/\/www.biworldwide.ca\/fr\/avis-de-confidentialite\/","title":{"rendered":"Avis de confidentialit\u00e9"},"content":{"rendered":"<div class=\" has-content-align-center has-overlay has-overlay--dark alignwide wp-block-biw-block-theme-hero\">\n\t<div class=\"biw-hero__grid\">\n\t\t\t\t\t<div class=\"biw-hero__breadcrumbs\">\n\t\t\t\t<div id=\"breadcrumbs\" class=\"breadcrumb-nav__wrapper\"><span class=\"breadcrumb-nav\"><span><a href=\"https:\/\/www.biworldwide.ca\/fr\/\">Home<\/a><\/span><\/span><\/div>\t\t\t<\/div>\n\t\t\n\t\t\t\t\t<div class=\"biw-hero__media has-dynamic-border-radius\">\n\t\t\t\t\t\t\t\t\t<div class=\"biw-hero__overlay overlay-dark\"><\/div>\n\t\t\t\t\t\t\t\t<img decoding=\"async\" src=\"https:\/\/www.biworldwide.ca\/wp-content\/uploads\/sites\/8\/2025\/02\/Privacy-CyberLocks-1728x450-1.jpg\" alt=\"\" class=\"biw-hero__bg-image\" style=\"object-position: 50% 50%;\">\t\t\t<\/div>\n\t\t\t\t<div class=\"biw-hero__content\">\n\t\t\t\t\t\t<h1 class=\"biw-hero__title\" style=\"line-height: 1.2\">\n\t\t\t\tAvis de confidentialit\u00e9\t\t\t<\/h1>\n\t\t\t\t\t\t\t\t\t\t<div class=\"biw-hero__text\">\n\t\t\t\t\t\n\n<p><\/p>\n\n\t\t\t\t<\/div>\n\t\t\t\t\t\t\t\t<\/div>\n\t<\/div>\n<\/div>\n\n\n\n<p><strong>Pourquoi vos informations personnelles seront collect\u00e9es<\/strong><\/p>\n\n\n\n<p>Vous (d\u00e9fini dans cet Avis de confidentialit\u00e9 comme \u00ab Vous \u00bb ou \u00ab Vos \u00bb) pourriez \u00eatre invit\u00e9 \u00e0 fournir des informations personnellement identifiables lors de la compl\u00e9tion d&rsquo;un formulaire (d\u00e9fini dans cet Avis de confidentialit\u00e9 comme une \u00ab Demande marketing \u00bb ou \u00ab la Demande marketing \u00bb) via ce site Web d&rsquo;entreprise d\u00e9fini dans cet Avis de confidentialit\u00e9 comme \u00ab le Site Web \u00bb.<\/p>\n\n\n\n<p>Si Vous choisissez de compl\u00e9ter et de soumettre la Demande marketing, alors BI WORLDWIDE (d\u00e9fini dans cet Avis de confidentialit\u00e9 comme \u00ab BI WORLDWIDE \u00bb ou \u00ab BIW \u00bb) a un int\u00e9r\u00eat l\u00e9gitime dans la collecte et le traitement de Vos informations personnelles pour faire suite \u00e0 Votre Demande marketing.<\/p>\n\n\n\n<p><strong>Informations personnelles vous concernant qui seront collect\u00e9es<\/strong><\/p>\n\n\n\n<p>BI WORLDWIDE peut d\u00e9j\u00e0 l\u00e9gitimement d\u00e9tenir certaines informations personnelles vous concernant, qui peuvent \u00eatre combin\u00e9es avec des informations personnelles suppl\u00e9mentaires collect\u00e9es dans le cadre de la Demande marketing. BI WORLDWIDE collectera et utilisera vos informations personnelles pour :<\/p>\n\n\n\n<ul class=\"wp-block-list\">\n<li>communiquer avec Vous par t\u00e9l\u00e9phone, courriel ou autrement<\/li>\n\n\n\n<li>Vous inscrire sur des plateformes de support marketing ou commercial telles que salesforce.com<\/li>\n\n\n\n<li>fournir Vos informations \u00e0 un Directeur du d\u00e9veloppement commercial ou un Responsable des ventes chez BIW afin de faire un suivi pour d&rsquo;\u00e9ventuelles transactions commerciales avec Votre entreprise<\/li>\n<\/ul>\n\n\n\n<p>Les types d&rsquo;informations personnelles suivants seront collect\u00e9s et trait\u00e9s : nom, titre du poste, nom de l&rsquo;entreprise, adresse de l&rsquo;entreprise, num\u00e9ro de t\u00e9l\u00e9phone professionnel, adresse courriel professionnelle, adresse IP.<\/p>\n\n\n\n<p>La collecte, le traitement et le stockage des informations personnelles sont n\u00e9cessaires pour faire suite \u00e0 la Demande marketing.<\/p>\n\n\n\n<p>Vous avez le droit de ne pas fournir Vos informations personnelles. Si Vous choisissez de ne pas fournir Vos informations personnelles lorsqu&rsquo;elles sont demand\u00e9es, BIW peut ne pas \u00eatre en mesure de faire suite \u00e0 Votre Demande marketing.<\/p>\n\n\n\n<p>Les informations personnelles sont conserv\u00e9es pendant la dur\u00e9e n\u00e9cessaire \u00e0 BIW pour faire suite \u00e0 Votre Demande marketing.<\/p>\n\n\n\n<p><strong>Utilisation des cookies par le Site Web<\/strong><\/p>\n\n\n\n<p>Les cookies sont de petits fichiers texte soit stock\u00e9s en m\u00e9moire pendant que Vous \u00eates connect\u00e9 \u00e0 un site Web, puis supprim\u00e9s imm\u00e9diatement par la suite (\u00ab Cookies de session \u00bb), soit plac\u00e9s sur Votre appareil par les sites Web que Vous visitez pour stocker des informations utiles qui peuvent \u00eatre utilis\u00e9es lors de visites futures afin d&rsquo;\u00ab enregistrer \u00bb certains choix ou saisies de donn\u00e9es que Vous avez pr\u00e9c\u00e9demment effectu\u00e9s (\u00ab Cookies persistants \u00bb). Les cookies sont largement utilis\u00e9s pour aider les sites Web \u00e0 fonctionner aussi efficacement que possible, ainsi que pour fournir des informations aux propri\u00e9taires du site Web dans certains cas.<\/p>\n\n\n\n<p>Le tableau ci-dessous fournit plus de d\u00e9tails sur les cookies utilis\u00e9s par le Site Web.<\/p>\n\n\n\n<div class=\"cky-audit-table-element\"><\/div>\n\n\n\n<p><strong>Comment vos informations personnelles seront utilis\u00e9es<\/strong><\/p>\n\n\n\n<p>BI WORLDWIDE respecte la confidentialit\u00e9 de vos informations personnelles et ne les partagera pas avec des tiers, sauf lorsque cela est n\u00e9cessaire pour r\u00e9pondre \u00e0 la Demande marketing.<\/p>\n\n\n\n<p>Vos informations personnelles ne seront utilis\u00e9es que pour les objectifs pr\u00e9vus pour lesquels elles ont \u00e9t\u00e9 initialement collect\u00e9es, ou pour un objectif \u00e9troitement li\u00e9 en lien avec la Demande marketing.<\/p>\n\n\n\n<p>Vos informations personnelles seront utilis\u00e9es par BIW dans la mesure n\u00e9cessaire pour :<\/p>\n\n\n\n<ul class=\"wp-block-list\">\n<li>permettre \u00e0 BIW de donner suite \u00e0 la Demande marketing;<\/li>\n\n\n\n<li>s&rsquo;assurer que vous recevez le contenu de la Demande marketing qui vous est pertinent;<\/li>\n\n\n\n<li>vous informer des modifications pertinentes pour le Site Web ou les services associ\u00e9s.<\/li>\n<\/ul>\n\n\n\n<p>Lorsque le partage des informations personnelles issues de la Demande marketing avec un tiers est n\u00e9cessaire, vos informations personnelles seront correctement prot\u00e9g\u00e9es, seules les informations personnelles minimales requises seront partag\u00e9es, et elles ne seront partag\u00e9es que sur une base strictement n\u00e9cessaire.<\/p>\n\n\n\n<p>Vos informations personnelles peuvent \u00eatre partag\u00e9es :<\/p>\n\n\n\n<ul class=\"wp-block-list\">\n<li>avec les employ\u00e9s de BI WORLDWIDE sur la base du strict besoin de conna\u00eetre<\/li>\n\n\n\n<li>avec d&rsquo;autres entreprises au sein du groupe d&rsquo;entreprises de BI WORLDWIDE<\/li>\n\n\n\n<li>avec les fournisseurs et sous-traitants de BI WORLDWIDE dans le cadre de la Demande marketing<\/li>\n\n\n\n<li>si BI WORLDWIDE est dans l&rsquo;obligation l\u00e9gale de divulguer vos informations (par exemple, comme requis par les forces de l&rsquo;ordre ou une ordonnance du tribunal)<\/li>\n\n\n\n<li>si BIW doit faire respecter un contrat<\/li>\n\n\n\n<li>si BIW doit prot\u00e9ger les droits, la propri\u00e9t\u00e9 ou la s\u00e9curit\u00e9 de Vous ou de toute autre personne<\/li>\n\n\n\n<li>avec des fournisseurs de services d&rsquo;analyse comme d\u00e9crit dans le paragraphe suivant<\/li>\n<\/ul>\n\n\n\n<p>Le sponsor collectera les types d&rsquo;informations suivants et utilisera des services d&rsquo;analyse pour aider \u00e0 am\u00e9liorer la Demande marketing et\/ou le Site Web, ou pour r\u00e9soudre des probl\u00e8mes :<\/p>\n\n\n\n<ul class=\"wp-block-list\">\n<li>Informations personnelles \u2013 l&rsquo;adresse IP attribu\u00e9e \u00e0 votre ordinateur (une adresse IP est un num\u00e9ro unique attribu\u00e9 \u00e0 votre ordinateur lorsque vous utilisez Internet).<\/li>\n\n\n\n<li>Informations techniques \u2013 type et version de navigateur, r\u00e9glage du fuseau horaire, types et versions de plug-ins de navigateur, syst\u00e8me d&rsquo;exploitation et type d&rsquo;appareil.<\/li>\n\n\n\n<li>Informations de performance \u2013 informations sur votre utilisation du Site Web de la Demande marketing, y compris la date et l&rsquo;heure de votre connexion, les pages du Site Web que vous consultez, le temps n\u00e9cessaire pour afficher chaque page que vous avez consult\u00e9e, les erreurs et la dur\u00e9e de votre visite sur certaines pages.<\/li>\n<\/ul>\n\n\n\n<p>Vos informations personnelles sont stock\u00e9es en toute s\u00e9curit\u00e9 aux \u00c9tats-Unis d&rsquo;Am\u00e9rique.<\/p>\n\n\n\n<p>Lorsqu&rsquo;il est n\u00e9cessaire de transf\u00e9rer vos informations personnelles en dehors du pays o\u00f9 elles sont stock\u00e9es, BI WORLDWIDE prend des mesures pour garantir des niveaux de protection de la vie priv\u00e9e ad\u00e9quats, conform\u00e9ment aux lois applicables sur la protection des donn\u00e9es. Ces mesures de protection de la vie priv\u00e9e sont contractuellement exig\u00e9es de toutes les parties impliqu\u00e9es dans le transfert.<\/p>\n\n\n\n<p><strong>Vos droits concernant vos informations personnelles<\/strong><\/p>\n\n\n\n<p>BI WORLDWIDE respecte vos droits d&rsquo;acc\u00e8s et de contr\u00f4le sur vos informations personnelles, qui incluent :<\/p>\n\n\n\n<p>1) Droit \u00e0 l&rsquo;information \u2013 Ce droit vous permet de demander \u00e0 BI WORLDWIDE des informations sur les donn\u00e9es personnelles vous concernant qui sont trait\u00e9es, ainsi que la raison de ce traitement.<\/p>\n\n\n\n<p>2) Droit d&rsquo;acc\u00e8s \u2013 Ce droit vous donne la possibilit\u00e9 de consulter vos propres donn\u00e9es personnelles en cours de traitement, ainsi que de demander des copies de vos donn\u00e9es personnelles.<\/p>\n\n\n\n<p>3) Droit de rectification \u2013 Ce droit vous permet de demander des modifications \u00e0 vos donn\u00e9es personnelles si vous estimez que vos informations personnelles ne sont pas \u00e0 jour ou exactes.<\/p>\n\n\n\n<p>4) Droit de retirer le consentement \u2013 Ce droit vous permet de retirer un consentement pr\u00e9alablement donn\u00e9 pour le traitement de vos donn\u00e9es personnelles dans un but sp\u00e9cifique. Votre demande obligera BI WORLDWIDE \u00e0 cesser le traitement de vos donn\u00e9es personnelles fond\u00e9 sur le consentement pr\u00e9c\u00e9demment donn\u00e9.<\/p>\n\n\n\n<p>5) Droit d&rsquo;opposition \u2013 Ce droit vous donne la possibilit\u00e9 de vous opposer au traitement de vos donn\u00e9es personnelles. Cela correspond g\u00e9n\u00e9ralement au droit de retirer le consentement, si le consentement a \u00e9t\u00e9 demand\u00e9 de mani\u00e8re appropri\u00e9e et qu&rsquo;aucun autre traitement que les finalit\u00e9s l\u00e9gitimes n&rsquo;est effectu\u00e9. Cependant, un exemple sp\u00e9cifique serait lorsque vous demandez que vos donn\u00e9es personnelles ne soient pas trait\u00e9es pour certaines finalit\u00e9s pendant qu&rsquo;un litige l\u00e9gal est en cours devant un tribunal.<\/p>\n\n\n\n<p>6) Droit d&rsquo;opposition au traitement automatis\u00e9 \u2013 Ce droit vous permet de vous opposer \u00e0 une d\u00e9cision reposant uniquement sur un traitement automatis\u00e9. En utilisant ce droit, vous pouvez demander qu&rsquo;une intervention humaine ait lieu (par exemple, un questionnaire que vous avez compl\u00e9t\u00e9), si vous estimez que le traitement automatis\u00e9 de vos r\u00e9ponses peut ne pas tenir compte de votre situation unique.<\/p>\n\n\n\n<p>7) Droit \u00e0 l&rsquo;oubli \u2013 Aussi connu sous le nom de droit \u00e0 l&rsquo;effacement, ce droit vous permet de demander la suppression de vos donn\u00e9es personnelles. Cela s&rsquo;applique g\u00e9n\u00e9ralement lorsque vous ne participez plus \u00e0 la Demande marketing. Il est important de noter que ce n&rsquo;est pas un droit absolu et qu&rsquo;il doit \u00e9galement tenir compte des droits de BI WORLDWIDE.<br><br>8) Droit \u00e0 la portabilit\u00e9 des donn\u00e9es \u2013 Ce droit vous permet de demander le transfert de vos donn\u00e9es personnelles. Dans le cadre de cette demande, vous pouvez demander que vos donn\u00e9es personnelles vous soient directement fournies ou transf\u00e9r\u00e9es \u00e0 un autre responsable du traitement autre que BI WORLDWIDE. Lors de ce processus, vos donn\u00e9es personnelles doivent \u00eatre fournies ou transf\u00e9r\u00e9es dans un format \u00e9lectronique lisible par machine.<\/p>\n\n\n\n<p>Qui contacter pour des questions sur la confidentialit\u00e9 des donn\u00e9es ou pour exercer vos droits<\/p>\n\n\n\n<p>Conform\u00e9ment aux lois applicables sur la protection des donn\u00e9es, BI WORLDWIDE est un \u00ab Responsable du traitement \u00bb de vos informations personnelles.<\/p>\n\n\n\n<p>Les Responsables du traitement prennent des d\u00e9cisions sur la mani\u00e8re et les raisons pour lesquelles vos informations personnelles sont utilis\u00e9es dans le cadre de la Demande marketing, et ont le devoir de garantir la protection de vos droits.<\/p>\n\n\n\n<p>La Demande marketing et le Site Web sont tous deux d\u00e9tenus et exploit\u00e9s par BI WORLDWIDE Canada (BIW), dont le si\u00e8ge social est situ\u00e9 au 171 Esplanade W #230, North Vancouver, BC V7M 3J9.<\/p>\n\n\n\n<p>Si vous avez des questions ou des pr\u00e9occupations li\u00e9es \u00e0 l&rsquo;utilisation de vos donn\u00e9es dans le cadre de la Demande marketing, vous devez contacter directement BI WORLDWIDE en envoyant un courriel avec votre nom et vos coordonn\u00e9es \u00e0 : <a href=\"mailto:canada@biworldwide.com\">canada@biworldwide.com<\/a>.<\/p>\n\n\n\n<p>Si vous n&rsquo;\u00eates pas satisfait de la r\u00e9ponse que vous recevez de la part du Responsable du traitement que vous avez contact\u00e9, ou si vous estimez que la protection de vos informations personnelles ou vos droits \u00e0 la vie priv\u00e9e ont \u00e9t\u00e9 enfreints, vous devez contacter l&rsquo;Autorit\u00e9 de protection des donn\u00e9es (DPA) de votre pays ou le Commissaire f\u00e9d\u00e9ral suisse \u00e0 la protection des donn\u00e9es et \u00e0 l&rsquo;information. Vous pouvez rechercher l&rsquo;Autorit\u00e9 de protection des donn\u00e9es de votre pays en entrant le nom de votre pays suivi des mots \u00ab autorit\u00e9 de protection des donn\u00e9es \u00bb ou \u00ab bureau de confidentialit\u00e9 \u00bb dans une page de recherche Internet telle que <a href=\"http:\/\/www.google.com\">www.google.com<\/a>.<\/p>\n\n\n\n<p><\/p>\n","protected":false},"excerpt":{"rendered":"<p>Pourquoi vos informations personnelles seront collect\u00e9es Vous (d\u00e9fini dans cet Avis de confidentialit\u00e9 comme \u00ab Vous \u00bb ou \u00ab Vos \u00bb) pourriez \u00eatre invit\u00e9 \u00e0 fournir des informations personnellement identifiables lors de la compl\u00e9tion d&rsquo;un formulaire (d\u00e9fini dans cet Avis de confidentialit\u00e9 comme une \u00ab Demande marketing \u00bb ou \u00ab la Demande marketing \u00bb) via [&hellip;]<\/p>\n","protected":false},"author":28,"featured_media":1954,"parent":0,"menu_order":0,"comment_status":"closed","ping_status":"closed","template":"","meta":{"featured_image_focal_point":{"x":0.59,"y":0.56},"footnotes":""},"wf_page_folders":[],"class_list":["post-1952","page","type-page","status-publish","has-post-thumbnail","hentry"],"yoast_head":"<!-- This site is optimized with the Yoast SEO plugin v26.2 - https:\/\/yoast.com\/wordpress\/plugins\/seo\/ -->\n<title>Avis de confidentialit\u00e9 - Canada (French)<\/title>\n<meta name=\"description\" content=\"Cet Avis de confidentialit\u00e9 explique comment BIW utilise et prot\u00e8ge les informations que BIW collecte directement aupr\u00e8s de vous, re\u00e7oit de\" \/>\n<meta name=\"robots\" content=\"index, follow, max-snippet:-1, max-image-preview:large, max-video-preview:-1\" \/>\n<link rel=\"canonical\" href=\"https:\/\/www.biworldwide.ca\/fr\/avis-de-confidentialite\/\" \/>\n<meta property=\"og:locale\" content=\"fr_CA\" \/>\n<meta property=\"og:type\" content=\"article\" \/>\n<meta property=\"og:title\" content=\"Avis de confidentialit\u00e9 - Canada (French)\" \/>\n<meta property=\"og:description\" content=\"Cet Avis de confidentialit\u00e9 explique comment BIW utilise et prot\u00e8ge les informations que BIW collecte directement aupr\u00e8s de vous, re\u00e7oit de\" \/>\n<meta property=\"og:url\" content=\"https:\/\/www.biworldwide.ca\/fr\/avis-de-confidentialite\/\" \/>\n<meta property=\"og:site_name\" content=\"Canada (French)\" \/>\n<meta property=\"article:modified_time\" content=\"2025-04-03T22:24:02+00:00\" \/>\n<meta property=\"og:image\" content=\"https:\/\/www.biworldwide.ca\/fr\/wp-content\/uploads\/sites\/9\/2025\/03\/Privacy-CyberLocks-1728x450-1.jpg\" \/>\n\t<meta property=\"og:image:width\" content=\"1728\" \/>\n\t<meta property=\"og:image:height\" content=\"780\" \/>\n\t<meta property=\"og:image:type\" content=\"image\/jpeg\" \/>\n<meta name=\"twitter:card\" content=\"summary_large_image\" \/>\n<meta name=\"twitter:label1\" content=\"Est. reading time\" \/>\n\t<meta name=\"twitter:data1\" content=\"9 minutes\" \/>\n<script type=\"application\/ld+json\" class=\"yoast-schema-graph\">{\"@context\":\"https:\/\/schema.org\",\"@graph\":[{\"@type\":\"WebPage\",\"@id\":\"https:\/\/www.biworldwide.ca\/fr\/avis-de-confidentialite\/\",\"url\":\"https:\/\/www.biworldwide.ca\/fr\/avis-de-confidentialite\/\",\"name\":\"Avis de confidentialit\u00e9 - Canada (French)\",\"isPartOf\":{\"@id\":\"https:\/\/www.biworldwide.ca\/fr\/#website\"},\"primaryImageOfPage\":{\"@id\":\"https:\/\/www.biworldwide.ca\/fr\/avis-de-confidentialite\/#primaryimage\"},\"image\":{\"@id\":\"https:\/\/www.biworldwide.ca\/fr\/avis-de-confidentialite\/#primaryimage\"},\"thumbnailUrl\":\"https:\/\/www.biworldwide.ca\/fr\/wp-content\/uploads\/sites\/9\/2025\/03\/Privacy-CyberLocks-1728x450-1.jpg\",\"datePublished\":\"2025-03-28T23:11:15+00:00\",\"dateModified\":\"2025-04-03T22:24:02+00:00\",\"description\":\"Cet Avis de confidentialit\u00e9 explique comment BIW utilise et prot\u00e8ge les informations que BIW collecte directement aupr\u00e8s de vous, re\u00e7oit de\",\"breadcrumb\":{\"@id\":\"https:\/\/www.biworldwide.ca\/fr\/avis-de-confidentialite\/#breadcrumb\"},\"inLanguage\":\"fr-CA\",\"potentialAction\":[{\"@type\":\"ReadAction\",\"target\":[\"https:\/\/www.biworldwide.ca\/fr\/avis-de-confidentialite\/\"]}]},{\"@type\":\"ImageObject\",\"inLanguage\":\"fr-CA\",\"@id\":\"https:\/\/www.biworldwide.ca\/fr\/avis-de-confidentialite\/#primaryimage\",\"url\":\"https:\/\/www.biworldwide.ca\/fr\/wp-content\/uploads\/sites\/9\/2025\/03\/Privacy-CyberLocks-1728x450-1.jpg\",\"contentUrl\":\"https:\/\/www.biworldwide.ca\/fr\/wp-content\/uploads\/sites\/9\/2025\/03\/Privacy-CyberLocks-1728x450-1.jpg\",\"width\":1728,\"height\":780,\"caption\":\"Art num\u00e9rique de cadenas bleus lumineux, dont un ouvert au centre, symbolisant la cybers\u00e9curit\u00e9. Les cadenas sont entour\u00e9s de motifs de circuits complexes et de codes binaires, cr\u00e9ant un th\u00e8me technologique futuriste et s\u00e9curis\u00e9.\"},{\"@type\":\"BreadcrumbList\",\"@id\":\"https:\/\/www.biworldwide.ca\/fr\/avis-de-confidentialite\/#breadcrumb\",\"itemListElement\":[{\"@type\":\"ListItem\",\"position\":1,\"name\":\"Home\",\"item\":\"https:\/\/www.biworldwide.ca\/fr\/\"},{\"@type\":\"ListItem\",\"position\":2,\"name\":\"Avis de confidentialit\u00e9\"}]},{\"@type\":\"WebSite\",\"@id\":\"https:\/\/www.biworldwide.ca\/fr\/#website\",\"url\":\"https:\/\/www.biworldwide.ca\/fr\/\",\"name\":\"Canada (French)\",\"description\":\"\",\"potentialAction\":[{\"@type\":\"SearchAction\",\"target\":{\"@type\":\"EntryPoint\",\"urlTemplate\":\"https:\/\/www.biworldwide.ca\/fr\/?s={search_term_string}\"},\"query-input\":{\"@type\":\"PropertyValueSpecification\",\"valueRequired\":true,\"valueName\":\"search_term_string\"}}],\"inLanguage\":\"fr-CA\"}]}<\/script>\n<!-- \/ Yoast SEO plugin. -->","yoast_head_json":{"title":"Avis de confidentialit\u00e9 - Canada (French)","description":"Cet Avis de confidentialit\u00e9 explique comment BIW utilise et prot\u00e8ge les informations que BIW collecte directement aupr\u00e8s de vous, re\u00e7oit de","robots":{"index":"index","follow":"follow","max-snippet":"max-snippet:-1","max-image-preview":"max-image-preview:large","max-video-preview":"max-video-preview:-1"},"canonical":"https:\/\/www.biworldwide.ca\/fr\/avis-de-confidentialite\/","og_locale":"fr_CA","og_type":"article","og_title":"Avis de confidentialit\u00e9 - Canada (French)","og_description":"Cet Avis de confidentialit\u00e9 explique comment BIW utilise et prot\u00e8ge les informations que BIW collecte directement aupr\u00e8s de vous, re\u00e7oit de","og_url":"https:\/\/www.biworldwide.ca\/fr\/avis-de-confidentialite\/","og_site_name":"Canada (French)","article_modified_time":"2025-04-03T22:24:02+00:00","og_image":[{"width":1728,"height":780,"url":"https:\/\/www.biworldwide.ca\/fr\/wp-content\/uploads\/sites\/9\/2025\/03\/Privacy-CyberLocks-1728x450-1.jpg","type":"image\/jpeg"}],"twitter_card":"summary_large_image","twitter_misc":{"Est. reading time":"9 minutes"},"schema":{"@context":"https:\/\/schema.org","@graph":[{"@type":"WebPage","@id":"https:\/\/www.biworldwide.ca\/fr\/avis-de-confidentialite\/","url":"https:\/\/www.biworldwide.ca\/fr\/avis-de-confidentialite\/","name":"Avis de confidentialit\u00e9 - Canada (French)","isPartOf":{"@id":"https:\/\/www.biworldwide.ca\/fr\/#website"},"primaryImageOfPage":{"@id":"https:\/\/www.biworldwide.ca\/fr\/avis-de-confidentialite\/#primaryimage"},"image":{"@id":"https:\/\/www.biworldwide.ca\/fr\/avis-de-confidentialite\/#primaryimage"},"thumbnailUrl":"https:\/\/www.biworldwide.ca\/fr\/wp-content\/uploads\/sites\/9\/2025\/03\/Privacy-CyberLocks-1728x450-1.jpg","datePublished":"2025-03-28T23:11:15+00:00","dateModified":"2025-04-03T22:24:02+00:00","description":"Cet Avis de confidentialit\u00e9 explique comment BIW utilise et prot\u00e8ge les informations que BIW collecte directement aupr\u00e8s de vous, re\u00e7oit de","breadcrumb":{"@id":"https:\/\/www.biworldwide.ca\/fr\/avis-de-confidentialite\/#breadcrumb"},"inLanguage":"fr-CA","potentialAction":[{"@type":"ReadAction","target":["https:\/\/www.biworldwide.ca\/fr\/avis-de-confidentialite\/"]}]},{"@type":"ImageObject","inLanguage":"fr-CA","@id":"https:\/\/www.biworldwide.ca\/fr\/avis-de-confidentialite\/#primaryimage","url":"https:\/\/www.biworldwide.ca\/fr\/wp-content\/uploads\/sites\/9\/2025\/03\/Privacy-CyberLocks-1728x450-1.jpg","contentUrl":"https:\/\/www.biworldwide.ca\/fr\/wp-content\/uploads\/sites\/9\/2025\/03\/Privacy-CyberLocks-1728x450-1.jpg","width":1728,"height":780,"caption":"Art num\u00e9rique de cadenas bleus lumineux, dont un ouvert au centre, symbolisant la cybers\u00e9curit\u00e9. Les cadenas sont entour\u00e9s de motifs de circuits complexes et de codes binaires, cr\u00e9ant un th\u00e8me technologique futuriste et s\u00e9curis\u00e9."},{"@type":"BreadcrumbList","@id":"https:\/\/www.biworldwide.ca\/fr\/avis-de-confidentialite\/#breadcrumb","itemListElement":[{"@type":"ListItem","position":1,"name":"Home","item":"https:\/\/www.biworldwide.ca\/fr\/"},{"@type":"ListItem","position":2,"name":"Avis de confidentialit\u00e9"}]},{"@type":"WebSite","@id":"https:\/\/www.biworldwide.ca\/fr\/#website","url":"https:\/\/www.biworldwide.ca\/fr\/","name":"Canada (French)","description":"","potentialAction":[{"@type":"SearchAction","target":{"@type":"EntryPoint","urlTemplate":"https:\/\/www.biworldwide.ca\/fr\/?s={search_term_string}"},"query-input":{"@type":"PropertyValueSpecification","valueRequired":true,"valueName":"search_term_string"}}],"inLanguage":"fr-CA"}]}},"_links":{"self":[{"href":"https:\/\/www.biworldwide.ca\/fr\/wp-json\/wp\/v2\/pages\/1952","targetHints":{"allow":["GET"]}}],"collection":[{"href":"https:\/\/www.biworldwide.ca\/fr\/wp-json\/wp\/v2\/pages"}],"about":[{"href":"https:\/\/www.biworldwide.ca\/fr\/wp-json\/wp\/v2\/types\/page"}],"author":[{"embeddable":true,"href":"https:\/\/www.biworldwide.ca\/fr\/wp-json\/wp\/v2\/users\/28"}],"replies":[{"embeddable":true,"href":"https:\/\/www.biworldwide.ca\/fr\/wp-json\/wp\/v2\/comments?post=1952"}],"version-history":[{"count":15,"href":"https:\/\/www.biworldwide.ca\/fr\/wp-json\/wp\/v2\/pages\/1952\/revisions"}],"predecessor-version":[{"id":2277,"href":"https:\/\/www.biworldwide.ca\/fr\/wp-json\/wp\/v2\/pages\/1952\/revisions\/2277"}],"wp:featuredmedia":[{"embeddable":true,"href":"https:\/\/www.biworldwide.ca\/fr\/wp-json\/wp\/v2\/media\/1954"}],"wp:attachment":[{"href":"https:\/\/www.biworldwide.ca\/fr\/wp-json\/wp\/v2\/media?parent=1952"}],"wp:term":[{"taxonomy":"wf_page_folders","embeddable":true,"href":"https:\/\/www.biworldwide.ca\/fr\/wp-json\/wp\/v2\/wf_page_folders?post=1952"}],"curies":[{"name":"wp","href":"https:\/\/api.w.org\/{rel}","templated":true}]}}