{"id":188,"date":"2025-01-14T17:08:16","date_gmt":"2025-01-14T17:08:16","guid":{"rendered":"https:\/\/live-biw-main.pantheonsite.io\/?page_id=188"},"modified":"2025-04-07T12:32:28","modified_gmt":"2025-04-07T19:32:28","slug":"conditions","status":"publish","type":"page","link":"https:\/\/www.biworldwide.ca\/fr\/conditions\/","title":{"rendered":"Conditions"},"content":{"rendered":"\n<div class=\"wp-block-group  layout-columns-8 has-global-padding is-layout-constrained wp-container-core-group-is-layout-fce79bf6 wp-block-group-is-layout-constrained\">\n<p class=\"has-xxl-font-size\"><strong>Conditions d&rsquo;utilisation<\/strong><\/p>\n\n\n\n<p>Les informations contenues dans ce site Web sont la propri\u00e9t\u00e9 de BI WORLDWIDE\u2122 et de ses fournisseurs, et sont prot\u00e9g\u00e9es conform\u00e9ment \u00e0 la loi applicable sur le droit d&rsquo;auteur. Vous acceptez de ne pas reproduire, retransmettre, diffuser, vendre, distribuer, publier, transmettre, commercialiser ou exploiter les informations de quelque mani\u00e8re que ce soit sans le consentement \u00e9crit expr\u00e8s de BI WORLDWIDE et des autres fournisseurs concern\u00e9s.<\/p>\n\n\n\n<p>BI WORLDWIDE\u2122 ne fournit aucune garantie de qualit\u00e9 marchande, aucune garantie d&rsquo;adaptation \u00e0 un objectif particulier et aucune garantie d&rsquo;absence de contrefa\u00e7on. Il n&rsquo;y a aucune garantie, expresse ou implicite, concernant les informations contenues sur ce site Web.<\/p>\n\n\n\n<p>Ni BI WORLDWIDE\u2122, ni ses agents, repr\u00e9sentants ou sous-traitants transmettant des informations via ce site Web ne sauraient \u00eatre tenus responsables des dommages cons\u00e9cutifs, accessoires, sp\u00e9ciaux ou indirects (y compris les pertes de b\u00e9n\u00e9fices et les dommages pouvant r\u00e9sulter d&rsquo;inconv\u00e9nients, retards ou pertes d&rsquo;utilisation des informations, ou des omissions ou inexactitudes dans les informations) m\u00eame s&rsquo;ils sont inform\u00e9s de la possibilit\u00e9 de tels dommages.<\/p>\n\n\n\n<p>\u00c0 l&rsquo;occasion, des modifications peuvent survenir dans les diff\u00e9rents plans d&rsquo;assurance et d&rsquo;avantages. BI WORLDWIDE\u2122 se r\u00e9serve le droit de d\u00e9finir les dispositions d&rsquo;un plan et de modifier, amender ou mettre fin \u00e0 l&rsquo;un des plans d&rsquo;avantages offerts \u00e0 tout moment et pour toute raison sans pr\u00e9avis aux associ\u00e9s, conform\u00e9ment \u00e0 la loi.<\/p>\n\n\n\n<p>Copyright \u00a9 2025 BI WORLDWIDE\u2122<\/p>\n\n\n\n<p>BI WORLDWIDE\u2122 est un nom commercial de Schoeneckers, Inc.<\/p>\n<\/div>\n","protected":false},"excerpt":{"rendered":"<p>Conditions d&rsquo;utilisation Les informations contenues dans ce site Web sont la propri\u00e9t\u00e9 de BI WORLDWIDE\u2122 et de ses fournisseurs, et sont prot\u00e9g\u00e9es conform\u00e9ment \u00e0 la loi applicable sur le droit d&rsquo;auteur. Vous acceptez de ne pas reproduire, retransmettre, diffuser, vendre, distribuer, publier, transmettre, commercialiser ou exploiter les informations de quelque mani\u00e8re que ce soit sans [&hellip;]<\/p>\n","protected":false},"author":11,"featured_media":0,"parent":0,"menu_order":0,"comment_status":"closed","ping_status":"closed","template":"","meta":{"featured_image_focal_point":{"x":0.5,"y":0.5},"footnotes":""},"wf_page_folders":[],"class_list":["post-188","page","type-page","status-publish","hentry"],"yoast_head":"<!-- This site is optimized with the Yoast SEO plugin v26.2 - https:\/\/yoast.com\/wordpress\/plugins\/seo\/ -->\n<title>Conditions - Canada (French)<\/title>\n<meta name=\"description\" content=\"BI WORLDWIDE\u2122 ne fournit aucune garantie de qualit\u00e9 marchande, aucune garantie d&#039;adaptation \u00e0 un objectif particulier et aucune garantie\" \/>\n<meta name=\"robots\" content=\"index, follow, max-snippet:-1, max-image-preview:large, max-video-preview:-1\" \/>\n<link rel=\"canonical\" href=\"https:\/\/www.biworldwide.ca\/fr\/conditions\/\" \/>\n<meta property=\"og:locale\" content=\"fr_CA\" \/>\n<meta property=\"og:type\" content=\"article\" \/>\n<meta property=\"og:title\" content=\"Conditions - Canada (French)\" \/>\n<meta property=\"og:description\" content=\"BI WORLDWIDE\u2122 ne fournit aucune garantie de qualit\u00e9 marchande, aucune garantie d&#039;adaptation \u00e0 un objectif particulier et aucune garantie\" \/>\n<meta property=\"og:url\" content=\"https:\/\/www.biworldwide.ca\/fr\/conditions\/\" \/>\n<meta property=\"og:site_name\" content=\"Canada (French)\" \/>\n<meta property=\"article:modified_time\" content=\"2025-04-07T19:32:28+00:00\" \/>\n<meta name=\"twitter:card\" content=\"summary_large_image\" \/>\n<meta name=\"twitter:label1\" content=\"Est. reading time\" \/>\n\t<meta name=\"twitter:data1\" content=\"2 minutes\" \/>\n<script type=\"application\/ld+json\" class=\"yoast-schema-graph\">{\"@context\":\"https:\/\/schema.org\",\"@graph\":[{\"@type\":\"WebPage\",\"@id\":\"https:\/\/www.biworldwide.ca\/fr\/conditions\/\",\"url\":\"https:\/\/www.biworldwide.ca\/fr\/conditions\/\",\"name\":\"Conditions - Canada (French)\",\"isPartOf\":{\"@id\":\"https:\/\/www.biworldwide.ca\/fr\/#website\"},\"datePublished\":\"2025-01-14T17:08:16+00:00\",\"dateModified\":\"2025-04-07T19:32:28+00:00\",\"description\":\"BI WORLDWIDE\u2122 ne fournit aucune garantie de qualit\u00e9 marchande, aucune garantie d'adaptation \u00e0 un objectif particulier et aucune garantie\",\"breadcrumb\":{\"@id\":\"https:\/\/www.biworldwide.ca\/fr\/conditions\/#breadcrumb\"},\"inLanguage\":\"fr-CA\",\"potentialAction\":[{\"@type\":\"ReadAction\",\"target\":[\"https:\/\/www.biworldwide.ca\/fr\/conditions\/\"]}]},{\"@type\":\"BreadcrumbList\",\"@id\":\"https:\/\/www.biworldwide.ca\/fr\/conditions\/#breadcrumb\",\"itemListElement\":[{\"@type\":\"ListItem\",\"position\":1,\"name\":\"Home\",\"item\":\"https:\/\/www.biworldwide.ca\/fr\/\"},{\"@type\":\"ListItem\",\"position\":2,\"name\":\"Conditions\"}]},{\"@type\":\"WebSite\",\"@id\":\"https:\/\/www.biworldwide.ca\/fr\/#website\",\"url\":\"https:\/\/www.biworldwide.ca\/fr\/\",\"name\":\"Canada (French)\",\"description\":\"\",\"potentialAction\":[{\"@type\":\"SearchAction\",\"target\":{\"@type\":\"EntryPoint\",\"urlTemplate\":\"https:\/\/www.biworldwide.ca\/fr\/?s={search_term_string}\"},\"query-input\":{\"@type\":\"PropertyValueSpecification\",\"valueRequired\":true,\"valueName\":\"search_term_string\"}}],\"inLanguage\":\"fr-CA\"}]}<\/script>\n<!-- \/ Yoast SEO plugin. -->","yoast_head_json":{"title":"Conditions - Canada (French)","description":"BI WORLDWIDE\u2122 ne fournit aucune garantie de qualit\u00e9 marchande, aucune garantie d'adaptation \u00e0 un objectif particulier et aucune garantie","robots":{"index":"index","follow":"follow","max-snippet":"max-snippet:-1","max-image-preview":"max-image-preview:large","max-video-preview":"max-video-preview:-1"},"canonical":"https:\/\/www.biworldwide.ca\/fr\/conditions\/","og_locale":"fr_CA","og_type":"article","og_title":"Conditions - Canada (French)","og_description":"BI WORLDWIDE\u2122 ne fournit aucune garantie de qualit\u00e9 marchande, aucune garantie d'adaptation \u00e0 un objectif particulier et aucune garantie","og_url":"https:\/\/www.biworldwide.ca\/fr\/conditions\/","og_site_name":"Canada (French)","article_modified_time":"2025-04-07T19:32:28+00:00","twitter_card":"summary_large_image","twitter_misc":{"Est. reading time":"2 minutes"},"schema":{"@context":"https:\/\/schema.org","@graph":[{"@type":"WebPage","@id":"https:\/\/www.biworldwide.ca\/fr\/conditions\/","url":"https:\/\/www.biworldwide.ca\/fr\/conditions\/","name":"Conditions - Canada (French)","isPartOf":{"@id":"https:\/\/www.biworldwide.ca\/fr\/#website"},"datePublished":"2025-01-14T17:08:16+00:00","dateModified":"2025-04-07T19:32:28+00:00","description":"BI WORLDWIDE\u2122 ne fournit aucune garantie de qualit\u00e9 marchande, aucune garantie d'adaptation \u00e0 un objectif particulier et aucune garantie","breadcrumb":{"@id":"https:\/\/www.biworldwide.ca\/fr\/conditions\/#breadcrumb"},"inLanguage":"fr-CA","potentialAction":[{"@type":"ReadAction","target":["https:\/\/www.biworldwide.ca\/fr\/conditions\/"]}]},{"@type":"BreadcrumbList","@id":"https:\/\/www.biworldwide.ca\/fr\/conditions\/#breadcrumb","itemListElement":[{"@type":"ListItem","position":1,"name":"Home","item":"https:\/\/www.biworldwide.ca\/fr\/"},{"@type":"ListItem","position":2,"name":"Conditions"}]},{"@type":"WebSite","@id":"https:\/\/www.biworldwide.ca\/fr\/#website","url":"https:\/\/www.biworldwide.ca\/fr\/","name":"Canada (French)","description":"","potentialAction":[{"@type":"SearchAction","target":{"@type":"EntryPoint","urlTemplate":"https:\/\/www.biworldwide.ca\/fr\/?s={search_term_string}"},"query-input":{"@type":"PropertyValueSpecification","valueRequired":true,"valueName":"search_term_string"}}],"inLanguage":"fr-CA"}]}},"_links":{"self":[{"href":"https:\/\/www.biworldwide.ca\/fr\/wp-json\/wp\/v2\/pages\/188","targetHints":{"allow":["GET"]}}],"collection":[{"href":"https:\/\/www.biworldwide.ca\/fr\/wp-json\/wp\/v2\/pages"}],"about":[{"href":"https:\/\/www.biworldwide.ca\/fr\/wp-json\/wp\/v2\/types\/page"}],"author":[{"embeddable":true,"href":"https:\/\/www.biworldwide.ca\/fr\/wp-json\/wp\/v2\/users\/11"}],"replies":[{"embeddable":true,"href":"https:\/\/www.biworldwide.ca\/fr\/wp-json\/wp\/v2\/comments?post=188"}],"version-history":[{"count":3,"href":"https:\/\/www.biworldwide.ca\/fr\/wp-json\/wp\/v2\/pages\/188\/revisions"}],"predecessor-version":[{"id":2221,"href":"https:\/\/www.biworldwide.ca\/fr\/wp-json\/wp\/v2\/pages\/188\/revisions\/2221"}],"wp:attachment":[{"href":"https:\/\/www.biworldwide.ca\/fr\/wp-json\/wp\/v2\/media?parent=188"}],"wp:term":[{"taxonomy":"wf_page_folders","embeddable":true,"href":"https:\/\/www.biworldwide.ca\/fr\/wp-json\/wp\/v2\/wf_page_folders?post=188"}],"curies":[{"name":"wp","href":"https:\/\/api.w.org\/{rel}","templated":true}]}}