{"id":1855,"date":"2025-03-27T13:23:28","date_gmt":"2025-03-27T20:23:28","guid":{"rendered":"https:\/\/www.biworldwide.ca\/fr\/?page_id=1855"},"modified":"2025-04-02T15:55:20","modified_gmt":"2025-04-02T22:55:20","slug":"opportunites-actuelles","status":"publish","type":"page","link":"https:\/\/www.biworldwide.ca\/fr\/a-propos-de-nous\/carrieres\/opportunites-actuelles\/","title":{"rendered":"Opportunit\u00e9s actuelles"},"content":{"rendered":"<div class=\" has-content-align-left has-overlay has-overlay--dark alignfull wp-block-biw-block-theme-hero\">\n\t<div class=\"biw-hero__grid\">\n\t\t\t\t\t<div class=\"biw-hero__breadcrumbs\">\n\t\t\t\t<div id=\"breadcrumbs\" class=\"breadcrumb-nav__wrapper\"><span class=\"breadcrumb-nav\"><span><a href=\"https:\/\/www.biworldwide.ca\/fr\/\">Home<\/a><\/span><\/span><\/div>\t\t\t<\/div>\n\t\t\n\t\t\t\t\t<div class=\"biw-hero__media \">\n\t\t\t\t\t\t\t\t\t<div class=\"biw-hero__overlay overlay-dark\"><\/div>\n\t\t\t\t\t\t\t\t<img loading=\"lazy\" decoding=\"async\" width=\"1440\" height=\"630\" src=\"https:\/\/www.biworldwide.ca\/fr\/wp-content\/uploads\/sites\/9\/2025\/03\/careers_51496404_GPTW_2024-FR.jpg\" class=\"biw-hero__bg-image\" alt=\"Dans un bureau, trois personnes c\u00e9l\u00e8brent leur r\u00e9ussite en se tapant dans la main. Une femme sourit en participant. Sur le bureau, un ordinateur et des cahiers sont pos\u00e9s \u00e0 c\u00f4t\u00e9 d&#039;un badge rouge et bleu de certification \u00ab Great Place to Work \u00bb, soulignant leur engagement envers les opportunit\u00e9s actuelles pour tous.\" style=\"object-position: 50% 0%;\" srcset=\"https:\/\/www.biworldwide.ca\/fr\/wp-content\/uploads\/sites\/9\/2025\/03\/careers_51496404_GPTW_2024-FR.jpg 1440w, https:\/\/www.biworldwide.ca\/fr\/wp-content\/uploads\/sites\/9\/2025\/03\/careers_51496404_GPTW_2024-FR-300x131.jpg 300w, https:\/\/www.biworldwide.ca\/fr\/wp-content\/uploads\/sites\/9\/2025\/03\/careers_51496404_GPTW_2024-FR-1024x448.jpg 1024w, https:\/\/www.biworldwide.ca\/fr\/wp-content\/uploads\/sites\/9\/2025\/03\/careers_51496404_GPTW_2024-FR-768x336.jpg 768w\" sizes=\"auto, (max-width: 1440px) 100vw, 1440px\" \/>\t\t\t<\/div>\n\t\t\t\t<div class=\"biw-hero__content\">\n\t\t\t\t\t\t<h1 class=\"biw-hero__title\" style=\"line-height: 1.2\">\n\t\t\t\tOpportunit\u00e9s actuelles\t\t\t<\/h1>\n\t\t\t\t\t\t\t\t\t\t<div class=\"biw-hero__text\">\n\t\t\t\t\t\n\n<p>Nous sommes un leader mondial dans l&rsquo;engagement des employ\u00e9s, des canaux et des clients. Nous sommes ce leader gr\u00e2ce \u00e0 nos associ\u00e9s.<\/p>\n\n\t\t\t\t<\/div>\n\t\t\t\t\t\t\t\t<\/div>\n\t<\/div>\n<\/div>\n\n\n\n<p class=\"has-xl-font-size\"><strong>Il n&rsquo;y a actuellement aucune opportunit\u00e9 d&#8217;emploi disponible. Veuillez revenir plus tard.<\/strong><\/p>\n\n\n\n<hr class=\"wp-block-separator has-alpha-channel-opacity\" \/>\n\n\n\n<div class=\"wp-block-group alignfull has-global-padding is-layout-constrained wp-container-core-group-is-layout-97ab3c77 wp-block-group-is-layout-constrained\">\n<div class=\"wp-block-group has-text-align-center  layout-columns-8 has-global-padding is-layout-constrained wp-container-core-group-is-layout-ee362a79 wp-block-group-is-layout-constrained\">\n<h2 class=\"wp-block-heading has-text-align-center  has-text-wrap-pretty\">En savoir plus sur nous.<\/h2>\n\n\n\n<p class=\" has-text-wrap-balance\"><\/p>\n<\/div>\n\n\n\n<div class=\"wp-block-group  layout-columns-12 has-global-padding is-layout-constrained wp-container-core-group-is-layout-9e09659d wp-block-group-is-layout-constrained\">\n<div class=\"wp-block-group is-layout-grid wp-container-core-group-is-layout-c765d3c1 wp-block-group-is-layout-grid\"><div class=\" has-dynamic-border-radius has-link has-image-size-cover has-image-radius-none is-style-default wp-block-biw-block-theme-biw-card\">\n\t\t\t<figure class=\"biw-card__image-wrapper \">\n\t\t\t<img decoding=\"async\" src=\"http:\/\/live-biw-main.pantheonsite.io\/wp-content\/uploads\/2025\/03\/AboutUs-HomePageFeature-1300x732px.jpg\" alt=\"Two hands shaking, surrounded by digital symbols like email icons, social media logos, and various abstract data elements, representing a connection or agreement in a technology-driven environment. The background is a vibrant, colorful blur.\" class=\"biw-card__image\" style=\"object-position: 50% 50%;\">\t\t<\/figure>\n\t\t<div class=\"biw-card__content\">\n\t\t<h3 class=\"biw-card__title\">\n\t\t\t\t\t\t\t<a href=\"https:\/\/www.biworldwide.ca\/fr\/a-propos-de-nous\/\" >\n\t\t\t\t\u00c0 propos de nous\t\t\t\t<\/a>\n\t\t\t\t\t<\/h3>\n\t\t<div class=\"biw-card__text\">\n\n<p>Notre mission est de transformer l&rsquo;inspiration en r\u00e9sultats concrets pour nos clients. Nous savons mieux que quiconque comment attirer, engager et fid\u00e9liser les employ\u00e9s, organiser des concours et des incitations de vente efficaces, d\u00e9velopper des programmes dynamiques de fid\u00e9lisation client et cr\u00e9er des \u00e9v\u00e9nements d&rsquo;entreprise percutants.<\/p>\n\n<\/div>\n\t<\/div>\n\t\t\t<span class=\"biw-card__cta\">En savoir plus<\/span>\n\t<\/div>\n\n<div class=\" has-dynamic-border-radius has-link has-image-size-cover has-image-radius-none is-style-default wp-block-biw-block-theme-biw-card\">\n\t\t\t<figure class=\"biw-card__image-wrapper \">\n\t\t\t<img decoding=\"async\" src=\"http:\/\/live-biw-main.pantheonsite.io\/wp-content\/uploads\/2025\/02\/HowWeHelp-GlobeInHands-1728x600px-1.jpg\" alt=\"A person extends their hands, cupping a luminous digital globe adorned with world map lines, embodying corporate social responsibility. The backdrop is abstract, featuring a serene blend of bokeh lights and geometric shapes in hues of orange and gray.\" class=\"biw-card__image\" style=\"object-position: 50% 50%;\">\t\t<\/figure>\n\t\t<div class=\"biw-card__content\">\n\t\t<h3 class=\"biw-card__title\">\n\t\t\t\t\t\t\t<a href=\"https:\/\/www.biworldwide.ca\/fr\/a-propos-de-nous\/responsabilite-sociale-des-entreprises\/\" >\n\t\t\t\tResponsabilit\u00e9 sociale des entreprises\t\t\t\t<\/a>\n\t\t\t\t\t<\/h3>\n\t\t<div class=\"biw-card__text\">\n\n<p>Nous entreprenons un parcours visant \u00e0 organiser et maximiser nos efforts de responsabilit\u00e9 sociale chez BI WORLDWIDE. Nos dirigeants, associ\u00e9s et partenaires commerciaux collaborent main dans la main pour faire progresser notre mission : inspirer les gens et obtenir des r\u00e9sultats, tout en \u00e9tant des gardiens attentifs et responsables au sein de nos communaut\u00e9s.<\/p>\n\n<\/div>\n\t<\/div>\n\t\t\t<span class=\"biw-card__cta\">En savoir plus<\/span>\n\t<\/div>\n\n<div class=\" has-dynamic-border-radius has-link has-image-size-cover has-image-radius-none is-style-default wp-block-biw-block-theme-biw-card\">\n\t\t\t<figure class=\"biw-card__image-wrapper \">\n\t\t\t<img decoding=\"async\" src=\"http:\/\/live-biw-main.pantheonsite.io\/wp-content\/uploads\/2025\/03\/Benefits-HomePageFeature1300x732px.jpg\" alt=\"A hand carefully places a wooden block labeled Benefits atop a pyramid of blocks adorned with icons for growth, efficiency, teamwork, and innovation, all framed against a lush green and deep black background.\" class=\"biw-card__image\" style=\"object-position: 50% 50%;\">\t\t<\/figure>\n\t\t<div class=\"biw-card__content\">\n\t\t<h3 class=\"biw-card__title\">\n\t\t\t\t\t\t\t<a href=\"https:\/\/www.biworldwide.ca\/fr\/a-propos-de-nous\/avantages\/\" >\n\t\t\t\tAvantages\t\t\t\t<\/a>\n\t\t\t\t\t<\/h3>\n\t\t<div class=\"biw-card__text\">\n\n<p>Nous aidons les entreprises \u00e0 r\u00e9compenser et reconna\u00eetre leurs employ\u00e9s. Et nous ne faisons pas exception \u00e0 cette r\u00e8gle.<\/p>\n\n<\/div>\n\t<\/div>\n\t\t\t<span class=\"biw-card__cta\">En savoir plus<\/span>\n\t<\/div><\/div>\n<\/div>\n<\/div>\n","protected":false},"excerpt":{"rendered":"<p>Il n&rsquo;y a actuellement aucune opportunit\u00e9 d&#8217;emploi disponible. Veuillez revenir plus tard. En savoir plus sur nous.<\/p>\n","protected":false},"author":28,"featured_media":1859,"parent":172,"menu_order":0,"comment_status":"closed","ping_status":"closed","template":"","meta":{"featured_image_focal_point":{"x":0.94,"y":0},"footnotes":""},"wf_page_folders":[],"class_list":["post-1855","page","type-page","status-publish","has-post-thumbnail","hentry"],"yoast_head":"<!-- This site is optimized with the Yoast SEO plugin v26.2 - https:\/\/yoast.com\/wordpress\/plugins\/seo\/ -->\n<title>Opportunit\u00e9s actuelles - Canada (French)<\/title>\n<meta name=\"description\" content=\"Opportunit\u00e9s ActuellesNous sommes un leader mondial dans l&#039;engagement des employ\u00e9s, des canaux et des clients. Nous sommes ce leader gr\u00e2ce \u00e0\" \/>\n<meta name=\"robots\" content=\"index, follow, max-snippet:-1, max-image-preview:large, max-video-preview:-1\" \/>\n<link rel=\"canonical\" href=\"https:\/\/www.biworldwide.ca\/fr\/a-propos-de-nous\/carrieres\/opportunites-actuelles\/\" \/>\n<meta property=\"og:locale\" content=\"fr_CA\" \/>\n<meta property=\"og:type\" content=\"article\" \/>\n<meta property=\"og:title\" content=\"Opportunit\u00e9s actuelles - Canada (French)\" \/>\n<meta property=\"og:description\" content=\"Opportunit\u00e9s ActuellesNous sommes un leader mondial dans l&#039;engagement des employ\u00e9s, des canaux et des clients. Nous sommes ce leader gr\u00e2ce \u00e0\" \/>\n<meta property=\"og:url\" content=\"https:\/\/www.biworldwide.ca\/fr\/a-propos-de-nous\/carrieres\/opportunites-actuelles\/\" \/>\n<meta property=\"og:site_name\" content=\"Canada (French)\" \/>\n<meta property=\"article:modified_time\" content=\"2025-04-02T22:55:20+00:00\" \/>\n<meta property=\"og:image\" content=\"https:\/\/www.biworldwide.ca\/fr\/wp-content\/uploads\/sites\/9\/2025\/03\/careers_51496404_GPTW_2024-FR.jpg\" \/>\n\t<meta property=\"og:image:width\" content=\"1440\" \/>\n\t<meta property=\"og:image:height\" content=\"630\" \/>\n\t<meta property=\"og:image:type\" content=\"image\/jpeg\" \/>\n<meta name=\"twitter:card\" content=\"summary_large_image\" \/>\n<meta name=\"twitter:label1\" content=\"Est. reading time\" \/>\n\t<meta name=\"twitter:data1\" content=\"2 minutes\" \/>\n<script type=\"application\/ld+json\" class=\"yoast-schema-graph\">{\"@context\":\"https:\/\/schema.org\",\"@graph\":[{\"@type\":\"WebPage\",\"@id\":\"https:\/\/www.biworldwide.ca\/fr\/a-propos-de-nous\/carrieres\/opportunites-actuelles\/\",\"url\":\"https:\/\/www.biworldwide.ca\/fr\/a-propos-de-nous\/carrieres\/opportunites-actuelles\/\",\"name\":\"Opportunit\u00e9s actuelles - Canada (French)\",\"isPartOf\":{\"@id\":\"https:\/\/www.biworldwide.ca\/fr\/#website\"},\"primaryImageOfPage\":{\"@id\":\"https:\/\/www.biworldwide.ca\/fr\/a-propos-de-nous\/carrieres\/opportunites-actuelles\/#primaryimage\"},\"image\":{\"@id\":\"https:\/\/www.biworldwide.ca\/fr\/a-propos-de-nous\/carrieres\/opportunites-actuelles\/#primaryimage\"},\"thumbnailUrl\":\"https:\/\/www.biworldwide.ca\/fr\/wp-content\/uploads\/sites\/9\/2025\/03\/careers_51496404_GPTW_2024-FR.jpg\",\"datePublished\":\"2025-03-27T20:23:28+00:00\",\"dateModified\":\"2025-04-02T22:55:20+00:00\",\"description\":\"Opportunit\u00e9s ActuellesNous sommes un leader mondial dans l'engagement des employ\u00e9s, des canaux et des clients. Nous sommes ce leader gr\u00e2ce \u00e0\",\"breadcrumb\":{\"@id\":\"https:\/\/www.biworldwide.ca\/fr\/a-propos-de-nous\/carrieres\/opportunites-actuelles\/#breadcrumb\"},\"inLanguage\":\"fr-CA\",\"potentialAction\":[{\"@type\":\"ReadAction\",\"target\":[\"https:\/\/www.biworldwide.ca\/fr\/a-propos-de-nous\/carrieres\/opportunites-actuelles\/\"]}]},{\"@type\":\"ImageObject\",\"inLanguage\":\"fr-CA\",\"@id\":\"https:\/\/www.biworldwide.ca\/fr\/a-propos-de-nous\/carrieres\/opportunites-actuelles\/#primaryimage\",\"url\":\"https:\/\/www.biworldwide.ca\/fr\/wp-content\/uploads\/sites\/9\/2025\/03\/careers_51496404_GPTW_2024-FR.jpg\",\"contentUrl\":\"https:\/\/www.biworldwide.ca\/fr\/wp-content\/uploads\/sites\/9\/2025\/03\/careers_51496404_GPTW_2024-FR.jpg\",\"width\":1440,\"height\":630,\"caption\":\"Dans un bureau, trois personnes c\u00e9l\u00e8brent leur r\u00e9ussite en se tapant dans la main. Une femme sourit en participant. Sur le bureau, un ordinateur et des cahiers sont pos\u00e9s \u00e0 c\u00f4t\u00e9 d'un badge rouge et bleu de certification \u00ab Great Place to Work \u00bb, soulignant leur engagement envers les opportunit\u00e9s actuelles pour tous.\"},{\"@type\":\"BreadcrumbList\",\"@id\":\"https:\/\/www.biworldwide.ca\/fr\/a-propos-de-nous\/carrieres\/opportunites-actuelles\/#breadcrumb\",\"itemListElement\":[{\"@type\":\"ListItem\",\"position\":1,\"name\":\"Home\",\"item\":\"https:\/\/www.biworldwide.ca\/fr\/\"},{\"@type\":\"ListItem\",\"position\":2,\"name\":\"\u00c0 propos de nous\",\"item\":\"https:\/\/www.biworldwide.ca\/fr\/a-propos-de-nous\/\"},{\"@type\":\"ListItem\",\"position\":3,\"name\":\"Carri\u00e8res\",\"item\":\"https:\/\/www.biworldwide.ca\/fr\/a-propos-de-nous\/carrieres\/\"},{\"@type\":\"ListItem\",\"position\":4,\"name\":\"Opportunit\u00e9s actuelles\"}]},{\"@type\":\"WebSite\",\"@id\":\"https:\/\/www.biworldwide.ca\/fr\/#website\",\"url\":\"https:\/\/www.biworldwide.ca\/fr\/\",\"name\":\"Canada (French)\",\"description\":\"\",\"potentialAction\":[{\"@type\":\"SearchAction\",\"target\":{\"@type\":\"EntryPoint\",\"urlTemplate\":\"https:\/\/www.biworldwide.ca\/fr\/?s={search_term_string}\"},\"query-input\":{\"@type\":\"PropertyValueSpecification\",\"valueRequired\":true,\"valueName\":\"search_term_string\"}}],\"inLanguage\":\"fr-CA\"}]}<\/script>\n<!-- \/ Yoast SEO plugin. -->","yoast_head_json":{"title":"Opportunit\u00e9s actuelles - Canada (French)","description":"Opportunit\u00e9s ActuellesNous sommes un leader mondial dans l'engagement des employ\u00e9s, des canaux et des clients. Nous sommes ce leader gr\u00e2ce \u00e0","robots":{"index":"index","follow":"follow","max-snippet":"max-snippet:-1","max-image-preview":"max-image-preview:large","max-video-preview":"max-video-preview:-1"},"canonical":"https:\/\/www.biworldwide.ca\/fr\/a-propos-de-nous\/carrieres\/opportunites-actuelles\/","og_locale":"fr_CA","og_type":"article","og_title":"Opportunit\u00e9s actuelles - Canada (French)","og_description":"Opportunit\u00e9s ActuellesNous sommes un leader mondial dans l'engagement des employ\u00e9s, des canaux et des clients. Nous sommes ce leader gr\u00e2ce \u00e0","og_url":"https:\/\/www.biworldwide.ca\/fr\/a-propos-de-nous\/carrieres\/opportunites-actuelles\/","og_site_name":"Canada (French)","article_modified_time":"2025-04-02T22:55:20+00:00","og_image":[{"width":1440,"height":630,"url":"https:\/\/www.biworldwide.ca\/fr\/wp-content\/uploads\/sites\/9\/2025\/03\/careers_51496404_GPTW_2024-FR.jpg","type":"image\/jpeg"}],"twitter_card":"summary_large_image","twitter_misc":{"Est. reading time":"2 minutes"},"schema":{"@context":"https:\/\/schema.org","@graph":[{"@type":"WebPage","@id":"https:\/\/www.biworldwide.ca\/fr\/a-propos-de-nous\/carrieres\/opportunites-actuelles\/","url":"https:\/\/www.biworldwide.ca\/fr\/a-propos-de-nous\/carrieres\/opportunites-actuelles\/","name":"Opportunit\u00e9s actuelles - Canada (French)","isPartOf":{"@id":"https:\/\/www.biworldwide.ca\/fr\/#website"},"primaryImageOfPage":{"@id":"https:\/\/www.biworldwide.ca\/fr\/a-propos-de-nous\/carrieres\/opportunites-actuelles\/#primaryimage"},"image":{"@id":"https:\/\/www.biworldwide.ca\/fr\/a-propos-de-nous\/carrieres\/opportunites-actuelles\/#primaryimage"},"thumbnailUrl":"https:\/\/www.biworldwide.ca\/fr\/wp-content\/uploads\/sites\/9\/2025\/03\/careers_51496404_GPTW_2024-FR.jpg","datePublished":"2025-03-27T20:23:28+00:00","dateModified":"2025-04-02T22:55:20+00:00","description":"Opportunit\u00e9s ActuellesNous sommes un leader mondial dans l'engagement des employ\u00e9s, des canaux et des clients. Nous sommes ce leader gr\u00e2ce \u00e0","breadcrumb":{"@id":"https:\/\/www.biworldwide.ca\/fr\/a-propos-de-nous\/carrieres\/opportunites-actuelles\/#breadcrumb"},"inLanguage":"fr-CA","potentialAction":[{"@type":"ReadAction","target":["https:\/\/www.biworldwide.ca\/fr\/a-propos-de-nous\/carrieres\/opportunites-actuelles\/"]}]},{"@type":"ImageObject","inLanguage":"fr-CA","@id":"https:\/\/www.biworldwide.ca\/fr\/a-propos-de-nous\/carrieres\/opportunites-actuelles\/#primaryimage","url":"https:\/\/www.biworldwide.ca\/fr\/wp-content\/uploads\/sites\/9\/2025\/03\/careers_51496404_GPTW_2024-FR.jpg","contentUrl":"https:\/\/www.biworldwide.ca\/fr\/wp-content\/uploads\/sites\/9\/2025\/03\/careers_51496404_GPTW_2024-FR.jpg","width":1440,"height":630,"caption":"Dans un bureau, trois personnes c\u00e9l\u00e8brent leur r\u00e9ussite en se tapant dans la main. Une femme sourit en participant. Sur le bureau, un ordinateur et des cahiers sont pos\u00e9s \u00e0 c\u00f4t\u00e9 d'un badge rouge et bleu de certification \u00ab Great Place to Work \u00bb, soulignant leur engagement envers les opportunit\u00e9s actuelles pour tous."},{"@type":"BreadcrumbList","@id":"https:\/\/www.biworldwide.ca\/fr\/a-propos-de-nous\/carrieres\/opportunites-actuelles\/#breadcrumb","itemListElement":[{"@type":"ListItem","position":1,"name":"Home","item":"https:\/\/www.biworldwide.ca\/fr\/"},{"@type":"ListItem","position":2,"name":"\u00c0 propos de nous","item":"https:\/\/www.biworldwide.ca\/fr\/a-propos-de-nous\/"},{"@type":"ListItem","position":3,"name":"Carri\u00e8res","item":"https:\/\/www.biworldwide.ca\/fr\/a-propos-de-nous\/carrieres\/"},{"@type":"ListItem","position":4,"name":"Opportunit\u00e9s actuelles"}]},{"@type":"WebSite","@id":"https:\/\/www.biworldwide.ca\/fr\/#website","url":"https:\/\/www.biworldwide.ca\/fr\/","name":"Canada (French)","description":"","potentialAction":[{"@type":"SearchAction","target":{"@type":"EntryPoint","urlTemplate":"https:\/\/www.biworldwide.ca\/fr\/?s={search_term_string}"},"query-input":{"@type":"PropertyValueSpecification","valueRequired":true,"valueName":"search_term_string"}}],"inLanguage":"fr-CA"}]}},"_links":{"self":[{"href":"https:\/\/www.biworldwide.ca\/fr\/wp-json\/wp\/v2\/pages\/1855","targetHints":{"allow":["GET"]}}],"collection":[{"href":"https:\/\/www.biworldwide.ca\/fr\/wp-json\/wp\/v2\/pages"}],"about":[{"href":"https:\/\/www.biworldwide.ca\/fr\/wp-json\/wp\/v2\/types\/page"}],"author":[{"embeddable":true,"href":"https:\/\/www.biworldwide.ca\/fr\/wp-json\/wp\/v2\/users\/28"}],"replies":[{"embeddable":true,"href":"https:\/\/www.biworldwide.ca\/fr\/wp-json\/wp\/v2\/comments?post=1855"}],"version-history":[{"count":8,"href":"https:\/\/www.biworldwide.ca\/fr\/wp-json\/wp\/v2\/pages\/1855\/revisions"}],"predecessor-version":[{"id":2232,"href":"https:\/\/www.biworldwide.ca\/fr\/wp-json\/wp\/v2\/pages\/1855\/revisions\/2232"}],"up":[{"embeddable":true,"href":"https:\/\/www.biworldwide.ca\/fr\/wp-json\/wp\/v2\/pages\/172"}],"wp:featuredmedia":[{"embeddable":true,"href":"https:\/\/www.biworldwide.ca\/fr\/wp-json\/wp\/v2\/media\/1859"}],"wp:attachment":[{"href":"https:\/\/www.biworldwide.ca\/fr\/wp-json\/wp\/v2\/media?parent=1855"}],"wp:term":[{"taxonomy":"wf_page_folders","embeddable":true,"href":"https:\/\/www.biworldwide.ca\/fr\/wp-json\/wp\/v2\/wf_page_folders?post=1855"}],"curies":[{"name":"wp","href":"https:\/\/api.w.org\/{rel}","templated":true}]}}