{"id":182,"date":"2025-01-14T17:07:45","date_gmt":"2025-01-14T17:07:45","guid":{"rendered":"https:\/\/live-biw-main.pantheonsite.io\/?page_id=182"},"modified":"2025-04-03T11:45:11","modified_gmt":"2025-04-03T18:45:11","slug":"declaration-daccessibilite","status":"publish","type":"page","link":"https:\/\/www.biworldwide.ca\/fr\/declaration-daccessibilite\/","title":{"rendered":"D\u00e9claration d&rsquo;accessibilit\u00e9"},"content":{"rendered":"\n<h2 class=\"wp-block-heading\">D\u00e9claration d&rsquo;accessibilit\u00e9<\/h2>\n\n\n\n<p>BI WORLDWIDE s&rsquo;engage \u00e0 fournir un site web accessible au plus grand nombre, quelles que soient les technologies ou les capacit\u00e9s. Nous travaillons activement \u00e0 am\u00e9liorer l&rsquo;accessibilit\u00e9 et la convivialit\u00e9 de notre site web et, ce faisant, \u00e0 respecter de nombreuses normes et directives disponibles.<\/p>\n\n\n\n<p>Ce site web s&rsquo;efforce de se conformer au niveau Double-A des R\u00e8gles pour l&rsquo;accessibilit\u00e9 des contenus Web (WCAG) 2.1 du World Wide Web Consortium (W3C). Ces directives expliquent comment rendre le contenu web plus accessible aux personnes handicap\u00e9es. La conformit\u00e9 \u00e0 ces directives contribuera \u00e0 rendre le web plus convivial pour tous.<\/p>\n\n\n\n<p>Ce site a \u00e9t\u00e9 con\u00e7u \u00e0 l&rsquo;aide d&rsquo;un code conforme aux normes W3C pour HTML et CSS. Le site s&rsquo;affiche correctement dans les navigateurs actuels, et l&rsquo;utilisation d&rsquo;un code HTML\/CSS conforme aux normes garantit qu&rsquo;il s&rsquo;affichera \u00e9galement correctement dans les futurs navigateurs.<\/p>\n\n\n\n<p><br>Bien que BI WORLDWIDE s&rsquo;efforce de respecter les directives et normes accept\u00e9es en mati\u00e8re d&rsquo;accessibilit\u00e9 et de convivialit\u00e9, il n&rsquo;est pas toujours possible de le faire dans toutes les sections du site web.<\/p>\n\n\n\n<p>Nous cherchons continuellement des solutions pour que toutes les sections du site atteignent le m\u00eame niveau d&rsquo;accessibilit\u00e9 web global. En attendant, si vous rencontrez des difficult\u00e9s pour acc\u00e9der au site <a href=\"http:\/\/www.biworldwide.ca\">www.biworldwide.ca<\/a>, n&rsquo;h\u00e9sitez pas \u00e0 nous contacter \u00e0 l&rsquo;adresse\u00a0<a href=\"mailto:canada@biworldwide.com\" target=\"_blank\" rel=\"noreferrer noopener\">canada@biworldwide.com<\/a>.\u00a0<\/p>\n","protected":false},"excerpt":{"rendered":"<p>D\u00e9claration d&rsquo;accessibilit\u00e9 BI WORLDWIDE s&rsquo;engage \u00e0 fournir un site web accessible au plus grand nombre, quelles que soient les technologies ou les capacit\u00e9s. Nous travaillons activement \u00e0 am\u00e9liorer l&rsquo;accessibilit\u00e9 et la convivialit\u00e9 de notre site web et, ce faisant, \u00e0 respecter de nombreuses normes et directives disponibles. Ce site web s&rsquo;efforce de se conformer au [&hellip;]<\/p>\n","protected":false},"author":11,"featured_media":0,"parent":0,"menu_order":0,"comment_status":"closed","ping_status":"closed","template":"","meta":{"featured_image_focal_point":{"x":0.5,"y":0.5},"footnotes":""},"wf_page_folders":[],"class_list":["post-182","page","type-page","status-publish","hentry"],"yoast_head":"<!-- This site is optimized with the Yoast SEO plugin v26.2 - https:\/\/yoast.com\/wordpress\/plugins\/seo\/ -->\n<title>D\u00e9claration d&#039;accessibilit\u00e9 - Canada (French)<\/title>\n<meta name=\"description\" content=\"BI WORLDWIDE s&#039;engage \u00e0 fournir un site web accessible au plus grand nombre, quelles que soient les technologies ou les capacit\u00e9s.\" \/>\n<meta name=\"robots\" content=\"index, follow, max-snippet:-1, max-image-preview:large, max-video-preview:-1\" \/>\n<link rel=\"canonical\" href=\"https:\/\/www.biworldwide.ca\/fr\/declaration-daccessibilite\/\" \/>\n<meta property=\"og:locale\" content=\"fr_CA\" \/>\n<meta property=\"og:type\" content=\"article\" \/>\n<meta property=\"og:title\" content=\"D\u00e9claration d&#039;accessibilit\u00e9 - Canada (French)\" \/>\n<meta property=\"og:description\" content=\"BI WORLDWIDE s&#039;engage \u00e0 fournir un site web accessible au plus grand nombre, quelles que soient les technologies ou les capacit\u00e9s.\" \/>\n<meta property=\"og:url\" content=\"https:\/\/www.biworldwide.ca\/fr\/declaration-daccessibilite\/\" \/>\n<meta property=\"og:site_name\" content=\"Canada (French)\" \/>\n<meta property=\"article:modified_time\" content=\"2025-04-03T18:45:11+00:00\" \/>\n<meta name=\"twitter:card\" content=\"summary_large_image\" \/>\n<meta name=\"twitter:label1\" content=\"Est. reading time\" \/>\n\t<meta name=\"twitter:data1\" content=\"2 minutes\" \/>\n<script type=\"application\/ld+json\" class=\"yoast-schema-graph\">{\"@context\":\"https:\/\/schema.org\",\"@graph\":[{\"@type\":\"WebPage\",\"@id\":\"https:\/\/www.biworldwide.ca\/fr\/declaration-daccessibilite\/\",\"url\":\"https:\/\/www.biworldwide.ca\/fr\/declaration-daccessibilite\/\",\"name\":\"D\u00e9claration d'accessibilit\u00e9 - Canada (French)\",\"isPartOf\":{\"@id\":\"https:\/\/www.biworldwide.ca\/fr\/#website\"},\"datePublished\":\"2025-01-14T17:07:45+00:00\",\"dateModified\":\"2025-04-03T18:45:11+00:00\",\"description\":\"BI WORLDWIDE s'engage \u00e0 fournir un site web accessible au plus grand nombre, quelles que soient les technologies ou les capacit\u00e9s.\",\"breadcrumb\":{\"@id\":\"https:\/\/www.biworldwide.ca\/fr\/declaration-daccessibilite\/#breadcrumb\"},\"inLanguage\":\"fr-CA\",\"potentialAction\":[{\"@type\":\"ReadAction\",\"target\":[\"https:\/\/www.biworldwide.ca\/fr\/declaration-daccessibilite\/\"]}]},{\"@type\":\"BreadcrumbList\",\"@id\":\"https:\/\/www.biworldwide.ca\/fr\/declaration-daccessibilite\/#breadcrumb\",\"itemListElement\":[{\"@type\":\"ListItem\",\"position\":1,\"name\":\"Home\",\"item\":\"https:\/\/www.biworldwide.ca\/fr\/\"},{\"@type\":\"ListItem\",\"position\":2,\"name\":\"D\u00e9claration d&rsquo;accessibilit\u00e9\"}]},{\"@type\":\"WebSite\",\"@id\":\"https:\/\/www.biworldwide.ca\/fr\/#website\",\"url\":\"https:\/\/www.biworldwide.ca\/fr\/\",\"name\":\"Canada (French)\",\"description\":\"\",\"potentialAction\":[{\"@type\":\"SearchAction\",\"target\":{\"@type\":\"EntryPoint\",\"urlTemplate\":\"https:\/\/www.biworldwide.ca\/fr\/?s={search_term_string}\"},\"query-input\":{\"@type\":\"PropertyValueSpecification\",\"valueRequired\":true,\"valueName\":\"search_term_string\"}}],\"inLanguage\":\"fr-CA\"}]}<\/script>\n<!-- \/ Yoast SEO plugin. -->","yoast_head_json":{"title":"D\u00e9claration d'accessibilit\u00e9 - Canada (French)","description":"BI WORLDWIDE s'engage \u00e0 fournir un site web accessible au plus grand nombre, quelles que soient les technologies ou les capacit\u00e9s.","robots":{"index":"index","follow":"follow","max-snippet":"max-snippet:-1","max-image-preview":"max-image-preview:large","max-video-preview":"max-video-preview:-1"},"canonical":"https:\/\/www.biworldwide.ca\/fr\/declaration-daccessibilite\/","og_locale":"fr_CA","og_type":"article","og_title":"D\u00e9claration d'accessibilit\u00e9 - Canada (French)","og_description":"BI WORLDWIDE s'engage \u00e0 fournir un site web accessible au plus grand nombre, quelles que soient les technologies ou les capacit\u00e9s.","og_url":"https:\/\/www.biworldwide.ca\/fr\/declaration-daccessibilite\/","og_site_name":"Canada (French)","article_modified_time":"2025-04-03T18:45:11+00:00","twitter_card":"summary_large_image","twitter_misc":{"Est. reading time":"2 minutes"},"schema":{"@context":"https:\/\/schema.org","@graph":[{"@type":"WebPage","@id":"https:\/\/www.biworldwide.ca\/fr\/declaration-daccessibilite\/","url":"https:\/\/www.biworldwide.ca\/fr\/declaration-daccessibilite\/","name":"D\u00e9claration d'accessibilit\u00e9 - Canada (French)","isPartOf":{"@id":"https:\/\/www.biworldwide.ca\/fr\/#website"},"datePublished":"2025-01-14T17:07:45+00:00","dateModified":"2025-04-03T18:45:11+00:00","description":"BI WORLDWIDE s'engage \u00e0 fournir un site web accessible au plus grand nombre, quelles que soient les technologies ou les capacit\u00e9s.","breadcrumb":{"@id":"https:\/\/www.biworldwide.ca\/fr\/declaration-daccessibilite\/#breadcrumb"},"inLanguage":"fr-CA","potentialAction":[{"@type":"ReadAction","target":["https:\/\/www.biworldwide.ca\/fr\/declaration-daccessibilite\/"]}]},{"@type":"BreadcrumbList","@id":"https:\/\/www.biworldwide.ca\/fr\/declaration-daccessibilite\/#breadcrumb","itemListElement":[{"@type":"ListItem","position":1,"name":"Home","item":"https:\/\/www.biworldwide.ca\/fr\/"},{"@type":"ListItem","position":2,"name":"D\u00e9claration d&rsquo;accessibilit\u00e9"}]},{"@type":"WebSite","@id":"https:\/\/www.biworldwide.ca\/fr\/#website","url":"https:\/\/www.biworldwide.ca\/fr\/","name":"Canada (French)","description":"","potentialAction":[{"@type":"SearchAction","target":{"@type":"EntryPoint","urlTemplate":"https:\/\/www.biworldwide.ca\/fr\/?s={search_term_string}"},"query-input":{"@type":"PropertyValueSpecification","valueRequired":true,"valueName":"search_term_string"}}],"inLanguage":"fr-CA"}]}},"_links":{"self":[{"href":"https:\/\/www.biworldwide.ca\/fr\/wp-json\/wp\/v2\/pages\/182","targetHints":{"allow":["GET"]}}],"collection":[{"href":"https:\/\/www.biworldwide.ca\/fr\/wp-json\/wp\/v2\/pages"}],"about":[{"href":"https:\/\/www.biworldwide.ca\/fr\/wp-json\/wp\/v2\/types\/page"}],"author":[{"embeddable":true,"href":"https:\/\/www.biworldwide.ca\/fr\/wp-json\/wp\/v2\/users\/11"}],"replies":[{"embeddable":true,"href":"https:\/\/www.biworldwide.ca\/fr\/wp-json\/wp\/v2\/comments?post=182"}],"version-history":[{"count":6,"href":"https:\/\/www.biworldwide.ca\/fr\/wp-json\/wp\/v2\/pages\/182\/revisions"}],"predecessor-version":[{"id":2256,"href":"https:\/\/www.biworldwide.ca\/fr\/wp-json\/wp\/v2\/pages\/182\/revisions\/2256"}],"wp:attachment":[{"href":"https:\/\/www.biworldwide.ca\/fr\/wp-json\/wp\/v2\/media?parent=182"}],"wp:term":[{"taxonomy":"wf_page_folders","embeddable":true,"href":"https:\/\/www.biworldwide.ca\/fr\/wp-json\/wp\/v2\/wf_page_folders?post=182"}],"curies":[{"name":"wp","href":"https:\/\/api.w.org\/{rel}","templated":true}]}}