{"id":1763,"date":"2025-03-26T16:28:41","date_gmt":"2025-03-26T23:28:41","guid":{"rendered":"https:\/\/www.biworldwide.ca\/fr\/?page_id=1763"},"modified":"2025-04-01T09:33:46","modified_gmt":"2025-04-01T16:33:46","slug":"windfall-vr","status":"publish","type":"page","link":"https:\/\/www.biworldwide.ca\/fr\/comment-nous-aidons\/concours-et-incitatifs\/windfall-vr\/","title":{"rendered":"Windfall VR"},"content":{"rendered":"<div class=\" has-content-align-left has-overlay has-overlay--dark alignfull wp-block-biw-block-theme-hero\">\n\t<div class=\"biw-hero__grid\">\n\t\t\t\t\t<div class=\"biw-hero__breadcrumbs\">\n\t\t\t\t<div id=\"breadcrumbs\" class=\"breadcrumb-nav__wrapper\"><span class=\"breadcrumb-nav\"><span><a href=\"https:\/\/www.biworldwide.ca\/fr\/\">Home<\/a><\/span><\/span><\/div>\t\t\t<\/div>\n\t\t\n\t\t\t\t\t<div class=\"biw-hero__media \">\n\t\t\t\t\t\t\t\t\t<div class=\"biw-hero__overlay overlay-dark\"><\/div>\n\t\t\t\t\t\t\t\t<img decoding=\"async\" src=\"http:\/\/live-biw-main.pantheonsite.io\/wp-content\/uploads\/2025\/03\/BIW_Site_Hero_Technology-scaled.jpg\" alt=\"Person wearing a virtual reality headset stands against a background of illuminated cubes in shades of purple and blue. Sparkles hover near the persons face, suggesting a futuristic or digital theme.\" class=\"biw-hero__bg-image\" style=\"object-position: 50% 50%;\">\t\t\t<\/div>\n\t\t\t\t<div class=\"biw-hero__content\">\n\t\t\t\t\t\t<h1 class=\"biw-hero__title\" style=\"line-height: 1.2\">\n\t\t\t\tWindfall VR\t\t\t<\/h1>\n\t\t\t\t\t\t\t<h2 class=\"biw-hero__subtitle\">\n\t\t\t\t\tPr\u00eat pour la motivation 2.0 ?\t\t\t\t<\/h2>\n\t\t\t\t\t\t\t\t\t\t<div class=\"biw-hero__text\">\n\t\t\t\t\t\n\n<p>Vos \u00e9quipes peuvent vivre notre r\u00e9compense la plus inspirante, o\u00f9 qu&rsquo;elles soient et \u00e0 tout moment, gr\u00e2ce \u00e0 une version en r\u00e9alit\u00e9 virtuelle de notre l\u00e9gendaire exp\u00e9rience Warehouse Windfall.<\/p>\n\n\t\t\t\t<\/div>\n\t\t\t\t\t\t\t\t<\/div>\n\t<\/div>\n<\/div>\n\n\n\n<div class=\"wp-block-group  layout-columns-7 has-global-padding is-layout-constrained wp-container-core-group-is-layout-a133ec42 wp-block-group-is-layout-constrained\">\n<p class=\"has-xxl-font-size\"><strong>Une exp\u00e9rience irr\u00e9elle. Des r\u00e9compenses bien r\u00e9elles.<\/strong><\/p>\n\n\n\n<div class=\"wp-block-group  layout-columns-7 has-global-padding is-layout-constrained wp-container-core-group-is-layout-a133ec42 wp-block-group-is-layout-constrained\">\n<p>D\u00e9couvrez Windfall VR \u2013 une exp\u00e9rience immersive de r\u00e9compenses incitatives con\u00e7ue pour motiver, inspirer et r\u00e9compenser vos meilleurs performants. Notre derni\u00e8re offre de r\u00e9compenses combine le meilleur de notre solution Warehouse Windfall avec tout ce que la r\u00e9alit\u00e9 virtuelle peut offrir, dans une exp\u00e9rience unique en son genre.<\/p>\n\n\n\n<p>Comment cela fonctionne-t-il exactement ? Nous apportons la technologie \u00e0 vous et \u00e0 votre \u00e9quipe. Les participants s\u2019\u00e9quipent et affrontent le chronom\u00e8tre pour \u00ab\u00a0saisir\u00a0\u00bb num\u00e9riquement autant de r\u00e9compenses que possible dans un environnement virtuel futuriste rempli de marchandises r\u00e9elles. Nous parlons ici des \u00e9lectroniques les plus tendances, d\u2019\u00e9quipements de sport, de bijoux et sacs \u00e0 main de luxe, d\u2019appareils de cuisine, et bien plus encore !<\/p>\n\n\n\n<p>La technologie de pointe et les marchandises qui font r\u00eaver ne racontent qu&rsquo;une partie de l&rsquo;histoire. Windfall VR offre une vari\u00e9t\u00e9 d&rsquo;avantages qui en font une v\u00e9ritable solution strat\u00e9gique de r\u00e9compenses incitatives :<br><\/p>\n\n\n\n<ul class=\"wp-block-list\">\n<li class=\"has-large-font-size\"><strong>Inoubliable.<\/strong> Personne n\u2019oublie d\u2019\u00eatre plong\u00e9 dans une exp\u00e9rience d&rsquo;achat futuriste et hors du commun. C&rsquo;est une exp\u00e9rience sans pareil.<\/li>\n\n\n\n<li class=\"has-large-font-size\"><strong>Remarquable.<\/strong> Impressionner les gens n\u2019est pas une mince affaire de nos jours. Windfall VR impressionne. Ils n\u2019en croiront pas leurs yeux.<\/li>\n\n\n\n<li class=\"has-large-font-size\"><strong>Portable. <\/strong>Oubliez les co\u00fbts li\u00e9s au transport de vos performants. Windfall VR vient \u00e0 vous et votre \u00e9quipe.<\/li>\n\n\n\n<li class=\"has-large-font-size\"><strong>Social. <\/strong>Windfall VR est partageable. Litt\u00e9ralement. Coll\u00e8gues, dirigeants, membres de la famille et amis peuvent encourager les participants en temps r\u00e9el. L\u2019exp\u00e9rience peut m\u00eame \u00eatre diffus\u00e9e en direct, rejou\u00e9e et partag\u00e9e sur les r\u00e9seaux sociaux.<\/li>\n\n\n\n<li class=\"has-large-font-size\"><strong>Aspirant.<\/strong> M\u00eame ceux qui ne se qualifient pas peuvent assister \u00e0 l\u2019action en personne ou via une diffusion en direct.<\/li>\n\n\n\n<li class=\"has-large-font-size\"><strong>Flexible. <\/strong>Int\u00e9grez-le dans une vari\u00e9t\u00e9 d&rsquo;occasions et d&rsquo;objectifs professionnels\u2014pensez aux r\u00e9unions nationales des ventes, aux formations ou au lancement d\u2019un nouveau produit.<\/li>\n\n\n\n<li class=\"has-large-font-size\"><strong>Pr\u00e9visible.<\/strong> Une programmation personnalis\u00e9e permet de ma\u00eetriser les budgets par gagnant, \u00e9vitant ainsi les mauvaises surprises.<\/li>\n\n\n\n<li class=\"has-large-font-size\"><strong>Personnalisable.<\/strong> Renforcez la fiert\u00e9 d&rsquo;\u00e9quipe en adaptant l\u2019environnement virtuel avec le logo et le sch\u00e9ma de couleurs de votre entreprise.<\/li>\n<\/ul>\n<\/div>\n<\/div>\n","protected":false},"excerpt":{"rendered":"<p>Une exp\u00e9rience irr\u00e9elle. Des r\u00e9compenses bien r\u00e9elles. D\u00e9couvrez Windfall VR \u2013 une exp\u00e9rience immersive de r\u00e9compenses incitatives con\u00e7ue pour motiver, inspirer et r\u00e9compenser vos meilleurs performants. Notre derni\u00e8re offre de r\u00e9compenses combine le meilleur de notre solution Warehouse Windfall avec tout ce que la r\u00e9alit\u00e9 virtuelle peut offrir, dans une exp\u00e9rience unique en son genre. [&hellip;]<\/p>\n","protected":false},"author":28,"featured_media":840,"parent":110,"menu_order":0,"comment_status":"closed","ping_status":"closed","template":"","meta":{"featured_image_focal_point":{"x":0.68,"y":0.33},"footnotes":""},"wf_page_folders":[],"class_list":["post-1763","page","type-page","status-publish","has-post-thumbnail","hentry"],"yoast_head":"<!-- This site is optimized with the Yoast SEO plugin v26.2 - https:\/\/yoast.com\/wordpress\/plugins\/seo\/ -->\n<title>Windfall VR - Canada (French)<\/title>\n<meta name=\"description\" content=\"Windfall VR permet aux meilleurs performants de parcourir un entrep\u00f4t virtuel et de &quot;saisir&quot; autant de marchandises recherch\u00e9es, comme les\" \/>\n<meta name=\"robots\" content=\"index, follow, max-snippet:-1, max-image-preview:large, max-video-preview:-1\" \/>\n<link rel=\"canonical\" href=\"https:\/\/www.biworldwide.ca\/fr\/comment-nous-aidons\/concours-et-incitatifs\/windfall-vr\/\" \/>\n<meta property=\"og:locale\" content=\"fr_CA\" \/>\n<meta property=\"og:type\" content=\"article\" \/>\n<meta property=\"og:title\" content=\"Windfall VR - Canada (French)\" \/>\n<meta property=\"og:description\" content=\"Windfall VR permet aux meilleurs performants de parcourir un entrep\u00f4t virtuel et de &quot;saisir&quot; autant de marchandises recherch\u00e9es, comme les\" \/>\n<meta property=\"og:url\" content=\"https:\/\/www.biworldwide.ca\/fr\/comment-nous-aidons\/concours-et-incitatifs\/windfall-vr\/\" \/>\n<meta property=\"og:site_name\" content=\"Canada (French)\" \/>\n<meta property=\"article:modified_time\" content=\"2025-04-01T16:33:46+00:00\" \/>\n<meta property=\"og:image\" content=\"https:\/\/www.biworldwide.com\/wp-content\/uploads\/2025\/03\/windfall-vr-featured-image-scaled-1.png\" \/>\n\t<meta property=\"og:image:width\" content=\"2560\" \/>\n\t<meta property=\"og:image:height\" content=\"1441\" \/>\n\t<meta property=\"og:image:type\" content=\"image\/png\" \/>\n<meta name=\"twitter:card\" content=\"summary_large_image\" \/>\n<meta name=\"twitter:label1\" content=\"Est. reading time\" \/>\n\t<meta name=\"twitter:data1\" content=\"2 minutes\" \/>\n<script type=\"application\/ld+json\" class=\"yoast-schema-graph\">{\"@context\":\"https:\/\/schema.org\",\"@graph\":[{\"@type\":\"WebPage\",\"@id\":\"https:\/\/www.biworldwide.ca\/fr\/comment-nous-aidons\/concours-et-incitatifs\/windfall-vr\/\",\"url\":\"https:\/\/www.biworldwide.ca\/fr\/comment-nous-aidons\/concours-et-incitatifs\/windfall-vr\/\",\"name\":\"Windfall VR - Canada (French)\",\"isPartOf\":{\"@id\":\"https:\/\/www.biworldwide.ca\/fr\/#website\"},\"primaryImageOfPage\":{\"@id\":\"https:\/\/www.biworldwide.ca\/fr\/comment-nous-aidons\/concours-et-incitatifs\/windfall-vr\/#primaryimage\"},\"image\":{\"@id\":\"https:\/\/www.biworldwide.ca\/fr\/comment-nous-aidons\/concours-et-incitatifs\/windfall-vr\/#primaryimage\"},\"thumbnailUrl\":\"https:\/\/www.biworldwide.com\/wp-content\/uploads\/2025\/03\/windfall-vr-featured-image-scaled-1.png\",\"datePublished\":\"2025-03-26T23:28:41+00:00\",\"dateModified\":\"2025-04-01T16:33:46+00:00\",\"description\":\"Windfall VR permet aux meilleurs performants de parcourir un entrep\u00f4t virtuel et de \\\"saisir\\\" autant de marchandises recherch\u00e9es, comme les\",\"breadcrumb\":{\"@id\":\"https:\/\/www.biworldwide.ca\/fr\/comment-nous-aidons\/concours-et-incitatifs\/windfall-vr\/#breadcrumb\"},\"inLanguage\":\"fr-CA\",\"potentialAction\":[{\"@type\":\"ReadAction\",\"target\":[\"https:\/\/www.biworldwide.ca\/fr\/comment-nous-aidons\/concours-et-incitatifs\/windfall-vr\/\"]}]},{\"@type\":\"ImageObject\",\"inLanguage\":\"fr-CA\",\"@id\":\"https:\/\/www.biworldwide.ca\/fr\/comment-nous-aidons\/concours-et-incitatifs\/windfall-vr\/#primaryimage\",\"url\":\"https:\/\/www.biworldwide.com\/wp-content\/uploads\/2025\/03\/windfall-vr-featured-image-scaled-1.png\",\"contentUrl\":\"https:\/\/www.biworldwide.com\/wp-content\/uploads\/2025\/03\/windfall-vr-featured-image-scaled-1.png\",\"caption\":\"A person wearing a virtual reality headset is shown in profile against a background of glowing purple and blue cubes. The person is dressed in a black leather jacket, and the scene is accented with sparkles.\"},{\"@type\":\"BreadcrumbList\",\"@id\":\"https:\/\/www.biworldwide.ca\/fr\/comment-nous-aidons\/concours-et-incitatifs\/windfall-vr\/#breadcrumb\",\"itemListElement\":[{\"@type\":\"ListItem\",\"position\":1,\"name\":\"Home\",\"item\":\"https:\/\/www.biworldwide.ca\/fr\/\"},{\"@type\":\"ListItem\",\"position\":2,\"name\":\"Comment nous aidons\",\"item\":\"https:\/\/www.biworldwide.ca\/fr\/comment-nous-aidons\/\"},{\"@type\":\"ListItem\",\"position\":3,\"name\":\"Concours et incitatifs\",\"item\":\"https:\/\/www.biworldwide.ca\/fr\/comment-nous-aidons\/concours-et-incitatifs\/\"},{\"@type\":\"ListItem\",\"position\":4,\"name\":\"Windfall VR\"}]},{\"@type\":\"WebSite\",\"@id\":\"https:\/\/www.biworldwide.ca\/fr\/#website\",\"url\":\"https:\/\/www.biworldwide.ca\/fr\/\",\"name\":\"Canada (French)\",\"description\":\"\",\"potentialAction\":[{\"@type\":\"SearchAction\",\"target\":{\"@type\":\"EntryPoint\",\"urlTemplate\":\"https:\/\/www.biworldwide.ca\/fr\/?s={search_term_string}\"},\"query-input\":{\"@type\":\"PropertyValueSpecification\",\"valueRequired\":true,\"valueName\":\"search_term_string\"}}],\"inLanguage\":\"fr-CA\"}]}<\/script>\n<!-- \/ Yoast SEO plugin. -->","yoast_head_json":{"title":"Windfall VR - Canada (French)","description":"Windfall VR permet aux meilleurs performants de parcourir un entrep\u00f4t virtuel et de \"saisir\" autant de marchandises recherch\u00e9es, comme les","robots":{"index":"index","follow":"follow","max-snippet":"max-snippet:-1","max-image-preview":"max-image-preview:large","max-video-preview":"max-video-preview:-1"},"canonical":"https:\/\/www.biworldwide.ca\/fr\/comment-nous-aidons\/concours-et-incitatifs\/windfall-vr\/","og_locale":"fr_CA","og_type":"article","og_title":"Windfall VR - Canada (French)","og_description":"Windfall VR permet aux meilleurs performants de parcourir un entrep\u00f4t virtuel et de \"saisir\" autant de marchandises recherch\u00e9es, comme les","og_url":"https:\/\/www.biworldwide.ca\/fr\/comment-nous-aidons\/concours-et-incitatifs\/windfall-vr\/","og_site_name":"Canada (French)","article_modified_time":"2025-04-01T16:33:46+00:00","og_image":[{"url":"https:\/\/www.biworldwide.com\/wp-content\/uploads\/2025\/03\/windfall-vr-featured-image-scaled-1.png","width":2560,"height":1441,"type":"image\/png"}],"twitter_card":"summary_large_image","twitter_misc":{"Est. reading time":"2 minutes"},"schema":{"@context":"https:\/\/schema.org","@graph":[{"@type":"WebPage","@id":"https:\/\/www.biworldwide.ca\/fr\/comment-nous-aidons\/concours-et-incitatifs\/windfall-vr\/","url":"https:\/\/www.biworldwide.ca\/fr\/comment-nous-aidons\/concours-et-incitatifs\/windfall-vr\/","name":"Windfall VR - Canada (French)","isPartOf":{"@id":"https:\/\/www.biworldwide.ca\/fr\/#website"},"primaryImageOfPage":{"@id":"https:\/\/www.biworldwide.ca\/fr\/comment-nous-aidons\/concours-et-incitatifs\/windfall-vr\/#primaryimage"},"image":{"@id":"https:\/\/www.biworldwide.ca\/fr\/comment-nous-aidons\/concours-et-incitatifs\/windfall-vr\/#primaryimage"},"thumbnailUrl":"https:\/\/www.biworldwide.com\/wp-content\/uploads\/2025\/03\/windfall-vr-featured-image-scaled-1.png","datePublished":"2025-03-26T23:28:41+00:00","dateModified":"2025-04-01T16:33:46+00:00","description":"Windfall VR permet aux meilleurs performants de parcourir un entrep\u00f4t virtuel et de \"saisir\" autant de marchandises recherch\u00e9es, comme les","breadcrumb":{"@id":"https:\/\/www.biworldwide.ca\/fr\/comment-nous-aidons\/concours-et-incitatifs\/windfall-vr\/#breadcrumb"},"inLanguage":"fr-CA","potentialAction":[{"@type":"ReadAction","target":["https:\/\/www.biworldwide.ca\/fr\/comment-nous-aidons\/concours-et-incitatifs\/windfall-vr\/"]}]},{"@type":"ImageObject","inLanguage":"fr-CA","@id":"https:\/\/www.biworldwide.ca\/fr\/comment-nous-aidons\/concours-et-incitatifs\/windfall-vr\/#primaryimage","url":"https:\/\/www.biworldwide.com\/wp-content\/uploads\/2025\/03\/windfall-vr-featured-image-scaled-1.png","contentUrl":"https:\/\/www.biworldwide.com\/wp-content\/uploads\/2025\/03\/windfall-vr-featured-image-scaled-1.png","caption":"A person wearing a virtual reality headset is shown in profile against a background of glowing purple and blue cubes. The person is dressed in a black leather jacket, and the scene is accented with sparkles."},{"@type":"BreadcrumbList","@id":"https:\/\/www.biworldwide.ca\/fr\/comment-nous-aidons\/concours-et-incitatifs\/windfall-vr\/#breadcrumb","itemListElement":[{"@type":"ListItem","position":1,"name":"Home","item":"https:\/\/www.biworldwide.ca\/fr\/"},{"@type":"ListItem","position":2,"name":"Comment nous aidons","item":"https:\/\/www.biworldwide.ca\/fr\/comment-nous-aidons\/"},{"@type":"ListItem","position":3,"name":"Concours et incitatifs","item":"https:\/\/www.biworldwide.ca\/fr\/comment-nous-aidons\/concours-et-incitatifs\/"},{"@type":"ListItem","position":4,"name":"Windfall VR"}]},{"@type":"WebSite","@id":"https:\/\/www.biworldwide.ca\/fr\/#website","url":"https:\/\/www.biworldwide.ca\/fr\/","name":"Canada (French)","description":"","potentialAction":[{"@type":"SearchAction","target":{"@type":"EntryPoint","urlTemplate":"https:\/\/www.biworldwide.ca\/fr\/?s={search_term_string}"},"query-input":{"@type":"PropertyValueSpecification","valueRequired":true,"valueName":"search_term_string"}}],"inLanguage":"fr-CA"}]}},"_links":{"self":[{"href":"https:\/\/www.biworldwide.ca\/fr\/wp-json\/wp\/v2\/pages\/1763","targetHints":{"allow":["GET"]}}],"collection":[{"href":"https:\/\/www.biworldwide.ca\/fr\/wp-json\/wp\/v2\/pages"}],"about":[{"href":"https:\/\/www.biworldwide.ca\/fr\/wp-json\/wp\/v2\/types\/page"}],"author":[{"embeddable":true,"href":"https:\/\/www.biworldwide.ca\/fr\/wp-json\/wp\/v2\/users\/28"}],"replies":[{"embeddable":true,"href":"https:\/\/www.biworldwide.ca\/fr\/wp-json\/wp\/v2\/comments?post=1763"}],"version-history":[{"count":4,"href":"https:\/\/www.biworldwide.ca\/fr\/wp-json\/wp\/v2\/pages\/1763\/revisions"}],"predecessor-version":[{"id":1767,"href":"https:\/\/www.biworldwide.ca\/fr\/wp-json\/wp\/v2\/pages\/1763\/revisions\/1767"}],"up":[{"embeddable":true,"href":"https:\/\/www.biworldwide.ca\/fr\/wp-json\/wp\/v2\/pages\/110"}],"wp:featuredmedia":[{"embeddable":true,"href":"https:\/\/www.biworldwide.ca\/fr\/wp-json\/wp\/v2\/media\/840"}],"wp:attachment":[{"href":"https:\/\/www.biworldwide.ca\/fr\/wp-json\/wp\/v2\/media?parent=1763"}],"wp:term":[{"taxonomy":"wf_page_folders","embeddable":true,"href":"https:\/\/www.biworldwide.ca\/fr\/wp-json\/wp\/v2\/wf_page_folders?post=1763"}],"curies":[{"name":"wp","href":"https:\/\/api.w.org\/{rel}","templated":true}]}}