{"id":1751,"date":"2025-03-26T16:22:51","date_gmt":"2025-03-26T23:22:51","guid":{"rendered":"https:\/\/www.biworldwide.ca\/fr\/?page_id=1751"},"modified":"2025-04-03T11:53:52","modified_gmt":"2025-04-03T18:53:52","slug":"les-nouvelles-regles-de-lengagement","status":"publish","type":"page","link":"https:\/\/www.biworldwide.ca\/fr\/problemes-que-nous-resolvons\/engagement-des-employes\/les-nouvelles-regles-de-lengagement\/","title":{"rendered":"Les nouvelles r\u00e8gles de l&rsquo;engagement"},"content":{"rendered":"<div class=\" has-content-align-left has-overlay has-overlay--dark alignfull wp-block-biw-block-theme-hero\">\n\t<div class=\"biw-hero__grid\">\n\t\t\t\t\t<div class=\"biw-hero__breadcrumbs\">\n\t\t\t\t<div id=\"breadcrumbs\" class=\"breadcrumb-nav__wrapper\"><span class=\"breadcrumb-nav\"><span><a href=\"https:\/\/www.biworldwide.ca\/fr\/\">Home<\/a><\/span><\/span><\/div>\t\t\t<\/div>\n\t\t\n\t\t\t\t\t<div class=\"biw-hero__media \">\n\t\t\t\t\t\t\t\t\t<div class=\"biw-hero__overlay overlay-dark\"><\/div>\n\t\t\t\t\t\t\t\t<img decoding=\"async\" src=\"http:\/\/live-biw-main.pantheonsite.io\/wp-content\/uploads\/2025\/02\/NROE-2024-ASterns-1728x600px-1.jpg\" alt=\"A group of origami cranes, with one red crane in the foreground on an orange patterned background, stand out against several gray cranes on a lighter patterned background. The contrast emphasizes the unique red crane.\" class=\"biw-hero__bg-image\" style=\"object-position: 50% 50%;\">\t\t\t<\/div>\n\t\t\t\t<div class=\"biw-hero__content\">\n\t\t\t\t\t\t<h1 class=\"biw-hero__title\" style=\"line-height: 1.2\">\n\t\t\t\tLes nouvelles r\u00e8gles de l&rsquo;engagement\t\t\t<\/h1>\n\t\t\t\t\t\t\t<h2 class=\"biw-hero__subtitle\">\n\t\t\t\t\tIl existe une science pour une motivation efficace.\t\t\t\t<\/h2>\n\t\t\t\t\t\t\t\t\t\t<div class=\"biw-hero__text\">\n\t\t\t\t\t\n\n<p>L&rsquo;\u00e9tude de recherche les nouvelles r\u00e8gles de l&rsquo;engagement\u00ae est une \u00e9tude annuelle continue, con\u00e7ue pour comprendre l&rsquo;exp\u00e9rience de travail actuelle, am\u00e9liorer les conditions pour les employ\u00e9s et g\u00e9n\u00e9rer de meilleurs r\u00e9sultats pour les employeurs.<\/p>\n\n\t\t\t\t<\/div>\n\t\t\t\t\t\t\t\t<\/div>\n\t<\/div>\n<\/div>\n\n\n\n<div class=\"wp-block-group  layout-columns-7 has-global-padding is-layout-constrained wp-container-core-group-is-layout-a133ec42 wp-block-group-is-layout-constrained\">\n<h2 class=\"wp-block-heading\">Cr\u00e9er une excellente culture d&rsquo;entreprise commence ici.<\/h2>\n\n\n\n<p class=\"has-large-font-size\">Gr\u00e2ce \u00e0 des recherches mondiales approfondies, nous avons identifi\u00e9 12 facteurs cl\u00e9s qui fa\u00e7onnent la relation d\u2019un employ\u00e9 avec son entreprise. Comprendre lesquels de ces facteurs comptent le plus pour votre \u00e9quipe est essentiel pour construire une solide proposition de valeur pour les employ\u00e9s.<br><\/p>\n<\/div>\n\n\n\n<div class=\"wp-block-group alignfull  has-background-angle-to-left bg-angle-action has-global-padding is-layout-constrained wp-container-core-group-is-layout-97ab3c77 wp-block-group-is-layout-constrained\">\n<div class=\"wp-block-group has-text-align-center  layout-columns-8 has-global-padding is-layout-constrained wp-container-core-group-is-layout-ee362a79 wp-block-group-is-layout-constrained\">\n<h2 class=\"wp-block-heading has-text-align-center  has-text-wrap-pretty\">Les nouvelles r\u00e8gles de l&rsquo;engagement\u00ae<\/h2>\n\n\n\n<p class=\" has-text-wrap-balance\">12 r\u00e8gles \u00e0 suivre pour b\u00e2tir une culture d&rsquo;entreprise de classe mondiale.<\/p>\n<\/div>\n\n\n\n<div class=\"wp-block-group  layout-columns-12 has-global-padding is-layout-constrained wp-container-core-group-is-layout-9e09659d wp-block-group-is-layout-constrained\">\n<div class=\"wp-block-group is-layout-grid wp-container-core-group-is-layout-c765d3c1 wp-block-group-is-layout-grid\">\n<div class=\"wp-block-group  has-dynamic-border-radius has-global-padding is-layout-constrained wp-block-group-is-layout-constrained\">\n<figure class=\"wp-block-image size-large\"><img decoding=\"async\" src=\"http:\/\/live-biw-main.pantheonsite.io\/wp-content\/uploads\/2025\/02\/NROE-Coffee-mugs-1300x732px-1024x577.jpg\" alt=\"Two colorful mugs, one green and one yellow, are displayed in front of a magazine page titled The New Rules of Engagement. The page features various images, including a piggy bank and a red balloon, with text 1. make it personal above the mugs.\" class=\"wp-image-3303\" style=\"aspect-ratio:16\/9;object-fit:cover\" \/><\/figure>\n<\/div>\n\n\n<div class=\" has-dynamic-border-radius has-image-size-cover has-image-radius-none is-style-vertical-no-image wp-block-biw-block-theme-biw-card\">\n\t\t<div class=\"biw-card__content\">\n\t\t<h3 class=\"biw-card__title\">\n\t\t\t\t\t\t\tPersonnalisez l\u2019approche\t\t\t\t\t<\/h3>\n\t\t<div class=\"biw-card__text\">\n\n<p>Un bon management repose sur une compr\u00e9hension approfondie de chaque individu\u2014conna\u00eetre leurs capacit\u00e9s, leurs aspirations et leur fa\u00e7on de travailler au mieux. R\u00e9ussir sur cette r\u00e8gle est essentiel pour atteindre toutes les autres.<\/p>\n\n<\/div>\n\t<\/div>\n\t<\/div>\n\n<div class=\" has-dynamic-border-radius has-image-size-cover has-image-radius-none is-style-vertical-no-image wp-block-biw-block-theme-biw-card\">\n\t\t<div class=\"biw-card__content\">\n\t\t<h3 class=\"biw-card__title\">\n\t\t\t\t\t\t\tFaites de l&rsquo;argent un non-sujet\t\t\t\t\t<\/h3>\n\t\t<div class=\"biw-card__text\">\n\n<p>L&rsquo;argent n&rsquo;est pas tout. Mais les entreprises qui g\u00e8rent mal cet aspect \u00e9motionnel risquent d&rsquo;en faire un enjeu plus important qu&rsquo;il ne devrait l&rsquo;\u00eatre.<\/p>\n\n<\/div>\n\t<\/div>\n\t<\/div>\n\n<div class=\" has-dynamic-border-radius has-image-size-cover has-image-radius-none is-style-vertical-no-image wp-block-biw-block-theme-biw-card\">\n\t\t<div class=\"biw-card__content\">\n\t\t<h3 class=\"biw-card__title\">\n\t\t\t\t\t\t\tAidez-les \u00e0 prosp\u00e9rer\t\t\t\t\t<\/h3>\n\t\t<div class=\"biw-card__text\">\n\n<p>Jamais auparavant le travail, la vie personnelle et la sant\u00e9 n&rsquo;ont \u00e9t\u00e9 aussi \u00e9troitement li\u00e9s. Prot\u00e9ger le bien-\u00eatre holistique des employ\u00e9s ne fait pas que r\u00e9duire les co\u00fbts\u2014cela les dynamise, eux et votre entreprise.<\/p>\n\n<\/div>\n\t<\/div>\n\t<\/div>\n\n<div class=\" has-dynamic-border-radius has-image-size-cover has-image-radius-none is-style-vertical-no-image wp-block-biw-block-theme-biw-card\">\n\t\t<div class=\"biw-card__content\">\n\t\t<h3 class=\"biw-card__title\">\n\t\t\t\t\t\t\tR\u00e9alisez leur potentiel\t\t\t\t\t<\/h3>\n\t\t<div class=\"biw-card__text\">\n\n<p>On s&rsquo;attend \u00e0 ce que les employeurs offrent des opportunit\u00e9s de croissance. Fournir des outils, des apprentissages et du d\u00e9veloppement pour permettre aux employ\u00e9s de r\u00e9ussir aidera \u00e0 d\u00e9velopper vos meilleurs talents.<\/p>\n\n<\/div>\n\t<\/div>\n\t<\/div>\n\n\n<div class=\"wp-block-group  has-dynamic-border-radius has-global-padding is-layout-constrained wp-block-group-is-layout-constrained\">\n<figure class=\"wp-block-image size-large\"><img decoding=\"async\" src=\"http:\/\/live-biw-main.pantheonsite.io\/wp-content\/uploads\/2025\/02\/NROE-Balloon-1300x732px-1024x577.jpg\" alt=\"A heart-shaped red balloon floats in front of a magazine page titled The New Rules of Engagement. The page displays various items and text boxes. The balloon highlights rule number 5: foster belonging.\" class=\"wp-image-3301\" style=\"aspect-ratio:16\/9;object-fit:cover\" \/><\/figure>\n<\/div>\n\n\n<div class=\" has-dynamic-border-radius has-image-size-cover has-image-radius-none is-style-vertical-no-image wp-block-biw-block-theme-biw-card\">\n\t\t<div class=\"biw-card__content\">\n\t\t<h3 class=\"biw-card__title\">\n\t\t\t\t\t\t\tFavorisez le sentiment d&rsquo;appartenance belonging\t\t\t\t\t<\/h3>\n\t\t<div class=\"biw-card__text\">\n\n<p>Les employ\u00e9s ne peuvent pas pleinement s&rsquo;engager envers une entreprise dont ils ne se sentent pas membres. Encourager un sentiment d&rsquo;appartenance au sein de l&rsquo;organisation, de l&rsquo;\u00e9quipe et du travail lui-m\u00eame est essentiel pour que les employ\u00e9s restent et r\u00e9alisent un travail exceptionnel.<\/p>\n\n<\/div>\n\t<\/div>\n\t<\/div>\n\n<div class=\" has-dynamic-border-radius has-image-size-cover has-image-radius-none is-style-vertical-no-image wp-block-biw-block-theme-biw-card\">\n\t\t<div class=\"biw-card__content\">\n\t\t<h3 class=\"biw-card__title\">\n\t\t\t\t\t\t\tSoyez audacieusement transparent\t\t\t\t\t<\/h3>\n\t\t<div class=\"biw-card__text\">\n\n<p>Souvent, les meilleures id\u00e9es viennent des employ\u00e9s. Alors, \u00e9coutez avec un esprit ouvert et utilisez ces id\u00e9es pour fa\u00e7onner la vision de l&rsquo;avenir.<\/p>\n\n<\/div>\n\t<\/div>\n\t<\/div>\n\n<div class=\" has-dynamic-border-radius has-image-size-cover has-image-radius-none is-style-vertical-no-image wp-block-biw-block-theme-biw-card\">\n\t\t<div class=\"biw-card__content\">\n\t\t<h3 class=\"biw-card__title\">\n\t\t\t\t\t\t\tDonnez du sens\t\t\t\t\t<\/h3>\n\t\t<div class=\"biw-card__text\">\n\n<p>Les gens ont besoin de faire partie de quelque chose de plus grand qu\u2019un simple travail ou un ch\u00e8que de paie. Le sens stimule une performance sup\u00e9rieure.<\/p>\n\n<\/div>\n\t<\/div>\n\t<\/div>\n\n\n<div class=\"wp-block-group  has-dynamic-border-radius has-global-padding is-layout-constrained wp-block-group-is-layout-constrained\">\n<figure class=\"wp-block-image size-large\"><img decoding=\"async\" src=\"http:\/\/live-biw-main.pantheonsite.io\/wp-content\/uploads\/2025\/02\/NROE-Binoculars-1300x732px-1024x577.jpg\" alt=\"A pair of binoculars is in the foreground. Behind it, a magazine page features images of a piggy bank, books, a red balloon, and a blue jersey. Text highlights The New Rules of Engagement and 8. See their future.\" class=\"wp-image-3302\" style=\"aspect-ratio:16\/9;object-fit:cover\" \/><\/figure>\n<\/div>\n\n\n<div class=\" has-dynamic-border-radius has-image-size-cover has-image-radius-none is-style-vertical-no-image wp-block-biw-block-theme-biw-card\">\n\t\t<div class=\"biw-card__content\">\n\t\t<h3 class=\"biw-card__title\">\n\t\t\t\t\t\t\tVisualisez leur avenir\t\t\t\t\t<\/h3>\n\t\t<div class=\"biw-card__text\">\n\n<p>Ce que les gens font aujourd&rsquo;hui est en grande partie motiv\u00e9 par l&rsquo;endroit o\u00f9 ils pensent que cela les m\u00e8nera \u00e0 l&rsquo;avenir. Les entreprises qui prennent soin d&rsquo;aider les employ\u00e9s \u00e0 tracer cet avenir seront r\u00e9compens\u00e9es par leur meilleur travail.<\/p>\n\n<\/div>\n\t<\/div>\n\t<\/div>\n\n<div class=\" has-dynamic-border-radius has-image-size-cover has-image-radius-none is-style-vertical-no-image wp-block-biw-block-theme-biw-card\">\n\t\t<div class=\"biw-card__content\">\n\t\t<h3 class=\"biw-card__title\">\n\t\t\t\t\t\t\tAmplifiez leur succ\u00e8s\t\t\t\t\t<\/h3>\n\t\t<div class=\"biw-card__text\">\n\n<p>Ce qu&rsquo;une entreprise reconna\u00eet se r\u00e9p\u00e8te. Mettre en valeur les r\u00e9alisations des employ\u00e9s garantit que les victoires seront multipli\u00e9es.<\/p>\n\n<\/div>\n\t<\/div>\n\t<\/div>\n\n<div class=\" has-dynamic-border-radius has-image-size-cover has-image-radius-none is-style-vertical-no-image wp-block-biw-block-theme-biw-card\">\n\t\t<div class=\"biw-card__content\">\n\t\t<h3 class=\"biw-card__title\">\n\t\t\t\t\t\t\tUnissez-les\t\t\t\t\t<\/h3>\n\t\t<div class=\"biw-card__text\">\n\n<p>Les gens ont toujours \u00e9t\u00e9 pr\u00eats \u00e0 se sacrifier pour la bonne \u00e9quipe, mais seulement s&rsquo;ils sentent que les autres feront de m\u00eame. Il n\u2019a jamais \u00e9t\u00e9 aussi important de cr\u00e9er des conditions qui favorisent une forte collaboration.<\/p>\n\n<\/div>\n\t<\/div>\n\t<\/div>\n\n<div class=\" has-dynamic-border-radius has-image-size-cover has-image-radius-none is-style-vertical-no-image wp-block-biw-block-theme-biw-card\">\n\t\t<div class=\"biw-card__content\">\n\t\t<h3 class=\"biw-card__title\">\n\t\t\t\t\t\t\tLaissez-les diriger\t\t\t\t\t<\/h3>\n\t\t<div class=\"biw-card__text\">\n\n<p>Le v\u00e9ritable pouvoir vient d&rsquo;un endroit o\u00f9 les id\u00e9es sont s\u00e9rieusement prises en compte. Ne vous contentez pas de les encourager \u00e0 prendre un risque; soutenez-les si cela ne se passe pas comme pr\u00e9vu.<\/p>\n\n<\/div>\n\t<\/div>\n\t<\/div>\n\n<div class=\" has-dynamic-border-radius has-image-size-cover has-image-radius-none is-style-vertical-no-image wp-block-biw-block-theme-biw-card\">\n\t\t<div class=\"biw-card__content\">\n\t\t<h3 class=\"biw-card__title\">\n\t\t\t\t\t\t\tLancez-leur des d\u00e9fis\t\t\t\t\t<\/h3>\n\t\t<div class=\"biw-card__text\">\n\n<p>Vos meilleurs employ\u00e9s sont impatients d&rsquo;accomplir quelque chose d&rsquo;incroyable ensemble. Mettez-les au d\u00e9fi, ralliez-les et soutenez-les pleinement, et vous serez impressionn\u00e9 par ce qu&rsquo;ils peuvent accomplir.<\/p>\n\n<\/div>\n\t<\/div>\n\t<\/div><\/div>\n<\/div>\n<span class='background-angle-wrapper'><svg fill='none' viewBox='0 0 1728 699' xmlns='http:\/\/www.w3.org\/2000\/svg'><path d='M1728 0H0V294.923L1728 698.43V0Z' fill='url(#69d9a5f0094b1)'\/><defs><linearGradient id='69d9a5f0094b1' x1='1738.8' x2='1701' y1='717.27' y2='15.023' gradientUnits='userSpaceOnUse'><stop stop-color='#6D28D9' stop-opacity='.3' offset='0'\/><stop stop-color='#6D28D9' stop-opacity='0' offset='1'\/><\/linearGradient><\/defs><\/svg><\/span><\/div>","protected":false},"excerpt":{"rendered":"<p>Cr\u00e9er une excellente culture d&rsquo;entreprise commence ici. Gr\u00e2ce \u00e0 des recherches mondiales approfondies, nous avons identifi\u00e9 12 facteurs cl\u00e9s qui fa\u00e7onnent la relation d\u2019un employ\u00e9 avec son entreprise. Comprendre lesquels de ces facteurs comptent le plus pour votre \u00e9quipe est essentiel pour construire une solide proposition de valeur pour les employ\u00e9s. Les nouvelles r\u00e8gles de [&hellip;]<\/p>\n","protected":false},"author":28,"featured_media":1457,"parent":100,"menu_order":0,"comment_status":"closed","ping_status":"closed","template":"","meta":{"featured_image_focal_point":{"x":0.72,"y":0.49},"footnotes":""},"wf_page_folders":[],"class_list":["post-1751","page","type-page","status-publish","has-post-thumbnail","hentry"],"yoast_head":"<!-- This site is optimized with the Yoast SEO plugin v26.2 - https:\/\/yoast.com\/wordpress\/plugins\/seo\/ -->\n<title>Les nouvelles r\u00e8gles de l&#039;engagement - Canada (French)<\/title>\n<meta name=\"description\" content=\"L&#039;approche de consultation des Nouvelles R\u00e8gles de l&#039;Engagement repose sur l&#039;exp\u00e9rience en \u00e9conomie comportementale et sur la compr\u00e9hension\" \/>\n<meta name=\"robots\" content=\"index, follow, max-snippet:-1, max-image-preview:large, max-video-preview:-1\" \/>\n<link rel=\"canonical\" href=\"https:\/\/www.biworldwide.ca\/fr\/problemes-que-nous-resolvons\/engagement-des-employes\/les-nouvelles-regles-de-lengagement\/\" \/>\n<meta property=\"og:locale\" content=\"fr_CA\" \/>\n<meta property=\"og:type\" content=\"article\" \/>\n<meta property=\"og:title\" content=\"Les nouvelles r\u00e8gles de l&#039;engagement - Canada (French)\" \/>\n<meta property=\"og:description\" content=\"L&#039;approche de consultation des Nouvelles R\u00e8gles de l&#039;Engagement repose sur l&#039;exp\u00e9rience en \u00e9conomie comportementale et sur la compr\u00e9hension\" \/>\n<meta property=\"og:url\" content=\"https:\/\/www.biworldwide.ca\/fr\/problemes-que-nous-resolvons\/engagement-des-employes\/les-nouvelles-regles-de-lengagement\/\" \/>\n<meta property=\"og:site_name\" content=\"Canada (French)\" \/>\n<meta property=\"article:modified_time\" content=\"2025-04-03T18:53:52+00:00\" \/>\n<meta property=\"og:image\" content=\"https:\/\/www.biworldwide.com\/wp-content\/uploads\/2025\/02\/Webinar-NewRulesOfEngagement-9.23-1728x600px.jpg\" \/>\n\t<meta property=\"og:image:width\" content=\"1728\" \/>\n\t<meta property=\"og:image:height\" content=\"600\" \/>\n\t<meta property=\"og:image:type\" content=\"image\/jpeg\" \/>\n<meta name=\"twitter:card\" content=\"summary_large_image\" \/>\n<meta name=\"twitter:label1\" content=\"Est. reading time\" \/>\n\t<meta name=\"twitter:data1\" content=\"4 minutes\" \/>\n<script type=\"application\/ld+json\" class=\"yoast-schema-graph\">{\"@context\":\"https:\/\/schema.org\",\"@graph\":[{\"@type\":\"WebPage\",\"@id\":\"https:\/\/www.biworldwide.ca\/fr\/problemes-que-nous-resolvons\/engagement-des-employes\/les-nouvelles-regles-de-lengagement\/\",\"url\":\"https:\/\/www.biworldwide.ca\/fr\/problemes-que-nous-resolvons\/engagement-des-employes\/les-nouvelles-regles-de-lengagement\/\",\"name\":\"Les nouvelles r\u00e8gles de l'engagement - Canada (French)\",\"isPartOf\":{\"@id\":\"https:\/\/www.biworldwide.ca\/fr\/#website\"},\"primaryImageOfPage\":{\"@id\":\"https:\/\/www.biworldwide.ca\/fr\/problemes-que-nous-resolvons\/engagement-des-employes\/les-nouvelles-regles-de-lengagement\/#primaryimage\"},\"image\":{\"@id\":\"https:\/\/www.biworldwide.ca\/fr\/problemes-que-nous-resolvons\/engagement-des-employes\/les-nouvelles-regles-de-lengagement\/#primaryimage\"},\"thumbnailUrl\":\"https:\/\/www.biworldwide.com\/wp-content\/uploads\/2025\/02\/Webinar-NewRulesOfEngagement-9.23-1728x600px.jpg\",\"datePublished\":\"2025-03-26T23:22:51+00:00\",\"dateModified\":\"2025-04-03T18:53:52+00:00\",\"description\":\"L'approche de consultation des Nouvelles R\u00e8gles de l'Engagement repose sur l'exp\u00e9rience en \u00e9conomie comportementale et sur la compr\u00e9hension\",\"breadcrumb\":{\"@id\":\"https:\/\/www.biworldwide.ca\/fr\/problemes-que-nous-resolvons\/engagement-des-employes\/les-nouvelles-regles-de-lengagement\/#breadcrumb\"},\"inLanguage\":\"fr-CA\",\"potentialAction\":[{\"@type\":\"ReadAction\",\"target\":[\"https:\/\/www.biworldwide.ca\/fr\/problemes-que-nous-resolvons\/engagement-des-employes\/les-nouvelles-regles-de-lengagement\/\"]}]},{\"@type\":\"ImageObject\",\"inLanguage\":\"fr-CA\",\"@id\":\"https:\/\/www.biworldwide.ca\/fr\/problemes-que-nous-resolvons\/engagement-des-employes\/les-nouvelles-regles-de-lengagement\/#primaryimage\",\"url\":\"https:\/\/www.biworldwide.com\/wp-content\/uploads\/2025\/02\/Webinar-NewRulesOfEngagement-9.23-1728x600px.jpg\",\"contentUrl\":\"https:\/\/www.biworldwide.com\/wp-content\/uploads\/2025\/02\/Webinar-NewRulesOfEngagement-9.23-1728x600px.jpg\",\"caption\":\"A red heart-shaped balloon, a yellow and a green mug, a pink piggy bank, and a colorful infographic are placed against a black background. The infographic features various items and text, visible but not legible.\"},{\"@type\":\"BreadcrumbList\",\"@id\":\"https:\/\/www.biworldwide.ca\/fr\/problemes-que-nous-resolvons\/engagement-des-employes\/les-nouvelles-regles-de-lengagement\/#breadcrumb\",\"itemListElement\":[{\"@type\":\"ListItem\",\"position\":1,\"name\":\"Home\",\"item\":\"https:\/\/www.biworldwide.ca\/fr\/\"},{\"@type\":\"ListItem\",\"position\":2,\"name\":\"Probl\u00e8mes que nous r\u00e9solvons\",\"item\":\"https:\/\/www.biworldwide.ca\/fr\/problemes-que-nous-resolvons\/\"},{\"@type\":\"ListItem\",\"position\":3,\"name\":\"Engagement des employ\u00e9s\",\"item\":\"https:\/\/www.biworldwide.ca\/fr\/problemes-que-nous-resolvons\/engagement-des-employes\/\"},{\"@type\":\"ListItem\",\"position\":4,\"name\":\"Les nouvelles r\u00e8gles de l&rsquo;engagement\"}]},{\"@type\":\"WebSite\",\"@id\":\"https:\/\/www.biworldwide.ca\/fr\/#website\",\"url\":\"https:\/\/www.biworldwide.ca\/fr\/\",\"name\":\"Canada (French)\",\"description\":\"\",\"potentialAction\":[{\"@type\":\"SearchAction\",\"target\":{\"@type\":\"EntryPoint\",\"urlTemplate\":\"https:\/\/www.biworldwide.ca\/fr\/?s={search_term_string}\"},\"query-input\":{\"@type\":\"PropertyValueSpecification\",\"valueRequired\":true,\"valueName\":\"search_term_string\"}}],\"inLanguage\":\"fr-CA\"}]}<\/script>\n<!-- \/ Yoast SEO plugin. -->","yoast_head_json":{"title":"Les nouvelles r\u00e8gles de l'engagement - Canada (French)","description":"L'approche de consultation des Nouvelles R\u00e8gles de l'Engagement repose sur l'exp\u00e9rience en \u00e9conomie comportementale et sur la compr\u00e9hension","robots":{"index":"index","follow":"follow","max-snippet":"max-snippet:-1","max-image-preview":"max-image-preview:large","max-video-preview":"max-video-preview:-1"},"canonical":"https:\/\/www.biworldwide.ca\/fr\/problemes-que-nous-resolvons\/engagement-des-employes\/les-nouvelles-regles-de-lengagement\/","og_locale":"fr_CA","og_type":"article","og_title":"Les nouvelles r\u00e8gles de l'engagement - Canada (French)","og_description":"L'approche de consultation des Nouvelles R\u00e8gles de l'Engagement repose sur l'exp\u00e9rience en \u00e9conomie comportementale et sur la compr\u00e9hension","og_url":"https:\/\/www.biworldwide.ca\/fr\/problemes-que-nous-resolvons\/engagement-des-employes\/les-nouvelles-regles-de-lengagement\/","og_site_name":"Canada (French)","article_modified_time":"2025-04-03T18:53:52+00:00","og_image":[{"url":"https:\/\/www.biworldwide.com\/wp-content\/uploads\/2025\/02\/Webinar-NewRulesOfEngagement-9.23-1728x600px.jpg","width":1728,"height":600,"type":"image\/jpeg"}],"twitter_card":"summary_large_image","twitter_misc":{"Est. reading time":"4 minutes"},"schema":{"@context":"https:\/\/schema.org","@graph":[{"@type":"WebPage","@id":"https:\/\/www.biworldwide.ca\/fr\/problemes-que-nous-resolvons\/engagement-des-employes\/les-nouvelles-regles-de-lengagement\/","url":"https:\/\/www.biworldwide.ca\/fr\/problemes-que-nous-resolvons\/engagement-des-employes\/les-nouvelles-regles-de-lengagement\/","name":"Les nouvelles r\u00e8gles de l'engagement - Canada (French)","isPartOf":{"@id":"https:\/\/www.biworldwide.ca\/fr\/#website"},"primaryImageOfPage":{"@id":"https:\/\/www.biworldwide.ca\/fr\/problemes-que-nous-resolvons\/engagement-des-employes\/les-nouvelles-regles-de-lengagement\/#primaryimage"},"image":{"@id":"https:\/\/www.biworldwide.ca\/fr\/problemes-que-nous-resolvons\/engagement-des-employes\/les-nouvelles-regles-de-lengagement\/#primaryimage"},"thumbnailUrl":"https:\/\/www.biworldwide.com\/wp-content\/uploads\/2025\/02\/Webinar-NewRulesOfEngagement-9.23-1728x600px.jpg","datePublished":"2025-03-26T23:22:51+00:00","dateModified":"2025-04-03T18:53:52+00:00","description":"L'approche de consultation des Nouvelles R\u00e8gles de l'Engagement repose sur l'exp\u00e9rience en \u00e9conomie comportementale et sur la compr\u00e9hension","breadcrumb":{"@id":"https:\/\/www.biworldwide.ca\/fr\/problemes-que-nous-resolvons\/engagement-des-employes\/les-nouvelles-regles-de-lengagement\/#breadcrumb"},"inLanguage":"fr-CA","potentialAction":[{"@type":"ReadAction","target":["https:\/\/www.biworldwide.ca\/fr\/problemes-que-nous-resolvons\/engagement-des-employes\/les-nouvelles-regles-de-lengagement\/"]}]},{"@type":"ImageObject","inLanguage":"fr-CA","@id":"https:\/\/www.biworldwide.ca\/fr\/problemes-que-nous-resolvons\/engagement-des-employes\/les-nouvelles-regles-de-lengagement\/#primaryimage","url":"https:\/\/www.biworldwide.com\/wp-content\/uploads\/2025\/02\/Webinar-NewRulesOfEngagement-9.23-1728x600px.jpg","contentUrl":"https:\/\/www.biworldwide.com\/wp-content\/uploads\/2025\/02\/Webinar-NewRulesOfEngagement-9.23-1728x600px.jpg","caption":"A red heart-shaped balloon, a yellow and a green mug, a pink piggy bank, and a colorful infographic are placed against a black background. The infographic features various items and text, visible but not legible."},{"@type":"BreadcrumbList","@id":"https:\/\/www.biworldwide.ca\/fr\/problemes-que-nous-resolvons\/engagement-des-employes\/les-nouvelles-regles-de-lengagement\/#breadcrumb","itemListElement":[{"@type":"ListItem","position":1,"name":"Home","item":"https:\/\/www.biworldwide.ca\/fr\/"},{"@type":"ListItem","position":2,"name":"Probl\u00e8mes que nous r\u00e9solvons","item":"https:\/\/www.biworldwide.ca\/fr\/problemes-que-nous-resolvons\/"},{"@type":"ListItem","position":3,"name":"Engagement des employ\u00e9s","item":"https:\/\/www.biworldwide.ca\/fr\/problemes-que-nous-resolvons\/engagement-des-employes\/"},{"@type":"ListItem","position":4,"name":"Les nouvelles r\u00e8gles de l&rsquo;engagement"}]},{"@type":"WebSite","@id":"https:\/\/www.biworldwide.ca\/fr\/#website","url":"https:\/\/www.biworldwide.ca\/fr\/","name":"Canada (French)","description":"","potentialAction":[{"@type":"SearchAction","target":{"@type":"EntryPoint","urlTemplate":"https:\/\/www.biworldwide.ca\/fr\/?s={search_term_string}"},"query-input":{"@type":"PropertyValueSpecification","valueRequired":true,"valueName":"search_term_string"}}],"inLanguage":"fr-CA"}]}},"_links":{"self":[{"href":"https:\/\/www.biworldwide.ca\/fr\/wp-json\/wp\/v2\/pages\/1751","targetHints":{"allow":["GET"]}}],"collection":[{"href":"https:\/\/www.biworldwide.ca\/fr\/wp-json\/wp\/v2\/pages"}],"about":[{"href":"https:\/\/www.biworldwide.ca\/fr\/wp-json\/wp\/v2\/types\/page"}],"author":[{"embeddable":true,"href":"https:\/\/www.biworldwide.ca\/fr\/wp-json\/wp\/v2\/users\/28"}],"replies":[{"embeddable":true,"href":"https:\/\/www.biworldwide.ca\/fr\/wp-json\/wp\/v2\/comments?post=1751"}],"version-history":[{"count":12,"href":"https:\/\/www.biworldwide.ca\/fr\/wp-json\/wp\/v2\/pages\/1751\/revisions"}],"predecessor-version":[{"id":2261,"href":"https:\/\/www.biworldwide.ca\/fr\/wp-json\/wp\/v2\/pages\/1751\/revisions\/2261"}],"up":[{"embeddable":true,"href":"https:\/\/www.biworldwide.ca\/fr\/wp-json\/wp\/v2\/pages\/100"}],"wp:featuredmedia":[{"embeddable":true,"href":"https:\/\/www.biworldwide.ca\/fr\/wp-json\/wp\/v2\/media\/1457"}],"wp:attachment":[{"href":"https:\/\/www.biworldwide.ca\/fr\/wp-json\/wp\/v2\/media?parent=1751"}],"wp:term":[{"taxonomy":"wf_page_folders","embeddable":true,"href":"https:\/\/www.biworldwide.ca\/fr\/wp-json\/wp\/v2\/wf_page_folders?post=1751"}],"curies":[{"name":"wp","href":"https:\/\/api.w.org\/{rel}","templated":true}]}}