{"id":1721,"date":"2025-03-26T15:32:36","date_gmt":"2025-03-26T22:32:36","guid":{"rendered":"https:\/\/www.biworldwide.ca\/fr\/?page_id=1721"},"modified":"2025-03-31T15:51:08","modified_gmt":"2025-03-31T22:51:08","slug":"mastery-marketplace","status":"publish","type":"page","link":"https:\/\/www.biworldwide.ca\/fr\/comment-nous-aidons\/marche-des-recompenses\/mastery-marketplace\/","title":{"rendered":"Mastery Marketplace"},"content":{"rendered":"<div class=\" has-content-align-left has-overlay has-overlay--light alignfull wp-block-biw-block-theme-hero\">\n\t<div class=\"biw-hero__grid\">\n\t\t\t\t\t<div class=\"biw-hero__breadcrumbs\">\n\t\t\t\t<div id=\"breadcrumbs\" class=\"breadcrumb-nav__wrapper\"><span class=\"breadcrumb-nav\"><span><a href=\"https:\/\/www.biworldwide.ca\/fr\/\">Home<\/a><\/span><\/span><\/div>\t\t\t<\/div>\n\t\t\n\t\t\t\t\t<div class=\"biw-hero__media \">\n\t\t\t\t\t\t\t\t\t<div class=\"biw-hero__overlay overlay-light\"><\/div>\n\t\t\t\t\t\t\t\t<img decoding=\"async\" src=\"http:\/\/live-biw-main.pantheonsite.io\/wp-content\/uploads\/2025\/03\/BIW_Site_Hero_MarketMast-1-scaled.jpg\" alt=\"Man with headphones sitting at a desk, writing in a notebook while looking at a laptop. He is wearing glasses and a blue shirt. A yellow book and a plant are on the desk. A neutral background with minimalist decor is visible.\" class=\"biw-hero__bg-image\" style=\"object-position: 19% 46%;\">\t\t\t<\/div>\n\t\t\t\t<div class=\"biw-hero__content\">\n\t\t\t\t\t\t<h1 class=\"biw-hero__title\" style=\"line-height: 1.2\">\n\t\t\t\tMastery Marketplace\t\t\t<\/h1>\n\t\t\t\t\t\t\t<h2 class=\"biw-hero__subtitle\">\n\t\t\t\t\tNe vous contentez pas d&rsquo;inspirer. Enrichissez.\t\t\t\t<\/h2>\n\t\t\t\t\t\t\t\t\t\t<div class=\"biw-hero__text\">\n\t\t\t\t\t\n\n<p>Mastery Marketplace est l\u2019endroit o\u00f9 la croissance prend vie. Il permet \u00e0 vos employ\u00e9s, \u00e9quipes de vente, partenaires et clients de d\u00e9velopper de nouvelles comp\u00e9tences, d\u2019essayer quelque chose de nouveau et de raviver leur enthousiasme pour leurs activit\u00e9s.<\/p>\n\n\t\t\t\t<\/div>\n\t\t\t\t\t\t\t\t<\/div>\n\t<\/div>\n<\/div>\n\n\n\n<div class=\"wp-block-group  layout-columns-7 has-global-padding is-layout-constrained wp-container-core-group-is-layout-a133ec42 wp-block-group-is-layout-constrained\">\n<h2 class=\"wp-block-heading\">L&rsquo;apprentissage est l&rsquo;une des exp\u00e9riences les plus gratifiantes et stimulantes de la vie.<\/h2>\n\n\n\n<p>Notre objectif est d&rsquo;inspirer les personnes qui influencent votre entreprise gr\u00e2ce aux r\u00e9compenses les plus innovantes et motivantes possibles.<\/p>\n\n\n\n<p>Des cours de cuisine aux programmes linguistiques, des le\u00e7ons de musique aux s\u00e9ances de sant\u00e9 et de bien-\u00eatre, Mastery Marketplace propose des cours pertinents dispens\u00e9s par les plus grands noms de l&rsquo;industrie.<\/p>\n<\/div>\n\n\n\n<div class=\"wp-block-group alignfull has-global-padding is-layout-constrained wp-container-core-group-is-layout-e04489b5 wp-block-group-is-layout-constrained\">\n<div class=\"wp-block-group  layout-columns-10 has-global-padding is-layout-constrained wp-container-core-group-is-layout-0b5f5b40 wp-block-group-is-layout-constrained\">\n<div class=\"wp-block-group has-text-align-center is-layout-grid wp-container-core-group-is-layout-ef442fb0 wp-block-group-is-layout-grid\">\n<div class=\"wp-block-group is-vertical is-content-justification-center is-layout-flex wp-container-core-group-is-layout-81423f52 wp-block-group-is-layout-flex\">\n<h3 class=\"wp-block-heading has-impact-font-size  has-text-wrap-no-wrap  has-gradient-fill has-gradient-fill-green\">90 %<\/h3>\n\n\n\n<p class=\"has-text-align-center has-large-font-size  has-text-wrap-balance\">des employ\u00e9s d\u00e9clarent que les ressources ax\u00e9es sur le bien-\u00eatre professionnel sont importantes, voire essentielles<\/p>\n<\/div>\n\n\n\n<div class=\"wp-block-group is-vertical is-content-justification-center is-layout-flex wp-container-core-group-is-layout-81423f52 wp-block-group-is-layout-flex\">\n<h3 class=\"wp-block-heading has-impact-font-size  has-text-wrap-no-wrap  has-gradient-fill has-gradient-fill-green\">15x<\/h3>\n\n\n\n<p class=\"has-text-align-center has-large-font-size  has-text-wrap-balance\">Les employ\u00e9s qui d\u00e9clarent que leur travail leur permet de ma\u00eetriser des comp\u00e9tences importantes pour eux sont 15 fois plus susceptibles de se sentir inspir\u00e9s au travail<\/p>\n<\/div>\n\n\n\n<div class=\"wp-block-group is-vertical is-content-justification-center is-layout-flex wp-container-core-group-is-layout-81423f52 wp-block-group-is-layout-flex\">\n<h3 class=\"wp-block-heading has-impact-font-size  has-text-wrap-no-wrap  has-gradient-fill has-gradient-fill-green\">2x<\/h3>\n\n\n\n<p class=\"has-text-align-center has-large-font-size  has-text-wrap-balance\">Ces employ\u00e9s sont deux fois plus susceptibles de ressentir un sentiment d&rsquo;appartenance \u00e0 leur organisation<\/p>\n<\/div>\n<\/div>\n<\/div>\n<\/div>\n\n\n\n<div class=\"wp-block-group alignfull has-global-padding is-layout-constrained wp-container-core-group-is-layout-97ab3c77 wp-block-group-is-layout-constrained\">\n<div class=\"wp-block-group has-text-align-center  layout-columns-8 has-global-padding is-layout-constrained wp-container-core-group-is-layout-ee362a79 wp-block-group-is-layout-constrained\">\n<h2 class=\"wp-block-heading has-text-align-center  has-text-wrap-pretty\"><strong>Lib\u00e9rez<\/strong> <strong>un ensemble de possibilit\u00e9s.<\/strong><\/h2>\n\n\n\n<p class=\" has-text-wrap-balance\">L&rsquo;acc\u00e8s aux outils et services d&rsquo;apprentissage qui favorisent la croissance et la ma\u00eetrise est l&rsquo;une des ressources les plus essentielles qu&rsquo;une organisation puisse offrir :<\/p>\n<\/div>\n\n\n\n<div class=\"wp-block-group  layout-columns-12 has-global-padding is-layout-constrained wp-container-core-group-is-layout-9e09659d wp-block-group-is-layout-constrained\">\n<div class=\"wp-block-group is-layout-grid wp-container-core-group-is-layout-c765d3c1 wp-block-group-is-layout-grid\">\n<div class=\"wp-block-group  has-dynamic-border-radius has-global-padding is-layout-constrained wp-block-group-is-layout-constrained\">\n<figure class=\"wp-block-image size-large\"><img decoding=\"async\" src=\"http:\/\/live-biw-main.pantheonsite.io\/wp-content\/uploads\/2025\/02\/BIW_Site_Card_MarketMast-1024x577.jpg\" alt=\"A woman wearing headphones is sitting at a wooden table with a laptop, cup, and notebook. Shes writing with a pencil, surrounded by plants and soft lighting. She appears focused, with a hand resting on her head.\" class=\"wp-image-3590\" style=\"aspect-ratio:1;object-fit:cover\" \/><\/figure>\n<\/div>\n\n\n<div class=\" has-dynamic-border-radius has-image-size-cover has-image-radius-none is-style-default wp-block-biw-block-theme-biw-card\">\n\t\t\t<figure class=\"biw-card__image-wrapper \">\n\t\t\t<img decoding=\"async\" src=\"http:\/\/live-biw-main.pantheonsite.io\/wp-content\/uploads\/2025\/02\/Upskill.png\" alt=\"\" class=\"biw-card__image\" style=\"object-position: 50% 50%;\">\t\t<\/figure>\n\t\t<div class=\"biw-card__content\">\n\t\t<h2 class=\"biw-card__title\">\n\t\t\t\t\t\t\tD\u00e9veloppez vos comp\u00e9tences\t\t\t\t\t<\/h2>\n\t\t<div class=\"biw-card__text\">\n\n<p>Du contenu con\u00e7u pour aider chacun \u00e0 acqu\u00e9rir les comp\u00e9tences n\u00e9cessaires pour exceller dans son r\u00f4le actuel ou se pr\u00e9parer \u00e0 celui qu\u2019il souhaite occuper.<\/p>\n\n<\/div>\n\t<\/div>\n\t<\/div>\n\n<div class=\" has-dynamic-border-radius has-image-size-cover has-image-radius-none is-style-default wp-block-biw-block-theme-biw-card\">\n\t\t\t<figure class=\"biw-card__image-wrapper \">\n\t\t\t<img decoding=\"async\" src=\"http:\/\/live-biw-main.pantheonsite.io\/wp-content\/uploads\/2025\/02\/PersonalDevelopment.png\" alt=\"\" class=\"biw-card__image\" style=\"object-position: 50% 50%;\">\t\t<\/figure>\n\t\t<div class=\"biw-card__content\">\n\t\t<h2 class=\"biw-card__title\">\n\t\t\t\t\t\t\tD\u00e9veloppement personnel\t\t\t\t\t<\/h2>\n\t\t<div class=\"biw-card__text\">\n\n<p>Des cours en ligne dispens\u00e9s par les meilleurs experts mondiaux, con\u00e7us pour satisfaire la curiosit\u00e9 naturelle des apprenants tout au long de la vie. Ces classes couvrent des cat\u00e9gories vari\u00e9es telles que les affaires, l&rsquo;\u00e9criture, la gastronomie, les arts et le divertissement, entre autres.<\/p>\n\n<\/div>\n\t<\/div>\n\t<\/div>\n\n<div class=\" has-dynamic-border-radius has-image-size-cover has-image-radius-none is-style-default wp-block-biw-block-theme-biw-card\">\n\t\t\t<figure class=\"biw-card__image-wrapper \">\n\t\t\t<img decoding=\"async\" src=\"http:\/\/live-biw-main.pantheonsite.io\/wp-content\/uploads\/2025\/02\/Music.png\" alt=\"\" class=\"biw-card__image\" style=\"object-position: 50% 50%;\">\t\t<\/figure>\n\t\t<div class=\"biw-card__content\">\n\t\t<h2 class=\"biw-card__title\">\n\t\t\t\t\t\t\tMusique\t\t\t\t\t<\/h2>\n\t\t<div class=\"biw-card__text\">\n\n<p>Une alliance des meilleures entreprises d&rsquo;\u00e9ducation musicale en ligne \u00e0 travers le monde propose des cours dispens\u00e9s par des ma\u00eetres musiciens. Que vous souhaitiez apprendre le mandoline, le piano ou m\u00eame la production musicale \u00e9lectronique, ces le\u00e7ons sont con\u00e7ues pour enrichir votre parcours musical.<\/p>\n\n<\/div>\n\t<\/div>\n\t<\/div>\n\n<div class=\" has-dynamic-border-radius has-image-size-cover has-image-radius-none is-style-default wp-block-biw-block-theme-biw-card\">\n\t\t\t<figure class=\"biw-card__image-wrapper \">\n\t\t\t<img decoding=\"async\" src=\"http:\/\/live-biw-main.pantheonsite.io\/wp-content\/uploads\/2025\/02\/Language.png\" alt=\"\" class=\"biw-card__image\" style=\"object-position: 50% 50%;\">\t\t<\/figure>\n\t\t<div class=\"biw-card__content\">\n\t\t<h2 class=\"biw-card__title\">\n\t\t\t\t\t\t\tLangues\t\t\t\t\t<\/h2>\n\t\t<div class=\"biw-card__text\">\n\n<p>Une offre de 61 langues, allant de l&rsquo;afrikaans au vietnamien, adapt\u00e9e \u00e0 divers styles d&rsquo;apprentissage. Que les participants pr\u00e9f\u00e8rent une approche traditionnelle, apprendre en d\u00e9placement, des le\u00e7ons sp\u00e9cifiques pour les enfants ou interagir dans un environnement de r\u00e9alit\u00e9 virtuelle (VR), il y a une m\u00e9thode pour chacun.<\/p>\n\n<\/div>\n\t<\/div>\n\t<\/div>\n\n<div class=\" has-dynamic-border-radius has-image-size-cover has-image-radius-none is-style-default wp-block-biw-block-theme-biw-card\">\n\t\t\t<figure class=\"biw-card__image-wrapper \">\n\t\t\t<img decoding=\"async\" src=\"http:\/\/live-biw-main.pantheonsite.io\/wp-content\/uploads\/2025\/02\/Wellness.png\" alt=\"\" class=\"biw-card__image\" style=\"object-position: 50% 50%;\">\t\t<\/figure>\n\t\t<div class=\"biw-card__content\">\n\t\t<h2 class=\"biw-card__title\">\n\t\t\t\t\t\t\tBien-\u00eatre\t\t\t\t\t<\/h2>\n\t\t<div class=\"biw-card__text\">\n\n<p>Du coaching personnel en ligne et du yoga aux applications de fitness c\u00e9r\u00e9bral bas\u00e9es sur la recherche scientifique. Les participants peuvent t\u00e9l\u00e9charger ces applications pour y acc\u00e9der o\u00f9 qu&rsquo;ils soient, et ainsi s&rsquo;engager dans leur bien-\u00eatre physique et mental.<\/p>\n\n<\/div>\n\t<\/div>\n\t<\/div><\/div>\n<\/div>\n<\/div>\n","protected":false},"excerpt":{"rendered":"<p>L&rsquo;apprentissage est l&rsquo;une des exp\u00e9riences les plus gratifiantes et stimulantes de la vie. Notre objectif est d&rsquo;inspirer les personnes qui influencent votre entreprise gr\u00e2ce aux r\u00e9compenses les plus innovantes et motivantes possibles. Des cours de cuisine aux programmes linguistiques, des le\u00e7ons de musique aux s\u00e9ances de sant\u00e9 et de bien-\u00eatre, Mastery Marketplace propose des cours [&hellip;]<\/p>\n","protected":false},"author":28,"featured_media":807,"parent":196,"menu_order":0,"comment_status":"closed","ping_status":"closed","template":"","meta":{"featured_image_focal_point":{"x":0.73,"y":0.33},"footnotes":""},"wf_page_folders":[],"class_list":["post-1721","page","type-page","status-publish","has-post-thumbnail","hentry"],"yoast_head":"<!-- This site is optimized with the Yoast SEO plugin v26.2 - https:\/\/yoast.com\/wordpress\/plugins\/seo\/ -->\n<title>Mastery Marketplace - Canada (French)<\/title>\n<meta name=\"description\" content=\"Mastery Marketplace offre \u00e0 vos employ\u00e9s, commerciaux et partenaires de canal l\u2019opportunit\u00e9 de d\u00e9velopper leurs comp\u00e9tences, d\u2019essayer\" \/>\n<meta name=\"robots\" content=\"index, follow, max-snippet:-1, max-image-preview:large, max-video-preview:-1\" \/>\n<link rel=\"canonical\" href=\"https:\/\/www.biworldwide.ca\/fr\/comment-nous-aidons\/marche-des-recompenses\/mastery-marketplace\/\" \/>\n<meta property=\"og:locale\" content=\"fr_CA\" \/>\n<meta property=\"og:type\" content=\"article\" \/>\n<meta property=\"og:title\" content=\"Mastery Marketplace - Canada (French)\" \/>\n<meta property=\"og:description\" content=\"Mastery Marketplace offre \u00e0 vos employ\u00e9s, commerciaux et partenaires de canal l\u2019opportunit\u00e9 de d\u00e9velopper leurs comp\u00e9tences, d\u2019essayer\" \/>\n<meta property=\"og:url\" content=\"https:\/\/www.biworldwide.ca\/fr\/comment-nous-aidons\/marche-des-recompenses\/mastery-marketplace\/\" \/>\n<meta property=\"og:site_name\" content=\"Canada (French)\" \/>\n<meta property=\"article:modified_time\" content=\"2025-03-31T22:51:08+00:00\" \/>\n<meta property=\"og:image\" content=\"https:\/\/www.biworldwide.com\/wp-content\/uploads\/2025\/03\/BIW_Site_Hero_MarketMast-1-scaled.jpg\" \/>\n\t<meta property=\"og:image:width\" content=\"2560\" \/>\n\t<meta property=\"og:image:height\" content=\"889\" \/>\n\t<meta property=\"og:image:type\" content=\"image\/jpeg\" \/>\n<meta name=\"twitter:card\" content=\"summary_large_image\" \/>\n<meta name=\"twitter:label1\" content=\"Est. reading time\" \/>\n\t<meta name=\"twitter:data1\" content=\"3 minutes\" \/>\n<script type=\"application\/ld+json\" class=\"yoast-schema-graph\">{\"@context\":\"https:\/\/schema.org\",\"@graph\":[{\"@type\":\"WebPage\",\"@id\":\"https:\/\/www.biworldwide.ca\/fr\/comment-nous-aidons\/marche-des-recompenses\/mastery-marketplace\/\",\"url\":\"https:\/\/www.biworldwide.ca\/fr\/comment-nous-aidons\/marche-des-recompenses\/mastery-marketplace\/\",\"name\":\"Mastery Marketplace - Canada (French)\",\"isPartOf\":{\"@id\":\"https:\/\/www.biworldwide.ca\/fr\/#website\"},\"primaryImageOfPage\":{\"@id\":\"https:\/\/www.biworldwide.ca\/fr\/comment-nous-aidons\/marche-des-recompenses\/mastery-marketplace\/#primaryimage\"},\"image\":{\"@id\":\"https:\/\/www.biworldwide.ca\/fr\/comment-nous-aidons\/marche-des-recompenses\/mastery-marketplace\/#primaryimage\"},\"thumbnailUrl\":\"https:\/\/www.biworldwide.com\/wp-content\/uploads\/2025\/03\/BIW_Site_Hero_MarketMast-1-scaled.jpg\",\"datePublished\":\"2025-03-26T22:32:36+00:00\",\"dateModified\":\"2025-03-31T22:51:08+00:00\",\"description\":\"Mastery Marketplace offre \u00e0 vos employ\u00e9s, commerciaux et partenaires de canal l\u2019opportunit\u00e9 de d\u00e9velopper leurs comp\u00e9tences, d\u2019essayer\",\"breadcrumb\":{\"@id\":\"https:\/\/www.biworldwide.ca\/fr\/comment-nous-aidons\/marche-des-recompenses\/mastery-marketplace\/#breadcrumb\"},\"inLanguage\":\"fr-CA\",\"potentialAction\":[{\"@type\":\"ReadAction\",\"target\":[\"https:\/\/www.biworldwide.ca\/fr\/comment-nous-aidons\/marche-des-recompenses\/mastery-marketplace\/\"]}]},{\"@type\":\"ImageObject\",\"inLanguage\":\"fr-CA\",\"@id\":\"https:\/\/www.biworldwide.ca\/fr\/comment-nous-aidons\/marche-des-recompenses\/mastery-marketplace\/#primaryimage\",\"url\":\"https:\/\/www.biworldwide.com\/wp-content\/uploads\/2025\/03\/BIW_Site_Hero_MarketMast-1-scaled.jpg\",\"contentUrl\":\"https:\/\/www.biworldwide.com\/wp-content\/uploads\/2025\/03\/BIW_Site_Hero_MarketMast-1-scaled.jpg\",\"caption\":\"Man with headphones sitting at a desk, writing in a notebook while looking at a laptop. He is wearing glasses and a blue shirt. A yellow book and a plant are on the desk. A neutral background with minimalist decor is visible.\"},{\"@type\":\"BreadcrumbList\",\"@id\":\"https:\/\/www.biworldwide.ca\/fr\/comment-nous-aidons\/marche-des-recompenses\/mastery-marketplace\/#breadcrumb\",\"itemListElement\":[{\"@type\":\"ListItem\",\"position\":1,\"name\":\"Home\",\"item\":\"https:\/\/www.biworldwide.ca\/fr\/\"},{\"@type\":\"ListItem\",\"position\":2,\"name\":\"Comment nous aidons\",\"item\":\"https:\/\/www.biworldwide.ca\/fr\/comment-nous-aidons\/\"},{\"@type\":\"ListItem\",\"position\":3,\"name\":\"March\u00e9 des r\u00e9compenses\",\"item\":\"https:\/\/www.biworldwide.ca\/fr\/comment-nous-aidons\/marche-des-recompenses\/\"},{\"@type\":\"ListItem\",\"position\":4,\"name\":\"Mastery Marketplace\"}]},{\"@type\":\"WebSite\",\"@id\":\"https:\/\/www.biworldwide.ca\/fr\/#website\",\"url\":\"https:\/\/www.biworldwide.ca\/fr\/\",\"name\":\"Canada (French)\",\"description\":\"\",\"potentialAction\":[{\"@type\":\"SearchAction\",\"target\":{\"@type\":\"EntryPoint\",\"urlTemplate\":\"https:\/\/www.biworldwide.ca\/fr\/?s={search_term_string}\"},\"query-input\":{\"@type\":\"PropertyValueSpecification\",\"valueRequired\":true,\"valueName\":\"search_term_string\"}}],\"inLanguage\":\"fr-CA\"}]}<\/script>\n<!-- \/ Yoast SEO plugin. -->","yoast_head_json":{"title":"Mastery Marketplace - Canada (French)","description":"Mastery Marketplace offre \u00e0 vos employ\u00e9s, commerciaux et partenaires de canal l\u2019opportunit\u00e9 de d\u00e9velopper leurs comp\u00e9tences, d\u2019essayer","robots":{"index":"index","follow":"follow","max-snippet":"max-snippet:-1","max-image-preview":"max-image-preview:large","max-video-preview":"max-video-preview:-1"},"canonical":"https:\/\/www.biworldwide.ca\/fr\/comment-nous-aidons\/marche-des-recompenses\/mastery-marketplace\/","og_locale":"fr_CA","og_type":"article","og_title":"Mastery Marketplace - Canada (French)","og_description":"Mastery Marketplace offre \u00e0 vos employ\u00e9s, commerciaux et partenaires de canal l\u2019opportunit\u00e9 de d\u00e9velopper leurs comp\u00e9tences, d\u2019essayer","og_url":"https:\/\/www.biworldwide.ca\/fr\/comment-nous-aidons\/marche-des-recompenses\/mastery-marketplace\/","og_site_name":"Canada (French)","article_modified_time":"2025-03-31T22:51:08+00:00","og_image":[{"url":"https:\/\/www.biworldwide.com\/wp-content\/uploads\/2025\/03\/BIW_Site_Hero_MarketMast-1-scaled.jpg","width":2560,"height":889,"type":"image\/jpeg"}],"twitter_card":"summary_large_image","twitter_misc":{"Est. reading time":"3 minutes"},"schema":{"@context":"https:\/\/schema.org","@graph":[{"@type":"WebPage","@id":"https:\/\/www.biworldwide.ca\/fr\/comment-nous-aidons\/marche-des-recompenses\/mastery-marketplace\/","url":"https:\/\/www.biworldwide.ca\/fr\/comment-nous-aidons\/marche-des-recompenses\/mastery-marketplace\/","name":"Mastery Marketplace - Canada (French)","isPartOf":{"@id":"https:\/\/www.biworldwide.ca\/fr\/#website"},"primaryImageOfPage":{"@id":"https:\/\/www.biworldwide.ca\/fr\/comment-nous-aidons\/marche-des-recompenses\/mastery-marketplace\/#primaryimage"},"image":{"@id":"https:\/\/www.biworldwide.ca\/fr\/comment-nous-aidons\/marche-des-recompenses\/mastery-marketplace\/#primaryimage"},"thumbnailUrl":"https:\/\/www.biworldwide.com\/wp-content\/uploads\/2025\/03\/BIW_Site_Hero_MarketMast-1-scaled.jpg","datePublished":"2025-03-26T22:32:36+00:00","dateModified":"2025-03-31T22:51:08+00:00","description":"Mastery Marketplace offre \u00e0 vos employ\u00e9s, commerciaux et partenaires de canal l\u2019opportunit\u00e9 de d\u00e9velopper leurs comp\u00e9tences, d\u2019essayer","breadcrumb":{"@id":"https:\/\/www.biworldwide.ca\/fr\/comment-nous-aidons\/marche-des-recompenses\/mastery-marketplace\/#breadcrumb"},"inLanguage":"fr-CA","potentialAction":[{"@type":"ReadAction","target":["https:\/\/www.biworldwide.ca\/fr\/comment-nous-aidons\/marche-des-recompenses\/mastery-marketplace\/"]}]},{"@type":"ImageObject","inLanguage":"fr-CA","@id":"https:\/\/www.biworldwide.ca\/fr\/comment-nous-aidons\/marche-des-recompenses\/mastery-marketplace\/#primaryimage","url":"https:\/\/www.biworldwide.com\/wp-content\/uploads\/2025\/03\/BIW_Site_Hero_MarketMast-1-scaled.jpg","contentUrl":"https:\/\/www.biworldwide.com\/wp-content\/uploads\/2025\/03\/BIW_Site_Hero_MarketMast-1-scaled.jpg","caption":"Man with headphones sitting at a desk, writing in a notebook while looking at a laptop. He is wearing glasses and a blue shirt. A yellow book and a plant are on the desk. A neutral background with minimalist decor is visible."},{"@type":"BreadcrumbList","@id":"https:\/\/www.biworldwide.ca\/fr\/comment-nous-aidons\/marche-des-recompenses\/mastery-marketplace\/#breadcrumb","itemListElement":[{"@type":"ListItem","position":1,"name":"Home","item":"https:\/\/www.biworldwide.ca\/fr\/"},{"@type":"ListItem","position":2,"name":"Comment nous aidons","item":"https:\/\/www.biworldwide.ca\/fr\/comment-nous-aidons\/"},{"@type":"ListItem","position":3,"name":"March\u00e9 des r\u00e9compenses","item":"https:\/\/www.biworldwide.ca\/fr\/comment-nous-aidons\/marche-des-recompenses\/"},{"@type":"ListItem","position":4,"name":"Mastery Marketplace"}]},{"@type":"WebSite","@id":"https:\/\/www.biworldwide.ca\/fr\/#website","url":"https:\/\/www.biworldwide.ca\/fr\/","name":"Canada (French)","description":"","potentialAction":[{"@type":"SearchAction","target":{"@type":"EntryPoint","urlTemplate":"https:\/\/www.biworldwide.ca\/fr\/?s={search_term_string}"},"query-input":{"@type":"PropertyValueSpecification","valueRequired":true,"valueName":"search_term_string"}}],"inLanguage":"fr-CA"}]}},"_links":{"self":[{"href":"https:\/\/www.biworldwide.ca\/fr\/wp-json\/wp\/v2\/pages\/1721","targetHints":{"allow":["GET"]}}],"collection":[{"href":"https:\/\/www.biworldwide.ca\/fr\/wp-json\/wp\/v2\/pages"}],"about":[{"href":"https:\/\/www.biworldwide.ca\/fr\/wp-json\/wp\/v2\/types\/page"}],"author":[{"embeddable":true,"href":"https:\/\/www.biworldwide.ca\/fr\/wp-json\/wp\/v2\/users\/28"}],"replies":[{"embeddable":true,"href":"https:\/\/www.biworldwide.ca\/fr\/wp-json\/wp\/v2\/comments?post=1721"}],"version-history":[{"count":10,"href":"https:\/\/www.biworldwide.ca\/fr\/wp-json\/wp\/v2\/pages\/1721\/revisions"}],"predecessor-version":[{"id":1753,"href":"https:\/\/www.biworldwide.ca\/fr\/wp-json\/wp\/v2\/pages\/1721\/revisions\/1753"}],"up":[{"embeddable":true,"href":"https:\/\/www.biworldwide.ca\/fr\/wp-json\/wp\/v2\/pages\/196"}],"wp:featuredmedia":[{"embeddable":true,"href":"https:\/\/www.biworldwide.ca\/fr\/wp-json\/wp\/v2\/media\/807"}],"wp:attachment":[{"href":"https:\/\/www.biworldwide.ca\/fr\/wp-json\/wp\/v2\/media?parent=1721"}],"wp:term":[{"taxonomy":"wf_page_folders","embeddable":true,"href":"https:\/\/www.biworldwide.ca\/fr\/wp-json\/wp\/v2\/wf_page_folders?post=1721"}],"curies":[{"name":"wp","href":"https:\/\/api.w.org\/{rel}","templated":true}]}}