{"id":172,"date":"2025-01-14T16:27:10","date_gmt":"2025-01-14T16:27:10","guid":{"rendered":"https:\/\/live-biw-main.pantheonsite.io\/?page_id=172"},"modified":"2025-04-03T10:38:14","modified_gmt":"2025-04-03T17:38:14","slug":"carrieres","status":"publish","type":"page","link":"https:\/\/www.biworldwide.ca\/fr\/a-propos-de-nous\/carrieres\/","title":{"rendered":"Carri\u00e8res"},"content":{"rendered":"<div class=\" has-content-align-left has-overlay has-overlay--dark alignfull wp-block-biw-block-theme-hero\">\n\t<div class=\"biw-hero__grid\">\n\t\t\t\t\t<div class=\"biw-hero__breadcrumbs\">\n\t\t\t\t<div id=\"breadcrumbs\" class=\"breadcrumb-nav__wrapper\"><span class=\"breadcrumb-nav\"><span><a href=\"https:\/\/www.biworldwide.ca\/fr\/\">Home<\/a><\/span><\/span><\/div>\t\t\t<\/div>\n\t\t\n\t\t\t\t\t<div class=\"biw-hero__media \">\n\t\t\t\t\t\t\t\t\t<div class=\"biw-hero__overlay overlay-dark\"><\/div>\n\t\t\t\t\t\t\t\t<img loading=\"lazy\" decoding=\"async\" width=\"1728\" height=\"600\" src=\"https:\/\/www.biworldwide.ca\/fr\/wp-content\/uploads\/sites\/9\/2025\/03\/Careers-GPTW-1728x600px-FR.jpg\" class=\"biw-hero__bg-image\" alt=\"Un groupe diversifi\u00e9 de cinq personnes est assis autour d&#039;une table et discute. Une personne se l\u00e8ve et fait des gestes. Un certificat \u00ab\u00a0Great Place to Work\u00a0\u00bb pour le Canada est affich\u00e9 \u00e0 droite, valide d&#039;octobre 2024 \u00e0 octobre 2025.\" style=\"object-position: 53% 0%;\" srcset=\"https:\/\/www.biworldwide.ca\/fr\/wp-content\/uploads\/sites\/9\/2025\/03\/Careers-GPTW-1728x600px-FR.jpg 1728w, https:\/\/www.biworldwide.ca\/fr\/wp-content\/uploads\/sites\/9\/2025\/03\/Careers-GPTW-1728x600px-FR-300x104.jpg 300w, https:\/\/www.biworldwide.ca\/fr\/wp-content\/uploads\/sites\/9\/2025\/03\/Careers-GPTW-1728x600px-FR-1024x356.jpg 1024w, https:\/\/www.biworldwide.ca\/fr\/wp-content\/uploads\/sites\/9\/2025\/03\/Careers-GPTW-1728x600px-FR-768x267.jpg 768w, https:\/\/www.biworldwide.ca\/fr\/wp-content\/uploads\/sites\/9\/2025\/03\/Careers-GPTW-1728x600px-FR-1536x533.jpg 1536w\" sizes=\"auto, (max-width: 1728px) 100vw, 1728px\" \/>\t\t\t<\/div>\n\t\t\t\t<div class=\"biw-hero__content\">\n\t\t\t\t\t\t<h1 class=\"biw-hero__title\" style=\"line-height: 1.2\">\n\t\t\t\tCarri\u00e8res\t\t\t<\/h1>\n\t\t\t\t\t\t\t<h2 class=\"biw-hero__subtitle\">\n\t\t\t\t\tTravailler chez BI WORLDWIDE Canada ?<br><br>Pour commencer, nous sommes certifi\u00e9s Great Place to Work\u00ae Canada.\t\t\t\t<\/h2>\n\t\t\t\t\t\t\t\t\t\t<div class=\"biw-hero__text\">\n\t\t\t\t\t\n\n<p>Pour commencer, nous prenons ces principes \u00e0 c\u0153ur : travailler dur, jouer dur, c\u00e9l\u00e9brer. Donner un sens au travail. Amplifier les r\u00e9ussites<\/p>\n\n\t\t\t\t<\/div>\n\t\t\t\t\t\t\t\t<\/div>\n\t<\/div>\n<\/div>\n\n\n\n<p class=\"has-xl-font-size\"><strong>Vous \u00eates intelligent. Vous \u00eates comp\u00e9tent. Vous \u00eates pr\u00eat \u00e0 relever un d\u00e9fi.<\/strong><\/p>\n\n\n\n<p>Toujours en train de lire ? C&rsquo;est bon signe.<\/p>\n\n\n\n<p>Nous sommes un leader mondial dans les incitations de ventes ainsi que l&rsquo;engagement des employ\u00e9s, des canaux et des clients. Nous sommes ce leader gr\u00e2ce \u00e0 nos associ\u00e9s. Nous recrutons les meilleurs :<\/p>\n\n\n\n<ul class=\"wp-block-list\">\n<li>Des r\u00e9solveurs de probl\u00e8mes passionn\u00e9s qui rel\u00e8vent de grands d\u00e9fis commerciaux<\/li>\n\n\n\n<li>Des esprits brillants qui souhaitent cr\u00e9er les meilleures solutions pour nos clients<\/li>\n\n\n\n<li>Des moteurs et agitateurs qui voient \u00e0 la fois la grande image et tous les d\u00e9tails<\/li>\n\n\n\n<li>Globalement, des travailleurs acharn\u00e9s capables d&rsquo;accomplir leur travail tout en s&rsquo;amusant sur le poste<\/li>\n<\/ul>\n\n\n\n<p>Les associ\u00e9s de BI WORLDWIDE Canada profitent d&rsquo;une culture d&rsquo;entreprise accueillante, stimulante et passionnante. Nous ne sommes pas tous en costumes, d&rsquo;ailleurs. Vous serez impressionn\u00e9 par la diversit\u00e9 des comp\u00e9tences de vos coll\u00e8gues et tout ce que nous pouvons accomplir ensemble. Un jour, vous pourriez \u00eatre au t\u00e9l\u00e9phone avec un Responsable \u00c9v\u00e9nements, le lendemain, discuter des derni\u00e8res avanc\u00e9es technologiques avec un Directeur Cr\u00e9atif.<\/p>\n\n\n\n<hr class=\"wp-block-separator has-alpha-channel-opacity\" \/>\n\n\n\n<p class=\"has-xl-font-size\"><strong>Postes actuels<\/strong><\/p>\n\n\n\n<p>Nous recherchons toujours des professionnels talentueux pour nous rejoindre \u00e0 Oakville, ON, et Vancouver, BC. Consultez nos opportunit\u00e9s de carri\u00e8re actuelles.<\/p>\n\n\n\n<div class=\"wp-block-buttons is-layout-flex wp-block-buttons-is-layout-flex\">\n<div class=\"wp-block-button\"><a class=\"wp-block-button__link wp-element-button\" href=\"https:\/\/www.biworldwide.ca\/fr\/a-propos-de-nous\/carrieres\/opportunites-actuelles\/\" target=\"_blank\" rel=\"noreferrer noopener\">Postes ouverts<\/a><\/div>\n<\/div>\n\n\n\n<hr class=\"wp-block-separator has-alpha-channel-opacity\" \/>\n\n\n\n<div class=\"wp-block-group alignfull has-global-padding is-layout-constrained wp-container-core-group-is-layout-97ab3c77 wp-block-group-is-layout-constrained\">\n<div class=\"wp-block-group has-text-align-center  layout-columns-8 has-global-padding is-layout-constrained wp-container-core-group-is-layout-ee362a79 wp-block-group-is-layout-constrained\">\n<h2 class=\"wp-block-heading has-text-align-center  has-text-wrap-pretty\">En savoir plus sur nous.<\/h2>\n\n\n\n<p class=\" has-text-wrap-balance\"><\/p>\n<\/div>\n\n\n\n<div class=\"wp-block-group  layout-columns-12 has-global-padding is-layout-constrained wp-container-core-group-is-layout-9e09659d wp-block-group-is-layout-constrained\">\n<div class=\"wp-block-group is-layout-grid wp-container-core-group-is-layout-c765d3c1 wp-block-group-is-layout-grid\"><div class=\" has-dynamic-border-radius has-link has-image-size-cover has-image-radius-none is-style-default wp-block-biw-block-theme-biw-card\">\n\t\t\t<figure class=\"biw-card__image-wrapper \">\n\t\t\t<img decoding=\"async\" src=\"http:\/\/live-biw-main.pantheonsite.io\/wp-content\/uploads\/2025\/03\/AboutUs-HomePageFeature-1300x732px.jpg\" alt=\"Two hands shaking, surrounded by digital symbols like email icons, social media logos, and various abstract data elements, representing a connection or agreement in a technology-driven environment. The background is a vibrant, colorful blur.\" class=\"biw-card__image\" style=\"object-position: 50% 50%;\">\t\t<\/figure>\n\t\t<div class=\"biw-card__content\">\n\t\t<h3 class=\"biw-card__title\">\n\t\t\t\t\t\t\t<a href=\"https:\/\/www.biworldwide.ca\/fr\/a-propos-de-nous\/\" >\n\t\t\t\t\u00c0 propos de nous\t\t\t\t<\/a>\n\t\t\t\t\t<\/h3>\n\t\t<div class=\"biw-card__text\">\n\n<p>Notre mission est de transformer l&rsquo;inspiration en r\u00e9sultats concrets pour nos clients. Nous savons mieux que quiconque comment attirer, engager et fid\u00e9liser les employ\u00e9s, organiser des concours et des incitations de vente efficaces, d\u00e9velopper des programmes dynamiques de fid\u00e9lisation client et cr\u00e9er des \u00e9v\u00e9nements d&rsquo;entreprise percutants.<\/p>\n\n<\/div>\n\t<\/div>\n\t\t\t<span class=\"biw-card__cta\">En savoir plus<\/span>\n\t<\/div>\n\n<div class=\" has-dynamic-border-radius has-link has-image-size-cover has-image-radius-none is-style-default wp-block-biw-block-theme-biw-card\">\n\t\t\t<figure class=\"biw-card__image-wrapper \">\n\t\t\t<img decoding=\"async\" src=\"http:\/\/live-biw-main.pantheonsite.io\/wp-content\/uploads\/2025\/02\/HowWeHelp-GlobeInHands-1728x600px-1.jpg\" alt=\"A person extends their hands, cupping a luminous digital globe adorned with world map lines, embodying corporate social responsibility. The backdrop is abstract, featuring a serene blend of bokeh lights and geometric shapes in hues of orange and gray.\" class=\"biw-card__image\" style=\"object-position: 50% 50%;\">\t\t<\/figure>\n\t\t<div class=\"biw-card__content\">\n\t\t<h3 class=\"biw-card__title\">\n\t\t\t\t\t\t\t<a href=\"https:\/\/www.biworldwide.ca\/fr\/a-propos-de-nous\/responsabilite-sociale-des-entreprises\/\" >\n\t\t\t\tResponsabilit\u00e9 sociale des entreprises\t\t\t\t<\/a>\n\t\t\t\t\t<\/h3>\n\t\t<div class=\"biw-card__text\">\n\n<p>Nous sommes engag\u00e9s dans un parcours visant \u00e0 organiser et \u00e0 maximiser nos efforts de responsabilit\u00e9 sociale chez BI WORLDWIDE Canada. Nos dirigeants, associ\u00e9s et partenaires commerciaux collaborent main dans la main pour faire progresser notre mission : inspirer les gens et obtenir des r\u00e9sultats, tout en \u00e9tant des gardiens consciencieux et responsables de nos communaut\u00e9s.<\/p>\n\n<\/div>\n\t<\/div>\n\t\t\t<span class=\"biw-card__cta\">En savoir plus<\/span>\n\t<\/div>\n\n<div class=\" has-dynamic-border-radius has-link has-image-size-cover has-image-radius-none is-style-default wp-block-biw-block-theme-biw-card\">\n\t\t\t<figure class=\"biw-card__image-wrapper \">\n\t\t\t<img decoding=\"async\" src=\"http:\/\/live-biw-main.pantheonsite.io\/wp-content\/uploads\/2025\/03\/Benefits-HomePageFeature1300x732px.jpg\" alt=\"A hand carefully places a wooden block labeled Benefits atop a pyramid of blocks adorned with icons for growth, efficiency, teamwork, and innovation, all framed against a lush green and deep black background.\" class=\"biw-card__image\" style=\"object-position: 50% 50%;\">\t\t<\/figure>\n\t\t<div class=\"biw-card__content\">\n\t\t<h3 class=\"biw-card__title\">\n\t\t\t\t\t\t\t<a href=\"https:\/\/www.biworldwide.ca\/fr\/a-propos-de-nous\/avantages\/\" >\n\t\t\t\tAvantages\t\t\t\t<\/a>\n\t\t\t\t\t<\/h3>\n\t\t<div class=\"biw-card__text\">\n\n<p>Nous aidons les entreprises \u00e0 r\u00e9compenser et reconna\u00eetre leurs employ\u00e9s. Et nous ne faisons pas exception \u00e0 cette r\u00e8gle.<\/p>\n\n<\/div>\n\t<\/div>\n\t\t\t<span class=\"biw-card__cta\">En savoir plus<\/span>\n\t<\/div><\/div>\n<\/div>\n<\/div>\n","protected":false},"excerpt":{"rendered":"<p>Vous \u00eates intelligent. Vous \u00eates comp\u00e9tent. Vous \u00eates pr\u00eat \u00e0 relever un d\u00e9fi. Toujours en train de lire ? C&rsquo;est bon signe. Nous sommes un leader mondial dans les incitations de ventes ainsi que l&rsquo;engagement des employ\u00e9s, des canaux et des clients. Nous sommes ce leader gr\u00e2ce \u00e0 nos associ\u00e9s. Nous recrutons les meilleurs : [&hellip;]<\/p>\n","protected":false},"author":11,"featured_media":1852,"parent":165,"menu_order":0,"comment_status":"closed","ping_status":"closed","template":"","meta":{"featured_image_focal_point":{"x":0.53,"y":0.47},"footnotes":""},"wf_page_folders":[],"class_list":["post-172","page","type-page","status-publish","has-post-thumbnail","hentry"],"yoast_head":"<!-- This site is optimized with the Yoast SEO plugin v26.2 - https:\/\/yoast.com\/wordpress\/plugins\/seo\/ -->\n<title>Carri\u00e8res - Canada (French)<\/title>\n<meta name=\"description\" content=\"Carri\u00e8res. Vous \u00eates intelligent. Vous \u00eates comp\u00e9tent. Vous \u00eates pr\u00eat \u00e0 relever un d\u00e9fi. Travailler chez BI WORLDWIDE Canada Pour commencer,\" \/>\n<meta name=\"robots\" content=\"index, follow, max-snippet:-1, max-image-preview:large, max-video-preview:-1\" \/>\n<link rel=\"canonical\" href=\"https:\/\/www.biworldwide.ca\/fr\/a-propos-de-nous\/carrieres\/\" \/>\n<meta property=\"og:locale\" content=\"fr_CA\" \/>\n<meta property=\"og:type\" content=\"article\" \/>\n<meta property=\"og:title\" content=\"Carri\u00e8res - Canada (French)\" \/>\n<meta property=\"og:description\" content=\"Carri\u00e8res. Vous \u00eates intelligent. Vous \u00eates comp\u00e9tent. Vous \u00eates pr\u00eat \u00e0 relever un d\u00e9fi. Travailler chez BI WORLDWIDE Canada Pour commencer,\" \/>\n<meta property=\"og:url\" content=\"https:\/\/www.biworldwide.ca\/fr\/a-propos-de-nous\/carrieres\/\" \/>\n<meta property=\"og:site_name\" content=\"Canada (French)\" \/>\n<meta property=\"article:modified_time\" content=\"2025-04-03T17:38:14+00:00\" \/>\n<meta property=\"og:image\" content=\"https:\/\/www.biworldwide.ca\/fr\/wp-content\/uploads\/sites\/9\/2025\/03\/Careers-GPTW-1728x600px-Featured-FR.jpg\" \/>\n\t<meta property=\"og:image:width\" content=\"1728\" \/>\n\t<meta property=\"og:image:height\" content=\"600\" \/>\n\t<meta property=\"og:image:type\" content=\"image\/jpeg\" \/>\n<meta name=\"twitter:card\" content=\"summary_large_image\" \/>\n<meta name=\"twitter:label1\" content=\"Est. reading time\" \/>\n\t<meta name=\"twitter:data1\" content=\"2 minutes\" \/>\n<script type=\"application\/ld+json\" class=\"yoast-schema-graph\">{\"@context\":\"https:\/\/schema.org\",\"@graph\":[{\"@type\":\"WebPage\",\"@id\":\"https:\/\/www.biworldwide.ca\/fr\/a-propos-de-nous\/carrieres\/\",\"url\":\"https:\/\/www.biworldwide.ca\/fr\/a-propos-de-nous\/carrieres\/\",\"name\":\"Carri\u00e8res - Canada (French)\",\"isPartOf\":{\"@id\":\"https:\/\/www.biworldwide.ca\/fr\/#website\"},\"primaryImageOfPage\":{\"@id\":\"https:\/\/www.biworldwide.ca\/fr\/a-propos-de-nous\/carrieres\/#primaryimage\"},\"image\":{\"@id\":\"https:\/\/www.biworldwide.ca\/fr\/a-propos-de-nous\/carrieres\/#primaryimage\"},\"thumbnailUrl\":\"https:\/\/www.biworldwide.ca\/fr\/wp-content\/uploads\/sites\/9\/2025\/03\/Careers-GPTW-1728x600px-Featured-FR.jpg\",\"datePublished\":\"2025-01-14T16:27:10+00:00\",\"dateModified\":\"2025-04-03T17:38:14+00:00\",\"description\":\"Carri\u00e8res. Vous \u00eates intelligent. Vous \u00eates comp\u00e9tent. Vous \u00eates pr\u00eat \u00e0 relever un d\u00e9fi. Travailler chez BI WORLDWIDE Canada Pour commencer,\",\"breadcrumb\":{\"@id\":\"https:\/\/www.biworldwide.ca\/fr\/a-propos-de-nous\/carrieres\/#breadcrumb\"},\"inLanguage\":\"fr-CA\",\"potentialAction\":[{\"@type\":\"ReadAction\",\"target\":[\"https:\/\/www.biworldwide.ca\/fr\/a-propos-de-nous\/carrieres\/\"]}]},{\"@type\":\"ImageObject\",\"inLanguage\":\"fr-CA\",\"@id\":\"https:\/\/www.biworldwide.ca\/fr\/a-propos-de-nous\/carrieres\/#primaryimage\",\"url\":\"https:\/\/www.biworldwide.ca\/fr\/wp-content\/uploads\/sites\/9\/2025\/03\/Careers-GPTW-1728x600px-Featured-FR.jpg\",\"contentUrl\":\"https:\/\/www.biworldwide.ca\/fr\/wp-content\/uploads\/sites\/9\/2025\/03\/Careers-GPTW-1728x600px-Featured-FR.jpg\",\"width\":1728,\"height\":600,\"caption\":\"Un groupe de cinq personnes se r\u00e9unit autour d'une table dans un bureau lumineux, discutant de leurs carri\u00e8res. Une personne se l\u00e8ve et fait des gestes en parlant, tandis que les autres, assis, \u00e9coutent attentivement. Un v\u00e9lo est partiellement visible \u00e0 droite.\"},{\"@type\":\"BreadcrumbList\",\"@id\":\"https:\/\/www.biworldwide.ca\/fr\/a-propos-de-nous\/carrieres\/#breadcrumb\",\"itemListElement\":[{\"@type\":\"ListItem\",\"position\":1,\"name\":\"Home\",\"item\":\"https:\/\/www.biworldwide.ca\/fr\/\"},{\"@type\":\"ListItem\",\"position\":2,\"name\":\"\u00c0 propos de nous\",\"item\":\"https:\/\/www.biworldwide.ca\/fr\/a-propos-de-nous\/\"},{\"@type\":\"ListItem\",\"position\":3,\"name\":\"Carri\u00e8res\"}]},{\"@type\":\"WebSite\",\"@id\":\"https:\/\/www.biworldwide.ca\/fr\/#website\",\"url\":\"https:\/\/www.biworldwide.ca\/fr\/\",\"name\":\"Canada (French)\",\"description\":\"\",\"potentialAction\":[{\"@type\":\"SearchAction\",\"target\":{\"@type\":\"EntryPoint\",\"urlTemplate\":\"https:\/\/www.biworldwide.ca\/fr\/?s={search_term_string}\"},\"query-input\":{\"@type\":\"PropertyValueSpecification\",\"valueRequired\":true,\"valueName\":\"search_term_string\"}}],\"inLanguage\":\"fr-CA\"}]}<\/script>\n<!-- \/ Yoast SEO plugin. -->","yoast_head_json":{"title":"Carri\u00e8res - Canada (French)","description":"Carri\u00e8res. Vous \u00eates intelligent. Vous \u00eates comp\u00e9tent. Vous \u00eates pr\u00eat \u00e0 relever un d\u00e9fi. Travailler chez BI WORLDWIDE Canada Pour commencer,","robots":{"index":"index","follow":"follow","max-snippet":"max-snippet:-1","max-image-preview":"max-image-preview:large","max-video-preview":"max-video-preview:-1"},"canonical":"https:\/\/www.biworldwide.ca\/fr\/a-propos-de-nous\/carrieres\/","og_locale":"fr_CA","og_type":"article","og_title":"Carri\u00e8res - Canada (French)","og_description":"Carri\u00e8res. Vous \u00eates intelligent. Vous \u00eates comp\u00e9tent. Vous \u00eates pr\u00eat \u00e0 relever un d\u00e9fi. Travailler chez BI WORLDWIDE Canada Pour commencer,","og_url":"https:\/\/www.biworldwide.ca\/fr\/a-propos-de-nous\/carrieres\/","og_site_name":"Canada (French)","article_modified_time":"2025-04-03T17:38:14+00:00","og_image":[{"width":1728,"height":600,"url":"https:\/\/www.biworldwide.ca\/fr\/wp-content\/uploads\/sites\/9\/2025\/03\/Careers-GPTW-1728x600px-Featured-FR.jpg","type":"image\/jpeg"}],"twitter_card":"summary_large_image","twitter_misc":{"Est. reading time":"2 minutes"},"schema":{"@context":"https:\/\/schema.org","@graph":[{"@type":"WebPage","@id":"https:\/\/www.biworldwide.ca\/fr\/a-propos-de-nous\/carrieres\/","url":"https:\/\/www.biworldwide.ca\/fr\/a-propos-de-nous\/carrieres\/","name":"Carri\u00e8res - Canada (French)","isPartOf":{"@id":"https:\/\/www.biworldwide.ca\/fr\/#website"},"primaryImageOfPage":{"@id":"https:\/\/www.biworldwide.ca\/fr\/a-propos-de-nous\/carrieres\/#primaryimage"},"image":{"@id":"https:\/\/www.biworldwide.ca\/fr\/a-propos-de-nous\/carrieres\/#primaryimage"},"thumbnailUrl":"https:\/\/www.biworldwide.ca\/fr\/wp-content\/uploads\/sites\/9\/2025\/03\/Careers-GPTW-1728x600px-Featured-FR.jpg","datePublished":"2025-01-14T16:27:10+00:00","dateModified":"2025-04-03T17:38:14+00:00","description":"Carri\u00e8res. Vous \u00eates intelligent. Vous \u00eates comp\u00e9tent. Vous \u00eates pr\u00eat \u00e0 relever un d\u00e9fi. Travailler chez BI WORLDWIDE Canada Pour commencer,","breadcrumb":{"@id":"https:\/\/www.biworldwide.ca\/fr\/a-propos-de-nous\/carrieres\/#breadcrumb"},"inLanguage":"fr-CA","potentialAction":[{"@type":"ReadAction","target":["https:\/\/www.biworldwide.ca\/fr\/a-propos-de-nous\/carrieres\/"]}]},{"@type":"ImageObject","inLanguage":"fr-CA","@id":"https:\/\/www.biworldwide.ca\/fr\/a-propos-de-nous\/carrieres\/#primaryimage","url":"https:\/\/www.biworldwide.ca\/fr\/wp-content\/uploads\/sites\/9\/2025\/03\/Careers-GPTW-1728x600px-Featured-FR.jpg","contentUrl":"https:\/\/www.biworldwide.ca\/fr\/wp-content\/uploads\/sites\/9\/2025\/03\/Careers-GPTW-1728x600px-Featured-FR.jpg","width":1728,"height":600,"caption":"Un groupe de cinq personnes se r\u00e9unit autour d'une table dans un bureau lumineux, discutant de leurs carri\u00e8res. Une personne se l\u00e8ve et fait des gestes en parlant, tandis que les autres, assis, \u00e9coutent attentivement. Un v\u00e9lo est partiellement visible \u00e0 droite."},{"@type":"BreadcrumbList","@id":"https:\/\/www.biworldwide.ca\/fr\/a-propos-de-nous\/carrieres\/#breadcrumb","itemListElement":[{"@type":"ListItem","position":1,"name":"Home","item":"https:\/\/www.biworldwide.ca\/fr\/"},{"@type":"ListItem","position":2,"name":"\u00c0 propos de nous","item":"https:\/\/www.biworldwide.ca\/fr\/a-propos-de-nous\/"},{"@type":"ListItem","position":3,"name":"Carri\u00e8res"}]},{"@type":"WebSite","@id":"https:\/\/www.biworldwide.ca\/fr\/#website","url":"https:\/\/www.biworldwide.ca\/fr\/","name":"Canada (French)","description":"","potentialAction":[{"@type":"SearchAction","target":{"@type":"EntryPoint","urlTemplate":"https:\/\/www.biworldwide.ca\/fr\/?s={search_term_string}"},"query-input":{"@type":"PropertyValueSpecification","valueRequired":true,"valueName":"search_term_string"}}],"inLanguage":"fr-CA"}]}},"_links":{"self":[{"href":"https:\/\/www.biworldwide.ca\/fr\/wp-json\/wp\/v2\/pages\/172","targetHints":{"allow":["GET"]}}],"collection":[{"href":"https:\/\/www.biworldwide.ca\/fr\/wp-json\/wp\/v2\/pages"}],"about":[{"href":"https:\/\/www.biworldwide.ca\/fr\/wp-json\/wp\/v2\/types\/page"}],"author":[{"embeddable":true,"href":"https:\/\/www.biworldwide.ca\/fr\/wp-json\/wp\/v2\/users\/11"}],"replies":[{"embeddable":true,"href":"https:\/\/www.biworldwide.ca\/fr\/wp-json\/wp\/v2\/comments?post=172"}],"version-history":[{"count":13,"href":"https:\/\/www.biworldwide.ca\/fr\/wp-json\/wp\/v2\/pages\/172\/revisions"}],"predecessor-version":[{"id":2243,"href":"https:\/\/www.biworldwide.ca\/fr\/wp-json\/wp\/v2\/pages\/172\/revisions\/2243"}],"up":[{"embeddable":true,"href":"https:\/\/www.biworldwide.ca\/fr\/wp-json\/wp\/v2\/pages\/165"}],"wp:featuredmedia":[{"embeddable":true,"href":"https:\/\/www.biworldwide.ca\/fr\/wp-json\/wp\/v2\/media\/1852"}],"wp:attachment":[{"href":"https:\/\/www.biworldwide.ca\/fr\/wp-json\/wp\/v2\/media?parent=172"}],"wp:term":[{"taxonomy":"wf_page_folders","embeddable":true,"href":"https:\/\/www.biworldwide.ca\/fr\/wp-json\/wp\/v2\/wf_page_folders?post=172"}],"curies":[{"name":"wp","href":"https:\/\/api.w.org\/{rel}","templated":true}]}}