{"id":1695,"date":"2025-03-26T13:01:13","date_gmt":"2025-03-26T20:01:13","guid":{"rendered":"https:\/\/www.biworldwide.ca\/fr\/?page_id=1695"},"modified":"2025-04-08T16:10:17","modified_gmt":"2025-04-08T23:10:17","slug":"marche-des-experiences","status":"publish","type":"page","link":"https:\/\/www.biworldwide.ca\/fr\/comment-nous-aidons\/marche-des-recompenses\/marche-des-experiences\/","title":{"rendered":"March\u00e9 des exp\u00e9riences"},"content":{"rendered":"<div class=\" has-content-align-left has-overlay has-overlay--light alignfull wp-block-biw-block-theme-hero\">\n\t<div class=\"biw-hero__grid\">\n\t\t\t\t\t<div class=\"biw-hero__breadcrumbs\">\n\t\t\t\t<div id=\"breadcrumbs\" class=\"breadcrumb-nav__wrapper\"><span class=\"breadcrumb-nav\"><span><a href=\"https:\/\/www.biworldwide.ca\/fr\/\">Home<\/a><\/span><\/span><\/div>\t\t\t<\/div>\n\t\t\n\t\t\t\t\t<div class=\"biw-hero__media \">\n\t\t\t\t\t\t\t\t\t<div class=\"biw-hero__overlay overlay-light\"><\/div>\n\t\t\t\t\t\t\t\t<img decoding=\"async\" src=\"http:\/\/live-biw-main.pantheonsite.io\/wp-content\/uploads\/2025\/02\/BIW_Site_Hero_MarketExp-1-scaled.jpg\" alt=\"A hiker with a backpack and poles stands on a rocky peak, overlooking a vast mountain landscape under a bright, cloudy sky. The foreground features green slopes and rugged terrain, with fluffy clouds at the bottom of the image.\" class=\"biw-hero__bg-image\" style=\"object-position: 50% 50%;\">\t\t\t<\/div>\n\t\t\t\t<div class=\"biw-hero__content\">\n\t\t\t\t\t\t<h1 class=\"biw-hero__title\" style=\"line-height: 1.2\">\n\t\t\t\tMarch\u00e9 des Exp\u00e9riences\t\t\t<\/h1>\n\t\t\t\t\t\t\t<h2 class=\"biw-hero__subtitle\">\n\t\t\t\t\tLes meilleures r\u00e9compenses dans la vie sont les exp\u00e9riences que nous partageons.\t\t\t\t<\/h2>\n\t\t\t\t\t\t\t\t\t\t<div class=\"biw-hero__text\">\n\t\t\t\t\t\n\n<p>Proposant une vaste gamme d\u2019options de r\u00e9compenses ultra-motivantes et ultra-personnalisables pour vos employ\u00e9s, vos repr\u00e9sentants de canal et vos clients. Ils auront l&rsquo;opportunit\u00e9 de cr\u00e9er des souvenirs inoubliables l\u00e0 o\u00f9 ils vivent et lors de leurs voyages \u00e0 travers le monde.<\/p>\n\n\t\t\t\t<\/div>\n\t\t\t\t\t\t\t\t<\/div>\n\t<\/div>\n<\/div>\n\n\n\n<div class=\"wp-block-group  layout-columns-7 has-global-padding is-layout-constrained wp-container-core-group-is-layout-a133ec42 wp-block-group-is-layout-constrained\">\n<h2 class=\"wp-block-heading\">Il y en a pour tous les go\u00fbts.<\/h2>\n\n\n\n<p>Avec plus de 20 cat\u00e9gories d&rsquo;exp\u00e9riences \u00e0 choisir, les points peuvent \u00eatre \u00e9chang\u00e9s contre des options telles que des billets coupe-file pour des visites guid\u00e9es, des croisi\u00e8res-d\u00eener, des excursions d&rsquo;une journ\u00e9e, des cours de cuisine, des billets de cin\u00e9ma, des visites de monuments embl\u00e9matiques, des billets pour le th\u00e9\u00e2tre ou des concerts, une escapade d&rsquo;un week-end et bien plus encore. Il y en a vraiment pour tous les go\u00fbts dans le Marketplace d\u2019exp\u00e9riences.<\/p>\n\n\n\n<p>Nous offrons plus de 140 000 options, localement et dans le monde entier, permettant \u00e0 votre public de vivre des exp\u00e9riences uniques. Ils cr\u00e9eront des souvenirs durables et reviendront v\u00e9ritablement motiv\u00e9s.<\/p>\n\n\n\n<div class=\"wp-block-group alignfull has-global-padding is-layout-constrained wp-container-core-group-is-layout-97ab3c77 wp-block-group-is-layout-constrained\">\n<div class=\"wp-block-group has-text-align-center  layout-columns-8 has-global-padding is-layout-constrained wp-container-core-group-is-layout-ee362a79 wp-block-group-is-layout-constrained\">\n<p><\/p>\n\n\n\n<h2 class=\"wp-block-heading has-text-align-center  has-text-wrap-pretty\">Exp\u00e9riences<\/h2>\n\n\n\n<p class=\" has-text-wrap-balance\"><\/p>\n<\/div>\n\n\n\n<div class=\"wp-block-group  layout-columns-12 has-global-padding is-layout-constrained wp-container-core-group-is-layout-9e09659d wp-block-group-is-layout-constrained\">\n<div class=\"wp-block-group is-layout-grid wp-container-core-group-is-layout-c765d3c1 wp-block-group-is-layout-grid\">\n<div class=\"wp-block-group  has-dynamic-border-radius has-global-padding is-layout-constrained wp-block-group-is-layout-constrained\">\n<figure class=\"wp-block-image size-full\"><img decoding=\"async\" src=\"http:\/\/live-biw-main.pantheonsite.io\/wp-content\/uploads\/2025\/02\/BIW_Site_Card_Marketplaces-scaled.jpg\" alt=\"A woman in a yellow sweater wearing headphones writes in a notebook. Another woman in a teal shirt holds shopping bags and a phone. A man in a winter jacket and sunglasses looks upwards. The background is divided into white and colorful triangles.\" class=\"wp-image-3406\" style=\"aspect-ratio:16\/9;object-fit:cover\" \/><\/figure>\n<\/div>\n\n\n<div class=\" has-dynamic-border-radius has-image-size-cover has-image-radius-none is-style-default wp-block-biw-block-theme-biw-card\">\n\t\t\t<figure class=\"biw-card__image-wrapper \">\n\t\t\t<img decoding=\"async\" src=\"http:\/\/live-biw-main.pantheonsite.io\/wp-content\/uploads\/2025\/02\/experiences-icon-foodwine.svg\" alt=\"\" class=\"biw-card__image\" style=\"object-position: 50% 50%;\">\t\t<\/figure>\n\t\t<div class=\"biw-card__content\">\n\t\t<h3 class=\"biw-card__title\">\n\t\t\t\t\t\t\tGastronomie, vin et vie nocturne\t\t\t\t\t<\/h3>\n\t\t<div class=\"biw-card__text\">\n\n<p><\/p>\n\n<\/div>\n\t<\/div>\n\t<\/div>\n\n<div class=\" has-dynamic-border-radius has-image-size-cover has-image-radius-none is-style-default wp-block-biw-block-theme-biw-card\">\n\t\t\t<figure class=\"biw-card__image-wrapper \">\n\t\t\t<img decoding=\"async\" src=\"http:\/\/live-biw-main.pantheonsite.io\/wp-content\/uploads\/2025\/02\/experiences-icon-outdoor.svg\" alt=\"\" class=\"biw-card__image\" style=\"object-position: 50% 50%;\">\t\t<\/figure>\n\t\t<div class=\"biw-card__content\">\n\t\t<h3 class=\"biw-card__title\">\n\t\t\t\t\t\t\tActivit\u00e9s en plein air\t\t\t\t\t<\/h3>\n\t\t<div class=\"biw-card__text\">\n\n<p><\/p>\n\n<\/div>\n\t<\/div>\n\t<\/div>\n\n<div class=\" has-dynamic-border-radius has-image-size-cover has-image-radius-none is-style-default wp-block-biw-block-theme-biw-card\">\n\t\t\t<figure class=\"biw-card__image-wrapper \">\n\t\t\t<img decoding=\"async\" src=\"http:\/\/live-biw-main.pantheonsite.io\/wp-content\/uploads\/2025\/02\/experiences-icon-daytrips.svg\" alt=\"\" class=\"biw-card__image\" style=\"object-position: 50% 50%;\">\t\t<\/figure>\n\t\t<div class=\"biw-card__content\">\n\t\t<h3 class=\"biw-card__title\">\n\t\t\t\t\t\t\tExcursions et escapades d&rsquo;une journ\u00e9e\t\t\t\t\t<\/h3>\n\t\t<div class=\"biw-card__text\">\n\n<p><\/p>\n\n<\/div>\n\t<\/div>\n\t<\/div>\n\n<div class=\" has-dynamic-border-radius has-image-size-cover has-image-radius-none is-style-default wp-block-biw-block-theme-biw-card\">\n\t\t\t<figure class=\"biw-card__image-wrapper \">\n\t\t\t<img decoding=\"async\" src=\"http:\/\/live-biw-main.pantheonsite.io\/wp-content\/uploads\/2025\/02\/experiences-icon-tours.svg\" alt=\"\" class=\"biw-card__image\" style=\"object-position: 50% 50%;\">\t\t<\/figure>\n\t\t<div class=\"biw-card__content\">\n\t\t<h3 class=\"biw-card__title\">\n\t\t\t\t\t\t\tVisites guid\u00e9es et d\u00e9couverte des sites touristiques\t\t\t\t\t<\/h3>\n\t\t<div class=\"biw-card__text\">\n\n<p><\/p>\n\n<\/div>\n\t<\/div>\n\t<\/div>\n\n\n<div class=\"wp-block-group  has-dynamic-border-radius has-global-padding is-layout-constrained wp-block-group-is-layout-constrained\">\n<figure class=\"wp-block-image size-full\"><img decoding=\"async\" src=\"http:\/\/live-biw-main.pantheonsite.io\/wp-content\/uploads\/2025\/02\/BIW_Site_Card_MarketExp-scaled.jpg\" alt=\"A person paddles a blue kayak on a calm lake, surrounded by mountains under a clear blue sky. The tip of a red kayak is visible in the foreground, enhancing the perspective of the serene natural setting.\" class=\"wp-image-3584\" style=\"aspect-ratio:16\/9;object-fit:cover\" \/><\/figure>\n<\/div>\n\n\n<div class=\" has-dynamic-border-radius has-image-size-cover has-image-radius-none is-style-default wp-block-biw-block-theme-biw-card\">\n\t\t\t<figure class=\"biw-card__image-wrapper \">\n\t\t\t<img decoding=\"async\" src=\"http:\/\/live-biw-main.pantheonsite.io\/wp-content\/uploads\/2025\/02\/experiences-icon-cultural.svg\" alt=\"\" class=\"biw-card__image\" style=\"object-position: 50% 50%;\">\t\t<\/figure>\n\t\t<div class=\"biw-card__content\">\n\t\t<h3 class=\"biw-card__title\">\n\t\t\t\t\t\t\tVisites culturelles et th\u00e9matiques\t\t\t\t\t<\/h3>\n\t\t<div class=\"biw-card__text\">\n\n<p><\/p>\n\n<\/div>\n\t<\/div>\n\t<\/div>\n\n<div class=\" has-dynamic-border-radius has-image-size-cover has-image-radius-none is-style-default wp-block-biw-block-theme-biw-card\">\n\t\t\t<figure class=\"biw-card__image-wrapper \">\n\t\t\t<img decoding=\"async\" src=\"http:\/\/live-biw-main.pantheonsite.io\/wp-content\/uploads\/2025\/02\/experiences-icon-classes.svg\" alt=\"\" class=\"biw-card__image\" style=\"object-position: 50% 50%;\">\t\t<\/figure>\n\t\t<div class=\"biw-card__content\">\n\t\t<h3 class=\"biw-card__title\">\n\t\t\t\t\t\t\tCours et ateliers\t\t\t\t\t<\/h3>\n\t\t<div class=\"biw-card__text\">\n\n<p><\/p>\n\n<\/div>\n\t<\/div>\n\t<\/div>\n\n<div class=\" has-dynamic-border-radius has-image-size-cover has-image-radius-none is-style-default wp-block-biw-block-theme-biw-card\">\n\t\t\t<figure class=\"biw-card__image-wrapper \">\n\t\t\t<img decoding=\"async\" src=\"http:\/\/live-biw-main.pantheonsite.io\/wp-content\/uploads\/2025\/02\/experiences-icon-movie.svg\" alt=\"\" class=\"biw-card__image\" style=\"object-position: 50% 50%;\">\t\t<\/figure>\n\t\t<div class=\"biw-card__content\">\n\t\t<h3 class=\"biw-card__title\">\n\t\t\t\t\t\t\tBillets pour les parcs \u00e0 th\u00e8me et laissez-passer pour les parcs nationaux\t\t\t\t\t<\/h3>\n\t\t<div class=\"biw-card__text\">\n\n<p><\/p>\n\n<\/div>\n\t<\/div>\n\t<\/div><\/div>\n<\/div>\n<\/div>\n<\/div>\n\n\n\n<div class=\"wp-block-group alignfull  layout-columns-10 has-global-padding is-layout-constrained wp-container-core-group-is-layout-cc7bd7df wp-block-group-is-layout-constrained\">\n<div class=\"wp-block-group  layout-columns-8 has-global-padding is-layout-constrained wp-container-core-group-is-layout-fce79bf6 wp-block-group-is-layout-constrained\">\n<h2 class=\"wp-block-heading has-text-align-center\">Chaque m\u00e9trique raconte une histoire.<\/h2>\n<\/div>\n\n\n\n<div class=\"wp-block-group  layout-columns-10 has-global-padding is-layout-constrained wp-container-core-group-is-layout-0b5f5b40 wp-block-group-is-layout-constrained\">\n<div class=\"wp-block-group has-text-align-center is-layout-grid wp-container-core-group-is-layout-ef442fb0 wp-block-group-is-layout-grid\">\n<div class=\"wp-block-group is-vertical is-content-justification-center is-layout-flex wp-container-core-group-is-layout-81423f52 wp-block-group-is-layout-flex\">\n<h3 class=\"wp-block-heading has-text-align-left has-impact-font-size  has-text-wrap-no-wrap  has-gradient-fill has-gradient-fill-orange\">350k<\/h3>\n\n\n\n<p class=\"has-text-align-center has-large-font-size  has-text-wrap-balance\">Explorez les options \u00e0 travers le monde<\/p>\n<\/div>\n\n\n\n<div class=\"wp-block-group is-vertical is-content-justification-center is-layout-flex wp-container-core-group-is-layout-81423f52 wp-block-group-is-layout-flex\">\n<h3 class=\"wp-block-heading has-text-align-left has-impact-font-size  has-text-wrap-no-wrap  has-gradient-fill has-gradient-fill-orange\">550k<\/h3>\n\n\n\n<p class=\"has-text-align-center has-large-font-size  has-text-wrap-balance\">Options d&rsquo;h\u00f4tels et de locations de vacances partout dans le monde<\/p>\n<\/div>\n\n\n\n<div class=\"wp-block-group has-text-align-center is-vertical is-content-justification-center is-layout-flex wp-container-core-group-is-layout-81423f52 wp-block-group-is-layout-flex\">\n<h3 class=\"wp-block-heading has-text-align-left has-impact-font-size  has-text-wrap-no-wrap  has-gradient-fill has-gradient-fill-orange\">100k<\/h3>\n\n\n\n<p class=\"has-text-align-center has-large-font-size  has-text-wrap-balance\">Options d&rsquo;\u00e9v\u00e9nements \u00e0 travers le monde qui surprennent et ravissent<\/p>\n<\/div>\n<\/div>\n<\/div>\n<\/div>\n","protected":false},"excerpt":{"rendered":"<p>Il y en a pour tous les go\u00fbts. Avec plus de 20 cat\u00e9gories d&rsquo;exp\u00e9riences \u00e0 choisir, les points peuvent \u00eatre \u00e9chang\u00e9s contre des options telles que des billets coupe-file pour des visites guid\u00e9es, des croisi\u00e8res-d\u00eener, des excursions d&rsquo;une journ\u00e9e, des cours de cuisine, des billets de cin\u00e9ma, des visites de monuments embl\u00e9matiques, des billets pour [&hellip;]<\/p>\n","protected":false},"author":28,"featured_media":842,"parent":196,"menu_order":0,"comment_status":"closed","ping_status":"closed","template":"","meta":{"featured_image_focal_point":{"x":0.78,"y":0.4},"footnotes":""},"wf_page_folders":[],"class_list":["post-1695","page","type-page","status-publish","has-post-thumbnail","hentry"],"yoast_head":"<!-- This site is optimized with the Yoast SEO plugin v26.2 - https:\/\/yoast.com\/wordpress\/plugins\/seo\/ -->\n<title>March\u00e9 des exp\u00e9riences - Canada (French)<\/title>\n<meta name=\"description\" content=\"Marketplace d\u2019exp\u00e9riences propose une vari\u00e9t\u00e9 inspirante d\u2019options de r\u00e9compenses exp\u00e9rientielles inoubliables pour vos employ\u00e9s, vos\" \/>\n<meta name=\"robots\" content=\"index, follow, max-snippet:-1, max-image-preview:large, max-video-preview:-1\" \/>\n<link rel=\"canonical\" href=\"https:\/\/www.biworldwide.ca\/fr\/comment-nous-aidons\/marche-des-recompenses\/marche-des-experiences\/\" \/>\n<meta property=\"og:locale\" content=\"fr_CA\" \/>\n<meta property=\"og:type\" content=\"article\" \/>\n<meta property=\"og:title\" content=\"March\u00e9 des exp\u00e9riences - Canada (French)\" \/>\n<meta property=\"og:description\" content=\"Marketplace d\u2019exp\u00e9riences propose une vari\u00e9t\u00e9 inspirante d\u2019options de r\u00e9compenses exp\u00e9rientielles inoubliables pour vos employ\u00e9s, vos\" \/>\n<meta property=\"og:url\" content=\"https:\/\/www.biworldwide.ca\/fr\/comment-nous-aidons\/marche-des-recompenses\/marche-des-experiences\/\" \/>\n<meta property=\"og:site_name\" content=\"Canada (French)\" \/>\n<meta property=\"article:modified_time\" content=\"2025-04-08T23:10:17+00:00\" \/>\n<meta property=\"og:image\" content=\"https:\/\/www.biworldwide.com\/wp-content\/uploads\/2025\/02\/BIW_Site_Hero_MarketExp-1-scaled.jpg\" \/>\n\t<meta property=\"og:image:width\" content=\"2560\" \/>\n\t<meta property=\"og:image:height\" content=\"889\" \/>\n\t<meta property=\"og:image:type\" content=\"image\/jpeg\" \/>\n<meta name=\"twitter:card\" content=\"summary_large_image\" \/>\n<meta name=\"twitter:label1\" content=\"Est. reading time\" \/>\n\t<meta name=\"twitter:data1\" content=\"2 minutes\" \/>\n<script type=\"application\/ld+json\" class=\"yoast-schema-graph\">{\"@context\":\"https:\/\/schema.org\",\"@graph\":[{\"@type\":\"WebPage\",\"@id\":\"https:\/\/www.biworldwide.ca\/fr\/comment-nous-aidons\/marche-des-recompenses\/marche-des-experiences\/\",\"url\":\"https:\/\/www.biworldwide.ca\/fr\/comment-nous-aidons\/marche-des-recompenses\/marche-des-experiences\/\",\"name\":\"March\u00e9 des exp\u00e9riences - Canada (French)\",\"isPartOf\":{\"@id\":\"https:\/\/www.biworldwide.ca\/fr\/#website\"},\"primaryImageOfPage\":{\"@id\":\"https:\/\/www.biworldwide.ca\/fr\/comment-nous-aidons\/marche-des-recompenses\/marche-des-experiences\/#primaryimage\"},\"image\":{\"@id\":\"https:\/\/www.biworldwide.ca\/fr\/comment-nous-aidons\/marche-des-recompenses\/marche-des-experiences\/#primaryimage\"},\"thumbnailUrl\":\"https:\/\/www.biworldwide.com\/wp-content\/uploads\/2025\/02\/BIW_Site_Hero_MarketExp-1-scaled.jpg\",\"datePublished\":\"2025-03-26T20:01:13+00:00\",\"dateModified\":\"2025-04-08T23:10:17+00:00\",\"description\":\"Marketplace d\u2019exp\u00e9riences propose une vari\u00e9t\u00e9 inspirante d\u2019options de r\u00e9compenses exp\u00e9rientielles inoubliables pour vos employ\u00e9s, vos\",\"breadcrumb\":{\"@id\":\"https:\/\/www.biworldwide.ca\/fr\/comment-nous-aidons\/marche-des-recompenses\/marche-des-experiences\/#breadcrumb\"},\"inLanguage\":\"fr-CA\",\"potentialAction\":[{\"@type\":\"ReadAction\",\"target\":[\"https:\/\/www.biworldwide.ca\/fr\/comment-nous-aidons\/marche-des-recompenses\/marche-des-experiences\/\"]}]},{\"@type\":\"ImageObject\",\"inLanguage\":\"fr-CA\",\"@id\":\"https:\/\/www.biworldwide.ca\/fr\/comment-nous-aidons\/marche-des-recompenses\/marche-des-experiences\/#primaryimage\",\"url\":\"https:\/\/www.biworldwide.com\/wp-content\/uploads\/2025\/02\/BIW_Site_Hero_MarketExp-1-scaled.jpg\",\"contentUrl\":\"https:\/\/www.biworldwide.com\/wp-content\/uploads\/2025\/02\/BIW_Site_Hero_MarketExp-1-scaled.jpg\",\"caption\":\"A hiker with a backpack and poles stands on a rocky peak, overlooking a vast mountain landscape under a bright, cloudy sky. The foreground features green slopes and rugged terrain, with fluffy clouds at the bottom of the image.\"},{\"@type\":\"BreadcrumbList\",\"@id\":\"https:\/\/www.biworldwide.ca\/fr\/comment-nous-aidons\/marche-des-recompenses\/marche-des-experiences\/#breadcrumb\",\"itemListElement\":[{\"@type\":\"ListItem\",\"position\":1,\"name\":\"Home\",\"item\":\"https:\/\/www.biworldwide.ca\/fr\/\"},{\"@type\":\"ListItem\",\"position\":2,\"name\":\"Comment nous aidons\",\"item\":\"https:\/\/www.biworldwide.ca\/fr\/comment-nous-aidons\/\"},{\"@type\":\"ListItem\",\"position\":3,\"name\":\"March\u00e9 des r\u00e9compenses\",\"item\":\"https:\/\/www.biworldwide.ca\/fr\/comment-nous-aidons\/marche-des-recompenses\/\"},{\"@type\":\"ListItem\",\"position\":4,\"name\":\"March\u00e9 des exp\u00e9riences\"}]},{\"@type\":\"WebSite\",\"@id\":\"https:\/\/www.biworldwide.ca\/fr\/#website\",\"url\":\"https:\/\/www.biworldwide.ca\/fr\/\",\"name\":\"Canada (French)\",\"description\":\"\",\"potentialAction\":[{\"@type\":\"SearchAction\",\"target\":{\"@type\":\"EntryPoint\",\"urlTemplate\":\"https:\/\/www.biworldwide.ca\/fr\/?s={search_term_string}\"},\"query-input\":{\"@type\":\"PropertyValueSpecification\",\"valueRequired\":true,\"valueName\":\"search_term_string\"}}],\"inLanguage\":\"fr-CA\"}]}<\/script>\n<!-- \/ Yoast SEO plugin. -->","yoast_head_json":{"title":"March\u00e9 des exp\u00e9riences - Canada (French)","description":"Marketplace d\u2019exp\u00e9riences propose une vari\u00e9t\u00e9 inspirante d\u2019options de r\u00e9compenses exp\u00e9rientielles inoubliables pour vos employ\u00e9s, vos","robots":{"index":"index","follow":"follow","max-snippet":"max-snippet:-1","max-image-preview":"max-image-preview:large","max-video-preview":"max-video-preview:-1"},"canonical":"https:\/\/www.biworldwide.ca\/fr\/comment-nous-aidons\/marche-des-recompenses\/marche-des-experiences\/","og_locale":"fr_CA","og_type":"article","og_title":"March\u00e9 des exp\u00e9riences - Canada (French)","og_description":"Marketplace d\u2019exp\u00e9riences propose une vari\u00e9t\u00e9 inspirante d\u2019options de r\u00e9compenses exp\u00e9rientielles inoubliables pour vos employ\u00e9s, vos","og_url":"https:\/\/www.biworldwide.ca\/fr\/comment-nous-aidons\/marche-des-recompenses\/marche-des-experiences\/","og_site_name":"Canada (French)","article_modified_time":"2025-04-08T23:10:17+00:00","og_image":[{"url":"https:\/\/www.biworldwide.com\/wp-content\/uploads\/2025\/02\/BIW_Site_Hero_MarketExp-1-scaled.jpg","width":2560,"height":889,"type":"image\/jpeg"}],"twitter_card":"summary_large_image","twitter_misc":{"Est. reading time":"2 minutes"},"schema":{"@context":"https:\/\/schema.org","@graph":[{"@type":"WebPage","@id":"https:\/\/www.biworldwide.ca\/fr\/comment-nous-aidons\/marche-des-recompenses\/marche-des-experiences\/","url":"https:\/\/www.biworldwide.ca\/fr\/comment-nous-aidons\/marche-des-recompenses\/marche-des-experiences\/","name":"March\u00e9 des exp\u00e9riences - Canada (French)","isPartOf":{"@id":"https:\/\/www.biworldwide.ca\/fr\/#website"},"primaryImageOfPage":{"@id":"https:\/\/www.biworldwide.ca\/fr\/comment-nous-aidons\/marche-des-recompenses\/marche-des-experiences\/#primaryimage"},"image":{"@id":"https:\/\/www.biworldwide.ca\/fr\/comment-nous-aidons\/marche-des-recompenses\/marche-des-experiences\/#primaryimage"},"thumbnailUrl":"https:\/\/www.biworldwide.com\/wp-content\/uploads\/2025\/02\/BIW_Site_Hero_MarketExp-1-scaled.jpg","datePublished":"2025-03-26T20:01:13+00:00","dateModified":"2025-04-08T23:10:17+00:00","description":"Marketplace d\u2019exp\u00e9riences propose une vari\u00e9t\u00e9 inspirante d\u2019options de r\u00e9compenses exp\u00e9rientielles inoubliables pour vos employ\u00e9s, vos","breadcrumb":{"@id":"https:\/\/www.biworldwide.ca\/fr\/comment-nous-aidons\/marche-des-recompenses\/marche-des-experiences\/#breadcrumb"},"inLanguage":"fr-CA","potentialAction":[{"@type":"ReadAction","target":["https:\/\/www.biworldwide.ca\/fr\/comment-nous-aidons\/marche-des-recompenses\/marche-des-experiences\/"]}]},{"@type":"ImageObject","inLanguage":"fr-CA","@id":"https:\/\/www.biworldwide.ca\/fr\/comment-nous-aidons\/marche-des-recompenses\/marche-des-experiences\/#primaryimage","url":"https:\/\/www.biworldwide.com\/wp-content\/uploads\/2025\/02\/BIW_Site_Hero_MarketExp-1-scaled.jpg","contentUrl":"https:\/\/www.biworldwide.com\/wp-content\/uploads\/2025\/02\/BIW_Site_Hero_MarketExp-1-scaled.jpg","caption":"A hiker with a backpack and poles stands on a rocky peak, overlooking a vast mountain landscape under a bright, cloudy sky. The foreground features green slopes and rugged terrain, with fluffy clouds at the bottom of the image."},{"@type":"BreadcrumbList","@id":"https:\/\/www.biworldwide.ca\/fr\/comment-nous-aidons\/marche-des-recompenses\/marche-des-experiences\/#breadcrumb","itemListElement":[{"@type":"ListItem","position":1,"name":"Home","item":"https:\/\/www.biworldwide.ca\/fr\/"},{"@type":"ListItem","position":2,"name":"Comment nous aidons","item":"https:\/\/www.biworldwide.ca\/fr\/comment-nous-aidons\/"},{"@type":"ListItem","position":3,"name":"March\u00e9 des r\u00e9compenses","item":"https:\/\/www.biworldwide.ca\/fr\/comment-nous-aidons\/marche-des-recompenses\/"},{"@type":"ListItem","position":4,"name":"March\u00e9 des exp\u00e9riences"}]},{"@type":"WebSite","@id":"https:\/\/www.biworldwide.ca\/fr\/#website","url":"https:\/\/www.biworldwide.ca\/fr\/","name":"Canada (French)","description":"","potentialAction":[{"@type":"SearchAction","target":{"@type":"EntryPoint","urlTemplate":"https:\/\/www.biworldwide.ca\/fr\/?s={search_term_string}"},"query-input":{"@type":"PropertyValueSpecification","valueRequired":true,"valueName":"search_term_string"}}],"inLanguage":"fr-CA"}]}},"_links":{"self":[{"href":"https:\/\/www.biworldwide.ca\/fr\/wp-json\/wp\/v2\/pages\/1695","targetHints":{"allow":["GET"]}}],"collection":[{"href":"https:\/\/www.biworldwide.ca\/fr\/wp-json\/wp\/v2\/pages"}],"about":[{"href":"https:\/\/www.biworldwide.ca\/fr\/wp-json\/wp\/v2\/types\/page"}],"author":[{"embeddable":true,"href":"https:\/\/www.biworldwide.ca\/fr\/wp-json\/wp\/v2\/users\/28"}],"replies":[{"embeddable":true,"href":"https:\/\/www.biworldwide.ca\/fr\/wp-json\/wp\/v2\/comments?post=1695"}],"version-history":[{"count":9,"href":"https:\/\/www.biworldwide.ca\/fr\/wp-json\/wp\/v2\/pages\/1695\/revisions"}],"predecessor-version":[{"id":2420,"href":"https:\/\/www.biworldwide.ca\/fr\/wp-json\/wp\/v2\/pages\/1695\/revisions\/2420"}],"up":[{"embeddable":true,"href":"https:\/\/www.biworldwide.ca\/fr\/wp-json\/wp\/v2\/pages\/196"}],"wp:featuredmedia":[{"embeddable":true,"href":"https:\/\/www.biworldwide.ca\/fr\/wp-json\/wp\/v2\/media\/842"}],"wp:attachment":[{"href":"https:\/\/www.biworldwide.ca\/fr\/wp-json\/wp\/v2\/media?parent=1695"}],"wp:term":[{"taxonomy":"wf_page_folders","embeddable":true,"href":"https:\/\/www.biworldwide.ca\/fr\/wp-json\/wp\/v2\/wf_page_folders?post=1695"}],"curies":[{"name":"wp","href":"https:\/\/api.w.org\/{rel}","templated":true}]}}