{"id":169,"date":"2025-01-14T16:26:58","date_gmt":"2025-01-14T16:26:58","guid":{"rendered":"https:\/\/live-biw-main.pantheonsite.io\/?page_id=169"},"modified":"2025-04-02T15:26:41","modified_gmt":"2025-04-02T22:26:41","slug":"responsabilite-sociale-des-entreprises","status":"publish","type":"page","link":"https:\/\/www.biworldwide.ca\/fr\/a-propos-de-nous\/responsabilite-sociale-des-entreprises\/","title":{"rendered":"Responsabilit\u00e9 sociale des entreprises"},"content":{"rendered":"<div class=\" has-content-align-left has-overlay has-overlay--dark alignfull wp-block-biw-block-theme-hero\">\n\t<div class=\"biw-hero__grid\">\n\t\t\t\t\t<div class=\"biw-hero__breadcrumbs\">\n\t\t\t\t<div id=\"breadcrumbs\" class=\"breadcrumb-nav__wrapper\"><span class=\"breadcrumb-nav\"><span><a href=\"https:\/\/www.biworldwide.ca\/fr\/\">Home<\/a><\/span><\/span><\/div>\t\t\t<\/div>\n\t\t\n\t\t\t\t\t<div class=\"biw-hero__media \">\n\t\t\t\t\t\t\t\t\t<div class=\"biw-hero__overlay overlay-dark\"><\/div>\n\t\t\t\t\t\t\t\t<img decoding=\"async\" src=\"http:\/\/live-biw-main.pantheonsite.io\/wp-content\/uploads\/2025\/02\/HowWeHelp-GlobeInHands-1728x600px-1.jpg\" alt=\"A person extends their hands, cupping a luminous digital globe adorned with world map lines, embodying corporate social responsibility. The backdrop is abstract, featuring a serene blend of bokeh lights and geometric shapes in hues of orange and gray.\" class=\"biw-hero__bg-image\" style=\"object-position: 50% 50%;\">\t\t\t<\/div>\n\t\t\t\t<div class=\"biw-hero__content\">\n\t\t\t\t\t\t<h1 class=\"biw-hero__title\" style=\"line-height: 1.2\">\n\t\t\t\tResponsabilit\u00e9 sociale des entreprises\t\t\t<\/h1>\n\t\t\t\t\t\t\t\t\t\t<div class=\"biw-hero__text\">\n\t\t\t\t\t\n\n<p>Nous entreprenons un parcours visant \u00e0 organiser et maximiser nos efforts de responsabilit\u00e9 sociale chez BI WORLDWIDE Canada. Nos dirigeants, associ\u00e9s et partenaires commerciaux travaillent main dans la main pour faire progresser notre mission : inspirer les gens et obtenir des r\u00e9sultats, tout en \u00e9tant des gardiens consciencieux et responsables au sein de nos communaut\u00e9s.<\/p>\n\n\t\t\t\t<\/div>\n\t\t\t\t\t\t\t\t<\/div>\n\t<\/div>\n<\/div>\n\n\n\n<div class=\"wp-block-group  layout-columns-7 has-global-padding is-layout-constrained wp-container-core-group-is-layout-a133ec42 wp-block-group-is-layout-constrained\">\n<h2 class=\"wp-block-heading has-text-align-center\">Un engagement envers l&rsquo;avenir.<\/h2>\n\n\n\n<p class=\"has-text-align-center has-xl-font-size\">L&rsquo;un des valeurs fondamentales de notre entreprise est \u00ab\u00a0engag\u00e9s sur le long terme\u00a0\u00bb. Nous comprenons l&rsquo;impact de nos d\u00e9cisions sur l&rsquo;environnement, nos employ\u00e9s et nos clients.<\/p>\n<\/div>\n\n\n\n<div class=\"wp-block-group alignfull has-global-padding is-layout-constrained wp-container-core-group-is-layout-97ab3c77 wp-block-group-is-layout-constrained\">\n<div class=\"wp-block-group has-text-align-center  layout-columns-8 has-global-padding is-layout-constrained wp-container-core-group-is-layout-ee362a79 wp-block-group-is-layout-constrained\">\n<h2 class=\"wp-block-heading has-text-align-center  has-text-wrap-pretty\">Notre engagement envers l&rsquo;environnement.<\/h2>\n\n\n\n<p class=\" has-text-wrap-balance\">Notre engagement envers l&rsquo;environnement est soutenu par notre <strong>\u00c9quipe de Durabilit\u00e9 <\/strong>&#8211; un groupe dirig\u00e9 par des employ\u00e9s qui organise des \u00e9v\u00e9nements et des programmes \u00e9ducatifs pour BI WORLDWIDE Canada. Voici quelques r\u00e9alisations r\u00e9centes :<\/p>\n<\/div>\n\n\n\n<div class=\"wp-block-group  layout-columns-12 has-global-padding is-layout-constrained wp-container-core-group-is-layout-9e09659d wp-block-group-is-layout-constrained\">\n<div class=\"wp-block-group is-layout-grid wp-container-core-group-is-layout-c765d3c1 wp-block-group-is-layout-grid\">\n<div class=\"wp-block-group  has-dynamic-border-radius has-global-padding is-layout-constrained wp-block-group-is-layout-constrained\">\n<figure class=\"wp-block-image size-medium\"><img decoding=\"async\" src=\"http:\/\/live-biw-main.pantheonsite.io\/wp-content\/uploads\/2025\/02\/BIW_Site_Card_Gamification_03-300x169.jpg\" alt=\"A glowing pink checkmark is centered within a neon pink square on a luminous blue and purple circuit board background. The design embodies a digital, cyberpunk aesthetic, subtly echoing themes of corporate social responsibility in its interconnected visuals.\" class=\"wp-image-3659\" \/><\/figure>\n<\/div>\n\n\n<div class=\" has-dynamic-border-radius has-image-size-cover has-image-radius-none is-style-vertical-no-image wp-block-biw-block-theme-biw-card\">\n\t\t<div class=\"biw-card__content\">\n\t\t<h3 class=\"biw-card__title\">\n\t\t\t\t\t\t\tConversion de notre si\u00e8ge social \u00e0 100 % d&rsquo;\u00e9nergie renouvelable gr\u00e2ce au programme Windsource.\t\t\t\t\t<\/h3>\n\t\t<div class=\"biw-card__text\">\n\n<p><\/p>\n\n<\/div>\n\t<\/div>\n\t<\/div>\n\n<div class=\" has-dynamic-border-radius has-image-size-cover has-image-radius-none is-style-vertical-no-image wp-block-biw-block-theme-biw-card\">\n\t\t<div class=\"biw-card__content\">\n\t\t<h3 class=\"biw-card__title\">\n\t\t\t\t\t\t\tCr\u00e9ation d&rsquo;une collection de prix Living Green qui propose des milliers d&rsquo;options ayant un impact positif sur l&rsquo;environnement.\t\t\t\t\t<\/h3>\n\t\t<div class=\"biw-card__text\">\n\n<p><\/p>\n\n<\/div>\n\t<\/div>\n\t<\/div>\n\n<div class=\" has-dynamic-border-radius has-image-size-cover has-image-radius-none is-style-vertical-no-image wp-block-biw-block-theme-biw-card\">\n\t\t<div class=\"biw-card__content\">\n\t\t<h3 class=\"biw-card__title\">\n\t\t\t\t\t\t\tProposition de plusieurs moyens permettant \u00e0 nos clients de compenser l&rsquo;impact de leurs programmes, tels que Trees for Travel et TerraPass.\t\t\t\t\t<\/h3>\n\t\t<div class=\"biw-card__text\">\n\n<p><\/p>\n\n<\/div>\n\t<\/div>\n\t<\/div>\n\n<div class=\" has-dynamic-border-radius has-image-size-cover has-image-radius-none is-style-vertical-no-image wp-block-biw-block-theme-biw-card\">\n\t\t<div class=\"biw-card__content\">\n\t\t<h3 class=\"biw-card__title\">\n\t\t\t\t\t\t\tRemplacement du papier et du plastique dans les caf\u00e9t\u00e9rias de notre campus par des tasses, mugs et ustensiles durables.\t\t\t\t\t<\/h3>\n\t\t<div class=\"biw-card__text\">\n\n<p><\/p>\n\n<\/div>\n\t<\/div>\n\t<\/div><\/div>\n<\/div>\n\n\n\n<hr class=\"wp-block-separator has-alpha-channel-opacity\" \/>\n<\/div>\n\n\n\n<div class=\"wp-block-group has-global-padding is-layout-constrained wp-container-core-group-is-layout-daca1d94 wp-block-group-is-layout-constrained\">\n<div class=\"wp-block-group has-global-padding is-layout-constrained wp-container-core-group-is-layout-fce79bf6 wp-block-group-is-layout-constrained\">\n<h2 class=\"wp-block-heading has-text-align-center\">Notre engagement envers nos employ\u00e9s.<\/h2>\n<\/div>\n\n\n\n<p class=\"has-text-align-center\">Notre engagement envers nos employ\u00e9s se poursuit avec une vari\u00e9t\u00e9 de groupes de ressources pour employ\u00e9s, de formations continues et de soutien au leadership :<\/p>\n\n\n\n<div data-animate=\"true\" data-animation-direction=\"up\" data-child-animation=\"individual\" class=\"wp-block-group  has-small-screens-alignment-center has-tablet-screens-alignment-center is-content-justification-center is-layout-flex wp-container-core-group-is-layout-a1ae687d wp-block-group-is-layout-flex\"><div style=\"--aspectRatio: 1\/1;\" class=\" has-dynamic-border-radius biw-card__media-type-image has-image-size-contain wp-block-biw-block-theme-biw-media-card has-text-align-center\">\n\t\t\t<figure class=\"biw-card__media-wrapper\" data-alignment=\"center center\">\n\t\t\t<img decoding=\"async\" src=\"http:\/\/live-biw-main.pantheonsite.io\/wp-content\/uploads\/2025\/02\/Mosaic-Logo-ARG-final-1.png\" alt=\"The image displays a logo with four overlapping triangles in orange, red, purple, and yellow, pointing right. Beneath the triangles, MOSAIC is written in bold black letters, with the O stylized as a circle with a line underneath\u2014emphasizing the brands focus on corporate social responsibility.\" class=\"biw-card__image\" style=\"\">\t\t<\/figure>\n\t\t<div class=\"biw-card__content\">\n\t\t<h2 class=\"biw-card__title\">\n\t\t\t\t\t\t\tMosaic\t\t\t\t\t<\/h2>\n\t\t\t\t\t<div class=\"biw-card__text\"><p>Mosaic est un espace destin\u00e9 aux personnes noires, autochtones, aux personnes de couleur et \u00e0 leurs alli\u00e9s.<\/p><\/div>\n\t\t\t<\/div>\n\t<\/div>\n\n<div style=\"--aspectRatio: 1\/1;\" class=\" has-dynamic-border-radius biw-card__media-type-image has-image-size-contain wp-block-biw-block-theme-biw-media-card has-text-align-center\">\n\t\t\t<figure class=\"biw-card__media-wrapper\" data-alignment=\"center center\">\n\t\t\t<img decoding=\"async\" src=\"http:\/\/live-biw-main.pantheonsite.io\/wp-content\/uploads\/2025\/02\/Pride@BIW_logo_final-1.png\" alt=\"\" class=\"biw-card__image\" style=\"\">\t\t<\/figure>\n\t\t<div class=\"biw-card__content\">\n\t\t<h2 class=\"biw-card__title\">\n\t\t\t\t\t\t\tPride@BIW\t\t\t\t\t<\/h2>\n\t\t\t\t\t<div class=\"biw-card__text\"><p>Pride@BIW est un espace destin\u00e9 aux associ\u00e9s 2SLGBTQI+ et \u00e0 leurs alli\u00e9s.<\/p><\/div>\n\t\t\t<\/div>\n\t<\/div>\n\n<div style=\"--aspectRatio: 1\/1;\" class=\" has-dynamic-border-radius biw-card__media-type-image has-image-size-contain wp-block-biw-block-theme-biw-media-card has-text-align-center\">\n\t\t\t<figure class=\"biw-card__media-wrapper\" data-alignment=\"center center\">\n\t\t\t<img decoding=\"async\" src=\"http:\/\/live-biw-main.pantheonsite.io\/wp-content\/uploads\/2025\/02\/Inspiring-Women-logo.png\" alt=\"\" class=\"biw-card__image\" style=\"\">\t\t<\/figure>\n\t\t<div class=\"biw-card__content\">\n\t\t<h2 class=\"biw-card__title\">\n\t\t\t\t\t\t\tInspiring Women\t\t\t\t\t<\/h2>\n\t\t\t\t\t<div class=\"biw-card__text\"><p>Inspiring Women est un espace destin\u00e9 \u00e0 celles qui s\u2019identifient comme femmes pour s\u2019\u00e9panouir \u00e0 tous les niveaux.<\/p><\/div>\n\t\t\t<\/div>\n\t<\/div>\n\n<div style=\"--aspectRatio: 1\/1;\" class=\" has-dynamic-border-radius biw-card__media-type-image has-image-size-contain wp-block-biw-block-theme-biw-media-card has-text-align-center\">\n\t\t\t<figure class=\"biw-card__media-wrapper\" data-alignment=\"center center\">\n\t\t\t<img decoding=\"async\" src=\"http:\/\/live-biw-main.pantheonsite.io\/wp-content\/uploads\/2025\/02\/BIW_Amplify_logo_final.png\" alt=\"\" class=\"biw-card__image\" style=\"\">\t\t<\/figure>\n\t\t<div class=\"biw-card__content\">\n\t\t<h2 class=\"biw-card__title\">\n\t\t\t\t\t\t\tAmplify\t\t\t\t\t<\/h2>\n\t\t\t\t\t<div class=\"biw-card__text\"><p>Amplify est un espace d\u2019apprentissage pour tous les associ\u00e9s afin qu\u2019ils puissent d\u00e9couvrir comment devenir des alli\u00e9s.<\/p><\/div>\n\t\t\t<\/div>\n\t<\/div><\/div>\n\n\n\n<hr class=\"wp-block-separator has-alpha-channel-opacity\" \/>\n<\/div>\n\n\n\n<h2 class=\"wp-block-heading has-text-align-center has-xxl-font-size\">Notre engagement envers nos clients.<\/h2>\n\n\n\n<p class=\"has-text-align-center\">Notre engagement envers nos clients se poursuit \u00e0 travers plusieurs domaines de soutien :<\/p>\n\n\n\n<p class=\"has-large-font-size\">Notre enqu\u00eate sur les nouvelles r\u00e8gles d&rsquo;engagement continue d&rsquo;identifier des moyens d&#8217;embaucher et de retenir les meilleurs employ\u00e9s en cr\u00e9ant une culture ax\u00e9e sur le sens et l&rsquo;appartenance.<\/p>\n\n\n<div class=\" has-dynamic-border-radius has-link has-image-size-cover has-image-radius-none wp-block-biw-block-theme-biw-card\">\n\t\t\t<figure class=\"biw-card__image-wrapper \">\n\t\t\t<img decoding=\"async\" src=\"http:\/\/live-biw-main.pantheonsite.io\/wp-content\/uploads\/2025\/02\/BIW-New-world-new-rules-of-engagement-12x21.375_Final-scaled.jpg\" alt=\"Infographic titled New Rules of Engagement with twelve sections. Each section has an icon, number, and rule related to employee engagement, such as a piggy bank, heart balloon, compass, Rubiks Cube, and others. Includes keywords: commitment, effort, inspiration.\" class=\"biw-card__image\" style=\"object-position: 50% 50%;\">\t\t<\/figure>\n\t\t<div class=\"biw-card__content\">\n\t\t<h3 class=\"biw-card__title\">\n\t\t\t\t\t\t\t<a href=\"https:\/\/www.biworldwide.ca\/fr\/problemes-que-nous-resolvons\/engagement-des-employes\/les-nouvelles-regles-de-lengagement\/\" target=\"_blank\">\n\t\t\t\tLes nouvelles r\u00e8gles d&rsquo;engagement\u00ae\t\t\t\t<\/a>\n\t\t\t\t\t<\/h3>\n\t\t<div class=\"biw-card__text\">\n\n<p><\/p>\n\n<\/div>\n\t<\/div>\n\t\t\t<span class=\"biw-card__cta\">En savoir plus<\/span>\n\t<\/div>\n\n\n<p>Notre Centre de conception a accueilli des centaines de clients pour des s\u00e9ances de r\u00e9flexion et de strat\u00e9gie autour de l&rsquo;int\u00e9gration des employ\u00e9s, de l&rsquo;engagement, du d\u00e9veloppement du leadership, de l&rsquo;apprentissage et de la reconnaissance. Cette ann\u00e9e, nous avons ajout\u00e9 des strat\u00e9gies d&rsquo;affaires durables \u00e0 cette liste.<\/p>\n\n\n\n<hr class=\"wp-block-separator has-alpha-channel-opacity\" \/>\n\n\n\n<p class=\"has-xl-font-size\">Nous continuons \u00e0 nous remettre en question pour \u00e9tablir les normes les plus \u00e9lev\u00e9es en mati\u00e8re de responsabilit\u00e9 sociale des entreprises et de soutien \u00e0 nos efforts en mati\u00e8re d&rsquo;environnement, de social et de gouvernance (ESG), ainsi qu&rsquo;\u00e0 ceux de nos clients. Pour citer l&rsquo;une de nos valeurs, \u00ab le changement est in\u00e9vitable, alors allons-y ! \u00bb<\/p>\n\n\n\n<hr class=\"wp-block-separator has-alpha-channel-opacity\" \/>\n","protected":false},"excerpt":{"rendered":"<p>Un engagement envers l&rsquo;avenir. L&rsquo;un des valeurs fondamentales de notre entreprise est \u00ab\u00a0engag\u00e9s sur le long terme\u00a0\u00bb. Nous comprenons l&rsquo;impact de nos d\u00e9cisions sur l&rsquo;environnement, nos employ\u00e9s et nos clients. Notre engagement envers l&rsquo;environnement. Notre engagement envers l&rsquo;environnement est soutenu par notre \u00c9quipe de Durabilit\u00e9 &#8211; un groupe dirig\u00e9 par des employ\u00e9s qui organise des [&hellip;]<\/p>\n","protected":false},"author":11,"featured_media":523,"parent":165,"menu_order":0,"comment_status":"closed","ping_status":"closed","template":"","meta":{"featured_image_focal_point":{"x":0.72,"y":0.39},"footnotes":""},"wf_page_folders":[],"class_list":["post-169","page","type-page","status-publish","has-post-thumbnail","hentry"],"yoast_head":"<!-- This site is optimized with the Yoast SEO plugin v26.2 - https:\/\/yoast.com\/wordpress\/plugins\/seo\/ -->\n<title>Responsabilit\u00e9 sociale des entreprises - Canada (French)<\/title>\n<meta name=\"description\" content=\"Responsabilit\u00e9 sociale des entreprises. Nous entreprenons un parcours visant \u00e0 organiser et maximiser nos efforts de responsabilit\u00e9 sociale\" \/>\n<meta name=\"robots\" content=\"index, follow, max-snippet:-1, max-image-preview:large, max-video-preview:-1\" \/>\n<link rel=\"canonical\" href=\"https:\/\/www.biworldwide.ca\/fr\/a-propos-de-nous\/responsabilite-sociale-des-entreprises\/\" \/>\n<meta property=\"og:locale\" content=\"fr_CA\" \/>\n<meta property=\"og:type\" content=\"article\" \/>\n<meta property=\"og:title\" content=\"Responsabilit\u00e9 sociale des entreprises - Canada (French)\" \/>\n<meta property=\"og:description\" content=\"Responsabilit\u00e9 sociale des entreprises. Nous entreprenons un parcours visant \u00e0 organiser et maximiser nos efforts de responsabilit\u00e9 sociale\" \/>\n<meta property=\"og:url\" content=\"https:\/\/www.biworldwide.ca\/fr\/a-propos-de-nous\/responsabilite-sociale-des-entreprises\/\" \/>\n<meta property=\"og:site_name\" content=\"Canada (French)\" \/>\n<meta property=\"article:modified_time\" content=\"2025-04-02T22:26:41+00:00\" \/>\n<meta property=\"og:image\" content=\"https:\/\/www.biworldwide.com\/wp-content\/uploads\/2025\/02\/HowWeHelp-GlobeInHands-1728x600px-1.jpg\" \/>\n\t<meta property=\"og:image:width\" content=\"1728\" \/>\n\t<meta property=\"og:image:height\" content=\"600\" \/>\n\t<meta property=\"og:image:type\" content=\"image\/jpeg\" \/>\n<meta name=\"twitter:card\" content=\"summary_large_image\" \/>\n<meta name=\"twitter:label1\" content=\"Est. reading time\" \/>\n\t<meta name=\"twitter:data1\" content=\"2 minutes\" \/>\n<script type=\"application\/ld+json\" class=\"yoast-schema-graph\">{\"@context\":\"https:\/\/schema.org\",\"@graph\":[{\"@type\":\"WebPage\",\"@id\":\"https:\/\/www.biworldwide.ca\/fr\/a-propos-de-nous\/responsabilite-sociale-des-entreprises\/\",\"url\":\"https:\/\/www.biworldwide.ca\/fr\/a-propos-de-nous\/responsabilite-sociale-des-entreprises\/\",\"name\":\"Responsabilit\u00e9 sociale des entreprises - Canada (French)\",\"isPartOf\":{\"@id\":\"https:\/\/www.biworldwide.ca\/fr\/#website\"},\"primaryImageOfPage\":{\"@id\":\"https:\/\/www.biworldwide.ca\/fr\/a-propos-de-nous\/responsabilite-sociale-des-entreprises\/#primaryimage\"},\"image\":{\"@id\":\"https:\/\/www.biworldwide.ca\/fr\/a-propos-de-nous\/responsabilite-sociale-des-entreprises\/#primaryimage\"},\"thumbnailUrl\":\"https:\/\/www.biworldwide.com\/wp-content\/uploads\/2025\/02\/HowWeHelp-GlobeInHands-1728x600px-1.jpg\",\"datePublished\":\"2025-01-14T16:26:58+00:00\",\"dateModified\":\"2025-04-02T22:26:41+00:00\",\"description\":\"Responsabilit\u00e9 sociale des entreprises. Nous entreprenons un parcours visant \u00e0 organiser et maximiser nos efforts de responsabilit\u00e9 sociale\",\"breadcrumb\":{\"@id\":\"https:\/\/www.biworldwide.ca\/fr\/a-propos-de-nous\/responsabilite-sociale-des-entreprises\/#breadcrumb\"},\"inLanguage\":\"fr-CA\",\"potentialAction\":[{\"@type\":\"ReadAction\",\"target\":[\"https:\/\/www.biworldwide.ca\/fr\/a-propos-de-nous\/responsabilite-sociale-des-entreprises\/\"]}]},{\"@type\":\"ImageObject\",\"inLanguage\":\"fr-CA\",\"@id\":\"https:\/\/www.biworldwide.ca\/fr\/a-propos-de-nous\/responsabilite-sociale-des-entreprises\/#primaryimage\",\"url\":\"https:\/\/www.biworldwide.com\/wp-content\/uploads\/2025\/02\/HowWeHelp-GlobeInHands-1728x600px-1.jpg\",\"contentUrl\":\"https:\/\/www.biworldwide.com\/wp-content\/uploads\/2025\/02\/HowWeHelp-GlobeInHands-1728x600px-1.jpg\",\"caption\":\"A person extends their hands, cupping a luminous digital globe adorned with world map lines, embodying corporate social responsibility. The backdrop is abstract, featuring a serene blend of bokeh lights and geometric shapes in hues of orange and gray.\"},{\"@type\":\"BreadcrumbList\",\"@id\":\"https:\/\/www.biworldwide.ca\/fr\/a-propos-de-nous\/responsabilite-sociale-des-entreprises\/#breadcrumb\",\"itemListElement\":[{\"@type\":\"ListItem\",\"position\":1,\"name\":\"Home\",\"item\":\"https:\/\/www.biworldwide.ca\/fr\/\"},{\"@type\":\"ListItem\",\"position\":2,\"name\":\"\u00c0 propos de nous\",\"item\":\"https:\/\/www.biworldwide.ca\/fr\/a-propos-de-nous\/\"},{\"@type\":\"ListItem\",\"position\":3,\"name\":\"Responsabilit\u00e9 sociale des entreprises\"}]},{\"@type\":\"WebSite\",\"@id\":\"https:\/\/www.biworldwide.ca\/fr\/#website\",\"url\":\"https:\/\/www.biworldwide.ca\/fr\/\",\"name\":\"Canada (French)\",\"description\":\"\",\"potentialAction\":[{\"@type\":\"SearchAction\",\"target\":{\"@type\":\"EntryPoint\",\"urlTemplate\":\"https:\/\/www.biworldwide.ca\/fr\/?s={search_term_string}\"},\"query-input\":{\"@type\":\"PropertyValueSpecification\",\"valueRequired\":true,\"valueName\":\"search_term_string\"}}],\"inLanguage\":\"fr-CA\"}]}<\/script>\n<!-- \/ Yoast SEO plugin. -->","yoast_head_json":{"title":"Responsabilit\u00e9 sociale des entreprises - Canada (French)","description":"Responsabilit\u00e9 sociale des entreprises. Nous entreprenons un parcours visant \u00e0 organiser et maximiser nos efforts de responsabilit\u00e9 sociale","robots":{"index":"index","follow":"follow","max-snippet":"max-snippet:-1","max-image-preview":"max-image-preview:large","max-video-preview":"max-video-preview:-1"},"canonical":"https:\/\/www.biworldwide.ca\/fr\/a-propos-de-nous\/responsabilite-sociale-des-entreprises\/","og_locale":"fr_CA","og_type":"article","og_title":"Responsabilit\u00e9 sociale des entreprises - Canada (French)","og_description":"Responsabilit\u00e9 sociale des entreprises. Nous entreprenons un parcours visant \u00e0 organiser et maximiser nos efforts de responsabilit\u00e9 sociale","og_url":"https:\/\/www.biworldwide.ca\/fr\/a-propos-de-nous\/responsabilite-sociale-des-entreprises\/","og_site_name":"Canada (French)","article_modified_time":"2025-04-02T22:26:41+00:00","og_image":[{"url":"https:\/\/www.biworldwide.com\/wp-content\/uploads\/2025\/02\/HowWeHelp-GlobeInHands-1728x600px-1.jpg","width":1728,"height":600,"type":"image\/jpeg"}],"twitter_card":"summary_large_image","twitter_misc":{"Est. reading time":"2 minutes"},"schema":{"@context":"https:\/\/schema.org","@graph":[{"@type":"WebPage","@id":"https:\/\/www.biworldwide.ca\/fr\/a-propos-de-nous\/responsabilite-sociale-des-entreprises\/","url":"https:\/\/www.biworldwide.ca\/fr\/a-propos-de-nous\/responsabilite-sociale-des-entreprises\/","name":"Responsabilit\u00e9 sociale des entreprises - Canada (French)","isPartOf":{"@id":"https:\/\/www.biworldwide.ca\/fr\/#website"},"primaryImageOfPage":{"@id":"https:\/\/www.biworldwide.ca\/fr\/a-propos-de-nous\/responsabilite-sociale-des-entreprises\/#primaryimage"},"image":{"@id":"https:\/\/www.biworldwide.ca\/fr\/a-propos-de-nous\/responsabilite-sociale-des-entreprises\/#primaryimage"},"thumbnailUrl":"https:\/\/www.biworldwide.com\/wp-content\/uploads\/2025\/02\/HowWeHelp-GlobeInHands-1728x600px-1.jpg","datePublished":"2025-01-14T16:26:58+00:00","dateModified":"2025-04-02T22:26:41+00:00","description":"Responsabilit\u00e9 sociale des entreprises. Nous entreprenons un parcours visant \u00e0 organiser et maximiser nos efforts de responsabilit\u00e9 sociale","breadcrumb":{"@id":"https:\/\/www.biworldwide.ca\/fr\/a-propos-de-nous\/responsabilite-sociale-des-entreprises\/#breadcrumb"},"inLanguage":"fr-CA","potentialAction":[{"@type":"ReadAction","target":["https:\/\/www.biworldwide.ca\/fr\/a-propos-de-nous\/responsabilite-sociale-des-entreprises\/"]}]},{"@type":"ImageObject","inLanguage":"fr-CA","@id":"https:\/\/www.biworldwide.ca\/fr\/a-propos-de-nous\/responsabilite-sociale-des-entreprises\/#primaryimage","url":"https:\/\/www.biworldwide.com\/wp-content\/uploads\/2025\/02\/HowWeHelp-GlobeInHands-1728x600px-1.jpg","contentUrl":"https:\/\/www.biworldwide.com\/wp-content\/uploads\/2025\/02\/HowWeHelp-GlobeInHands-1728x600px-1.jpg","caption":"A person extends their hands, cupping a luminous digital globe adorned with world map lines, embodying corporate social responsibility. The backdrop is abstract, featuring a serene blend of bokeh lights and geometric shapes in hues of orange and gray."},{"@type":"BreadcrumbList","@id":"https:\/\/www.biworldwide.ca\/fr\/a-propos-de-nous\/responsabilite-sociale-des-entreprises\/#breadcrumb","itemListElement":[{"@type":"ListItem","position":1,"name":"Home","item":"https:\/\/www.biworldwide.ca\/fr\/"},{"@type":"ListItem","position":2,"name":"\u00c0 propos de nous","item":"https:\/\/www.biworldwide.ca\/fr\/a-propos-de-nous\/"},{"@type":"ListItem","position":3,"name":"Responsabilit\u00e9 sociale des entreprises"}]},{"@type":"WebSite","@id":"https:\/\/www.biworldwide.ca\/fr\/#website","url":"https:\/\/www.biworldwide.ca\/fr\/","name":"Canada (French)","description":"","potentialAction":[{"@type":"SearchAction","target":{"@type":"EntryPoint","urlTemplate":"https:\/\/www.biworldwide.ca\/fr\/?s={search_term_string}"},"query-input":{"@type":"PropertyValueSpecification","valueRequired":true,"valueName":"search_term_string"}}],"inLanguage":"fr-CA"}]}},"_links":{"self":[{"href":"https:\/\/www.biworldwide.ca\/fr\/wp-json\/wp\/v2\/pages\/169","targetHints":{"allow":["GET"]}}],"collection":[{"href":"https:\/\/www.biworldwide.ca\/fr\/wp-json\/wp\/v2\/pages"}],"about":[{"href":"https:\/\/www.biworldwide.ca\/fr\/wp-json\/wp\/v2\/types\/page"}],"author":[{"embeddable":true,"href":"https:\/\/www.biworldwide.ca\/fr\/wp-json\/wp\/v2\/users\/11"}],"replies":[{"embeddable":true,"href":"https:\/\/www.biworldwide.ca\/fr\/wp-json\/wp\/v2\/comments?post=169"}],"version-history":[{"count":13,"href":"https:\/\/www.biworldwide.ca\/fr\/wp-json\/wp\/v2\/pages\/169\/revisions"}],"predecessor-version":[{"id":2184,"href":"https:\/\/www.biworldwide.ca\/fr\/wp-json\/wp\/v2\/pages\/169\/revisions\/2184"}],"up":[{"embeddable":true,"href":"https:\/\/www.biworldwide.ca\/fr\/wp-json\/wp\/v2\/pages\/165"}],"wp:featuredmedia":[{"embeddable":true,"href":"https:\/\/www.biworldwide.ca\/fr\/wp-json\/wp\/v2\/media\/523"}],"wp:attachment":[{"href":"https:\/\/www.biworldwide.ca\/fr\/wp-json\/wp\/v2\/media?parent=169"}],"wp:term":[{"taxonomy":"wf_page_folders","embeddable":true,"href":"https:\/\/www.biworldwide.ca\/fr\/wp-json\/wp\/v2\/wf_page_folders?post=169"}],"curies":[{"name":"wp","href":"https:\/\/api.w.org\/{rel}","templated":true}]}}