{"id":167,"date":"2025-01-14T16:26:24","date_gmt":"2025-01-14T16:26:24","guid":{"rendered":"https:\/\/live-biw-main.pantheonsite.io\/?page_id=167"},"modified":"2025-04-03T10:40:18","modified_gmt":"2025-04-03T17:40:18","slug":"nos-partenaires","status":"publish","type":"page","link":"https:\/\/www.biworldwide.ca\/fr\/a-propos-de-nous\/nos-partenaires\/","title":{"rendered":"Nos partenaires"},"content":{"rendered":"<div class=\" has-content-align-left has-overlay has-overlay--light alignwide wp-block-biw-block-theme-hero\">\n\t<div class=\"biw-hero__grid\">\n\t\t\t\t\t<div class=\"biw-hero__breadcrumbs\">\n\t\t\t\t<div id=\"breadcrumbs\" class=\"breadcrumb-nav__wrapper\"><span class=\"breadcrumb-nav\"><span><a href=\"https:\/\/www.biworldwide.ca\/fr\/\">Home<\/a><\/span><\/span><\/div>\t\t\t<\/div>\n\t\t\n\t\t\t\t\t<div class=\"biw-hero__media has-dynamic-border-radius\">\n\t\t\t\t\t\t\t\t\t<div class=\"biw-hero__overlay overlay-light\"><\/div>\n\t\t\t\t\t\t\t\t<img decoding=\"async\" src=\"http:\/\/live-biw-main.pantheonsite.io\/wp-content\/uploads\/2025\/02\/partner-hero-1728x600px-1.png\" alt=\"A group of diverse people place their hands together in a stack, symbolizing teamwork and unity. The background is a soft gradient of light gray, creating a calm and neutral setting.\" class=\"biw-hero__bg-image\" style=\"object-position: 50% 50%;\">\t\t\t<\/div>\n\t\t\t\t<div class=\"biw-hero__content\">\n\t\t\t\t\t\t<h1 class=\"biw-hero__title\" style=\"line-height: 1.2\">\n\t\t\t\tNos partenaires\t\t\t<\/h1>\n\t\t\t\t\t\t\t\t\t\t<div class=\"biw-hero__text\">\n\t\t\t\t\t\n\n<p>Nos partenariats nous permettent de proposer les id\u00e9es les plus innovantes et les solutions les plus performantes pour r\u00e9soudre vos probl\u00e8mes. Nous avons \u00e9tabli des relations afin de garantir que vous avez acc\u00e8s \u00e0 des recherches actuelles pour orienter vos prises de d\u00e9cision et la conception de vos programmes. Ensuite, nos partenaires techniques assurent des int\u00e9grations fluides pour obtenir des r\u00e9sultats optimis\u00e9s<\/p>\n\n\t\t\t\t<\/div>\n\t\t\t\t\t\t\t\t<\/div>\n\t<\/div>\n<\/div>\n\n\n\n<div class=\"wp-block-group alignfull has-global-padding is-layout-constrained wp-container-core-group-is-layout-d3543a3b wp-block-group-is-layout-constrained\">\n<div class=\"wp-block-group  layout-columns-6 has-global-padding is-layout-constrained wp-container-core-group-is-layout-97093539 wp-block-group-is-layout-constrained\">\n<h2 class=\"wp-block-heading has-text-align-center\">Partenariats industriels<\/h2>\n\n\n\n<p class=\"has-text-align-center is-style-default has-large-font-size is-style-default\">Gr\u00e2ce \u00e0 une vari\u00e9t\u00e9 de partenariats et d&rsquo;int\u00e9grations avec des produits de premier ordre, nos clients peuvent simplifier leur acc\u00e8s aux solutions BI WORLDWIDE, transf\u00e9rer facilement les donn\u00e9es des participants et des programmes entre plusieurs syst\u00e8mes, et obtenir une meilleure compr\u00e9hension des performances des programmes.<\/p>\n\n\n\n<p class=\"has-text-align-center is-style-default has-large-font-size is-style-default\"><\/p>\n<\/div>\n\n\n\n<div class=\"wp-block-group  layout-columns-10 has-global-padding is-layout-constrained wp-container-core-group-is-layout-0b5f5b40 wp-block-group-is-layout-constrained\">\n<div class=\"wp-block-group is-content-justification-center is-layout-flex wp-container-core-group-is-layout-b4c50f06 wp-block-group-is-layout-flex\"><div class=\" has-dynamic-border-radius has-image-size-cover has-image-radius-none is-style-default wp-block-biw-block-theme-biw-card\">\n\t\t\t<figure class=\"biw-card__image-wrapper \">\n\t\t\t<img decoding=\"async\" src=\"http:\/\/live-biw-main.pantheonsite.io\/wp-content\/uploads\/2025\/02\/ibm-logo-250x250px.png\" alt=\"The image shows the IBM logo. It consists of the letters IBM in a bold, blue, striped font. The stripes give a segmented appearance to each letter. The background is white.\" class=\"biw-card__image\" style=\"object-position: 50% 50%;\">\t\t<\/figure>\n\t\t<div class=\"biw-card__content\">\n\t\t<h3 class=\"biw-card__title\">\n\t\t\t\t\t\t\tIBM watsonx\t\t\t\t\t<\/h3>\n\t\t<div class=\"biw-card__text\">\n\n<p>IBM is a leading global hybrid cloud and AI and business services pIBM est un fournisseur mondial de premier plan en services hybrides de cloud et d&rsquo;intelligence artificielle ainsi qu&rsquo;en services d&rsquo;affaires, aidant ses clients \u00e0 exploiter les informations provenant de leurs donn\u00e9es, \u00e0 rationaliser leurs processus d&rsquo;affaires, \u00e0 r\u00e9duire les co\u00fbts et \u00e0 obtenir un avantage concurrentiel. Les innovations r\u00e9volutionnaires d&rsquo;IBM dans les domaines de l&rsquo;intelligence artificielle, de l&rsquo;informatique quantique, des solutions cloud et des services d&rsquo;affaires offrent \u00e0 nos clients des options ouvertes et flexibles. Tout cela est soutenu par l&rsquo;engagement d&rsquo;IBM envers la confiance, la transparence, la responsabilit\u00e9, l&rsquo;inclusivit\u00e9 et le service.<\/p>\n\n<\/div>\n\t<\/div>\n\t<\/div>\n\n<div class=\" has-dynamic-border-radius has-image-size-cover has-image-radius-none is-style-default wp-block-biw-block-theme-biw-card\">\n\t\t\t<figure class=\"biw-card__image-wrapper \">\n\t\t\t<img decoding=\"async\" src=\"http:\/\/live-biw-main.pantheonsite.io\/wp-content\/uploads\/2025\/02\/PH-Logo_MultiColor_no-lettering-170.png\" alt=\"Gradient circle with a blend of purple and teal shades, featuring stylized lowercase letters p and m in the center.\" class=\"biw-card__image\" style=\"object-position: 50% 50%;\">\t\t<\/figure>\n\t\t<div class=\"biw-card__content\">\n\t\t<h3 class=\"biw-card__title\">\n\t\t\t\t\t\t\tProHabits\t\t\t\t\t<\/h3>\n\t\t<div class=\"biw-card__text\">\n\n<p>ProHabits utilise de petites incitations courtes pour aider vos \u00e9quipes \u00e0 pratiquer des comportements cl\u00e9s de mani\u00e8re s\u00e9curis\u00e9e et sans interruption. ProHabits lib\u00e8re le potentiel de ses utilisateurs (et de leurs organisations) en distillant des concepts complexes en petites incitations qui renforcent une approche ax\u00e9e sur l&rsquo;apprentissage par l&rsquo;action. On n&rsquo;apprend pas \u00e0 faire du v\u00e9lo en lisant un guide ou en assistant \u00e0 un s\u00e9minaire \u2014 on monte et on commence \u00e0 p\u00e9daler. ProHabits adopte cette m\u00eame m\u00e9thode, en incitant \u00e0 l&rsquo;action par des encouragements cibl\u00e9s.<\/p>\n\n<\/div>\n\t<\/div>\n\t<\/div>\n\n<div class=\" has-dynamic-border-radius has-image-size-cover has-image-radius-none is-style-default wp-block-biw-block-theme-biw-card\">\n\t\t\t<figure class=\"biw-card__image-wrapper \">\n\t\t\t<img decoding=\"async\" src=\"http:\/\/live-biw-main.pantheonsite.io\/wp-content\/uploads\/2025\/02\/quantumworkplacelogo-170.png\" alt=\"A white circular logo with a small dot on the lower right, set against an orange background.\" class=\"biw-card__image\" style=\"object-position: 50% 50%;\">\t\t<\/figure>\n\t\t<div class=\"biw-card__content\">\n\t\t<h3 class=\"biw-card__title\">\n\t\t\t\t\t\t\tQuantum Workplace\t\t\t\t\t<\/h3>\n\t\t<div class=\"biw-card__text\">\n\n<p>Quantum Workplace aide les organisations \u00e0 am\u00e9liorer le travail au quotidien en cr\u00e9ant une culture ax\u00e9e sur la r\u00e9ussite des employ\u00e9s. Notre plateforme de r\u00e9ussite des employ\u00e9s permet aux organisations de comprendre l&rsquo;exp\u00e9rience des employ\u00e9s, d&rsquo;inspirer leur impact et de cr\u00e9er une culture magn\u00e9tique qui attire et retient les meilleurs talents. Les solutions incluent des sondages aupr\u00e8s des employ\u00e9s, des r\u00e9unions en t\u00eate-\u00e0-t\u00eate, des objectifs, de la reconnaissance, des retours, des \u00e9valuations de talents, la planification de la rel\u00e8ve, ainsi que le c\u00e9l\u00e8bre concours Best Places to Work.<\/p>\n\n<\/div>\n\t<\/div>\n\t<\/div>\n\n<div class=\" has-dynamic-border-radius has-image-size-cover has-image-radius-none is-style-default wp-block-biw-block-theme-biw-card\">\n\t\t\t<figure class=\"biw-card__image-wrapper \">\n\t\t\t<img decoding=\"async\" src=\"http:\/\/live-biw-main.pantheonsite.io\/wp-content\/uploads\/2025\/02\/workdaypartnerlogo.png\" alt=\"Blue badge with the word Partner at the top in white text and the Workday logo below. The Workday logo features the word workday with an orange curved line above it.\" class=\"biw-card__image\" style=\"object-position: 50% 50%;\">\t\t<\/figure>\n\t\t<div class=\"biw-card__content\">\n\t\t<h3 class=\"biw-card__title\">\n\t\t\t\t\t\t\tWorkday\t\t\t\t\t<\/h3>\n\t\t<div class=\"biw-card__text\">\n\n<p>Workday est un fournisseur de premier plan d&rsquo;applications cloud d&rsquo;entreprise pour les finances et les ressources humaines, aidant les clients \u00e0 s&rsquo;adapter et \u00e0 prosp\u00e9rer dans un monde en constante \u00e9volution. Les applications Workday pour la gestion financi\u00e8re, les ressources humaines, la planification, la gestion des d\u00e9penses et l&rsquo;analyse int\u00e8grent l&rsquo;intelligence artificielle et l&rsquo;apprentissage automatique au c\u0153ur de leur conception, afin d&rsquo;aider les organisations du monde entier \u00e0 embrasser l&rsquo;avenir du travail.<\/p>\n\n<\/div>\n\t<\/div>\n\t<\/div><\/div>\n<\/div>\n<\/div>\n\n\n\n<div class=\"wp-block-group alignfull has-global-padding is-layout-constrained wp-container-core-group-is-layout-97ab3c77 wp-block-group-is-layout-constrained\">\n<div class=\"wp-block-group alignfull has-global-padding is-layout-constrained wp-container-core-group-is-layout-97ab3c77 wp-block-group-is-layout-constrained\">\n<div class=\"wp-block-group has-text-align-center  layout-columns-8 has-global-padding is-layout-constrained wp-container-core-group-is-layout-ee362a79 wp-block-group-is-layout-constrained\">\n<h2 class=\"wp-block-heading has-text-align-center  has-text-wrap-pretty\">Partenaires acad\u00e9miques<\/h2>\n\n\n\n<p class=\" has-text-wrap-balance\">Nous avons collabor\u00e9 avec des experts universitaires pour garantir que les programmes de stimulation des ventes, de fid\u00e9lisation et d&rsquo;engagement des employ\u00e9s de nos clients s&rsquo;appuient sur la psychologie, la recherche et les principes scientifiquement prouv\u00e9s de l&rsquo;\u00e9conomie comportementale.<\/p>\n<\/div>\n\n\n\n<div class=\"wp-block-group  layout-columns-12 has-global-padding is-layout-constrained wp-container-core-group-is-layout-9e09659d wp-block-group-is-layout-constrained\">\n<div class=\"wp-block-group is-layout-grid wp-container-core-group-is-layout-c765d3c1 wp-block-group-is-layout-grid\"><div class=\" has-dynamic-border-radius has-image-size-cover has-image-radius-none is-style-default wp-block-biw-block-theme-biw-card\">\n\t\t\t<figure class=\"biw-card__image-wrapper \">\n\t\t\t<img decoding=\"async\" src=\"http:\/\/live-biw-main.pantheonsite.io\/wp-content\/uploads\/2025\/01\/BShuck-010825_500x500px_Square-2.jpg\" alt=\"Dr. Brad Shuck\" class=\"biw-card__image\" style=\"object-position: 50% 50%;\">\t\t<\/figure>\n\t\t<div class=\"biw-card__content\">\n\t\t<h3 class=\"biw-card__title\">\n\t\t\t\t\t\t\tBrad Shuck, Ph.D.\t\t\t\t\t<\/h3>\n\t\t<div class=\"biw-card__text\">\n\n<p><strong>Professeur et directeur de programme, Programme de d\u00e9veloppement des ressources humaines et organisationnelles, Universit\u00e9 de Louisville; Co-fondateur, OrgVitals; Propri\u00e9taire, LEAD Research, LLC<\/strong><\/p>\n\n\n\n<p>Dr. Brad Shuck est un chef de file internationalement reconnu en affaires, entrepreneur et acad\u00e9micien dans les domaines de l&rsquo;engagement des employ\u00e9s, du d\u00e9veloppement du leadership et de la culture organisationnelle.<\/p>\n\n\n\n<p>Il est l&rsquo;auteur de\u202fEmployee Engagement: A Research Overview\u202f(Routledge, 2020) et a publi\u00e9 ou pr\u00e9sent\u00e9 plus de 350 articles acad\u00e9miques, chapitres de livres et pr\u00e9sentations invit\u00e9es. Shuck d\u00e9tient cinq droits d&rsquo;auteur aux \u00c9tats-Unis pour sa propri\u00e9t\u00e9 intellectuelle ax\u00e9e sur la recherche en engagement des employ\u00e9s et en gestion de la culture. Son travail a \u00e9t\u00e9 pr\u00e9sent\u00e9 dans des m\u00e9dias internationaux bas\u00e9s aux \u00c9tats-Unis, notamment\u202fForbes,\u202fThe Washington Post\u202fet\u202fTIME, ainsi que dans des m\u00e9dias internationaux tels que\u202fBusiness World Online,\u202fEconomic Times\u202fde l&rsquo;Inde et\u202fHindu Times.<\/p>\n\n\n\n<p>Il a prononc\u00e9 des discours liminaires sur quatre des sept continents, notamment dans les pays suivants : Chine, Espagne, Inde, Panama, Royaume-Uni et partout aux \u00c9tats-Unis pour certaines des plus grandes entreprises admir\u00e9es au monde. Shuck est professeur titulaire et co-fondateur d\u2019OrgVitals, une soci\u00e9t\u00e9 de logiciels de gestion de culture ax\u00e9e sur un objectif sp\u00e9cifique. Il est membre de l&rsquo;Honorable Order of Kentucky Colonels et d\u00e9tient des dipl\u00f4mes avanc\u00e9s en counseling, affaires \u00e9tudiantes, d\u00e9veloppement des ressources humaines et \u00e9ducation des adultes.<\/p>\n\n\n\n<p><br><\/p>\n\n<\/div>\n\t<\/div>\n\t<\/div>\n\n<div class=\" has-dynamic-border-radius has-image-size-cover has-image-radius-none is-style-default wp-block-biw-block-theme-biw-card\">\n\t\t\t<figure class=\"biw-card__image-wrapper \">\n\t\t\t<img decoding=\"async\" src=\"http:\/\/live-biw-main.pantheonsite.io\/wp-content\/uploads\/2025\/02\/Mike-Ahearne2-scaled.jpg\" alt=\"A man with a short beard and mustache, wearing a plaid suit jacket and a light blue shirt, stands against a plain white background, looking at the camera with a neutral expression.\" class=\"biw-card__image\" style=\"object-position: 50% 50%;\">\t\t<\/figure>\n\t\t<div class=\"biw-card__content\">\n\t\t<h3 class=\"biw-card__title\">\n\t\t\t\t\t\t\tMike Ahearne, Ph.D.\t\t\t\t\t<\/h3>\n\t\t<div class=\"biw-card__text\">\n\n<p><strong>Professeur de Marketing et titulaire de la chaire C.T. Bauer en Marketing, Universit\u00e9 de Houston<\/strong><\/p>\n\n\n\n<p>En plus des r\u00f4les de Mike \u00e0 l&rsquo;Universit\u00e9 de Houston, il est \u00e9galement le directeur de recherche de l\u2019Institut d\u2019Excellence en Vente (Sales Excellence Institute). Les recherches de Mike se sont principalement concentr\u00e9es sur l&rsquo;am\u00e9lioration de la performance des vendeurs et des organisations de vente.<\/p>\n\n\n\n<p>Il a publi\u00e9 plus de 40 articles dans des revues prestigieuses et a r\u00e9cemment \u00e9t\u00e9 reconnu par l\u2019American Marketing Association comme l\u2019un des 10 chercheurs les plus productifs dans le domaine du marketing. Ses recherches ont \u00e9t\u00e9 pr\u00e9sent\u00e9es dans The Wall Street Journal, Business 2.0, Business Investors Daily, Fox News, INC Magazine et bien d&rsquo;autres m\u00e9dias.<\/p>\n\n<\/div>\n\t<\/div>\n\t<\/div>\n\n<div class=\" has-dynamic-border-radius has-image-size-cover has-image-radius-none is-style-default wp-block-biw-block-theme-biw-card\">\n\t\t\t<figure class=\"biw-card__image-wrapper \">\n\t\t\t<img decoding=\"async\" src=\"http:\/\/live-biw-main.pantheonsite.io\/wp-content\/uploads\/2025\/02\/George-John-headshot.jpg\" alt=\"Smiling man with short gray hair and glasses, wearing a brown suit. Neutral, light brown background.\" class=\"biw-card__image\" style=\"object-position: 50% 50%;\">\t\t<\/figure>\n\t\t<div class=\"biw-card__content\">\n\t\t<h3 class=\"biw-card__title\">\n\t\t\t\t\t\t\tGeorge John, Ph.D.\t\t\t\t\t<\/h3>\n\t\t<div class=\"biw-card__text\">\n\n<p><strong>Chaire General Mills\/Paul S. Gerot, Professeur de Marketing, Universit\u00e9 du Minnesota, Carlson School of Management<\/strong><\/p>\n\n\n\n<p>Le professeur John a obtenu son baccalaur\u00e9at en g\u00e9nie a\u00e9ronautique \u00e0 l&rsquo;Indian Institute of Technology, Madras, Inde, en 1974, et son MBA \u00e0 l&rsquo;Universit\u00e9 de l&rsquo;Illinois en 1976. Apr\u00e8s avoir obtenu son doctorat en marketing de Northwestern en 1981, il a rejoint la facult\u00e9 de l&rsquo;Universit\u00e9 du Wisconsin.<\/p>\n\n\n\n<p>En 1987, il a d\u00e9m\u00e9nag\u00e9 \u00e0 l&rsquo;Universit\u00e9 du Minnesota o\u00f9 il occupe la chaire General Mills\/Paul S. Gerot en Marketing \u00e0 la Carlson School of Management. Ses int\u00e9r\u00eats se concentrent sur les cha\u00eenes de distribution et le marketing des technologies de pointe. Plus pr\u00e9cis\u00e9ment, il s&rsquo;int\u00e9resse aux aspects strat\u00e9giques et d&rsquo;efficacit\u00e9 des choix de gouvernance dans ces contextes.<\/p>\n\n\n\n<p>Ses distinctions acad\u00e9miques incluent un prix de l&rsquo;American Marketing Association pour sa th\u00e8se de doctorat en 1981, ainsi que sa s\u00e9lection en 2003 comme Highly Cited Researcher dans la cat\u00e9gorie Business\/Economics par Thomson Reuters Web of Science.<\/p>\n\n<\/div>\n\t<\/div>\n\t<\/div><\/div>\n<\/div>\n<\/div>\n<\/div>\n","protected":false},"excerpt":{"rendered":"<p>Partenariats industriels Gr\u00e2ce \u00e0 une vari\u00e9t\u00e9 de partenariats et d&rsquo;int\u00e9grations avec des produits de premier ordre, nos clients peuvent simplifier leur acc\u00e8s aux solutions BI WORLDWIDE, transf\u00e9rer facilement les donn\u00e9es des participants et des programmes entre plusieurs syst\u00e8mes, et obtenir une meilleure compr\u00e9hension des performances des programmes. Partenaires acad\u00e9miques Nous avons collabor\u00e9 avec des experts [&hellip;]<\/p>\n","protected":false},"author":11,"featured_media":839,"parent":165,"menu_order":0,"comment_status":"closed","ping_status":"closed","template":"","meta":{"featured_image_focal_point":{"x":0.5,"y":0.5},"footnotes":""},"wf_page_folders":[],"class_list":["post-167","page","type-page","status-publish","has-post-thumbnail","hentry"],"yoast_head":"<!-- This site is optimized with the Yoast SEO plugin v26.2 - https:\/\/yoast.com\/wordpress\/plugins\/seo\/ -->\n<title>Nos partenaires - Canada (French)<\/title>\n<meta name=\"description\" content=\"Nos partenaires permettent \u00e0 nos clients de tirer parti des technologies et outils de pointe pour inspirer des r\u00e9sultats de niveau sup\u00e9rieur\" \/>\n<meta name=\"robots\" content=\"index, follow, max-snippet:-1, max-image-preview:large, max-video-preview:-1\" \/>\n<link rel=\"canonical\" href=\"https:\/\/www.biworldwide.ca\/fr\/a-propos-de-nous\/nos-partenaires\/\" \/>\n<meta property=\"og:locale\" content=\"fr_CA\" \/>\n<meta property=\"og:type\" content=\"article\" \/>\n<meta property=\"og:title\" content=\"Nos partenaires - Canada (French)\" \/>\n<meta property=\"og:description\" content=\"Nos partenaires permettent \u00e0 nos clients de tirer parti des technologies et outils de pointe pour inspirer des r\u00e9sultats de niveau sup\u00e9rieur\" \/>\n<meta property=\"og:url\" content=\"https:\/\/www.biworldwide.ca\/fr\/a-propos-de-nous\/nos-partenaires\/\" \/>\n<meta property=\"og:site_name\" content=\"Canada (French)\" \/>\n<meta property=\"article:modified_time\" content=\"2025-04-03T17:40:18+00:00\" \/>\n<meta property=\"og:image\" content=\"https:\/\/www.biworldwide.com\/wp-content\/uploads\/2025\/03\/partner-page-featured-image-scaled-1.png\" \/>\n\t<meta property=\"og:image:width\" content=\"2560\" \/>\n\t<meta property=\"og:image:height\" content=\"1441\" \/>\n\t<meta property=\"og:image:type\" content=\"image\/png\" \/>\n<meta name=\"twitter:card\" content=\"summary_large_image\" \/>\n<meta name=\"twitter:label1\" content=\"Est. reading time\" \/>\n\t<meta name=\"twitter:data1\" content=\"6 minutes\" \/>\n<script type=\"application\/ld+json\" class=\"yoast-schema-graph\">{\"@context\":\"https:\/\/schema.org\",\"@graph\":[{\"@type\":\"WebPage\",\"@id\":\"https:\/\/www.biworldwide.ca\/fr\/a-propos-de-nous\/nos-partenaires\/\",\"url\":\"https:\/\/www.biworldwide.ca\/fr\/a-propos-de-nous\/nos-partenaires\/\",\"name\":\"Nos partenaires - Canada (French)\",\"isPartOf\":{\"@id\":\"https:\/\/www.biworldwide.ca\/fr\/#website\"},\"primaryImageOfPage\":{\"@id\":\"https:\/\/www.biworldwide.ca\/fr\/a-propos-de-nous\/nos-partenaires\/#primaryimage\"},\"image\":{\"@id\":\"https:\/\/www.biworldwide.ca\/fr\/a-propos-de-nous\/nos-partenaires\/#primaryimage\"},\"thumbnailUrl\":\"https:\/\/www.biworldwide.com\/wp-content\/uploads\/2025\/03\/partner-page-featured-image-scaled-1.png\",\"datePublished\":\"2025-01-14T16:26:24+00:00\",\"dateModified\":\"2025-04-03T17:40:18+00:00\",\"description\":\"Nos partenaires permettent \u00e0 nos clients de tirer parti des technologies et outils de pointe pour inspirer des r\u00e9sultats de niveau sup\u00e9rieur\",\"breadcrumb\":{\"@id\":\"https:\/\/www.biworldwide.ca\/fr\/a-propos-de-nous\/nos-partenaires\/#breadcrumb\"},\"inLanguage\":\"fr-CA\",\"potentialAction\":[{\"@type\":\"ReadAction\",\"target\":[\"https:\/\/www.biworldwide.ca\/fr\/a-propos-de-nous\/nos-partenaires\/\"]}]},{\"@type\":\"ImageObject\",\"inLanguage\":\"fr-CA\",\"@id\":\"https:\/\/www.biworldwide.ca\/fr\/a-propos-de-nous\/nos-partenaires\/#primaryimage\",\"url\":\"https:\/\/www.biworldwide.com\/wp-content\/uploads\/2025\/03\/partner-page-featured-image-scaled-1.png\",\"contentUrl\":\"https:\/\/www.biworldwide.com\/wp-content\/uploads\/2025\/03\/partner-page-featured-image-scaled-1.png\",\"caption\":\"A group of people place their hands on top of each other in a show of unity and teamwork. The hands are of varying skin tones and genders, symbolizing diversity. The focus is on the hands, with a blurred neutral background.\"},{\"@type\":\"BreadcrumbList\",\"@id\":\"https:\/\/www.biworldwide.ca\/fr\/a-propos-de-nous\/nos-partenaires\/#breadcrumb\",\"itemListElement\":[{\"@type\":\"ListItem\",\"position\":1,\"name\":\"Home\",\"item\":\"https:\/\/www.biworldwide.ca\/fr\/\"},{\"@type\":\"ListItem\",\"position\":2,\"name\":\"\u00c0 propos de nous\",\"item\":\"https:\/\/www.biworldwide.ca\/fr\/a-propos-de-nous\/\"},{\"@type\":\"ListItem\",\"position\":3,\"name\":\"Nos partenaires\"}]},{\"@type\":\"WebSite\",\"@id\":\"https:\/\/www.biworldwide.ca\/fr\/#website\",\"url\":\"https:\/\/www.biworldwide.ca\/fr\/\",\"name\":\"Canada (French)\",\"description\":\"\",\"potentialAction\":[{\"@type\":\"SearchAction\",\"target\":{\"@type\":\"EntryPoint\",\"urlTemplate\":\"https:\/\/www.biworldwide.ca\/fr\/?s={search_term_string}\"},\"query-input\":{\"@type\":\"PropertyValueSpecification\",\"valueRequired\":true,\"valueName\":\"search_term_string\"}}],\"inLanguage\":\"fr-CA\"}]}<\/script>\n<!-- \/ Yoast SEO plugin. -->","yoast_head_json":{"title":"Nos partenaires - Canada (French)","description":"Nos partenaires permettent \u00e0 nos clients de tirer parti des technologies et outils de pointe pour inspirer des r\u00e9sultats de niveau sup\u00e9rieur","robots":{"index":"index","follow":"follow","max-snippet":"max-snippet:-1","max-image-preview":"max-image-preview:large","max-video-preview":"max-video-preview:-1"},"canonical":"https:\/\/www.biworldwide.ca\/fr\/a-propos-de-nous\/nos-partenaires\/","og_locale":"fr_CA","og_type":"article","og_title":"Nos partenaires - Canada (French)","og_description":"Nos partenaires permettent \u00e0 nos clients de tirer parti des technologies et outils de pointe pour inspirer des r\u00e9sultats de niveau sup\u00e9rieur","og_url":"https:\/\/www.biworldwide.ca\/fr\/a-propos-de-nous\/nos-partenaires\/","og_site_name":"Canada (French)","article_modified_time":"2025-04-03T17:40:18+00:00","og_image":[{"url":"https:\/\/www.biworldwide.com\/wp-content\/uploads\/2025\/03\/partner-page-featured-image-scaled-1.png","width":2560,"height":1441,"type":"image\/png"}],"twitter_card":"summary_large_image","twitter_misc":{"Est. reading time":"6 minutes"},"schema":{"@context":"https:\/\/schema.org","@graph":[{"@type":"WebPage","@id":"https:\/\/www.biworldwide.ca\/fr\/a-propos-de-nous\/nos-partenaires\/","url":"https:\/\/www.biworldwide.ca\/fr\/a-propos-de-nous\/nos-partenaires\/","name":"Nos partenaires - Canada (French)","isPartOf":{"@id":"https:\/\/www.biworldwide.ca\/fr\/#website"},"primaryImageOfPage":{"@id":"https:\/\/www.biworldwide.ca\/fr\/a-propos-de-nous\/nos-partenaires\/#primaryimage"},"image":{"@id":"https:\/\/www.biworldwide.ca\/fr\/a-propos-de-nous\/nos-partenaires\/#primaryimage"},"thumbnailUrl":"https:\/\/www.biworldwide.com\/wp-content\/uploads\/2025\/03\/partner-page-featured-image-scaled-1.png","datePublished":"2025-01-14T16:26:24+00:00","dateModified":"2025-04-03T17:40:18+00:00","description":"Nos partenaires permettent \u00e0 nos clients de tirer parti des technologies et outils de pointe pour inspirer des r\u00e9sultats de niveau sup\u00e9rieur","breadcrumb":{"@id":"https:\/\/www.biworldwide.ca\/fr\/a-propos-de-nous\/nos-partenaires\/#breadcrumb"},"inLanguage":"fr-CA","potentialAction":[{"@type":"ReadAction","target":["https:\/\/www.biworldwide.ca\/fr\/a-propos-de-nous\/nos-partenaires\/"]}]},{"@type":"ImageObject","inLanguage":"fr-CA","@id":"https:\/\/www.biworldwide.ca\/fr\/a-propos-de-nous\/nos-partenaires\/#primaryimage","url":"https:\/\/www.biworldwide.com\/wp-content\/uploads\/2025\/03\/partner-page-featured-image-scaled-1.png","contentUrl":"https:\/\/www.biworldwide.com\/wp-content\/uploads\/2025\/03\/partner-page-featured-image-scaled-1.png","caption":"A group of people place their hands on top of each other in a show of unity and teamwork. The hands are of varying skin tones and genders, symbolizing diversity. The focus is on the hands, with a blurred neutral background."},{"@type":"BreadcrumbList","@id":"https:\/\/www.biworldwide.ca\/fr\/a-propos-de-nous\/nos-partenaires\/#breadcrumb","itemListElement":[{"@type":"ListItem","position":1,"name":"Home","item":"https:\/\/www.biworldwide.ca\/fr\/"},{"@type":"ListItem","position":2,"name":"\u00c0 propos de nous","item":"https:\/\/www.biworldwide.ca\/fr\/a-propos-de-nous\/"},{"@type":"ListItem","position":3,"name":"Nos partenaires"}]},{"@type":"WebSite","@id":"https:\/\/www.biworldwide.ca\/fr\/#website","url":"https:\/\/www.biworldwide.ca\/fr\/","name":"Canada (French)","description":"","potentialAction":[{"@type":"SearchAction","target":{"@type":"EntryPoint","urlTemplate":"https:\/\/www.biworldwide.ca\/fr\/?s={search_term_string}"},"query-input":{"@type":"PropertyValueSpecification","valueRequired":true,"valueName":"search_term_string"}}],"inLanguage":"fr-CA"}]}},"_links":{"self":[{"href":"https:\/\/www.biworldwide.ca\/fr\/wp-json\/wp\/v2\/pages\/167","targetHints":{"allow":["GET"]}}],"collection":[{"href":"https:\/\/www.biworldwide.ca\/fr\/wp-json\/wp\/v2\/pages"}],"about":[{"href":"https:\/\/www.biworldwide.ca\/fr\/wp-json\/wp\/v2\/types\/page"}],"author":[{"embeddable":true,"href":"https:\/\/www.biworldwide.ca\/fr\/wp-json\/wp\/v2\/users\/11"}],"replies":[{"embeddable":true,"href":"https:\/\/www.biworldwide.ca\/fr\/wp-json\/wp\/v2\/comments?post=167"}],"version-history":[{"count":5,"href":"https:\/\/www.biworldwide.ca\/fr\/wp-json\/wp\/v2\/pages\/167\/revisions"}],"predecessor-version":[{"id":2244,"href":"https:\/\/www.biworldwide.ca\/fr\/wp-json\/wp\/v2\/pages\/167\/revisions\/2244"}],"up":[{"embeddable":true,"href":"https:\/\/www.biworldwide.ca\/fr\/wp-json\/wp\/v2\/pages\/165"}],"wp:featuredmedia":[{"embeddable":true,"href":"https:\/\/www.biworldwide.ca\/fr\/wp-json\/wp\/v2\/media\/839"}],"wp:attachment":[{"href":"https:\/\/www.biworldwide.ca\/fr\/wp-json\/wp\/v2\/media?parent=167"}],"wp:term":[{"taxonomy":"wf_page_folders","embeddable":true,"href":"https:\/\/www.biworldwide.ca\/fr\/wp-json\/wp\/v2\/wf_page_folders?post=167"}],"curies":[{"name":"wp","href":"https:\/\/api.w.org\/{rel}","templated":true}]}}