{"id":1659,"date":"2025-03-26T12:39:09","date_gmt":"2025-03-26T19:39:09","guid":{"rendered":"https:\/\/www.biworldwide.ca\/fr\/?page_id=1659"},"modified":"2025-04-14T11:10:05","modified_gmt":"2025-04-14T18:10:05","slug":"programmes-de-bien-etre-des-employes","status":"publish","type":"page","link":"https:\/\/www.biworldwide.ca\/fr\/comment-nous-aidons\/reconnaissance\/programmes-de-bien-etre-des-employes\/","title":{"rendered":"Programmes de bien-\u00eatre des employ\u00e9s"},"content":{"rendered":"<div class=\" has-content-align-left has-overlay has-overlay--dark alignfull wp-block-biw-block-theme-hero\">\n\t<div class=\"biw-hero__grid\">\n\t\t\t\t\t<div class=\"biw-hero__breadcrumbs\">\n\t\t\t\t<div id=\"breadcrumbs\" class=\"breadcrumb-nav__wrapper\"><span class=\"breadcrumb-nav\"><span><a href=\"https:\/\/www.biworldwide.ca\/fr\/\">Home<\/a><\/span><\/span><\/div>\t\t\t<\/div>\n\t\t\n\t\t\t\t\t<div class=\"biw-hero__media \">\n\t\t\t\t\t\t\t\t\t<div class=\"biw-hero__overlay overlay-dark\"><\/div>\n\t\t\t\t\t\t\t\t<img decoding=\"async\" src=\"http:\/\/live-biw-main.pantheonsite.io\/wp-content\/uploads\/2025\/02\/Wellness-1728x600px.jpg\" alt=\"A person sits cross-legged on a grassy hill at sunset, meditating with hands resting on knees. The sky is orange, and a body of water is visible in the distance, creating a serene and peaceful atmosphere.\" class=\"biw-hero__bg-image\" style=\"object-position: 50% 50%;\">\t\t\t<\/div>\n\t\t\t\t<div class=\"biw-hero__content\">\n\t\t\t\t\t\t<h1 class=\"biw-hero__title\" style=\"line-height: 1.2\">\n\t\t\t\tProgrammes de bien-\u00eatre des employ\u00e9s\t\t\t<\/h1>\n\t\t\t\t\t\t\t<h2 class=\"biw-hero__subtitle\">\n\t\t\t\t\tTransformez votre lieu de travail en un espace o\u00f9 vos employ\u00e9s s&rsquo;\u00e9panouissent pleinement en tant qu&rsquo;individus.\t\t\t\t<\/h2>\n\t\t\t\t\t\t\t\t\t\t<div class=\"biw-hero__text\">\n\t\t\t\t\t\n\n<p>Quand les employ\u00e9s se sentent au mieux de leur forme, ils donnent le meilleur d&rsquo;eux-m\u00eames. Nous vous aiderons \u00e0 int\u00e9grer harmonieusement le bien-\u00eatre des employ\u00e9s dans vos programmes et strat\u00e9gies de r\u00e9compenses et de reconnaissance, afin que votre \u00e9quipe reste motiv\u00e9e et \u00e9nergis\u00e9e<\/p>\n\n\t\t\t\t<\/div>\n\t\t\t\t\t\t\t\t<\/div>\n\t<\/div>\n<\/div>\n\n\n\n<div class=\"wp-block-group  layout-columns-7 has-global-padding is-layout-constrained wp-container-core-group-is-layout-a133ec42 wp-block-group-is-layout-constrained\">\n<h2 class=\"wp-block-heading\">La meilleure fa\u00e7on de b\u00e2tir une culture plus saine.<\/h2>\n\n\n\n<p>Un personnel florissant repose sur l&rsquo;\u00e9nergie, la concentration et la r\u00e9silience. Les programmes de bien-\u00eatre des employ\u00e9s sont essentiel pour atteindre cet objectif. Et bien que la r\u00e9duction des co\u00fbts de sant\u00e9 soit un avantage appr\u00e9ciable, la vraie valeur r\u00e9side dans la cr\u00e9ation d&rsquo;une \u00e9quipe qui offre des performances optimales.<\/p>\n\n\n\n<p>Nous appliquons les principes de l&rsquo;\u00e9conomie comportementale pour concevoir des programmes qui alignent r\u00e9compenses, directives et communication, afin de provoquer un v\u00e9ritable changement de comportement durable. Pas de solutions rapides. Pas de mod\u00e8les universels. Nous vous aidons \u00e0 instaurer des habitudes durables pour une \u00e9quipe en meilleure sant\u00e9 et plus engag\u00e9e.<\/p>\n<\/div>\n","protected":false},"excerpt":{"rendered":"<p>La meilleure fa\u00e7on de b\u00e2tir une culture plus saine. Un personnel florissant repose sur l&rsquo;\u00e9nergie, la concentration et la r\u00e9silience. Les programmes de bien-\u00eatre des employ\u00e9s sont essentiel pour atteindre cet objectif. Et bien que la r\u00e9duction des co\u00fbts de sant\u00e9 soit un avantage appr\u00e9ciable, la vraie valeur r\u00e9side dans la cr\u00e9ation d&rsquo;une \u00e9quipe qui [&hellip;]<\/p>\n","protected":false},"author":28,"featured_media":1685,"parent":128,"menu_order":0,"comment_status":"closed","ping_status":"closed","template":"","meta":{"featured_image_focal_point":{"x":0.88,"y":0.28},"footnotes":""},"wf_page_folders":[],"class_list":["post-1659","page","type-page","status-publish","has-post-thumbnail","hentry"],"yoast_head":"<!-- This site is optimized with the Yoast SEO plugin v26.2 - https:\/\/yoast.com\/wordpress\/plugins\/seo\/ -->\n<title>Programmes de bien-\u00eatre des employ\u00e9s - Canada (French)<\/title>\n<meta name=\"description\" content=\"Les programmes de bien-\u00eatre des employ\u00e9s de BI WORLDWIDE Canada aident votre entreprise en favorisant la sant\u00e9, le bien-\u00eatre et\" \/>\n<meta name=\"robots\" content=\"index, follow, max-snippet:-1, max-image-preview:large, max-video-preview:-1\" \/>\n<link rel=\"canonical\" href=\"https:\/\/www.biworldwide.ca\/fr\/comment-nous-aidons\/reconnaissance\/programmes-de-bien-etre-des-employes\/\" \/>\n<meta property=\"og:locale\" content=\"fr_CA\" \/>\n<meta property=\"og:type\" content=\"article\" \/>\n<meta property=\"og:title\" content=\"Programmes de bien-\u00eatre des employ\u00e9s - Canada (French)\" \/>\n<meta property=\"og:description\" content=\"Les programmes de bien-\u00eatre des employ\u00e9s de BI WORLDWIDE Canada aident votre entreprise en favorisant la sant\u00e9, le bien-\u00eatre et\" \/>\n<meta property=\"og:url\" content=\"https:\/\/www.biworldwide.ca\/fr\/comment-nous-aidons\/reconnaissance\/programmes-de-bien-etre-des-employes\/\" \/>\n<meta property=\"og:site_name\" content=\"Canada (French)\" \/>\n<meta property=\"article:modified_time\" content=\"2025-04-14T18:10:05+00:00\" \/>\n<meta property=\"og:image\" content=\"https:\/\/www.biworldwide.com\/wp-content\/uploads\/2025\/02\/Wellness-1728x600px.jpg\" \/>\n\t<meta property=\"og:image:width\" content=\"1728\" \/>\n\t<meta property=\"og:image:height\" content=\"600\" \/>\n\t<meta property=\"og:image:type\" content=\"image\/jpeg\" \/>\n<meta name=\"twitter:card\" content=\"summary_large_image\" \/>\n<meta name=\"twitter:label1\" content=\"Est. reading time\" \/>\n\t<meta name=\"twitter:data1\" content=\"1 minute\" \/>\n<script type=\"application\/ld+json\" class=\"yoast-schema-graph\">{\"@context\":\"https:\/\/schema.org\",\"@graph\":[{\"@type\":\"WebPage\",\"@id\":\"https:\/\/www.biworldwide.ca\/fr\/comment-nous-aidons\/reconnaissance\/programmes-de-bien-etre-des-employes\/\",\"url\":\"https:\/\/www.biworldwide.ca\/fr\/comment-nous-aidons\/reconnaissance\/programmes-de-bien-etre-des-employes\/\",\"name\":\"Programmes de bien-\u00eatre des employ\u00e9s - Canada (French)\",\"isPartOf\":{\"@id\":\"https:\/\/www.biworldwide.ca\/fr\/#website\"},\"primaryImageOfPage\":{\"@id\":\"https:\/\/www.biworldwide.ca\/fr\/comment-nous-aidons\/reconnaissance\/programmes-de-bien-etre-des-employes\/#primaryimage\"},\"image\":{\"@id\":\"https:\/\/www.biworldwide.ca\/fr\/comment-nous-aidons\/reconnaissance\/programmes-de-bien-etre-des-employes\/#primaryimage\"},\"thumbnailUrl\":\"https:\/\/www.biworldwide.com\/wp-content\/uploads\/2025\/02\/Wellness-1728x600px.jpg\",\"datePublished\":\"2025-03-26T19:39:09+00:00\",\"dateModified\":\"2025-04-14T18:10:05+00:00\",\"description\":\"Les programmes de bien-\u00eatre des employ\u00e9s de BI WORLDWIDE Canada aident votre entreprise en favorisant la sant\u00e9, le bien-\u00eatre et\",\"breadcrumb\":{\"@id\":\"https:\/\/www.biworldwide.ca\/fr\/comment-nous-aidons\/reconnaissance\/programmes-de-bien-etre-des-employes\/#breadcrumb\"},\"inLanguage\":\"fr-CA\",\"potentialAction\":[{\"@type\":\"ReadAction\",\"target\":[\"https:\/\/www.biworldwide.ca\/fr\/comment-nous-aidons\/reconnaissance\/programmes-de-bien-etre-des-employes\/\"]}]},{\"@type\":\"ImageObject\",\"inLanguage\":\"fr-CA\",\"@id\":\"https:\/\/www.biworldwide.ca\/fr\/comment-nous-aidons\/reconnaissance\/programmes-de-bien-etre-des-employes\/#primaryimage\",\"url\":\"https:\/\/www.biworldwide.com\/wp-content\/uploads\/2025\/02\/Wellness-1728x600px.jpg\",\"contentUrl\":\"https:\/\/www.biworldwide.com\/wp-content\/uploads\/2025\/02\/Wellness-1728x600px.jpg\",\"caption\":\"A person sits cross-legged on a grassy hill at sunset, meditating with hands resting on knees. The sky is orange, and a body of water is visible in the distance, creating a serene and peaceful atmosphere.\"},{\"@type\":\"BreadcrumbList\",\"@id\":\"https:\/\/www.biworldwide.ca\/fr\/comment-nous-aidons\/reconnaissance\/programmes-de-bien-etre-des-employes\/#breadcrumb\",\"itemListElement\":[{\"@type\":\"ListItem\",\"position\":1,\"name\":\"Home\",\"item\":\"https:\/\/www.biworldwide.ca\/fr\/\"},{\"@type\":\"ListItem\",\"position\":2,\"name\":\"Comment nous aidons\",\"item\":\"https:\/\/www.biworldwide.ca\/fr\/comment-nous-aidons\/\"},{\"@type\":\"ListItem\",\"position\":3,\"name\":\"Reconnaissance\",\"item\":\"https:\/\/www.biworldwide.ca\/fr\/comment-nous-aidons\/reconnaissance\/\"},{\"@type\":\"ListItem\",\"position\":4,\"name\":\"Programmes de bien-\u00eatre des employ\u00e9s\"}]},{\"@type\":\"WebSite\",\"@id\":\"https:\/\/www.biworldwide.ca\/fr\/#website\",\"url\":\"https:\/\/www.biworldwide.ca\/fr\/\",\"name\":\"Canada (French)\",\"description\":\"\",\"potentialAction\":[{\"@type\":\"SearchAction\",\"target\":{\"@type\":\"EntryPoint\",\"urlTemplate\":\"https:\/\/www.biworldwide.ca\/fr\/?s={search_term_string}\"},\"query-input\":{\"@type\":\"PropertyValueSpecification\",\"valueRequired\":true,\"valueName\":\"search_term_string\"}}],\"inLanguage\":\"fr-CA\"}]}<\/script>\n<!-- \/ Yoast SEO plugin. -->","yoast_head_json":{"title":"Programmes de bien-\u00eatre des employ\u00e9s - Canada (French)","description":"Les programmes de bien-\u00eatre des employ\u00e9s de BI WORLDWIDE Canada aident votre entreprise en favorisant la sant\u00e9, le bien-\u00eatre et","robots":{"index":"index","follow":"follow","max-snippet":"max-snippet:-1","max-image-preview":"max-image-preview:large","max-video-preview":"max-video-preview:-1"},"canonical":"https:\/\/www.biworldwide.ca\/fr\/comment-nous-aidons\/reconnaissance\/programmes-de-bien-etre-des-employes\/","og_locale":"fr_CA","og_type":"article","og_title":"Programmes de bien-\u00eatre des employ\u00e9s - Canada (French)","og_description":"Les programmes de bien-\u00eatre des employ\u00e9s de BI WORLDWIDE Canada aident votre entreprise en favorisant la sant\u00e9, le bien-\u00eatre et","og_url":"https:\/\/www.biworldwide.ca\/fr\/comment-nous-aidons\/reconnaissance\/programmes-de-bien-etre-des-employes\/","og_site_name":"Canada (French)","article_modified_time":"2025-04-14T18:10:05+00:00","og_image":[{"url":"https:\/\/www.biworldwide.com\/wp-content\/uploads\/2025\/02\/Wellness-1728x600px.jpg","width":1728,"height":600,"type":"image\/jpeg"}],"twitter_card":"summary_large_image","twitter_misc":{"Est. reading time":"1 minute"},"schema":{"@context":"https:\/\/schema.org","@graph":[{"@type":"WebPage","@id":"https:\/\/www.biworldwide.ca\/fr\/comment-nous-aidons\/reconnaissance\/programmes-de-bien-etre-des-employes\/","url":"https:\/\/www.biworldwide.ca\/fr\/comment-nous-aidons\/reconnaissance\/programmes-de-bien-etre-des-employes\/","name":"Programmes de bien-\u00eatre des employ\u00e9s - Canada (French)","isPartOf":{"@id":"https:\/\/www.biworldwide.ca\/fr\/#website"},"primaryImageOfPage":{"@id":"https:\/\/www.biworldwide.ca\/fr\/comment-nous-aidons\/reconnaissance\/programmes-de-bien-etre-des-employes\/#primaryimage"},"image":{"@id":"https:\/\/www.biworldwide.ca\/fr\/comment-nous-aidons\/reconnaissance\/programmes-de-bien-etre-des-employes\/#primaryimage"},"thumbnailUrl":"https:\/\/www.biworldwide.com\/wp-content\/uploads\/2025\/02\/Wellness-1728x600px.jpg","datePublished":"2025-03-26T19:39:09+00:00","dateModified":"2025-04-14T18:10:05+00:00","description":"Les programmes de bien-\u00eatre des employ\u00e9s de BI WORLDWIDE Canada aident votre entreprise en favorisant la sant\u00e9, le bien-\u00eatre et","breadcrumb":{"@id":"https:\/\/www.biworldwide.ca\/fr\/comment-nous-aidons\/reconnaissance\/programmes-de-bien-etre-des-employes\/#breadcrumb"},"inLanguage":"fr-CA","potentialAction":[{"@type":"ReadAction","target":["https:\/\/www.biworldwide.ca\/fr\/comment-nous-aidons\/reconnaissance\/programmes-de-bien-etre-des-employes\/"]}]},{"@type":"ImageObject","inLanguage":"fr-CA","@id":"https:\/\/www.biworldwide.ca\/fr\/comment-nous-aidons\/reconnaissance\/programmes-de-bien-etre-des-employes\/#primaryimage","url":"https:\/\/www.biworldwide.com\/wp-content\/uploads\/2025\/02\/Wellness-1728x600px.jpg","contentUrl":"https:\/\/www.biworldwide.com\/wp-content\/uploads\/2025\/02\/Wellness-1728x600px.jpg","caption":"A person sits cross-legged on a grassy hill at sunset, meditating with hands resting on knees. The sky is orange, and a body of water is visible in the distance, creating a serene and peaceful atmosphere."},{"@type":"BreadcrumbList","@id":"https:\/\/www.biworldwide.ca\/fr\/comment-nous-aidons\/reconnaissance\/programmes-de-bien-etre-des-employes\/#breadcrumb","itemListElement":[{"@type":"ListItem","position":1,"name":"Home","item":"https:\/\/www.biworldwide.ca\/fr\/"},{"@type":"ListItem","position":2,"name":"Comment nous aidons","item":"https:\/\/www.biworldwide.ca\/fr\/comment-nous-aidons\/"},{"@type":"ListItem","position":3,"name":"Reconnaissance","item":"https:\/\/www.biworldwide.ca\/fr\/comment-nous-aidons\/reconnaissance\/"},{"@type":"ListItem","position":4,"name":"Programmes de bien-\u00eatre des employ\u00e9s"}]},{"@type":"WebSite","@id":"https:\/\/www.biworldwide.ca\/fr\/#website","url":"https:\/\/www.biworldwide.ca\/fr\/","name":"Canada (French)","description":"","potentialAction":[{"@type":"SearchAction","target":{"@type":"EntryPoint","urlTemplate":"https:\/\/www.biworldwide.ca\/fr\/?s={search_term_string}"},"query-input":{"@type":"PropertyValueSpecification","valueRequired":true,"valueName":"search_term_string"}}],"inLanguage":"fr-CA"}]}},"_links":{"self":[{"href":"https:\/\/www.biworldwide.ca\/fr\/wp-json\/wp\/v2\/pages\/1659","targetHints":{"allow":["GET"]}}],"collection":[{"href":"https:\/\/www.biworldwide.ca\/fr\/wp-json\/wp\/v2\/pages"}],"about":[{"href":"https:\/\/www.biworldwide.ca\/fr\/wp-json\/wp\/v2\/types\/page"}],"author":[{"embeddable":true,"href":"https:\/\/www.biworldwide.ca\/fr\/wp-json\/wp\/v2\/users\/28"}],"replies":[{"embeddable":true,"href":"https:\/\/www.biworldwide.ca\/fr\/wp-json\/wp\/v2\/comments?post=1659"}],"version-history":[{"count":6,"href":"https:\/\/www.biworldwide.ca\/fr\/wp-json\/wp\/v2\/pages\/1659\/revisions"}],"predecessor-version":[{"id":2488,"href":"https:\/\/www.biworldwide.ca\/fr\/wp-json\/wp\/v2\/pages\/1659\/revisions\/2488"}],"up":[{"embeddable":true,"href":"https:\/\/www.biworldwide.ca\/fr\/wp-json\/wp\/v2\/pages\/128"}],"wp:featuredmedia":[{"embeddable":true,"href":"https:\/\/www.biworldwide.ca\/fr\/wp-json\/wp\/v2\/media\/1685"}],"wp:attachment":[{"href":"https:\/\/www.biworldwide.ca\/fr\/wp-json\/wp\/v2\/media?parent=1659"}],"wp:term":[{"taxonomy":"wf_page_folders","embeddable":true,"href":"https:\/\/www.biworldwide.ca\/fr\/wp-json\/wp\/v2\/wf_page_folders?post=1659"}],"curies":[{"name":"wp","href":"https:\/\/api.w.org\/{rel}","templated":true}]}}