{"id":1650,"date":"2025-03-26T12:34:46","date_gmt":"2025-03-26T19:34:46","guid":{"rendered":"https:\/\/www.biworldwide.ca\/fr\/?page_id=1650"},"modified":"2025-04-14T10:45:04","modified_gmt":"2025-04-14T17:45:04","slug":"daymaker-programme-de-reconnaissance-des-employes","status":"publish","type":"page","link":"https:\/\/www.biworldwide.ca\/fr\/comment-nous-aidons\/reconnaissance\/daymaker-programme-de-reconnaissance-des-employes\/","title":{"rendered":"DayMaker : Programme de reconnaissance des employ\u00e9s"},"content":{"rendered":"<div class=\" has-content-align-left has-overlay has-overlay--light alignfull wp-block-biw-block-theme-hero\">\n\t<div class=\"biw-hero__grid\">\n\t\t\t\t\t<div class=\"biw-hero__breadcrumbs\">\n\t\t\t\t<div id=\"breadcrumbs\" class=\"breadcrumb-nav__wrapper\"><span class=\"breadcrumb-nav\"><span><a href=\"https:\/\/www.biworldwide.ca\/fr\/\">Home<\/a><\/span><\/span><\/div>\t\t\t<\/div>\n\t\t\n\t\t\t\t\t<div class=\"biw-hero__media \">\n\t\t\t\t\t\t\t\t\t<div class=\"biw-hero__overlay overlay-light\"><\/div>\n\t\t\t\t\t\t\t\t<img decoding=\"async\" src=\"http:\/\/live-biw-main.pantheonsite.io\/wp-content\/uploads\/2025\/02\/BIW_Site_Hero_DayMaker-scaled.jpg\" alt=\"A woman wearing a black beanie is blowing colorful confetti from her hands. The background is blurred, and the image has a layered design with geometric green shapes on the right side.\" class=\"biw-hero__bg-image\" style=\"object-position: 50% 50%;\">\t\t\t<\/div>\n\t\t\t\t<div class=\"biw-hero__content\">\n\t\t\t\t\t\t<h1 class=\"biw-hero__title\" style=\"line-height: 1.2\">\n\t\t\t\tDayMaker : Programme de reconnaissance des employ\u00e9s\t\t\t<\/h1>\n\t\t\t\t\t\t\t\t\t\t<div class=\"biw-hero__text\">\n\t\t\t\t\t\n\n<p>Attirez, engagez et retenez les meilleurs employ\u00e9s en reconnaissant les travaux exceptionnels, en r\u00e9compensant les victoires et en c\u00e9l\u00e9brant les anniversaires gr\u00e2ce \u00e0 notre programme de reconnaissance des employ\u00e9s.<\/p>\n\n\t\t\t\t<\/div>\n\t\t\t\t\t\t\t\t<\/div>\n\t<\/div>\n<\/div>\n\n\n\n<div class=\"wp-block-group  layout-columns-7 has-global-padding is-layout-constrained wp-container-core-group-is-layout-a133ec42 wp-block-group-is-layout-constrained\">\n<div class=\"wp-block-group  layout-columns-8 has-global-padding is-layout-constrained wp-container-core-group-is-layout-fce79bf6 wp-block-group-is-layout-constrained\">\n<p class=\"has-xl-font-size\"><strong>Faites de chaque moment un moment qui compte.<\/strong><\/p>\n\n\n\n<p>La reconnaissance des employ\u00e9s ne devrait pas \u00eatre un acte ponctuel ni r\u00e9serv\u00e9e aux occasions sp\u00e9ciales. Pour avoir un impact durable, la reconnaissance doit renforcer les moments cl\u00e9s tout au long de la relation d\u2019un employ\u00e9 avec votre marque, depuis sa candidature jusqu\u2019\u00e0 son r\u00f4le d\u2019ambassadeur, recommandant votre entreprise comme un excellent lieu de travail.<\/p>\n\n\n\n<p>DayMaker est notre programme de reconnaissance des employ\u00e9s le plus complet, offrant une technologie de pointe et un soutien in\u00e9gal\u00e9.<\/p>\n\n\n\n<p>En s&rsquo;appuyant sur les principes de la science comportementale, DayMaker donne vie \u00e0 votre proposition de valeur employ\u00e9 (PVE) gr\u00e2ce \u00e0 un programme ludique, facile \u00e0 utiliser et centr\u00e9 sur l\u2019employ\u00e9. Voici ce que DayMaker propose :<\/p>\n\n\n\n<ul class=\"wp-block-list\">\n<li class=\"has-large-font-size\"><strong>Reconnaissance bas\u00e9e sur les r\u00e9sultats :<\/strong> Utilisez la reconnaissance pour aligner les efforts des employ\u00e9s avec les initiatives strat\u00e9giques.<\/li>\n\n\n\n<li class=\"has-large-font-size\"><strong>URL personnalis\u00e9e de reconnaissance :<\/strong> C\u00e9l\u00e9brez les anniversaires de travail des employ\u00e9s avec une URL personnalis\u00e9e remplie de commentaires, photos et vid\u00e9os de coll\u00e8gues, famille et amis.<\/li>\n\n\n\n<li class=\"has-large-font-size\"><strong><strong>Work Happier Profile<sup>SM<\/sup><\/strong> :<\/strong> Permettez aux employ\u00e9s de comparer instantan\u00e9ment leur bonheur au travail \u00e0 celui des autres.<\/li>\n\n\n\n<li class=\"has-large-font-size\"><strong>Mon tableau de bord :<\/strong> Obtenez une vue claire des m\u00e9triques de participation \u00e0 la reconnaissance, mesurant la participation active, et pas seulement qui a envoy\u00e9 le plus de reconnaissances.<\/li>\n\n\n\n<li class=\"has-large-font-size\"><strong>M\u00e9caniques de jeu :<\/strong> Int\u00e9grez des points et badges pour renforcer la reconnaissance donn\u00e9e ou re\u00e7ue, c\u00e9l\u00e9brer les \u00e9tapes importantes et atteindre des objectifs de performance pr\u00e9d\u00e9finis.<\/li>\n\n\n\n<li class=\"has-large-font-size\"><strong>Contenu micro-cibl\u00e9 :<\/strong> Sensibilisez et maintenez l\u2019engagement des employ\u00e9s connect\u00e9s et non connect\u00e9s gr\u00e2ce \u00e0 des emails, SMS, rappels de programme et documents imprim\u00e9s.<\/li>\n\n\n\n<li class=\"has-large-font-size\"><strong>Des r\u00e9compenses qu\u2019ils vont adorer :<\/strong> Offrez une collection de r\u00e9compenses inspirantes, vivantes et culturellement adapt\u00e9es, comprenant plus de 3,7 millions d&rsquo;options de rachat les plus pris\u00e9es dans le monde entier.<\/li>\n\n\n\n<li class=\"has-large-font-size\"><strong>Gestion de projet :<\/strong> Garantissez une exp\u00e9rience d&rsquo;int\u00e9gration fluide, une int\u00e9gration cl\u00e9 en main et un service client personnalis\u00e9 et continu dans les r\u00e9gions o\u00f9 vivent et travaillent vos employ\u00e9s.<\/li>\n<\/ul>\n<\/div>\n<\/div>\n","protected":false},"excerpt":{"rendered":"<p>Faites de chaque moment un moment qui compte. La reconnaissance des employ\u00e9s ne devrait pas \u00eatre un acte ponctuel ni r\u00e9serv\u00e9e aux occasions sp\u00e9ciales. Pour avoir un impact durable, la reconnaissance doit renforcer les moments cl\u00e9s tout au long de la relation d\u2019un employ\u00e9 avec votre marque, depuis sa candidature jusqu\u2019\u00e0 son r\u00f4le d\u2019ambassadeur, recommandant [&hellip;]<\/p>\n","protected":false},"author":28,"featured_media":1656,"parent":128,"menu_order":0,"comment_status":"closed","ping_status":"closed","template":"","meta":{"featured_image_focal_point":{"x":0.74,"y":0.37},"footnotes":""},"wf_page_folders":[],"class_list":["post-1650","page","type-page","status-publish","has-post-thumbnail","hentry"],"yoast_head":"<!-- This site is optimized with the Yoast SEO plugin v26.2 - https:\/\/yoast.com\/wordpress\/plugins\/seo\/ -->\n<title>DayMaker : Programme de reconnaissance des employ\u00e9s - Canada (French)<\/title>\n<meta name=\"description\" content=\"DayMaker est le programme de reconnaissance des employ\u00e9s de sixi\u00e8me g\u00e9n\u00e9ration de BI WORLDWIDE Canada. Nous avons \u00e9tabli la norme de\" \/>\n<meta name=\"robots\" content=\"index, follow, max-snippet:-1, max-image-preview:large, max-video-preview:-1\" \/>\n<link rel=\"canonical\" href=\"https:\/\/www.biworldwide.ca\/fr\/comment-nous-aidons\/reconnaissance\/daymaker-programme-de-reconnaissance-des-employes\/\" \/>\n<meta property=\"og:locale\" content=\"fr_CA\" \/>\n<meta property=\"og:type\" content=\"article\" \/>\n<meta property=\"og:title\" content=\"DayMaker : Programme de reconnaissance des employ\u00e9s - Canada (French)\" \/>\n<meta property=\"og:description\" content=\"DayMaker est le programme de reconnaissance des employ\u00e9s de sixi\u00e8me g\u00e9n\u00e9ration de BI WORLDWIDE Canada. Nous avons \u00e9tabli la norme de\" \/>\n<meta property=\"og:url\" content=\"https:\/\/www.biworldwide.ca\/fr\/comment-nous-aidons\/reconnaissance\/daymaker-programme-de-reconnaissance-des-employes\/\" \/>\n<meta property=\"og:site_name\" content=\"Canada (French)\" \/>\n<meta property=\"article:modified_time\" content=\"2025-04-14T17:45:04+00:00\" \/>\n<meta property=\"og:image\" content=\"https:\/\/www.biworldwide.com\/wp-content\/uploads\/2025\/02\/BIW_Site_Hero_DayMaker-scaled.jpg\" \/>\n\t<meta property=\"og:image:width\" content=\"2560\" \/>\n\t<meta property=\"og:image:height\" content=\"889\" \/>\n\t<meta property=\"og:image:type\" content=\"image\/jpeg\" \/>\n<meta name=\"twitter:card\" content=\"summary_large_image\" \/>\n<meta name=\"twitter:label1\" content=\"Est. reading time\" \/>\n\t<meta name=\"twitter:data1\" content=\"2 minutes\" \/>\n<script type=\"application\/ld+json\" class=\"yoast-schema-graph\">{\"@context\":\"https:\/\/schema.org\",\"@graph\":[{\"@type\":\"WebPage\",\"@id\":\"https:\/\/www.biworldwide.ca\/fr\/comment-nous-aidons\/reconnaissance\/daymaker-programme-de-reconnaissance-des-employes\/\",\"url\":\"https:\/\/www.biworldwide.ca\/fr\/comment-nous-aidons\/reconnaissance\/daymaker-programme-de-reconnaissance-des-employes\/\",\"name\":\"DayMaker : Programme de reconnaissance des employ\u00e9s - Canada (French)\",\"isPartOf\":{\"@id\":\"https:\/\/www.biworldwide.ca\/fr\/#website\"},\"primaryImageOfPage\":{\"@id\":\"https:\/\/www.biworldwide.ca\/fr\/comment-nous-aidons\/reconnaissance\/daymaker-programme-de-reconnaissance-des-employes\/#primaryimage\"},\"image\":{\"@id\":\"https:\/\/www.biworldwide.ca\/fr\/comment-nous-aidons\/reconnaissance\/daymaker-programme-de-reconnaissance-des-employes\/#primaryimage\"},\"thumbnailUrl\":\"https:\/\/www.biworldwide.com\/wp-content\/uploads\/2025\/02\/BIW_Site_Hero_DayMaker-scaled.jpg\",\"datePublished\":\"2025-03-26T19:34:46+00:00\",\"dateModified\":\"2025-04-14T17:45:04+00:00\",\"description\":\"DayMaker est le programme de reconnaissance des employ\u00e9s de sixi\u00e8me g\u00e9n\u00e9ration de BI WORLDWIDE Canada. Nous avons \u00e9tabli la norme de\",\"breadcrumb\":{\"@id\":\"https:\/\/www.biworldwide.ca\/fr\/comment-nous-aidons\/reconnaissance\/daymaker-programme-de-reconnaissance-des-employes\/#breadcrumb\"},\"inLanguage\":\"fr-CA\",\"potentialAction\":[{\"@type\":\"ReadAction\",\"target\":[\"https:\/\/www.biworldwide.ca\/fr\/comment-nous-aidons\/reconnaissance\/daymaker-programme-de-reconnaissance-des-employes\/\"]}]},{\"@type\":\"ImageObject\",\"inLanguage\":\"fr-CA\",\"@id\":\"https:\/\/www.biworldwide.ca\/fr\/comment-nous-aidons\/reconnaissance\/daymaker-programme-de-reconnaissance-des-employes\/#primaryimage\",\"url\":\"https:\/\/www.biworldwide.com\/wp-content\/uploads\/2025\/02\/BIW_Site_Hero_DayMaker-scaled.jpg\",\"contentUrl\":\"https:\/\/www.biworldwide.com\/wp-content\/uploads\/2025\/02\/BIW_Site_Hero_DayMaker-scaled.jpg\",\"caption\":\"A woman wearing a black beanie is blowing colorful confetti from her hands. The background is blurred, and the image has a layered design with geometric green shapes on the right side.\"},{\"@type\":\"BreadcrumbList\",\"@id\":\"https:\/\/www.biworldwide.ca\/fr\/comment-nous-aidons\/reconnaissance\/daymaker-programme-de-reconnaissance-des-employes\/#breadcrumb\",\"itemListElement\":[{\"@type\":\"ListItem\",\"position\":1,\"name\":\"Home\",\"item\":\"https:\/\/www.biworldwide.ca\/fr\/\"},{\"@type\":\"ListItem\",\"position\":2,\"name\":\"Comment nous aidons\",\"item\":\"https:\/\/www.biworldwide.ca\/fr\/comment-nous-aidons\/\"},{\"@type\":\"ListItem\",\"position\":3,\"name\":\"Reconnaissance\",\"item\":\"https:\/\/www.biworldwide.ca\/fr\/comment-nous-aidons\/reconnaissance\/\"},{\"@type\":\"ListItem\",\"position\":4,\"name\":\"DayMaker : Programme de reconnaissance des employ\u00e9s\"}]},{\"@type\":\"WebSite\",\"@id\":\"https:\/\/www.biworldwide.ca\/fr\/#website\",\"url\":\"https:\/\/www.biworldwide.ca\/fr\/\",\"name\":\"Canada (French)\",\"description\":\"\",\"potentialAction\":[{\"@type\":\"SearchAction\",\"target\":{\"@type\":\"EntryPoint\",\"urlTemplate\":\"https:\/\/www.biworldwide.ca\/fr\/?s={search_term_string}\"},\"query-input\":{\"@type\":\"PropertyValueSpecification\",\"valueRequired\":true,\"valueName\":\"search_term_string\"}}],\"inLanguage\":\"fr-CA\"}]}<\/script>\n<!-- \/ Yoast SEO plugin. -->","yoast_head_json":{"title":"DayMaker : Programme de reconnaissance des employ\u00e9s - Canada (French)","description":"DayMaker est le programme de reconnaissance des employ\u00e9s de sixi\u00e8me g\u00e9n\u00e9ration de BI WORLDWIDE Canada. Nous avons \u00e9tabli la norme de","robots":{"index":"index","follow":"follow","max-snippet":"max-snippet:-1","max-image-preview":"max-image-preview:large","max-video-preview":"max-video-preview:-1"},"canonical":"https:\/\/www.biworldwide.ca\/fr\/comment-nous-aidons\/reconnaissance\/daymaker-programme-de-reconnaissance-des-employes\/","og_locale":"fr_CA","og_type":"article","og_title":"DayMaker : Programme de reconnaissance des employ\u00e9s - Canada (French)","og_description":"DayMaker est le programme de reconnaissance des employ\u00e9s de sixi\u00e8me g\u00e9n\u00e9ration de BI WORLDWIDE Canada. Nous avons \u00e9tabli la norme de","og_url":"https:\/\/www.biworldwide.ca\/fr\/comment-nous-aidons\/reconnaissance\/daymaker-programme-de-reconnaissance-des-employes\/","og_site_name":"Canada (French)","article_modified_time":"2025-04-14T17:45:04+00:00","og_image":[{"url":"https:\/\/www.biworldwide.com\/wp-content\/uploads\/2025\/02\/BIW_Site_Hero_DayMaker-scaled.jpg","width":2560,"height":889,"type":"image\/jpeg"}],"twitter_card":"summary_large_image","twitter_misc":{"Est. reading time":"2 minutes"},"schema":{"@context":"https:\/\/schema.org","@graph":[{"@type":"WebPage","@id":"https:\/\/www.biworldwide.ca\/fr\/comment-nous-aidons\/reconnaissance\/daymaker-programme-de-reconnaissance-des-employes\/","url":"https:\/\/www.biworldwide.ca\/fr\/comment-nous-aidons\/reconnaissance\/daymaker-programme-de-reconnaissance-des-employes\/","name":"DayMaker : Programme de reconnaissance des employ\u00e9s - Canada (French)","isPartOf":{"@id":"https:\/\/www.biworldwide.ca\/fr\/#website"},"primaryImageOfPage":{"@id":"https:\/\/www.biworldwide.ca\/fr\/comment-nous-aidons\/reconnaissance\/daymaker-programme-de-reconnaissance-des-employes\/#primaryimage"},"image":{"@id":"https:\/\/www.biworldwide.ca\/fr\/comment-nous-aidons\/reconnaissance\/daymaker-programme-de-reconnaissance-des-employes\/#primaryimage"},"thumbnailUrl":"https:\/\/www.biworldwide.com\/wp-content\/uploads\/2025\/02\/BIW_Site_Hero_DayMaker-scaled.jpg","datePublished":"2025-03-26T19:34:46+00:00","dateModified":"2025-04-14T17:45:04+00:00","description":"DayMaker est le programme de reconnaissance des employ\u00e9s de sixi\u00e8me g\u00e9n\u00e9ration de BI WORLDWIDE Canada. Nous avons \u00e9tabli la norme de","breadcrumb":{"@id":"https:\/\/www.biworldwide.ca\/fr\/comment-nous-aidons\/reconnaissance\/daymaker-programme-de-reconnaissance-des-employes\/#breadcrumb"},"inLanguage":"fr-CA","potentialAction":[{"@type":"ReadAction","target":["https:\/\/www.biworldwide.ca\/fr\/comment-nous-aidons\/reconnaissance\/daymaker-programme-de-reconnaissance-des-employes\/"]}]},{"@type":"ImageObject","inLanguage":"fr-CA","@id":"https:\/\/www.biworldwide.ca\/fr\/comment-nous-aidons\/reconnaissance\/daymaker-programme-de-reconnaissance-des-employes\/#primaryimage","url":"https:\/\/www.biworldwide.com\/wp-content\/uploads\/2025\/02\/BIW_Site_Hero_DayMaker-scaled.jpg","contentUrl":"https:\/\/www.biworldwide.com\/wp-content\/uploads\/2025\/02\/BIW_Site_Hero_DayMaker-scaled.jpg","caption":"A woman wearing a black beanie is blowing colorful confetti from her hands. The background is blurred, and the image has a layered design with geometric green shapes on the right side."},{"@type":"BreadcrumbList","@id":"https:\/\/www.biworldwide.ca\/fr\/comment-nous-aidons\/reconnaissance\/daymaker-programme-de-reconnaissance-des-employes\/#breadcrumb","itemListElement":[{"@type":"ListItem","position":1,"name":"Home","item":"https:\/\/www.biworldwide.ca\/fr\/"},{"@type":"ListItem","position":2,"name":"Comment nous aidons","item":"https:\/\/www.biworldwide.ca\/fr\/comment-nous-aidons\/"},{"@type":"ListItem","position":3,"name":"Reconnaissance","item":"https:\/\/www.biworldwide.ca\/fr\/comment-nous-aidons\/reconnaissance\/"},{"@type":"ListItem","position":4,"name":"DayMaker : Programme de reconnaissance des employ\u00e9s"}]},{"@type":"WebSite","@id":"https:\/\/www.biworldwide.ca\/fr\/#website","url":"https:\/\/www.biworldwide.ca\/fr\/","name":"Canada (French)","description":"","potentialAction":[{"@type":"SearchAction","target":{"@type":"EntryPoint","urlTemplate":"https:\/\/www.biworldwide.ca\/fr\/?s={search_term_string}"},"query-input":{"@type":"PropertyValueSpecification","valueRequired":true,"valueName":"search_term_string"}}],"inLanguage":"fr-CA"}]}},"_links":{"self":[{"href":"https:\/\/www.biworldwide.ca\/fr\/wp-json\/wp\/v2\/pages\/1650","targetHints":{"allow":["GET"]}}],"collection":[{"href":"https:\/\/www.biworldwide.ca\/fr\/wp-json\/wp\/v2\/pages"}],"about":[{"href":"https:\/\/www.biworldwide.ca\/fr\/wp-json\/wp\/v2\/types\/page"}],"author":[{"embeddable":true,"href":"https:\/\/www.biworldwide.ca\/fr\/wp-json\/wp\/v2\/users\/28"}],"replies":[{"embeddable":true,"href":"https:\/\/www.biworldwide.ca\/fr\/wp-json\/wp\/v2\/comments?post=1650"}],"version-history":[{"count":6,"href":"https:\/\/www.biworldwide.ca\/fr\/wp-json\/wp\/v2\/pages\/1650\/revisions"}],"predecessor-version":[{"id":2482,"href":"https:\/\/www.biworldwide.ca\/fr\/wp-json\/wp\/v2\/pages\/1650\/revisions\/2482"}],"up":[{"embeddable":true,"href":"https:\/\/www.biworldwide.ca\/fr\/wp-json\/wp\/v2\/pages\/128"}],"wp:featuredmedia":[{"embeddable":true,"href":"https:\/\/www.biworldwide.ca\/fr\/wp-json\/wp\/v2\/media\/1656"}],"wp:attachment":[{"href":"https:\/\/www.biworldwide.ca\/fr\/wp-json\/wp\/v2\/media?parent=1650"}],"wp:term":[{"taxonomy":"wf_page_folders","embeddable":true,"href":"https:\/\/www.biworldwide.ca\/fr\/wp-json\/wp\/v2\/wf_page_folders?post=1650"}],"curies":[{"name":"wp","href":"https:\/\/api.w.org\/{rel}","templated":true}]}}