{"id":165,"date":"2025-01-14T16:26:02","date_gmt":"2025-01-14T16:26:02","guid":{"rendered":"https:\/\/live-biw-main.pantheonsite.io\/?page_id=165"},"modified":"2025-04-02T15:25:55","modified_gmt":"2025-04-02T22:25:55","slug":"a-propos-de-nous","status":"publish","type":"page","link":"https:\/\/www.biworldwide.ca\/fr\/a-propos-de-nous\/","title":{"rendered":"\u00c0 propos de nous"},"content":{"rendered":"<div class=\" has-content-align-left has-overlay has-overlay--dark alignfull wp-block-biw-block-theme-hero\">\n\t<div class=\"biw-hero__grid\">\n\t\t\t\t\t<div class=\"biw-hero__breadcrumbs\">\n\t\t\t\t<div id=\"breadcrumbs\" class=\"breadcrumb-nav__wrapper\"><span class=\"breadcrumb-nav\"><span><a href=\"https:\/\/www.biworldwide.ca\/fr\/\">Home<\/a><\/span><\/span><\/div>\t\t\t<\/div>\n\t\t\n\t\t\t\t\t<div class=\"biw-hero__media \">\n\t\t\t\t\t\t\t\t\t<div class=\"biw-hero__overlay overlay-dark\"><\/div>\n\t\t\t\t\t\t\t\t<img decoding=\"async\" src=\"http:\/\/live-biw-main.pantheonsite.io\/wp-content\/uploads\/2025\/03\/AboutUs-2-1728x600px.jpg\" alt=\"Digital artwork of two hands shaking, composed of colorful, pixelated patterns. The background features various technology-related icons like emails, messages, and gears, symbolizing a connection or partnership in a tech context.\" class=\"biw-hero__bg-image\" style=\"object-position: 60% 15%;\">\t\t\t<\/div>\n\t\t\t\t<div class=\"biw-hero__content\">\n\t\t\t\t\t\t<h1 class=\"biw-hero__title\" style=\"line-height: 1.2\">\n\t\t\t\t\u00c0 propos de nous\t\t\t<\/h1>\n\t\t\t\t\t\t\t\t\t\t<div class=\"biw-hero__text\">\n\t\t\t\t\t\n\n<p>Notre mission est de transformer l&rsquo;inspiration en r\u00e9sultats concrets pour nos clients. Nous savons comment attirer, engager et fid\u00e9liser les employ\u00e9s, organiser des concours de vente et des incitations efficaces, cr\u00e9er des programmes dynamiques de fid\u00e9lisation de la client\u00e8le et concevoir des \u00e9v\u00e9nements d&rsquo;entreprise percutants mieux que quiconque.<\/p>\n\n\t\t\t\t<\/div>\n\t\t\t\t\t\t\t\t<\/div>\n\t<\/div>\n<\/div>\n\n\n\n<div class=\"wp-block-group  layout-columns-8 has-global-padding is-layout-constrained wp-container-core-group-is-layout-fce79bf6 wp-block-group-is-layout-constrained\">\n<p>Nous travaillons avec des entreprises du monde entier qui savent que des r\u00e9sultats extraordinaires ne peuvent \u00eatre obtenus que lorsque leur entreprise s&rsquo;inspire des personnes qui la font avancer. Des employ\u00e9s inspir\u00e9s r\u00e9solvent les probl\u00e8mes et cr\u00e9ent de la valeur. Des commerciaux inspir\u00e9s prennent des risques et saisissent les opportunit\u00e9s. Et des partenaires de distribution et des clients inspir\u00e9s sont passionn\u00e9ment loyaux envers votre marque.<\/p>\n\n\n\n<p>Comment sommes-nous devenus aussi comp\u00e9tents pour inspirer les gens et obtenir des r\u00e9sultats ? L&rsquo;exp\u00e9rience en fait partie, mais cela d\u00e9coule \u00e9galement de notre approche unique pour d\u00e9velopper des solutions. Nous concevons et mettons en \u0153uvre des solutions personnalisables pour les employ\u00e9s, les ventes, les canaux et les clients, bas\u00e9es sur la science de l&rsquo;\u00e9conomie comportementale. En d&rsquo;autres termes, nous analysons comment la pens\u00e9e et l&rsquo;\u00e9motion se combinent pour influencer les d\u00e9cisions et les comportements humains. Nous n&rsquo;avons pas \u00e0 deviner ce qui pourrait motiver vos employ\u00e9s ou vos clients, car nous utilisons des recherches scientifiques et des donn\u00e9es pour d\u00e9terminer ce qui les inspirera r\u00e9ellement \u00e0 produire des r\u00e9sultats commerciaux mesurables. Ensuite, nous passons \u00e0 l&rsquo;action.<\/p>\n\n\n\n<p>Nous sommes une agence \u00e0 service complet, ce qui signifie que nous d\u00e9veloppons des solutions int\u00e9gr\u00e9es. Vous cherchez un syst\u00e8me de reconnaissance pour tous vos employ\u00e9s et un moyen de r\u00e9compenser vos meilleurs commerciaux ? Nous pouvons le faire. Besoin de lancer un nouveau produit lors de votre conf\u00e9rence annuelle de concessionnaires et de fournir une formation \u00e0 vos employ\u00e9s d&rsquo;entreprise ? Nous pouvons le faire aussi. Notre seul objectif est de collaborer avec vous pour comprendre les probl\u00e8mes que vous essayez de r\u00e9soudre et vous aider \u00e0 atteindre des r\u00e9sultats financiers exceptionnels pour votre entreprise.<br><\/p>\n\n\n\n<p class=\"has-xl-font-size\"><strong>Une entreprise mondiale<\/strong><\/p>\n\n\n\n<p>Notre si\u00e8ge canadien est situ\u00e9 \u00e0 North Vancouver, en Colombie-Britannique, avec \u00e9galement un bureau \u00e0 Oakville, en Ontario, afin d&rsquo;\u00eatre l\u00e0 o\u00f9 vous avez le plus besoin de nous. Nous avons plus de 25 bureaux de vente \u00e0 travers les \u00c9tats-Unis et des si\u00e8ges dans le monde entier en Australie, au Br\u00e9sil, en Chine, en Inde, en Am\u00e9rique latine, \u00e0 Singapour et au Royaume-Uni. Notre r\u00e9seau mondial de bureaux et de partenariats nous offre non seulement des ressources locales in\u00e9gal\u00e9es, mais nous permet \u00e9galement de proposer des programmes et des solutions culturellement pertinents, peu importe o\u00f9 se trouvent nos clients et leurs publics.<\/p>\n<\/div>\n\n\n\n<div class=\"wp-block-group has-text-align-center  has-gradient-fill has-gradient-fill-orange has-global-padding is-layout-constrained wp-container-core-group-is-layout-daca1d94 wp-block-group-is-layout-constrained\">\n<div class=\"wp-block-group has-global-padding is-layout-constrained wp-container-core-group-is-layout-fce79bf6 wp-block-group-is-layout-constrained\">\n<h2 class=\"wp-block-heading has-text-align-center\">Nous savons ce qu&rsquo;il faut pour motiver.<\/h2>\n<\/div>\n\n\n\n<div data-animate=\"true\" data-animation-direction=\"up\" data-child-animation=\"stagger\" class=\"wp-block-group  has-small-screens-alignment-center has-tablet-screens-alignment-center  has-gradient-fill has-gradient-fill-purple  has-responsive-items-per-row has-desktop-5-per-row has-laptop-3-per-row has-tablet-2-per-row has-mobile-1-per-row has-block-gap-60 is-content-justification-center is-layout-flex wp-container-core-group-is-layout-a1ae687d wp-block-group-is-layout-flex\"><div style=\"--aspectRatio: 16\/9;\" class=\" has-dynamic-border-radius biw-card__media-type-image has-image-size-contain wp-block-biw-block-theme-biw-media-card has-text-align-center\">\n\t\t\t<figure class=\"biw-card__media-wrapper\" data-alignment=\"center center\">\n\t\t\t<img decoding=\"async\" src=\"http:\/\/live-biw-main.pantheonsite.io\/wp-content\/uploads\/2025\/02\/About-Us-Icons_Local-Teams.svg\" alt=\"\" class=\"biw-card__image\" style=\"\">\t\t<\/figure>\n\t\t<div class=\"biw-card__content\">\n\t\t<h2 class=\"biw-card__title\">\n\t\t\t\t\t\t\t\u00c9quipes locales \u00e0 travers le monde\t\t\t\t\t<\/h2>\n\t\t\t\t\t<div class=\"biw-card__text\"><p>Soutenir les parties prenantes des programmes dans le monde entier est essentiel pour le succ\u00e8s des programmes \u2014 c&rsquo;est pourquoi nous avons plus de 1 500 employ\u00e9s r\u00e9partis \u00e0 travers le globe dans nos bureaux strat\u00e9giquement situ\u00e9s. Il est important pour nous d&rsquo;avoir des employ\u00e9s l\u00e0 o\u00f9 nos clients ont des participants. Nos \u00e9quipes locales \u00e0 travers le monde travaillent directement avec les \u00e9quipes locales des clients pour garantir que les programmes mondiaux r\u00e9ussissent tant \u00e0 l&rsquo;\u00e9chelle globale que locale.<\/p><\/div>\n\t\t\t<\/div>\n\t<\/div>\n\n<div style=\"--aspectRatio: 16\/9;\" class=\" has-dynamic-border-radius biw-card__media-type-image has-image-size-contain wp-block-biw-block-theme-biw-media-card has-text-align-center\">\n\t\t\t<figure class=\"biw-card__media-wrapper\" data-alignment=\"center center\">\n\t\t\t<img decoding=\"async\" src=\"http:\/\/live-biw-main.pantheonsite.io\/wp-content\/uploads\/2025\/02\/About-Us-Icons_Rewards-Marketplaces.svg\" alt=\"\" class=\"biw-card__image\" style=\"\">\t\t<\/figure>\n\t\t<div class=\"biw-card__content\">\n\t\t<h2 class=\"biw-card__title\">\n\t\t\t\t\t\t\tMarch\u00e9s de R\u00e9compenses\t\t\t\t\t<\/h2>\n\t\t\t\t\t<div class=\"biw-card__text\"><p>Si vous souhaitez engager un public mondial, vous devez offrir une large s\u00e9lection de r\u00e9compenses \u2014 c&rsquo;est pourquoi nos March\u00e9s de Produits et Exp\u00e9riences offrent \u00e0 nos clients la s\u00e9lection de r\u00e9compenses la plus vaste de l&rsquo;industrie. Des produits et cartes-cadeaux aux exp\u00e9riences et voyages, nous avons tout ce qu&rsquo;il faut et r\u00e9alisons les livraisons localement pour les participants \u00e0 travers le monde.<\/p><\/div>\n\t\t\t<\/div>\n\t<\/div>\n\n<div style=\"--aspectRatio: 16\/9;\" class=\"has-dynamic-border-radius biw-card__media-type-image has-image-size-contain wp-block-biw-block-theme-biw-media-card has-text-align-center wp-container-content-8d1725e3\">\n\t\t\t<figure class=\"biw-card__media-wrapper\" data-alignment=\"center center\">\n\t\t\t<img decoding=\"async\" src=\"http:\/\/live-biw-main.pantheonsite.io\/wp-content\/uploads\/2025\/02\/About-Us-Icons_Local-Insourced-Customer-Service.svg\" alt=\"\" class=\"biw-card__image\" style=\"\">\t\t<\/figure>\n\t\t<div class=\"biw-card__content\">\n\t\t<h2 class=\"biw-card__title\">\n\t\t\t\t\t\t\tService client local et internalis\u00e9\t\t\t\t\t<\/h2>\n\t\t\t\t\t<div class=\"biw-card__text\"><p>Nous savons que l&rsquo;exp\u00e9rience des participants refl\u00e8te les programmes de nos clients \u2014 c&rsquo;est pourquoi nous avons des Sp\u00e9cialistes du Support des Participants (qui sont des employ\u00e9s de BIW) partout dans le monde. Ils fournissent un support client dans les langues locales et les fuseaux horaires de chaque r\u00e9gion du globe.<\/p><\/div>\n\t\t\t<\/div>\n\t<\/div>\n\n<div style=\"--aspectRatio: 16\/9;\" class=\" has-dynamic-border-radius biw-card__media-type-image has-image-size-contain wp-block-biw-block-theme-biw-media-card has-text-align-center\">\n\t\t\t<figure class=\"biw-card__media-wrapper\" data-alignment=\"center center\">\n\t\t\t<img decoding=\"async\" src=\"http:\/\/live-biw-main.pantheonsite.io\/wp-content\/uploads\/2025\/02\/About-Us-Icons_Global-Employee-Recognition.svg\" alt=\"\" class=\"biw-card__image\" style=\"\">\t\t<\/figure>\n\t\t<div class=\"biw-card__content\">\n\t\t<h2 class=\"biw-card__title\">\n\t\t\t\t\t\t\tReconnaissance mondiale des employ\u00e9s\t\t\t\t\t<\/h2>\n\t\t\t\t\t<div class=\"biw-card__text\"><p>Les employ\u00e9s devraient se sentir inspir\u00e9s et reconnus, peu importe o\u00f9 ils vivent. Tous nos programmes mondiaux sont adapt\u00e9s \u00e0 chaque employ\u00e9 gr\u00e2ce \u00e0 une conception locale des programmes, \u00e0 la technologie, aux r\u00e9compenses et au soutien. Nous veillons \u00e0 ce que des \u00e9l\u00e9ments localement pertinents soient int\u00e9gr\u00e9s dans les programmes mondiaux que nous concevons et mettons en \u0153uvre. Ces \u00e9l\u00e9ments locaux sont utilis\u00e9s pour inspirer les employ\u00e9s et renforcer leur engagement envers leur entreprise.<\/p><\/div>\n\t\t\t<\/div>\n\t<\/div>\n\n<div style=\"--aspectRatio: 16\/9;\" class=\" has-dynamic-border-radius biw-card__media-type-image has-image-size-contain wp-block-biw-block-theme-biw-media-card has-text-align-center\">\n\t\t\t<figure class=\"biw-card__media-wrapper\" data-alignment=\"center center\">\n\t\t\t<img decoding=\"async\" src=\"http:\/\/live-biw-main.pantheonsite.io\/wp-content\/uploads\/2025\/02\/About-Us-Icons_Global-Sales.svg\" alt=\"\" class=\"biw-card__image\" style=\"\">\t\t<\/figure>\n\t\t<div class=\"biw-card__content\">\n\t\t<h2 class=\"biw-card__title\">\n\t\t\t\t\t\t\tIncitations mondiales pour les ventes et les canaux\t\t\t\t\t<\/h2>\n\t\t\t\t\t<div class=\"biw-card__text\"><p>Que vous motiviez un public de vente dans un pays ou dans 100, il est crucial que la conception de votre programme d&rsquo;incitation et vos r\u00e9compenses soient localement pertinents pour atteindre vos objectifs commerciaux \u2013 c&rsquo;est pourquoi nous avons des Sp\u00e9cialistes des Ventes et des Canaux \u00e0 travers le monde pour aider nos clients \u00e0 concevoir et \u00e0 mettre en \u0153uvre des programmes d&rsquo;incitation engageants et \u00e9prouv\u00e9s dans chaque r\u00e9gion du globe.<\/p><\/div>\n\t\t\t<\/div>\n\t<\/div><\/div>\n<\/div>\n\n\n\n<div class=\"wp-block-group alignfull has-global-padding is-layout-constrained wp-container-core-group-is-layout-97ab3c77 wp-block-group-is-layout-constrained\">\n<div class=\"wp-block-group has-text-align-center  layout-columns-8 has-global-padding is-layout-constrained wp-container-core-group-is-layout-ee362a79 wp-block-group-is-layout-constrained\">\n<h2 class=\"wp-block-heading has-text-align-center  has-text-wrap-pretty\">En savoir plus sur nous.<\/h2>\n\n\n\n<p class=\" has-text-wrap-balance\"><\/p>\n<\/div>\n\n\n\n<div class=\"wp-block-group  layout-columns-12 has-global-padding is-layout-constrained wp-container-core-group-is-layout-9e09659d wp-block-group-is-layout-constrained\">\n<div class=\"wp-block-group is-layout-grid wp-container-core-group-is-layout-c765d3c1 wp-block-group-is-layout-grid\"><div class=\" has-dynamic-border-radius has-link has-image-size-cover has-image-radius-none is-style-default wp-block-biw-block-theme-biw-card\">\n\t\t\t<figure class=\"biw-card__image-wrapper \">\n\t\t\t<img decoding=\"async\" src=\"http:\/\/live-biw-main.pantheonsite.io\/wp-content\/uploads\/2025\/03\/partner-feature-shrunk.png\" alt=\"A group of diverse people place their hands together in a stack, symbolizing teamwork and unity. The background is a soft, blurred gray, emphasizing the focus on the hands.\" class=\"biw-card__image\" style=\"object-position: 50% 50%;\">\t\t<\/figure>\n\t\t<div class=\"biw-card__content\">\n\t\t<h3 class=\"biw-card__title\">\n\t\t\t\t\t\t\t<a href=\"https:\/\/www.biworldwide.ca\/fr\/a-propos-de-nous\/nos-partenaires\/\" >\n\t\t\t\tNos partenaires\t\t\t\t<\/a>\n\t\t\t\t\t<\/h3>\n\t\t<div class=\"biw-card__text\">\n\n<p>Nos partenariats nous permettent d&rsquo;apporter les meilleures id\u00e9es et les solutions les plus solides pour r\u00e9soudre vos probl\u00e8mes. Nous avons d\u00e9velopp\u00e9 des relations afin de garantir que vous ayez acc\u00e8s aux recherches actuelles pour guider vos prises de d\u00e9cision et la conception de vos programmes. Ensuite, nos partenaires techniques assurent des int\u00e9grations fluides pour obtenir des r\u00e9sultats am\u00e9lior\u00e9s.<\/p>\n\n<\/div>\n\t<\/div>\n\t\t\t<span class=\"biw-card__cta\">En savoir plus<\/span>\n\t<\/div>\n\n<div class=\" has-dynamic-border-radius has-link has-image-size-cover has-image-radius-none is-style-default wp-block-biw-block-theme-biw-card\">\n\t\t\t<figure class=\"biw-card__image-wrapper \">\n\t\t\t<img decoding=\"async\" src=\"http:\/\/live-biw-main.pantheonsite.io\/wp-content\/uploads\/2025\/02\/HowWeHelp-GlobeInHands-1728x600px-1.jpg\" alt=\"A person extends their hands, cupping a luminous digital globe adorned with world map lines, embodying corporate social responsibility. The backdrop is abstract, featuring a serene blend of bokeh lights and geometric shapes in hues of orange and gray.\" class=\"biw-card__image\" style=\"object-position: 50% 50%;\">\t\t<\/figure>\n\t\t<div class=\"biw-card__content\">\n\t\t<h3 class=\"biw-card__title\">\n\t\t\t\t\t\t\t<a href=\"https:\/\/www.biworldwide.ca\/fr\/a-propos-de-nous\/responsabilite-sociale-des-entreprises\/\" >\n\t\t\t\tResponsabilit\u00e9 sociale de l&rsquo;entreprise\t\t\t\t<\/a>\n\t\t\t\t\t<\/h3>\n\t\t<div class=\"biw-card__text\">\n\n<p>Nos dirigeants, associ\u00e9s et partenaires commerciaux travaillent main dans la main pour faire progresser notre mission : inspirer les gens et obtenir des r\u00e9sultats, tout en \u00e9tant des gardiens consciencieux et responsables de nos communaut\u00e9s.<\/p>\n\n<\/div>\n\t<\/div>\n\t\t\t<span class=\"biw-card__cta\">En savoir plus<\/span>\n\t<\/div>\n\n<div class=\" has-dynamic-border-radius has-link has-image-size-cover has-image-radius-none is-style-default wp-block-biw-block-theme-biw-card\">\n\t\t\t<figure class=\"biw-card__image-wrapper \">\n\t\t\t<img decoding=\"async\" src=\"http:\/\/live-biw-main.pantheonsite.io\/wp-content\/uploads\/2025\/02\/Privacy-1300x732px.jpg\" alt=\"A person with curly hair, wearing a dark blazer, appears deep in thought while working on a laptop. The background shows out-of-focus, warm-toned lights, suggesting an evening or nighttime setting.\" class=\"biw-card__image\" style=\"object-position: 50% 50%;\">\t\t<\/figure>\n\t\t<div class=\"biw-card__content\">\n\t\t<h3 class=\"biw-card__title\">\n\t\t\t\t\t\t\t<a href=\"https:\/\/www.biworldwide.ca\/fr\/a-propos-de-nous\/carrieres\/\" >\n\t\t\t\tCarri\u00e8res\t\t\t\t<\/a>\n\t\t\t\t\t<\/h3>\n\t\t<div class=\"biw-card__text\">\n\n<p>Les associ\u00e9s de BI WORLDWIDE Canada profitent d&rsquo;une culture d&rsquo;entreprise accueillante, stimulante et passionnante. Nous sommes un leader mondial dans les incitations de ventes et l&rsquo;engagement des employ\u00e9s, des canaux et des clients. Nous sommes ce leader gr\u00e2ce \u00e0 nos associ\u00e9s.<\/p>\n\n<\/div>\n\t<\/div>\n\t\t\t<span class=\"biw-card__cta\">En savoir plus<\/span>\n\t<\/div><\/div>\n<\/div>\n<\/div>\n","protected":false},"excerpt":{"rendered":"<p>Nous travaillons avec des entreprises du monde entier qui savent que des r\u00e9sultats extraordinaires ne peuvent \u00eatre obtenus que lorsque leur entreprise s&rsquo;inspire des personnes qui la font avancer. Des employ\u00e9s inspir\u00e9s r\u00e9solvent les probl\u00e8mes et cr\u00e9ent de la valeur. Des commerciaux inspir\u00e9s prennent des risques et saisissent les opportunit\u00e9s. Et des partenaires de distribution [&hellip;]<\/p>\n","protected":false},"author":11,"featured_media":510,"parent":0,"menu_order":0,"comment_status":"closed","ping_status":"closed","template":"","meta":{"featured_image_focal_point":{"x":0.5,"y":0.5},"footnotes":""},"wf_page_folders":[],"class_list":["post-165","page","type-page","status-publish","has-post-thumbnail","hentry"],"yoast_head":"<!-- This site is optimized with the Yoast SEO plugin v26.2 - https:\/\/yoast.com\/wordpress\/plugins\/seo\/ -->\n<title>\u00c0 propos de nous - Canada (French)<\/title>\n<meta name=\"description\" content=\"Notre mission est de transformer l&#039;inspiration en r\u00e9sultats concrets pour nos clients. Nous comprenons comment attirer, engager et fid\u00e9liser\" \/>\n<meta name=\"robots\" content=\"index, follow, max-snippet:-1, max-image-preview:large, max-video-preview:-1\" \/>\n<link rel=\"canonical\" href=\"https:\/\/www.biworldwide.ca\/fr\/a-propos-de-nous\/\" \/>\n<meta property=\"og:locale\" content=\"fr_CA\" \/>\n<meta property=\"og:type\" content=\"article\" \/>\n<meta property=\"og:title\" content=\"\u00c0 propos de nous - Canada (French)\" \/>\n<meta property=\"og:description\" content=\"Notre mission est de transformer l&#039;inspiration en r\u00e9sultats concrets pour nos clients. Nous comprenons comment attirer, engager et fid\u00e9liser\" \/>\n<meta property=\"og:url\" content=\"https:\/\/www.biworldwide.ca\/fr\/a-propos-de-nous\/\" \/>\n<meta property=\"og:site_name\" content=\"Canada (French)\" \/>\n<meta property=\"article:modified_time\" content=\"2025-04-02T22:25:55+00:00\" \/>\n<meta property=\"og:image\" content=\"https:\/\/www.biworldwide.com\/wp-content\/uploads\/2025\/03\/AboutUs-HomePageFeature-1300x732px.jpg\" \/>\n\t<meta property=\"og:image:width\" content=\"1300\" \/>\n\t<meta property=\"og:image:height\" content=\"732\" \/>\n\t<meta property=\"og:image:type\" content=\"image\/jpeg\" \/>\n<meta name=\"twitter:card\" content=\"summary_large_image\" \/>\n<meta name=\"twitter:label1\" content=\"Est. reading time\" \/>\n\t<meta name=\"twitter:data1\" content=\"4 minutes\" \/>\n<script type=\"application\/ld+json\" class=\"yoast-schema-graph\">{\"@context\":\"https:\/\/schema.org\",\"@graph\":[{\"@type\":\"WebPage\",\"@id\":\"https:\/\/www.biworldwide.ca\/fr\/a-propos-de-nous\/\",\"url\":\"https:\/\/www.biworldwide.ca\/fr\/a-propos-de-nous\/\",\"name\":\"\u00c0 propos de nous - Canada (French)\",\"isPartOf\":{\"@id\":\"https:\/\/www.biworldwide.ca\/fr\/#website\"},\"primaryImageOfPage\":{\"@id\":\"https:\/\/www.biworldwide.ca\/fr\/a-propos-de-nous\/#primaryimage\"},\"image\":{\"@id\":\"https:\/\/www.biworldwide.ca\/fr\/a-propos-de-nous\/#primaryimage\"},\"thumbnailUrl\":\"https:\/\/www.biworldwide.com\/wp-content\/uploads\/2025\/03\/AboutUs-HomePageFeature-1300x732px.jpg\",\"datePublished\":\"2025-01-14T16:26:02+00:00\",\"dateModified\":\"2025-04-02T22:25:55+00:00\",\"description\":\"Notre mission est de transformer l'inspiration en r\u00e9sultats concrets pour nos clients. Nous comprenons comment attirer, engager et fid\u00e9liser\",\"breadcrumb\":{\"@id\":\"https:\/\/www.biworldwide.ca\/fr\/a-propos-de-nous\/#breadcrumb\"},\"inLanguage\":\"fr-CA\",\"potentialAction\":[{\"@type\":\"ReadAction\",\"target\":[\"https:\/\/www.biworldwide.ca\/fr\/a-propos-de-nous\/\"]}]},{\"@type\":\"ImageObject\",\"inLanguage\":\"fr-CA\",\"@id\":\"https:\/\/www.biworldwide.ca\/fr\/a-propos-de-nous\/#primaryimage\",\"url\":\"https:\/\/www.biworldwide.com\/wp-content\/uploads\/2025\/03\/AboutUs-HomePageFeature-1300x732px.jpg\",\"contentUrl\":\"https:\/\/www.biworldwide.com\/wp-content\/uploads\/2025\/03\/AboutUs-HomePageFeature-1300x732px.jpg\",\"caption\":\"Two hands shaking, surrounded by digital symbols like email icons, social media logos, and various abstract data elements, representing a connection or agreement in a technology-driven environment. The background is a vibrant, colorful blur.\"},{\"@type\":\"BreadcrumbList\",\"@id\":\"https:\/\/www.biworldwide.ca\/fr\/a-propos-de-nous\/#breadcrumb\",\"itemListElement\":[{\"@type\":\"ListItem\",\"position\":1,\"name\":\"Home\",\"item\":\"https:\/\/www.biworldwide.ca\/fr\/\"},{\"@type\":\"ListItem\",\"position\":2,\"name\":\"\u00c0 propos de nous\"}]},{\"@type\":\"WebSite\",\"@id\":\"https:\/\/www.biworldwide.ca\/fr\/#website\",\"url\":\"https:\/\/www.biworldwide.ca\/fr\/\",\"name\":\"Canada (French)\",\"description\":\"\",\"potentialAction\":[{\"@type\":\"SearchAction\",\"target\":{\"@type\":\"EntryPoint\",\"urlTemplate\":\"https:\/\/www.biworldwide.ca\/fr\/?s={search_term_string}\"},\"query-input\":{\"@type\":\"PropertyValueSpecification\",\"valueRequired\":true,\"valueName\":\"search_term_string\"}}],\"inLanguage\":\"fr-CA\"}]}<\/script>\n<!-- \/ Yoast SEO plugin. -->","yoast_head_json":{"title":"\u00c0 propos de nous - Canada (French)","description":"Notre mission est de transformer l'inspiration en r\u00e9sultats concrets pour nos clients. Nous comprenons comment attirer, engager et fid\u00e9liser","robots":{"index":"index","follow":"follow","max-snippet":"max-snippet:-1","max-image-preview":"max-image-preview:large","max-video-preview":"max-video-preview:-1"},"canonical":"https:\/\/www.biworldwide.ca\/fr\/a-propos-de-nous\/","og_locale":"fr_CA","og_type":"article","og_title":"\u00c0 propos de nous - Canada (French)","og_description":"Notre mission est de transformer l'inspiration en r\u00e9sultats concrets pour nos clients. Nous comprenons comment attirer, engager et fid\u00e9liser","og_url":"https:\/\/www.biworldwide.ca\/fr\/a-propos-de-nous\/","og_site_name":"Canada (French)","article_modified_time":"2025-04-02T22:25:55+00:00","og_image":[{"url":"https:\/\/www.biworldwide.com\/wp-content\/uploads\/2025\/03\/AboutUs-HomePageFeature-1300x732px.jpg","width":1300,"height":732,"type":"image\/jpeg"}],"twitter_card":"summary_large_image","twitter_misc":{"Est. reading time":"4 minutes"},"schema":{"@context":"https:\/\/schema.org","@graph":[{"@type":"WebPage","@id":"https:\/\/www.biworldwide.ca\/fr\/a-propos-de-nous\/","url":"https:\/\/www.biworldwide.ca\/fr\/a-propos-de-nous\/","name":"\u00c0 propos de nous - Canada (French)","isPartOf":{"@id":"https:\/\/www.biworldwide.ca\/fr\/#website"},"primaryImageOfPage":{"@id":"https:\/\/www.biworldwide.ca\/fr\/a-propos-de-nous\/#primaryimage"},"image":{"@id":"https:\/\/www.biworldwide.ca\/fr\/a-propos-de-nous\/#primaryimage"},"thumbnailUrl":"https:\/\/www.biworldwide.com\/wp-content\/uploads\/2025\/03\/AboutUs-HomePageFeature-1300x732px.jpg","datePublished":"2025-01-14T16:26:02+00:00","dateModified":"2025-04-02T22:25:55+00:00","description":"Notre mission est de transformer l'inspiration en r\u00e9sultats concrets pour nos clients. Nous comprenons comment attirer, engager et fid\u00e9liser","breadcrumb":{"@id":"https:\/\/www.biworldwide.ca\/fr\/a-propos-de-nous\/#breadcrumb"},"inLanguage":"fr-CA","potentialAction":[{"@type":"ReadAction","target":["https:\/\/www.biworldwide.ca\/fr\/a-propos-de-nous\/"]}]},{"@type":"ImageObject","inLanguage":"fr-CA","@id":"https:\/\/www.biworldwide.ca\/fr\/a-propos-de-nous\/#primaryimage","url":"https:\/\/www.biworldwide.com\/wp-content\/uploads\/2025\/03\/AboutUs-HomePageFeature-1300x732px.jpg","contentUrl":"https:\/\/www.biworldwide.com\/wp-content\/uploads\/2025\/03\/AboutUs-HomePageFeature-1300x732px.jpg","caption":"Two hands shaking, surrounded by digital symbols like email icons, social media logos, and various abstract data elements, representing a connection or agreement in a technology-driven environment. The background is a vibrant, colorful blur."},{"@type":"BreadcrumbList","@id":"https:\/\/www.biworldwide.ca\/fr\/a-propos-de-nous\/#breadcrumb","itemListElement":[{"@type":"ListItem","position":1,"name":"Home","item":"https:\/\/www.biworldwide.ca\/fr\/"},{"@type":"ListItem","position":2,"name":"\u00c0 propos de nous"}]},{"@type":"WebSite","@id":"https:\/\/www.biworldwide.ca\/fr\/#website","url":"https:\/\/www.biworldwide.ca\/fr\/","name":"Canada (French)","description":"","potentialAction":[{"@type":"SearchAction","target":{"@type":"EntryPoint","urlTemplate":"https:\/\/www.biworldwide.ca\/fr\/?s={search_term_string}"},"query-input":{"@type":"PropertyValueSpecification","valueRequired":true,"valueName":"search_term_string"}}],"inLanguage":"fr-CA"}]}},"_links":{"self":[{"href":"https:\/\/www.biworldwide.ca\/fr\/wp-json\/wp\/v2\/pages\/165","targetHints":{"allow":["GET"]}}],"collection":[{"href":"https:\/\/www.biworldwide.ca\/fr\/wp-json\/wp\/v2\/pages"}],"about":[{"href":"https:\/\/www.biworldwide.ca\/fr\/wp-json\/wp\/v2\/types\/page"}],"author":[{"embeddable":true,"href":"https:\/\/www.biworldwide.ca\/fr\/wp-json\/wp\/v2\/users\/11"}],"replies":[{"embeddable":true,"href":"https:\/\/www.biworldwide.ca\/fr\/wp-json\/wp\/v2\/comments?post=165"}],"version-history":[{"count":18,"href":"https:\/\/www.biworldwide.ca\/fr\/wp-json\/wp\/v2\/pages\/165\/revisions"}],"predecessor-version":[{"id":2180,"href":"https:\/\/www.biworldwide.ca\/fr\/wp-json\/wp\/v2\/pages\/165\/revisions\/2180"}],"wp:featuredmedia":[{"embeddable":true,"href":"https:\/\/www.biworldwide.ca\/fr\/wp-json\/wp\/v2\/media\/510"}],"wp:attachment":[{"href":"https:\/\/www.biworldwide.ca\/fr\/wp-json\/wp\/v2\/media?parent=165"}],"wp:term":[{"taxonomy":"wf_page_folders","embeddable":true,"href":"https:\/\/www.biworldwide.ca\/fr\/wp-json\/wp\/v2\/wf_page_folders?post=165"}],"curies":[{"name":"wp","href":"https:\/\/api.w.org\/{rel}","templated":true}]}}