{"id":163,"date":"2025-01-14T16:25:49","date_gmt":"2025-01-14T16:25:49","guid":{"rendered":"https:\/\/live-biw-main.pantheonsite.io\/?page_id=163"},"modified":"2025-04-14T10:16:52","modified_gmt":"2025-04-14T17:16:52","slug":"technologie","status":"publish","type":"page","link":"https:\/\/www.biworldwide.ca\/fr\/a-qui-nous-servons\/technologie\/","title":{"rendered":"Industrie de la technologie"},"content":{"rendered":"<div class=\" has-content-align-left has-overlay has-overlay--dark alignfull wp-block-biw-block-theme-hero\">\n\t<div class=\"biw-hero__grid\">\n\t\t\t\t\t<div class=\"biw-hero__breadcrumbs\">\n\t\t\t\t<div id=\"breadcrumbs\" class=\"breadcrumb-nav__wrapper\"><span class=\"breadcrumb-nav\"><span><a href=\"https:\/\/www.biworldwide.ca\/fr\/\">Home<\/a><\/span><\/span><\/div>\t\t\t<\/div>\n\t\t\n\t\t\t\t\t<div class=\"biw-hero__media \">\n\t\t\t\t\t\t\t\t\t<div class=\"biw-hero__overlay overlay-dark\"><\/div>\n\t\t\t\t\t\t\t\t<img decoding=\"async\" src=\"http:\/\/live-biw-main.pantheonsite.io\/wp-content\/uploads\/2025\/03\/BIW_Site_Hero_Technology-1-scaled.jpg\" alt=\"A person works intently on a laptop, surrounded by colorful bokeh lights in a dark setting. The atmosphere is vibrant, with blues, reds, and occasional star-like sparkles adding a dynamic, futuristic touch to the scene.\" class=\"biw-hero__bg-image\" style=\"object-position: 50% 50%;\">\t\t\t<\/div>\n\t\t\t\t<div class=\"biw-hero__content\">\n\t\t\t\t\t\t<h1 class=\"biw-hero__title\" style=\"line-height: 1.2\">\n\t\t\t\tIndustrie de la technologie\t\t\t<\/h1>\n\t\t\t\t\t\t\t<h2 class=\"biw-hero__subtitle\">\n\t\t\t\t\t\u00c0 la fine pointe de l&rsquo;\u00e9conomie comportementale.\t\t\t\t<\/h2>\n\t\t\t\t\t\t\t\t\t\t<div class=\"biw-hero__text\">\n\t\t\t\t\t\n\n<p>Fiable pour les grandes entreprises technologiques afin d&rsquo;am\u00e9liorer leurs r\u00e9sultats commerciaux en attirant, inspirant et fid\u00e9lisant une main-d&rsquo;\u0153uvre performante ; en augmentant l&rsquo;efficacit\u00e9 de la force de vente ; en renfor\u00e7ant la loyaut\u00e9 des partenaires ; et en dynamisant les publics des \u00e9v\u00e9nements.<\/p>\n\n\t\t\t\t<\/div>\n\t\t\t\t\t\t\t\t<\/div>\n\t<\/div>\n<\/div>\n\n\n\n<div class=\"wp-block-group  layout-columns-8 has-global-padding is-layout-constrained wp-container-core-group-is-layout-fce79bf6 wp-block-group-is-layout-constrained\">\n<p class=\"has-xl-font-size\"><strong><a href=\"https:\/\/www.biworldwide.ca\/fr\/problemes-que-nous-resolvons\/engagement-des-employes\/\">Engager les employ\u00e9s<\/a><\/strong><\/p>\n\n\n\n<p>Nous vous aidons \u00e0 attirer, inspirer et fid\u00e9liser une main-d&rsquo;\u0153uvre performante en :<\/p>\n\n\n\n<ul class=\"wp-block-list\">\n<li class=\"has-large-font-size\">Renforcer votre culture<\/li>\n\n\n\n<li class=\"has-large-font-size\">Connecter les employ\u00e9s \u00e0 votre culture et \u00e0 votre mission<\/li>\n\n\n\n<li class=\"has-large-font-size\">Am\u00e9liorer l&rsquo;exp\u00e9rience employ\u00e9<\/li>\n\n\n\n<li class=\"has-large-font-size\">Faire en sorte que les employ\u00e9s se sentent valoris\u00e9s pour leurs contributions<\/li>\n\n\n\n<li class=\"has-large-font-size\">Augmenter le sentiment d&rsquo;appartenance des employ\u00e9s<\/li>\n<\/ul>\n\n\n\n<figure class=\"wp-block-image size-large\"><img decoding=\"async\" src=\"http:\/\/live-biw-main.pantheonsite.io\/wp-content\/uploads\/2025\/02\/Employee-engagement-WomanReceivingApplause-1300x732px-1024x577.jpg\" alt=\"A smiling woman with curly hair sits at a table, looking up. She is surrounded by several people clapping, all wearing business attire. A laptop is visible in front of her. The atmosphere appears celebratory and supportive.\" class=\"wp-image-2254\" \/><\/figure>\n<\/div>\n\n\n\n<div class=\"wp-block-group  layout-columns-8 has-global-padding is-layout-constrained wp-container-core-group-is-layout-fce79bf6 wp-block-group-is-layout-constrained\">\n<p class=\"has-xl-font-size\"><strong><a href=\"https:\/\/www.biworldwide.ca\/fr\/problemes-que-nous-resolvons\/motivation-de-lequipe-de-vente\/\">Motiver les vendeurs<\/a><\/strong><\/p>\n\n\n\n<p>Nous aidons nos clients \u00e0 augmenter leurs ventes et \u00e0 am\u00e9liorer leur rentabilit\u00e9 en stimulant l&rsquo;engagement et l&rsquo;efficacit\u00e9 de leur force de vente. Nous comprenons que chaque situation est diff\u00e9rente et qu&rsquo;il n&rsquo;existe pas de solution universelle. Nous appliquons les principes de l&rsquo;\u00e9conomie comportementale pour concevoir des solutions innovantes qui influencent le comportement et les performances des vendeurs en :<\/p>\n\n\n\n<ul class=\"wp-block-list\">\n<li class=\"has-large-font-size\">Renforcer la sensibilisation, l&rsquo;engagement \u00e9motionnel et la concentration de votre force de vente sur l&rsquo;atteinte des objectifs<\/li>\n\n\n\n<li class=\"has-large-font-size\">Favoriser les outils et les activit\u00e9s \u00e0 forte valeur ajout\u00e9e pour la vente<\/li>\n\n\n\n<li class=\"has-large-font-size\">Augmenter les connaissances, les comp\u00e9tences et la capacit\u00e9 de votre force de vente \u00e0 pr\u00e9senter votre proposition de valeur et \u00e0 vendre vos solutions<\/li>\n\n\n\n<li class=\"has-large-font-size\">Inspirer, reconna\u00eetre et r\u00e9compenser l&rsquo;atteinte des objectifs de vente et l&rsquo;am\u00e9lioration incr\u00e9mentielle des ventes \u00e0 tous les niveaux de performance<\/li>\n\n\n\n<li class=\"has-large-font-size\">Optimiser votre investissement dans les incitatifs et la reconnaissance des ventes<\/li>\n<\/ul>\n\n\n\n<figure class=\"wp-block-image size-large\"><img decoding=\"async\" src=\"http:\/\/live-biw-main.pantheonsite.io\/wp-content\/uploads\/2025\/02\/Sales-team-motivation-1300x732px-1024x577.jpg\" alt=\"Blurry image of a speaker in a suit onstage, holding a microphone, addressing an audience. The room is dimly lit, with attendees mostly out of focus, suggesting a conference or presentation setting.\" class=\"wp-image-2275\" \/><\/figure>\n<\/div>\n\n\n\n<div class=\"wp-block-group  layout-columns-8 has-global-padding is-layout-constrained wp-container-core-group-is-layout-fce79bf6 wp-block-group-is-layout-constrained\">\n<p class=\"has-xl-font-size\"><strong><a href=\"https:\/\/www.biworldwide.ca\/fr\/problemes-que-nous-resolvons\/engagement-des-canaux\/\">Renforcer la fid\u00e9lit\u00e9 des partenaire<\/a><\/strong><\/p>\n\n\n\n<p>Nous vous aidons \u00e0 \u00e9tablir des relations solides et durables avec les distributeurs, les revendeurs et les fournisseurs de solutions en renfor\u00e7ant leur engagement, leurs ventes et leur fid\u00e9lit\u00e9. Qu&rsquo;il s&rsquo;agisse d&rsquo;une analyse de segmentation des partenaires, d&rsquo;incitations traditionnelles aux ventes, de solutions d&rsquo;apprentissage ou d&rsquo;une combinaison apprentissage-et-gain, nous cr\u00e9ons des opportunit\u00e9s pour que vos partenaires de canal communiquent efficacement la proposition de valeur de votre entreprise et maintiennent votre entreprise en t\u00eate des pr\u00e9occupations en :<\/p>\n\n\n\n<ul class=\"wp-block-list\">\n<li class=\"has-large-font-size\">Analyser et segmenter les performances des partenaires de canal<\/li>\n\n\n\n<li class=\"has-large-font-size\">Identifier des initiatives pour stimuler la croissance et la rentabilit\u00e9 qui maximiseront le retour sur investissement de votre marketing de canal<\/li>\n\n\n\n<li class=\"has-large-font-size\">Obtenir l&rsquo;adh\u00e9sion des partenaires de canal et maintenir votre entreprise en t\u00eate de leurs priorit\u00e9s<\/li>\n\n\n\n<li class=\"has-large-font-size\">Favoriser les outils et les activit\u00e9s \u00e0 forte valeur ajout\u00e9e pour les ventes de canal<\/li>\n\n\n\n<li class=\"has-large-font-size\">Accro\u00eetre les connaissances, les comp\u00e9tences et la capacit\u00e9 des partenaires de canal \u00e0 pr\u00e9senter votre proposition de valeur et \u00e0 vendre vos solutions<\/li>\n\n\n\n<li class=\"has-large-font-size\">Inspirer, reconna\u00eetre et r\u00e9compenser la croissance des ventes de canal dans tous les segments et\/ou niveaux des partenaires de canal<\/li>\n<\/ul>\n\n\n\n<figure class=\"wp-block-image size-large\"><img decoding=\"async\" src=\"http:\/\/live-biw-main.pantheonsite.io\/wp-content\/uploads\/2025\/02\/Channel-sales-LoadingDock-1300x732px-1024x577.jpg\" alt=\"Aerial view of four parked trucks in a row, one being orange and the others white. They are aligned diagonally on a marked gray asphalt surface.\" class=\"wp-image-2246\" \/><\/figure>\n<\/div>\n\n\n\n<div class=\"wp-block-group  layout-columns-8 has-global-padding is-layout-constrained wp-container-core-group-is-layout-fce79bf6 wp-block-group-is-layout-constrained\">\n<p class=\"has-xl-font-size\"><strong><a href=\"https:\/\/www.biworldwide.ca\/fr\/comment-nous-aidons\/reunions-et-evenements\/\">Dynamiser les publics des \u00e9v\u00e9nements<\/a><\/strong><\/p>\n\n\n\n<p>Nous vous aidons \u00e0 concevoir et \u00e0 organiser des \u00e9v\u00e9nements de classe mondiale qui dynamiseront et inspireront votre public en :<\/p>\n\n\n\n<ul class=\"wp-block-list\">\n<li class=\"has-large-font-size\">Apporter des id\u00e9es, des r\u00e9flexions et des solutions novatrices pour am\u00e9liorer l&rsquo;exp\u00e9rience globale<\/li>\n\n\n\n<li class=\"has-large-font-size\">Fournir une approche holistique et centr\u00e9e sur le public &#8211; allant au-del\u00e0 de la cr\u00e9ativit\u00e9, de la production et de la logistique &#8211; pour inspirer les audiences et maximiser l&rsquo;impact de chaque \u00e9v\u00e9nement<\/li>\n\n\n\n<li class=\"has-large-font-size\">Proposer une solution tout-en-un qui simplifie les exigences de planification, de coordination et de r\u00e9alisation d&rsquo;\u00e9v\u00e9nements de classe mondiale<\/li>\n\n\n\n<li class=\"has-large-font-size\">Exploiter notre vaste empreinte mondiale, nos ressources et notre expertise des march\u00e9s locaux pour organiser des \u00e9v\u00e9nements globaux qui r\u00e9pondent aux besoins uniques de chaque march\u00e9<\/li>\n<\/ul>\n\n\n\n<figure class=\"wp-block-image size-large\"><img decoding=\"async\" src=\"http:\/\/live-biw-main.pantheonsite.io\/wp-content\/uploads\/2025\/02\/Meetings-and-events-1300x732px-1024x577.jpg\" alt=\"A person wearing headphones operates a camera in a studio with bright stage lights in the background. The scene is predominantly blue with a translucent orange overlay on the right side. The background shows out-of-focus illuminated screens.\" class=\"wp-image-2265\" \/><\/figure>\n<\/div>\n\n\n\n<div class=\"wp-block-group alignfull has-global-padding is-layout-constrained wp-container-core-group-is-layout-e04489b5 wp-block-group-is-layout-constrained\">\n<div class=\"wp-block-group  layout-columns-8 has-global-padding is-layout-constrained wp-container-core-group-is-layout-fce79bf6 wp-block-group-is-layout-constrained\">\n<h2 class=\"wp-block-heading has-text-align-center\">Les chiffres racontent une histoire.<\/h2>\n<\/div>\n\n\n\n<div class=\"wp-block-group  layout-columns-10 has-global-padding is-layout-constrained wp-container-core-group-is-layout-0b5f5b40 wp-block-group-is-layout-constrained\">\n<div class=\"wp-block-group has-text-align-center is-layout-grid wp-container-core-group-is-layout-ef442fb0 wp-block-group-is-layout-grid\">\n<div class=\"wp-block-group is-vertical is-content-justification-center is-layout-flex wp-container-core-group-is-layout-81423f52 wp-block-group-is-layout-flex\">\n<h3 class=\"wp-block-heading has-impact-font-size  has-text-wrap-no-wrap  has-gradient-fill has-gradient-fill-purple\">24<\/h3>\n\n\n\n<p class=\"has-text-align-center has-large-font-size  has-text-wrap-balance\">des plus grandes entreprises technologiques mondiales nous font confiance<\/p>\n<\/div>\n\n\n\n<div class=\"wp-block-group is-vertical is-content-justification-center is-layout-flex wp-container-core-group-is-layout-81423f52 wp-block-group-is-layout-flex\">\n<h3 class=\"wp-block-heading has-impact-font-size  has-text-wrap-no-wrap  has-gradient-fill has-gradient-fill-purple\">550k<\/h3>\n\n\n\n<p class=\"has-text-align-center has-large-font-size  has-text-wrap-balance\">participants aux programmes<\/p>\n<\/div>\n\n\n\n<div class=\"wp-block-group is-vertical is-content-justification-center is-layout-flex wp-container-core-group-is-layout-81423f52 wp-block-group-is-layout-flex\">\n<h3 class=\"wp-block-heading has-impact-font-size  has-text-wrap-no-wrap  has-gradient-fill has-gradient-fill-purple\">10:1<\/h3>\n\n\n\n<p class=\"has-text-align-center has-large-font-size  has-text-wrap-balance\">ou un retour sur investissement (ROI) sup\u00e9rieur pour les incitations aux ventes<\/p>\n<\/div>\n<\/div>\n<\/div>\n<\/div>\n","protected":false},"excerpt":{"rendered":"<p>Engager les employ\u00e9s Nous vous aidons \u00e0 attirer, inspirer et fid\u00e9liser une main-d&rsquo;\u0153uvre performante en : Motiver les vendeurs Nous aidons nos clients \u00e0 augmenter leurs ventes et \u00e0 am\u00e9liorer leur rentabilit\u00e9 en stimulant l&rsquo;engagement et l&rsquo;efficacit\u00e9 de leur force de vente. Nous comprenons que chaque situation est diff\u00e9rente et qu&rsquo;il n&rsquo;existe pas de solution [&hellip;]<\/p>\n","protected":false},"author":11,"featured_media":820,"parent":140,"menu_order":0,"comment_status":"closed","ping_status":"closed","template":"","meta":{"featured_image_focal_point":{"x":0.79,"y":0.21},"footnotes":""},"wf_page_folders":[],"class_list":["post-163","page","type-page","status-publish","has-post-thumbnail","hentry"],"yoast_head":"<!-- This site is optimized with the Yoast SEO plugin v26.2 - https:\/\/yoast.com\/wordpress\/plugins\/seo\/ -->\n<title>Industrie de la technologie - Canada (French)<\/title>\n<meta name=\"description\" content=\"Nous aidons les organisations technologiques \u00e0 d\u00e9velopper une culture, \u00e0 attirer, inspirer et fid\u00e9liser une main-d&#039;\u0153uvre performante, et \u00e0\" \/>\n<meta name=\"robots\" content=\"index, follow, max-snippet:-1, max-image-preview:large, max-video-preview:-1\" \/>\n<link rel=\"canonical\" href=\"https:\/\/www.biworldwide.ca\/fr\/a-qui-nous-servons\/technologie\/\" \/>\n<meta property=\"og:locale\" content=\"fr_CA\" \/>\n<meta property=\"og:type\" content=\"article\" \/>\n<meta property=\"og:title\" content=\"Industrie de la technologie - Canada (French)\" \/>\n<meta property=\"og:description\" content=\"Nous aidons les organisations technologiques \u00e0 d\u00e9velopper une culture, \u00e0 attirer, inspirer et fid\u00e9liser une main-d&#039;\u0153uvre performante, et \u00e0\" \/>\n<meta property=\"og:url\" content=\"https:\/\/www.biworldwide.ca\/fr\/a-qui-nous-servons\/technologie\/\" \/>\n<meta property=\"og:site_name\" content=\"Canada (French)\" \/>\n<meta property=\"article:modified_time\" content=\"2025-04-14T17:16:52+00:00\" \/>\n<meta property=\"og:image\" content=\"https:\/\/www.biworldwide.com\/wp-content\/uploads\/2025\/03\/BIW_Site_Hero_Technology-1-scaled.jpg\" \/>\n\t<meta property=\"og:image:width\" content=\"2560\" \/>\n\t<meta property=\"og:image:height\" content=\"889\" \/>\n\t<meta property=\"og:image:type\" content=\"image\/jpeg\" \/>\n<meta name=\"twitter:card\" content=\"summary_large_image\" \/>\n<meta name=\"twitter:label1\" content=\"Est. reading time\" \/>\n\t<meta name=\"twitter:data1\" content=\"4 minutes\" \/>\n<script type=\"application\/ld+json\" class=\"yoast-schema-graph\">{\"@context\":\"https:\/\/schema.org\",\"@graph\":[{\"@type\":\"WebPage\",\"@id\":\"https:\/\/www.biworldwide.ca\/fr\/a-qui-nous-servons\/technologie\/\",\"url\":\"https:\/\/www.biworldwide.ca\/fr\/a-qui-nous-servons\/technologie\/\",\"name\":\"Industrie de la technologie - Canada (French)\",\"isPartOf\":{\"@id\":\"https:\/\/www.biworldwide.ca\/fr\/#website\"},\"primaryImageOfPage\":{\"@id\":\"https:\/\/www.biworldwide.ca\/fr\/a-qui-nous-servons\/technologie\/#primaryimage\"},\"image\":{\"@id\":\"https:\/\/www.biworldwide.ca\/fr\/a-qui-nous-servons\/technologie\/#primaryimage\"},\"thumbnailUrl\":\"https:\/\/www.biworldwide.com\/wp-content\/uploads\/2025\/03\/BIW_Site_Hero_Technology-1-scaled.jpg\",\"datePublished\":\"2025-01-14T16:25:49+00:00\",\"dateModified\":\"2025-04-14T17:16:52+00:00\",\"description\":\"Nous aidons les organisations technologiques \u00e0 d\u00e9velopper une culture, \u00e0 attirer, inspirer et fid\u00e9liser une main-d'\u0153uvre performante, et \u00e0\",\"breadcrumb\":{\"@id\":\"https:\/\/www.biworldwide.ca\/fr\/a-qui-nous-servons\/technologie\/#breadcrumb\"},\"inLanguage\":\"fr-CA\",\"potentialAction\":[{\"@type\":\"ReadAction\",\"target\":[\"https:\/\/www.biworldwide.ca\/fr\/a-qui-nous-servons\/technologie\/\"]}]},{\"@type\":\"ImageObject\",\"inLanguage\":\"fr-CA\",\"@id\":\"https:\/\/www.biworldwide.ca\/fr\/a-qui-nous-servons\/technologie\/#primaryimage\",\"url\":\"https:\/\/www.biworldwide.com\/wp-content\/uploads\/2025\/03\/BIW_Site_Hero_Technology-1-scaled.jpg\",\"contentUrl\":\"https:\/\/www.biworldwide.com\/wp-content\/uploads\/2025\/03\/BIW_Site_Hero_Technology-1-scaled.jpg\",\"caption\":\"A person works intently on a laptop, surrounded by colorful bokeh lights in a dark setting. The atmosphere is vibrant, with blues, reds, and occasional star-like sparkles adding a dynamic, futuristic touch to the scene.\"},{\"@type\":\"BreadcrumbList\",\"@id\":\"https:\/\/www.biworldwide.ca\/fr\/a-qui-nous-servons\/technologie\/#breadcrumb\",\"itemListElement\":[{\"@type\":\"ListItem\",\"position\":1,\"name\":\"Home\",\"item\":\"https:\/\/www.biworldwide.ca\/fr\/\"},{\"@type\":\"ListItem\",\"position\":2,\"name\":\"\u00c0 qui nous servons\",\"item\":\"https:\/\/www.biworldwide.ca\/fr\/a-qui-nous-servons\/\"},{\"@type\":\"ListItem\",\"position\":3,\"name\":\"Industrie de la technologie\"}]},{\"@type\":\"WebSite\",\"@id\":\"https:\/\/www.biworldwide.ca\/fr\/#website\",\"url\":\"https:\/\/www.biworldwide.ca\/fr\/\",\"name\":\"Canada (French)\",\"description\":\"\",\"potentialAction\":[{\"@type\":\"SearchAction\",\"target\":{\"@type\":\"EntryPoint\",\"urlTemplate\":\"https:\/\/www.biworldwide.ca\/fr\/?s={search_term_string}\"},\"query-input\":{\"@type\":\"PropertyValueSpecification\",\"valueRequired\":true,\"valueName\":\"search_term_string\"}}],\"inLanguage\":\"fr-CA\"}]}<\/script>\n<!-- \/ Yoast SEO plugin. -->","yoast_head_json":{"title":"Industrie de la technologie - Canada (French)","description":"Nous aidons les organisations technologiques \u00e0 d\u00e9velopper une culture, \u00e0 attirer, inspirer et fid\u00e9liser une main-d'\u0153uvre performante, et \u00e0","robots":{"index":"index","follow":"follow","max-snippet":"max-snippet:-1","max-image-preview":"max-image-preview:large","max-video-preview":"max-video-preview:-1"},"canonical":"https:\/\/www.biworldwide.ca\/fr\/a-qui-nous-servons\/technologie\/","og_locale":"fr_CA","og_type":"article","og_title":"Industrie de la technologie - Canada (French)","og_description":"Nous aidons les organisations technologiques \u00e0 d\u00e9velopper une culture, \u00e0 attirer, inspirer et fid\u00e9liser une main-d'\u0153uvre performante, et \u00e0","og_url":"https:\/\/www.biworldwide.ca\/fr\/a-qui-nous-servons\/technologie\/","og_site_name":"Canada (French)","article_modified_time":"2025-04-14T17:16:52+00:00","og_image":[{"url":"https:\/\/www.biworldwide.com\/wp-content\/uploads\/2025\/03\/BIW_Site_Hero_Technology-1-scaled.jpg","width":2560,"height":889,"type":"image\/jpeg"}],"twitter_card":"summary_large_image","twitter_misc":{"Est. reading time":"4 minutes"},"schema":{"@context":"https:\/\/schema.org","@graph":[{"@type":"WebPage","@id":"https:\/\/www.biworldwide.ca\/fr\/a-qui-nous-servons\/technologie\/","url":"https:\/\/www.biworldwide.ca\/fr\/a-qui-nous-servons\/technologie\/","name":"Industrie de la technologie - Canada (French)","isPartOf":{"@id":"https:\/\/www.biworldwide.ca\/fr\/#website"},"primaryImageOfPage":{"@id":"https:\/\/www.biworldwide.ca\/fr\/a-qui-nous-servons\/technologie\/#primaryimage"},"image":{"@id":"https:\/\/www.biworldwide.ca\/fr\/a-qui-nous-servons\/technologie\/#primaryimage"},"thumbnailUrl":"https:\/\/www.biworldwide.com\/wp-content\/uploads\/2025\/03\/BIW_Site_Hero_Technology-1-scaled.jpg","datePublished":"2025-01-14T16:25:49+00:00","dateModified":"2025-04-14T17:16:52+00:00","description":"Nous aidons les organisations technologiques \u00e0 d\u00e9velopper une culture, \u00e0 attirer, inspirer et fid\u00e9liser une main-d'\u0153uvre performante, et \u00e0","breadcrumb":{"@id":"https:\/\/www.biworldwide.ca\/fr\/a-qui-nous-servons\/technologie\/#breadcrumb"},"inLanguage":"fr-CA","potentialAction":[{"@type":"ReadAction","target":["https:\/\/www.biworldwide.ca\/fr\/a-qui-nous-servons\/technologie\/"]}]},{"@type":"ImageObject","inLanguage":"fr-CA","@id":"https:\/\/www.biworldwide.ca\/fr\/a-qui-nous-servons\/technologie\/#primaryimage","url":"https:\/\/www.biworldwide.com\/wp-content\/uploads\/2025\/03\/BIW_Site_Hero_Technology-1-scaled.jpg","contentUrl":"https:\/\/www.biworldwide.com\/wp-content\/uploads\/2025\/03\/BIW_Site_Hero_Technology-1-scaled.jpg","caption":"A person works intently on a laptop, surrounded by colorful bokeh lights in a dark setting. The atmosphere is vibrant, with blues, reds, and occasional star-like sparkles adding a dynamic, futuristic touch to the scene."},{"@type":"BreadcrumbList","@id":"https:\/\/www.biworldwide.ca\/fr\/a-qui-nous-servons\/technologie\/#breadcrumb","itemListElement":[{"@type":"ListItem","position":1,"name":"Home","item":"https:\/\/www.biworldwide.ca\/fr\/"},{"@type":"ListItem","position":2,"name":"\u00c0 qui nous servons","item":"https:\/\/www.biworldwide.ca\/fr\/a-qui-nous-servons\/"},{"@type":"ListItem","position":3,"name":"Industrie de la technologie"}]},{"@type":"WebSite","@id":"https:\/\/www.biworldwide.ca\/fr\/#website","url":"https:\/\/www.biworldwide.ca\/fr\/","name":"Canada (French)","description":"","potentialAction":[{"@type":"SearchAction","target":{"@type":"EntryPoint","urlTemplate":"https:\/\/www.biworldwide.ca\/fr\/?s={search_term_string}"},"query-input":{"@type":"PropertyValueSpecification","valueRequired":true,"valueName":"search_term_string"}}],"inLanguage":"fr-CA"}]}},"_links":{"self":[{"href":"https:\/\/www.biworldwide.ca\/fr\/wp-json\/wp\/v2\/pages\/163","targetHints":{"allow":["GET"]}}],"collection":[{"href":"https:\/\/www.biworldwide.ca\/fr\/wp-json\/wp\/v2\/pages"}],"about":[{"href":"https:\/\/www.biworldwide.ca\/fr\/wp-json\/wp\/v2\/types\/page"}],"author":[{"embeddable":true,"href":"https:\/\/www.biworldwide.ca\/fr\/wp-json\/wp\/v2\/users\/11"}],"replies":[{"embeddable":true,"href":"https:\/\/www.biworldwide.ca\/fr\/wp-json\/wp\/v2\/comments?post=163"}],"version-history":[{"count":11,"href":"https:\/\/www.biworldwide.ca\/fr\/wp-json\/wp\/v2\/pages\/163\/revisions"}],"predecessor-version":[{"id":2476,"href":"https:\/\/www.biworldwide.ca\/fr\/wp-json\/wp\/v2\/pages\/163\/revisions\/2476"}],"up":[{"embeddable":true,"href":"https:\/\/www.biworldwide.ca\/fr\/wp-json\/wp\/v2\/pages\/140"}],"wp:featuredmedia":[{"embeddable":true,"href":"https:\/\/www.biworldwide.ca\/fr\/wp-json\/wp\/v2\/media\/820"}],"wp:attachment":[{"href":"https:\/\/www.biworldwide.ca\/fr\/wp-json\/wp\/v2\/media?parent=163"}],"wp:term":[{"taxonomy":"wf_page_folders","embeddable":true,"href":"https:\/\/www.biworldwide.ca\/fr\/wp-json\/wp\/v2\/wf_page_folders?post=163"}],"curies":[{"name":"wp","href":"https:\/\/api.w.org\/{rel}","templated":true}]}}