{"id":161,"date":"2025-01-14T16:25:30","date_gmt":"2025-01-14T16:25:30","guid":{"rendered":"https:\/\/live-biw-main.pantheonsite.io\/?page_id=161"},"modified":"2025-04-14T10:29:51","modified_gmt":"2025-04-14T17:29:51","slug":"commerce-de-detail","status":"publish","type":"page","link":"https:\/\/www.biworldwide.ca\/fr\/a-qui-nous-servons\/commerce-de-detail\/","title":{"rendered":"Industrie du commerce de d\u00e9tail"},"content":{"rendered":"<div class=\" has-content-align-left has-overlay has-overlay--dark alignfull wp-block-biw-block-theme-hero\">\n\t<div class=\"biw-hero__grid\">\n\t\t\t\t\t<div class=\"biw-hero__breadcrumbs\">\n\t\t\t\t<div id=\"breadcrumbs\" class=\"breadcrumb-nav__wrapper\"><span class=\"breadcrumb-nav\"><span><a href=\"https:\/\/www.biworldwide.ca\/fr\/\">Home<\/a><\/span><\/span><\/div>\t\t\t<\/div>\n\t\t\n\t\t\t\t\t<div class=\"biw-hero__media \">\n\t\t\t\t\t\t\t\t\t<div class=\"biw-hero__overlay overlay-dark\"><\/div>\n\t\t\t\t\t\t\t\t<img decoding=\"async\" src=\"http:\/\/live-biw-main.pantheonsite.io\/wp-content\/uploads\/2025\/02\/Retail-1728x600px.jpg\" alt=\"A person is swiping a credit card through a payment terminal on a glossy surface. Another hand is visible, poised to receive the card. The background is blurred with a mix of white and purple areas.\" class=\"biw-hero__bg-image\" style=\"object-position: 50% 50%;\">\t\t\t<\/div>\n\t\t\t\t<div class=\"biw-hero__content\">\n\t\t\t\t\t\t<h1 class=\"biw-hero__title\" style=\"line-height: 1.2\">\n\t\t\t\tIndustrie du commerce de d\u00e9tail\t\t\t<\/h1>\n\t\t\t\t\t\t\t<h2 class=\"biw-hero__subtitle\">\n\t\t\t\t\tDu commerce physique au d\u00e9veloppement num\u00e9rique.\t\t\t\t<\/h2>\n\t\t\t\t\t\t\t\t\t\t<div class=\"biw-hero__text\">\n\t\t\t\t\t\n\n<p>Nous sommes des experts en changement de comportement avec des r\u00e9sultats \u00e9prouv\u00e9s pour aider les d\u00e9taillants \u00e0 \u00e9largir leur client\u00e8le omnicanal et \u00e0 inspirer leurs employ\u00e9s dans toute l\u2019organisation.<\/p>\n\n\t\t\t\t<\/div>\n\t\t\t\t\t\t\t\t<\/div>\n\t<\/div>\n<\/div>\n\n\n\n<div class=\"wp-block-group alignfull  has-background-angle-to-right bg-angle-action  layout-columns-8 has-global-padding is-layout-constrained wp-container-core-group-is-layout-e142e3cd wp-block-group-is-layout-constrained\">\n<div class=\"wp-block-group  layout-columns-8 has-global-padding is-layout-constrained wp-container-core-group-is-layout-ee362a79 wp-block-group-is-layout-constrained\">\n<h2 class=\"wp-block-heading has-text-align-center  has-text-wrap-pretty\">Du premier jour \u00e0 chaque jour.<\/h2>\n<\/div>\n\n\n\n<div class=\"wp-block-group has-global-padding is-layout-constrained wp-block-group-is-layout-constrained\">\n<div class=\"wp-block-group is-layout-grid wp-container-core-group-is-layout-c765d3c1 wp-block-group-is-layout-grid\"><div class=\" has-image-size-cover has-image-radius-none is-style-image-left wp-block-biw-block-theme-biw-card\">\n\t\t\t<figure class=\"biw-card__image-wrapper \">\n\t\t\t<img decoding=\"async\" src=\"http:\/\/live-biw-main.pantheonsite.io\/wp-content\/uploads\/2025\/03\/01-Brand-RetailConnect.svg\" alt=\"\" class=\"biw-card__image\" style=\"object-position: 50% 50%;\">\t\t<\/figure>\n\t\t<div class=\"biw-card__content\">\n\t\t<h3 class=\"biw-card__title\">\n\t\t\t\t\t\t\tRetail Connect\t\t\t\t\t<\/h3>\n\t\t<div class=\"biw-card__text\">\n\n<p>Augmentez les ventes et la fid\u00e9lit\u00e9 \u00e0 votre marque en donnant aux associ\u00e9s de vente au d\u00e9tail la confiance et l&rsquo;enthousiasme n\u00e9cessaires pour devenir des vendeurs performants. Avec Retail Connect, les marques peuvent \u00ab\u00a0gagner les 4 derniers pieds\u00a0\u00bb gr\u00e2ce \u00e0 une solution engageante et amusante qui combine des parcours d\u2019apprentissage personnalis\u00e9s, la gamification, une communication fluide et des informations exploitables. Stimulez les indicateurs de performance cl\u00e9s (KPIs) du commerce de d\u00e9tail et am\u00e9liorez les performances de votre marque au point de vente.<\/p>\n\n<\/div>\n\t<\/div>\n\t<\/div>\n\n<div class=\" has-image-size-cover has-image-radius-none is-style-image-left wp-block-biw-block-theme-biw-card\">\n\t\t\t<figure class=\"biw-card__image-wrapper \">\n\t\t\t<img decoding=\"async\" src=\"http:\/\/live-biw-main.pantheonsite.io\/wp-content\/uploads\/2025\/03\/02-Brand-Learning.svg\" alt=\"\" class=\"biw-card__image\" style=\"object-position: 50% 50%;\">\t\t<\/figure>\n\t\t<div class=\"biw-card__content\">\n\t\t<h3 class=\"biw-card__title\">\n\t\t\t\t\t\t\tD\u00e9veloppement et formation d&rsquo;apprentissage\t\t\t\t\t<\/h3>\n\t\t<div class=\"biw-card__text\">\n\n<p>Des \u00e9v\u00e9nements de formation dynamiques et un d\u00e9veloppement de programmes sur mesure aux environnements d&rsquo;apprentissage virtuels \u00e9volutifs, nous cr\u00e9ons des solutions d&rsquo;apprentissage immersives qui produisent des r\u00e9sultats concrets. En int\u00e9grant la gamification, nous renfor\u00e7ons l&rsquo;engagement, rendant l&rsquo;apprentissage plus interactif et agr\u00e9able. Car lorsque l&rsquo;apprentissage est amusant et gratifiant, la performance suit et l&rsquo;engagement s&rsquo;envole<\/p>\n\n<\/div>\n\t<\/div>\n\t<\/div>\n\n<div class=\" has-image-size-cover has-image-radius-none is-style-image-left wp-block-biw-block-theme-biw-card\">\n\t\t\t<figure class=\"biw-card__image-wrapper \">\n\t\t\t<img decoding=\"async\" src=\"http:\/\/live-biw-main.pantheonsite.io\/wp-content\/uploads\/2025\/03\/03-Brand-Onboarding.svg\" alt=\"\" class=\"biw-card__image\" style=\"object-position: 50% 50%;\">\t\t<\/figure>\n\t\t<div class=\"biw-card__content\">\n\t\t<h3 class=\"biw-card__title\">\n\t\t\t\t\t\t\tInt\u00e9gration et recrutement\t\t\t\t\t<\/h3>\n\t\t<div class=\"biw-card__text\">\n\n<p>Que vous recherchiez votre prochain directeur logistique ou que vous recrutiez pour la p\u00e9riode de pointe saisonni\u00e8re, nous aidons les d\u00e9partements des ressources humaines (RH) \u00e0 recruter, int\u00e9grer et fid\u00e9liser les meilleurs talents.<\/p>\n\n<\/div>\n\t<\/div>\n\t<\/div>\n\n<div class=\" has-image-size-cover has-image-radius-none is-style-image-left wp-block-biw-block-theme-biw-card\">\n\t\t\t<figure class=\"biw-card__image-wrapper \">\n\t\t\t<img decoding=\"async\" src=\"http:\/\/live-biw-main.pantheonsite.io\/wp-content\/uploads\/2025\/03\/04-Brand-CustomerChannel.svg\" alt=\"\" class=\"biw-card__image\" style=\"object-position: 50% 50%;\">\t\t<\/figure>\n\t\t<div class=\"biw-card__content\">\n\t\t<h3 class=\"biw-card__title\">\n\t\t\t\t\t\t\tFid\u00e9lit\u00e9 des clients et des partenaires de distribution\t\t\t\t\t<\/h3>\n\t\t<div class=\"biw-card__text\">\n\n<p>Valorisez votre marque gr\u00e2ce \u00e0 des programmes et des r\u00e9compenses significatifs pour vos partenaires de distribution et vos clients, qui cr\u00e9ent des relations solides et durables ainsi que de la fid\u00e9lit\u00e9.<\/p>\n\n<\/div>\n\t<\/div>\n\t<\/div>\n\n<div class=\" has-image-size-cover has-image-radius-none is-style-image-left wp-block-biw-block-theme-biw-card\">\n\t\t\t<figure class=\"biw-card__image-wrapper \">\n\t\t\t<img decoding=\"async\" src=\"http:\/\/live-biw-main.pantheonsite.io\/wp-content\/uploads\/2025\/03\/05-Brand-RetailSales.svg\" alt=\"\" class=\"biw-card__image\" style=\"object-position: 50% 50%;\">\t\t<\/figure>\n\t\t<div class=\"biw-card__content\">\n\t\t<h3 class=\"biw-card__title\">\n\t\t\t\t\t\t\tVentes au d\u00e9tail et incitations\t\t\t\t\t<\/h3>\n\t\t<div class=\"biw-card__text\">\n\n<p>Nous concevons des programmes d\u2019incitation gamifi\u00e9s qui stimulent les indicateurs cl\u00e9s de performance (KPIs) du commerce de d\u00e9tail, renforcent la fid\u00e9lit\u00e9 des clients et motivent ainsi qu\u2019inspirent les associ\u00e9s du commerce de d\u00e9tail.<\/p>\n\n<\/div>\n\t<\/div>\n\t<\/div>\n\n<div class=\" has-image-size-cover has-image-radius-none is-style-image-left wp-block-biw-block-theme-biw-card\">\n\t\t\t<figure class=\"biw-card__image-wrapper \">\n\t\t\t<img decoding=\"async\" src=\"http:\/\/live-biw-main.pantheonsite.io\/wp-content\/uploads\/2025\/03\/06-Brand-EmployeeReco.svg\" alt=\"\" class=\"biw-card__image\" style=\"object-position: 50% 50%;\">\t\t<\/figure>\n\t\t<div class=\"biw-card__content\">\n\t\t<h3 class=\"biw-card__title\">\n\t\t\t\t\t\t\tReconnaissance des employ\u00e9s\t\t\t\t\t<\/h3>\n\t\t<div class=\"biw-card__text\">\n\n<p>Des programmes puissants d&rsquo;engagement et de r\u00e9compense des employ\u00e9s qui les inspirent \u00e0 aimer ce qu&rsquo;ils font et \u00e0 appr\u00e9cier votre marque.<\/p>\n\n<\/div>\n\t<\/div>\n\t<\/div>\n\n<div class=\" has-image-size-cover has-image-radius-none is-style-image-left wp-block-biw-block-theme-biw-card\">\n\t\t\t<figure class=\"biw-card__image-wrapper \">\n\t\t\t<img decoding=\"async\" src=\"http:\/\/live-biw-main.pantheonsite.io\/wp-content\/uploads\/2025\/03\/07-Brand-InStore-Activations.svg\" alt=\"\" class=\"biw-card__image\" style=\"object-position: 50% 50%;\">\t\t<\/figure>\n\t\t<div class=\"biw-card__content\">\n\t\t<h3 class=\"biw-card__title\">\n\t\t\t\t\t\t\tActivations et exp\u00e9riences en magasin\t\t\t\t\t<\/h3>\n\t\t<div class=\"biw-card__text\">\n\n<p>Cr\u00e9ez des moments m\u00e9morables pour votre marque qui captent l&rsquo;attention et vous d\u00e9marquent de la concurrence. Nous combinons l&rsquo;engagement sur site, la capture de contenu et l&rsquo;amplification sociale pour cr\u00e9er des exp\u00e9riences percutantes.<\/p>\n\n<\/div>\n\t<\/div>\n\t<\/div><\/div>\n<\/div>\n<span class='background-angle-wrapper'><svg fill='none' viewBox='0 0 1728 699' xmlns='http:\/\/www.w3.org\/2000\/svg'><path d='M1728 0H0V294.923L1728 698.43V0Z' fill='url(#69d9a287d636e)'\/><defs><linearGradient id='69d9a287d636e' x1='1738.8' x2='1701' y1='717.27' y2='15.023' gradientUnits='userSpaceOnUse'><stop stop-color='#6D28D9' stop-opacity='.3' offset='0'\/><stop stop-color='#6D28D9' stop-opacity='0' offset='1'\/><\/linearGradient><\/defs><\/svg><\/span><\/div>\n\n\n<div class=\"wp-block-group  layout-columns-8 has-global-padding is-layout-constrained wp-container-core-group-is-layout-fce79bf6 wp-block-group-is-layout-constrained\">\n<p class=\"has-large-font-size\">Le milieu du commerce de d\u00e9tail peut \u00eatre complexe, traitant avec plusieurs types d\u2019audience, \u00e0 la fois captive et non captive. BI WORLDWIDE Canada (BIW) est id\u00e9alement positionn\u00e9 pour engager et cro\u00eetre dans tous les segments de votre entreprise. Nous sommes des experts en changement de comportement avec des r\u00e9sultats \u00e9prouv\u00e9s pour vous aider \u00e0 d\u00e9passer vos indicateurs cl\u00e9s de performance (KPI) dans vos strat\u00e9gies omnicanal. Nous personnalisons nos strat\u00e9gies pour engager, int\u00e9grer, \u00e9duquer, inspirer, reconna\u00eetre et motiver l\u2019audience qui compte le plus pour vous, afin de simplifier un environnement complexe. Qu&rsquo;il s&rsquo;agisse de v\u00eatements et de mode, d\u2019\u00e9lectronique et de technologie, d\u2019articles m\u00e9nagers et d\u2019am\u00e9lioration de l\u2019habitat, de sant\u00e9 et de beaut\u00e9, de sports et de loisirs (et plus encore!), nos clients se tournent vers nous pour des id\u00e9es innovantes et une ex\u00e9cution experte encore et encore.<\/p>\n<\/div>\n\n\n\n<div class=\"wp-block-group alignfull has-global-padding is-layout-constrained wp-container-core-group-is-layout-e04489b5 wp-block-group-is-layout-constrained\">\n<div class=\"wp-block-group  layout-columns-8 has-global-padding is-layout-constrained wp-container-core-group-is-layout-fce79bf6 wp-block-group-is-layout-constrained\">\n<h2 class=\"wp-block-heading has-text-align-center\">Les m\u00e9triques racontent une histoire.<\/h2>\n<\/div>\n\n\n\n<div class=\"wp-block-group  layout-columns-10 has-global-padding is-layout-constrained wp-container-core-group-is-layout-0b5f5b40 wp-block-group-is-layout-constrained\">\n<div class=\"wp-block-group has-text-align-center is-layout-grid wp-container-core-group-is-layout-ef442fb0 wp-block-group-is-layout-grid\">\n<div class=\"wp-block-group is-vertical is-content-justification-center is-layout-flex wp-container-core-group-is-layout-81423f52 wp-block-group-is-layout-flex\">\n<h3 class=\"wp-block-heading has-impact-font-size  has-text-wrap-no-wrap  has-gradient-fill has-gradient-fill-purple\">90 %<\/h3>\n\n\n\n<p class=\"has-text-align-center has-large-font-size  has-text-wrap-balance\">augmentation moyenne des unit\u00e9s vendues pour les utilisateurs tr\u00e8s engag\u00e9s<\/p>\n<\/div>\n\n\n\n<div class=\"wp-block-group is-vertical is-content-justification-center is-layout-flex wp-container-core-group-is-layout-81423f52 wp-block-group-is-layout-flex\">\n<h3 class=\"wp-block-heading has-impact-font-size  has-text-wrap-no-wrap  has-gradient-fill has-gradient-fill-purple\">75 %<\/h3>\n\n\n\n<p class=\"has-text-align-center has-large-font-size  has-text-wrap-balance\">augmentation des demandes de cartes de cr\u00e9dit d&rsquo;une ann\u00e9e \u00e0 l&rsquo;autre<\/p>\n<\/div>\n\n\n\n<div class=\"wp-block-group is-vertical is-content-justification-center is-layout-flex wp-container-core-group-is-layout-81423f52 wp-block-group-is-layout-flex\">\n<h3 class=\"wp-block-heading has-impact-font-size  has-text-wrap-no-wrap  has-gradient-fill has-gradient-fill-purple\">50 %<\/h3>\n\n\n\n<p class=\"has-text-align-center has-large-font-size  has-text-wrap-balance\">r\u00e9duction du roulement pour les associ\u00e9s ayant une anciennet\u00e9 de plus d&rsquo;un an<\/p>\n<\/div>\n<\/div>\n<\/div>\n<\/div>\n","protected":false},"excerpt":{"rendered":"<p>Du premier jour \u00e0 chaque jour. Le milieu du commerce de d\u00e9tail peut \u00eatre complexe, traitant avec plusieurs types d\u2019audience, \u00e0 la fois captive et non captive. BI WORLDWIDE Canada (BIW) est id\u00e9alement positionn\u00e9 pour engager et cro\u00eetre dans tous les segments de votre entreprise. Nous sommes des experts en changement de comportement avec des [&hellip;]<\/p>\n","protected":false},"author":11,"featured_media":1405,"parent":140,"menu_order":0,"comment_status":"closed","ping_status":"closed","template":"","meta":{"featured_image_focal_point":{"x":0.5,"y":0.5},"footnotes":""},"wf_page_folders":[],"class_list":["post-161","page","type-page","status-publish","has-post-thumbnail","hentry"],"yoast_head":"<!-- This site is optimized with the Yoast SEO plugin v26.2 - https:\/\/yoast.com\/wordpress\/plugins\/seo\/ -->\n<title>Industrie du commerce de d\u00e9tail - Canada (French)<\/title>\n<meta name=\"description\" content=\"Nous sommes des experts en changement de comportement avec des r\u00e9sultats \u00e9prouv\u00e9s pour aider les d\u00e9taillants \u00e0 \u00e9largir leur client\u00e8le\" \/>\n<meta name=\"robots\" content=\"index, follow, max-snippet:-1, max-image-preview:large, max-video-preview:-1\" \/>\n<link rel=\"canonical\" href=\"https:\/\/www.biworldwide.ca\/fr\/a-qui-nous-servons\/commerce-de-detail\/\" \/>\n<meta property=\"og:locale\" content=\"fr_CA\" \/>\n<meta property=\"og:type\" content=\"article\" \/>\n<meta property=\"og:title\" content=\"Industrie du commerce de d\u00e9tail - Canada (French)\" \/>\n<meta property=\"og:description\" content=\"Nous sommes des experts en changement de comportement avec des r\u00e9sultats \u00e9prouv\u00e9s pour aider les d\u00e9taillants \u00e0 \u00e9largir leur client\u00e8le\" \/>\n<meta property=\"og:url\" content=\"https:\/\/www.biworldwide.ca\/fr\/a-qui-nous-servons\/commerce-de-detail\/\" \/>\n<meta property=\"og:site_name\" content=\"Canada (French)\" \/>\n<meta property=\"article:modified_time\" content=\"2025-04-14T17:29:51+00:00\" \/>\n<meta property=\"og:image\" content=\"https:\/\/www.biworldwide.com\/wp-content\/uploads\/2025\/02\/Retail-1300x732px.jpg\" \/>\n\t<meta property=\"og:image:width\" content=\"1300\" \/>\n\t<meta property=\"og:image:height\" content=\"732\" \/>\n\t<meta property=\"og:image:type\" content=\"image\/jpeg\" \/>\n<meta name=\"twitter:card\" content=\"summary_large_image\" \/>\n<meta name=\"twitter:label1\" content=\"Est. reading time\" \/>\n\t<meta name=\"twitter:data1\" content=\"3 minutes\" \/>\n<script type=\"application\/ld+json\" class=\"yoast-schema-graph\">{\"@context\":\"https:\/\/schema.org\",\"@graph\":[{\"@type\":\"WebPage\",\"@id\":\"https:\/\/www.biworldwide.ca\/fr\/a-qui-nous-servons\/commerce-de-detail\/\",\"url\":\"https:\/\/www.biworldwide.ca\/fr\/a-qui-nous-servons\/commerce-de-detail\/\",\"name\":\"Industrie du commerce de d\u00e9tail - Canada (French)\",\"isPartOf\":{\"@id\":\"https:\/\/www.biworldwide.ca\/fr\/#website\"},\"primaryImageOfPage\":{\"@id\":\"https:\/\/www.biworldwide.ca\/fr\/a-qui-nous-servons\/commerce-de-detail\/#primaryimage\"},\"image\":{\"@id\":\"https:\/\/www.biworldwide.ca\/fr\/a-qui-nous-servons\/commerce-de-detail\/#primaryimage\"},\"thumbnailUrl\":\"https:\/\/www.biworldwide.com\/wp-content\/uploads\/2025\/02\/Retail-1300x732px.jpg\",\"datePublished\":\"2025-01-14T16:25:30+00:00\",\"dateModified\":\"2025-04-14T17:29:51+00:00\",\"description\":\"Nous sommes des experts en changement de comportement avec des r\u00e9sultats \u00e9prouv\u00e9s pour aider les d\u00e9taillants \u00e0 \u00e9largir leur client\u00e8le\",\"breadcrumb\":{\"@id\":\"https:\/\/www.biworldwide.ca\/fr\/a-qui-nous-servons\/commerce-de-detail\/#breadcrumb\"},\"inLanguage\":\"fr-CA\",\"potentialAction\":[{\"@type\":\"ReadAction\",\"target\":[\"https:\/\/www.biworldwide.ca\/fr\/a-qui-nous-servons\/commerce-de-detail\/\"]}]},{\"@type\":\"ImageObject\",\"inLanguage\":\"fr-CA\",\"@id\":\"https:\/\/www.biworldwide.ca\/fr\/a-qui-nous-servons\/commerce-de-detail\/#primaryimage\",\"url\":\"https:\/\/www.biworldwide.com\/wp-content\/uploads\/2025\/02\/Retail-1300x732px.jpg\",\"contentUrl\":\"https:\/\/www.biworldwide.com\/wp-content\/uploads\/2025\/02\/Retail-1300x732px.jpg\",\"caption\":\"A hand swiping a credit card through a card reader on a counter. A second hand is visible, possibly about to interact with the card reader. The background is a blend of white and purple.\"},{\"@type\":\"BreadcrumbList\",\"@id\":\"https:\/\/www.biworldwide.ca\/fr\/a-qui-nous-servons\/commerce-de-detail\/#breadcrumb\",\"itemListElement\":[{\"@type\":\"ListItem\",\"position\":1,\"name\":\"Home\",\"item\":\"https:\/\/www.biworldwide.ca\/fr\/\"},{\"@type\":\"ListItem\",\"position\":2,\"name\":\"\u00c0 qui nous servons\",\"item\":\"https:\/\/www.biworldwide.ca\/fr\/a-qui-nous-servons\/\"},{\"@type\":\"ListItem\",\"position\":3,\"name\":\"Industrie du commerce de d\u00e9tail\"}]},{\"@type\":\"WebSite\",\"@id\":\"https:\/\/www.biworldwide.ca\/fr\/#website\",\"url\":\"https:\/\/www.biworldwide.ca\/fr\/\",\"name\":\"Canada (French)\",\"description\":\"\",\"potentialAction\":[{\"@type\":\"SearchAction\",\"target\":{\"@type\":\"EntryPoint\",\"urlTemplate\":\"https:\/\/www.biworldwide.ca\/fr\/?s={search_term_string}\"},\"query-input\":{\"@type\":\"PropertyValueSpecification\",\"valueRequired\":true,\"valueName\":\"search_term_string\"}}],\"inLanguage\":\"fr-CA\"}]}<\/script>\n<!-- \/ Yoast SEO plugin. -->","yoast_head_json":{"title":"Industrie du commerce de d\u00e9tail - Canada (French)","description":"Nous sommes des experts en changement de comportement avec des r\u00e9sultats \u00e9prouv\u00e9s pour aider les d\u00e9taillants \u00e0 \u00e9largir leur client\u00e8le","robots":{"index":"index","follow":"follow","max-snippet":"max-snippet:-1","max-image-preview":"max-image-preview:large","max-video-preview":"max-video-preview:-1"},"canonical":"https:\/\/www.biworldwide.ca\/fr\/a-qui-nous-servons\/commerce-de-detail\/","og_locale":"fr_CA","og_type":"article","og_title":"Industrie du commerce de d\u00e9tail - Canada (French)","og_description":"Nous sommes des experts en changement de comportement avec des r\u00e9sultats \u00e9prouv\u00e9s pour aider les d\u00e9taillants \u00e0 \u00e9largir leur client\u00e8le","og_url":"https:\/\/www.biworldwide.ca\/fr\/a-qui-nous-servons\/commerce-de-detail\/","og_site_name":"Canada (French)","article_modified_time":"2025-04-14T17:29:51+00:00","og_image":[{"url":"https:\/\/www.biworldwide.com\/wp-content\/uploads\/2025\/02\/Retail-1300x732px.jpg","width":1300,"height":732,"type":"image\/jpeg"}],"twitter_card":"summary_large_image","twitter_misc":{"Est. reading time":"3 minutes"},"schema":{"@context":"https:\/\/schema.org","@graph":[{"@type":"WebPage","@id":"https:\/\/www.biworldwide.ca\/fr\/a-qui-nous-servons\/commerce-de-detail\/","url":"https:\/\/www.biworldwide.ca\/fr\/a-qui-nous-servons\/commerce-de-detail\/","name":"Industrie du commerce de d\u00e9tail - Canada (French)","isPartOf":{"@id":"https:\/\/www.biworldwide.ca\/fr\/#website"},"primaryImageOfPage":{"@id":"https:\/\/www.biworldwide.ca\/fr\/a-qui-nous-servons\/commerce-de-detail\/#primaryimage"},"image":{"@id":"https:\/\/www.biworldwide.ca\/fr\/a-qui-nous-servons\/commerce-de-detail\/#primaryimage"},"thumbnailUrl":"https:\/\/www.biworldwide.com\/wp-content\/uploads\/2025\/02\/Retail-1300x732px.jpg","datePublished":"2025-01-14T16:25:30+00:00","dateModified":"2025-04-14T17:29:51+00:00","description":"Nous sommes des experts en changement de comportement avec des r\u00e9sultats \u00e9prouv\u00e9s pour aider les d\u00e9taillants \u00e0 \u00e9largir leur client\u00e8le","breadcrumb":{"@id":"https:\/\/www.biworldwide.ca\/fr\/a-qui-nous-servons\/commerce-de-detail\/#breadcrumb"},"inLanguage":"fr-CA","potentialAction":[{"@type":"ReadAction","target":["https:\/\/www.biworldwide.ca\/fr\/a-qui-nous-servons\/commerce-de-detail\/"]}]},{"@type":"ImageObject","inLanguage":"fr-CA","@id":"https:\/\/www.biworldwide.ca\/fr\/a-qui-nous-servons\/commerce-de-detail\/#primaryimage","url":"https:\/\/www.biworldwide.com\/wp-content\/uploads\/2025\/02\/Retail-1300x732px.jpg","contentUrl":"https:\/\/www.biworldwide.com\/wp-content\/uploads\/2025\/02\/Retail-1300x732px.jpg","caption":"A hand swiping a credit card through a card reader on a counter. A second hand is visible, possibly about to interact with the card reader. The background is a blend of white and purple."},{"@type":"BreadcrumbList","@id":"https:\/\/www.biworldwide.ca\/fr\/a-qui-nous-servons\/commerce-de-detail\/#breadcrumb","itemListElement":[{"@type":"ListItem","position":1,"name":"Home","item":"https:\/\/www.biworldwide.ca\/fr\/"},{"@type":"ListItem","position":2,"name":"\u00c0 qui nous servons","item":"https:\/\/www.biworldwide.ca\/fr\/a-qui-nous-servons\/"},{"@type":"ListItem","position":3,"name":"Industrie du commerce de d\u00e9tail"}]},{"@type":"WebSite","@id":"https:\/\/www.biworldwide.ca\/fr\/#website","url":"https:\/\/www.biworldwide.ca\/fr\/","name":"Canada (French)","description":"","potentialAction":[{"@type":"SearchAction","target":{"@type":"EntryPoint","urlTemplate":"https:\/\/www.biworldwide.ca\/fr\/?s={search_term_string}"},"query-input":{"@type":"PropertyValueSpecification","valueRequired":true,"valueName":"search_term_string"}}],"inLanguage":"fr-CA"}]}},"_links":{"self":[{"href":"https:\/\/www.biworldwide.ca\/fr\/wp-json\/wp\/v2\/pages\/161","targetHints":{"allow":["GET"]}}],"collection":[{"href":"https:\/\/www.biworldwide.ca\/fr\/wp-json\/wp\/v2\/pages"}],"about":[{"href":"https:\/\/www.biworldwide.ca\/fr\/wp-json\/wp\/v2\/types\/page"}],"author":[{"embeddable":true,"href":"https:\/\/www.biworldwide.ca\/fr\/wp-json\/wp\/v2\/users\/11"}],"replies":[{"embeddable":true,"href":"https:\/\/www.biworldwide.ca\/fr\/wp-json\/wp\/v2\/comments?post=161"}],"version-history":[{"count":7,"href":"https:\/\/www.biworldwide.ca\/fr\/wp-json\/wp\/v2\/pages\/161\/revisions"}],"predecessor-version":[{"id":2479,"href":"https:\/\/www.biworldwide.ca\/fr\/wp-json\/wp\/v2\/pages\/161\/revisions\/2479"}],"up":[{"embeddable":true,"href":"https:\/\/www.biworldwide.ca\/fr\/wp-json\/wp\/v2\/pages\/140"}],"wp:featuredmedia":[{"embeddable":true,"href":"https:\/\/www.biworldwide.ca\/fr\/wp-json\/wp\/v2\/media\/1405"}],"wp:attachment":[{"href":"https:\/\/www.biworldwide.ca\/fr\/wp-json\/wp\/v2\/media?parent=161"}],"wp:term":[{"taxonomy":"wf_page_folders","embeddable":true,"href":"https:\/\/www.biworldwide.ca\/fr\/wp-json\/wp\/v2\/wf_page_folders?post=161"}],"curies":[{"name":"wp","href":"https:\/\/api.w.org\/{rel}","templated":true}]}}