{"id":159,"date":"2025-01-14T16:25:11","date_gmt":"2025-01-14T16:25:11","guid":{"rendered":"https:\/\/live-biw-main.pantheonsite.io\/?page_id=159"},"modified":"2025-04-14T10:34:26","modified_gmt":"2025-04-14T17:34:26","slug":"fabrication","status":"publish","type":"page","link":"https:\/\/www.biworldwide.ca\/fr\/a-qui-nous-servons\/fabrication\/","title":{"rendered":"Industrie manufacturi\u00e8re"},"content":{"rendered":"<div class=\" has-content-align-left has-overlay has-overlay--dark alignfull wp-block-biw-block-theme-hero\">\n\t<div class=\"biw-hero__grid\">\n\t\t\t\t\t<div class=\"biw-hero__breadcrumbs\">\n\t\t\t\t<div id=\"breadcrumbs\" class=\"breadcrumb-nav__wrapper\"><span class=\"breadcrumb-nav\"><span><a href=\"https:\/\/www.biworldwide.ca\/fr\/\">Home<\/a><\/span><\/span><\/div>\t\t\t<\/div>\n\t\t\n\t\t\t\t\t<div class=\"biw-hero__media \">\n\t\t\t\t\t\t\t\t\t<div class=\"biw-hero__overlay overlay-dark\"><\/div>\n\t\t\t\t\t\t\t\t<img decoding=\"async\" src=\"http:\/\/live-biw-main.pantheonsite.io\/wp-content\/uploads\/2025\/02\/Manufacturing-warehouse-1728x600px.jpg\" alt=\"Top view of two warehouse workers wearing safety vests and helmets, moving boxes in an industrial setting. Brown boxes are stacked around them, with an orange translucent overlay on the left side of the image.\" class=\"biw-hero__bg-image\" style=\"object-position: 50% 50%;\">\t\t\t<\/div>\n\t\t\t\t<div class=\"biw-hero__content\">\n\t\t\t\t\t\t<h1 class=\"biw-hero__title\" style=\"line-height: 1.2\">\n\t\t\t\tIndustrie manufacturi\u00e8re\t\t\t<\/h1>\n\t\t\t\t\t\t\t<h2 class=\"biw-hero__subtitle\">\n\t\t\t\t\t<br>Programmes de stimulation, de reconnaissance et de fid\u00e9lit\u00e9 percutants, adapt\u00e9s \u00e0 l&rsquo;industrie manufacturi\u00e8re.\t\t\t\t<\/h2>\n\t\t\t\t\t\t\t\t\t\t<div class=\"biw-hero__text\">\n\t\t\t\t\t\n\n<p>Notre approche est ancr\u00e9e dans les principes de l&rsquo;\u00e9conomie comportementale, garantissant que nos strat\u00e9gies motivent et engagent efficacement votre main-d&rsquo;\u0153uvre.<\/p>\n\n\t\t\t\t<\/div>\n\t\t\t\t\t\t\t\t<\/div>\n\t<\/div>\n<\/div>\n\n\n\n<div class=\"wp-block-group  layout-columns-8 has-global-padding is-layout-constrained wp-container-core-group-is-layout-fce79bf6 wp-block-group-is-layout-constrained\">\n<p class=\"has-xxl-font-size\"><strong>Notre expertise.<\/strong><\/p>\n\n\n\n<ul class=\"wp-block-list\">\n<li class=\"has-large-font-size\"><strong>Programmes d\u2019incitation aux ventes : <\/strong>\u00c9laboration de structures d\u2019incitation personnalis\u00e9es qui favorisent l\u2019efficacit\u00e9 op\u00e9rationnelle et la productivit\u00e9 sur le lieu de production.<\/li>\n\n\n\n<li class=\"has-large-font-size\"><strong>Programmes de reconnaissance des employ\u00e9s : <\/strong>Mise en \u0153uvre de syst\u00e8mes pour c\u00e9l\u00e9brer et r\u00e9compenser les r\u00e9alisations des employ\u00e9s, comme les anniversaires de service.<\/li>\n\n\n\n<li class=\"has-large-font-size\"><strong>Programmes de fid\u00e9lit\u00e9 : <\/strong>Renforcer la fid\u00e9lit\u00e9 \u00e0 long terme gr\u00e2ce \u00e0 des r\u00e9compenses significatives et personnalis\u00e9es qui r\u00e9sonnent aupr\u00e8s de votre \u00e9quipe de fabrication.<\/li>\n\n\n\n<li class=\"has-large-font-size\"><strong>\u00c9conomie comportementale :<\/strong> Exploitation des connaissances scientifiques pour concevoir des programmes qui s\u2019alignent sur les dynamiques uniques du milieu manufacturier.<\/li>\n<\/ul>\n\n\n\n<p class=\"has-xxl-font-size\"><strong>Pourquoi nous choisir&nbsp;?<\/strong><\/p>\n\n\n\n<ul class=\"wp-block-list\">\n<li class=\"has-large-font-size\"><strong>Focus sur l\u2019industrie :<\/strong> Une compr\u00e9hension approfondie des d\u00e9fis et des opportunit\u00e9s uniques du secteur manufacturier, allant des complexit\u00e9s de la cha\u00eene d\u2019approvisionnement \u00e0 la gestion de la main-d\u2019\u0153uvre.<\/li>\n\n\n\n<li class=\"has-large-font-size\"><strong>Strat\u00e9gies \u00e9prouv\u00e9es :<\/strong> Utilisation de m\u00e9thodes bas\u00e9es sur des preuves pour obtenir des am\u00e9liorations mesurables de la performance et de l\u2019engagement des employ\u00e9s.<\/li>\n<\/ul>\n\n\n\n<p>En int\u00e9grant ces programmes cibl\u00e9s, nous aidons les entreprises manufacturi\u00e8res \u00e0 am\u00e9liorer la motivation, la productivit\u00e9 et la fid\u00e9lit\u00e9 de leur main-d&rsquo;\u0153uvre, favorisant ainsi l&rsquo;excellence globale des op\u00e9rations.<\/p>\n<\/div>\n","protected":false},"excerpt":{"rendered":"<p>Notre expertise. Pourquoi nous choisir&nbsp;? En int\u00e9grant ces programmes cibl\u00e9s, nous aidons les entreprises manufacturi\u00e8res \u00e0 am\u00e9liorer la motivation, la productivit\u00e9 et la fid\u00e9lit\u00e9 de leur main-d&rsquo;\u0153uvre, favorisant ainsi l&rsquo;excellence globale des op\u00e9rations.<\/p>\n","protected":false},"author":11,"featured_media":534,"parent":140,"menu_order":0,"comment_status":"closed","ping_status":"closed","template":"","meta":{"featured_image_focal_point":{"x":0.5,"y":0.5},"footnotes":""},"wf_page_folders":[],"class_list":["post-159","page","type-page","status-publish","has-post-thumbnail","hentry"],"yoast_head":"<!-- This site is optimized with the Yoast SEO plugin v26.2 - https:\/\/yoast.com\/wordpress\/plugins\/seo\/ -->\n<title>Industrie manufacturi\u00e8re - Canada (French)<\/title>\n<meta name=\"description\" content=\"Programmes de stimulation, de reconnaissance et de fid\u00e9lit\u00e9 percutants, adapt\u00e9s \u00e0 l&#039;industrie manufacturi\u00e8re. Nous motivons et engageons\" \/>\n<meta name=\"robots\" content=\"index, follow, max-snippet:-1, max-image-preview:large, max-video-preview:-1\" \/>\n<link rel=\"canonical\" href=\"https:\/\/www.biworldwide.ca\/fr\/a-qui-nous-servons\/fabrication\/\" \/>\n<meta property=\"og:locale\" content=\"fr_CA\" \/>\n<meta property=\"og:type\" content=\"article\" \/>\n<meta property=\"og:title\" content=\"Industrie manufacturi\u00e8re - Canada (French)\" \/>\n<meta property=\"og:description\" content=\"Programmes de stimulation, de reconnaissance et de fid\u00e9lit\u00e9 percutants, adapt\u00e9s \u00e0 l&#039;industrie manufacturi\u00e8re. Nous motivons et engageons\" \/>\n<meta property=\"og:url\" content=\"https:\/\/www.biworldwide.ca\/fr\/a-qui-nous-servons\/fabrication\/\" \/>\n<meta property=\"og:site_name\" content=\"Canada (French)\" \/>\n<meta property=\"article:modified_time\" content=\"2025-04-14T17:34:26+00:00\" \/>\n<meta property=\"og:image\" content=\"https:\/\/www.biworldwide.com\/wp-content\/uploads\/2025\/02\/Manufacturing-warehouse-1300x732px.jpg\" \/>\n\t<meta property=\"og:image:width\" content=\"1300\" \/>\n\t<meta property=\"og:image:height\" content=\"732\" \/>\n\t<meta property=\"og:image:type\" content=\"image\/jpeg\" \/>\n<meta name=\"twitter:card\" content=\"summary_large_image\" \/>\n<meta name=\"twitter:label1\" content=\"Est. reading time\" \/>\n\t<meta name=\"twitter:data1\" content=\"2 minutes\" \/>\n<script type=\"application\/ld+json\" class=\"yoast-schema-graph\">{\"@context\":\"https:\/\/schema.org\",\"@graph\":[{\"@type\":\"WebPage\",\"@id\":\"https:\/\/www.biworldwide.ca\/fr\/a-qui-nous-servons\/fabrication\/\",\"url\":\"https:\/\/www.biworldwide.ca\/fr\/a-qui-nous-servons\/fabrication\/\",\"name\":\"Industrie manufacturi\u00e8re - Canada (French)\",\"isPartOf\":{\"@id\":\"https:\/\/www.biworldwide.ca\/fr\/#website\"},\"primaryImageOfPage\":{\"@id\":\"https:\/\/www.biworldwide.ca\/fr\/a-qui-nous-servons\/fabrication\/#primaryimage\"},\"image\":{\"@id\":\"https:\/\/www.biworldwide.ca\/fr\/a-qui-nous-servons\/fabrication\/#primaryimage\"},\"thumbnailUrl\":\"https:\/\/www.biworldwide.com\/wp-content\/uploads\/2025\/02\/Manufacturing-warehouse-1300x732px.jpg\",\"datePublished\":\"2025-01-14T16:25:11+00:00\",\"dateModified\":\"2025-04-14T17:34:26+00:00\",\"description\":\"Programmes de stimulation, de reconnaissance et de fid\u00e9lit\u00e9 percutants, adapt\u00e9s \u00e0 l'industrie manufacturi\u00e8re. Nous motivons et engageons\",\"breadcrumb\":{\"@id\":\"https:\/\/www.biworldwide.ca\/fr\/a-qui-nous-servons\/fabrication\/#breadcrumb\"},\"inLanguage\":\"fr-CA\",\"potentialAction\":[{\"@type\":\"ReadAction\",\"target\":[\"https:\/\/www.biworldwide.ca\/fr\/a-qui-nous-servons\/fabrication\/\"]}]},{\"@type\":\"ImageObject\",\"inLanguage\":\"fr-CA\",\"@id\":\"https:\/\/www.biworldwide.ca\/fr\/a-qui-nous-servons\/fabrication\/#primaryimage\",\"url\":\"https:\/\/www.biworldwide.com\/wp-content\/uploads\/2025\/02\/Manufacturing-warehouse-1300x732px.jpg\",\"contentUrl\":\"https:\/\/www.biworldwide.com\/wp-content\/uploads\/2025\/02\/Manufacturing-warehouse-1300x732px.jpg\",\"caption\":\"Aerial view of a warehouse with workers wearing safety vests and helmets. One worker pushes a pallet jack with boxes, while two others examine inventory. Boxes and crates are stacked along the aisles on a concrete floor.\"},{\"@type\":\"BreadcrumbList\",\"@id\":\"https:\/\/www.biworldwide.ca\/fr\/a-qui-nous-servons\/fabrication\/#breadcrumb\",\"itemListElement\":[{\"@type\":\"ListItem\",\"position\":1,\"name\":\"Home\",\"item\":\"https:\/\/www.biworldwide.ca\/fr\/\"},{\"@type\":\"ListItem\",\"position\":2,\"name\":\"\u00c0 qui nous servons\",\"item\":\"https:\/\/www.biworldwide.ca\/fr\/a-qui-nous-servons\/\"},{\"@type\":\"ListItem\",\"position\":3,\"name\":\"Industrie manufacturi\u00e8re\"}]},{\"@type\":\"WebSite\",\"@id\":\"https:\/\/www.biworldwide.ca\/fr\/#website\",\"url\":\"https:\/\/www.biworldwide.ca\/fr\/\",\"name\":\"Canada (French)\",\"description\":\"\",\"potentialAction\":[{\"@type\":\"SearchAction\",\"target\":{\"@type\":\"EntryPoint\",\"urlTemplate\":\"https:\/\/www.biworldwide.ca\/fr\/?s={search_term_string}\"},\"query-input\":{\"@type\":\"PropertyValueSpecification\",\"valueRequired\":true,\"valueName\":\"search_term_string\"}}],\"inLanguage\":\"fr-CA\"}]}<\/script>\n<!-- \/ Yoast SEO plugin. -->","yoast_head_json":{"title":"Industrie manufacturi\u00e8re - Canada (French)","description":"Programmes de stimulation, de reconnaissance et de fid\u00e9lit\u00e9 percutants, adapt\u00e9s \u00e0 l'industrie manufacturi\u00e8re. Nous motivons et engageons","robots":{"index":"index","follow":"follow","max-snippet":"max-snippet:-1","max-image-preview":"max-image-preview:large","max-video-preview":"max-video-preview:-1"},"canonical":"https:\/\/www.biworldwide.ca\/fr\/a-qui-nous-servons\/fabrication\/","og_locale":"fr_CA","og_type":"article","og_title":"Industrie manufacturi\u00e8re - Canada (French)","og_description":"Programmes de stimulation, de reconnaissance et de fid\u00e9lit\u00e9 percutants, adapt\u00e9s \u00e0 l'industrie manufacturi\u00e8re. Nous motivons et engageons","og_url":"https:\/\/www.biworldwide.ca\/fr\/a-qui-nous-servons\/fabrication\/","og_site_name":"Canada (French)","article_modified_time":"2025-04-14T17:34:26+00:00","og_image":[{"url":"https:\/\/www.biworldwide.com\/wp-content\/uploads\/2025\/02\/Manufacturing-warehouse-1300x732px.jpg","width":1300,"height":732,"type":"image\/jpeg"}],"twitter_card":"summary_large_image","twitter_misc":{"Est. reading time":"2 minutes"},"schema":{"@context":"https:\/\/schema.org","@graph":[{"@type":"WebPage","@id":"https:\/\/www.biworldwide.ca\/fr\/a-qui-nous-servons\/fabrication\/","url":"https:\/\/www.biworldwide.ca\/fr\/a-qui-nous-servons\/fabrication\/","name":"Industrie manufacturi\u00e8re - Canada (French)","isPartOf":{"@id":"https:\/\/www.biworldwide.ca\/fr\/#website"},"primaryImageOfPage":{"@id":"https:\/\/www.biworldwide.ca\/fr\/a-qui-nous-servons\/fabrication\/#primaryimage"},"image":{"@id":"https:\/\/www.biworldwide.ca\/fr\/a-qui-nous-servons\/fabrication\/#primaryimage"},"thumbnailUrl":"https:\/\/www.biworldwide.com\/wp-content\/uploads\/2025\/02\/Manufacturing-warehouse-1300x732px.jpg","datePublished":"2025-01-14T16:25:11+00:00","dateModified":"2025-04-14T17:34:26+00:00","description":"Programmes de stimulation, de reconnaissance et de fid\u00e9lit\u00e9 percutants, adapt\u00e9s \u00e0 l'industrie manufacturi\u00e8re. Nous motivons et engageons","breadcrumb":{"@id":"https:\/\/www.biworldwide.ca\/fr\/a-qui-nous-servons\/fabrication\/#breadcrumb"},"inLanguage":"fr-CA","potentialAction":[{"@type":"ReadAction","target":["https:\/\/www.biworldwide.ca\/fr\/a-qui-nous-servons\/fabrication\/"]}]},{"@type":"ImageObject","inLanguage":"fr-CA","@id":"https:\/\/www.biworldwide.ca\/fr\/a-qui-nous-servons\/fabrication\/#primaryimage","url":"https:\/\/www.biworldwide.com\/wp-content\/uploads\/2025\/02\/Manufacturing-warehouse-1300x732px.jpg","contentUrl":"https:\/\/www.biworldwide.com\/wp-content\/uploads\/2025\/02\/Manufacturing-warehouse-1300x732px.jpg","caption":"Aerial view of a warehouse with workers wearing safety vests and helmets. One worker pushes a pallet jack with boxes, while two others examine inventory. Boxes and crates are stacked along the aisles on a concrete floor."},{"@type":"BreadcrumbList","@id":"https:\/\/www.biworldwide.ca\/fr\/a-qui-nous-servons\/fabrication\/#breadcrumb","itemListElement":[{"@type":"ListItem","position":1,"name":"Home","item":"https:\/\/www.biworldwide.ca\/fr\/"},{"@type":"ListItem","position":2,"name":"\u00c0 qui nous servons","item":"https:\/\/www.biworldwide.ca\/fr\/a-qui-nous-servons\/"},{"@type":"ListItem","position":3,"name":"Industrie manufacturi\u00e8re"}]},{"@type":"WebSite","@id":"https:\/\/www.biworldwide.ca\/fr\/#website","url":"https:\/\/www.biworldwide.ca\/fr\/","name":"Canada (French)","description":"","potentialAction":[{"@type":"SearchAction","target":{"@type":"EntryPoint","urlTemplate":"https:\/\/www.biworldwide.ca\/fr\/?s={search_term_string}"},"query-input":{"@type":"PropertyValueSpecification","valueRequired":true,"valueName":"search_term_string"}}],"inLanguage":"fr-CA"}]}},"_links":{"self":[{"href":"https:\/\/www.biworldwide.ca\/fr\/wp-json\/wp\/v2\/pages\/159","targetHints":{"allow":["GET"]}}],"collection":[{"href":"https:\/\/www.biworldwide.ca\/fr\/wp-json\/wp\/v2\/pages"}],"about":[{"href":"https:\/\/www.biworldwide.ca\/fr\/wp-json\/wp\/v2\/types\/page"}],"author":[{"embeddable":true,"href":"https:\/\/www.biworldwide.ca\/fr\/wp-json\/wp\/v2\/users\/11"}],"replies":[{"embeddable":true,"href":"https:\/\/www.biworldwide.ca\/fr\/wp-json\/wp\/v2\/comments?post=159"}],"version-history":[{"count":6,"href":"https:\/\/www.biworldwide.ca\/fr\/wp-json\/wp\/v2\/pages\/159\/revisions"}],"predecessor-version":[{"id":2480,"href":"https:\/\/www.biworldwide.ca\/fr\/wp-json\/wp\/v2\/pages\/159\/revisions\/2480"}],"up":[{"embeddable":true,"href":"https:\/\/www.biworldwide.ca\/fr\/wp-json\/wp\/v2\/pages\/140"}],"wp:featuredmedia":[{"embeddable":true,"href":"https:\/\/www.biworldwide.ca\/fr\/wp-json\/wp\/v2\/media\/534"}],"wp:attachment":[{"href":"https:\/\/www.biworldwide.ca\/fr\/wp-json\/wp\/v2\/media?parent=159"}],"wp:term":[{"taxonomy":"wf_page_folders","embeddable":true,"href":"https:\/\/www.biworldwide.ca\/fr\/wp-json\/wp\/v2\/wf_page_folders?post=159"}],"curies":[{"name":"wp","href":"https:\/\/api.w.org\/{rel}","templated":true}]}}