{"id":1558,"date":"2025-03-26T12:09:52","date_gmt":"2025-03-26T19:09:52","guid":{"rendered":"https:\/\/www.biworldwide.ca\/fr\/?page_id=1558"},"modified":"2025-04-02T12:34:27","modified_gmt":"2025-04-02T19:34:27","slug":"block-unlock","status":"publish","type":"page","link":"https:\/\/www.biworldwide.ca\/fr\/comment-nous-aidons\/fidelite\/block-unlock\/","title":{"rendered":"Block Unlock"},"content":{"rendered":"<div class=\" has-content-align-left has-overlay has-overlay--light alignfull wp-block-biw-block-theme-hero\">\n\t<div class=\"biw-hero__grid\">\n\t\t\t\t\t<div class=\"biw-hero__breadcrumbs\">\n\t\t\t\t<div id=\"breadcrumbs\" class=\"breadcrumb-nav__wrapper\"><span class=\"breadcrumb-nav\"><span><a href=\"https:\/\/www.biworldwide.ca\/fr\/\">Home<\/a><\/span><\/span><\/div>\t\t\t<\/div>\n\t\t\n\t\t\t\t\t<div class=\"biw-hero__media \">\n\t\t\t\t\t\t\t\t\t<div class=\"biw-hero__overlay overlay-light\"><\/div>\n\t\t\t\t\t\t\t\t<img decoding=\"async\" src=\"http:\/\/live-biw-main.pantheonsite.io\/wp-content\/uploads\/2025\/02\/blockunlock-hero.png\" alt=\"Hands holding a tablet displaying a pet adoption website, featuring a dogs picture and details. The tablet is on an orange background, with a Block Unlock logo in the top right corner.\" class=\"biw-hero__bg-image\" style=\"object-position: 50% 50%;\">\t\t\t<\/div>\n\t\t\t\t<div class=\"biw-hero__content\">\n\t\t\t\t\t\t<h1 class=\"biw-hero__title\" style=\"line-height: 1.2\">\n\t\t\t\tBlock Unlock\t\t\t<\/h1>\n\t\t\t\t\t\t\t\t\t\t<div class=\"biw-hero__text\">\n\t\t\t\t\t\n\n<p>Block Unlock\u00ae est un syst\u00e8me ludifi\u00e9 qui stimule l&rsquo;engagement, le changement de comportement et le progr\u00e8s en motivant les audiences \u00e0 accomplir des actions et \u00e0 d\u00e9bloquer des r\u00e9compenses.<\/p>\n\n\t\t\t\t<\/div>\n\t\t\t\t\t\t\t\t<\/div>\n\t<\/div>\n<\/div>\n\n\n\n<div class=\"wp-block-group  layout-columns-7 has-global-padding is-layout-constrained wp-container-core-group-is-layout-a133ec42 wp-block-group-is-layout-constrained\">\n<h2 class=\"wp-block-heading\">D\u00e9bloquez la suite.<\/h2>\n\n\n\n<p>Connectez-vous avec vos clients de la mani\u00e8re la plus passionnante imaginable. Block Unlock\u00ae est un syst\u00e8me ludifi\u00e9 qui stimule l&rsquo;engagement, acc\u00e9l\u00e8re la progression du cycle de vie et encourage le changement de comportement en motivant les audiences \u00e0 accomplir des actions et \u00e0 d\u00e9bloquer des r\u00e9compenses.<\/p>\n\n\n\n<p>Block Unlock transforme l&rsquo;exp\u00e9rience utilisateur en un voyage amusant et dynamique qui incite vos clients \u00e0 revenir encore et encore. D\u00e9bloquons le v\u00e9ritable potentiel de votre marque et inspirons des actions concr\u00e8tes.<\/p>\n\n\n\n<p><br><\/p>\n<\/div>\n\n\n\n<div class=\"wp-block-group alignfull has-global-padding is-layout-constrained wp-container-core-group-is-layout-97ab3c77 wp-block-group-is-layout-constrained\">\n<div class=\"wp-block-group has-text-align-center  layout-columns-8 has-global-padding is-layout-constrained wp-container-core-group-is-layout-ee362a79 wp-block-group-is-layout-constrained\">\n<h2 class=\"wp-block-heading has-text-align-center  has-text-wrap-pretty\">D\u00e9couvrez nos offres de fid\u00e9lit\u00e9<\/h2>\n\n\n\n<p class=\" has-text-wrap-balance\"><\/p>\n<\/div>\n\n\n\n<div class=\"wp-block-group  layout-columns-12 has-global-padding is-layout-constrained wp-container-core-group-is-layout-9e09659d wp-block-group-is-layout-constrained\">\n<div class=\"wp-block-group is-layout-grid wp-container-core-group-is-layout-c765d3c1 wp-block-group-is-layout-grid\"><div class=\" has-dynamic-border-radius has-link has-image-size-cover has-image-radius-none is-style-default wp-block-biw-block-theme-biw-card\">\n\t\t\t<figure class=\"biw-card__image-wrapper \">\n\t\t\t<img decoding=\"async\" src=\"http:\/\/live-biw-main.pantheonsite.io\/wp-content\/uploads\/2025\/02\/BIW_Site_Card_Gamification-scaled.jpg\" alt=\"A luminous purple knight chess piece stands prominently on a board, surrounded by blurred white chess pieces in the background. A network of glowing connections extends on the right, suggesting a blend of strategy and technology.\" class=\"biw-card__image\" style=\"object-position: 50% 50%;\">\t\t<\/figure>\n\t\t<div class=\"biw-card__content\">\n\t\t<h3 class=\"biw-card__title\">\n\t\t\t\t\t\t\t<a href=\"https:\/\/www.biworldwide.ca\/fr\/comment-nous-aidons\/gamification\/\" >\n\t\t\t\tGamification\t\t\t\t<\/a>\n\t\t\t\t\t<\/h3>\n\t\t<div class=\"biw-card__text\">\n\n<p>Engagez vos clients, employ\u00e9s et partenaires \u00e0 en faire plus au sein des syst\u00e8mes essentiels \u00e0 votre entreprise.<\/p>\n\n<\/div>\n\t<\/div>\n\t\t\t<span class=\"biw-card__cta\">En savoir plus<\/span>\n\t<\/div>\n\n<div class=\" has-dynamic-border-radius has-link has-image-size-cover has-image-radius-none is-style-default wp-block-biw-block-theme-biw-card\">\n\t\t\t<figure class=\"biw-card__image-wrapper \">\n\t\t\t<img decoding=\"async\" src=\"http:\/\/live-biw-main.pantheonsite.io\/wp-content\/uploads\/2025\/02\/Loyalty-1300x732px.jpg\" alt=\"A smiling woman with curly hair, wearing a white shirt and necklace, receives a small package. She stands outdoors with a colorful, blurred background.\" class=\"biw-card__image\" style=\"object-position: 50% 50%;\">\t\t<\/figure>\n\t\t<div class=\"biw-card__content\">\n\t\t<h3 class=\"biw-card__title\">\n\t\t\t\t\t\t\t<a href=\"https:\/\/www.biworldwide.ca\/fr\/comment-nous-aidons\/fidelite\/\" >\n\t\t\t\tFid\u00e9lit\u00e9\t\t\t\t<\/a>\n\t\t\t\t\t<\/h3>\n\t\t<div class=\"biw-card__text\">\n\n<p>D\u00e8s que vos clients d\u00e9couvrent votre marque jusqu\u2019au moment o\u00f9 ils deviennent vos plus grands d\u00e9fenseurs, nous vous aidons \u00e0 concevoir des programmes qui inspirent l\u2019action, favorisent la connexion et g\u00e9n\u00e8rent des r\u00e9sultats mesurables.<\/p>\n\n<\/div>\n\t<\/div>\n\t\t\t<span class=\"biw-card__cta\">En savoir plus<\/span>\n\t<\/div>\n\n<div class=\" has-dynamic-border-radius has-link has-image-size-cover has-image-radius-none is-style-default wp-block-biw-block-theme-biw-card\">\n\t\t\t<figure class=\"biw-card__image-wrapper \">\n\t\t\t<img decoding=\"async\" src=\"http:\/\/live-biw-main.pantheonsite.io\/wp-content\/uploads\/2025\/02\/Customer-Loyalty-Coffee-cups-1300x732px.jpg\" alt=\"Two cups of cappuccino with heart-shaped latte art sit on saucers with spoons. The image is divided diagonally, with one cup in a dim setting and the other in bright lighting, showcasing different ambiance effects on the wooden table.\" class=\"biw-card__image\" style=\"object-position: 50% 50%;\">\t\t<\/figure>\n\t\t<div class=\"biw-card__content\">\n\t\t<h3 class=\"biw-card__title\">\n\t\t\t\t\t\t\t<a href=\"https:\/\/www.biworldwide.ca\/fr\/problemes-que-nous-resolvons\/fidelite-client\/\" >\n\t\t\t\tFid\u00e9lisation de la client\u00e8le\t\t\t\t<\/a>\n\t\t\t\t\t<\/h3>\n\t\t<div class=\"biw-card__text\">\n\n<p>La vraie fid\u00e9lit\u00e9 va bien au-del\u00e0 des points et des avantages. Nous allons plus loin en stimulant les comportements essentiels, en optimisant chaque \u00e9tape du parcours et en cr\u00e9ant des liens \u00e9motionnels durables. O\u00f9 que soient vos clients, nous veillons \u00e0 ce qu\u2019ils restent engag\u00e9s avec vous.<\/p>\n\n<\/div>\n\t<\/div>\n\t\t\t<span class=\"biw-card__cta\">En savoir plus<\/span>\n\t<\/div><\/div>\n<\/div>\n<\/div>\n\n\n\n<p><\/p>\n","protected":false},"excerpt":{"rendered":"<p>D\u00e9bloquez la suite. Connectez-vous avec vos clients de la mani\u00e8re la plus passionnante imaginable. Block Unlock\u00ae est un syst\u00e8me ludifi\u00e9 qui stimule l&rsquo;engagement, acc\u00e9l\u00e8re la progression du cycle de vie et encourage le changement de comportement en motivant les audiences \u00e0 accomplir des actions et \u00e0 d\u00e9bloquer des r\u00e9compenses. Block Unlock transforme l&rsquo;exp\u00e9rience utilisateur en [&hellip;]<\/p>\n","protected":false},"author":28,"featured_media":648,"parent":122,"menu_order":0,"comment_status":"closed","ping_status":"closed","template":"","meta":{"featured_image_focal_point":{"x":0.5,"y":0.5},"footnotes":""},"wf_page_folders":[],"class_list":["post-1558","page","type-page","status-publish","has-post-thumbnail","hentry"],"yoast_head":"<!-- This site is optimized with the Yoast SEO plugin v26.2 - https:\/\/yoast.com\/wordpress\/plugins\/seo\/ -->\n<title>Block Unlock - Canada (French)<\/title>\n<meta name=\"description\" content=\"Block Unlock\u00ae est un syst\u00e8me ludifi\u00e9 qui utilise la gamification pour stimuler la progression du cycle de vie et encourager le changement de\" \/>\n<meta name=\"robots\" content=\"index, follow, max-snippet:-1, max-image-preview:large, max-video-preview:-1\" \/>\n<link rel=\"canonical\" href=\"https:\/\/www.biworldwide.ca\/fr\/comment-nous-aidons\/fidelite\/block-unlock\/\" \/>\n<meta property=\"og:locale\" content=\"fr_CA\" \/>\n<meta property=\"og:type\" content=\"article\" \/>\n<meta property=\"og:title\" content=\"Block Unlock - Canada (French)\" \/>\n<meta property=\"og:description\" content=\"Block Unlock\u00ae est un syst\u00e8me ludifi\u00e9 qui utilise la gamification pour stimuler la progression du cycle de vie et encourager le changement de\" \/>\n<meta property=\"og:url\" content=\"https:\/\/www.biworldwide.ca\/fr\/comment-nous-aidons\/fidelite\/block-unlock\/\" \/>\n<meta property=\"og:site_name\" content=\"Canada (French)\" \/>\n<meta property=\"article:modified_time\" content=\"2025-04-02T19:34:27+00:00\" \/>\n<meta property=\"og:image\" content=\"https:\/\/www.biworldwide.com\/wp-content\/uploads\/2025\/02\/Customer_BlockUnlock_720x630.jpg\" \/>\n\t<meta property=\"og:image:width\" content=\"720\" \/>\n\t<meta property=\"og:image:height\" content=\"630\" \/>\n\t<meta property=\"og:image:type\" content=\"image\/jpeg\" \/>\n<meta name=\"twitter:card\" content=\"summary_large_image\" \/>\n<meta name=\"twitter:label1\" content=\"Est. reading time\" \/>\n\t<meta name=\"twitter:data1\" content=\"2 minutes\" \/>\n<script type=\"application\/ld+json\" class=\"yoast-schema-graph\">{\"@context\":\"https:\/\/schema.org\",\"@graph\":[{\"@type\":\"WebPage\",\"@id\":\"https:\/\/www.biworldwide.ca\/fr\/comment-nous-aidons\/fidelite\/block-unlock\/\",\"url\":\"https:\/\/www.biworldwide.ca\/fr\/comment-nous-aidons\/fidelite\/block-unlock\/\",\"name\":\"Block Unlock - Canada (French)\",\"isPartOf\":{\"@id\":\"https:\/\/www.biworldwide.ca\/fr\/#website\"},\"primaryImageOfPage\":{\"@id\":\"https:\/\/www.biworldwide.ca\/fr\/comment-nous-aidons\/fidelite\/block-unlock\/#primaryimage\"},\"image\":{\"@id\":\"https:\/\/www.biworldwide.ca\/fr\/comment-nous-aidons\/fidelite\/block-unlock\/#primaryimage\"},\"thumbnailUrl\":\"https:\/\/www.biworldwide.com\/wp-content\/uploads\/2025\/02\/Customer_BlockUnlock_720x630.jpg\",\"datePublished\":\"2025-03-26T19:09:52+00:00\",\"dateModified\":\"2025-04-02T19:34:27+00:00\",\"description\":\"Block Unlock\u00ae est un syst\u00e8me ludifi\u00e9 qui utilise la gamification pour stimuler la progression du cycle de vie et encourager le changement de\",\"breadcrumb\":{\"@id\":\"https:\/\/www.biworldwide.ca\/fr\/comment-nous-aidons\/fidelite\/block-unlock\/#breadcrumb\"},\"inLanguage\":\"fr-CA\",\"potentialAction\":[{\"@type\":\"ReadAction\",\"target\":[\"https:\/\/www.biworldwide.ca\/fr\/comment-nous-aidons\/fidelite\/block-unlock\/\"]}]},{\"@type\":\"ImageObject\",\"inLanguage\":\"fr-CA\",\"@id\":\"https:\/\/www.biworldwide.ca\/fr\/comment-nous-aidons\/fidelite\/block-unlock\/#primaryimage\",\"url\":\"https:\/\/www.biworldwide.com\/wp-content\/uploads\/2025\/02\/Customer_BlockUnlock_720x630.jpg\",\"contentUrl\":\"https:\/\/www.biworldwide.com\/wp-content\/uploads\/2025\/02\/Customer_BlockUnlock_720x630.jpg\",\"caption\":\"A person holds a tablet displaying the 4Paws website with a dog image and product information. The background is a diagonal split of white and orange, with the Block Unlock logo in the top left corner.\"},{\"@type\":\"BreadcrumbList\",\"@id\":\"https:\/\/www.biworldwide.ca\/fr\/comment-nous-aidons\/fidelite\/block-unlock\/#breadcrumb\",\"itemListElement\":[{\"@type\":\"ListItem\",\"position\":1,\"name\":\"Home\",\"item\":\"https:\/\/www.biworldwide.ca\/fr\/\"},{\"@type\":\"ListItem\",\"position\":2,\"name\":\"Comment nous aidons\",\"item\":\"https:\/\/www.biworldwide.ca\/fr\/comment-nous-aidons\/\"},{\"@type\":\"ListItem\",\"position\":3,\"name\":\"Programme de fid\u00e9lit\u00e9\",\"item\":\"https:\/\/www.biworldwide.ca\/fr\/comment-nous-aidons\/fidelite\/\"},{\"@type\":\"ListItem\",\"position\":4,\"name\":\"Block Unlock\"}]},{\"@type\":\"WebSite\",\"@id\":\"https:\/\/www.biworldwide.ca\/fr\/#website\",\"url\":\"https:\/\/www.biworldwide.ca\/fr\/\",\"name\":\"Canada (French)\",\"description\":\"\",\"potentialAction\":[{\"@type\":\"SearchAction\",\"target\":{\"@type\":\"EntryPoint\",\"urlTemplate\":\"https:\/\/www.biworldwide.ca\/fr\/?s={search_term_string}\"},\"query-input\":{\"@type\":\"PropertyValueSpecification\",\"valueRequired\":true,\"valueName\":\"search_term_string\"}}],\"inLanguage\":\"fr-CA\"}]}<\/script>\n<!-- \/ Yoast SEO plugin. -->","yoast_head_json":{"title":"Block Unlock - Canada (French)","description":"Block Unlock\u00ae est un syst\u00e8me ludifi\u00e9 qui utilise la gamification pour stimuler la progression du cycle de vie et encourager le changement de","robots":{"index":"index","follow":"follow","max-snippet":"max-snippet:-1","max-image-preview":"max-image-preview:large","max-video-preview":"max-video-preview:-1"},"canonical":"https:\/\/www.biworldwide.ca\/fr\/comment-nous-aidons\/fidelite\/block-unlock\/","og_locale":"fr_CA","og_type":"article","og_title":"Block Unlock - Canada (French)","og_description":"Block Unlock\u00ae est un syst\u00e8me ludifi\u00e9 qui utilise la gamification pour stimuler la progression du cycle de vie et encourager le changement de","og_url":"https:\/\/www.biworldwide.ca\/fr\/comment-nous-aidons\/fidelite\/block-unlock\/","og_site_name":"Canada (French)","article_modified_time":"2025-04-02T19:34:27+00:00","og_image":[{"url":"https:\/\/www.biworldwide.com\/wp-content\/uploads\/2025\/02\/Customer_BlockUnlock_720x630.jpg","width":720,"height":630,"type":"image\/jpeg"}],"twitter_card":"summary_large_image","twitter_misc":{"Est. reading time":"2 minutes"},"schema":{"@context":"https:\/\/schema.org","@graph":[{"@type":"WebPage","@id":"https:\/\/www.biworldwide.ca\/fr\/comment-nous-aidons\/fidelite\/block-unlock\/","url":"https:\/\/www.biworldwide.ca\/fr\/comment-nous-aidons\/fidelite\/block-unlock\/","name":"Block Unlock - Canada (French)","isPartOf":{"@id":"https:\/\/www.biworldwide.ca\/fr\/#website"},"primaryImageOfPage":{"@id":"https:\/\/www.biworldwide.ca\/fr\/comment-nous-aidons\/fidelite\/block-unlock\/#primaryimage"},"image":{"@id":"https:\/\/www.biworldwide.ca\/fr\/comment-nous-aidons\/fidelite\/block-unlock\/#primaryimage"},"thumbnailUrl":"https:\/\/www.biworldwide.com\/wp-content\/uploads\/2025\/02\/Customer_BlockUnlock_720x630.jpg","datePublished":"2025-03-26T19:09:52+00:00","dateModified":"2025-04-02T19:34:27+00:00","description":"Block Unlock\u00ae est un syst\u00e8me ludifi\u00e9 qui utilise la gamification pour stimuler la progression du cycle de vie et encourager le changement de","breadcrumb":{"@id":"https:\/\/www.biworldwide.ca\/fr\/comment-nous-aidons\/fidelite\/block-unlock\/#breadcrumb"},"inLanguage":"fr-CA","potentialAction":[{"@type":"ReadAction","target":["https:\/\/www.biworldwide.ca\/fr\/comment-nous-aidons\/fidelite\/block-unlock\/"]}]},{"@type":"ImageObject","inLanguage":"fr-CA","@id":"https:\/\/www.biworldwide.ca\/fr\/comment-nous-aidons\/fidelite\/block-unlock\/#primaryimage","url":"https:\/\/www.biworldwide.com\/wp-content\/uploads\/2025\/02\/Customer_BlockUnlock_720x630.jpg","contentUrl":"https:\/\/www.biworldwide.com\/wp-content\/uploads\/2025\/02\/Customer_BlockUnlock_720x630.jpg","caption":"A person holds a tablet displaying the 4Paws website with a dog image and product information. The background is a diagonal split of white and orange, with the Block Unlock logo in the top left corner."},{"@type":"BreadcrumbList","@id":"https:\/\/www.biworldwide.ca\/fr\/comment-nous-aidons\/fidelite\/block-unlock\/#breadcrumb","itemListElement":[{"@type":"ListItem","position":1,"name":"Home","item":"https:\/\/www.biworldwide.ca\/fr\/"},{"@type":"ListItem","position":2,"name":"Comment nous aidons","item":"https:\/\/www.biworldwide.ca\/fr\/comment-nous-aidons\/"},{"@type":"ListItem","position":3,"name":"Programme de fid\u00e9lit\u00e9","item":"https:\/\/www.biworldwide.ca\/fr\/comment-nous-aidons\/fidelite\/"},{"@type":"ListItem","position":4,"name":"Block Unlock"}]},{"@type":"WebSite","@id":"https:\/\/www.biworldwide.ca\/fr\/#website","url":"https:\/\/www.biworldwide.ca\/fr\/","name":"Canada (French)","description":"","potentialAction":[{"@type":"SearchAction","target":{"@type":"EntryPoint","urlTemplate":"https:\/\/www.biworldwide.ca\/fr\/?s={search_term_string}"},"query-input":{"@type":"PropertyValueSpecification","valueRequired":true,"valueName":"search_term_string"}}],"inLanguage":"fr-CA"}]}},"_links":{"self":[{"href":"https:\/\/www.biworldwide.ca\/fr\/wp-json\/wp\/v2\/pages\/1558","targetHints":{"allow":["GET"]}}],"collection":[{"href":"https:\/\/www.biworldwide.ca\/fr\/wp-json\/wp\/v2\/pages"}],"about":[{"href":"https:\/\/www.biworldwide.ca\/fr\/wp-json\/wp\/v2\/types\/page"}],"author":[{"embeddable":true,"href":"https:\/\/www.biworldwide.ca\/fr\/wp-json\/wp\/v2\/users\/28"}],"replies":[{"embeddable":true,"href":"https:\/\/www.biworldwide.ca\/fr\/wp-json\/wp\/v2\/comments?post=1558"}],"version-history":[{"count":6,"href":"https:\/\/www.biworldwide.ca\/fr\/wp-json\/wp\/v2\/pages\/1558\/revisions"}],"predecessor-version":[{"id":2171,"href":"https:\/\/www.biworldwide.ca\/fr\/wp-json\/wp\/v2\/pages\/1558\/revisions\/2171"}],"up":[{"embeddable":true,"href":"https:\/\/www.biworldwide.ca\/fr\/wp-json\/wp\/v2\/pages\/122"}],"wp:featuredmedia":[{"embeddable":true,"href":"https:\/\/www.biworldwide.ca\/fr\/wp-json\/wp\/v2\/media\/648"}],"wp:attachment":[{"href":"https:\/\/www.biworldwide.ca\/fr\/wp-json\/wp\/v2\/media?parent=1558"}],"wp:term":[{"taxonomy":"wf_page_folders","embeddable":true,"href":"https:\/\/www.biworldwide.ca\/fr\/wp-json\/wp\/v2\/wf_page_folders?post=1558"}],"curies":[{"name":"wp","href":"https:\/\/api.w.org\/{rel}","templated":true}]}}