{"id":155,"date":"2025-01-14T16:24:27","date_gmt":"2025-01-14T16:24:27","guid":{"rendered":"https:\/\/live-biw-main.pantheonsite.io\/?page_id=155"},"modified":"2025-04-02T15:53:21","modified_gmt":"2025-04-02T22:53:21","slug":"services-financiers-et-assurances","status":"publish","type":"page","link":"https:\/\/www.biworldwide.ca\/fr\/a-qui-nous-servons\/services-financiers-et-assurances\/","title":{"rendered":"Services financiers et assurances"},"content":{"rendered":"<div class=\" has-content-align-left has-overlay has-overlay--dark alignfull wp-block-biw-block-theme-hero\">\n\t<div class=\"biw-hero__grid\">\n\t\t\t\t\t<div class=\"biw-hero__breadcrumbs\">\n\t\t\t\t<div id=\"breadcrumbs\" class=\"breadcrumb-nav__wrapper\"><span class=\"breadcrumb-nav\"><span><a href=\"https:\/\/www.biworldwide.ca\/fr\/\">Home<\/a><\/span><\/span><\/div>\t\t\t<\/div>\n\t\t\n\t\t\t\t\t<div class=\"biw-hero__media \">\n\t\t\t\t\t\t\t\t\t<div class=\"biw-hero__overlay overlay-dark\"><\/div>\n\t\t\t\t\t\t\t\t<img decoding=\"async\" src=\"http:\/\/live-biw-main.pantheonsite.io\/wp-content\/uploads\/2025\/02\/BIW_Site_Hero_Financial-scaled.jpg\" alt=\"A screen shot of a computer screen.\" class=\"biw-hero__bg-image\" style=\"object-position: 50% 50%;\">\t\t\t<\/div>\n\t\t\t\t<div class=\"biw-hero__content\">\n\t\t\t\t\t\t<h1 class=\"biw-hero__title\" style=\"line-height: 1.2\">\n\t\t\t\tObtenir des r\u00e9sultats. Tout en respectant les r\u00e9glementations.\t\t\t<\/h1>\n\t\t\t\t\t\t\t<h2 class=\"biw-hero__subtitle\">\n\t\t\t\t\tFaites confiance par les grandes organisations financi\u00e8res pour renforcer l&rsquo;engagement, les efforts et l&rsquo;inspiration des employ\u00e9s de haut niveau.\t\t\t\t<\/h2>\n\t\t\t\t\t\t\t\t\t\t<div class=\"biw-hero__text\">\n\t\t\t\t\t\n\n<p>Dans l&rsquo;industrie financi\u00e8re hautement r\u00e9glement\u00e9e, nos strat\u00e9gies de renomm\u00e9e mondiale sont con\u00e7ues pour une conformit\u00e9 rigoureuse, offrant des r\u00e9sultats extraordinaires pour les banques, les agences d&rsquo;assurances, les soci\u00e9t\u00e9s d&rsquo;investissement, les conseillers financiers, les analystes, les gestionnaires de placements et les courtiers.<\/p>\n\n\t\t\t\t<\/div>\n\t\t\t\t\t\t\t\t<\/div>\n\t<\/div>\n<\/div>\n\n\n\n<div class=\"wp-block-group  layout-columns-7 has-global-padding is-layout-constrained wp-container-core-group-is-layout-a133ec42 wp-block-group-is-layout-constrained\">\n<h2 class=\"wp-block-heading\">Une performance sur laquelle vous pouvez compter.<\/h2>\n\n\n\n<p>Nous concevons des programmes sur mesure pour engager, int\u00e9grer, \u00e9duquer, inspirer, certifier, reconna\u00eetre et motiver votre \u00e9quipe avec des solutions int\u00e9gr\u00e9es.<\/p>\n\n\n\n<p class=\"has-xl-font-size\"><strong><a href=\"https:\/\/www.biworldwide.ca\/fr\/comment-nous-aidons\/reconnaissance\/\">Reconnaissance fond\u00e9e sur les r\u00e9sultats<\/a><\/strong><\/p>\n\n\n\n<p>Notre approche hybride combine des initiatives qualitatives de changement de comportement avec des incitatifs quantitatifs ax\u00e9s sur les r\u00e9sultats. Dans l&rsquo;industrie financi\u00e8re hautement r\u00e9glement\u00e9e, nos programmes produisent des r\u00e9sultats tout en garantissant la conformit\u00e9. Nous nous concentrons sur le d\u00e9veloppement \u00e0 long terme des relations avec les clients, en \u00e9vitant les paiements transactionnels. Cette strat\u00e9gie \u00e9largit les portefeuilles, profitant \u00e0 la fois \u00e0 la rentabilit\u00e9 des entreprises et aux gains individuels des consommateurs, cr\u00e9ant une situation gagnant-gagnant pour les institutions financi\u00e8res dans les secteurs business-to-business (B2B) et business-to-consumer (B2C).<\/p>\n\n\n\n<p class=\"has-xl-font-size\"><strong><a href=\"https:\/\/www.biworldwide.ca\/fr\/problemes-que-nous-resolvons\/engagement-des-employes\/\">Int\u00e9gration et r\u00e9tention<\/a><\/strong><\/p>\n\n\n\n<p>Nous offrons des programmes pour attirer des talents de classe mondiale et retenir des professionnels bancaires exp\u00e9riment\u00e9s. Nos initiatives c\u00e9l\u00e8brent les \u00e9tapes cl\u00e9s tout au long du cycle de vie de l&#8217;employ\u00e9, depuis le recrutement jusqu&rsquo;\u00e0 la retraite. En int\u00e9grant le recrutement avec la formation, la reconnaissance des \u00e9tapes et les r\u00e9compenses, nous favorisons une culture qui int\u00e8gre rapidement les employ\u00e9s \u00e0 l&rsquo;entreprise et les motive, tout en les valorisant tout au long de leur parcours professionnel.<\/p>\n\n\n\n<p class=\"has-xl-font-size\"><strong><a href=\"\/\/www.biworldwide.ca\/fr\/problemes-que-nous-resolvons\/engagement-des-employes\/les-nouvelles-regles-de-lengagement\/\">Strat\u00e9gies ax\u00e9es sur la culture<\/a><\/strong><\/p>\n\n\n\n<p>Nous concevons des programmes de reconnaissance des employ\u00e9s qui engagent tous les employ\u00e9s, quel que soit leur anciennet\u00e9. En c\u00e9l\u00e9brant les r\u00e9alisations exceptionnelles et le soutien entre coll\u00e8gues, nous veillons \u00e0 ce que chacun se sente valoris\u00e9. Les gestionnaires peuvent utiliser une technologie intelligente adapt\u00e9e \u00e0 l\u2019audience pour cr\u00e9er des programmes sur mesure qui s\u2019alignent sur les objectifs d\u00e9partementaux et organisationnels, assurant ainsi l\u2019efficacit\u00e9 budg\u00e9taire et l\u2019engagement des employ\u00e9s.<\/p>\n<\/div>\n\n\n\n<div class=\"wp-block-group alignfull  has-background-angle-to-left bg-angle-accent-cyan has-global-padding is-layout-constrained wp-container-core-group-is-layout-d3543a3b wp-block-group-is-layout-constrained\">\n<div class=\"wp-block-group  layout-columns-10 has-global-padding is-layout-constrained wp-container-core-group-is-layout-0b5f5b40 wp-block-group-is-layout-constrained\">\n<div class=\"wp-block-group is-content-justification-center is-layout-flex wp-container-core-group-is-layout-b4c50f06 wp-block-group-is-layout-flex\"><div class=\" has-dynamic-border-radius has-image-size-cover has-image-radius-none is-style-default wp-block-biw-block-theme-biw-card\">\n\t\t\t<figure class=\"biw-card__image-wrapper \">\n\t\t\t<img decoding=\"async\" src=\"http:\/\/live-biw-main.pantheonsite.io\/wp-content\/uploads\/2025\/03\/BIW_Brand_Banks-and-Investment-Houses.svg\" alt=\"\" class=\"biw-card__image\" style=\"object-position: 50% 50%;\">\t\t<\/figure>\n\t\t<div class=\"biw-card__content\">\n\t\t<h3 class=\"biw-card__title\">\n\t\t\t\t\t\t\tBanques et soci\u00e9t\u00e9s d\u2019investissement\t\t\t\t\t<\/h3>\n\t\t<div class=\"biw-card__text\">\n\n<p><\/p>\n\n<\/div>\n\t<\/div>\n\t<\/div>\n\n<div class=\" has-dynamic-border-radius has-image-size-cover has-image-radius-none is-style-default wp-block-biw-block-theme-biw-card\">\n\t\t\t<figure class=\"biw-card__image-wrapper \">\n\t\t\t<img decoding=\"async\" src=\"http:\/\/live-biw-main.pantheonsite.io\/wp-content\/uploads\/2025\/03\/BIW_Brand_Insurance-Agencies.svg\" alt=\"\" class=\"biw-card__image\" style=\"object-position: 50% 50%;\">\t\t<\/figure>\n\t\t<div class=\"biw-card__content\">\n\t\t<h3 class=\"biw-card__title\">\n\t\t\t\t\t\t\tAgences d&rsquo;assurances\t\t\t\t\t<\/h3>\n\t\t<div class=\"biw-card__text\">\n\n<p><\/p>\n\n<\/div>\n\t<\/div>\n\t<\/div>\n\n<div class=\" has-dynamic-border-radius has-image-size-cover has-image-radius-none is-style-default wp-block-biw-block-theme-biw-card\">\n\t\t\t<figure class=\"biw-card__image-wrapper \">\n\t\t\t<img decoding=\"async\" src=\"http:\/\/live-biw-main.pantheonsite.io\/wp-content\/uploads\/2025\/03\/BIW_Brand_Analsys-investments-managers-and-brokers.svg\" alt=\"\" class=\"biw-card__image\" style=\"object-position: 50% 50%;\">\t\t<\/figure>\n\t\t<div class=\"biw-card__content\">\n\t\t<h3 class=\"biw-card__title\">\n\t\t\t\t\t\t\tAnalystes, gestionnaires de placements et courtiers\t\t\t\t\t<\/h3>\n\t\t<div class=\"biw-card__text\">\n\n<p><\/p>\n\n<\/div>\n\t<\/div>\n\t<\/div><\/div>\n<\/div>\n<span class='background-angle-wrapper'><svg fill='none' viewBox='0 0 1728 699' xmlns='http:\/\/www.w3.org\/2000\/svg'><path d='M1728 0H0V294.923L1728 698.43V0Z' fill='url(#69d9a1308e0a9)'\/><defs><linearGradient id='69d9a1308e0a9' x1='1738.8' x2='1701' y1='717.27' y2='15.023' gradientUnits='userSpaceOnUse'><stop stop-color='#19C3D0' stop-opacity='.3' offset='0'\/><stop stop-color='#19C3D0' stop-opacity='0' offset='1'\/><\/linearGradient><\/defs><\/svg><\/span><\/div>","protected":false},"excerpt":{"rendered":"<p>Une performance sur laquelle vous pouvez compter. Nous concevons des programmes sur mesure pour engager, int\u00e9grer, \u00e9duquer, inspirer, certifier, reconna\u00eetre et motiver votre \u00e9quipe avec des solutions int\u00e9gr\u00e9es. Reconnaissance fond\u00e9e sur les r\u00e9sultats Notre approche hybride combine des initiatives qualitatives de changement de comportement avec des incitatifs quantitatifs ax\u00e9s sur les r\u00e9sultats. Dans l&rsquo;industrie financi\u00e8re [&hellip;]<\/p>\n","protected":false},"author":11,"featured_media":866,"parent":140,"menu_order":0,"comment_status":"closed","ping_status":"closed","template":"","meta":{"featured_image_focal_point":{"x":0.83,"y":0.45},"footnotes":""},"wf_page_folders":[],"class_list":["post-155","page","type-page","status-publish","has-post-thumbnail","hentry"],"yoast_head":"<!-- This site is optimized with the Yoast SEO plugin v26.2 - https:\/\/yoast.com\/wordpress\/plugins\/seo\/ -->\n<title>Services financiers et assurances - Canada (French)<\/title>\n<meta name=\"description\" content=\"Faites confiance par les grandes organisations canadiennes de services financiers et d&#039;assurances pour g\u00e9rer des incitatifs pour les\" \/>\n<meta name=\"robots\" content=\"index, follow, max-snippet:-1, max-image-preview:large, max-video-preview:-1\" \/>\n<link rel=\"canonical\" href=\"https:\/\/www.biworldwide.ca\/fr\/a-qui-nous-servons\/services-financiers-et-assurances\/\" \/>\n<meta property=\"og:locale\" content=\"fr_CA\" \/>\n<meta property=\"og:type\" content=\"article\" \/>\n<meta property=\"og:title\" content=\"Services financiers et assurances - Canada (French)\" \/>\n<meta property=\"og:description\" content=\"Faites confiance par les grandes organisations canadiennes de services financiers et d&#039;assurances pour g\u00e9rer des incitatifs pour les\" \/>\n<meta property=\"og:url\" content=\"https:\/\/www.biworldwide.ca\/fr\/a-qui-nous-servons\/services-financiers-et-assurances\/\" \/>\n<meta property=\"og:site_name\" content=\"Canada (French)\" \/>\n<meta property=\"article:modified_time\" content=\"2025-04-02T22:53:21+00:00\" \/>\n<meta property=\"og:image\" content=\"https:\/\/www.biworldwide.com\/wp-content\/uploads\/2025\/02\/BIW_Site_Hero_Financial-scaled.jpg\" \/>\n\t<meta property=\"og:image:width\" content=\"2560\" \/>\n\t<meta property=\"og:image:height\" content=\"889\" \/>\n\t<meta property=\"og:image:type\" content=\"image\/jpeg\" \/>\n<meta name=\"twitter:card\" content=\"summary_large_image\" \/>\n<meta name=\"twitter:label1\" content=\"Est. reading time\" \/>\n\t<meta name=\"twitter:data1\" content=\"2 minutes\" \/>\n<script type=\"application\/ld+json\" class=\"yoast-schema-graph\">{\"@context\":\"https:\/\/schema.org\",\"@graph\":[{\"@type\":\"WebPage\",\"@id\":\"https:\/\/www.biworldwide.ca\/fr\/a-qui-nous-servons\/services-financiers-et-assurances\/\",\"url\":\"https:\/\/www.biworldwide.ca\/fr\/a-qui-nous-servons\/services-financiers-et-assurances\/\",\"name\":\"Services financiers et assurances - Canada (French)\",\"isPartOf\":{\"@id\":\"https:\/\/www.biworldwide.ca\/fr\/#website\"},\"primaryImageOfPage\":{\"@id\":\"https:\/\/www.biworldwide.ca\/fr\/a-qui-nous-servons\/services-financiers-et-assurances\/#primaryimage\"},\"image\":{\"@id\":\"https:\/\/www.biworldwide.ca\/fr\/a-qui-nous-servons\/services-financiers-et-assurances\/#primaryimage\"},\"thumbnailUrl\":\"https:\/\/www.biworldwide.com\/wp-content\/uploads\/2025\/02\/BIW_Site_Hero_Financial-scaled.jpg\",\"datePublished\":\"2025-01-14T16:24:27+00:00\",\"dateModified\":\"2025-04-02T22:53:21+00:00\",\"description\":\"Faites confiance par les grandes organisations canadiennes de services financiers et d'assurances pour g\u00e9rer des incitatifs pour les\",\"breadcrumb\":{\"@id\":\"https:\/\/www.biworldwide.ca\/fr\/a-qui-nous-servons\/services-financiers-et-assurances\/#breadcrumb\"},\"inLanguage\":\"fr-CA\",\"potentialAction\":[{\"@type\":\"ReadAction\",\"target\":[\"https:\/\/www.biworldwide.ca\/fr\/a-qui-nous-servons\/services-financiers-et-assurances\/\"]}]},{\"@type\":\"ImageObject\",\"inLanguage\":\"fr-CA\",\"@id\":\"https:\/\/www.biworldwide.ca\/fr\/a-qui-nous-servons\/services-financiers-et-assurances\/#primaryimage\",\"url\":\"https:\/\/www.biworldwide.com\/wp-content\/uploads\/2025\/02\/BIW_Site_Hero_Financial-scaled.jpg\",\"contentUrl\":\"https:\/\/www.biworldwide.com\/wp-content\/uploads\/2025\/02\/BIW_Site_Hero_Financial-scaled.jpg\",\"caption\":\"A screen shot of a computer screen.\"},{\"@type\":\"BreadcrumbList\",\"@id\":\"https:\/\/www.biworldwide.ca\/fr\/a-qui-nous-servons\/services-financiers-et-assurances\/#breadcrumb\",\"itemListElement\":[{\"@type\":\"ListItem\",\"position\":1,\"name\":\"Home\",\"item\":\"https:\/\/www.biworldwide.ca\/fr\/\"},{\"@type\":\"ListItem\",\"position\":2,\"name\":\"\u00c0 qui nous servons\",\"item\":\"https:\/\/www.biworldwide.ca\/fr\/a-qui-nous-servons\/\"},{\"@type\":\"ListItem\",\"position\":3,\"name\":\"Services financiers et assurances\"}]},{\"@type\":\"WebSite\",\"@id\":\"https:\/\/www.biworldwide.ca\/fr\/#website\",\"url\":\"https:\/\/www.biworldwide.ca\/fr\/\",\"name\":\"Canada (French)\",\"description\":\"\",\"potentialAction\":[{\"@type\":\"SearchAction\",\"target\":{\"@type\":\"EntryPoint\",\"urlTemplate\":\"https:\/\/www.biworldwide.ca\/fr\/?s={search_term_string}\"},\"query-input\":{\"@type\":\"PropertyValueSpecification\",\"valueRequired\":true,\"valueName\":\"search_term_string\"}}],\"inLanguage\":\"fr-CA\"}]}<\/script>\n<!-- \/ Yoast SEO plugin. -->","yoast_head_json":{"title":"Services financiers et assurances - Canada (French)","description":"Faites confiance par les grandes organisations canadiennes de services financiers et d'assurances pour g\u00e9rer des incitatifs pour les","robots":{"index":"index","follow":"follow","max-snippet":"max-snippet:-1","max-image-preview":"max-image-preview:large","max-video-preview":"max-video-preview:-1"},"canonical":"https:\/\/www.biworldwide.ca\/fr\/a-qui-nous-servons\/services-financiers-et-assurances\/","og_locale":"fr_CA","og_type":"article","og_title":"Services financiers et assurances - Canada (French)","og_description":"Faites confiance par les grandes organisations canadiennes de services financiers et d'assurances pour g\u00e9rer des incitatifs pour les","og_url":"https:\/\/www.biworldwide.ca\/fr\/a-qui-nous-servons\/services-financiers-et-assurances\/","og_site_name":"Canada (French)","article_modified_time":"2025-04-02T22:53:21+00:00","og_image":[{"url":"https:\/\/www.biworldwide.com\/wp-content\/uploads\/2025\/02\/BIW_Site_Hero_Financial-scaled.jpg","width":2560,"height":889,"type":"image\/jpeg"}],"twitter_card":"summary_large_image","twitter_misc":{"Est. reading time":"2 minutes"},"schema":{"@context":"https:\/\/schema.org","@graph":[{"@type":"WebPage","@id":"https:\/\/www.biworldwide.ca\/fr\/a-qui-nous-servons\/services-financiers-et-assurances\/","url":"https:\/\/www.biworldwide.ca\/fr\/a-qui-nous-servons\/services-financiers-et-assurances\/","name":"Services financiers et assurances - Canada (French)","isPartOf":{"@id":"https:\/\/www.biworldwide.ca\/fr\/#website"},"primaryImageOfPage":{"@id":"https:\/\/www.biworldwide.ca\/fr\/a-qui-nous-servons\/services-financiers-et-assurances\/#primaryimage"},"image":{"@id":"https:\/\/www.biworldwide.ca\/fr\/a-qui-nous-servons\/services-financiers-et-assurances\/#primaryimage"},"thumbnailUrl":"https:\/\/www.biworldwide.com\/wp-content\/uploads\/2025\/02\/BIW_Site_Hero_Financial-scaled.jpg","datePublished":"2025-01-14T16:24:27+00:00","dateModified":"2025-04-02T22:53:21+00:00","description":"Faites confiance par les grandes organisations canadiennes de services financiers et d'assurances pour g\u00e9rer des incitatifs pour les","breadcrumb":{"@id":"https:\/\/www.biworldwide.ca\/fr\/a-qui-nous-servons\/services-financiers-et-assurances\/#breadcrumb"},"inLanguage":"fr-CA","potentialAction":[{"@type":"ReadAction","target":["https:\/\/www.biworldwide.ca\/fr\/a-qui-nous-servons\/services-financiers-et-assurances\/"]}]},{"@type":"ImageObject","inLanguage":"fr-CA","@id":"https:\/\/www.biworldwide.ca\/fr\/a-qui-nous-servons\/services-financiers-et-assurances\/#primaryimage","url":"https:\/\/www.biworldwide.com\/wp-content\/uploads\/2025\/02\/BIW_Site_Hero_Financial-scaled.jpg","contentUrl":"https:\/\/www.biworldwide.com\/wp-content\/uploads\/2025\/02\/BIW_Site_Hero_Financial-scaled.jpg","caption":"A screen shot of a computer screen."},{"@type":"BreadcrumbList","@id":"https:\/\/www.biworldwide.ca\/fr\/a-qui-nous-servons\/services-financiers-et-assurances\/#breadcrumb","itemListElement":[{"@type":"ListItem","position":1,"name":"Home","item":"https:\/\/www.biworldwide.ca\/fr\/"},{"@type":"ListItem","position":2,"name":"\u00c0 qui nous servons","item":"https:\/\/www.biworldwide.ca\/fr\/a-qui-nous-servons\/"},{"@type":"ListItem","position":3,"name":"Services financiers et assurances"}]},{"@type":"WebSite","@id":"https:\/\/www.biworldwide.ca\/fr\/#website","url":"https:\/\/www.biworldwide.ca\/fr\/","name":"Canada (French)","description":"","potentialAction":[{"@type":"SearchAction","target":{"@type":"EntryPoint","urlTemplate":"https:\/\/www.biworldwide.ca\/fr\/?s={search_term_string}"},"query-input":{"@type":"PropertyValueSpecification","valueRequired":true,"valueName":"search_term_string"}}],"inLanguage":"fr-CA"}]}},"_links":{"self":[{"href":"https:\/\/www.biworldwide.ca\/fr\/wp-json\/wp\/v2\/pages\/155","targetHints":{"allow":["GET"]}}],"collection":[{"href":"https:\/\/www.biworldwide.ca\/fr\/wp-json\/wp\/v2\/pages"}],"about":[{"href":"https:\/\/www.biworldwide.ca\/fr\/wp-json\/wp\/v2\/types\/page"}],"author":[{"embeddable":true,"href":"https:\/\/www.biworldwide.ca\/fr\/wp-json\/wp\/v2\/users\/11"}],"replies":[{"embeddable":true,"href":"https:\/\/www.biworldwide.ca\/fr\/wp-json\/wp\/v2\/comments?post=155"}],"version-history":[{"count":8,"href":"https:\/\/www.biworldwide.ca\/fr\/wp-json\/wp\/v2\/pages\/155\/revisions"}],"predecessor-version":[{"id":2229,"href":"https:\/\/www.biworldwide.ca\/fr\/wp-json\/wp\/v2\/pages\/155\/revisions\/2229"}],"up":[{"embeddable":true,"href":"https:\/\/www.biworldwide.ca\/fr\/wp-json\/wp\/v2\/pages\/140"}],"wp:featuredmedia":[{"embeddable":true,"href":"https:\/\/www.biworldwide.ca\/fr\/wp-json\/wp\/v2\/media\/866"}],"wp:attachment":[{"href":"https:\/\/www.biworldwide.ca\/fr\/wp-json\/wp\/v2\/media?parent=155"}],"wp:term":[{"taxonomy":"wf_page_folders","embeddable":true,"href":"https:\/\/www.biworldwide.ca\/fr\/wp-json\/wp\/v2\/wf_page_folders?post=155"}],"curies":[{"name":"wp","href":"https:\/\/api.w.org\/{rel}","templated":true}]}}