{"id":1539,"date":"2025-03-26T11:18:13","date_gmt":"2025-03-26T18:18:13","guid":{"rendered":"https:\/\/www.biworldwide.ca\/fr\/?page_id=1539"},"modified":"2025-04-14T11:12:25","modified_gmt":"2025-04-14T18:12:25","slug":"plateforme-dexperience-dapprentissage","status":"publish","type":"page","link":"https:\/\/www.biworldwide.ca\/fr\/comment-nous-aidons\/apprentissage\/plateforme-dexperience-dapprentissage\/","title":{"rendered":"Plateforme d&rsquo;exp\u00e9rience d&rsquo;apprentissage L\u2022EARN"},"content":{"rendered":"<div class=\" has-content-align-left has-overlay has-overlay--dark alignfull wp-block-biw-block-theme-hero\">\n\t<div class=\"biw-hero__grid\">\n\t\t\t\t\t<div class=\"biw-hero__breadcrumbs\">\n\t\t\t\t<div id=\"breadcrumbs\" class=\"breadcrumb-nav__wrapper\"><span class=\"breadcrumb-nav\"><span><a href=\"https:\/\/www.biworldwide.ca\/fr\/\">Home<\/a><\/span><\/span><\/div>\t\t\t<\/div>\n\t\t\n\t\t\t\t\t<div class=\"biw-hero__media \">\n\t\t\t\t\t\t\t\t\t<div class=\"biw-hero__overlay overlay-dark\"><\/div>\n\t\t\t\t\t\t\t\t<img decoding=\"async\" src=\"http:\/\/live-biw-main.pantheonsite.io\/wp-content\/uploads\/2025\/02\/Learning-1728x600px.jpg\" alt=\"A womans face in profile on the right with her hair blending into golden puzzle pieces. The pieces disperse into the background, creating an abstract effect against a textured, dark backdrop.\" class=\"biw-hero__bg-image\" style=\"object-position: 50% 50%;\">\t\t\t<\/div>\n\t\t\t\t<div class=\"biw-hero__content\">\n\t\t\t\t\t\t<h1 class=\"biw-hero__title\" style=\"line-height: 1.2\">\n\t\t\t\tPlateforme d&rsquo;exp\u00e9rience d&rsquo;apprentissage L\u2022EARN\t\t\t<\/h1>\n\t\t\t\t\t\t\t<h2 class=\"biw-hero__subtitle\">\n\t\t\t\t\tUn seul portail. Aucune prise de t\u00eate.\t\t\t\t<\/h2>\n\t\t\t\t\t\t\t\t\t\t<div class=\"biw-hero__text\">\n\t\t\t\t\t\n\n<p>Nous avons rassembl\u00e9 tout ce dont votre \u00e9quipe de vente a besoin pour rester \u00e0 jour dans un portail convivial. Des informations dispers\u00e9es m\u00e8nent \u00e0 des informations manqu\u00e9es. Simplifions les choses pour tout le monde.<\/p>\n\n\t\t\t\t<\/div>\n\t\t\t\t\t\t\t\t<\/div>\n\t<\/div>\n<\/div>\n\n\n\n<div class=\"wp-block-group  layout-columns-7 has-global-padding is-layout-constrained wp-container-core-group-is-layout-a133ec42 wp-block-group-is-layout-constrained\">\n<h2 class=\"wp-block-heading\">Tout ce dont ils ont besoin. Tout en un seul endroit.<\/h2>\n\n\n\n<p>Votre \u00e9quipe est occup\u00e9e\u2014trop occup\u00e9e pour suivre les mises \u00e0 jour de la marque, le d\u00e9veloppement professionnel et les d\u00e9tails des lancements. Nous comprenons ce que signifie \u00ab\u00a0occup\u00e9\u00a0\u00bb. C\u2019est pourquoi nous avons cr\u00e9\u00e9 L\u2022EARN LXP, notre plateforme d&rsquo;exp\u00e9rience d&rsquo;apprentissage tout-en-un qui met tout ce dont ils ont besoin au bout des doigts.<\/p>\n\n\n\n<p>Dites adieu aux multiples connexions et \u00e0 la recherche interminable parmi les e-mails et les documents. L\u2022EARN regroupe toutes les informations essentielles dans un tableau de bord simple et convivial, permettant \u00e0 votre \u00e9quipe d&rsquo;acc\u00e9der exactement \u00e0 ce dont elle a besoin pour rester \u00e0 jour avec les mises \u00e0 jour de la marque, tout au m\u00eame endroit.<\/p>\n\n\n\n<p class=\"has-large-font-size\"><strong>Fonctionnalit\u00e9s de L\u2022EARN :<\/strong><\/p>\n\n\n\n<ul class=\"wp-block-list\">\n<li class=\"has-xl-font-size\"><strong>Gamification<\/strong> pour stimuler l&rsquo;engagement<\/li>\n\n\n\n<li class=\"has-xl-font-size\"><strong>Apprentissage personnalis\u00e9<\/strong> pour recevoir les formations les plus pertinentes<\/li>\n\n\n\n<li class=\"has-xl-font-size\"><strong>Conception r\u00e9active<\/strong> pour rendre tout aussi convivial que possible<\/li>\n\n\n\n<li class=\"has-xl-font-size\"><strong>Exp\u00e9rience utilisateur (UX) personnalis\u00e9e<\/strong> pour cr\u00e9er une UX unique \u00e0 votre marque<\/li>\n\n\n\n<li class=\"has-xl-font-size\"><strong>Intelligence artificielle (IA) conseill\u00e8re en apprentissage<\/strong> pour guider les apprenants dans un parcours qui leur est sp\u00e9cifique<\/li>\n\n\n\n<li class=\"has-xl-font-size\"><strong>Apprendre-et-Gagner<\/strong> pour r\u00e9compenser l&rsquo;accomplissement des objectifs d&rsquo;apprentissage<\/li>\n<\/ul>\n\n\n\n<p>Simplifiez votre processus de vente et acc\u00e9l\u00e9rez les r\u00e9sultats avec LXP.<br><\/p>\n<\/div>\n","protected":false},"excerpt":{"rendered":"<p>Tout ce dont ils ont besoin. Tout en un seul endroit. Votre \u00e9quipe est occup\u00e9e\u2014trop occup\u00e9e pour suivre les mises \u00e0 jour de la marque, le d\u00e9veloppement professionnel et les d\u00e9tails des lancements. Nous comprenons ce que signifie \u00ab\u00a0occup\u00e9\u00a0\u00bb. C\u2019est pourquoi nous avons cr\u00e9\u00e9 L\u2022EARN LXP, notre plateforme d&rsquo;exp\u00e9rience d&rsquo;apprentissage tout-en-un qui met tout ce [&hellip;]<\/p>\n","protected":false},"author":28,"featured_media":1049,"parent":120,"menu_order":0,"comment_status":"closed","ping_status":"closed","template":"","meta":{"featured_image_focal_point":{"x":0.5,"y":0.5},"footnotes":""},"wf_page_folders":[],"class_list":["post-1539","page","type-page","status-publish","has-post-thumbnail","hentry"],"yoast_head":"<!-- This site is optimized with the Yoast SEO plugin v26.2 - https:\/\/yoast.com\/wordpress\/plugins\/seo\/ -->\n<title>Plateforme d&#039;exp\u00e9rience d&#039;apprentissage L\u2022EARN - Canada (French)<\/title>\n<meta name=\"description\" content=\"L\u2022EARN LXP\u2014notre plateforme d&#039;exp\u00e9rience d&#039;apprentissage\u2014regroupe tout ce que votre \u00e9quipe de vente et vos partenaires de distribution\" \/>\n<meta name=\"robots\" content=\"index, follow, max-snippet:-1, max-image-preview:large, max-video-preview:-1\" \/>\n<link rel=\"canonical\" href=\"https:\/\/www.biworldwide.ca\/fr\/comment-nous-aidons\/apprentissage\/plateforme-dexperience-dapprentissage\/\" \/>\n<meta property=\"og:locale\" content=\"fr_CA\" \/>\n<meta property=\"og:type\" content=\"article\" \/>\n<meta property=\"og:title\" content=\"Plateforme d&#039;exp\u00e9rience d&#039;apprentissage L\u2022EARN - Canada (French)\" \/>\n<meta property=\"og:description\" content=\"L\u2022EARN LXP\u2014notre plateforme d&#039;exp\u00e9rience d&#039;apprentissage\u2014regroupe tout ce que votre \u00e9quipe de vente et vos partenaires de distribution\" \/>\n<meta property=\"og:url\" content=\"https:\/\/www.biworldwide.ca\/fr\/comment-nous-aidons\/apprentissage\/plateforme-dexperience-dapprentissage\/\" \/>\n<meta property=\"og:site_name\" content=\"Canada (French)\" \/>\n<meta property=\"article:modified_time\" content=\"2025-04-14T18:12:25+00:00\" \/>\n<meta property=\"og:image\" content=\"https:\/\/www.biworldwide.com\/wp-content\/uploads\/2025\/02\/Learning-1300x732px.jpg\" \/>\n\t<meta property=\"og:image:width\" content=\"1300\" \/>\n\t<meta property=\"og:image:height\" content=\"732\" \/>\n\t<meta property=\"og:image:type\" content=\"image\/jpeg\" \/>\n<meta name=\"twitter:card\" content=\"summary_large_image\" \/>\n<meta name=\"twitter:label1\" content=\"Est. reading time\" \/>\n\t<meta name=\"twitter:data1\" content=\"2 minutes\" \/>\n<script type=\"application\/ld+json\" class=\"yoast-schema-graph\">{\"@context\":\"https:\/\/schema.org\",\"@graph\":[{\"@type\":\"WebPage\",\"@id\":\"https:\/\/www.biworldwide.ca\/fr\/comment-nous-aidons\/apprentissage\/plateforme-dexperience-dapprentissage\/\",\"url\":\"https:\/\/www.biworldwide.ca\/fr\/comment-nous-aidons\/apprentissage\/plateforme-dexperience-dapprentissage\/\",\"name\":\"Plateforme d'exp\u00e9rience d'apprentissage L\u2022EARN - Canada (French)\",\"isPartOf\":{\"@id\":\"https:\/\/www.biworldwide.ca\/fr\/#website\"},\"primaryImageOfPage\":{\"@id\":\"https:\/\/www.biworldwide.ca\/fr\/comment-nous-aidons\/apprentissage\/plateforme-dexperience-dapprentissage\/#primaryimage\"},\"image\":{\"@id\":\"https:\/\/www.biworldwide.ca\/fr\/comment-nous-aidons\/apprentissage\/plateforme-dexperience-dapprentissage\/#primaryimage\"},\"thumbnailUrl\":\"https:\/\/www.biworldwide.com\/wp-content\/uploads\/2025\/02\/Learning-1300x732px.jpg\",\"datePublished\":\"2025-03-26T18:18:13+00:00\",\"dateModified\":\"2025-04-14T18:12:25+00:00\",\"description\":\"L\u2022EARN LXP\u2014notre plateforme d'exp\u00e9rience d'apprentissage\u2014regroupe tout ce que votre \u00e9quipe de vente et vos partenaires de distribution\",\"breadcrumb\":{\"@id\":\"https:\/\/www.biworldwide.ca\/fr\/comment-nous-aidons\/apprentissage\/plateforme-dexperience-dapprentissage\/#breadcrumb\"},\"inLanguage\":\"fr-CA\",\"potentialAction\":[{\"@type\":\"ReadAction\",\"target\":[\"https:\/\/www.biworldwide.ca\/fr\/comment-nous-aidons\/apprentissage\/plateforme-dexperience-dapprentissage\/\"]}]},{\"@type\":\"ImageObject\",\"inLanguage\":\"fr-CA\",\"@id\":\"https:\/\/www.biworldwide.ca\/fr\/comment-nous-aidons\/apprentissage\/plateforme-dexperience-dapprentissage\/#primaryimage\",\"url\":\"https:\/\/www.biworldwide.com\/wp-content\/uploads\/2025\/02\/Learning-1300x732px.jpg\",\"contentUrl\":\"https:\/\/www.biworldwide.com\/wp-content\/uploads\/2025\/02\/Learning-1300x732px.jpg\",\"caption\":\"A womans face in profile blends into a textured background of golden and charcoal puzzle pieces, symbolizing complexity and interconnection. Her expression is thoughtful, with loose pieces surrounding her head.\"},{\"@type\":\"BreadcrumbList\",\"@id\":\"https:\/\/www.biworldwide.ca\/fr\/comment-nous-aidons\/apprentissage\/plateforme-dexperience-dapprentissage\/#breadcrumb\",\"itemListElement\":[{\"@type\":\"ListItem\",\"position\":1,\"name\":\"Home\",\"item\":\"https:\/\/www.biworldwide.ca\/fr\/\"},{\"@type\":\"ListItem\",\"position\":2,\"name\":\"Comment nous aidons\",\"item\":\"https:\/\/www.biworldwide.ca\/fr\/comment-nous-aidons\/\"},{\"@type\":\"ListItem\",\"position\":3,\"name\":\"Programmes d&#8217;apprentissage\",\"item\":\"https:\/\/www.biworldwide.ca\/fr\/comment-nous-aidons\/apprentissage\/\"},{\"@type\":\"ListItem\",\"position\":4,\"name\":\"Plateforme d&#8217;exp\u00e9rience d&#8217;apprentissage L\u2022EARN\"}]},{\"@type\":\"WebSite\",\"@id\":\"https:\/\/www.biworldwide.ca\/fr\/#website\",\"url\":\"https:\/\/www.biworldwide.ca\/fr\/\",\"name\":\"Canada (French)\",\"description\":\"\",\"potentialAction\":[{\"@type\":\"SearchAction\",\"target\":{\"@type\":\"EntryPoint\",\"urlTemplate\":\"https:\/\/www.biworldwide.ca\/fr\/?s={search_term_string}\"},\"query-input\":{\"@type\":\"PropertyValueSpecification\",\"valueRequired\":true,\"valueName\":\"search_term_string\"}}],\"inLanguage\":\"fr-CA\"}]}<\/script>\n<!-- \/ Yoast SEO plugin. -->","yoast_head_json":{"title":"Plateforme d'exp\u00e9rience d'apprentissage L\u2022EARN - Canada (French)","description":"L\u2022EARN LXP\u2014notre plateforme d'exp\u00e9rience d'apprentissage\u2014regroupe tout ce que votre \u00e9quipe de vente et vos partenaires de distribution","robots":{"index":"index","follow":"follow","max-snippet":"max-snippet:-1","max-image-preview":"max-image-preview:large","max-video-preview":"max-video-preview:-1"},"canonical":"https:\/\/www.biworldwide.ca\/fr\/comment-nous-aidons\/apprentissage\/plateforme-dexperience-dapprentissage\/","og_locale":"fr_CA","og_type":"article","og_title":"Plateforme d'exp\u00e9rience d'apprentissage L\u2022EARN - Canada (French)","og_description":"L\u2022EARN LXP\u2014notre plateforme d'exp\u00e9rience d'apprentissage\u2014regroupe tout ce que votre \u00e9quipe de vente et vos partenaires de distribution","og_url":"https:\/\/www.biworldwide.ca\/fr\/comment-nous-aidons\/apprentissage\/plateforme-dexperience-dapprentissage\/","og_site_name":"Canada (French)","article_modified_time":"2025-04-14T18:12:25+00:00","og_image":[{"url":"https:\/\/www.biworldwide.com\/wp-content\/uploads\/2025\/02\/Learning-1300x732px.jpg","width":1300,"height":732,"type":"image\/jpeg"}],"twitter_card":"summary_large_image","twitter_misc":{"Est. reading time":"2 minutes"},"schema":{"@context":"https:\/\/schema.org","@graph":[{"@type":"WebPage","@id":"https:\/\/www.biworldwide.ca\/fr\/comment-nous-aidons\/apprentissage\/plateforme-dexperience-dapprentissage\/","url":"https:\/\/www.biworldwide.ca\/fr\/comment-nous-aidons\/apprentissage\/plateforme-dexperience-dapprentissage\/","name":"Plateforme d'exp\u00e9rience d'apprentissage L\u2022EARN - Canada (French)","isPartOf":{"@id":"https:\/\/www.biworldwide.ca\/fr\/#website"},"primaryImageOfPage":{"@id":"https:\/\/www.biworldwide.ca\/fr\/comment-nous-aidons\/apprentissage\/plateforme-dexperience-dapprentissage\/#primaryimage"},"image":{"@id":"https:\/\/www.biworldwide.ca\/fr\/comment-nous-aidons\/apprentissage\/plateforme-dexperience-dapprentissage\/#primaryimage"},"thumbnailUrl":"https:\/\/www.biworldwide.com\/wp-content\/uploads\/2025\/02\/Learning-1300x732px.jpg","datePublished":"2025-03-26T18:18:13+00:00","dateModified":"2025-04-14T18:12:25+00:00","description":"L\u2022EARN LXP\u2014notre plateforme d'exp\u00e9rience d'apprentissage\u2014regroupe tout ce que votre \u00e9quipe de vente et vos partenaires de distribution","breadcrumb":{"@id":"https:\/\/www.biworldwide.ca\/fr\/comment-nous-aidons\/apprentissage\/plateforme-dexperience-dapprentissage\/#breadcrumb"},"inLanguage":"fr-CA","potentialAction":[{"@type":"ReadAction","target":["https:\/\/www.biworldwide.ca\/fr\/comment-nous-aidons\/apprentissage\/plateforme-dexperience-dapprentissage\/"]}]},{"@type":"ImageObject","inLanguage":"fr-CA","@id":"https:\/\/www.biworldwide.ca\/fr\/comment-nous-aidons\/apprentissage\/plateforme-dexperience-dapprentissage\/#primaryimage","url":"https:\/\/www.biworldwide.com\/wp-content\/uploads\/2025\/02\/Learning-1300x732px.jpg","contentUrl":"https:\/\/www.biworldwide.com\/wp-content\/uploads\/2025\/02\/Learning-1300x732px.jpg","caption":"A womans face in profile blends into a textured background of golden and charcoal puzzle pieces, symbolizing complexity and interconnection. Her expression is thoughtful, with loose pieces surrounding her head."},{"@type":"BreadcrumbList","@id":"https:\/\/www.biworldwide.ca\/fr\/comment-nous-aidons\/apprentissage\/plateforme-dexperience-dapprentissage\/#breadcrumb","itemListElement":[{"@type":"ListItem","position":1,"name":"Home","item":"https:\/\/www.biworldwide.ca\/fr\/"},{"@type":"ListItem","position":2,"name":"Comment nous aidons","item":"https:\/\/www.biworldwide.ca\/fr\/comment-nous-aidons\/"},{"@type":"ListItem","position":3,"name":"Programmes d&#8217;apprentissage","item":"https:\/\/www.biworldwide.ca\/fr\/comment-nous-aidons\/apprentissage\/"},{"@type":"ListItem","position":4,"name":"Plateforme d&#8217;exp\u00e9rience d&#8217;apprentissage L\u2022EARN"}]},{"@type":"WebSite","@id":"https:\/\/www.biworldwide.ca\/fr\/#website","url":"https:\/\/www.biworldwide.ca\/fr\/","name":"Canada (French)","description":"","potentialAction":[{"@type":"SearchAction","target":{"@type":"EntryPoint","urlTemplate":"https:\/\/www.biworldwide.ca\/fr\/?s={search_term_string}"},"query-input":{"@type":"PropertyValueSpecification","valueRequired":true,"valueName":"search_term_string"}}],"inLanguage":"fr-CA"}]}},"_links":{"self":[{"href":"https:\/\/www.biworldwide.ca\/fr\/wp-json\/wp\/v2\/pages\/1539","targetHints":{"allow":["GET"]}}],"collection":[{"href":"https:\/\/www.biworldwide.ca\/fr\/wp-json\/wp\/v2\/pages"}],"about":[{"href":"https:\/\/www.biworldwide.ca\/fr\/wp-json\/wp\/v2\/types\/page"}],"author":[{"embeddable":true,"href":"https:\/\/www.biworldwide.ca\/fr\/wp-json\/wp\/v2\/users\/28"}],"replies":[{"embeddable":true,"href":"https:\/\/www.biworldwide.ca\/fr\/wp-json\/wp\/v2\/comments?post=1539"}],"version-history":[{"count":5,"href":"https:\/\/www.biworldwide.ca\/fr\/wp-json\/wp\/v2\/pages\/1539\/revisions"}],"predecessor-version":[{"id":2490,"href":"https:\/\/www.biworldwide.ca\/fr\/wp-json\/wp\/v2\/pages\/1539\/revisions\/2490"}],"up":[{"embeddable":true,"href":"https:\/\/www.biworldwide.ca\/fr\/wp-json\/wp\/v2\/pages\/120"}],"wp:featuredmedia":[{"embeddable":true,"href":"https:\/\/www.biworldwide.ca\/fr\/wp-json\/wp\/v2\/media\/1049"}],"wp:attachment":[{"href":"https:\/\/www.biworldwide.ca\/fr\/wp-json\/wp\/v2\/media?parent=1539"}],"wp:term":[{"taxonomy":"wf_page_folders","embeddable":true,"href":"https:\/\/www.biworldwide.ca\/fr\/wp-json\/wp\/v2\/wf_page_folders?post=1539"}],"curies":[{"name":"wp","href":"https:\/\/api.w.org\/{rel}","templated":true}]}}