{"id":153,"date":"2025-01-14T16:24:04","date_gmt":"2025-01-14T16:24:04","guid":{"rendered":"https:\/\/live-biw-main.pantheonsite.io\/?page_id=153"},"modified":"2025-04-02T15:53:16","modified_gmt":"2025-04-02T22:53:16","slug":"energie-et-produits-chimiques","status":"publish","type":"page","link":"https:\/\/www.biworldwide.ca\/fr\/a-qui-nous-servons\/energie-et-produits-chimiques\/","title":{"rendered":"\u00c9nergie et produits chimiques"},"content":{"rendered":"<div class=\" has-content-align-left has-overlay has-overlay--dark alignfull wp-block-biw-block-theme-hero\">\n\t<div class=\"biw-hero__grid\">\n\t\t\t\t\t<div class=\"biw-hero__breadcrumbs\">\n\t\t\t\t<div id=\"breadcrumbs\" class=\"breadcrumb-nav__wrapper\"><span class=\"breadcrumb-nav\"><span><a href=\"https:\/\/www.biworldwide.ca\/fr\/\">Home<\/a><\/span><\/span><\/div>\t\t\t<\/div>\n\t\t\n\t\t\t\t\t<div class=\"biw-hero__media \">\n\t\t\t\t\t\t\t\t\t<div class=\"biw-hero__overlay overlay-dark\"><\/div>\n\t\t\t\t\t\t\t\t<img decoding=\"async\" src=\"http:\/\/live-biw-main.pantheonsite.io\/wp-content\/uploads\/2025\/02\/Energy-and-chemicals-1728x600px.jpg\" alt=\"Close-up of a metal gear partially submerged in swirling golden-brown oil against a black background. The oil splashes dynamically around the gear, highlighting the industrial and mechanical theme.\" class=\"biw-hero__bg-image\" style=\"object-position: 50% 50%;\">\t\t\t<\/div>\n\t\t\t\t<div class=\"biw-hero__content\">\n\t\t\t\t\t\t<h1 class=\"biw-hero__title\" style=\"line-height: 1.2\">\n\t\t\t\t\u00c9nergie et produits chimiques\t\t\t<\/h1>\n\t\t\t\t\t\t\t<h2 class=\"biw-hero__subtitle\">\n\t\t\t\t\tAtteindre votre public cible est un d\u00e9fi dans un \u00e9cosyst\u00e8me \u00e9nerg\u00e9tique avec une distribution aveugle.\t\t\t\t<\/h2>\n\t\t\t\t\t\t\t\t\t\t<div class=\"biw-hero__text\">\n\t\t\t\t\t\n\n<p>Comprendre la diversit\u00e9 au sein de votre canal et de vos utilisateurs finaux, tout en ayant une visibilit\u00e9 sur les donn\u00e9es, est essentiel pour mettre en \u0153uvre des programmes qui augmentent la sensibilisation et le volume d&rsquo;achats.<\/p>\n\n\t\t\t\t<\/div>\n\t\t\t\t\t\t\t\t<\/div>\n\t<\/div>\n<\/div>\n\n\n\n<div class=\"wp-block-group  layout-columns-8 has-global-padding is-layout-constrained wp-container-core-group-is-layout-fce79bf6 wp-block-group-is-layout-constrained\">\n<p class=\"has-xxl-font-size\"><strong>Exploitation des ressources de donn\u00e9es pr\u00e9cieuses.<\/strong><\/p>\n\n\n\n<p>Pour optimiser l&rsquo;efficacit\u00e9 des canaux, il est essentiel que vos solutions int\u00e8grent l&rsquo;ensemble du canal travaillant ensemble pour obtenir des r\u00e9sultats. Les donn\u00e9es sont extr\u00eamement pr\u00e9cieuses pour comprendre les comportements d&rsquo;achat, cibler les clients cl\u00e9s et d\u00e9terminer les prochaines meilleures actions. Engager votre canal de distribution est la premi\u00e8re \u00e9tape pour structurer un programme o\u00f9 ils sont r\u00e9compens\u00e9s pour fournir des donn\u00e9es de revente. Une approche globale inclut le d\u00e9veloppement d&rsquo;une strat\u00e9gie push\/pull qui incite ensuite les utilisateurs finaux \u00e0 effectuer leurs achats.<\/p>\n\n\n\n<p class=\"has-xl-font-size\"><strong>Probl\u00e8mes que nous r\u00e9solvons.<\/strong><\/p>\n\n\n\n<ul class=\"wp-block-list\">\n<li class=\"has-large-font-size\">Comprendre les partenaires et les opportunit\u00e9s au sein de votre canal.<\/li>\n\n\n\n<li class=\"has-large-font-size\">Activation et engagement des canaux.<\/li>\n\n\n\n<li class=\"has-large-font-size\">Opportunit\u00e9s de vente crois\u00e9e et de mont\u00e9e en gamme.<\/li>\n\n\n\n<li class=\"has-large-font-size\">Collecte de donn\u00e9es et prise de d\u00e9cisions bas\u00e9es sur les donn\u00e9es.<\/li>\n<\/ul>\n\n\n\n<p>Que vous cherchiez \u00e0 engager des distributeurs, des repr\u00e9sentants commerciaux de distributeurs, des installateurs, des d\u00e9taillants, des repr\u00e9sentants au comptoir des d\u00e9taillants, des entrepreneurs ou des utilisateurs finaux, nous avons les solutions et l&rsquo;expertise n\u00e9cessaires pour obtenir des r\u00e9sultats.<\/p>\n<\/div>\n\n\n\n<div class=\"wp-block-group alignfull has-global-padding is-layout-constrained wp-container-core-group-is-layout-e04489b5 wp-block-group-is-layout-constrained\">\n<div class=\"wp-block-group  layout-columns-8 has-global-padding is-layout-constrained wp-container-core-group-is-layout-fce79bf6 wp-block-group-is-layout-constrained\">\n<h2 class=\"wp-block-heading has-text-align-center\">Les donn\u00e9es racontent une histoire.<\/h2>\n<\/div>\n\n\n\n<div class=\"wp-block-group  layout-columns-10 has-global-padding is-layout-constrained wp-container-core-group-is-layout-0b5f5b40 wp-block-group-is-layout-constrained\">\n<div class=\"wp-block-group has-text-align-center is-layout-grid wp-container-core-group-is-layout-ef442fb0 wp-block-group-is-layout-grid\">\n<div class=\"wp-block-group is-vertical is-content-justification-center is-layout-flex wp-container-core-group-is-layout-81423f52 wp-block-group-is-layout-flex\">\n<h3 class=\"wp-block-heading has-impact-font-size  has-text-wrap-no-wrap  has-gradient-fill has-gradient-fill-purple\">69 %<\/h3>\n\n\n\n<p class=\"has-text-align-center has-large-font-size  has-text-wrap-balance\">Engagement moyen des repr\u00e9sentants commerciaux des distributeurs<\/p>\n<\/div>\n\n\n\n<div class=\"wp-block-group is-vertical is-content-justification-center is-layout-flex wp-container-core-group-is-layout-81423f52 wp-block-group-is-layout-flex\">\n<h3 class=\"wp-block-heading has-impact-font-size  has-text-wrap-no-wrap  has-gradient-fill has-gradient-fill-purple\">5,7%<\/h3>\n\n\n\n<p class=\"has-text-align-center has-large-font-size  has-text-wrap-balance\">Augmentation moyenne du volume de ventes provenant de nouveaux clients dans un programme client<\/p>\n<\/div>\n\n\n\n<div class=\"wp-block-group is-vertical is-content-justification-center is-layout-flex wp-container-core-group-is-layout-81423f52 wp-block-group-is-layout-flex\">\n<h3 class=\"wp-block-heading has-impact-font-size  has-text-wrap-no-wrap  has-gradient-fill has-gradient-fill-purple\">100 %<\/h3>\n\n\n\n<p class=\"has-text-align-center has-large-font-size  has-text-wrap-balance\">Donn\u00e9es de revente des distributeurs fournies<\/p>\n<\/div>\n<\/div>\n<\/div>\n<\/div>\n\n\n\n<p><\/p>\n","protected":false},"excerpt":{"rendered":"<p>Exploitation des ressources de donn\u00e9es pr\u00e9cieuses. Pour optimiser l&rsquo;efficacit\u00e9 des canaux, il est essentiel que vos solutions int\u00e8grent l&rsquo;ensemble du canal travaillant ensemble pour obtenir des r\u00e9sultats. Les donn\u00e9es sont extr\u00eamement pr\u00e9cieuses pour comprendre les comportements d&rsquo;achat, cibler les clients cl\u00e9s et d\u00e9terminer les prochaines meilleures actions. Engager votre canal de distribution est la premi\u00e8re [&hellip;]<\/p>\n","protected":false},"author":11,"featured_media":1348,"parent":140,"menu_order":0,"comment_status":"closed","ping_status":"closed","template":"","meta":{"featured_image_focal_point":{"x":0.5,"y":0.5},"footnotes":""},"wf_page_folders":[],"class_list":["post-153","page","type-page","status-publish","has-post-thumbnail","hentry"],"yoast_head":"<!-- This site is optimized with the Yoast SEO plugin v26.2 - https:\/\/yoast.com\/wordpress\/plugins\/seo\/ -->\n<title>\u00c9nergie et produits chimiques - Canada (French)<\/title>\n<meta name=\"description\" content=\"Comprendre la diversit\u00e9 au sein de votre canal d&#039;\u00e9nergie et de produits chimiques ainsi que de vos utilisateurs finaux, tout en ayant une\" \/>\n<meta name=\"robots\" content=\"index, follow, max-snippet:-1, max-image-preview:large, max-video-preview:-1\" \/>\n<link rel=\"canonical\" href=\"https:\/\/www.biworldwide.ca\/fr\/a-qui-nous-servons\/energie-et-produits-chimiques\/\" \/>\n<meta property=\"og:locale\" content=\"fr_CA\" \/>\n<meta property=\"og:type\" content=\"article\" \/>\n<meta property=\"og:title\" content=\"\u00c9nergie et produits chimiques - Canada (French)\" \/>\n<meta property=\"og:description\" content=\"Comprendre la diversit\u00e9 au sein de votre canal d&#039;\u00e9nergie et de produits chimiques ainsi que de vos utilisateurs finaux, tout en ayant une\" \/>\n<meta property=\"og:url\" content=\"https:\/\/www.biworldwide.ca\/fr\/a-qui-nous-servons\/energie-et-produits-chimiques\/\" \/>\n<meta property=\"og:site_name\" content=\"Canada (French)\" \/>\n<meta property=\"article:modified_time\" content=\"2025-04-02T22:53:16+00:00\" \/>\n<meta property=\"og:image\" content=\"https:\/\/www.biworldwide.com\/wp-content\/uploads\/2025\/02\/Energy-and-chemicals-1300x732px.jpg\" \/>\n\t<meta property=\"og:image:width\" content=\"1300\" \/>\n\t<meta property=\"og:image:height\" content=\"732\" \/>\n\t<meta property=\"og:image:type\" content=\"image\/jpeg\" \/>\n<meta name=\"twitter:card\" content=\"summary_large_image\" \/>\n<meta name=\"twitter:label1\" content=\"Est. reading time\" \/>\n\t<meta name=\"twitter:data1\" content=\"2 minutes\" \/>\n<script type=\"application\/ld+json\" class=\"yoast-schema-graph\">{\"@context\":\"https:\/\/schema.org\",\"@graph\":[{\"@type\":\"WebPage\",\"@id\":\"https:\/\/www.biworldwide.ca\/fr\/a-qui-nous-servons\/energie-et-produits-chimiques\/\",\"url\":\"https:\/\/www.biworldwide.ca\/fr\/a-qui-nous-servons\/energie-et-produits-chimiques\/\",\"name\":\"\u00c9nergie et produits chimiques - Canada (French)\",\"isPartOf\":{\"@id\":\"https:\/\/www.biworldwide.ca\/fr\/#website\"},\"primaryImageOfPage\":{\"@id\":\"https:\/\/www.biworldwide.ca\/fr\/a-qui-nous-servons\/energie-et-produits-chimiques\/#primaryimage\"},\"image\":{\"@id\":\"https:\/\/www.biworldwide.ca\/fr\/a-qui-nous-servons\/energie-et-produits-chimiques\/#primaryimage\"},\"thumbnailUrl\":\"https:\/\/www.biworldwide.com\/wp-content\/uploads\/2025\/02\/Energy-and-chemicals-1300x732px.jpg\",\"datePublished\":\"2025-01-14T16:24:04+00:00\",\"dateModified\":\"2025-04-02T22:53:16+00:00\",\"description\":\"Comprendre la diversit\u00e9 au sein de votre canal d'\u00e9nergie et de produits chimiques ainsi que de vos utilisateurs finaux, tout en ayant une\",\"breadcrumb\":{\"@id\":\"https:\/\/www.biworldwide.ca\/fr\/a-qui-nous-servons\/energie-et-produits-chimiques\/#breadcrumb\"},\"inLanguage\":\"fr-CA\",\"potentialAction\":[{\"@type\":\"ReadAction\",\"target\":[\"https:\/\/www.biworldwide.ca\/fr\/a-qui-nous-servons\/energie-et-produits-chimiques\/\"]}]},{\"@type\":\"ImageObject\",\"inLanguage\":\"fr-CA\",\"@id\":\"https:\/\/www.biworldwide.ca\/fr\/a-qui-nous-servons\/energie-et-produits-chimiques\/#primaryimage\",\"url\":\"https:\/\/www.biworldwide.com\/wp-content\/uploads\/2025\/02\/Energy-and-chemicals-1300x732px.jpg\",\"contentUrl\":\"https:\/\/www.biworldwide.com\/wp-content\/uploads\/2025\/02\/Energy-and-chemicals-1300x732px.jpg\",\"caption\":\"Close-up of two interlocking gears surrounded by splashing golden liquid, possibly oil. The gears are partially submerged, with droplets suspended mid-air, suggesting motion and lubrication. The background is dark, highlighting the metallic and fluid contrast.\"},{\"@type\":\"BreadcrumbList\",\"@id\":\"https:\/\/www.biworldwide.ca\/fr\/a-qui-nous-servons\/energie-et-produits-chimiques\/#breadcrumb\",\"itemListElement\":[{\"@type\":\"ListItem\",\"position\":1,\"name\":\"Home\",\"item\":\"https:\/\/www.biworldwide.ca\/fr\/\"},{\"@type\":\"ListItem\",\"position\":2,\"name\":\"\u00c0 qui nous servons\",\"item\":\"https:\/\/www.biworldwide.ca\/fr\/a-qui-nous-servons\/\"},{\"@type\":\"ListItem\",\"position\":3,\"name\":\"\u00c9nergie et produits chimiques\"}]},{\"@type\":\"WebSite\",\"@id\":\"https:\/\/www.biworldwide.ca\/fr\/#website\",\"url\":\"https:\/\/www.biworldwide.ca\/fr\/\",\"name\":\"Canada (French)\",\"description\":\"\",\"potentialAction\":[{\"@type\":\"SearchAction\",\"target\":{\"@type\":\"EntryPoint\",\"urlTemplate\":\"https:\/\/www.biworldwide.ca\/fr\/?s={search_term_string}\"},\"query-input\":{\"@type\":\"PropertyValueSpecification\",\"valueRequired\":true,\"valueName\":\"search_term_string\"}}],\"inLanguage\":\"fr-CA\"}]}<\/script>\n<!-- \/ Yoast SEO plugin. -->","yoast_head_json":{"title":"\u00c9nergie et produits chimiques - Canada (French)","description":"Comprendre la diversit\u00e9 au sein de votre canal d'\u00e9nergie et de produits chimiques ainsi que de vos utilisateurs finaux, tout en ayant une","robots":{"index":"index","follow":"follow","max-snippet":"max-snippet:-1","max-image-preview":"max-image-preview:large","max-video-preview":"max-video-preview:-1"},"canonical":"https:\/\/www.biworldwide.ca\/fr\/a-qui-nous-servons\/energie-et-produits-chimiques\/","og_locale":"fr_CA","og_type":"article","og_title":"\u00c9nergie et produits chimiques - Canada (French)","og_description":"Comprendre la diversit\u00e9 au sein de votre canal d'\u00e9nergie et de produits chimiques ainsi que de vos utilisateurs finaux, tout en ayant une","og_url":"https:\/\/www.biworldwide.ca\/fr\/a-qui-nous-servons\/energie-et-produits-chimiques\/","og_site_name":"Canada (French)","article_modified_time":"2025-04-02T22:53:16+00:00","og_image":[{"url":"https:\/\/www.biworldwide.com\/wp-content\/uploads\/2025\/02\/Energy-and-chemicals-1300x732px.jpg","width":1300,"height":732,"type":"image\/jpeg"}],"twitter_card":"summary_large_image","twitter_misc":{"Est. reading time":"2 minutes"},"schema":{"@context":"https:\/\/schema.org","@graph":[{"@type":"WebPage","@id":"https:\/\/www.biworldwide.ca\/fr\/a-qui-nous-servons\/energie-et-produits-chimiques\/","url":"https:\/\/www.biworldwide.ca\/fr\/a-qui-nous-servons\/energie-et-produits-chimiques\/","name":"\u00c9nergie et produits chimiques - Canada (French)","isPartOf":{"@id":"https:\/\/www.biworldwide.ca\/fr\/#website"},"primaryImageOfPage":{"@id":"https:\/\/www.biworldwide.ca\/fr\/a-qui-nous-servons\/energie-et-produits-chimiques\/#primaryimage"},"image":{"@id":"https:\/\/www.biworldwide.ca\/fr\/a-qui-nous-servons\/energie-et-produits-chimiques\/#primaryimage"},"thumbnailUrl":"https:\/\/www.biworldwide.com\/wp-content\/uploads\/2025\/02\/Energy-and-chemicals-1300x732px.jpg","datePublished":"2025-01-14T16:24:04+00:00","dateModified":"2025-04-02T22:53:16+00:00","description":"Comprendre la diversit\u00e9 au sein de votre canal d'\u00e9nergie et de produits chimiques ainsi que de vos utilisateurs finaux, tout en ayant une","breadcrumb":{"@id":"https:\/\/www.biworldwide.ca\/fr\/a-qui-nous-servons\/energie-et-produits-chimiques\/#breadcrumb"},"inLanguage":"fr-CA","potentialAction":[{"@type":"ReadAction","target":["https:\/\/www.biworldwide.ca\/fr\/a-qui-nous-servons\/energie-et-produits-chimiques\/"]}]},{"@type":"ImageObject","inLanguage":"fr-CA","@id":"https:\/\/www.biworldwide.ca\/fr\/a-qui-nous-servons\/energie-et-produits-chimiques\/#primaryimage","url":"https:\/\/www.biworldwide.com\/wp-content\/uploads\/2025\/02\/Energy-and-chemicals-1300x732px.jpg","contentUrl":"https:\/\/www.biworldwide.com\/wp-content\/uploads\/2025\/02\/Energy-and-chemicals-1300x732px.jpg","caption":"Close-up of two interlocking gears surrounded by splashing golden liquid, possibly oil. The gears are partially submerged, with droplets suspended mid-air, suggesting motion and lubrication. The background is dark, highlighting the metallic and fluid contrast."},{"@type":"BreadcrumbList","@id":"https:\/\/www.biworldwide.ca\/fr\/a-qui-nous-servons\/energie-et-produits-chimiques\/#breadcrumb","itemListElement":[{"@type":"ListItem","position":1,"name":"Home","item":"https:\/\/www.biworldwide.ca\/fr\/"},{"@type":"ListItem","position":2,"name":"\u00c0 qui nous servons","item":"https:\/\/www.biworldwide.ca\/fr\/a-qui-nous-servons\/"},{"@type":"ListItem","position":3,"name":"\u00c9nergie et produits chimiques"}]},{"@type":"WebSite","@id":"https:\/\/www.biworldwide.ca\/fr\/#website","url":"https:\/\/www.biworldwide.ca\/fr\/","name":"Canada (French)","description":"","potentialAction":[{"@type":"SearchAction","target":{"@type":"EntryPoint","urlTemplate":"https:\/\/www.biworldwide.ca\/fr\/?s={search_term_string}"},"query-input":{"@type":"PropertyValueSpecification","valueRequired":true,"valueName":"search_term_string"}}],"inLanguage":"fr-CA"}]}},"_links":{"self":[{"href":"https:\/\/www.biworldwide.ca\/fr\/wp-json\/wp\/v2\/pages\/153","targetHints":{"allow":["GET"]}}],"collection":[{"href":"https:\/\/www.biworldwide.ca\/fr\/wp-json\/wp\/v2\/pages"}],"about":[{"href":"https:\/\/www.biworldwide.ca\/fr\/wp-json\/wp\/v2\/types\/page"}],"author":[{"embeddable":true,"href":"https:\/\/www.biworldwide.ca\/fr\/wp-json\/wp\/v2\/users\/11"}],"replies":[{"embeddable":true,"href":"https:\/\/www.biworldwide.ca\/fr\/wp-json\/wp\/v2\/comments?post=153"}],"version-history":[{"count":3,"href":"https:\/\/www.biworldwide.ca\/fr\/wp-json\/wp\/v2\/pages\/153\/revisions"}],"predecessor-version":[{"id":2228,"href":"https:\/\/www.biworldwide.ca\/fr\/wp-json\/wp\/v2\/pages\/153\/revisions\/2228"}],"up":[{"embeddable":true,"href":"https:\/\/www.biworldwide.ca\/fr\/wp-json\/wp\/v2\/pages\/140"}],"wp:featuredmedia":[{"embeddable":true,"href":"https:\/\/www.biworldwide.ca\/fr\/wp-json\/wp\/v2\/media\/1348"}],"wp:attachment":[{"href":"https:\/\/www.biworldwide.ca\/fr\/wp-json\/wp\/v2\/media?parent=153"}],"wp:term":[{"taxonomy":"wf_page_folders","embeddable":true,"href":"https:\/\/www.biworldwide.ca\/fr\/wp-json\/wp\/v2\/wf_page_folders?post=153"}],"curies":[{"name":"wp","href":"https:\/\/api.w.org\/{rel}","templated":true}]}}