{"id":1517,"date":"2025-03-26T11:01:46","date_gmt":"2025-03-26T18:01:46","guid":{"rendered":"https:\/\/www.biworldwide.ca\/fr\/?page_id=1517"},"modified":"2025-04-14T10:59:51","modified_gmt":"2025-04-14T17:59:51","slug":"plateforme-dapprentissage-en-ligne-chameleon","status":"publish","type":"page","link":"https:\/\/www.biworldwide.ca\/fr\/comment-nous-aidons\/apprentissage\/plateforme-dapprentissage-en-ligne-chameleon\/","title":{"rendered":"Plateforme d&rsquo;apprentissage en ligne Chameleon"},"content":{"rendered":"<div class=\" has-content-align-left has-overlay has-overlay--dark alignfull wp-block-biw-block-theme-hero\">\n\t<div class=\"biw-hero__grid\">\n\t\t\t\t\t<div class=\"biw-hero__breadcrumbs\">\n\t\t\t\t<div id=\"breadcrumbs\" class=\"breadcrumb-nav__wrapper\"><span class=\"breadcrumb-nav\"><span><a href=\"https:\/\/www.biworldwide.ca\/fr\/\">Home<\/a><\/span><\/span><\/div>\t\t\t<\/div>\n\t\t\n\t\t\t\t\t<div class=\"biw-hero__media \">\n\t\t\t\t\t\t\t\t\t<div class=\"biw-hero__overlay overlay-dark\"><\/div>\n\t\t\t\t\t\t\t\t<img decoding=\"async\" src=\"http:\/\/live-biw-main.pantheonsite.io\/wp-content\/uploads\/2025\/03\/BIW-Learning-Chameleon-hdr-01.jpg\" alt=\"A laptop, tablet, and smartphone display various screens over a green, swirling background. The laptop shows graphs and Results text, the tablet shows Inspiration with percentages, and the smartphone displays an app interface.\" class=\"biw-hero__bg-image\" style=\"object-position: 50% 50%;\">\t\t\t<\/div>\n\t\t\t\t<div class=\"biw-hero__content\">\n\t\t\t\t\t\t<h1 class=\"biw-hero__title\" style=\"line-height: 1.2\">\n\t\t\t\tPlateforme d&rsquo;apprentissage en ligne Chameleon\t\t\t<\/h1>\n\t\t\t\t\t\t\t<h2 class=\"biw-hero__subtitle\">\n\t\t\t\t\tPersonnaliser. Engager. Inspirer.\t\t\t\t<\/h2>\n\t\t\t\t\t\t\t\t\t\t<div class=\"biw-hero__text\">\n\t\t\t\t\t\n\n<p>Apprentissage en ligne Chameleon est une plateforme conviviale bas\u00e9e sur le web, con\u00e7ue pour cr\u00e9er des contenus eLearning dynamiques, accessibles et traduisibles, ainsi que des microsites et des pr\u00e9sentations consultables sur tous les appareils, sans n\u00e9cessiter de comp\u00e9tences techniques avanc\u00e9es.<\/p>\n\n\t\t\t\t<\/div>\n\t\t\t\t\t\t\t\t<\/div>\n\t<\/div>\n<\/div>\n\n\n\n<div class=\"wp-block-group  layout-columns-7 has-global-padding is-layout-constrained wp-container-core-group-is-layout-a133ec42 wp-block-group-is-layout-constrained\">\n<h2 class=\"wp-block-heading\">Am\u00e9liorer les r\u00e9sultats de l\u2019entreprise.<\/h2>\n\n\n\n<p>Les besoins et attentes des apprenants \u00e9voluent constamment. Que vous soyez dans la formation d\u2019entreprise, un \u00e9ducateur ou un propri\u00e9taire d\u2019entreprise, apprentissage en ligne Chameleon est une plateforme conviviale et bas\u00e9e sur le web qui vous permet de concevoir des cours en ligne, des microsites et des pr\u00e9sentations dynamiques, accessibles et traduisibles\u2014sans n\u00e9cessiter de comp\u00e9tences techniques avanc\u00e9es.<br>Et si vous avez une lacune au sein de votre \u00e9quipe ou si vous souhaitez rendre votre contenu plus attrayant, nos ressources en conception p\u00e9dagogique, direction artistique ou production sont pr\u00eates \u00e0 vous aider.<br>L\u2019outil de cr\u00e9ation <strong>apprentissage en ligne Chameleon<\/strong> peut \u00eatre personnalis\u00e9 par langue, r\u00f4le ou r\u00e9gion\u2014tout cela \u00e0 partir d\u2019une seule version d\u2019un cours. Avec une flexibilit\u00e9 in\u00e9gal\u00e9e dans le secteur, apprentissage en ligne Chameleon offre une gamme plus \u00e9tendue de mises en page, d\u2019activit\u00e9s interactives et de sc\u00e9narios ramifi\u00e9s avec \u00e9valuation<\/p>\n<\/div>\n\n\n\n<hr class=\"wp-block-separator has-alpha-channel-opacity\" \/>\n\n\n\n<div class=\"wp-block-group alignfull has-global-padding is-layout-constrained wp-container-core-group-is-layout-d3543a3b wp-block-group-is-layout-constrained\">\n<div class=\"wp-block-group has-global-padding is-layout-constrained wp-block-group-is-layout-constrained\">\n<div class=\"wp-block-group is-layout-grid wp-container-core-group-is-layout-c765d3c1 wp-block-group-is-layout-grid\"><div class=\" has-image-size-cover has-image-radius-none is-style-image-left wp-block-biw-block-theme-biw-card\">\n\t\t\t<figure class=\"biw-card__image-wrapper \">\n\t\t\t<img decoding=\"async\" src=\"http:\/\/live-biw-main.pantheonsite.io\/wp-content\/uploads\/2025\/02\/BI-DLC-icon-01.svg\" alt=\"\" class=\"biw-card__image\" style=\"object-position: 50% 50%;\">\t\t<\/figure>\n\t\t<div class=\"biw-card__content\">\n\t\t<h3 class=\"biw-card__title\">\n\t\t\t\t\t\t\tAdaptatif et Intuitif\t\t\t\t\t<\/h3>\n\t\t<div class=\"biw-card__text\">\n\n<p>Apprentissage en ligne Chameleon ajuste automatiquement les mises en page des \u00e9crans et l&rsquo;interactivit\u00e9 afin d&rsquo;optimiser l&rsquo;exp\u00e9rience utilisateur sur les ordinateurs portables, tablettes et appareils mobiles.<\/p>\n\n<\/div>\n\t<\/div>\n\t<\/div>\n\n<div class=\" has-image-size-cover has-image-radius-none is-style-image-left wp-block-biw-block-theme-biw-card\">\n\t\t\t<figure class=\"biw-card__image-wrapper \">\n\t\t\t<img decoding=\"async\" src=\"http:\/\/live-biw-main.pantheonsite.io\/wp-content\/uploads\/2025\/02\/BI-DLC-icon-02.svg\" alt=\"\" class=\"biw-card__image\" style=\"object-position: 50% 50%;\">\t\t<\/figure>\n\t\t<div class=\"biw-card__content\">\n\t\t<h3 class=\"biw-card__title\">\n\t\t\t\t\t\t\tOptions de cr\u00e9ation flexibles\t\t\t\t\t<\/h3>\n\t\t<div class=\"biw-card__text\">\n\n<p>Apprentissage en ligne Chameleon simplifie la cr\u00e9ation et la mise \u00e0 jour des cours. Les \u00e9diteurs de cours peuvent concevoir des pages \u00e0 partir de mises en page pr\u00e9existantes ou cr\u00e9er leurs propres pages de z\u00e9ro en utilisant les composants multim\u00e9dias et d&rsquo;activit\u00e9s disponibles.<\/p>\n\n<\/div>\n\t<\/div>\n\t<\/div>\n\n<div class=\" has-image-size-cover has-image-radius-none is-style-image-left wp-block-biw-block-theme-biw-card\">\n\t\t\t<figure class=\"biw-card__image-wrapper \">\n\t\t\t<img decoding=\"async\" src=\"http:\/\/live-biw-main.pantheonsite.io\/wp-content\/uploads\/2025\/02\/BI-DLC-icon-03.svg\" alt=\"\" class=\"biw-card__image\" style=\"object-position: 50% 50%;\">\t\t<\/figure>\n\t\t<div class=\"biw-card__content\">\n\t\t<h3 class=\"biw-card__title\">\n\t\t\t\t\t\t\t<strong>Apprentissage individualis\u00e9<\/strong>\t\t\t\t\t<\/h3>\n\t\t<div class=\"biw-card__text\">\n\n<p>Les objectifs, en reliant les questions du pr\u00e9-test et du quiz final, permettent aux apprenants de se concentrer sur des sujets sp\u00e9cifiques et d&rsquo;am\u00e9liorer leur exp\u00e9rience d&rsquo;apprentissage.<\/p>\n\n<\/div>\n\t<\/div>\n\t<\/div>\n\n<div class=\" has-image-size-cover has-image-radius-none is-style-image-left wp-block-biw-block-theme-biw-card\">\n\t\t\t<figure class=\"biw-card__image-wrapper \">\n\t\t\t<img decoding=\"async\" src=\"http:\/\/live-biw-main.pantheonsite.io\/wp-content\/uploads\/2025\/02\/BI-DLC-icon-07.svg\" alt=\"\" class=\"biw-card__image\" style=\"object-position: 50% 50%;\">\t\t<\/figure>\n\t\t<div class=\"biw-card__content\">\n\t\t<h3 class=\"biw-card__title\">\n\t\t\t\t\t\t\t<strong>R\u00f4les et Groupes<\/strong>\t\t\t\t\t<\/h3>\n\t\t<div class=\"biw-card__text\">\n\n<p>Adaptez les exp\u00e9riences d\u2019apprentissage pour diff\u00e9rents r\u00f4les ou groupes au sein d\u2019un m\u00eame cours. Le contenu peut varier selon la r\u00e9gion, l\u2019unit\u00e9 commerciale ou le canal.<\/p>\n\n<\/div>\n\t<\/div>\n\t<\/div>\n\n<div class=\" has-image-size-cover has-image-radius-none is-style-image-left wp-block-biw-block-theme-biw-card\">\n\t\t\t<figure class=\"biw-card__image-wrapper \">\n\t\t\t<img decoding=\"async\" src=\"http:\/\/live-biw-main.pantheonsite.io\/wp-content\/uploads\/2025\/02\/BI-DLC-icon-05.svg\" alt=\"\" class=\"biw-card__image\" style=\"object-position: 50% 50%;\">\t\t<\/figure>\n\t\t<div class=\"biw-card__content\">\n\t\t<h3 class=\"biw-card__title\">\n\t\t\t\t\t\t\t<strong>Analyses et Rapports<\/strong>\t\t\t\t\t<\/h3>\n\t\t<div class=\"biw-card__text\">\n\n<p>Les capacit\u00e9s de rapport int\u00e9gr\u00e9es de apprentissage en ligne Chameleon et ses donn\u00e9es d&rsquo;analyse d\u00e9taill\u00e9es recueillent les r\u00e9ponses et les commentaires des apprenants, sans n\u00e9cessiter de base de donn\u00e9es distincte.<\/p>\n\n<\/div>\n\t<\/div>\n\t<\/div>\n\n<div class=\" has-image-size-cover has-image-radius-none is-style-image-left wp-block-biw-block-theme-biw-card\">\n\t\t\t<figure class=\"biw-card__image-wrapper \">\n\t\t\t<img decoding=\"async\" src=\"http:\/\/live-biw-main.pantheonsite.io\/wp-content\/uploads\/2025\/02\/BI-DLC-icon-06.svg\" alt=\"\" class=\"biw-card__image\" style=\"object-position: 50% 50%;\">\t\t<\/figure>\n\t\t<div class=\"biw-card__content\">\n\t\t<h3 class=\"biw-card__title\">\n\t\t\t\t\t\t\t<strong>Int\u00e9gration de l&rsquo;IA<\/strong>\t\t\t\t\t<\/h3>\n\t\t<div class=\"biw-card__text\">\n\n<p>L&rsquo;\u00e9diteur de traduction bas\u00e9 sur l&rsquo;intelligence artificielle (IA) de apprentissage en ligne Chameleon simplifie le processus de traduction de cours entiers en plusieurs langues en quelques minutes. Toutes les langues sont consolid\u00e9es en une seule version de cours, ce qui facilite l&rsquo;assurance qualit\u00e9 et les mises \u00e0 jour.<\/p>\n\n<\/div>\n\t<\/div>\n\t<\/div>\n\n<div class=\" has-image-size-cover has-image-radius-none is-style-image-left wp-block-biw-block-theme-biw-card\">\n\t\t\t<figure class=\"biw-card__image-wrapper \">\n\t\t\t<img decoding=\"async\" src=\"http:\/\/live-biw-main.pantheonsite.io\/wp-content\/uploads\/2025\/02\/BI-DLC-icon-04.svg\" alt=\"\" class=\"biw-card__image\" style=\"object-position: 50% 50%;\">\t\t<\/figure>\n\t\t<div class=\"biw-card__content\">\n\t\t<h3 class=\"biw-card__title\">\n\t\t\t\t\t\t\t<strong>Version unique de cours<\/strong>\t\t\t\t\t<\/h3>\n\t\t<div class=\"biw-card__text\">\n\n<p>Apprentissage en ligne Chameleon permet de distribuer un seul package de cours adapt\u00e9 \u00e0 plusieurs langues, appareils et r\u00f4les d\u2019apprenants, simplifiant ainsi la gestion et les mises \u00e0 jour. De plus, vous pouvez effectuer des modifications apr\u00e8s le d\u00e9ploiement sur le syst\u00e8me de gestion de l\u2019apprentissage (LMS) sans avoir besoin de le t\u00e9l\u00e9charger \u00e0 nouveau.<\/p>\n\n<\/div>\n\t<\/div>\n\t<\/div>\n\n<div class=\" has-image-size-cover has-image-radius-none is-style-image-left wp-block-biw-block-theme-biw-card\">\n\t\t\t<figure class=\"biw-card__image-wrapper \">\n\t\t\t<img decoding=\"async\" src=\"http:\/\/live-biw-main.pantheonsite.io\/wp-content\/uploads\/2025\/02\/BI-DLC-icon-08.svg\" alt=\"\" class=\"biw-card__image\" style=\"object-position: 50% 50%;\">\t\t<\/figure>\n\t\t<div class=\"biw-card__content\">\n\t\t<h3 class=\"biw-card__title\">\n\t\t\t\t\t\t\t<strong>Accessibilit\u00e9<\/strong>\t\t\t\t\t<\/h3>\n\t\t<div class=\"biw-card__text\">\n\n<p>Chameleon eLearning respecte les Web Content Accessibility Guidelines (WCAG) 2.2 AA. Des fonctionnalit\u00e9s telles que le texte alternatif, les transcriptions et la navigation au clavier am\u00e9liorent l&rsquo;engagement des utilisateurs, garantissant une inclusivit\u00e9 pour tous les apprenants.<\/p>\n\n<\/div>\n\t<\/div>\n\t<\/div><\/div>\n<\/div>\n<\/div>\n\n\n\n<hr class=\"wp-block-separator has-alpha-channel-opacity\" \/>\n\n\n\n<div class=\"wp-block-group alignfull  layout-columns-10 has-global-padding is-layout-constrained wp-container-core-group-is-layout-cc7bd7df wp-block-group-is-layout-constrained\">\n<div class=\"wp-block-group  layout-columns-8 has-global-padding is-layout-constrained wp-container-core-group-is-layout-fce79bf6 wp-block-group-is-layout-constrained\">\n<h2 class=\"wp-block-heading has-text-align-center\">Chaque m\u00e9trique raconte une histoire.<\/h2>\n<\/div>\n\n\n\n<div class=\"wp-block-group  layout-columns-10 has-global-padding is-layout-constrained wp-container-core-group-is-layout-0b5f5b40 wp-block-group-is-layout-constrained\">\n<div class=\"wp-block-group has-text-align-center is-layout-grid wp-container-core-group-is-layout-d8c4a1bc wp-block-group-is-layout-grid\">\n<div class=\"wp-block-group is-vertical is-content-justification-center is-layout-flex wp-container-core-group-is-layout-81423f52 wp-block-group-is-layout-flex\">\n<h3 class=\"wp-block-heading has-text-align-left has-impact-font-size  has-text-wrap-no-wrap  has-gradient-fill has-gradient-fill-orange\">40+<\/h3>\n\n\n\n<p class=\"has-text-align-center has-large-font-size  has-text-wrap-balance\">Les marques du Global 2000 utilisent la plateforme d&rsquo;apprentissage en ligne Chameleon<\/p>\n<\/div>\n\n\n\n<div class=\"wp-block-group is-vertical is-content-justification-center is-layout-flex wp-container-core-group-is-layout-81423f52 wp-block-group-is-layout-flex\">\n<h3 class=\"wp-block-heading has-text-align-left has-impact-font-size  has-text-wrap-no-wrap  has-gradient-fill has-gradient-fill-orange\">1.1 M<\/h3>\n\n\n\n<p class=\"has-text-align-center has-large-font-size  has-text-wrap-balance\">utilisateurs dans 169 pays<\/p>\n<\/div>\n<\/div>\n<\/div>\n<\/div>\n\n\n<blockquote class=\"has-gradient-fill-purple wp-block-biw-block-theme-biw-testimonial-quote\">\n\t<div class=\"biw-testimonial__quote\">\n\t\t<div class=\"biw-testimonial__content\">\n\t\t\t<p><em>J&rsquo;ai termin\u00e9 la formation en ligne et je tiens \u00e0 vous faire savoir \u00e0 quel point elle \u00e9tait bonne. Contrairement \u00e0 une grande partie de nos apprentissages assign\u00e9s, ce contenu offrait un bon m\u00e9lange d&rsquo;interactivit\u00e9 et d&rsquo;apprentissage, et les exemples ont vraiment donn\u00e9 vie aux sujets.<\/em><\/p>\t\t<\/div>\n\t<\/div>\n\t\t\t<footer class=\"biw-testimonial__attribution\">\n\t\t\t\t\t\t\n\t\t\t\t\t\t\t<cite class=\"biw-testimonial__info\">\n\t\t\t\t\t\t\t\t\t\t\t<p class=\"biw-testimonial__name\">Directeur des ressources humaines<\/p>\n\t\t\t\t\t\t\t\t\t\t\t\t\t\t\t\t\t\t\t<\/cite>\n\t\t\t\t\t<\/footer>\n\t<\/blockquote>\n\n\n<blockquote class=\"has-gradient-fill-green wp-block-biw-block-theme-biw-testimonial-quote\">\n\t<div class=\"biw-testimonial__quote\">\n\t\t<div class=\"biw-testimonial__content\">\n\t\t\t<p><em><em>J&rsquo;adore que l&rsquo;eLearning soit divis\u00e9 en petites formations rapides. Mon \u00e9quipe en magasin retient plus de d\u00e9tails de cette mani\u00e8re, et elle parle des vid\u00e9os de formation entre eux \u2013 ce qui renforce \u00e9galement l&rsquo;apprentissage.<\/em><\/em><\/p>\t\t<\/div>\n\t<\/div>\n\t\t\t<footer class=\"biw-testimonial__attribution\">\n\t\t\t\t\t\t\n\t\t\t\t\t\t\t<cite class=\"biw-testimonial__info\">\n\t\t\t\t\t\t\t\t\t\t\t<p class=\"biw-testimonial__name\">Directeur de la cha\u00eene d&rsquo;approvisionnement<\/p>\n\t\t\t\t\t\t\t\t\t\t\t\t\t\t\t\t\t\t\t<\/cite>\n\t\t\t\t\t<\/footer>\n\t<\/blockquote>\n","protected":false},"excerpt":{"rendered":"<p>Am\u00e9liorer les r\u00e9sultats de l\u2019entreprise. Les besoins et attentes des apprenants \u00e9voluent constamment. Que vous soyez dans la formation d\u2019entreprise, un \u00e9ducateur ou un propri\u00e9taire d\u2019entreprise, apprentissage en ligne Chameleon est une plateforme conviviale et bas\u00e9e sur le web qui vous permet de concevoir des cours en ligne, des microsites et des pr\u00e9sentations dynamiques, accessibles [&hellip;]<\/p>\n","protected":false},"author":28,"featured_media":808,"parent":120,"menu_order":0,"comment_status":"closed","ping_status":"closed","template":"","meta":{"featured_image_focal_point":{"x":0.77,"y":0.45},"footnotes":""},"wf_page_folders":[],"class_list":["post-1517","page","type-page","status-publish","has-post-thumbnail","hentry"],"yoast_head":"<!-- This site is optimized with the Yoast SEO plugin v26.2 - https:\/\/yoast.com\/wordpress\/plugins\/seo\/ -->\n<title>Plateforme d&#039;apprentissage en ligne Chameleon - Canada (French)<\/title>\n<meta name=\"description\" content=\"La plateforme d&#039;apprentissage en ligne Chameleon vous permet de cr\u00e9er des contenus eLearning interactifs et stimulants \u2014 avec des mises \u00e0\" \/>\n<meta name=\"robots\" content=\"index, follow, max-snippet:-1, max-image-preview:large, max-video-preview:-1\" \/>\n<link rel=\"canonical\" href=\"https:\/\/www.biworldwide.ca\/fr\/comment-nous-aidons\/apprentissage\/plateforme-dapprentissage-en-ligne-chameleon\/\" \/>\n<meta property=\"og:locale\" content=\"fr_CA\" \/>\n<meta property=\"og:type\" content=\"article\" \/>\n<meta property=\"og:title\" content=\"Plateforme d&#039;apprentissage en ligne Chameleon - Canada (French)\" \/>\n<meta property=\"og:description\" content=\"La plateforme d&#039;apprentissage en ligne Chameleon vous permet de cr\u00e9er des contenus eLearning interactifs et stimulants \u2014 avec des mises \u00e0\" \/>\n<meta property=\"og:url\" content=\"https:\/\/www.biworldwide.ca\/fr\/comment-nous-aidons\/apprentissage\/plateforme-dapprentissage-en-ligne-chameleon\/\" \/>\n<meta property=\"og:site_name\" content=\"Canada (French)\" \/>\n<meta property=\"article:modified_time\" content=\"2025-04-14T17:59:51+00:00\" \/>\n<meta property=\"og:image\" content=\"https:\/\/www.biworldwide.com\/wp-content\/uploads\/2025\/03\/BIW-Learning-Chameleon-hdr-01.jpg\" \/>\n\t<meta property=\"og:image:width\" content=\"2000\" \/>\n\t<meta property=\"og:image:height\" content=\"628\" \/>\n\t<meta property=\"og:image:type\" content=\"image\/jpeg\" \/>\n<meta name=\"twitter:card\" content=\"summary_large_image\" \/>\n<meta name=\"twitter:label1\" content=\"Est. reading time\" \/>\n\t<meta name=\"twitter:data1\" content=\"3 minutes\" \/>\n<script type=\"application\/ld+json\" class=\"yoast-schema-graph\">{\"@context\":\"https:\/\/schema.org\",\"@graph\":[{\"@type\":\"WebPage\",\"@id\":\"https:\/\/www.biworldwide.ca\/fr\/comment-nous-aidons\/apprentissage\/plateforme-dapprentissage-en-ligne-chameleon\/\",\"url\":\"https:\/\/www.biworldwide.ca\/fr\/comment-nous-aidons\/apprentissage\/plateforme-dapprentissage-en-ligne-chameleon\/\",\"name\":\"Plateforme d'apprentissage en ligne Chameleon - Canada (French)\",\"isPartOf\":{\"@id\":\"https:\/\/www.biworldwide.ca\/fr\/#website\"},\"primaryImageOfPage\":{\"@id\":\"https:\/\/www.biworldwide.ca\/fr\/comment-nous-aidons\/apprentissage\/plateforme-dapprentissage-en-ligne-chameleon\/#primaryimage\"},\"image\":{\"@id\":\"https:\/\/www.biworldwide.ca\/fr\/comment-nous-aidons\/apprentissage\/plateforme-dapprentissage-en-ligne-chameleon\/#primaryimage\"},\"thumbnailUrl\":\"https:\/\/www.biworldwide.com\/wp-content\/uploads\/2025\/03\/BIW-Learning-Chameleon-hdr-01.jpg\",\"datePublished\":\"2025-03-26T18:01:46+00:00\",\"dateModified\":\"2025-04-14T17:59:51+00:00\",\"description\":\"La plateforme d'apprentissage en ligne Chameleon vous permet de cr\u00e9er des contenus eLearning interactifs et stimulants \u2014 avec des mises \u00e0\",\"breadcrumb\":{\"@id\":\"https:\/\/www.biworldwide.ca\/fr\/comment-nous-aidons\/apprentissage\/plateforme-dapprentissage-en-ligne-chameleon\/#breadcrumb\"},\"inLanguage\":\"fr-CA\",\"potentialAction\":[{\"@type\":\"ReadAction\",\"target\":[\"https:\/\/www.biworldwide.ca\/fr\/comment-nous-aidons\/apprentissage\/plateforme-dapprentissage-en-ligne-chameleon\/\"]}]},{\"@type\":\"ImageObject\",\"inLanguage\":\"fr-CA\",\"@id\":\"https:\/\/www.biworldwide.ca\/fr\/comment-nous-aidons\/apprentissage\/plateforme-dapprentissage-en-ligne-chameleon\/#primaryimage\",\"url\":\"https:\/\/www.biworldwide.com\/wp-content\/uploads\/2025\/03\/BIW-Learning-Chameleon-hdr-01.jpg\",\"contentUrl\":\"https:\/\/www.biworldwide.com\/wp-content\/uploads\/2025\/03\/BIW-Learning-Chameleon-hdr-01.jpg\",\"caption\":\"A laptop, tablet, and smartphone display various screens over a green, swirling background. The laptop shows graphs and Results text, the tablet shows Inspiration with percentages, and the smartphone displays an app interface.\"},{\"@type\":\"BreadcrumbList\",\"@id\":\"https:\/\/www.biworldwide.ca\/fr\/comment-nous-aidons\/apprentissage\/plateforme-dapprentissage-en-ligne-chameleon\/#breadcrumb\",\"itemListElement\":[{\"@type\":\"ListItem\",\"position\":1,\"name\":\"Home\",\"item\":\"https:\/\/www.biworldwide.ca\/fr\/\"},{\"@type\":\"ListItem\",\"position\":2,\"name\":\"Comment nous aidons\",\"item\":\"https:\/\/www.biworldwide.ca\/fr\/comment-nous-aidons\/\"},{\"@type\":\"ListItem\",\"position\":3,\"name\":\"Programmes d&#8217;apprentissage\",\"item\":\"https:\/\/www.biworldwide.ca\/fr\/comment-nous-aidons\/apprentissage\/\"},{\"@type\":\"ListItem\",\"position\":4,\"name\":\"Plateforme d&#8217;apprentissage en ligne Chameleon\"}]},{\"@type\":\"WebSite\",\"@id\":\"https:\/\/www.biworldwide.ca\/fr\/#website\",\"url\":\"https:\/\/www.biworldwide.ca\/fr\/\",\"name\":\"Canada (French)\",\"description\":\"\",\"potentialAction\":[{\"@type\":\"SearchAction\",\"target\":{\"@type\":\"EntryPoint\",\"urlTemplate\":\"https:\/\/www.biworldwide.ca\/fr\/?s={search_term_string}\"},\"query-input\":{\"@type\":\"PropertyValueSpecification\",\"valueRequired\":true,\"valueName\":\"search_term_string\"}}],\"inLanguage\":\"fr-CA\"}]}<\/script>\n<!-- \/ Yoast SEO plugin. -->","yoast_head_json":{"title":"Plateforme d'apprentissage en ligne Chameleon - Canada (French)","description":"La plateforme d'apprentissage en ligne Chameleon vous permet de cr\u00e9er des contenus eLearning interactifs et stimulants \u2014 avec des mises \u00e0","robots":{"index":"index","follow":"follow","max-snippet":"max-snippet:-1","max-image-preview":"max-image-preview:large","max-video-preview":"max-video-preview:-1"},"canonical":"https:\/\/www.biworldwide.ca\/fr\/comment-nous-aidons\/apprentissage\/plateforme-dapprentissage-en-ligne-chameleon\/","og_locale":"fr_CA","og_type":"article","og_title":"Plateforme d'apprentissage en ligne Chameleon - Canada (French)","og_description":"La plateforme d'apprentissage en ligne Chameleon vous permet de cr\u00e9er des contenus eLearning interactifs et stimulants \u2014 avec des mises \u00e0","og_url":"https:\/\/www.biworldwide.ca\/fr\/comment-nous-aidons\/apprentissage\/plateforme-dapprentissage-en-ligne-chameleon\/","og_site_name":"Canada (French)","article_modified_time":"2025-04-14T17:59:51+00:00","og_image":[{"url":"https:\/\/www.biworldwide.com\/wp-content\/uploads\/2025\/03\/BIW-Learning-Chameleon-hdr-01.jpg","width":2000,"height":628,"type":"image\/jpeg"}],"twitter_card":"summary_large_image","twitter_misc":{"Est. reading time":"3 minutes"},"schema":{"@context":"https:\/\/schema.org","@graph":[{"@type":"WebPage","@id":"https:\/\/www.biworldwide.ca\/fr\/comment-nous-aidons\/apprentissage\/plateforme-dapprentissage-en-ligne-chameleon\/","url":"https:\/\/www.biworldwide.ca\/fr\/comment-nous-aidons\/apprentissage\/plateforme-dapprentissage-en-ligne-chameleon\/","name":"Plateforme d'apprentissage en ligne Chameleon - Canada (French)","isPartOf":{"@id":"https:\/\/www.biworldwide.ca\/fr\/#website"},"primaryImageOfPage":{"@id":"https:\/\/www.biworldwide.ca\/fr\/comment-nous-aidons\/apprentissage\/plateforme-dapprentissage-en-ligne-chameleon\/#primaryimage"},"image":{"@id":"https:\/\/www.biworldwide.ca\/fr\/comment-nous-aidons\/apprentissage\/plateforme-dapprentissage-en-ligne-chameleon\/#primaryimage"},"thumbnailUrl":"https:\/\/www.biworldwide.com\/wp-content\/uploads\/2025\/03\/BIW-Learning-Chameleon-hdr-01.jpg","datePublished":"2025-03-26T18:01:46+00:00","dateModified":"2025-04-14T17:59:51+00:00","description":"La plateforme d'apprentissage en ligne Chameleon vous permet de cr\u00e9er des contenus eLearning interactifs et stimulants \u2014 avec des mises \u00e0","breadcrumb":{"@id":"https:\/\/www.biworldwide.ca\/fr\/comment-nous-aidons\/apprentissage\/plateforme-dapprentissage-en-ligne-chameleon\/#breadcrumb"},"inLanguage":"fr-CA","potentialAction":[{"@type":"ReadAction","target":["https:\/\/www.biworldwide.ca\/fr\/comment-nous-aidons\/apprentissage\/plateforme-dapprentissage-en-ligne-chameleon\/"]}]},{"@type":"ImageObject","inLanguage":"fr-CA","@id":"https:\/\/www.biworldwide.ca\/fr\/comment-nous-aidons\/apprentissage\/plateforme-dapprentissage-en-ligne-chameleon\/#primaryimage","url":"https:\/\/www.biworldwide.com\/wp-content\/uploads\/2025\/03\/BIW-Learning-Chameleon-hdr-01.jpg","contentUrl":"https:\/\/www.biworldwide.com\/wp-content\/uploads\/2025\/03\/BIW-Learning-Chameleon-hdr-01.jpg","caption":"A laptop, tablet, and smartphone display various screens over a green, swirling background. The laptop shows graphs and Results text, the tablet shows Inspiration with percentages, and the smartphone displays an app interface."},{"@type":"BreadcrumbList","@id":"https:\/\/www.biworldwide.ca\/fr\/comment-nous-aidons\/apprentissage\/plateforme-dapprentissage-en-ligne-chameleon\/#breadcrumb","itemListElement":[{"@type":"ListItem","position":1,"name":"Home","item":"https:\/\/www.biworldwide.ca\/fr\/"},{"@type":"ListItem","position":2,"name":"Comment nous aidons","item":"https:\/\/www.biworldwide.ca\/fr\/comment-nous-aidons\/"},{"@type":"ListItem","position":3,"name":"Programmes d&#8217;apprentissage","item":"https:\/\/www.biworldwide.ca\/fr\/comment-nous-aidons\/apprentissage\/"},{"@type":"ListItem","position":4,"name":"Plateforme d&#8217;apprentissage en ligne Chameleon"}]},{"@type":"WebSite","@id":"https:\/\/www.biworldwide.ca\/fr\/#website","url":"https:\/\/www.biworldwide.ca\/fr\/","name":"Canada (French)","description":"","potentialAction":[{"@type":"SearchAction","target":{"@type":"EntryPoint","urlTemplate":"https:\/\/www.biworldwide.ca\/fr\/?s={search_term_string}"},"query-input":{"@type":"PropertyValueSpecification","valueRequired":true,"valueName":"search_term_string"}}],"inLanguage":"fr-CA"}]}},"_links":{"self":[{"href":"https:\/\/www.biworldwide.ca\/fr\/wp-json\/wp\/v2\/pages\/1517","targetHints":{"allow":["GET"]}}],"collection":[{"href":"https:\/\/www.biworldwide.ca\/fr\/wp-json\/wp\/v2\/pages"}],"about":[{"href":"https:\/\/www.biworldwide.ca\/fr\/wp-json\/wp\/v2\/types\/page"}],"author":[{"embeddable":true,"href":"https:\/\/www.biworldwide.ca\/fr\/wp-json\/wp\/v2\/users\/28"}],"replies":[{"embeddable":true,"href":"https:\/\/www.biworldwide.ca\/fr\/wp-json\/wp\/v2\/comments?post=1517"}],"version-history":[{"count":14,"href":"https:\/\/www.biworldwide.ca\/fr\/wp-json\/wp\/v2\/pages\/1517\/revisions"}],"predecessor-version":[{"id":2485,"href":"https:\/\/www.biworldwide.ca\/fr\/wp-json\/wp\/v2\/pages\/1517\/revisions\/2485"}],"up":[{"embeddable":true,"href":"https:\/\/www.biworldwide.ca\/fr\/wp-json\/wp\/v2\/pages\/120"}],"wp:featuredmedia":[{"embeddable":true,"href":"https:\/\/www.biworldwide.ca\/fr\/wp-json\/wp\/v2\/media\/808"}],"wp:attachment":[{"href":"https:\/\/www.biworldwide.ca\/fr\/wp-json\/wp\/v2\/media?parent=1517"}],"wp:term":[{"taxonomy":"wf_page_folders","embeddable":true,"href":"https:\/\/www.biworldwide.ca\/fr\/wp-json\/wp\/v2\/wf_page_folders?post=1517"}],"curies":[{"name":"wp","href":"https:\/\/api.w.org\/{rel}","templated":true}]}}