{"id":1513,"date":"2025-03-26T09:32:46","date_gmt":"2025-03-26T16:32:46","guid":{"rendered":"https:\/\/www.biworldwide.ca\/fr\/?page_id=1513"},"modified":"2025-03-31T15:54:52","modified_gmt":"2025-03-31T22:54:52","slug":"warehouse-windfall","status":"publish","type":"page","link":"https:\/\/www.biworldwide.ca\/fr\/comment-nous-aidons\/concours-et-incitatifs\/warehouse-windfall\/","title":{"rendered":"Warehouse Windfall"},"content":{"rendered":"<div class=\" has-content-align-left has-overlay has-overlay--dark alignfull wp-block-biw-block-theme-hero\">\n\t<div class=\"biw-hero__grid\">\n\t\t\t\t\t<div class=\"biw-hero__breadcrumbs\">\n\t\t\t\t<div id=\"breadcrumbs\" class=\"breadcrumb-nav__wrapper\"><span class=\"breadcrumb-nav\"><span><a href=\"https:\/\/www.biworldwide.ca\/fr\/\">Home<\/a><\/span><\/span><\/div>\t\t\t<\/div>\n\t\t\n\t\t\t\t\t<div class=\"biw-hero__media \">\n\t\t\t\t\t\t\t\t\t<div class=\"biw-hero__overlay overlay-dark\"><\/div>\n\t\t\t\t\t\t\t\t<img decoding=\"async\" src=\"http:\/\/live-biw-main.pantheonsite.io\/wp-content\/uploads\/2025\/02\/WarehouseWindfall-1728x450-1.jpg\" alt=\"A blurry image of a warehouse aisle with stacked cardboard boxes on a moving cart. The background is filled with shelves containing various packages, suggesting fast movement.\" class=\"biw-hero__bg-image\" style=\"object-position: 50% 50%;\">\t\t\t<\/div>\n\t\t\t\t<div class=\"biw-hero__content\">\n\t\t\t\t\t\t<h1 class=\"biw-hero__title\" style=\"line-height: 1.2\">\n\t\t\t\tWarehouse Windfall\t\t\t<\/h1>\n\t\t\t\t\t\t\t\t\t\t<div class=\"biw-hero__text\">\n\t\t\t\t\t\n\n<p>Poussez les incitations pour vos meilleurs performants \u00e0 un niveau sup\u00e9rieur avec Warehouse Windfall. Motivez votre force de vente avec la chance unique de parcourir un entrep\u00f4t rempli de produits haut de gamme et de repartir avec autant qu&rsquo;ils peuvent en emporter.<\/p>\n\n\t\t\t\t<\/div>\n\t\t\t\t\t\t\t\t<\/div>\n\t<\/div>\n<\/div>\n\n\n\n<div class=\"wp-block-group  layout-columns-7 has-global-padding is-layout-constrained wp-container-core-group-is-layout-a133ec42 wp-block-group-is-layout-constrained\">\n<div class=\"wp-block-group has-global-padding is-layout-constrained wp-block-group-is-layout-constrained\">\n<h2 class=\"wp-block-heading\">Une motivation tangible et palpable.<\/h2>\n\n\n\n<p>Il y a de fortes chances que vous ayez d\u00e9j\u00e0 r\u00eav\u00e9 de faire des achats sans culpabilit\u00e9. Warehouse Windfall est une exp\u00e9rience de r\u00e9compense unique en son genre qui transforme ce r\u00eave en r\u00e9alit\u00e9. Vos meilleurs performants auront la chance de traverser notre entrep\u00f4t rempli de produits allant de l&rsquo;\u00e9lectronique aux bijoux et sacs \u00e0 main de luxe, en passant par des \u00e9quipements sportifs, des appareils de cuisine, des jouets pour enfants et bien plus encore.<\/p>\n\n\n\n<p>Nous commencerons par diffuser des communications cibl\u00e9es pour promouvoir cette opportunit\u00e9 et g\u00e9n\u00e9rer une augmentation mesurable des ventes pendant la p\u00e9riode de qualification. Vous ne financerez pas un simple r\u00eave futile ; vous g\u00e9n\u00e9rerez un r\u00e9el retour sur investissement (ROI)\u2026 et un engouement ind\u00e9niable.<\/p>\n\n\n\n<p>Une fois la p\u00e9riode d&rsquo;incitation termin\u00e9e, nous inviterons vos meilleurs talents \u00e0 notre entrep\u00f4t, situ\u00e9 sur notre campus d&rsquo;entreprise, pour une journ\u00e9e qu&rsquo;ils n&rsquo;oublieront jamais. Ils repartiront dynamis\u00e9s, engag\u00e9s et pr\u00eats \u00e0 relever le prochain d\u00e9fi que vous leur proposerez.<br>Offrons \u00e0 vos meilleurs performants une exp\u00e9rience in\u00e9galable\u2026 et \u00e0 vos r\u00e9sultats financiers un v\u00e9ritable coup de pouce.<\/p>\n<\/div>\n<\/div>\n","protected":false},"excerpt":{"rendered":"<p>Une motivation tangible et palpable. Il y a de fortes chances que vous ayez d\u00e9j\u00e0 r\u00eav\u00e9 de faire des achats sans culpabilit\u00e9. Warehouse Windfall est une exp\u00e9rience de r\u00e9compense unique en son genre qui transforme ce r\u00eave en r\u00e9alit\u00e9. Vos meilleurs performants auront la chance de traverser notre entrep\u00f4t rempli de produits allant de l&rsquo;\u00e9lectronique [&hellip;]<\/p>\n","protected":false},"author":28,"featured_media":524,"parent":110,"menu_order":0,"comment_status":"closed","ping_status":"closed","template":"","meta":{"featured_image_focal_point":{"x":0.5,"y":0.5},"footnotes":""},"wf_page_folders":[],"class_list":["post-1513","page","type-page","status-publish","has-post-thumbnail","hentry"],"yoast_head":"<!-- This site is optimized with the Yoast SEO plugin v26.2 - https:\/\/yoast.com\/wordpress\/plugins\/seo\/ -->\n<title>Warehouse Windfall - Canada (French)<\/title>\n<meta name=\"description\" content=\"L&#039;exp\u00e9rience ultime d&#039;incitation aux ventes : envoyez vos meilleurs performants traverser un entrep\u00f4t pour remplir un chariot avec des\" \/>\n<meta name=\"robots\" content=\"index, follow, max-snippet:-1, max-image-preview:large, max-video-preview:-1\" \/>\n<link rel=\"canonical\" href=\"https:\/\/www.biworldwide.ca\/fr\/comment-nous-aidons\/concours-et-incitatifs\/warehouse-windfall\/\" \/>\n<meta property=\"og:locale\" content=\"fr_CA\" \/>\n<meta property=\"og:type\" content=\"article\" \/>\n<meta property=\"og:title\" content=\"Warehouse Windfall - Canada (French)\" \/>\n<meta property=\"og:description\" content=\"L&#039;exp\u00e9rience ultime d&#039;incitation aux ventes : envoyez vos meilleurs performants traverser un entrep\u00f4t pour remplir un chariot avec des\" \/>\n<meta property=\"og:url\" content=\"https:\/\/www.biworldwide.ca\/fr\/comment-nous-aidons\/concours-et-incitatifs\/warehouse-windfall\/\" \/>\n<meta property=\"og:site_name\" content=\"Canada (French)\" \/>\n<meta property=\"article:modified_time\" content=\"2025-03-31T22:54:52+00:00\" \/>\n<meta property=\"og:image\" content=\"https:\/\/www.biworldwide.com\/wp-content\/uploads\/2025\/02\/WarehouseWindfall-1728x450-1.jpg\" \/>\n\t<meta property=\"og:image:width\" content=\"1728\" \/>\n\t<meta property=\"og:image:height\" content=\"780\" \/>\n\t<meta property=\"og:image:type\" content=\"image\/jpeg\" \/>\n<meta name=\"twitter:card\" content=\"summary_large_image\" \/>\n<meta name=\"twitter:label1\" content=\"Est. reading time\" \/>\n\t<meta name=\"twitter:data1\" content=\"2 minutes\" \/>\n<script type=\"application\/ld+json\" class=\"yoast-schema-graph\">{\"@context\":\"https:\/\/schema.org\",\"@graph\":[{\"@type\":\"WebPage\",\"@id\":\"https:\/\/www.biworldwide.ca\/fr\/comment-nous-aidons\/concours-et-incitatifs\/warehouse-windfall\/\",\"url\":\"https:\/\/www.biworldwide.ca\/fr\/comment-nous-aidons\/concours-et-incitatifs\/warehouse-windfall\/\",\"name\":\"Warehouse Windfall - Canada (French)\",\"isPartOf\":{\"@id\":\"https:\/\/www.biworldwide.ca\/fr\/#website\"},\"primaryImageOfPage\":{\"@id\":\"https:\/\/www.biworldwide.ca\/fr\/comment-nous-aidons\/concours-et-incitatifs\/warehouse-windfall\/#primaryimage\"},\"image\":{\"@id\":\"https:\/\/www.biworldwide.ca\/fr\/comment-nous-aidons\/concours-et-incitatifs\/warehouse-windfall\/#primaryimage\"},\"thumbnailUrl\":\"https:\/\/www.biworldwide.com\/wp-content\/uploads\/2025\/02\/WarehouseWindfall-1728x450-1.jpg\",\"datePublished\":\"2025-03-26T16:32:46+00:00\",\"dateModified\":\"2025-03-31T22:54:52+00:00\",\"description\":\"L'exp\u00e9rience ultime d'incitation aux ventes : envoyez vos meilleurs performants traverser un entrep\u00f4t pour remplir un chariot avec des\",\"breadcrumb\":{\"@id\":\"https:\/\/www.biworldwide.ca\/fr\/comment-nous-aidons\/concours-et-incitatifs\/warehouse-windfall\/#breadcrumb\"},\"inLanguage\":\"fr-CA\",\"potentialAction\":[{\"@type\":\"ReadAction\",\"target\":[\"https:\/\/www.biworldwide.ca\/fr\/comment-nous-aidons\/concours-et-incitatifs\/warehouse-windfall\/\"]}]},{\"@type\":\"ImageObject\",\"inLanguage\":\"fr-CA\",\"@id\":\"https:\/\/www.biworldwide.ca\/fr\/comment-nous-aidons\/concours-et-incitatifs\/warehouse-windfall\/#primaryimage\",\"url\":\"https:\/\/www.biworldwide.com\/wp-content\/uploads\/2025\/02\/WarehouseWindfall-1728x450-1.jpg\",\"contentUrl\":\"https:\/\/www.biworldwide.com\/wp-content\/uploads\/2025\/02\/WarehouseWindfall-1728x450-1.jpg\",\"caption\":\"A blurry image of a warehouse aisle with stacked cardboard boxes on a moving cart. The background is filled with shelves containing various packages, suggesting fast movement.\"},{\"@type\":\"BreadcrumbList\",\"@id\":\"https:\/\/www.biworldwide.ca\/fr\/comment-nous-aidons\/concours-et-incitatifs\/warehouse-windfall\/#breadcrumb\",\"itemListElement\":[{\"@type\":\"ListItem\",\"position\":1,\"name\":\"Home\",\"item\":\"https:\/\/www.biworldwide.ca\/fr\/\"},{\"@type\":\"ListItem\",\"position\":2,\"name\":\"Comment nous aidons\",\"item\":\"https:\/\/www.biworldwide.ca\/fr\/comment-nous-aidons\/\"},{\"@type\":\"ListItem\",\"position\":3,\"name\":\"Concours et incitatifs\",\"item\":\"https:\/\/www.biworldwide.ca\/fr\/comment-nous-aidons\/concours-et-incitatifs\/\"},{\"@type\":\"ListItem\",\"position\":4,\"name\":\"Warehouse Windfall\"}]},{\"@type\":\"WebSite\",\"@id\":\"https:\/\/www.biworldwide.ca\/fr\/#website\",\"url\":\"https:\/\/www.biworldwide.ca\/fr\/\",\"name\":\"Canada (French)\",\"description\":\"\",\"potentialAction\":[{\"@type\":\"SearchAction\",\"target\":{\"@type\":\"EntryPoint\",\"urlTemplate\":\"https:\/\/www.biworldwide.ca\/fr\/?s={search_term_string}\"},\"query-input\":{\"@type\":\"PropertyValueSpecification\",\"valueRequired\":true,\"valueName\":\"search_term_string\"}}],\"inLanguage\":\"fr-CA\"}]}<\/script>\n<!-- \/ Yoast SEO plugin. -->","yoast_head_json":{"title":"Warehouse Windfall - Canada (French)","description":"L'exp\u00e9rience ultime d'incitation aux ventes : envoyez vos meilleurs performants traverser un entrep\u00f4t pour remplir un chariot avec des","robots":{"index":"index","follow":"follow","max-snippet":"max-snippet:-1","max-image-preview":"max-image-preview:large","max-video-preview":"max-video-preview:-1"},"canonical":"https:\/\/www.biworldwide.ca\/fr\/comment-nous-aidons\/concours-et-incitatifs\/warehouse-windfall\/","og_locale":"fr_CA","og_type":"article","og_title":"Warehouse Windfall - Canada (French)","og_description":"L'exp\u00e9rience ultime d'incitation aux ventes : envoyez vos meilleurs performants traverser un entrep\u00f4t pour remplir un chariot avec des","og_url":"https:\/\/www.biworldwide.ca\/fr\/comment-nous-aidons\/concours-et-incitatifs\/warehouse-windfall\/","og_site_name":"Canada (French)","article_modified_time":"2025-03-31T22:54:52+00:00","og_image":[{"url":"https:\/\/www.biworldwide.com\/wp-content\/uploads\/2025\/02\/WarehouseWindfall-1728x450-1.jpg","width":1728,"height":780,"type":"image\/jpeg"}],"twitter_card":"summary_large_image","twitter_misc":{"Est. reading time":"2 minutes"},"schema":{"@context":"https:\/\/schema.org","@graph":[{"@type":"WebPage","@id":"https:\/\/www.biworldwide.ca\/fr\/comment-nous-aidons\/concours-et-incitatifs\/warehouse-windfall\/","url":"https:\/\/www.biworldwide.ca\/fr\/comment-nous-aidons\/concours-et-incitatifs\/warehouse-windfall\/","name":"Warehouse Windfall - Canada (French)","isPartOf":{"@id":"https:\/\/www.biworldwide.ca\/fr\/#website"},"primaryImageOfPage":{"@id":"https:\/\/www.biworldwide.ca\/fr\/comment-nous-aidons\/concours-et-incitatifs\/warehouse-windfall\/#primaryimage"},"image":{"@id":"https:\/\/www.biworldwide.ca\/fr\/comment-nous-aidons\/concours-et-incitatifs\/warehouse-windfall\/#primaryimage"},"thumbnailUrl":"https:\/\/www.biworldwide.com\/wp-content\/uploads\/2025\/02\/WarehouseWindfall-1728x450-1.jpg","datePublished":"2025-03-26T16:32:46+00:00","dateModified":"2025-03-31T22:54:52+00:00","description":"L'exp\u00e9rience ultime d'incitation aux ventes : envoyez vos meilleurs performants traverser un entrep\u00f4t pour remplir un chariot avec des","breadcrumb":{"@id":"https:\/\/www.biworldwide.ca\/fr\/comment-nous-aidons\/concours-et-incitatifs\/warehouse-windfall\/#breadcrumb"},"inLanguage":"fr-CA","potentialAction":[{"@type":"ReadAction","target":["https:\/\/www.biworldwide.ca\/fr\/comment-nous-aidons\/concours-et-incitatifs\/warehouse-windfall\/"]}]},{"@type":"ImageObject","inLanguage":"fr-CA","@id":"https:\/\/www.biworldwide.ca\/fr\/comment-nous-aidons\/concours-et-incitatifs\/warehouse-windfall\/#primaryimage","url":"https:\/\/www.biworldwide.com\/wp-content\/uploads\/2025\/02\/WarehouseWindfall-1728x450-1.jpg","contentUrl":"https:\/\/www.biworldwide.com\/wp-content\/uploads\/2025\/02\/WarehouseWindfall-1728x450-1.jpg","caption":"A blurry image of a warehouse aisle with stacked cardboard boxes on a moving cart. The background is filled with shelves containing various packages, suggesting fast movement."},{"@type":"BreadcrumbList","@id":"https:\/\/www.biworldwide.ca\/fr\/comment-nous-aidons\/concours-et-incitatifs\/warehouse-windfall\/#breadcrumb","itemListElement":[{"@type":"ListItem","position":1,"name":"Home","item":"https:\/\/www.biworldwide.ca\/fr\/"},{"@type":"ListItem","position":2,"name":"Comment nous aidons","item":"https:\/\/www.biworldwide.ca\/fr\/comment-nous-aidons\/"},{"@type":"ListItem","position":3,"name":"Concours et incitatifs","item":"https:\/\/www.biworldwide.ca\/fr\/comment-nous-aidons\/concours-et-incitatifs\/"},{"@type":"ListItem","position":4,"name":"Warehouse Windfall"}]},{"@type":"WebSite","@id":"https:\/\/www.biworldwide.ca\/fr\/#website","url":"https:\/\/www.biworldwide.ca\/fr\/","name":"Canada (French)","description":"","potentialAction":[{"@type":"SearchAction","target":{"@type":"EntryPoint","urlTemplate":"https:\/\/www.biworldwide.ca\/fr\/?s={search_term_string}"},"query-input":{"@type":"PropertyValueSpecification","valueRequired":true,"valueName":"search_term_string"}}],"inLanguage":"fr-CA"}]}},"_links":{"self":[{"href":"https:\/\/www.biworldwide.ca\/fr\/wp-json\/wp\/v2\/pages\/1513","targetHints":{"allow":["GET"]}}],"collection":[{"href":"https:\/\/www.biworldwide.ca\/fr\/wp-json\/wp\/v2\/pages"}],"about":[{"href":"https:\/\/www.biworldwide.ca\/fr\/wp-json\/wp\/v2\/types\/page"}],"author":[{"embeddable":true,"href":"https:\/\/www.biworldwide.ca\/fr\/wp-json\/wp\/v2\/users\/28"}],"replies":[{"embeddable":true,"href":"https:\/\/www.biworldwide.ca\/fr\/wp-json\/wp\/v2\/comments?post=1513"}],"version-history":[{"count":2,"href":"https:\/\/www.biworldwide.ca\/fr\/wp-json\/wp\/v2\/pages\/1513\/revisions"}],"predecessor-version":[{"id":1516,"href":"https:\/\/www.biworldwide.ca\/fr\/wp-json\/wp\/v2\/pages\/1513\/revisions\/1516"}],"up":[{"embeddable":true,"href":"https:\/\/www.biworldwide.ca\/fr\/wp-json\/wp\/v2\/pages\/110"}],"wp:featuredmedia":[{"embeddable":true,"href":"https:\/\/www.biworldwide.ca\/fr\/wp-json\/wp\/v2\/media\/524"}],"wp:attachment":[{"href":"https:\/\/www.biworldwide.ca\/fr\/wp-json\/wp\/v2\/media?parent=1513"}],"wp:term":[{"taxonomy":"wf_page_folders","embeddable":true,"href":"https:\/\/www.biworldwide.ca\/fr\/wp-json\/wp\/v2\/wf_page_folders?post=1513"}],"curies":[{"name":"wp","href":"https:\/\/api.w.org\/{rel}","templated":true}]}}