{"id":151,"date":"2025-01-14T16:23:43","date_gmt":"2025-01-14T16:23:43","guid":{"rendered":"https:\/\/live-biw-main.pantheonsite.io\/?page_id=151"},"modified":"2025-04-02T15:53:07","modified_gmt":"2025-04-02T22:53:07","slug":"biens-et-services-de-consommation","status":"publish","type":"page","link":"https:\/\/www.biworldwide.ca\/fr\/a-qui-nous-servons\/biens-et-services-de-consommation\/","title":{"rendered":"Biens et services de consommation"},"content":{"rendered":"<div class=\" has-content-align-left has-overlay has-overlay--dark alignfull wp-block-biw-block-theme-hero\">\n\t<div class=\"biw-hero__grid\">\n\t\t\t\t\t<div class=\"biw-hero__breadcrumbs\">\n\t\t\t\t<div id=\"breadcrumbs\" class=\"breadcrumb-nav__wrapper\"><span class=\"breadcrumb-nav\"><span><a href=\"https:\/\/www.biworldwide.ca\/fr\/\">Home<\/a><\/span><\/span><\/div>\t\t\t<\/div>\n\t\t\n\t\t\t\t\t<div class=\"biw-hero__media \">\n\t\t\t\t\t\t\t\t\t<div class=\"biw-hero__overlay overlay-dark\"><\/div>\n\t\t\t\t\t\t\t\t<img decoding=\"async\" src=\"http:\/\/live-biw-main.pantheonsite.io\/wp-content\/uploads\/2025\/02\/ConsumerGoods-1728x600px.jpg\" alt=\"Shelves filled with various types of packaged bread rolls in a bakery section of a grocery store. The bread is neatly arranged in metal racks, and each package has a label. The floor is a light-colored tile.\" class=\"biw-hero__bg-image\" style=\"object-position: 50% 50%;\">\t\t\t<\/div>\n\t\t\t\t<div class=\"biw-hero__content\">\n\t\t\t\t\t\t<h1 class=\"biw-hero__title\" style=\"line-height: 1.2\">\n\t\t\t\tDe la porte du quai \u00e0 la caisse\t\t\t<\/h1>\n\t\t\t\t\t\t\t<h2 class=\"biw-hero__subtitle\">\n\t\t\t\t\tSolutions d&rsquo;engagement sur mesure pour les biens de consommation et services.\t\t\t\t<\/h2>\n\t\t\t\t\t\t\t\t\t\t<div class=\"biw-hero__text\">\n\t\t\t\t\t\n\n<p>Nous collaborons avec des entreprises leaders dans l&rsquo;industrie des biens de consommation en concevant des solutions qui captivent des publics diversifi\u00e9s, notamment les \u00e9quipes de fabrication, de distribution, de ventes et d&#8217;employ\u00e9s d&rsquo;entreprise.<\/p>\n\n\t\t\t\t<\/div>\n\t\t\t\t\t\t\t\t<\/div>\n\t<\/div>\n<\/div>\n\n\n\n<div class=\"wp-block-group alignfull has-global-padding is-layout-constrained wp-container-core-group-is-layout-97ab3c77 wp-block-group-is-layout-constrained\">\n<div class=\"wp-block-group has-text-align-center  layout-columns-8 has-global-padding is-layout-constrained wp-container-core-group-is-layout-ee362a79 wp-block-group-is-layout-constrained\">\n<h2 class=\"wp-block-heading has-text-align-center  has-text-wrap-pretty\">Des solutions qui r\u00e9solvent des probl\u00e8mes.<\/h2>\n\n\n\n<p class=\" has-text-wrap-balance\">Nos programmes renforcent l&rsquo;engagement, les efforts et l&rsquo;inspiration, sp\u00e9cialement con\u00e7us pour votre industrie. De la fabrication \u00e0 la distribution, en passant par l&rsquo;alimentation et les boissons, jusqu&rsquo;aux cosm\u00e9tiques.<\/p>\n<\/div>\n\n\n\n<div class=\"wp-block-group  layout-columns-12 has-global-padding is-layout-constrained wp-container-core-group-is-layout-9e09659d wp-block-group-is-layout-constrained\">\n<div class=\"wp-block-group is-layout-grid wp-container-core-group-is-layout-c765d3c1 wp-block-group-is-layout-grid\"><div class=\" has-dynamic-border-radius has-link has-image-size-cover has-image-radius-none is-style-default wp-block-biw-block-theme-biw-card\">\n\t\t\t<figure class=\"biw-card__image-wrapper \">\n\t\t\t<img decoding=\"async\" src=\"http:\/\/live-biw-main.pantheonsite.io\/wp-content\/uploads\/2025\/02\/Contests-and-incentives-Yellow-1300x732px.jpg\" alt=\"A man and a woman sit together at a desk, looking at a tablet. The woman is in the foreground, smiling slightly, while the man points at the tablet screen. A laptop is open on the desk beside them, and the background is softly blurred.\" class=\"biw-card__image\" style=\"object-position: 50% 50%;\">\t\t<\/figure>\n\t\t<div class=\"biw-card__content\">\n\t\t<h3 class=\"biw-card__title\">\n\t\t\t\t\t\t\t<a href=\"https:\/\/www.biworldwide.ca\/fr\/comment-nous-aidons\/concours-et-incitatifs\/\" >\n\t\t\t\tIncitatifs de vente\t\t\t\t<\/a>\n\t\t\t\t\t<\/h3>\n\t\t<div class=\"biw-card__text\">\n\n<p>Allez au-del\u00e0 des comportements existants pour encourager davantage les nouveaux comportements souhait\u00e9s. Notre expertise en mati\u00e8re d&rsquo;incitatifs de vente nous permet de concevoir une structure et des r\u00e9compenses adapt\u00e9es pour optimiser vos r\u00e9sultats.<\/p>\n\n<\/div>\n\t<\/div>\n\t\t\t<span class=\"biw-card__cta\">En savoir plus<\/span>\n\t<\/div>\n\n<div class=\" has-dynamic-border-radius has-link has-image-size-cover has-image-radius-none is-style-default wp-block-biw-block-theme-biw-card\">\n\t\t\t<figure class=\"biw-card__image-wrapper \">\n\t\t\t<img loading=\"lazy\" decoding=\"async\" width=\"1300\" height=\"732\" src=\"https:\/\/www.biworldwide.com\/wp-content\/uploads\/2025\/02\/Learning-1300x732px.jpg\" class=\"biw-card__image\" alt=\"A womans face in profile blends into a textured background of golden and charcoal puzzle pieces, symbolizing complexity and interconnection. Her expression is thoughtful, with loose pieces surrounding her head.\" style=\"object-position: 50% 50%;\" srcset=\"https:\/\/www.biworldwide.com\/wp-content\/uploads\/2025\/02\/Learning-1300x732px.jpg 1300w, https:\/\/www.biworldwide.com\/wp-content\/uploads\/2025\/02\/Learning-1300x732px-300x169.jpg 300w, https:\/\/www.biworldwide.com\/wp-content\/uploads\/2025\/02\/Learning-1300x732px-1024x577.jpg 1024w, https:\/\/www.biworldwide.com\/wp-content\/uploads\/2025\/02\/Learning-1300x732px-768x432.jpg 768w\" sizes=\"auto, (max-width: 1300px) 100vw, 1300px\" \/>\t\t<\/figure>\n\t\t<div class=\"biw-card__content\">\n\t\t<h3 class=\"biw-card__title\">\n\t\t\t\t\t\t\t<a href=\"https:\/\/www.biworldwide.ca\/fr\/comment-nous-aidons\/apprentissage\/\" >\n\t\t\t\tApprentissage\t\t\t\t<\/a>\n\t\t\t\t\t<\/h3>\n\t\t<div class=\"biw-card__text\">\n\n<p>Que ce soit pour apprendre \u00e0 conna\u00eetre un nouveau produit, la s\u00e9curit\u00e9, la conformit\u00e9 ou la mise en place d&rsquo;un pr\u00e9sentoir de produit, nos approches d&rsquo;apprentissage engageantes motivent les employ\u00e9s \u00e0 donner le meilleur d&rsquo;eux-m\u00eames.<\/p>\n\n<\/div>\n\t<\/div>\n\t\t\t<span class=\"biw-card__cta\">En savoir plus<\/span>\n\t<\/div>\n\n<div class=\" has-dynamic-border-radius has-link has-image-size-cover has-image-radius-none is-style-default wp-block-biw-block-theme-biw-card\">\n\t\t\t<figure class=\"biw-card__image-wrapper \">\n\t\t\t<img decoding=\"async\" src=\"http:\/\/live-biw-main.pantheonsite.io\/wp-content\/uploads\/2025\/02\/Employee-engagement-WomanReceivingApplause-1300x732px.jpg\" alt=\"A smiling woman with curly hair sits at a table, looking up. She is surrounded by several people clapping, all wearing business attire. A laptop is visible in front of her. The atmosphere appears celebratory and supportive.\" class=\"biw-card__image\" style=\"object-position: 50% 50%;\">\t\t<\/figure>\n\t\t<div class=\"biw-card__content\">\n\t\t<h3 class=\"biw-card__title\">\n\t\t\t\t\t\t\t<a href=\"https:\/\/www.biworldwide.ca\/fr\/problemes-que-nous-resolvons\/engagement-des-employes\/\" >\n\t\t\t\tD\u00e9veloppement, activation et image de marque de la proposition de valeur pour les employ\u00e9s (PVE)\t\t\t\t<\/a>\n\t\t\t\t\t<\/h3>\n\t\t<div class=\"biw-card__text\">\n\n<p>Attirez, engagez et fid\u00e9lisez les meilleurs talents dans cette industrie comp\u00e9titive et \u00e0 fort taux de roulement avec une PVE et une marque employeur qui suscitent l\u2019amour de la marque chez vos employ\u00e9s.<\/p>\n\n<\/div>\n\t<\/div>\n\t\t\t<span class=\"biw-card__cta\">En savoir plus<\/span>\n\t<\/div>\n\n\n<div class=\"wp-block-group  has-dynamic-border-radius has-global-padding is-layout-constrained wp-block-group-is-layout-constrained\">\n<figure class=\"wp-block-image size-large\"><img decoding=\"async\" src=\"http:\/\/live-biw-main.pantheonsite.io\/wp-content\/uploads\/2025\/02\/Loyalty-1300x732px-1024x577.jpg\" alt=\"A smiling woman with curly hair, wearing a white shirt and necklace, receives a small package. She stands outdoors with a colorful, blurred background.\" class=\"wp-image-2263\" \/><\/figure>\n<\/div>\n\n\n<div class=\" has-dynamic-border-radius has-link has-image-size-cover has-image-radius-none is-style-default wp-block-biw-block-theme-biw-card\">\n\t\t\t<figure class=\"biw-card__image-wrapper \">\n\t\t\t<img decoding=\"async\" src=\"http:\/\/live-biw-main.pantheonsite.io\/wp-content\/uploads\/2025\/02\/Communications-colored-paper-1300x732px.jpg\" alt=\"Abstract digital artwork featuring curved, layered shapes in vibrant orange, yellow, green, and red tones, creating a dynamic and visually striking composition against an orange background.\" class=\"biw-card__image\" style=\"object-position: 50% 50%;\">\t\t<\/figure>\n\t\t<div class=\"biw-card__content\">\n\t\t<h3 class=\"biw-card__title\">\n\t\t\t\t\t\t\t<a href=\"https:\/\/www.biworldwide.ca\/fr\/comment-nous-aidons\/communications\/\" >\n\t\t\t\tCommunications\t\t\t\t<\/a>\n\t\t\t\t\t<\/h3>\n\t\t<div class=\"biw-card__text\">\n\n<p>Nos communications segment\u00e9es garantissent que vos publics re\u00e7oivent des messages pertinents dans le bon m\u00e9dia pour inciter \u00e0 l&rsquo;action.<\/p>\n\n<\/div>\n\t<\/div>\n\t\t\t<span class=\"biw-card__cta\">En savoir plus<\/span>\n\t<\/div>\n\n<div class=\" has-dynamic-border-radius has-link has-image-size-cover has-image-radius-none is-style-default wp-block-biw-block-theme-biw-card\">\n\t\t\t<figure class=\"biw-card__image-wrapper \">\n\t\t\t<img loading=\"lazy\" decoding=\"async\" width=\"2560\" height=\"1441\" src=\"https:\/\/www.biworldwide.com\/wp-content\/uploads\/2025\/02\/BIW_Site_Card_Recognition-scaled.jpg\" class=\"biw-card__image\" alt=\"A cupcake with blue frosting and colorful sprinkles is topped with a lit sparkler. The cupcake sits on a surface scattered with more sprinkles. The background is filled with colorful bokeh and out-of-focus balloons.\" style=\"object-position: 50% 50%;\" srcset=\"https:\/\/www.biworldwide.com\/wp-content\/uploads\/2025\/02\/BIW_Site_Card_Recognition-scaled.jpg 2560w, https:\/\/www.biworldwide.com\/wp-content\/uploads\/2025\/02\/BIW_Site_Card_Recognition-300x169.jpg 300w, https:\/\/www.biworldwide.com\/wp-content\/uploads\/2025\/02\/BIW_Site_Card_Recognition-1024x577.jpg 1024w, https:\/\/www.biworldwide.com\/wp-content\/uploads\/2025\/02\/BIW_Site_Card_Recognition-768x432.jpg 768w, https:\/\/www.biworldwide.com\/wp-content\/uploads\/2025\/02\/BIW_Site_Card_Recognition-1536x865.jpg 1536w, https:\/\/www.biworldwide.com\/wp-content\/uploads\/2025\/02\/BIW_Site_Card_Recognition-2048x1153.jpg 2048w\" sizes=\"auto, (max-width: 2560px) 100vw, 2560px\" \/>\t\t<\/figure>\n\t\t<div class=\"biw-card__content\">\n\t\t<h3 class=\"biw-card__title\">\n\t\t\t\t\t\t\t<a href=\"https:\/\/www.biworldwide.ca\/fr\/comment-nous-aidons\/reconnaissance\/\" >\n\t\t\t\tReconnaissance\t\t\t\t<\/a>\n\t\t\t\t\t<\/h3>\n\t\t<div class=\"biw-card__text\">\n\n<p>Nous concevons des programmes qui motivent les diff\u00e9rents publics de cette industrie autour d&rsquo;objectifs organisationnels communs.<\/p>\n\n<\/div>\n\t<\/div>\n\t\t\t<span class=\"biw-card__cta\">En savoir plus<\/span>\n\t<\/div><\/div>\n<\/div>\n<\/div>\n","protected":false},"excerpt":{"rendered":"<p>Des solutions qui r\u00e9solvent des probl\u00e8mes. Nos programmes renforcent l&rsquo;engagement, les efforts et l&rsquo;inspiration, sp\u00e9cialement con\u00e7us pour votre industrie. De la fabrication \u00e0 la distribution, en passant par l&rsquo;alimentation et les boissons, jusqu&rsquo;aux cosm\u00e9tiques.<\/p>\n","protected":false},"author":11,"featured_media":706,"parent":140,"menu_order":0,"comment_status":"closed","ping_status":"closed","template":"","meta":{"featured_image_focal_point":{"x":0.5,"y":0.5},"footnotes":""},"wf_page_folders":[],"class_list":["post-151","page","type-page","status-publish","has-post-thumbnail","hentry"],"yoast_head":"<!-- This site is optimized with the Yoast SEO plugin v26.2 - https:\/\/yoast.com\/wordpress\/plugins\/seo\/ -->\n<title>Biens et services de consommation - Canada (French)<\/title>\n<meta name=\"description\" content=\"Nous collaborons avec des entreprises leaders dans l&#039;industrie des biens de consommation et des services, en concevant des solutions qui\" \/>\n<meta name=\"robots\" content=\"index, follow, max-snippet:-1, max-image-preview:large, max-video-preview:-1\" \/>\n<link rel=\"canonical\" href=\"https:\/\/www.biworldwide.ca\/fr\/a-qui-nous-servons\/biens-et-services-de-consommation\/\" \/>\n<meta property=\"og:locale\" content=\"fr_CA\" \/>\n<meta property=\"og:type\" content=\"article\" \/>\n<meta property=\"og:title\" content=\"Biens et services de consommation - Canada (French)\" \/>\n<meta property=\"og:description\" content=\"Nous collaborons avec des entreprises leaders dans l&#039;industrie des biens de consommation et des services, en concevant des solutions qui\" \/>\n<meta property=\"og:url\" content=\"https:\/\/www.biworldwide.ca\/fr\/a-qui-nous-servons\/biens-et-services-de-consommation\/\" \/>\n<meta property=\"og:site_name\" content=\"Canada (French)\" \/>\n<meta property=\"article:modified_time\" content=\"2025-04-02T22:53:07+00:00\" \/>\n<meta property=\"og:image\" content=\"https:\/\/www.biworldwide.com\/wp-content\/uploads\/2025\/02\/ConsumerGoods-Grocery-shelves-1300x732px.jpg\" \/>\n\t<meta property=\"og:image:width\" content=\"1300\" \/>\n\t<meta property=\"og:image:height\" content=\"732\" \/>\n\t<meta property=\"og:image:type\" content=\"image\/jpeg\" \/>\n<meta name=\"twitter:card\" content=\"summary_large_image\" \/>\n<meta name=\"twitter:label1\" content=\"Est. reading time\" \/>\n\t<meta name=\"twitter:data1\" content=\"2 minutes\" \/>\n<script type=\"application\/ld+json\" class=\"yoast-schema-graph\">{\"@context\":\"https:\/\/schema.org\",\"@graph\":[{\"@type\":\"WebPage\",\"@id\":\"https:\/\/www.biworldwide.ca\/fr\/a-qui-nous-servons\/biens-et-services-de-consommation\/\",\"url\":\"https:\/\/www.biworldwide.ca\/fr\/a-qui-nous-servons\/biens-et-services-de-consommation\/\",\"name\":\"Biens et services de consommation - Canada (French)\",\"isPartOf\":{\"@id\":\"https:\/\/www.biworldwide.ca\/fr\/#website\"},\"primaryImageOfPage\":{\"@id\":\"https:\/\/www.biworldwide.ca\/fr\/a-qui-nous-servons\/biens-et-services-de-consommation\/#primaryimage\"},\"image\":{\"@id\":\"https:\/\/www.biworldwide.ca\/fr\/a-qui-nous-servons\/biens-et-services-de-consommation\/#primaryimage\"},\"thumbnailUrl\":\"https:\/\/www.biworldwide.com\/wp-content\/uploads\/2025\/02\/ConsumerGoods-Grocery-shelves-1300x732px.jpg\",\"datePublished\":\"2025-01-14T16:23:43+00:00\",\"dateModified\":\"2025-04-02T22:53:07+00:00\",\"description\":\"Nous collaborons avec des entreprises leaders dans l'industrie des biens de consommation et des services, en concevant des solutions qui\",\"breadcrumb\":{\"@id\":\"https:\/\/www.biworldwide.ca\/fr\/a-qui-nous-servons\/biens-et-services-de-consommation\/#breadcrumb\"},\"inLanguage\":\"fr-CA\",\"potentialAction\":[{\"@type\":\"ReadAction\",\"target\":[\"https:\/\/www.biworldwide.ca\/fr\/a-qui-nous-servons\/biens-et-services-de-consommation\/\"]}]},{\"@type\":\"ImageObject\",\"inLanguage\":\"fr-CA\",\"@id\":\"https:\/\/www.biworldwide.ca\/fr\/a-qui-nous-servons\/biens-et-services-de-consommation\/#primaryimage\",\"url\":\"https:\/\/www.biworldwide.com\/wp-content\/uploads\/2025\/02\/ConsumerGoods-Grocery-shelves-1300x732px.jpg\",\"contentUrl\":\"https:\/\/www.biworldwide.com\/wp-content\/uploads\/2025\/02\/ConsumerGoods-Grocery-shelves-1300x732px.jpg\",\"caption\":\"Shelves filled with various breads wrapped in plastic packaging at a bakery or supermarket. A green allergen information sign is visible above the top shelf. Each item is labeled with a price tag showing \u00a31.\"},{\"@type\":\"BreadcrumbList\",\"@id\":\"https:\/\/www.biworldwide.ca\/fr\/a-qui-nous-servons\/biens-et-services-de-consommation\/#breadcrumb\",\"itemListElement\":[{\"@type\":\"ListItem\",\"position\":1,\"name\":\"Home\",\"item\":\"https:\/\/www.biworldwide.ca\/fr\/\"},{\"@type\":\"ListItem\",\"position\":2,\"name\":\"\u00c0 qui nous servons\",\"item\":\"https:\/\/www.biworldwide.ca\/fr\/a-qui-nous-servons\/\"},{\"@type\":\"ListItem\",\"position\":3,\"name\":\"Biens et services de consommation\"}]},{\"@type\":\"WebSite\",\"@id\":\"https:\/\/www.biworldwide.ca\/fr\/#website\",\"url\":\"https:\/\/www.biworldwide.ca\/fr\/\",\"name\":\"Canada (French)\",\"description\":\"\",\"potentialAction\":[{\"@type\":\"SearchAction\",\"target\":{\"@type\":\"EntryPoint\",\"urlTemplate\":\"https:\/\/www.biworldwide.ca\/fr\/?s={search_term_string}\"},\"query-input\":{\"@type\":\"PropertyValueSpecification\",\"valueRequired\":true,\"valueName\":\"search_term_string\"}}],\"inLanguage\":\"fr-CA\"}]}<\/script>\n<!-- \/ Yoast SEO plugin. -->","yoast_head_json":{"title":"Biens et services de consommation - Canada (French)","description":"Nous collaborons avec des entreprises leaders dans l'industrie des biens de consommation et des services, en concevant des solutions qui","robots":{"index":"index","follow":"follow","max-snippet":"max-snippet:-1","max-image-preview":"max-image-preview:large","max-video-preview":"max-video-preview:-1"},"canonical":"https:\/\/www.biworldwide.ca\/fr\/a-qui-nous-servons\/biens-et-services-de-consommation\/","og_locale":"fr_CA","og_type":"article","og_title":"Biens et services de consommation - Canada (French)","og_description":"Nous collaborons avec des entreprises leaders dans l'industrie des biens de consommation et des services, en concevant des solutions qui","og_url":"https:\/\/www.biworldwide.ca\/fr\/a-qui-nous-servons\/biens-et-services-de-consommation\/","og_site_name":"Canada (French)","article_modified_time":"2025-04-02T22:53:07+00:00","og_image":[{"url":"https:\/\/www.biworldwide.com\/wp-content\/uploads\/2025\/02\/ConsumerGoods-Grocery-shelves-1300x732px.jpg","width":1300,"height":732,"type":"image\/jpeg"}],"twitter_card":"summary_large_image","twitter_misc":{"Est. reading time":"2 minutes"},"schema":{"@context":"https:\/\/schema.org","@graph":[{"@type":"WebPage","@id":"https:\/\/www.biworldwide.ca\/fr\/a-qui-nous-servons\/biens-et-services-de-consommation\/","url":"https:\/\/www.biworldwide.ca\/fr\/a-qui-nous-servons\/biens-et-services-de-consommation\/","name":"Biens et services de consommation - Canada (French)","isPartOf":{"@id":"https:\/\/www.biworldwide.ca\/fr\/#website"},"primaryImageOfPage":{"@id":"https:\/\/www.biworldwide.ca\/fr\/a-qui-nous-servons\/biens-et-services-de-consommation\/#primaryimage"},"image":{"@id":"https:\/\/www.biworldwide.ca\/fr\/a-qui-nous-servons\/biens-et-services-de-consommation\/#primaryimage"},"thumbnailUrl":"https:\/\/www.biworldwide.com\/wp-content\/uploads\/2025\/02\/ConsumerGoods-Grocery-shelves-1300x732px.jpg","datePublished":"2025-01-14T16:23:43+00:00","dateModified":"2025-04-02T22:53:07+00:00","description":"Nous collaborons avec des entreprises leaders dans l'industrie des biens de consommation et des services, en concevant des solutions qui","breadcrumb":{"@id":"https:\/\/www.biworldwide.ca\/fr\/a-qui-nous-servons\/biens-et-services-de-consommation\/#breadcrumb"},"inLanguage":"fr-CA","potentialAction":[{"@type":"ReadAction","target":["https:\/\/www.biworldwide.ca\/fr\/a-qui-nous-servons\/biens-et-services-de-consommation\/"]}]},{"@type":"ImageObject","inLanguage":"fr-CA","@id":"https:\/\/www.biworldwide.ca\/fr\/a-qui-nous-servons\/biens-et-services-de-consommation\/#primaryimage","url":"https:\/\/www.biworldwide.com\/wp-content\/uploads\/2025\/02\/ConsumerGoods-Grocery-shelves-1300x732px.jpg","contentUrl":"https:\/\/www.biworldwide.com\/wp-content\/uploads\/2025\/02\/ConsumerGoods-Grocery-shelves-1300x732px.jpg","caption":"Shelves filled with various breads wrapped in plastic packaging at a bakery or supermarket. A green allergen information sign is visible above the top shelf. Each item is labeled with a price tag showing \u00a31."},{"@type":"BreadcrumbList","@id":"https:\/\/www.biworldwide.ca\/fr\/a-qui-nous-servons\/biens-et-services-de-consommation\/#breadcrumb","itemListElement":[{"@type":"ListItem","position":1,"name":"Home","item":"https:\/\/www.biworldwide.ca\/fr\/"},{"@type":"ListItem","position":2,"name":"\u00c0 qui nous servons","item":"https:\/\/www.biworldwide.ca\/fr\/a-qui-nous-servons\/"},{"@type":"ListItem","position":3,"name":"Biens et services de consommation"}]},{"@type":"WebSite","@id":"https:\/\/www.biworldwide.ca\/fr\/#website","url":"https:\/\/www.biworldwide.ca\/fr\/","name":"Canada (French)","description":"","potentialAction":[{"@type":"SearchAction","target":{"@type":"EntryPoint","urlTemplate":"https:\/\/www.biworldwide.ca\/fr\/?s={search_term_string}"},"query-input":{"@type":"PropertyValueSpecification","valueRequired":true,"valueName":"search_term_string"}}],"inLanguage":"fr-CA"}]}},"_links":{"self":[{"href":"https:\/\/www.biworldwide.ca\/fr\/wp-json\/wp\/v2\/pages\/151","targetHints":{"allow":["GET"]}}],"collection":[{"href":"https:\/\/www.biworldwide.ca\/fr\/wp-json\/wp\/v2\/pages"}],"about":[{"href":"https:\/\/www.biworldwide.ca\/fr\/wp-json\/wp\/v2\/types\/page"}],"author":[{"embeddable":true,"href":"https:\/\/www.biworldwide.ca\/fr\/wp-json\/wp\/v2\/users\/11"}],"replies":[{"embeddable":true,"href":"https:\/\/www.biworldwide.ca\/fr\/wp-json\/wp\/v2\/comments?post=151"}],"version-history":[{"count":12,"href":"https:\/\/www.biworldwide.ca\/fr\/wp-json\/wp\/v2\/pages\/151\/revisions"}],"predecessor-version":[{"id":2227,"href":"https:\/\/www.biworldwide.ca\/fr\/wp-json\/wp\/v2\/pages\/151\/revisions\/2227"}],"up":[{"embeddable":true,"href":"https:\/\/www.biworldwide.ca\/fr\/wp-json\/wp\/v2\/pages\/140"}],"wp:featuredmedia":[{"embeddable":true,"href":"https:\/\/www.biworldwide.ca\/fr\/wp-json\/wp\/v2\/media\/706"}],"wp:attachment":[{"href":"https:\/\/www.biworldwide.ca\/fr\/wp-json\/wp\/v2\/media?parent=151"}],"wp:term":[{"taxonomy":"wf_page_folders","embeddable":true,"href":"https:\/\/www.biworldwide.ca\/fr\/wp-json\/wp\/v2\/wf_page_folders?post=151"}],"curies":[{"name":"wp","href":"https:\/\/api.w.org\/{rel}","templated":true}]}}