{"id":1500,"date":"2025-03-26T09:20:13","date_gmt":"2025-03-26T16:20:13","guid":{"rendered":"https:\/\/www.biworldwide.ca\/fr\/?page_id=1500"},"modified":"2025-04-14T10:46:48","modified_gmt":"2025-04-14T17:46:48","slug":"salesmaker-plateforme-de-concours-de-ventes","status":"publish","type":"page","link":"https:\/\/www.biworldwide.ca\/fr\/comment-nous-aidons\/concours-et-incitatifs\/salesmaker-plateforme-de-concours-de-ventes\/","title":{"rendered":"SalesMaker : Plateforme de concours de ventes"},"content":{"rendered":"<div class=\" has-content-align-left has-overlay has-overlay--dark alignfull wp-block-biw-block-theme-hero\">\n\t<div class=\"biw-hero__grid\">\n\t\t\t\t\t<div class=\"biw-hero__breadcrumbs\">\n\t\t\t\t<div id=\"breadcrumbs\" class=\"breadcrumb-nav__wrapper\"><span class=\"breadcrumb-nav\"><span><a href=\"https:\/\/www.biworldwide.ca\/fr\/\">Home<\/a><\/span><\/span><\/div>\t\t\t<\/div>\n\t\t\n\t\t\t\t\t<div class=\"biw-hero__media \">\n\t\t\t\t\t\t\t\t\t<div class=\"biw-hero__overlay overlay-dark\"><\/div>\n\t\t\t\t\t\t\t\t<img decoding=\"async\" src=\"http:\/\/live-biw-main.pantheonsite.io\/wp-content\/uploads\/2025\/02\/BIW_Site_Hero_SalesMaker-scaled.jpg\" alt=\"A man in a blue blazer, holding a coffee cup, smiles while looking at a laptop. The background is blurred with a bright, airy office setting and a blue-green geometric design on the right side.\" class=\"biw-hero__bg-image\" style=\"object-position: 50% 50%;\">\t\t\t<\/div>\n\t\t\t\t<div class=\"biw-hero__content\">\n\t\t\t\t\t\t<h1 class=\"biw-hero__title\" style=\"line-height: 1.2\">\n\t\t\t\tSalesMaker : Plateforme de concours de ventes\t\t\t<\/h1>\n\t\t\t\t\t\t\t<h2 class=\"biw-hero__subtitle\">\n\t\t\t\t\tPr\u00eats. Poser. Vendez !\t\t\t\t<\/h2>\n\t\t\t\t\t\t\t\t\t\t<div class=\"biw-hero__text\">\n\t\t\t\t\t\n\n<p>Les concours de ventes doivent inspirer. Transformez cette \u00e9nergie en r\u00e9sultats qui renforcent votre rentabilit\u00e9.<\/p>\n\n\t\t\t\t<\/div>\n\t\t\t\t\t\t\t\t<\/div>\n\t<\/div>\n<\/div>\n\n\n\n<div class=\"wp-block-group  layout-columns-7 has-global-padding is-layout-constrained wp-container-core-group-is-layout-a133ec42 wp-block-group-is-layout-constrained\">\n<h2 class=\"wp-block-heading\">Les concours de ventes simplifi\u00e9s.<\/h2>\n\n\n\n<p>Les concours de ventes fonctionnent\u2014mais seulement s&rsquo;ils sont faciles \u00e0 configurer, comprendre et ex\u00e9cuter.<br>SalesMaker est la plateforme de concours de ventes tout-en-un par excellence, qui simplifie l&rsquo;organisation des concours en vous aidant \u00e0 :<\/p>\n\n\n\n<ul class=\"wp-block-list\">\n<li class=\"has-large-font-size\"><strong>Fixez des objectifs clairs : <\/strong>D\u00e9finissez les r\u00e8gles et la structure sans effort.<\/li>\n\n\n\n<li><strong>Mobilisez votre \u00e9quipe :<\/strong> Gardez tout le monde motiv\u00e9 et concentr\u00e9.<\/li>\n\n\n\n<li class=\"has-large-font-size\"><strong>R\u00e9compensez le succ\u00e8s : <\/strong>Offrez des r\u00e9compenses personnalis\u00e9es et percutantes.<\/li>\n<\/ul>\n\n\n\n<p>SalesMaker est con\u00e7u sur la base d&rsquo;exp\u00e9riences r\u00e9elles et de la science du comportement, afin que vous puissiez :<\/p>\n\n\n\n<ul class=\"wp-block-list\">\n<li><strong>Motiver :<\/strong> Avec des r\u00e9compenses comme des voyages, des exp\u00e9riences et des articles exclusifs.<\/li>\n\n\n\n<li><strong>Organiser plusieurs concours :<\/strong> Pour des \u00e9quipes ou des individus, selon vos besoins.<\/li>\n\n\n\n<li><strong>Obtenir un soutien complet : <\/strong>Concevez les v\u00f4tres ou comptez sur notre \u00e9quipe d&rsquo;experts.<\/li>\n<\/ul>\n\n\n\n<p>Neuf structures de concours \u00e9prouv\u00e9es pour obtenir des r\u00e9sultats :<\/p>\n\n\n\n<ul class=\"wp-block-list\">\n<li class=\"has-large-font-size\"><strong>R\u00e9compensez-les maintenant :<\/strong> R\u00e9compenses instantan\u00e9es sans suivi.<\/li>\n\n\n\n<li class=\"has-large-font-size\"><strong>Challengepoint<sup>MC<\/sup> :<\/strong> Objectifs auto-d\u00e9finis avec des r\u00e9compenses acquises.<\/li>\n\n\n\n<li class=\"has-large-font-size\"><strong>Faites ceci obtenez cela :<\/strong> R\u00e9compenses imm\u00e9diates pour des actions sp\u00e9cifiques.<\/li>\n\n\n\n<li class=\"has-large-font-size\"><strong>Doublez la mise :<\/strong> Objectifs trimestriels avec des r\u00e9compenses mensuelles.<\/li>\n\n\n\n<li class=\"has-large-font-size\"><strong>GoalQuest\u00ae AI :<\/strong> Objectifs auto-choisis avec des r\u00e9compenses tout ou rien.<\/li>\n\n\n\n<li class=\"has-large-font-size\"><strong>Classement :<\/strong> Palmar\u00e8s avec r\u00e9compenses pour les meilleurs performants.<\/li>\n\n\n\n<li class=\"has-large-font-size\"><strong>Apprendre pour gagner :<\/strong> R\u00e9compenser l&rsquo;apprentissage et la comp\u00e9tence.<\/li>\n\n\n\n<li class=\"has-large-font-size\"><strong>Objectifs :<\/strong> Objectifs personnalis\u00e9s avec des r\u00e9compenses sur mesure.<\/li>\n\n\n\n<li class=\"has-large-font-size\"><strong>Passez au niveau sup\u00e9rieur :<\/strong> R\u00e9compensez les niveaux de performance sup\u00e9rieurs.<\/li>\n<\/ul>\n\n\n\n<p>L&rsquo;application SalesMaker permet \u00e0 votre \u00e9quipe de suivre ses progr\u00e8s et de r\u00e9clamer des r\u00e9compenses\u2014\u00e0 tout moment, o\u00f9 qu&rsquo;elle soit. Regardez vos ventes grimper.<\/p>\n<\/div>\n\n\n\n<div class=\"wp-block-group alignfull  layout-columns-10 has-global-padding is-layout-constrained wp-container-core-group-is-layout-cc7bd7df wp-block-group-is-layout-constrained\">\n<div class=\"wp-block-group  layout-columns-8 has-global-padding is-layout-constrained wp-container-core-group-is-layout-fce79bf6 wp-block-group-is-layout-constrained\">\n<h2 class=\"wp-block-heading has-text-align-center\">Chaque m\u00e9trique raconte une histoire.<\/h2>\n<\/div>\n\n\n\n<div class=\"wp-block-group  layout-columns-10 has-global-padding is-layout-constrained wp-container-core-group-is-layout-0b5f5b40 wp-block-group-is-layout-constrained\">\n<div class=\"wp-block-group has-text-align-center is-layout-grid wp-container-core-group-is-layout-ef442fb0 wp-block-group-is-layout-grid\">\n<div class=\"wp-block-group is-vertical is-content-justification-center is-layout-flex wp-container-core-group-is-layout-81423f52 wp-block-group-is-layout-flex\">\n<h3 class=\"wp-block-heading has-text-align-left has-impact-font-size  has-text-wrap-no-wrap  has-gradient-fill has-gradient-fill-orange\">24 %<\/h3>\n\n\n\n<p class=\"has-text-align-center has-large-font-size  has-text-wrap-balance\">augmentation moyenne des revenus des ventes au cours de la premi\u00e8re ann\u00e9e<\/p>\n<\/div>\n\n\n\n<div class=\"wp-block-group is-vertical is-content-justification-center is-layout-flex wp-container-core-group-is-layout-81423f52 wp-block-group-is-layout-flex\">\n<h3 class=\"wp-block-heading has-text-align-left has-impact-font-size  has-text-wrap-no-wrap  has-gradient-fill has-gradient-fill-orange\">64<\/h3>\n\n\n\n<p class=\"has-text-align-center has-large-font-size  has-text-wrap-balance\">\u00e9v\u00e9nements de coordination d&rsquo;\u00e9quipe de vente organis\u00e9s en 2023<\/p>\n<\/div>\n\n\n\n<div class=\"wp-block-group has-text-align-center is-vertical is-content-justification-center is-layout-flex wp-container-core-group-is-layout-81423f52 wp-block-group-is-layout-flex\">\n<h3 class=\"wp-block-heading has-text-align-left has-impact-font-size  has-text-wrap-no-wrap  has-gradient-fill has-gradient-fill-orange\">30M+<\/h3>\n\n\n\n<p class=\"has-text-align-center has-large-font-size  has-text-wrap-balance\">revenus suppl\u00e9mentaires g\u00e9n\u00e9r\u00e9s par les \u00e9quipes utilisant SalesMaker<\/p>\n<\/div>\n<\/div>\n<\/div>\n<\/div>\n","protected":false},"excerpt":{"rendered":"<p>Les concours de ventes simplifi\u00e9s. Les concours de ventes fonctionnent\u2014mais seulement s&rsquo;ils sont faciles \u00e0 configurer, comprendre et ex\u00e9cuter.SalesMaker est la plateforme de concours de ventes tout-en-un par excellence, qui simplifie l&rsquo;organisation des concours en vous aidant \u00e0 : SalesMaker est con\u00e7u sur la base d&rsquo;exp\u00e9riences r\u00e9elles et de la science du comportement, afin que [&hellip;]<\/p>\n","protected":false},"author":28,"featured_media":575,"parent":110,"menu_order":0,"comment_status":"closed","ping_status":"closed","template":"","meta":{"featured_image_focal_point":{"x":0.79,"y":0.23},"footnotes":""},"wf_page_folders":[],"class_list":["post-1500","page","type-page","status-publish","has-post-thumbnail","hentry"],"yoast_head":"<!-- This site is optimized with the Yoast SEO plugin v26.2 - https:\/\/yoast.com\/wordpress\/plugins\/seo\/ -->\n<title>SalesMaker : Plateforme de concours de ventes - Canada (French)<\/title>\n<meta name=\"description\" content=\"Organisez vos concours de ventes avec SalesMaker, notre plateforme d\u00e9di\u00e9e aux concours de ventes. G\u00e9rez facilement les incitatifs pour vos\" \/>\n<meta name=\"robots\" content=\"index, follow, max-snippet:-1, max-image-preview:large, max-video-preview:-1\" \/>\n<link rel=\"canonical\" href=\"https:\/\/www.biworldwide.ca\/fr\/comment-nous-aidons\/concours-et-incitatifs\/salesmaker-plateforme-de-concours-de-ventes\/\" \/>\n<meta property=\"og:locale\" content=\"fr_CA\" \/>\n<meta property=\"og:type\" content=\"article\" \/>\n<meta property=\"og:title\" content=\"SalesMaker : Plateforme de concours de ventes - Canada (French)\" \/>\n<meta property=\"og:description\" content=\"Organisez vos concours de ventes avec SalesMaker, notre plateforme d\u00e9di\u00e9e aux concours de ventes. G\u00e9rez facilement les incitatifs pour vos\" \/>\n<meta property=\"og:url\" content=\"https:\/\/www.biworldwide.ca\/fr\/comment-nous-aidons\/concours-et-incitatifs\/salesmaker-plateforme-de-concours-de-ventes\/\" \/>\n<meta property=\"og:site_name\" content=\"Canada (French)\" \/>\n<meta property=\"article:modified_time\" content=\"2025-04-14T17:46:48+00:00\" \/>\n<meta property=\"og:image\" content=\"https:\/\/www.biworldwide.com\/wp-content\/uploads\/2025\/02\/BIW_Site_Hero_SalesMaker-scaled.jpg\" \/>\n\t<meta property=\"og:image:width\" content=\"2560\" \/>\n\t<meta property=\"og:image:height\" content=\"889\" \/>\n\t<meta property=\"og:image:type\" content=\"image\/jpeg\" \/>\n<meta name=\"twitter:card\" content=\"summary_large_image\" \/>\n<meta name=\"twitter:label1\" content=\"Est. reading time\" \/>\n\t<meta name=\"twitter:data1\" content=\"2 minutes\" \/>\n<script type=\"application\/ld+json\" class=\"yoast-schema-graph\">{\"@context\":\"https:\/\/schema.org\",\"@graph\":[{\"@type\":\"WebPage\",\"@id\":\"https:\/\/www.biworldwide.ca\/fr\/comment-nous-aidons\/concours-et-incitatifs\/salesmaker-plateforme-de-concours-de-ventes\/\",\"url\":\"https:\/\/www.biworldwide.ca\/fr\/comment-nous-aidons\/concours-et-incitatifs\/salesmaker-plateforme-de-concours-de-ventes\/\",\"name\":\"SalesMaker : Plateforme de concours de ventes - Canada (French)\",\"isPartOf\":{\"@id\":\"https:\/\/www.biworldwide.ca\/fr\/#website\"},\"primaryImageOfPage\":{\"@id\":\"https:\/\/www.biworldwide.ca\/fr\/comment-nous-aidons\/concours-et-incitatifs\/salesmaker-plateforme-de-concours-de-ventes\/#primaryimage\"},\"image\":{\"@id\":\"https:\/\/www.biworldwide.ca\/fr\/comment-nous-aidons\/concours-et-incitatifs\/salesmaker-plateforme-de-concours-de-ventes\/#primaryimage\"},\"thumbnailUrl\":\"https:\/\/www.biworldwide.com\/wp-content\/uploads\/2025\/02\/BIW_Site_Hero_SalesMaker-scaled.jpg\",\"datePublished\":\"2025-03-26T16:20:13+00:00\",\"dateModified\":\"2025-04-14T17:46:48+00:00\",\"description\":\"Organisez vos concours de ventes avec SalesMaker, notre plateforme d\u00e9di\u00e9e aux concours de ventes. G\u00e9rez facilement les incitatifs pour vos\",\"breadcrumb\":{\"@id\":\"https:\/\/www.biworldwide.ca\/fr\/comment-nous-aidons\/concours-et-incitatifs\/salesmaker-plateforme-de-concours-de-ventes\/#breadcrumb\"},\"inLanguage\":\"fr-CA\",\"potentialAction\":[{\"@type\":\"ReadAction\",\"target\":[\"https:\/\/www.biworldwide.ca\/fr\/comment-nous-aidons\/concours-et-incitatifs\/salesmaker-plateforme-de-concours-de-ventes\/\"]}]},{\"@type\":\"ImageObject\",\"inLanguage\":\"fr-CA\",\"@id\":\"https:\/\/www.biworldwide.ca\/fr\/comment-nous-aidons\/concours-et-incitatifs\/salesmaker-plateforme-de-concours-de-ventes\/#primaryimage\",\"url\":\"https:\/\/www.biworldwide.com\/wp-content\/uploads\/2025\/02\/BIW_Site_Hero_SalesMaker-scaled.jpg\",\"contentUrl\":\"https:\/\/www.biworldwide.com\/wp-content\/uploads\/2025\/02\/BIW_Site_Hero_SalesMaker-scaled.jpg\",\"caption\":\"A man in a blue blazer, holding a coffee cup, smiles while looking at a laptop. The background is blurred with a bright, airy office setting and a blue-green geometric design on the right side.\"},{\"@type\":\"BreadcrumbList\",\"@id\":\"https:\/\/www.biworldwide.ca\/fr\/comment-nous-aidons\/concours-et-incitatifs\/salesmaker-plateforme-de-concours-de-ventes\/#breadcrumb\",\"itemListElement\":[{\"@type\":\"ListItem\",\"position\":1,\"name\":\"Home\",\"item\":\"https:\/\/www.biworldwide.ca\/fr\/\"},{\"@type\":\"ListItem\",\"position\":2,\"name\":\"Comment nous aidons\",\"item\":\"https:\/\/www.biworldwide.ca\/fr\/comment-nous-aidons\/\"},{\"@type\":\"ListItem\",\"position\":3,\"name\":\"Concours et incitatifs\",\"item\":\"https:\/\/www.biworldwide.ca\/fr\/comment-nous-aidons\/concours-et-incitatifs\/\"},{\"@type\":\"ListItem\",\"position\":4,\"name\":\"SalesMaker : Plateforme de concours de ventes\"}]},{\"@type\":\"WebSite\",\"@id\":\"https:\/\/www.biworldwide.ca\/fr\/#website\",\"url\":\"https:\/\/www.biworldwide.ca\/fr\/\",\"name\":\"Canada (French)\",\"description\":\"\",\"potentialAction\":[{\"@type\":\"SearchAction\",\"target\":{\"@type\":\"EntryPoint\",\"urlTemplate\":\"https:\/\/www.biworldwide.ca\/fr\/?s={search_term_string}\"},\"query-input\":{\"@type\":\"PropertyValueSpecification\",\"valueRequired\":true,\"valueName\":\"search_term_string\"}}],\"inLanguage\":\"fr-CA\"}]}<\/script>\n<!-- \/ Yoast SEO plugin. -->","yoast_head_json":{"title":"SalesMaker : Plateforme de concours de ventes - Canada (French)","description":"Organisez vos concours de ventes avec SalesMaker, notre plateforme d\u00e9di\u00e9e aux concours de ventes. G\u00e9rez facilement les incitatifs pour vos","robots":{"index":"index","follow":"follow","max-snippet":"max-snippet:-1","max-image-preview":"max-image-preview:large","max-video-preview":"max-video-preview:-1"},"canonical":"https:\/\/www.biworldwide.ca\/fr\/comment-nous-aidons\/concours-et-incitatifs\/salesmaker-plateforme-de-concours-de-ventes\/","og_locale":"fr_CA","og_type":"article","og_title":"SalesMaker : Plateforme de concours de ventes - Canada (French)","og_description":"Organisez vos concours de ventes avec SalesMaker, notre plateforme d\u00e9di\u00e9e aux concours de ventes. G\u00e9rez facilement les incitatifs pour vos","og_url":"https:\/\/www.biworldwide.ca\/fr\/comment-nous-aidons\/concours-et-incitatifs\/salesmaker-plateforme-de-concours-de-ventes\/","og_site_name":"Canada (French)","article_modified_time":"2025-04-14T17:46:48+00:00","og_image":[{"url":"https:\/\/www.biworldwide.com\/wp-content\/uploads\/2025\/02\/BIW_Site_Hero_SalesMaker-scaled.jpg","width":2560,"height":889,"type":"image\/jpeg"}],"twitter_card":"summary_large_image","twitter_misc":{"Est. reading time":"2 minutes"},"schema":{"@context":"https:\/\/schema.org","@graph":[{"@type":"WebPage","@id":"https:\/\/www.biworldwide.ca\/fr\/comment-nous-aidons\/concours-et-incitatifs\/salesmaker-plateforme-de-concours-de-ventes\/","url":"https:\/\/www.biworldwide.ca\/fr\/comment-nous-aidons\/concours-et-incitatifs\/salesmaker-plateforme-de-concours-de-ventes\/","name":"SalesMaker : Plateforme de concours de ventes - Canada (French)","isPartOf":{"@id":"https:\/\/www.biworldwide.ca\/fr\/#website"},"primaryImageOfPage":{"@id":"https:\/\/www.biworldwide.ca\/fr\/comment-nous-aidons\/concours-et-incitatifs\/salesmaker-plateforme-de-concours-de-ventes\/#primaryimage"},"image":{"@id":"https:\/\/www.biworldwide.ca\/fr\/comment-nous-aidons\/concours-et-incitatifs\/salesmaker-plateforme-de-concours-de-ventes\/#primaryimage"},"thumbnailUrl":"https:\/\/www.biworldwide.com\/wp-content\/uploads\/2025\/02\/BIW_Site_Hero_SalesMaker-scaled.jpg","datePublished":"2025-03-26T16:20:13+00:00","dateModified":"2025-04-14T17:46:48+00:00","description":"Organisez vos concours de ventes avec SalesMaker, notre plateforme d\u00e9di\u00e9e aux concours de ventes. G\u00e9rez facilement les incitatifs pour vos","breadcrumb":{"@id":"https:\/\/www.biworldwide.ca\/fr\/comment-nous-aidons\/concours-et-incitatifs\/salesmaker-plateforme-de-concours-de-ventes\/#breadcrumb"},"inLanguage":"fr-CA","potentialAction":[{"@type":"ReadAction","target":["https:\/\/www.biworldwide.ca\/fr\/comment-nous-aidons\/concours-et-incitatifs\/salesmaker-plateforme-de-concours-de-ventes\/"]}]},{"@type":"ImageObject","inLanguage":"fr-CA","@id":"https:\/\/www.biworldwide.ca\/fr\/comment-nous-aidons\/concours-et-incitatifs\/salesmaker-plateforme-de-concours-de-ventes\/#primaryimage","url":"https:\/\/www.biworldwide.com\/wp-content\/uploads\/2025\/02\/BIW_Site_Hero_SalesMaker-scaled.jpg","contentUrl":"https:\/\/www.biworldwide.com\/wp-content\/uploads\/2025\/02\/BIW_Site_Hero_SalesMaker-scaled.jpg","caption":"A man in a blue blazer, holding a coffee cup, smiles while looking at a laptop. The background is blurred with a bright, airy office setting and a blue-green geometric design on the right side."},{"@type":"BreadcrumbList","@id":"https:\/\/www.biworldwide.ca\/fr\/comment-nous-aidons\/concours-et-incitatifs\/salesmaker-plateforme-de-concours-de-ventes\/#breadcrumb","itemListElement":[{"@type":"ListItem","position":1,"name":"Home","item":"https:\/\/www.biworldwide.ca\/fr\/"},{"@type":"ListItem","position":2,"name":"Comment nous aidons","item":"https:\/\/www.biworldwide.ca\/fr\/comment-nous-aidons\/"},{"@type":"ListItem","position":3,"name":"Concours et incitatifs","item":"https:\/\/www.biworldwide.ca\/fr\/comment-nous-aidons\/concours-et-incitatifs\/"},{"@type":"ListItem","position":4,"name":"SalesMaker : Plateforme de concours de ventes"}]},{"@type":"WebSite","@id":"https:\/\/www.biworldwide.ca\/fr\/#website","url":"https:\/\/www.biworldwide.ca\/fr\/","name":"Canada (French)","description":"","potentialAction":[{"@type":"SearchAction","target":{"@type":"EntryPoint","urlTemplate":"https:\/\/www.biworldwide.ca\/fr\/?s={search_term_string}"},"query-input":{"@type":"PropertyValueSpecification","valueRequired":true,"valueName":"search_term_string"}}],"inLanguage":"fr-CA"}]}},"_links":{"self":[{"href":"https:\/\/www.biworldwide.ca\/fr\/wp-json\/wp\/v2\/pages\/1500","targetHints":{"allow":["GET"]}}],"collection":[{"href":"https:\/\/www.biworldwide.ca\/fr\/wp-json\/wp\/v2\/pages"}],"about":[{"href":"https:\/\/www.biworldwide.ca\/fr\/wp-json\/wp\/v2\/types\/page"}],"author":[{"embeddable":true,"href":"https:\/\/www.biworldwide.ca\/fr\/wp-json\/wp\/v2\/users\/28"}],"replies":[{"embeddable":true,"href":"https:\/\/www.biworldwide.ca\/fr\/wp-json\/wp\/v2\/comments?post=1500"}],"version-history":[{"count":16,"href":"https:\/\/www.biworldwide.ca\/fr\/wp-json\/wp\/v2\/pages\/1500\/revisions"}],"predecessor-version":[{"id":2483,"href":"https:\/\/www.biworldwide.ca\/fr\/wp-json\/wp\/v2\/pages\/1500\/revisions\/2483"}],"up":[{"embeddable":true,"href":"https:\/\/www.biworldwide.ca\/fr\/wp-json\/wp\/v2\/pages\/110"}],"wp:featuredmedia":[{"embeddable":true,"href":"https:\/\/www.biworldwide.ca\/fr\/wp-json\/wp\/v2\/media\/575"}],"wp:attachment":[{"href":"https:\/\/www.biworldwide.ca\/fr\/wp-json\/wp\/v2\/media?parent=1500"}],"wp:term":[{"taxonomy":"wf_page_folders","embeddable":true,"href":"https:\/\/www.biworldwide.ca\/fr\/wp-json\/wp\/v2\/wf_page_folders?post=1500"}],"curies":[{"name":"wp","href":"https:\/\/api.w.org\/{rel}","templated":true}]}}