{"id":149,"date":"2025-01-14T16:22:47","date_gmt":"2025-01-14T16:22:47","guid":{"rendered":"https:\/\/live-biw-main.pantheonsite.io\/?page_id=149"},"modified":"2025-04-02T15:52:59","modified_gmt":"2025-04-02T22:52:59","slug":"communications-medias-et-divertissement","status":"publish","type":"page","link":"https:\/\/www.biworldwide.ca\/fr\/a-qui-nous-servons\/communications-medias-et-divertissement\/","title":{"rendered":"Communications, m\u00e9dias et divertissement"},"content":{"rendered":"<div class=\" has-content-align-left has-overlay has-overlay--dark alignfull wp-block-biw-block-theme-hero\">\n\t<div class=\"biw-hero__grid\">\n\t\t\t\t\t<div class=\"biw-hero__breadcrumbs\">\n\t\t\t\t<div id=\"breadcrumbs\" class=\"breadcrumb-nav__wrapper\"><span class=\"breadcrumb-nav\"><span><a href=\"https:\/\/www.biworldwide.ca\/fr\/\">Home<\/a><\/span><\/span><\/div>\t\t\t<\/div>\n\t\t\n\t\t\t\t\t<div class=\"biw-hero__media \">\n\t\t\t\t\t\t\t\t\t<div class=\"biw-hero__overlay overlay-dark\"><\/div>\n\t\t\t\t\t\t\t\t<img decoding=\"async\" src=\"http:\/\/live-biw-main.pantheonsite.io\/wp-content\/uploads\/2025\/02\/Communications-media-and-entertainment-1728x600px.jpg\" alt=\"A technician in a red helmet works inside a van equipped for repairs. In the foreground, a satellite dish and a toolkit with various tools are visible. The left side of the image shows electrical equipment and cables.\" class=\"biw-hero__bg-image\" style=\"object-position: 50% 50%;\">\t\t\t<\/div>\n\t\t\t\t<div class=\"biw-hero__content\">\n\t\t\t\t\t\t<h1 class=\"biw-hero__title\" style=\"line-height: 1.2\">\n\t\t\t\tCommunications, m\u00e9dias et divertissement\t\t\t<\/h1>\n\t\t\t\t\t\t\t<h2 class=\"biw-hero__subtitle\">\n\t\t\t\t\tFavoriser l&rsquo;engagement des employ\u00e9s et des r\u00e9sultats commerciaux qui m\u00e8nent \u00e0 la satisfaction des clients.\t\t\t\t<\/h2>\n\t\t\t\t\t\t\t\t\t\t<div class=\"biw-hero__text\">\n\t\t\t\t\t\n\n<p>\u00c9duquer, engager et inspirer vos associ\u00e9s de premi\u00e8re ligne \u00e0 changer positivement leurs comportements afin de fournir des efforts suppl\u00e9mentaires qui augmentent les r\u00e9sultats des ventes, la fid\u00e9lit\u00e9 des employ\u00e9s et la satisfaction des clients.<\/p>\n\n\t\t\t\t<\/div>\n\t\t\t\t\t\t\t\t<\/div>\n\t<\/div>\n<\/div>\n\n\n\n<div class=\"wp-block-group  layout-columns-8 has-global-padding is-layout-constrained wp-container-core-group-is-layout-fce79bf6 wp-block-group-is-layout-constrained\">\n<p class=\"has-xxl-font-size\"><strong>Probl\u00e8mes que nous r\u00e9solvons.<\/strong><\/p>\n\n\n\n<p class=\"has-xl-font-size\"><strong><a href=\"https:\/\/www.biworldwide.ca\/fr\/problemes-que-nous-resolvons\/motivation-de-lequipe-de-vente\/\">Motiver tous les vendeurs<\/a><\/strong><\/p>\n\n\n\n<p>Nous inspirons toute votre \u00e9quipe de vente \u00e0 favoriser des changements positifs, la rentabilit\u00e9 et la croissance des ventes en :<\/p>\n\n\n\n<ul class=\"wp-block-list\">\n<li class=\"has-large-font-size\">R\u00e9duisant le temps n\u00e9cessaire pour sensibiliser et comprendre les initiatives cl\u00e9s afin de stimuler l\u2019atteinte progressive des objectifs dans l\u2019ensemble de la force de vente.<\/li>\n\n\n\n<li class=\"has-large-font-size\">Misant sur des comportements \u00e0 haute valeur ajout\u00e9e qui correspondent aux initiatives commerciales.<\/li>\n\n\n\n<li class=\"has-large-font-size\">Tirant parti de la gamification pour \u00e9duquer votre force de vente sur les connaissances et comp\u00e9tences cl\u00e9s afin de mieux positionner votre proposition de valeur aupr\u00e8s des utilisateurs finaux.<\/li>\n\n\n\n<li class=\"has-large-font-size\">Optimisant vos investissements dans les incitatifs et la reconnaissance des ventes.<\/li>\n<\/ul>\n\n\n\n<figure class=\"wp-block-image size-large\"><img decoding=\"async\" src=\"http:\/\/live-biw-main.pantheonsite.io\/wp-content\/uploads\/2025\/02\/Sales-team-motivation-1300x732px-1024x577.jpg\" alt=\"Blurry image of a speaker in a suit onstage, holding a microphone, addressing an audience. The room is dimly lit, with attendees mostly out of focus, suggesting a conference or presentation setting.\" class=\"wp-image-2275\" \/><\/figure>\n<\/div>\n\n\n\n<div class=\"wp-block-group  layout-columns-8 has-global-padding is-layout-constrained wp-container-core-group-is-layout-fce79bf6 wp-block-group-is-layout-constrained\">\n<p class=\"has-xl-font-size\"><strong><a href=\"https:\/\/www.biworldwide.ca\/fr\/problemes-que-nous-resolvons\/engagement-des-employes\/\">Engagez et inspirez vos employ\u00e9s<\/a><\/strong><\/p>\n\n\n\n<p>Nous vous aidons \u00e0 attirer, inspirer et fid\u00e9liser une force de vente performante en :<\/p>\n\n\n\n<ul class=\"wp-block-list\">\n<li class=\"has-large-font-size\">Reconna\u00eetre les comportements cl\u00e9s et les r\u00e9alisations.<\/li>\n\n\n\n<li class=\"has-large-font-size\">Connecter les employ\u00e9s \u00e0 votre culture et votre mission.<\/li>\n\n\n\n<li class=\"has-large-font-size\">Am\u00e9liorer l&rsquo;exp\u00e9rience de vos employ\u00e9s.<\/li>\n\n\n\n<li class=\"has-large-font-size\">Les r\u00e9compenser pour incarner la culture au quotidien.<\/li>\n\n\n\n<li class=\"has-large-font-size\">Faire en sorte que les employ\u00e9s se sentent valoris\u00e9s pour leurs contributions.<\/li>\n<\/ul>\n\n\n\n<figure class=\"wp-block-image size-large\"><img decoding=\"async\" src=\"http:\/\/live-biw-main.pantheonsite.io\/wp-content\/uploads\/2025\/02\/Employee-engagement-WomanReceivingApplause-1300x732px-1024x577.jpg\" alt=\"A smiling woman with curly hair sits at a table, looking up. She is surrounded by several people clapping, all wearing business attire. A laptop is visible in front of her. The atmosphere appears celebratory and supportive.\" class=\"wp-image-2254\" \/><\/figure>\n<\/div>\n\n\n\n<div class=\"wp-block-group  layout-columns-8 has-global-padding is-layout-constrained wp-container-core-group-is-layout-fce79bf6 wp-block-group-is-layout-constrained\">\n<p class=\"has-xl-font-size\"><strong><a href=\"https:\/\/www.biworldwide.ca\/fr\/problemes-que-nous-resolvons\/engagement-des-canaux\/\">Augmenter la fid\u00e9lit\u00e9 des partenaires<\/a><\/strong><\/p>\n\n\n\n<p>Nous vous aidons \u00e0 \u00e9tablir des relations solides et durables, et \u00e0 stimuler les ventes et la rentabilit\u00e9 avec les distributeurs, revendeurs et fournisseurs de solutions en :<\/p>\n\n\n\n<ul class=\"wp-block-list\">\n<li class=\"has-large-font-size\">Analysant et segmentant la performance des partenaires de distribution.<\/li>\n\n\n\n<li class=\"has-large-font-size\">Identifiant des initiatives pour favoriser la croissance et la rentabilit\u00e9, maximisant ainsi le retour sur investissement (ROI) de votre marketing de distribution.<\/li>\n\n\n\n<li class=\"has-large-font-size\">Assurant la notori\u00e9t\u00e9 aupr\u00e8s des partenaires de distribution et en maintenant votre entreprise \u00e0 l\u2019avant-plan.<\/li>\n\n\n\n<li class=\"has-large-font-size\">Encourageant l\u2019autonomisation commerciale des partenaires de distribution et les activit\u00e9s \u00e0 forte valeur ajout\u00e9e.<\/li>\n\n\n\n<li class=\"has-large-font-size\">Am\u00e9liorant les connaissances, comp\u00e9tences et capacit\u00e9s des partenaires de distribution \u00e0 positionner votre proposition de valeur et \u00e0 vendre efficacement vos solutions.<\/li>\n\n\n\n<li class=\"has-large-font-size\">Motivant, reconnaissant et r\u00e9compensant la croissance des ventes dans tous les segments ou niveaux des partenaires de distribution.<\/li>\n<\/ul>\n\n\n\n<figure class=\"wp-block-image size-large\"><img decoding=\"async\" src=\"http:\/\/live-biw-main.pantheonsite.io\/wp-content\/uploads\/2025\/02\/Channel-sales-LoadingDock-1300x732px-1024x577.jpg\" alt=\"Aerial view of four parked trucks in a row, one being orange and the others white. They are aligned diagonally on a marked gray asphalt surface.\" class=\"wp-image-2246\" \/><\/figure>\n<\/div>\n","protected":false},"excerpt":{"rendered":"<p>Probl\u00e8mes que nous r\u00e9solvons. Motiver tous les vendeurs Nous inspirons toute votre \u00e9quipe de vente \u00e0 favoriser des changements positifs, la rentabilit\u00e9 et la croissance des ventes en : Engagez et inspirez vos employ\u00e9s Nous vous aidons \u00e0 attirer, inspirer et fid\u00e9liser une force de vente performante en : Augmenter la fid\u00e9lit\u00e9 des partenaires Nous [&hellip;]<\/p>\n","protected":false},"author":11,"featured_media":916,"parent":140,"menu_order":0,"comment_status":"closed","ping_status":"closed","template":"","meta":{"featured_image_focal_point":{"x":0.64,"y":0.72},"footnotes":""},"wf_page_folders":[],"class_list":["post-149","page","type-page","status-publish","has-post-thumbnail","hentry"],"yoast_head":"<!-- This site is optimized with the Yoast SEO plugin v26.2 - https:\/\/yoast.com\/wordpress\/plugins\/seo\/ -->\n<title>Communications, m\u00e9dias et divertissement - Canada (French)<\/title>\n<meta name=\"description\" content=\"\u00c9duquer, engager et inspirer vos associ\u00e9s de premi\u00e8re ligne dans les secteurs des communications, des m\u00e9dias et du divertissement pour\" \/>\n<meta name=\"robots\" content=\"index, follow, max-snippet:-1, max-image-preview:large, max-video-preview:-1\" \/>\n<link rel=\"canonical\" href=\"https:\/\/www.biworldwide.ca\/fr\/a-qui-nous-servons\/communications-medias-et-divertissement\/\" \/>\n<meta property=\"og:locale\" content=\"fr_CA\" \/>\n<meta property=\"og:type\" content=\"article\" \/>\n<meta property=\"og:title\" content=\"Communications, m\u00e9dias et divertissement - Canada (French)\" \/>\n<meta property=\"og:description\" content=\"\u00c9duquer, engager et inspirer vos associ\u00e9s de premi\u00e8re ligne dans les secteurs des communications, des m\u00e9dias et du divertissement pour\" \/>\n<meta property=\"og:url\" content=\"https:\/\/www.biworldwide.ca\/fr\/a-qui-nous-servons\/communications-medias-et-divertissement\/\" \/>\n<meta property=\"og:site_name\" content=\"Canada (French)\" \/>\n<meta property=\"article:modified_time\" content=\"2025-04-02T22:52:59+00:00\" \/>\n<meta property=\"og:image\" content=\"https:\/\/www.biworldwide.com\/wp-content\/uploads\/2025\/02\/Communications-media-and-entertainment-1300x732px.jpg\" \/>\n\t<meta property=\"og:image:width\" content=\"1300\" \/>\n\t<meta property=\"og:image:height\" content=\"732\" \/>\n\t<meta property=\"og:image:type\" content=\"image\/jpeg\" \/>\n<meta name=\"twitter:card\" content=\"summary_large_image\" \/>\n<meta name=\"twitter:label1\" content=\"Est. reading time\" \/>\n\t<meta name=\"twitter:data1\" content=\"3 minutes\" \/>\n<script type=\"application\/ld+json\" class=\"yoast-schema-graph\">{\"@context\":\"https:\/\/schema.org\",\"@graph\":[{\"@type\":\"WebPage\",\"@id\":\"https:\/\/www.biworldwide.ca\/fr\/a-qui-nous-servons\/communications-medias-et-divertissement\/\",\"url\":\"https:\/\/www.biworldwide.ca\/fr\/a-qui-nous-servons\/communications-medias-et-divertissement\/\",\"name\":\"Communications, m\u00e9dias et divertissement - Canada (French)\",\"isPartOf\":{\"@id\":\"https:\/\/www.biworldwide.ca\/fr\/#website\"},\"primaryImageOfPage\":{\"@id\":\"https:\/\/www.biworldwide.ca\/fr\/a-qui-nous-servons\/communications-medias-et-divertissement\/#primaryimage\"},\"image\":{\"@id\":\"https:\/\/www.biworldwide.ca\/fr\/a-qui-nous-servons\/communications-medias-et-divertissement\/#primaryimage\"},\"thumbnailUrl\":\"https:\/\/www.biworldwide.com\/wp-content\/uploads\/2025\/02\/Communications-media-and-entertainment-1300x732px.jpg\",\"datePublished\":\"2025-01-14T16:22:47+00:00\",\"dateModified\":\"2025-04-02T22:52:59+00:00\",\"description\":\"\u00c9duquer, engager et inspirer vos associ\u00e9s de premi\u00e8re ligne dans les secteurs des communications, des m\u00e9dias et du divertissement pour\",\"breadcrumb\":{\"@id\":\"https:\/\/www.biworldwide.ca\/fr\/a-qui-nous-servons\/communications-medias-et-divertissement\/#breadcrumb\"},\"inLanguage\":\"fr-CA\",\"potentialAction\":[{\"@type\":\"ReadAction\",\"target\":[\"https:\/\/www.biworldwide.ca\/fr\/a-qui-nous-servons\/communications-medias-et-divertissement\/\"]}]},{\"@type\":\"ImageObject\",\"inLanguage\":\"fr-CA\",\"@id\":\"https:\/\/www.biworldwide.ca\/fr\/a-qui-nous-servons\/communications-medias-et-divertissement\/#primaryimage\",\"url\":\"https:\/\/www.biworldwide.com\/wp-content\/uploads\/2025\/02\/Communications-media-and-entertainment-1300x732px.jpg\",\"contentUrl\":\"https:\/\/www.biworldwide.com\/wp-content\/uploads\/2025\/02\/Communications-media-and-entertainment-1300x732px.jpg\",\"caption\":\"Close-up of a satellite dish and a tool bag with various tools in the foreground. In the background, a person wearing an orange hard hat and black clothing is working inside a van. The image has a purple overlay on the left side.\"},{\"@type\":\"BreadcrumbList\",\"@id\":\"https:\/\/www.biworldwide.ca\/fr\/a-qui-nous-servons\/communications-medias-et-divertissement\/#breadcrumb\",\"itemListElement\":[{\"@type\":\"ListItem\",\"position\":1,\"name\":\"Home\",\"item\":\"https:\/\/www.biworldwide.ca\/fr\/\"},{\"@type\":\"ListItem\",\"position\":2,\"name\":\"\u00c0 qui nous servons\",\"item\":\"https:\/\/www.biworldwide.ca\/fr\/a-qui-nous-servons\/\"},{\"@type\":\"ListItem\",\"position\":3,\"name\":\"Communications, m\u00e9dias et divertissement\"}]},{\"@type\":\"WebSite\",\"@id\":\"https:\/\/www.biworldwide.ca\/fr\/#website\",\"url\":\"https:\/\/www.biworldwide.ca\/fr\/\",\"name\":\"Canada (French)\",\"description\":\"\",\"potentialAction\":[{\"@type\":\"SearchAction\",\"target\":{\"@type\":\"EntryPoint\",\"urlTemplate\":\"https:\/\/www.biworldwide.ca\/fr\/?s={search_term_string}\"},\"query-input\":{\"@type\":\"PropertyValueSpecification\",\"valueRequired\":true,\"valueName\":\"search_term_string\"}}],\"inLanguage\":\"fr-CA\"}]}<\/script>\n<!-- \/ Yoast SEO plugin. -->","yoast_head_json":{"title":"Communications, m\u00e9dias et divertissement - Canada (French)","description":"\u00c9duquer, engager et inspirer vos associ\u00e9s de premi\u00e8re ligne dans les secteurs des communications, des m\u00e9dias et du divertissement pour","robots":{"index":"index","follow":"follow","max-snippet":"max-snippet:-1","max-image-preview":"max-image-preview:large","max-video-preview":"max-video-preview:-1"},"canonical":"https:\/\/www.biworldwide.ca\/fr\/a-qui-nous-servons\/communications-medias-et-divertissement\/","og_locale":"fr_CA","og_type":"article","og_title":"Communications, m\u00e9dias et divertissement - Canada (French)","og_description":"\u00c9duquer, engager et inspirer vos associ\u00e9s de premi\u00e8re ligne dans les secteurs des communications, des m\u00e9dias et du divertissement pour","og_url":"https:\/\/www.biworldwide.ca\/fr\/a-qui-nous-servons\/communications-medias-et-divertissement\/","og_site_name":"Canada (French)","article_modified_time":"2025-04-02T22:52:59+00:00","og_image":[{"url":"https:\/\/www.biworldwide.com\/wp-content\/uploads\/2025\/02\/Communications-media-and-entertainment-1300x732px.jpg","width":1300,"height":732,"type":"image\/jpeg"}],"twitter_card":"summary_large_image","twitter_misc":{"Est. reading time":"3 minutes"},"schema":{"@context":"https:\/\/schema.org","@graph":[{"@type":"WebPage","@id":"https:\/\/www.biworldwide.ca\/fr\/a-qui-nous-servons\/communications-medias-et-divertissement\/","url":"https:\/\/www.biworldwide.ca\/fr\/a-qui-nous-servons\/communications-medias-et-divertissement\/","name":"Communications, m\u00e9dias et divertissement - Canada (French)","isPartOf":{"@id":"https:\/\/www.biworldwide.ca\/fr\/#website"},"primaryImageOfPage":{"@id":"https:\/\/www.biworldwide.ca\/fr\/a-qui-nous-servons\/communications-medias-et-divertissement\/#primaryimage"},"image":{"@id":"https:\/\/www.biworldwide.ca\/fr\/a-qui-nous-servons\/communications-medias-et-divertissement\/#primaryimage"},"thumbnailUrl":"https:\/\/www.biworldwide.com\/wp-content\/uploads\/2025\/02\/Communications-media-and-entertainment-1300x732px.jpg","datePublished":"2025-01-14T16:22:47+00:00","dateModified":"2025-04-02T22:52:59+00:00","description":"\u00c9duquer, engager et inspirer vos associ\u00e9s de premi\u00e8re ligne dans les secteurs des communications, des m\u00e9dias et du divertissement pour","breadcrumb":{"@id":"https:\/\/www.biworldwide.ca\/fr\/a-qui-nous-servons\/communications-medias-et-divertissement\/#breadcrumb"},"inLanguage":"fr-CA","potentialAction":[{"@type":"ReadAction","target":["https:\/\/www.biworldwide.ca\/fr\/a-qui-nous-servons\/communications-medias-et-divertissement\/"]}]},{"@type":"ImageObject","inLanguage":"fr-CA","@id":"https:\/\/www.biworldwide.ca\/fr\/a-qui-nous-servons\/communications-medias-et-divertissement\/#primaryimage","url":"https:\/\/www.biworldwide.com\/wp-content\/uploads\/2025\/02\/Communications-media-and-entertainment-1300x732px.jpg","contentUrl":"https:\/\/www.biworldwide.com\/wp-content\/uploads\/2025\/02\/Communications-media-and-entertainment-1300x732px.jpg","caption":"Close-up of a satellite dish and a tool bag with various tools in the foreground. In the background, a person wearing an orange hard hat and black clothing is working inside a van. The image has a purple overlay on the left side."},{"@type":"BreadcrumbList","@id":"https:\/\/www.biworldwide.ca\/fr\/a-qui-nous-servons\/communications-medias-et-divertissement\/#breadcrumb","itemListElement":[{"@type":"ListItem","position":1,"name":"Home","item":"https:\/\/www.biworldwide.ca\/fr\/"},{"@type":"ListItem","position":2,"name":"\u00c0 qui nous servons","item":"https:\/\/www.biworldwide.ca\/fr\/a-qui-nous-servons\/"},{"@type":"ListItem","position":3,"name":"Communications, m\u00e9dias et divertissement"}]},{"@type":"WebSite","@id":"https:\/\/www.biworldwide.ca\/fr\/#website","url":"https:\/\/www.biworldwide.ca\/fr\/","name":"Canada (French)","description":"","potentialAction":[{"@type":"SearchAction","target":{"@type":"EntryPoint","urlTemplate":"https:\/\/www.biworldwide.ca\/fr\/?s={search_term_string}"},"query-input":{"@type":"PropertyValueSpecification","valueRequired":true,"valueName":"search_term_string"}}],"inLanguage":"fr-CA"}]}},"_links":{"self":[{"href":"https:\/\/www.biworldwide.ca\/fr\/wp-json\/wp\/v2\/pages\/149","targetHints":{"allow":["GET"]}}],"collection":[{"href":"https:\/\/www.biworldwide.ca\/fr\/wp-json\/wp\/v2\/pages"}],"about":[{"href":"https:\/\/www.biworldwide.ca\/fr\/wp-json\/wp\/v2\/types\/page"}],"author":[{"embeddable":true,"href":"https:\/\/www.biworldwide.ca\/fr\/wp-json\/wp\/v2\/users\/11"}],"replies":[{"embeddable":true,"href":"https:\/\/www.biworldwide.ca\/fr\/wp-json\/wp\/v2\/comments?post=149"}],"version-history":[{"count":11,"href":"https:\/\/www.biworldwide.ca\/fr\/wp-json\/wp\/v2\/pages\/149\/revisions"}],"predecessor-version":[{"id":2226,"href":"https:\/\/www.biworldwide.ca\/fr\/wp-json\/wp\/v2\/pages\/149\/revisions\/2226"}],"up":[{"embeddable":true,"href":"https:\/\/www.biworldwide.ca\/fr\/wp-json\/wp\/v2\/pages\/140"}],"wp:featuredmedia":[{"embeddable":true,"href":"https:\/\/www.biworldwide.ca\/fr\/wp-json\/wp\/v2\/media\/916"}],"wp:attachment":[{"href":"https:\/\/www.biworldwide.ca\/fr\/wp-json\/wp\/v2\/media?parent=149"}],"wp:term":[{"taxonomy":"wf_page_folders","embeddable":true,"href":"https:\/\/www.biworldwide.ca\/fr\/wp-json\/wp\/v2\/wf_page_folders?post=149"}],"curies":[{"name":"wp","href":"https:\/\/api.w.org\/{rel}","templated":true}]}}