{"id":1488,"date":"2025-03-25T16:57:44","date_gmt":"2025-03-25T23:57:44","guid":{"rendered":"https:\/\/www.biworldwide.ca\/fr\/?page_id=1488"},"modified":"2025-03-31T12:32:24","modified_gmt":"2025-03-31T19:32:24","slug":"goalquest-ai","status":"publish","type":"page","link":"https:\/\/www.biworldwide.ca\/fr\/comment-nous-aidons\/concours-et-incitatifs\/goalquest-ai\/","title":{"rendered":"GoalQuest\u00ae AI"},"content":{"rendered":"<div class=\" has-content-align-left has-overlay has-overlay--dark alignfull wp-block-biw-block-theme-hero\">\n\t<div class=\"biw-hero__grid\">\n\t\t\t\t\t<div class=\"biw-hero__breadcrumbs\">\n\t\t\t\t<div id=\"breadcrumbs\" class=\"breadcrumb-nav__wrapper\"><span class=\"breadcrumb-nav\"><span><a href=\"https:\/\/www.biworldwide.ca\/fr\/\">Home<\/a><\/span><\/span><\/div>\t\t\t<\/div>\n\t\t\n\t\t\t\t\t<div class=\"biw-hero__media \">\n\t\t\t\t\t\t\t\t\t<div class=\"biw-hero__overlay overlay-dark\"><\/div>\n\t\t\t\t\t\t\t\t<img decoding=\"async\" src=\"http:\/\/live-biw-main.pantheonsite.io\/wp-content\/uploads\/2025\/03\/BIW_Site_Hero_GoalQuestAI-1-scaled.jpg\" alt=\"Illustration of wireframe mountains with digital elements such as a trophy, sparkles, and a circuit board icon. A flag is planted at one peak. The background features a matrix of floating dots on a gradient blue backdrop.\" class=\"biw-hero__bg-image\" style=\"object-position: 50% 0%;\">\t\t\t<\/div>\n\t\t\t\t<div class=\"biw-hero__content\">\n\t\t\t\t\t\t<h1 class=\"biw-hero__title\" style=\"line-height: 1.2\">\n\t\t\t\tGoalQuest AI\t\t\t<\/h1>\n\t\t\t\t\t\t\t\t\t\t<div class=\"biw-hero__text\">\n\t\t\t\t\t\n\n<p>GoalQuest\u00ae AI est une structure de r\u00e8gles \u00e9prouv\u00e9e, bas\u00e9e sur une r\u00e9mun\u00e9ration \u00e0 la performance, qui ne r\u00e9compense que les gains incr\u00e9mentiels, en faisant un choix id\u00e9al pour votre organisation.<\/p>\n\n\t\t\t\t<\/div>\n\t\t\t\t\t\t\t\t<\/div>\n\t<\/div>\n<\/div>\n\n\n\n<div class=\"wp-block-group  layout-columns-7 has-global-padding is-layout-constrained wp-container-core-group-is-layout-a133ec42 wp-block-group-is-layout-constrained\">\n<p class=\"has-xl-font-size\"><strong>Personnalisation<\/strong><\/p>\n\n\n\n<p>GoalQuest\u00ae AI combine la science de l\u2019\u00e9conomie comportementale et les avantages d\u2019une structure de r\u00e8gles \u00e9prouv\u00e9e et fiable avec l\u2019intelligence artificielle pour offrir une exp\u00e9rience d\u2019incitation v\u00e9ritablement personnalis\u00e9e et enrichissante.<\/p>\n\n\n\n<p class=\"has-xl-font-size\"><strong>Intelligence du public<\/strong><\/p>\n\n\n\n<p>GoalQuest AI offre un niveau de granularit\u00e9 sans pr\u00e9c\u00e9dent pour chaque participant et augmente leur ad\u00e9quation idiosyncrasique. Plus que jamais, les participants peuvent ressentir une plus grande appropriation et une connexion plus forte avec leurs objectifs. Comme GoalQuest AI utilise ses propres donn\u00e9es de vente uniques et non un regroupement, ils se mesurent \u00e0 eux-m\u00eames pour atteindre leur meilleur rendement personnel.<\/p>\n\n\n\n<p class=\"has-xl-font-size\"><strong>D\u00e9finition des objectifs<\/strong><\/p>\n\n\n\n<ol class=\"wp-block-list\">\n<li>En utilisant notre vaste base de donn\u00e9es sur les incitations et notre intelligence artificielle (IA) propri\u00e9taire, nous cr\u00e9ons des solutions personnalis\u00e9es en fonction des besoins de votre entreprise.<\/li>\n\n\n\n<li>D\u00e9finissez des donn\u00e9es de r\u00e9f\u00e9rence et des objectifs individuels \u00e0 l\u2019aide d\u2019une vari\u00e9t\u00e9 de points de donn\u00e9es.<\/li>\n\n\n\n<li>Pr\u00e9voyez avec pr\u00e9cision les r\u00e9sultats, les budgets et le retour sur investissement (ROI) gr\u00e2ce \u00e0 des mod\u00e8les de pr\u00e9vision.<\/li>\n<\/ol>\n<\/div>\n\n\n\n<div class=\"wp-block-group alignfull has-global-padding is-layout-constrained wp-container-core-group-is-layout-e04489b5 wp-block-group-is-layout-constrained\">\n<div class=\"wp-block-group  layout-columns-8 has-global-padding is-layout-constrained wp-container-core-group-is-layout-fce79bf6 wp-block-group-is-layout-constrained\">\n<h2 class=\"wp-block-heading has-text-align-center\">L\u2019histoire est dans les donn\u00e9es.<\/h2>\n<\/div>\n\n\n\n<div class=\"wp-block-group  layout-columns-10 has-global-padding is-layout-constrained wp-container-core-group-is-layout-0b5f5b40 wp-block-group-is-layout-constrained\">\n<div class=\"wp-block-group has-text-align-center is-layout-grid wp-container-core-group-is-layout-ef442fb0 wp-block-group-is-layout-grid\">\n<div class=\"wp-block-group is-vertical is-content-justification-center is-layout-flex wp-container-core-group-is-layout-81423f52 wp-block-group-is-layout-flex\">\n<h3 class=\"wp-block-heading has-impact-font-size  has-text-wrap-no-wrap  has-gradient-fill has-gradient-fill-purple\">57 %<\/h3>\n\n\n\n<p class=\"has-text-align-center has-large-font-size  has-text-wrap-balance\">des performances des participants d\u00e9passent les donn\u00e9es de r\u00e9f\u00e9rence<\/p>\n<\/div>\n\n\n\n<div class=\"wp-block-group is-vertical is-content-justification-center is-layout-flex wp-container-core-group-is-layout-81423f52 wp-block-group-is-layout-flex\">\n<h3 class=\"wp-block-heading has-impact-font-size  has-text-wrap-no-wrap  has-gradient-fill has-gradient-fill-purple\">1,4M+<\/h3>\n\n\n\n<p class=\"has-text-align-center has-large-font-size  has-text-wrap-balance\">de participants<\/p>\n<\/div>\n\n\n\n<div class=\"wp-block-group is-vertical is-content-justification-center is-layout-flex wp-container-core-group-is-layout-81423f52 wp-block-group-is-layout-flex\">\n<h3 class=\"wp-block-heading has-impact-font-size  has-text-wrap-no-wrap  has-gradient-fill has-gradient-fill-purple\">4:1<\/h3>\n\n\n\n<p class=\"has-text-align-center has-large-font-size  has-text-wrap-balance\">r\u00e9mun\u00e9ration \u00e0 la performance<\/p>\n<\/div>\n<\/div>\n<\/div>\n<\/div>\n\n\n\n<div class=\"wp-block-group alignfull  has-background-angle-to-left bg-angle-action has-global-padding is-layout-constrained wp-container-core-group-is-layout-97ab3c77 wp-block-group-is-layout-constrained\">\n<div class=\"wp-block-group has-text-align-center  layout-columns-8 has-global-padding is-layout-constrained wp-container-core-group-is-layout-ee362a79 wp-block-group-is-layout-constrained\">\n<h2 class=\"wp-block-heading has-text-align-center  has-text-wrap-pretty\">Perspectives de l\u2019IA<\/h2>\n\n\n\n<p class=\" has-text-wrap-balance\">Analyse automatis\u00e9e personnalis\u00e9e pour les gestionnaires et les responsables de programmes \u00e0 mesure que les donn\u00e9es de performance sont trait\u00e9es.<\/p>\n<\/div>\n\n\n\n<div class=\"wp-block-group  layout-columns-12 has-global-padding is-layout-constrained wp-container-core-group-is-layout-9e09659d wp-block-group-is-layout-constrained\">\n<div class=\"wp-block-group is-layout-grid wp-container-core-group-is-layout-c765d3c1 wp-block-group-is-layout-grid\"><div class=\" has-image-size-cover has-image-radius-none is-style-image-left wp-block-biw-block-theme-biw-card\">\n\t\t\t<figure class=\"biw-card__image-wrapper \">\n\t\t\t<img decoding=\"async\" src=\"http:\/\/live-biw-main.pantheonsite.io\/wp-content\/uploads\/2025\/03\/01-Brand-Automated.svg\" alt=\"\" class=\"biw-card__image\" style=\"object-position: 50% 50%;\">\t\t<\/figure>\n\t\t<div class=\"biw-card__content\">\n\t\t<h3 class=\"biw-card__title\">\n\t\t\t\t\t\t\tAnalyse automatis\u00e9e \u00e0 grande \u00e9chelle\t\t\t\t\t<\/h3>\n\t\t<div class=\"biw-card__text\">\n\n<p>Fournit une analyse \u00e0 une \u00e9chelle que les analystes humains ne peuvent atteindre.<\/p>\n\n<\/div>\n\t<\/div>\n\t<\/div>\n\n<div class=\" has-image-size-cover has-image-radius-none is-style-image-left wp-block-biw-block-theme-biw-card\">\n\t\t\t<figure class=\"biw-card__image-wrapper \">\n\t\t\t<img decoding=\"async\" src=\"http:\/\/live-biw-main.pantheonsite.io\/wp-content\/uploads\/2025\/03\/02-Brand-Contextual.svg\" alt=\"\" class=\"biw-card__image\" style=\"object-position: 50% 50%;\">\t\t<\/figure>\n\t\t<div class=\"biw-card__content\">\n\t\t<h3 class=\"biw-card__title\">\n\t\t\t\t\t\t\tIntelligence contextuelle\t\t\t\t\t<\/h3>\n\t\t<div class=\"biw-card__text\">\n\n<p>Identifie des motifs, des corr\u00e9lations, des tendances \u00e0 court et long terme, ainsi que le contexte historique des donn\u00e9es de performance.<\/p>\n\n<\/div>\n\t<\/div>\n\t<\/div>\n\n<div class=\" has-image-size-cover has-image-radius-none is-style-image-left wp-block-biw-block-theme-biw-card\">\n\t\t\t<figure class=\"biw-card__image-wrapper \">\n\t\t\t<img decoding=\"async\" src=\"http:\/\/live-biw-main.pantheonsite.io\/wp-content\/uploads\/2025\/03\/03-Brand-Strategic.svg\" alt=\"\" class=\"biw-card__image\" style=\"object-position: 50% 50%;\">\t\t<\/figure>\n\t\t<div class=\"biw-card__content\">\n\t\t<h3 class=\"biw-card__title\">\n\t\t\t\t\t\t\tImpact strat\u00e9gique\t\t\t\t\t<\/h3>\n\t\t<div class=\"biw-card__text\">\n\n<p>D\u00e9cisions bas\u00e9es sur les donn\u00e9es, coh\u00e9rence au sein de l\u2019organisation et r\u00e9duction des processus manuels.<\/p>\n\n<\/div>\n\t<\/div>\n\t<\/div>\n\n<div class=\" has-image-size-cover has-image-radius-none is-style-image-left wp-block-biw-block-theme-biw-card\">\n\t\t\t<figure class=\"biw-card__image-wrapper \">\n\t\t\t<img decoding=\"async\" src=\"http:\/\/live-biw-main.pantheonsite.io\/wp-content\/uploads\/2025\/03\/04-Brand-Digestible.svg\" alt=\"\" class=\"biw-card__image\" style=\"object-position: 50% 50%;\">\t\t<\/figure>\n\t\t<div class=\"biw-card__content\">\n\t\t<h3 class=\"biw-card__title\">\n\t\t\t\t\t\t\tCommunications digestibles\t\t\t\t\t<\/h3>\n\t\t<div class=\"biw-card__text\">\n\n<p>G\u00e9n\u00e8re des perspectives compr\u00e9hensibles adapt\u00e9es \u00e0 divers canaux de communication.<\/p>\n\n<\/div>\n\t<\/div>\n\t<\/div>\n\n<div class=\" has-image-size-cover has-image-radius-none is-style-image-left wp-block-biw-block-theme-biw-card\">\n\t\t\t<figure class=\"biw-card__image-wrapper \">\n\t\t\t<img decoding=\"async\" src=\"http:\/\/live-biw-main.pantheonsite.io\/wp-content\/uploads\/2025\/03\/05-Brand-Recognition.svg\" alt=\"\" class=\"biw-card__image\" style=\"object-position: 50% 50%;\">\t\t<\/figure>\n\t\t<div class=\"biw-card__content\">\n\t\t<h3 class=\"biw-card__title\">\n\t\t\t\t\t\t\tOpportunit\u00e9s de reconnaissance\t\t\t\t\t<\/h3>\n\t\t<div class=\"biw-card__text\">\n\n<p>Identifie des performances exceptionnelles, des r\u00e9alisations sp\u00e9cifiques et leur impact plus large.<\/p>\n\n<\/div>\n\t<\/div>\n\t<\/div>\n\n<div class=\" has-image-size-cover has-image-radius-none is-style-image-left wp-block-biw-block-theme-biw-card\">\n\t\t\t<figure class=\"biw-card__image-wrapper \">\n\t\t\t<img decoding=\"async\" src=\"http:\/\/live-biw-main.pantheonsite.io\/wp-content\/uploads\/2025\/03\/06-Brand-Coaching.svg\" alt=\"\" class=\"biw-card__image\" style=\"object-position: 50% 50%;\">\t\t<\/figure>\n\t\t<div class=\"biw-card__content\">\n\t\t<h3 class=\"biw-card__title\">\n\t\t\t\t\t\t\tOpportunit\u00e9s de coaching\t\t\t\t\t<\/h3>\n\t\t<div class=\"biw-card__text\">\n\n<p>D\u00e9tecte les signes avant-coureurs et fournit des recommandations pour un coaching cibl\u00e9.<\/p>\n\n<\/div>\n\t<\/div>\n\t<\/div><\/div>\n<\/div>\n<span class='background-angle-wrapper'><svg fill='none' viewBox='0 0 1728 699' xmlns='http:\/\/www.w3.org\/2000\/svg'><path d='M1728 0H0V294.923L1728 698.43V0Z' fill='url(#69d6ca9d8f14f)'\/><defs><linearGradient id='69d6ca9d8f14f' x1='1738.8' x2='1701' y1='717.27' y2='15.023' gradientUnits='userSpaceOnUse'><stop stop-color='#6D28D9' stop-opacity='.3' offset='0'\/><stop stop-color='#6D28D9' stop-opacity='0' offset='1'\/><\/linearGradient><\/defs><\/svg><\/span><\/div>","protected":false},"excerpt":{"rendered":"<p>Personnalisation GoalQuest\u00ae AI combine la science de l\u2019\u00e9conomie comportementale et les avantages d\u2019une structure de r\u00e8gles \u00e9prouv\u00e9e et fiable avec l\u2019intelligence artificielle pour offrir une exp\u00e9rience d\u2019incitation v\u00e9ritablement personnalis\u00e9e et enrichissante. Intelligence du public GoalQuest AI offre un niveau de granularit\u00e9 sans pr\u00e9c\u00e9dent pour chaque participant et augmente leur ad\u00e9quation idiosyncrasique. Plus que jamais, les [&hellip;]<\/p>\n","protected":false},"author":28,"featured_media":726,"parent":110,"menu_order":0,"comment_status":"closed","ping_status":"closed","template":"","meta":{"featured_image_focal_point":{"x":0.82,"y":0.27},"footnotes":""},"wf_page_folders":[],"class_list":["post-1488","page","type-page","status-publish","has-post-thumbnail","hentry"],"yoast_head":"<!-- This site is optimized with the Yoast SEO plugin v26.2 - https:\/\/yoast.com\/wordpress\/plugins\/seo\/ -->\n<title>GoalQuest\u00ae AI - Canada (French)<\/title>\n<meta name=\"description\" content=\"GoalQuest\u00ae AI est une structure de r\u00e8gles \u00e9prouv\u00e9e, bas\u00e9e sur une r\u00e9mun\u00e9ration \u00e0 la performance, qui ne r\u00e9compense que les gains\" \/>\n<meta name=\"robots\" content=\"index, follow, max-snippet:-1, max-image-preview:large, max-video-preview:-1\" \/>\n<link rel=\"canonical\" href=\"https:\/\/www.biworldwide.ca\/fr\/comment-nous-aidons\/concours-et-incitatifs\/goalquest-ai\/\" \/>\n<meta property=\"og:locale\" content=\"fr_CA\" \/>\n<meta property=\"og:type\" content=\"article\" \/>\n<meta property=\"og:title\" content=\"GoalQuest\u00ae AI - Canada (French)\" \/>\n<meta property=\"og:description\" content=\"GoalQuest\u00ae AI est une structure de r\u00e8gles \u00e9prouv\u00e9e, bas\u00e9e sur une r\u00e9mun\u00e9ration \u00e0 la performance, qui ne r\u00e9compense que les gains\" \/>\n<meta property=\"og:url\" content=\"https:\/\/www.biworldwide.ca\/fr\/comment-nous-aidons\/concours-et-incitatifs\/goalquest-ai\/\" \/>\n<meta property=\"og:site_name\" content=\"Canada (French)\" \/>\n<meta property=\"article:modified_time\" content=\"2025-03-31T19:32:24+00:00\" \/>\n<meta property=\"og:image\" content=\"https:\/\/www.biworldwide.com\/wp-content\/uploads\/2025\/03\/BIW_Site_Hero_GoalQuestAI-1-scaled.jpg\" \/>\n\t<meta property=\"og:image:width\" content=\"2560\" \/>\n\t<meta property=\"og:image:height\" content=\"889\" \/>\n\t<meta property=\"og:image:type\" content=\"image\/jpeg\" \/>\n<meta name=\"twitter:card\" content=\"summary_large_image\" \/>\n<meta name=\"twitter:label1\" content=\"Est. reading time\" \/>\n\t<meta name=\"twitter:data1\" content=\"2 minutes\" \/>\n<script type=\"application\/ld+json\" class=\"yoast-schema-graph\">{\"@context\":\"https:\/\/schema.org\",\"@graph\":[{\"@type\":\"WebPage\",\"@id\":\"https:\/\/www.biworldwide.ca\/fr\/comment-nous-aidons\/concours-et-incitatifs\/goalquest-ai\/\",\"url\":\"https:\/\/www.biworldwide.ca\/fr\/comment-nous-aidons\/concours-et-incitatifs\/goalquest-ai\/\",\"name\":\"GoalQuest\u00ae AI - Canada (French)\",\"isPartOf\":{\"@id\":\"https:\/\/www.biworldwide.ca\/fr\/#website\"},\"primaryImageOfPage\":{\"@id\":\"https:\/\/www.biworldwide.ca\/fr\/comment-nous-aidons\/concours-et-incitatifs\/goalquest-ai\/#primaryimage\"},\"image\":{\"@id\":\"https:\/\/www.biworldwide.ca\/fr\/comment-nous-aidons\/concours-et-incitatifs\/goalquest-ai\/#primaryimage\"},\"thumbnailUrl\":\"https:\/\/www.biworldwide.com\/wp-content\/uploads\/2025\/03\/BIW_Site_Hero_GoalQuestAI-1-scaled.jpg\",\"datePublished\":\"2025-03-25T23:57:44+00:00\",\"dateModified\":\"2025-03-31T19:32:24+00:00\",\"description\":\"GoalQuest\u00ae AI est une structure de r\u00e8gles \u00e9prouv\u00e9e, bas\u00e9e sur une r\u00e9mun\u00e9ration \u00e0 la performance, qui ne r\u00e9compense que les gains\",\"breadcrumb\":{\"@id\":\"https:\/\/www.biworldwide.ca\/fr\/comment-nous-aidons\/concours-et-incitatifs\/goalquest-ai\/#breadcrumb\"},\"inLanguage\":\"fr-CA\",\"potentialAction\":[{\"@type\":\"ReadAction\",\"target\":[\"https:\/\/www.biworldwide.ca\/fr\/comment-nous-aidons\/concours-et-incitatifs\/goalquest-ai\/\"]}]},{\"@type\":\"ImageObject\",\"inLanguage\":\"fr-CA\",\"@id\":\"https:\/\/www.biworldwide.ca\/fr\/comment-nous-aidons\/concours-et-incitatifs\/goalquest-ai\/#primaryimage\",\"url\":\"https:\/\/www.biworldwide.com\/wp-content\/uploads\/2025\/03\/BIW_Site_Hero_GoalQuestAI-1-scaled.jpg\",\"contentUrl\":\"https:\/\/www.biworldwide.com\/wp-content\/uploads\/2025\/03\/BIW_Site_Hero_GoalQuestAI-1-scaled.jpg\",\"caption\":\"Illustration of wireframe mountains with digital elements such as a trophy, sparkles, and a circuit board icon. A flag is planted at one peak. The background features a matrix of floating dots on a gradient blue backdrop.\"},{\"@type\":\"BreadcrumbList\",\"@id\":\"https:\/\/www.biworldwide.ca\/fr\/comment-nous-aidons\/concours-et-incitatifs\/goalquest-ai\/#breadcrumb\",\"itemListElement\":[{\"@type\":\"ListItem\",\"position\":1,\"name\":\"Home\",\"item\":\"https:\/\/www.biworldwide.ca\/fr\/\"},{\"@type\":\"ListItem\",\"position\":2,\"name\":\"Comment nous aidons\",\"item\":\"https:\/\/www.biworldwide.ca\/fr\/comment-nous-aidons\/\"},{\"@type\":\"ListItem\",\"position\":3,\"name\":\"Concours et incitatifs\",\"item\":\"https:\/\/www.biworldwide.ca\/fr\/comment-nous-aidons\/concours-et-incitatifs\/\"},{\"@type\":\"ListItem\",\"position\":4,\"name\":\"GoalQuest\u00ae AI\"}]},{\"@type\":\"WebSite\",\"@id\":\"https:\/\/www.biworldwide.ca\/fr\/#website\",\"url\":\"https:\/\/www.biworldwide.ca\/fr\/\",\"name\":\"Canada (French)\",\"description\":\"\",\"potentialAction\":[{\"@type\":\"SearchAction\",\"target\":{\"@type\":\"EntryPoint\",\"urlTemplate\":\"https:\/\/www.biworldwide.ca\/fr\/?s={search_term_string}\"},\"query-input\":{\"@type\":\"PropertyValueSpecification\",\"valueRequired\":true,\"valueName\":\"search_term_string\"}}],\"inLanguage\":\"fr-CA\"}]}<\/script>\n<!-- \/ Yoast SEO plugin. -->","yoast_head_json":{"title":"GoalQuest\u00ae AI - Canada (French)","description":"GoalQuest\u00ae AI est une structure de r\u00e8gles \u00e9prouv\u00e9e, bas\u00e9e sur une r\u00e9mun\u00e9ration \u00e0 la performance, qui ne r\u00e9compense que les gains","robots":{"index":"index","follow":"follow","max-snippet":"max-snippet:-1","max-image-preview":"max-image-preview:large","max-video-preview":"max-video-preview:-1"},"canonical":"https:\/\/www.biworldwide.ca\/fr\/comment-nous-aidons\/concours-et-incitatifs\/goalquest-ai\/","og_locale":"fr_CA","og_type":"article","og_title":"GoalQuest\u00ae AI - Canada (French)","og_description":"GoalQuest\u00ae AI est une structure de r\u00e8gles \u00e9prouv\u00e9e, bas\u00e9e sur une r\u00e9mun\u00e9ration \u00e0 la performance, qui ne r\u00e9compense que les gains","og_url":"https:\/\/www.biworldwide.ca\/fr\/comment-nous-aidons\/concours-et-incitatifs\/goalquest-ai\/","og_site_name":"Canada (French)","article_modified_time":"2025-03-31T19:32:24+00:00","og_image":[{"url":"https:\/\/www.biworldwide.com\/wp-content\/uploads\/2025\/03\/BIW_Site_Hero_GoalQuestAI-1-scaled.jpg","width":2560,"height":889,"type":"image\/jpeg"}],"twitter_card":"summary_large_image","twitter_misc":{"Est. reading time":"2 minutes"},"schema":{"@context":"https:\/\/schema.org","@graph":[{"@type":"WebPage","@id":"https:\/\/www.biworldwide.ca\/fr\/comment-nous-aidons\/concours-et-incitatifs\/goalquest-ai\/","url":"https:\/\/www.biworldwide.ca\/fr\/comment-nous-aidons\/concours-et-incitatifs\/goalquest-ai\/","name":"GoalQuest\u00ae AI - Canada (French)","isPartOf":{"@id":"https:\/\/www.biworldwide.ca\/fr\/#website"},"primaryImageOfPage":{"@id":"https:\/\/www.biworldwide.ca\/fr\/comment-nous-aidons\/concours-et-incitatifs\/goalquest-ai\/#primaryimage"},"image":{"@id":"https:\/\/www.biworldwide.ca\/fr\/comment-nous-aidons\/concours-et-incitatifs\/goalquest-ai\/#primaryimage"},"thumbnailUrl":"https:\/\/www.biworldwide.com\/wp-content\/uploads\/2025\/03\/BIW_Site_Hero_GoalQuestAI-1-scaled.jpg","datePublished":"2025-03-25T23:57:44+00:00","dateModified":"2025-03-31T19:32:24+00:00","description":"GoalQuest\u00ae AI est une structure de r\u00e8gles \u00e9prouv\u00e9e, bas\u00e9e sur une r\u00e9mun\u00e9ration \u00e0 la performance, qui ne r\u00e9compense que les gains","breadcrumb":{"@id":"https:\/\/www.biworldwide.ca\/fr\/comment-nous-aidons\/concours-et-incitatifs\/goalquest-ai\/#breadcrumb"},"inLanguage":"fr-CA","potentialAction":[{"@type":"ReadAction","target":["https:\/\/www.biworldwide.ca\/fr\/comment-nous-aidons\/concours-et-incitatifs\/goalquest-ai\/"]}]},{"@type":"ImageObject","inLanguage":"fr-CA","@id":"https:\/\/www.biworldwide.ca\/fr\/comment-nous-aidons\/concours-et-incitatifs\/goalquest-ai\/#primaryimage","url":"https:\/\/www.biworldwide.com\/wp-content\/uploads\/2025\/03\/BIW_Site_Hero_GoalQuestAI-1-scaled.jpg","contentUrl":"https:\/\/www.biworldwide.com\/wp-content\/uploads\/2025\/03\/BIW_Site_Hero_GoalQuestAI-1-scaled.jpg","caption":"Illustration of wireframe mountains with digital elements such as a trophy, sparkles, and a circuit board icon. A flag is planted at one peak. The background features a matrix of floating dots on a gradient blue backdrop."},{"@type":"BreadcrumbList","@id":"https:\/\/www.biworldwide.ca\/fr\/comment-nous-aidons\/concours-et-incitatifs\/goalquest-ai\/#breadcrumb","itemListElement":[{"@type":"ListItem","position":1,"name":"Home","item":"https:\/\/www.biworldwide.ca\/fr\/"},{"@type":"ListItem","position":2,"name":"Comment nous aidons","item":"https:\/\/www.biworldwide.ca\/fr\/comment-nous-aidons\/"},{"@type":"ListItem","position":3,"name":"Concours et incitatifs","item":"https:\/\/www.biworldwide.ca\/fr\/comment-nous-aidons\/concours-et-incitatifs\/"},{"@type":"ListItem","position":4,"name":"GoalQuest\u00ae AI"}]},{"@type":"WebSite","@id":"https:\/\/www.biworldwide.ca\/fr\/#website","url":"https:\/\/www.biworldwide.ca\/fr\/","name":"Canada (French)","description":"","potentialAction":[{"@type":"SearchAction","target":{"@type":"EntryPoint","urlTemplate":"https:\/\/www.biworldwide.ca\/fr\/?s={search_term_string}"},"query-input":{"@type":"PropertyValueSpecification","valueRequired":true,"valueName":"search_term_string"}}],"inLanguage":"fr-CA"}]}},"_links":{"self":[{"href":"https:\/\/www.biworldwide.ca\/fr\/wp-json\/wp\/v2\/pages\/1488","targetHints":{"allow":["GET"]}}],"collection":[{"href":"https:\/\/www.biworldwide.ca\/fr\/wp-json\/wp\/v2\/pages"}],"about":[{"href":"https:\/\/www.biworldwide.ca\/fr\/wp-json\/wp\/v2\/types\/page"}],"author":[{"embeddable":true,"href":"https:\/\/www.biworldwide.ca\/fr\/wp-json\/wp\/v2\/users\/28"}],"replies":[{"embeddable":true,"href":"https:\/\/www.biworldwide.ca\/fr\/wp-json\/wp\/v2\/comments?post=1488"}],"version-history":[{"count":9,"href":"https:\/\/www.biworldwide.ca\/fr\/wp-json\/wp\/v2\/pages\/1488\/revisions"}],"predecessor-version":[{"id":1498,"href":"https:\/\/www.biworldwide.ca\/fr\/wp-json\/wp\/v2\/pages\/1488\/revisions\/1498"}],"up":[{"embeddable":true,"href":"https:\/\/www.biworldwide.ca\/fr\/wp-json\/wp\/v2\/pages\/110"}],"wp:featuredmedia":[{"embeddable":true,"href":"https:\/\/www.biworldwide.ca\/fr\/wp-json\/wp\/v2\/media\/726"}],"wp:attachment":[{"href":"https:\/\/www.biworldwide.ca\/fr\/wp-json\/wp\/v2\/media?parent=1488"}],"wp:term":[{"taxonomy":"wf_page_folders","embeddable":true,"href":"https:\/\/www.biworldwide.ca\/fr\/wp-json\/wp\/v2\/wf_page_folders?post=1488"}],"curies":[{"name":"wp","href":"https:\/\/api.w.org\/{rel}","templated":true}]}}