{"id":147,"date":"2025-01-14T16:22:21","date_gmt":"2025-01-14T16:22:21","guid":{"rendered":"https:\/\/live-biw-main.pantheonsite.io\/?page_id=147"},"modified":"2025-04-03T10:52:00","modified_gmt":"2025-04-03T17:52:00","slug":"fournitures-de-construction","status":"publish","type":"page","link":"https:\/\/www.biworldwide.ca\/fr\/a-qui-nous-servons\/fournitures-de-construction\/","title":{"rendered":"Fournitures de construction"},"content":{"rendered":"<div class=\" has-content-align-left has-overlay has-overlay--dark alignfull wp-block-biw-block-theme-hero\">\n\t<div class=\"biw-hero__grid\">\n\t\t\t\t\t<div class=\"biw-hero__breadcrumbs\">\n\t\t\t\t<div id=\"breadcrumbs\" class=\"breadcrumb-nav__wrapper\"><span class=\"breadcrumb-nav\"><span><a href=\"https:\/\/www.biworldwide.ca\/fr\/\">Home<\/a><\/span><\/span><\/div>\t\t\t<\/div>\n\t\t\n\t\t\t\t\t<div class=\"biw-hero__media \">\n\t\t\t\t\t\t\t\t\t<div class=\"biw-hero__overlay overlay-dark\"><\/div>\n\t\t\t\t\t\t\t\t<img decoding=\"async\" src=\"http:\/\/live-biw-main.pantheonsite.io\/wp-content\/uploads\/2025\/02\/BuildingSupply-Paint-1728x600px.jpg\" alt=\"A paintbrush rests on an open can of paint against a background with large blocks of red, orange, and yellow hues. The composition creates a vibrant and colorful visual contrast.\" class=\"biw-hero__bg-image\" style=\"object-position: 50% 50%;\">\t\t\t<\/div>\n\t\t\t\t<div class=\"biw-hero__content\">\n\t\t\t\t\t\t<h1 class=\"biw-hero__title\" style=\"line-height: 1.2\">\n\t\t\t\tFournitures de construction\t\t\t<\/h1>\n\t\t\t\t\t\t\t<h2 class=\"biw-hero__subtitle\">\n\t\t\t\t\t<strong>Pour b\u00e2tir une entreprise prosp\u00e8re, vous avez besoin d&rsquo;outils de marketing innovants.<\/strong>\t\t\t\t<\/h2>\n\t\t\t\t\t\t\t\t\t\t<div class=\"biw-hero__text\">\n\t\t\t\t\t\n\n<p>Favorisez la fid\u00e9lit\u00e9 avec une combinaison strat\u00e9gique d&rsquo;informations sur les clients, d&rsquo;outils de marketing cibl\u00e9s et de r\u00e9compenses attrayantes.<br><a href=\"https:\/\/www.biworldwide.com\/channel-sales\/coalition-marketing\/contractor-rewards\/#below-hero\"><\/a><\/p>\n\n\t\t\t\t<\/div>\n\t\t\t\t\t\t\t\t<\/div>\n\t<\/div>\n<\/div>\n\n\n\n<div class=\"wp-block-group  layout-columns-8 has-global-padding is-layout-constrained wp-container-core-group-is-layout-fce79bf6 wp-block-group-is-layout-constrained\">\n<p class=\"has-xl-font-size\"><strong>Le d\u00e9fi :<\/strong><\/p>\n\n\n\n<p>Attirer de nouveaux clients, vendre des produits compl\u00e9mentaires et suppl\u00e9mentaires aux clients existants, et cr\u00e9er une client\u00e8le farouchement loyale envers votre marque.<\/p>\n\n\n\n<p class=\"has-xl-font-size\"><strong>La solution :<\/strong><\/p>\n\n\n\n<p>Rejoignez les marques de produits de construction les plus reconnues en Am\u00e9rique du Nord dans un programme con\u00e7u pour pr\u00e9server l\u2019int\u00e9grit\u00e9 de la marque tout en g\u00e9n\u00e9rant une puissance de vente exponentielle.<\/p>\n\n\n\n<p>Contractor Rewards cible les entrepreneurs g\u00e9n\u00e9raux et les sous-traitants dans les secteurs de la construction r\u00e9sidentielle et commerciale. L\u2019inscription est simple et les entrepreneurs accumulent des points avec l\u2019achat de produits participants. Ces points peuvent \u00eatre \u00e9chang\u00e9s contre plus de 350 000 articles dans un catalogue de r\u00e9compenses en ligne.<\/p>\n\n\n\n<p>Et vous ? Vous b\u00e9n\u00e9ficierez du statut de marque pr\u00e9f\u00e9r\u00e9e ainsi que d\u2019une richesse de donn\u00e9es sur les clients. Nous croyons que les gestionnaires de marque performants savent qui ach\u00e8tent leurs produits et pourquoi ils les ach\u00e8tent. Ces informations facilitent des campagnes de marketing hautement cibl\u00e9es pour maximiser le rendement de vos dollars de marketing.<\/p>\n\n\n\n<p>L&rsquo;essentiel : Les rabais ne gagnent pas. <strong>La fid\u00e9lit\u00e9 gagne.<\/strong><\/p>\n<\/div>\n\n\n\n<div class=\"wp-block-group alignfull has-global-padding is-layout-constrained wp-container-core-group-is-layout-e04489b5 wp-block-group-is-layout-constrained\">\n<div class=\"wp-block-group  layout-columns-8 has-global-padding is-layout-constrained wp-container-core-group-is-layout-fce79bf6 wp-block-group-is-layout-constrained\">\n<h2 class=\"wp-block-heading has-text-align-center\">Mesurez deux fois. Faites votre coupe.<\/h2>\n<\/div>\n\n\n\n<div class=\"wp-block-group  layout-columns-10 has-global-padding is-layout-constrained wp-container-core-group-is-layout-0b5f5b40 wp-block-group-is-layout-constrained\">\n<div class=\"wp-block-group has-text-align-center is-layout-grid wp-container-core-group-is-layout-ef442fb0 wp-block-group-is-layout-grid\">\n<div class=\"wp-block-group is-vertical is-content-justification-center is-layout-flex wp-container-core-group-is-layout-81423f52 wp-block-group-is-layout-flex\">\n<h3 class=\"wp-block-heading has-impact-font-size  has-text-wrap-no-wrap  has-gradient-fill has-gradient-fill-orange\">450k<\/h3>\n\n\n\n<p class=\"has-text-align-center has-large-font-size  has-text-wrap-balance\">factures trait\u00e9es chaque trimestre<\/p>\n<\/div>\n\n\n\n<div class=\"wp-block-group is-vertical is-content-justification-center is-layout-flex wp-container-core-group-is-layout-81423f52 wp-block-group-is-layout-flex\">\n<h3 class=\"wp-block-heading has-impact-font-size  has-text-wrap-no-wrap  has-gradient-fill has-gradient-fill-orange\">95,6%<\/h3>\n\n\n\n<p class=\"has-text-align-center has-large-font-size  has-text-wrap-balance\">taux d&rsquo;acceptation des factures<\/p>\n<\/div>\n\n\n\n<div class=\"wp-block-group is-vertical is-content-justification-center is-layout-flex wp-container-core-group-is-layout-81423f52 wp-block-group-is-layout-flex\">\n<h3 class=\"wp-block-heading has-impact-font-size  has-text-wrap-no-wrap  has-gradient-fill has-gradient-fill-orange\">1,6<\/h3>\n\n\n\n<p class=\"has-text-align-center has-large-font-size  has-text-wrap-balance\">jours pour traiter les factures, en moyenne<\/p>\n<\/div>\n<\/div>\n<\/div>\n<\/div>\n","protected":false},"excerpt":{"rendered":"<p>Le d\u00e9fi : Attirer de nouveaux clients, vendre des produits compl\u00e9mentaires et suppl\u00e9mentaires aux clients existants, et cr\u00e9er une client\u00e8le farouchement loyale envers votre marque. La solution : Rejoignez les marques de produits de construction les plus reconnues en Am\u00e9rique du Nord dans un programme con\u00e7u pour pr\u00e9server l\u2019int\u00e9grit\u00e9 de la marque tout en g\u00e9n\u00e9rant [&hellip;]<\/p>\n","protected":false},"author":11,"featured_media":1276,"parent":140,"menu_order":0,"comment_status":"closed","ping_status":"closed","template":"","meta":{"featured_image_focal_point":{"x":0.65,"y":0.68},"footnotes":""},"wf_page_folders":[],"class_list":["post-147","page","type-page","status-publish","has-post-thumbnail","hentry"],"yoast_head":"<!-- This site is optimized with the Yoast SEO plugin v26.2 - https:\/\/yoast.com\/wordpress\/plugins\/seo\/ -->\n<title>Fournitures de construction - Canada (French)<\/title>\n<meta name=\"description\" content=\"Encouragez la fid\u00e9lit\u00e9 dans le domaine des fournitures de construction avec une combinaison strat\u00e9gique d&#039;informations sur les clients,\" \/>\n<meta name=\"robots\" content=\"index, follow, max-snippet:-1, max-image-preview:large, max-video-preview:-1\" \/>\n<link rel=\"canonical\" href=\"https:\/\/www.biworldwide.ca\/fr\/a-qui-nous-servons\/fournitures-de-construction\/\" \/>\n<meta property=\"og:locale\" content=\"fr_CA\" \/>\n<meta property=\"og:type\" content=\"article\" \/>\n<meta property=\"og:title\" content=\"Fournitures de construction - Canada (French)\" \/>\n<meta property=\"og:description\" content=\"Encouragez la fid\u00e9lit\u00e9 dans le domaine des fournitures de construction avec une combinaison strat\u00e9gique d&#039;informations sur les clients,\" \/>\n<meta property=\"og:url\" content=\"https:\/\/www.biworldwide.ca\/fr\/a-qui-nous-servons\/fournitures-de-construction\/\" \/>\n<meta property=\"og:site_name\" content=\"Canada (French)\" \/>\n<meta property=\"article:modified_time\" content=\"2025-04-03T17:52:00+00:00\" \/>\n<meta property=\"og:image\" content=\"https:\/\/www.biworldwide.com\/wp-content\/uploads\/2025\/02\/Building-Supply-Paint-1300x732px.jpg\" \/>\n\t<meta property=\"og:image:width\" content=\"1300\" \/>\n\t<meta property=\"og:image:height\" content=\"732\" \/>\n\t<meta property=\"og:image:type\" content=\"image\/jpeg\" \/>\n<meta name=\"twitter:card\" content=\"summary_large_image\" \/>\n<meta name=\"twitter:label1\" content=\"Est. reading time\" \/>\n\t<meta name=\"twitter:data1\" content=\"2 minutes\" \/>\n<script type=\"application\/ld+json\" class=\"yoast-schema-graph\">{\"@context\":\"https:\/\/schema.org\",\"@graph\":[{\"@type\":\"WebPage\",\"@id\":\"https:\/\/www.biworldwide.ca\/fr\/a-qui-nous-servons\/fournitures-de-construction\/\",\"url\":\"https:\/\/www.biworldwide.ca\/fr\/a-qui-nous-servons\/fournitures-de-construction\/\",\"name\":\"Fournitures de construction - Canada (French)\",\"isPartOf\":{\"@id\":\"https:\/\/www.biworldwide.ca\/fr\/#website\"},\"primaryImageOfPage\":{\"@id\":\"https:\/\/www.biworldwide.ca\/fr\/a-qui-nous-servons\/fournitures-de-construction\/#primaryimage\"},\"image\":{\"@id\":\"https:\/\/www.biworldwide.ca\/fr\/a-qui-nous-servons\/fournitures-de-construction\/#primaryimage\"},\"thumbnailUrl\":\"https:\/\/www.biworldwide.com\/wp-content\/uploads\/2025\/02\/Building-Supply-Paint-1300x732px.jpg\",\"datePublished\":\"2025-01-14T16:22:21+00:00\",\"dateModified\":\"2025-04-03T17:52:00+00:00\",\"description\":\"Encouragez la fid\u00e9lit\u00e9 dans le domaine des fournitures de construction avec une combinaison strat\u00e9gique d'informations sur les clients,\",\"breadcrumb\":{\"@id\":\"https:\/\/www.biworldwide.ca\/fr\/a-qui-nous-servons\/fournitures-de-construction\/#breadcrumb\"},\"inLanguage\":\"fr-CA\",\"potentialAction\":[{\"@type\":\"ReadAction\",\"target\":[\"https:\/\/www.biworldwide.ca\/fr\/a-qui-nous-servons\/fournitures-de-construction\/\"]}]},{\"@type\":\"ImageObject\",\"inLanguage\":\"fr-CA\",\"@id\":\"https:\/\/www.biworldwide.ca\/fr\/a-qui-nous-servons\/fournitures-de-construction\/#primaryimage\",\"url\":\"https:\/\/www.biworldwide.com\/wp-content\/uploads\/2025\/02\/Building-Supply-Paint-1300x732px.jpg\",\"contentUrl\":\"https:\/\/www.biworldwide.com\/wp-content\/uploads\/2025\/02\/Building-Supply-Paint-1300x732px.jpg\",\"caption\":\"A wooden paintbrush rests on an open can of white paint against a vibrant background of red, orange, and yellow geometric shapes.\"},{\"@type\":\"BreadcrumbList\",\"@id\":\"https:\/\/www.biworldwide.ca\/fr\/a-qui-nous-servons\/fournitures-de-construction\/#breadcrumb\",\"itemListElement\":[{\"@type\":\"ListItem\",\"position\":1,\"name\":\"Home\",\"item\":\"https:\/\/www.biworldwide.ca\/fr\/\"},{\"@type\":\"ListItem\",\"position\":2,\"name\":\"\u00c0 qui nous servons\",\"item\":\"https:\/\/www.biworldwide.ca\/fr\/a-qui-nous-servons\/\"},{\"@type\":\"ListItem\",\"position\":3,\"name\":\"Fournitures de construction\"}]},{\"@type\":\"WebSite\",\"@id\":\"https:\/\/www.biworldwide.ca\/fr\/#website\",\"url\":\"https:\/\/www.biworldwide.ca\/fr\/\",\"name\":\"Canada (French)\",\"description\":\"\",\"potentialAction\":[{\"@type\":\"SearchAction\",\"target\":{\"@type\":\"EntryPoint\",\"urlTemplate\":\"https:\/\/www.biworldwide.ca\/fr\/?s={search_term_string}\"},\"query-input\":{\"@type\":\"PropertyValueSpecification\",\"valueRequired\":true,\"valueName\":\"search_term_string\"}}],\"inLanguage\":\"fr-CA\"}]}<\/script>\n<!-- \/ Yoast SEO plugin. -->","yoast_head_json":{"title":"Fournitures de construction - Canada (French)","description":"Encouragez la fid\u00e9lit\u00e9 dans le domaine des fournitures de construction avec une combinaison strat\u00e9gique d'informations sur les clients,","robots":{"index":"index","follow":"follow","max-snippet":"max-snippet:-1","max-image-preview":"max-image-preview:large","max-video-preview":"max-video-preview:-1"},"canonical":"https:\/\/www.biworldwide.ca\/fr\/a-qui-nous-servons\/fournitures-de-construction\/","og_locale":"fr_CA","og_type":"article","og_title":"Fournitures de construction - Canada (French)","og_description":"Encouragez la fid\u00e9lit\u00e9 dans le domaine des fournitures de construction avec une combinaison strat\u00e9gique d'informations sur les clients,","og_url":"https:\/\/www.biworldwide.ca\/fr\/a-qui-nous-servons\/fournitures-de-construction\/","og_site_name":"Canada (French)","article_modified_time":"2025-04-03T17:52:00+00:00","og_image":[{"url":"https:\/\/www.biworldwide.com\/wp-content\/uploads\/2025\/02\/Building-Supply-Paint-1300x732px.jpg","width":1300,"height":732,"type":"image\/jpeg"}],"twitter_card":"summary_large_image","twitter_misc":{"Est. reading time":"2 minutes"},"schema":{"@context":"https:\/\/schema.org","@graph":[{"@type":"WebPage","@id":"https:\/\/www.biworldwide.ca\/fr\/a-qui-nous-servons\/fournitures-de-construction\/","url":"https:\/\/www.biworldwide.ca\/fr\/a-qui-nous-servons\/fournitures-de-construction\/","name":"Fournitures de construction - Canada (French)","isPartOf":{"@id":"https:\/\/www.biworldwide.ca\/fr\/#website"},"primaryImageOfPage":{"@id":"https:\/\/www.biworldwide.ca\/fr\/a-qui-nous-servons\/fournitures-de-construction\/#primaryimage"},"image":{"@id":"https:\/\/www.biworldwide.ca\/fr\/a-qui-nous-servons\/fournitures-de-construction\/#primaryimage"},"thumbnailUrl":"https:\/\/www.biworldwide.com\/wp-content\/uploads\/2025\/02\/Building-Supply-Paint-1300x732px.jpg","datePublished":"2025-01-14T16:22:21+00:00","dateModified":"2025-04-03T17:52:00+00:00","description":"Encouragez la fid\u00e9lit\u00e9 dans le domaine des fournitures de construction avec une combinaison strat\u00e9gique d'informations sur les clients,","breadcrumb":{"@id":"https:\/\/www.biworldwide.ca\/fr\/a-qui-nous-servons\/fournitures-de-construction\/#breadcrumb"},"inLanguage":"fr-CA","potentialAction":[{"@type":"ReadAction","target":["https:\/\/www.biworldwide.ca\/fr\/a-qui-nous-servons\/fournitures-de-construction\/"]}]},{"@type":"ImageObject","inLanguage":"fr-CA","@id":"https:\/\/www.biworldwide.ca\/fr\/a-qui-nous-servons\/fournitures-de-construction\/#primaryimage","url":"https:\/\/www.biworldwide.com\/wp-content\/uploads\/2025\/02\/Building-Supply-Paint-1300x732px.jpg","contentUrl":"https:\/\/www.biworldwide.com\/wp-content\/uploads\/2025\/02\/Building-Supply-Paint-1300x732px.jpg","caption":"A wooden paintbrush rests on an open can of white paint against a vibrant background of red, orange, and yellow geometric shapes."},{"@type":"BreadcrumbList","@id":"https:\/\/www.biworldwide.ca\/fr\/a-qui-nous-servons\/fournitures-de-construction\/#breadcrumb","itemListElement":[{"@type":"ListItem","position":1,"name":"Home","item":"https:\/\/www.biworldwide.ca\/fr\/"},{"@type":"ListItem","position":2,"name":"\u00c0 qui nous servons","item":"https:\/\/www.biworldwide.ca\/fr\/a-qui-nous-servons\/"},{"@type":"ListItem","position":3,"name":"Fournitures de construction"}]},{"@type":"WebSite","@id":"https:\/\/www.biworldwide.ca\/fr\/#website","url":"https:\/\/www.biworldwide.ca\/fr\/","name":"Canada (French)","description":"","potentialAction":[{"@type":"SearchAction","target":{"@type":"EntryPoint","urlTemplate":"https:\/\/www.biworldwide.ca\/fr\/?s={search_term_string}"},"query-input":{"@type":"PropertyValueSpecification","valueRequired":true,"valueName":"search_term_string"}}],"inLanguage":"fr-CA"}]}},"_links":{"self":[{"href":"https:\/\/www.biworldwide.ca\/fr\/wp-json\/wp\/v2\/pages\/147","targetHints":{"allow":["GET"]}}],"collection":[{"href":"https:\/\/www.biworldwide.ca\/fr\/wp-json\/wp\/v2\/pages"}],"about":[{"href":"https:\/\/www.biworldwide.ca\/fr\/wp-json\/wp\/v2\/types\/page"}],"author":[{"embeddable":true,"href":"https:\/\/www.biworldwide.ca\/fr\/wp-json\/wp\/v2\/users\/11"}],"replies":[{"embeddable":true,"href":"https:\/\/www.biworldwide.ca\/fr\/wp-json\/wp\/v2\/comments?post=147"}],"version-history":[{"count":6,"href":"https:\/\/www.biworldwide.ca\/fr\/wp-json\/wp\/v2\/pages\/147\/revisions"}],"predecessor-version":[{"id":2246,"href":"https:\/\/www.biworldwide.ca\/fr\/wp-json\/wp\/v2\/pages\/147\/revisions\/2246"}],"up":[{"embeddable":true,"href":"https:\/\/www.biworldwide.ca\/fr\/wp-json\/wp\/v2\/pages\/140"}],"wp:featuredmedia":[{"embeddable":true,"href":"https:\/\/www.biworldwide.ca\/fr\/wp-json\/wp\/v2\/media\/1276"}],"wp:attachment":[{"href":"https:\/\/www.biworldwide.ca\/fr\/wp-json\/wp\/v2\/media?parent=147"}],"wp:term":[{"taxonomy":"wf_page_folders","embeddable":true,"href":"https:\/\/www.biworldwide.ca\/fr\/wp-json\/wp\/v2\/wf_page_folders?post=147"}],"curies":[{"name":"wp","href":"https:\/\/api.w.org\/{rel}","templated":true}]}}