{"id":1425,"date":"2025-03-25T15:52:43","date_gmt":"2025-03-25T22:52:43","guid":{"rendered":"https:\/\/www.biworldwide.ca\/fr\/?page_id=1425"},"modified":"2025-04-14T10:20:28","modified_gmt":"2025-04-14T17:20:28","slug":"elevate","status":"publish","type":"page","link":"https:\/\/www.biworldwide.ca\/fr\/elevate\/","title":{"rendered":"Programme Elevate"},"content":{"rendered":"<div class=\" has-content-align-left has-overlay has-overlay--dark alignfull wp-block-biw-block-theme-hero\">\n\t<div class=\"biw-hero__grid\">\n\t\t\t\t\t<div class=\"biw-hero__breadcrumbs\">\n\t\t\t\t<div id=\"breadcrumbs\" class=\"breadcrumb-nav__wrapper\"><span class=\"breadcrumb-nav\"><span><a href=\"https:\/\/www.biworldwide.ca\/fr\/\">Home<\/a><\/span><\/span><\/div>\t\t\t<\/div>\n\t\t\n\t\t\t\t\t<div class=\"biw-hero__media \">\n\t\t\t\t\t\t\t\t\t<div class=\"biw-hero__overlay overlay-dark\"><\/div>\n\t\t\t\t\t\t\t\t<img decoding=\"async\" src=\"http:\/\/live-biw-main.pantheonsite.io\/wp-content\/uploads\/2025\/02\/BIW_Site_Hero_Elevate-scaled.jpg\" alt=\"A person with curly hair, wearing a purple shirt, holds a smartphone and smiles. The background is a gradient with colorful icons, including a trophy, chat bubble, heart, gift, and cake.\" class=\"biw-hero__bg-image\" style=\"object-position: 75% 42%;\">\t\t\t<\/div>\n\t\t\t\t<div class=\"biw-hero__content\">\n\t\t\t\t\t\t<h1 class=\"biw-hero__title\" style=\"line-height: 1.2\">\n\t\t\t\tElevate\t\t\t<\/h1>\n\t\t\t\t\t\t\t<h2 class=\"biw-hero__subtitle\">\n\t\t\t\t\tTransformez la culture de votre milieu de travail avec un \u00e9cosyst\u00e8me puissant.\t\t\t\t<\/h2>\n\t\t\t\t\t\t\t\t\t\t<div class=\"biw-hero__text\">\n\t\t\t\t\t\n\n<p>Elevate<sup>MC <\/sup>est la solution compl\u00e8te qui offre tous les \u00e9l\u00e9ments de l&rsquo;engagement des employ\u00e9s et des ventes.<\/p>\n\n\n\n<p>Elevate vous permet de reconna\u00eetre facilement les performances exceptionnelles et les \u00e9tapes importantes gr\u00e2ce \u00e0 des c\u00e9l\u00e9brations, des incitations, des articles, des exp\u00e9riences personnalis\u00e9es et plus encore.<\/p>\n\n\n\n<p>Gr\u00e2ce \u00e0 des informations fond\u00e9es sur les donn\u00e9es et \u00e0 une interface intuitive, Elevate inspire votre \u00e9quipe, stimule les changements de comportement, am\u00e9liore la productivit\u00e9 et g\u00e9n\u00e8re des r\u00e9sultats commerciaux remarquables.<\/p>\n\n\t\t\t\t<\/div>\n\t\t\t\t\t\t\t\t<\/div>\n\t<\/div>\n<\/div>\n\n\n\n<div class=\"wp-block-group  layout-columns-7 has-global-padding is-layout-constrained wp-container-core-group-is-layout-a133ec42 wp-block-group-is-layout-constrained\">\n<div class=\"wp-block-group  layout-columns-7 has-global-padding is-content-justification-center is-layout-constrained wp-container-core-group-is-layout-1c7def49 wp-block-group-is-layout-constrained\">\n<p class=\"has-text-align-left\">Elevate est une solution transformative con\u00e7ue pour r\u00e9volutionner la culture de travail et augmenter l&rsquo;engagement \u00e0 tous les niveaux.<\/p>\n\n\n\n<h2 class=\"wp-block-heading has-text-align-left is-style-large-strong-text has-large-font-size is-style-large-strong-text is-style-large-strong-text\">Que signifie cela exactement ?<\/h2>\n\n\n\n<p class=\"has-text-align-left\">Cela signifie qu&rsquo;Elevate puise au c\u0153ur battant de votre organisation, en \u00e9veillant la passion, la motivation et l&rsquo;inspiration.<\/p>\n\n\n\n<p class=\"has-text-align-left\">Elevate active et renforce les changements de comportement gr\u00e2ce \u00e0 une gamme de fonctionnalit\u00e9s uniques.<\/p>\n\n\n\n<p class=\"has-text-align-left\">Il s&rsquo;adapte aux besoins de votre entreprise, s&rsquo;int\u00e8gre \u00e0 d&rsquo;autres outils et est lanc\u00e9 presque instantan\u00e9ment. Il fait tout cela tout en cr\u00e9ant des habitudes positives et en acc\u00e9l\u00e9rant la transformation au sein de vos employ\u00e9s, membres d&rsquo;\u00e9quipe et coll\u00e8gues.<\/p>\n<\/div>\n<\/div>\n\n\n\n<div class=\"wp-block-group alignfull has-global-padding is-layout-constrained wp-container-core-group-is-layout-d3543a3b wp-block-group-is-layout-constrained\">\n<div class=\"wp-block-group  layout-columns-6 has-global-padding is-layout-constrained wp-container-core-group-is-layout-97093539 wp-block-group-is-layout-constrained\">\n<h2 class=\"wp-block-heading has-text-align-center\">D\u00e9couvrez chaque ensemble de fonctionnalit\u00e9s<\/h2>\n\n\n\n<p class=\"has-text-align-center has-large-font-size\"><\/p>\n<\/div>\n\n\n\n<div class=\"wp-block-group has-global-padding is-layout-constrained wp-block-group-is-layout-constrained\">\n<div class=\"wp-block-group  has-row-gap is-layout-grid wp-container-core-group-is-layout-c765d3c1 wp-block-group-is-layout-grid\" style=\"--row-gap:var(--wp--preset--spacing--50)\"><div class=\" has-image-size-cover has-image-radius-none is-style-image-left wp-block-biw-block-theme-biw-card\">\n\t\t\t<figure class=\"biw-card__image-wrapper \">\n\t\t\t<img decoding=\"async\" src=\"http:\/\/live-biw-main.pantheonsite.io\/wp-content\/uploads\/2025\/01\/elevate-recognition-no-logo.png\" alt=\"\" class=\"biw-card__image\" style=\"object-position: 49% 47%;\">\t\t<\/figure>\n\t\t<div class=\"biw-card__content\">\n\t\t<h3 class=\"biw-card__title\">\n\t\t\t\t\t\t\tReconnaissance\t\t\t\t\t<\/h3>\n\t\t<div class=\"biw-card__text\">\n\n<p>Qu&rsquo;il s&rsquo;agisse de r\u00e9ussir une pr\u00e9sentation client, de favoriser la collaboration ou de d\u00e9passer les objectifs de ventes trimestriels, Elevate vous permet de reconna\u00eetre, d&rsquo;appr\u00e9cier et de c\u00e9l\u00e9brer toutes ces r\u00e9ussites.<\/p>\n\n<\/div>\n\t<\/div>\n\t<\/div>\n\n<div class=\" has-image-size-cover has-image-radius-none is-style-image-left wp-block-biw-block-theme-biw-card\">\n\t\t\t<figure class=\"biw-card__image-wrapper \">\n\t\t\t<img decoding=\"async\" src=\"http:\/\/live-biw-main.pantheonsite.io\/wp-content\/uploads\/2025\/01\/elevate-celebrations-no-logo.png\" alt=\"\" class=\"biw-card__image\" style=\"object-position: 50% 50%;\">\t\t<\/figure>\n\t\t<div class=\"biw-card__content\">\n\t\t<h3 class=\"biw-card__title\">\n\t\t\t\t\t\t\tC\u00e9l\u00e9brations\t\t\t\t\t<\/h3>\n\t\t<div class=\"biw-card__text\">\n\n<p>Des anniversaires de service aux anniversaires personnels et tout ce qu&rsquo;il y a entre les deux, honorez les individus ou les \u00e9quipes au travail avec des c\u00e9l\u00e9brations sinc\u00e8res qui laisseront une impression durable.<br><\/p>\n\n<\/div>\n\t<\/div>\n\t<\/div>\n\n<div class=\" has-image-size-cover has-image-radius-none is-style-image-left wp-block-biw-block-theme-biw-card\">\n\t\t\t<figure class=\"biw-card__image-wrapper \">\n\t\t\t<img decoding=\"async\" src=\"http:\/\/live-biw-main.pantheonsite.io\/wp-content\/uploads\/2025\/01\/elevate-serviceanniversaries-no-logo.png\" alt=\"\" class=\"biw-card__image\" style=\"object-position: 50% 50%;\">\t\t<\/figure>\n\t\t<div class=\"biw-card__content\">\n\t\t<h3 class=\"biw-card__title\">\n\t\t\t\t\t\t\tAnniversaires de service\t\t\t\t\t<\/h3>\n\t\t<div class=\"biw-card__text\">\n\n<p>C\u00e9l\u00e9brez et honorez l&rsquo;engagement et la fid\u00e9lit\u00e9 de vos membres d&rsquo;\u00e9quipe gr\u00e2ce aux Prix de Service d&rsquo;Elevate. Reconnaissez les \u00e9tapes importantes de leur service et cr\u00e9ez une culture d&rsquo;appr\u00e9ciation.<br><\/p>\n\n<\/div>\n\t<\/div>\n\t<\/div>\n\n<div class=\" has-image-size-cover has-image-radius-none is-style-image-left wp-block-biw-block-theme-biw-card\">\n\t\t\t<figure class=\"biw-card__image-wrapper \">\n\t\t\t<img decoding=\"async\" src=\"http:\/\/live-biw-main.pantheonsite.io\/wp-content\/uploads\/2025\/01\/elevate-learning-no-logo.png\" alt=\"\" class=\"biw-card__image\" style=\"object-position: 50% 50%;\">\t\t<\/figure>\n\t\t<div class=\"biw-card__content\">\n\t\t<h3 class=\"biw-card__title\">\n\t\t\t\t\t\t\tApprentissage\t\t\t\t\t<\/h3>\n\t\t<div class=\"biw-card__text\">\n\n<p>Le module d&rsquo;apprentissage d&rsquo;Elevate offre un acc\u00e8s facile \u00e0 une croissance continue. La connaissance est le pouvoir; nous offrons \u00e0 votre \u00e9quipe une passerelle vers des objectifs d&rsquo;apprentissage essentiels et des cours de comp\u00e9tences personnalis\u00e9s.<br><\/p>\n\n<\/div>\n\t<\/div>\n\t<\/div>\n\n<div class=\" has-image-size-cover has-image-radius-none is-style-image-left wp-block-biw-block-theme-biw-card\">\n\t\t\t<figure class=\"biw-card__image-wrapper \">\n\t\t\t<img decoding=\"async\" src=\"http:\/\/live-biw-main.pantheonsite.io\/wp-content\/uploads\/2025\/01\/elevate-awards-no-logo.png\" alt=\"\" class=\"biw-card__image\" style=\"object-position: 50% 50%;\">\t\t<\/figure>\n\t\t<div class=\"biw-card__content\">\n\t\t<h3 class=\"biw-card__title\">\n\t\t\t\t\t\t\tR\u00e9compenses\t\t\t\t\t<\/h3>\n\t\t<div class=\"biw-card__text\">\n\n<p>Qu&rsquo;il s&rsquo;agisse de marchandises de qualit\u00e9, d&rsquo;exp\u00e9riences inoubliables ou de l&rsquo;acquisition de nouvelles comp\u00e9tences, nos options de r\u00e9compenses vari\u00e9es permettront de maintenir votre \u00e9quipe motiv\u00e9e, engag\u00e9e et inspir\u00e9e.<br><\/p>\n\n<\/div>\n\t<\/div>\n\t<\/div>\n\n<div class=\" has-image-size-cover has-image-radius-none is-style-image-left wp-block-biw-block-theme-biw-card\">\n\t\t\t<figure class=\"biw-card__image-wrapper \">\n\t\t\t<img decoding=\"async\" src=\"http:\/\/live-biw-main.pantheonsite.io\/wp-content\/uploads\/2025\/01\/elevate-incentives-no-logo.png\" alt=\"\" class=\"biw-card__image\" style=\"object-position: 50% 50%;\">\t\t<\/figure>\n\t\t<div class=\"biw-card__content\">\n\t\t<h3 class=\"biw-card__title\">\n\t\t\t\t\t\t\tIncitations\t\t\t\t\t<\/h3>\n\t\t<div class=\"biw-card__text\">\n\n<p>Motivez votre \u00e9quipe vers le succ\u00e8s ! Fixez des objectifs ambitieux mais r\u00e9alisables et encouragez votre \u00e9quipe \u00e0 devenir une force hautement engag\u00e9e et motiv\u00e9e.<br><\/p>\n\n<\/div>\n\t<\/div>\n\t<\/div>\n\n<div class=\" has-image-size-cover has-image-radius-none is-style-image-left wp-block-biw-block-theme-biw-card\">\n\t\t\t<figure class=\"biw-card__image-wrapper \">\n\t\t\t<img decoding=\"async\" src=\"http:\/\/live-biw-main.pantheonsite.io\/wp-content\/uploads\/2025\/01\/elevate-wellness-no-logo.png\" alt=\"\" class=\"biw-card__image\" style=\"object-position: 50% 50%;\">\t\t<\/figure>\n\t\t<div class=\"biw-card__content\">\n\t\t<h3 class=\"biw-card__title\">\n\t\t\t\t\t\t\tBien-\u00eatre\t\t\t\t\t<\/h3>\n\t\t<div class=\"biw-card__text\">\n\n<p>Encouragez le bien-\u00eatre au sein de votre \u00e9quipe en favorisant la sant\u00e9 et le bonheur gr\u00e2ce \u00e0 des d\u00e9fis, des objectifs et des r\u00e9compenses. D\u00e9couvrez-en plus ici.<\/p>\n\n<\/div>\n\t<\/div>\n\t<\/div>\n\n<div class=\" has-image-size-cover has-image-radius-none is-style-image-left wp-block-biw-block-theme-biw-card\">\n\t\t\t<figure class=\"biw-card__image-wrapper \">\n\t\t\t<img decoding=\"async\" src=\"http:\/\/live-biw-main.pantheonsite.io\/wp-content\/uploads\/2025\/01\/elevate-gamification-no-logo.png\" alt=\"\" class=\"biw-card__image\" style=\"object-position: 50% 50%;\">\t\t<\/figure>\n\t\t<div class=\"biw-card__content\">\n\t\t<h3 class=\"biw-card__title\">\n\t\t\t\t\t\t\tGamification\t\t\t\t\t<\/h3>\n\t\t<div class=\"biw-card__text\">\n\n<p>Les missions sont soigneusement con\u00e7ues pour encourager l&rsquo;adoption pr\u00e9coce des outils et favoriser l&rsquo;engagement. En accomplissant une vari\u00e9t\u00e9 de t\u00e2ches en petites \u00e9tapes, votre \u00e9quipe peut gagner des points \u00e9changeables tout en posant les bases d&rsquo;un parcours r\u00e9ussi \u00e0 venir.<br><\/p>\n\n<\/div>\n\t<\/div>\n\t<\/div><\/div>\n<\/div>\n<\/div>\n\n\n\n<div class=\"wp-block-group alignfull has-global-padding is-layout-constrained wp-container-core-group-is-layout-d3543a3b wp-block-group-is-layout-constrained\">\n<div class=\"wp-block-group  layout-columns-6 has-global-padding is-layout-constrained wp-container-core-group-is-layout-97093539 wp-block-group-is-layout-constrained\">\n<h2 class=\"wp-block-heading has-text-align-center\">Recognition CoPilot<\/h2>\n\n\n\n<p class=\"has-text-align-center has-large-font-size\">La reconnaissance doit \u00eatre opportune, sp\u00e9cifique et personnelle. Rien ne peut remplacer un message significatif venant d&rsquo;un gestionnaire ou d&rsquo;un co\u00e9quipier. Mais tout le monde peut b\u00e9n\u00e9ficier d&rsquo;un coup de pouce pour transmettre ce message. Recognition CoPilot\u2122, notre programme de reconnaissance par intelligence artificielle (IA), propose quatre outils pour cr\u00e9er une reconnaissance entre pairs et entre gestionnaires qui r\u00e9sonne et inspire.<br><\/p>\n<\/div>\n\n\n\n<div class=\"wp-block-group has-global-padding is-layout-constrained wp-block-group-is-layout-constrained\">\n<div class=\"wp-block-group  has-row-gap is-layout-grid wp-container-core-group-is-layout-249c2011 wp-block-group-is-layout-grid\" style=\"--row-gap:var(--wp--preset--spacing--50)\"><div class=\" has-image-size-cover has-image-radius-none is-style-image-left wp-block-biw-block-theme-biw-card\">\n\t\t<div class=\"biw-card__content\">\n\t\t<h3 class=\"biw-card__title\">\n\t\t\t\t\t\t\tD\u00e9tection des biais\t\t\t\t\t<\/h3>\n\t\t<div class=\"biw-card__text\">\n\n<p>Bien que l&rsquo;analyse montre que les biais sont rares dans un sc\u00e9nario de reconnaissance, notre algorithme d&rsquo;IA en arri\u00e8re-plan d\u00e9tecte et att\u00e9nue les biais linguistiques dans les messages.<\/p>\n\n<\/div>\n\t<\/div>\n\t<\/div>\n\n<div class=\" has-image-size-cover has-image-radius-none is-style-image-left wp-block-biw-block-theme-biw-card\">\n\t\t<div class=\"biw-card__content\">\n\t\t<h3 class=\"biw-card__title\">\n\t\t\t\t\t\t\tOrthographe et grammaire\t\t\t\t\t<\/h3>\n\t\t<div class=\"biw-card__text\">\n\n<p>Un adulte sur quatre rencontre des difficult\u00e9s avec l&rsquo;orthographe au quotidien. Cela ne devrait pas emp\u00eacher qui que ce soit d&rsquo;offrir de la reconnaissance. Recognition CoPilot\u2122 propose des v\u00e9rifications compl\u00e8tes de l&rsquo;orthographe et de la grammaire pour corriger les erreurs dans vos messages.<\/p>\n\n<\/div>\n\t<\/div>\n\t<\/div>\n\n<div class=\" has-image-size-cover has-image-radius-none is-style-image-left wp-block-biw-block-theme-biw-card\">\n\t\t<div class=\"biw-card__content\">\n\t\t<h3 class=\"biw-card__title\">\n\t\t\t\t\t\t\tAm\u00e9lioration\t\t\t\t\t<\/h3>\n\t\t<div class=\"biw-card__text\">\n\n<p>La diff\u00e9rence entre une reconnaissance correcte et une reconnaissance exceptionnelle r\u00e9side dans la sp\u00e9cificit\u00e9 et la pertinence. La fonction Am\u00e9lioration aide l&rsquo;utilisateur \u00e0 r\u00e9diger un message pr\u00e9cis, avec des mentions claires et des balises, pour garantir que le destinataire comprenne que vous avez appr\u00e9ci\u00e9 ses contributions.<br><\/p>\n\n<\/div>\n\t<\/div>\n\t<\/div>\n\n<div class=\" has-image-size-cover has-image-radius-none is-style-image-left wp-block-biw-block-theme-biw-card\">\n\t\t<div class=\"biw-card__content\">\n\t\t<h3 class=\"biw-card__title\">\n\t\t\t\t\t\t\tTraduction\t\t\t\t\t<\/h3>\n\t\t<div class=\"biw-card__text\">\n\n<p>Dans une entreprise v\u00e9ritablement mondiale, les dirigeants collaborent avec des \u00e9quipes qui peuvent ne pas parler leur langue maternelle. Notre moteur de traduction permet \u00e0 l&rsquo;exp\u00e9diteur de r\u00e9diger son message dans la langue principale du destinataire tout en garantissant une orthographe et une grammaire pr\u00e9cises.<br><\/p>\n\n<\/div>\n\t<\/div>\n\t<\/div><\/div>\n<\/div>\n<\/div>\n","protected":false},"excerpt":{"rendered":"<p>Elevate est une solution transformative con\u00e7ue pour r\u00e9volutionner la culture de travail et augmenter l&rsquo;engagement \u00e0 tous les niveaux. Que signifie cela exactement ? Cela signifie qu&rsquo;Elevate puise au c\u0153ur battant de votre organisation, en \u00e9veillant la passion, la motivation et l&rsquo;inspiration. Elevate active et renforce les changements de comportement gr\u00e2ce \u00e0 une gamme de [&hellip;]<\/p>\n","protected":false},"author":28,"featured_media":1427,"parent":0,"menu_order":0,"comment_status":"closed","ping_status":"closed","template":"","meta":{"featured_image_focal_point":{"x":0.5,"y":0.5},"footnotes":""},"wf_page_folders":[],"class_list":["post-1425","page","type-page","status-publish","has-post-thumbnail","hentry"],"yoast_head":"<!-- This site is optimized with the Yoast SEO plugin v26.2 - https:\/\/yoast.com\/wordpress\/plugins\/seo\/ -->\n<title>Programme Elevate - Canada (French)<\/title>\n<meta name=\"description\" content=\"Transformez votre lieu de travail et votre culture avec un \u00e9cosyst\u00e8me puissant. Elevate\u00ae offre tous les \u00e9l\u00e9ments d&#039;engagement des employ\u00e9s et\" \/>\n<meta name=\"robots\" content=\"index, follow, max-snippet:-1, max-image-preview:large, max-video-preview:-1\" \/>\n<link rel=\"canonical\" href=\"https:\/\/www.biworldwide.ca\/fr\/elevate\/\" \/>\n<meta property=\"og:locale\" content=\"fr_CA\" \/>\n<meta property=\"og:type\" content=\"article\" \/>\n<meta property=\"og:title\" content=\"Programme Elevate - Canada (French)\" \/>\n<meta property=\"og:description\" content=\"Transformez votre lieu de travail et votre culture avec un \u00e9cosyst\u00e8me puissant. Elevate\u00ae offre tous les \u00e9l\u00e9ments d&#039;engagement des employ\u00e9s et\" \/>\n<meta property=\"og:url\" content=\"https:\/\/www.biworldwide.ca\/fr\/elevate\/\" \/>\n<meta property=\"og:site_name\" content=\"Canada (French)\" \/>\n<meta property=\"article:modified_time\" content=\"2025-04-14T17:20:28+00:00\" \/>\n<meta property=\"og:image\" content=\"https:\/\/www.biworldwide.com\/wp-content\/uploads\/2025\/02\/BIW_Site_Card_Elevate-scaled.jpg\" \/>\n\t<meta property=\"og:image:width\" content=\"2560\" \/>\n\t<meta property=\"og:image:height\" content=\"1441\" \/>\n\t<meta property=\"og:image:type\" content=\"image\/jpeg\" \/>\n<meta name=\"twitter:card\" content=\"summary_large_image\" \/>\n<meta name=\"twitter:label1\" content=\"Est. reading time\" \/>\n\t<meta name=\"twitter:data1\" content=\"4 minutes\" \/>\n<script type=\"application\/ld+json\" class=\"yoast-schema-graph\">{\"@context\":\"https:\/\/schema.org\",\"@graph\":[{\"@type\":\"WebPage\",\"@id\":\"https:\/\/www.biworldwide.ca\/fr\/elevate\/\",\"url\":\"https:\/\/www.biworldwide.ca\/fr\/elevate\/\",\"name\":\"Programme Elevate - Canada (French)\",\"isPartOf\":{\"@id\":\"https:\/\/www.biworldwide.ca\/fr\/#website\"},\"primaryImageOfPage\":{\"@id\":\"https:\/\/www.biworldwide.ca\/fr\/elevate\/#primaryimage\"},\"image\":{\"@id\":\"https:\/\/www.biworldwide.ca\/fr\/elevate\/#primaryimage\"},\"thumbnailUrl\":\"https:\/\/www.biworldwide.com\/wp-content\/uploads\/2025\/02\/BIW_Site_Card_Elevate-scaled.jpg\",\"datePublished\":\"2025-03-25T22:52:43+00:00\",\"dateModified\":\"2025-04-14T17:20:28+00:00\",\"description\":\"Transformez votre lieu de travail et votre culture avec un \u00e9cosyst\u00e8me puissant. Elevate\u00ae offre tous les \u00e9l\u00e9ments d'engagement des employ\u00e9s et\",\"breadcrumb\":{\"@id\":\"https:\/\/www.biworldwide.ca\/fr\/elevate\/#breadcrumb\"},\"inLanguage\":\"fr-CA\",\"potentialAction\":[{\"@type\":\"ReadAction\",\"target\":[\"https:\/\/www.biworldwide.ca\/fr\/elevate\/\"]}]},{\"@type\":\"ImageObject\",\"inLanguage\":\"fr-CA\",\"@id\":\"https:\/\/www.biworldwide.ca\/fr\/elevate\/#primaryimage\",\"url\":\"https:\/\/www.biworldwide.com\/wp-content\/uploads\/2025\/02\/BIW_Site_Card_Elevate-scaled.jpg\",\"contentUrl\":\"https:\/\/www.biworldwide.com\/wp-content\/uploads\/2025\/02\/BIW_Site_Card_Elevate-scaled.jpg\",\"caption\":\"A person with curly hair smiles and holds a smartphone. Theyre wearing a purple shirt with a geometric logo. Colorful icons, including a trophy, gift, chat bubble, and cake, are in the background on a gradient backdrop.\"},{\"@type\":\"BreadcrumbList\",\"@id\":\"https:\/\/www.biworldwide.ca\/fr\/elevate\/#breadcrumb\",\"itemListElement\":[{\"@type\":\"ListItem\",\"position\":1,\"name\":\"Home\",\"item\":\"https:\/\/www.biworldwide.ca\/fr\/\"},{\"@type\":\"ListItem\",\"position\":2,\"name\":\"Programme Elevate\"}]},{\"@type\":\"WebSite\",\"@id\":\"https:\/\/www.biworldwide.ca\/fr\/#website\",\"url\":\"https:\/\/www.biworldwide.ca\/fr\/\",\"name\":\"Canada (French)\",\"description\":\"\",\"potentialAction\":[{\"@type\":\"SearchAction\",\"target\":{\"@type\":\"EntryPoint\",\"urlTemplate\":\"https:\/\/www.biworldwide.ca\/fr\/?s={search_term_string}\"},\"query-input\":{\"@type\":\"PropertyValueSpecification\",\"valueRequired\":true,\"valueName\":\"search_term_string\"}}],\"inLanguage\":\"fr-CA\"}]}<\/script>\n<!-- \/ Yoast SEO plugin. -->","yoast_head_json":{"title":"Programme Elevate - Canada (French)","description":"Transformez votre lieu de travail et votre culture avec un \u00e9cosyst\u00e8me puissant. Elevate\u00ae offre tous les \u00e9l\u00e9ments d'engagement des employ\u00e9s et","robots":{"index":"index","follow":"follow","max-snippet":"max-snippet:-1","max-image-preview":"max-image-preview:large","max-video-preview":"max-video-preview:-1"},"canonical":"https:\/\/www.biworldwide.ca\/fr\/elevate\/","og_locale":"fr_CA","og_type":"article","og_title":"Programme Elevate - Canada (French)","og_description":"Transformez votre lieu de travail et votre culture avec un \u00e9cosyst\u00e8me puissant. Elevate\u00ae offre tous les \u00e9l\u00e9ments d'engagement des employ\u00e9s et","og_url":"https:\/\/www.biworldwide.ca\/fr\/elevate\/","og_site_name":"Canada (French)","article_modified_time":"2025-04-14T17:20:28+00:00","og_image":[{"url":"https:\/\/www.biworldwide.com\/wp-content\/uploads\/2025\/02\/BIW_Site_Card_Elevate-scaled.jpg","width":2560,"height":1441,"type":"image\/jpeg"}],"twitter_card":"summary_large_image","twitter_misc":{"Est. reading time":"4 minutes"},"schema":{"@context":"https:\/\/schema.org","@graph":[{"@type":"WebPage","@id":"https:\/\/www.biworldwide.ca\/fr\/elevate\/","url":"https:\/\/www.biworldwide.ca\/fr\/elevate\/","name":"Programme Elevate - Canada (French)","isPartOf":{"@id":"https:\/\/www.biworldwide.ca\/fr\/#website"},"primaryImageOfPage":{"@id":"https:\/\/www.biworldwide.ca\/fr\/elevate\/#primaryimage"},"image":{"@id":"https:\/\/www.biworldwide.ca\/fr\/elevate\/#primaryimage"},"thumbnailUrl":"https:\/\/www.biworldwide.com\/wp-content\/uploads\/2025\/02\/BIW_Site_Card_Elevate-scaled.jpg","datePublished":"2025-03-25T22:52:43+00:00","dateModified":"2025-04-14T17:20:28+00:00","description":"Transformez votre lieu de travail et votre culture avec un \u00e9cosyst\u00e8me puissant. Elevate\u00ae offre tous les \u00e9l\u00e9ments d'engagement des employ\u00e9s et","breadcrumb":{"@id":"https:\/\/www.biworldwide.ca\/fr\/elevate\/#breadcrumb"},"inLanguage":"fr-CA","potentialAction":[{"@type":"ReadAction","target":["https:\/\/www.biworldwide.ca\/fr\/elevate\/"]}]},{"@type":"ImageObject","inLanguage":"fr-CA","@id":"https:\/\/www.biworldwide.ca\/fr\/elevate\/#primaryimage","url":"https:\/\/www.biworldwide.com\/wp-content\/uploads\/2025\/02\/BIW_Site_Card_Elevate-scaled.jpg","contentUrl":"https:\/\/www.biworldwide.com\/wp-content\/uploads\/2025\/02\/BIW_Site_Card_Elevate-scaled.jpg","caption":"A person with curly hair smiles and holds a smartphone. Theyre wearing a purple shirt with a geometric logo. Colorful icons, including a trophy, gift, chat bubble, and cake, are in the background on a gradient backdrop."},{"@type":"BreadcrumbList","@id":"https:\/\/www.biworldwide.ca\/fr\/elevate\/#breadcrumb","itemListElement":[{"@type":"ListItem","position":1,"name":"Home","item":"https:\/\/www.biworldwide.ca\/fr\/"},{"@type":"ListItem","position":2,"name":"Programme Elevate"}]},{"@type":"WebSite","@id":"https:\/\/www.biworldwide.ca\/fr\/#website","url":"https:\/\/www.biworldwide.ca\/fr\/","name":"Canada (French)","description":"","potentialAction":[{"@type":"SearchAction","target":{"@type":"EntryPoint","urlTemplate":"https:\/\/www.biworldwide.ca\/fr\/?s={search_term_string}"},"query-input":{"@type":"PropertyValueSpecification","valueRequired":true,"valueName":"search_term_string"}}],"inLanguage":"fr-CA"}]}},"_links":{"self":[{"href":"https:\/\/www.biworldwide.ca\/fr\/wp-json\/wp\/v2\/pages\/1425","targetHints":{"allow":["GET"]}}],"collection":[{"href":"https:\/\/www.biworldwide.ca\/fr\/wp-json\/wp\/v2\/pages"}],"about":[{"href":"https:\/\/www.biworldwide.ca\/fr\/wp-json\/wp\/v2\/types\/page"}],"author":[{"embeddable":true,"href":"https:\/\/www.biworldwide.ca\/fr\/wp-json\/wp\/v2\/users\/28"}],"replies":[{"embeddable":true,"href":"https:\/\/www.biworldwide.ca\/fr\/wp-json\/wp\/v2\/comments?post=1425"}],"version-history":[{"count":13,"href":"https:\/\/www.biworldwide.ca\/fr\/wp-json\/wp\/v2\/pages\/1425\/revisions"}],"predecessor-version":[{"id":2477,"href":"https:\/\/www.biworldwide.ca\/fr\/wp-json\/wp\/v2\/pages\/1425\/revisions\/2477"}],"wp:featuredmedia":[{"embeddable":true,"href":"https:\/\/www.biworldwide.ca\/fr\/wp-json\/wp\/v2\/media\/1427"}],"wp:attachment":[{"href":"https:\/\/www.biworldwide.ca\/fr\/wp-json\/wp\/v2\/media?parent=1425"}],"wp:term":[{"taxonomy":"wf_page_folders","embeddable":true,"href":"https:\/\/www.biworldwide.ca\/fr\/wp-json\/wp\/v2\/wf_page_folders?post=1425"}],"curies":[{"name":"wp","href":"https:\/\/api.w.org\/{rel}","templated":true}]}}