{"id":142,"date":"2025-01-14T16:19:42","date_gmt":"2025-01-14T16:19:42","guid":{"rendered":"https:\/\/live-biw-main.pantheonsite.io\/?page_id=142"},"modified":"2025-04-14T10:05:41","modified_gmt":"2025-04-14T17:05:41","slug":"agriculture","status":"publish","type":"page","link":"https:\/\/www.biworldwide.ca\/fr\/a-qui-nous-servons\/agriculture\/","title":{"rendered":"Industrie agricole"},"content":{"rendered":"<div class=\" has-content-align-left has-overlay has-overlay--dark alignfull wp-block-biw-block-theme-hero\">\n\t<div class=\"biw-hero__grid\">\n\t\t\t\t\t<div class=\"biw-hero__breadcrumbs\">\n\t\t\t\t<div id=\"breadcrumbs\" class=\"breadcrumb-nav__wrapper\"><span class=\"breadcrumb-nav\"><span><a href=\"https:\/\/www.biworldwide.ca\/fr\/\">Home<\/a><\/span><\/span><\/div>\t\t\t<\/div>\n\t\t\n\t\t\t\t\t<div class=\"biw-hero__media \">\n\t\t\t\t\t\t\t\t\t<div class=\"biw-hero__overlay overlay-dark\"><\/div>\n\t\t\t\t\t\t\t\t<img decoding=\"async\" src=\"http:\/\/live-biw-main.pantheonsite.io\/wp-content\/uploads\/2025\/02\/Agriculture-1728x600px.jpg\" alt=\"Golden wheat stalks sway against a dark, stormy sky. The contrast between the illuminated wheat and the ominous clouds creates a dramatic, atmospheric scene.\" class=\"biw-hero__bg-image\" style=\"object-position: 50% 50%;\">\t\t\t<\/div>\n\t\t\t\t<div class=\"biw-hero__content\">\n\t\t\t\t\t\t<h1 class=\"biw-hero__title\" style=\"line-height: 1.2\">\n\t\t\t\t<strong>Industrie agricole<\/strong>\t\t\t<\/h1>\n\t\t\t\t\t\t\t<h2 class=\"biw-hero__subtitle\">\n\t\t\t\t\t<strong>Un secteur en croissance.<\/strong>\t\t\t\t<\/h2>\n\t\t\t\t\t\t\t\t\t\t<div class=\"biw-hero__text\">\n\t\t\t\t\t\n\n<p>Nous mobilisons les employ\u00e9s, motivons les \u00e9quipes de vente et d\u00e9veloppons une client\u00e8le fid\u00e8le.<\/p>\n\n\t\t\t\t<\/div>\n\t\t\t\t\t\t\t\t<\/div>\n\t<\/div>\n<\/div>\n\n\n\n<div class=\"wp-block-group  layout-columns-7 has-global-padding is-layout-constrained wp-container-core-group-is-layout-a133ec42 wp-block-group-is-layout-constrained\">\n<p>Agriculture, alimentation et industries connexes ont contribu\u00e9 \u00e0 plus de 150 milliards de dollars au produit int\u00e9rieur brut (PIB) du Canada en 2023, repr\u00e9sentant environ 7 % du PIB total. C&rsquo;est un secteur soutenu par un vaste r\u00e9seau d&rsquo;entreprises fournissant divers intrants et services\u2014des grandes entreprises agroalimentaires aux plus petits fournisseurs et prestataires de services.<\/p>\n\n\n\n<p>Nous servons de nombreuses entreprises li\u00e9es \u00e0 l&rsquo;agriculture en les aidant \u00e0 motiver, r\u00e9compenser et reconna\u00eetre leurs employ\u00e9s. L&rsquo;agriculture et ses industries connexes repr\u00e9sentent plus de 11 % de l&#8217;emploi au Canada, avec plus de 2,3 millions d&#8217;emplois \u00e0 temps plein et \u00e0 temps partiel.<\/p>\n\n\n\n<p>Nous fournissons des solutions pour aider les entreprises agricoles \u00e0 vendre leurs intrants aux producteurs\u2014semences, engrais, pesticides, \u00e9quipements agricoles et solutions technologiques con\u00e7ues pour am\u00e9liorer la gestion des exploitations agricoles. Nous cr\u00e9ons des solutions pour augmenter les ventes, engager les partenaires de distribution et favoriser la fid\u00e9lit\u00e9 des clients.<\/p>\n\n\n\n<p>De la ferme \u00e0 la table, nous avons l&rsquo;exp\u00e9rience et les solutions inspirantes pour d\u00e9velopper l&rsquo;industrie florissante de l&rsquo;agriculture canadienne.<\/p>\n<\/div>\n\n\n\n<p><\/p>\n","protected":false},"excerpt":{"rendered":"<p>Agriculture, alimentation et industries connexes ont contribu\u00e9 \u00e0 plus de 150 milliards de dollars au produit int\u00e9rieur brut (PIB) du Canada en 2023, repr\u00e9sentant environ 7 % du PIB total. C&rsquo;est un secteur soutenu par un vaste r\u00e9seau d&rsquo;entreprises fournissant divers intrants et services\u2014des grandes entreprises agroalimentaires aux plus petits fournisseurs et prestataires de services. [&hellip;]<\/p>\n","protected":false},"author":11,"featured_media":1249,"parent":140,"menu_order":0,"comment_status":"closed","ping_status":"closed","template":"","meta":{"featured_image_focal_point":{"x":0.5,"y":0.5},"footnotes":""},"wf_page_folders":[],"class_list":["post-142","page","type-page","status-publish","has-post-thumbnail","hentry"],"yoast_head":"<!-- This site is optimized with the Yoast SEO plugin v26.2 - https:\/\/yoast.com\/wordpress\/plugins\/seo\/ -->\n<title>Industrie agricole - Canada (French)<\/title>\n<meta name=\"description\" content=\"D\u00e9couvrez comment BI WORLDWIDE Canada mobilise les employ\u00e9s, motive les \u00e9quipes de vente et fid\u00e9lise les clients dans l&#039;industrie agricole\" \/>\n<meta name=\"robots\" content=\"index, follow, max-snippet:-1, max-image-preview:large, max-video-preview:-1\" \/>\n<link rel=\"canonical\" href=\"https:\/\/www.biworldwide.ca\/fr\/a-qui-nous-servons\/agriculture\/\" \/>\n<meta property=\"og:locale\" content=\"fr_CA\" \/>\n<meta property=\"og:type\" content=\"article\" \/>\n<meta property=\"og:title\" content=\"Industrie agricole - Canada (French)\" \/>\n<meta property=\"og:description\" content=\"D\u00e9couvrez comment BI WORLDWIDE Canada mobilise les employ\u00e9s, motive les \u00e9quipes de vente et fid\u00e9lise les clients dans l&#039;industrie agricole\" \/>\n<meta property=\"og:url\" content=\"https:\/\/www.biworldwide.ca\/fr\/a-qui-nous-servons\/agriculture\/\" \/>\n<meta property=\"og:site_name\" content=\"Canada (French)\" \/>\n<meta property=\"article:modified_time\" content=\"2025-04-14T17:05:41+00:00\" \/>\n<meta property=\"og:image\" content=\"https:\/\/www.biworldwide.com\/wp-content\/uploads\/2025\/02\/Agriculture-1300x732px.jpg\" \/>\n\t<meta property=\"og:image:width\" content=\"1300\" \/>\n\t<meta property=\"og:image:height\" content=\"732\" \/>\n\t<meta property=\"og:image:type\" content=\"image\/jpeg\" \/>\n<meta name=\"twitter:card\" content=\"summary_large_image\" \/>\n<meta name=\"twitter:label1\" content=\"Est. reading time\" \/>\n\t<meta name=\"twitter:data1\" content=\"2 minutes\" \/>\n<script type=\"application\/ld+json\" class=\"yoast-schema-graph\">{\"@context\":\"https:\/\/schema.org\",\"@graph\":[{\"@type\":\"WebPage\",\"@id\":\"https:\/\/www.biworldwide.ca\/fr\/a-qui-nous-servons\/agriculture\/\",\"url\":\"https:\/\/www.biworldwide.ca\/fr\/a-qui-nous-servons\/agriculture\/\",\"name\":\"Industrie agricole - Canada (French)\",\"isPartOf\":{\"@id\":\"https:\/\/www.biworldwide.ca\/fr\/#website\"},\"primaryImageOfPage\":{\"@id\":\"https:\/\/www.biworldwide.ca\/fr\/a-qui-nous-servons\/agriculture\/#primaryimage\"},\"image\":{\"@id\":\"https:\/\/www.biworldwide.ca\/fr\/a-qui-nous-servons\/agriculture\/#primaryimage\"},\"thumbnailUrl\":\"https:\/\/www.biworldwide.com\/wp-content\/uploads\/2025\/02\/Agriculture-1300x732px.jpg\",\"datePublished\":\"2025-01-14T16:19:42+00:00\",\"dateModified\":\"2025-04-14T17:05:41+00:00\",\"description\":\"D\u00e9couvrez comment BI WORLDWIDE Canada mobilise les employ\u00e9s, motive les \u00e9quipes de vente et fid\u00e9lise les clients dans l'industrie agricole\",\"breadcrumb\":{\"@id\":\"https:\/\/www.biworldwide.ca\/fr\/a-qui-nous-servons\/agriculture\/#breadcrumb\"},\"inLanguage\":\"fr-CA\",\"potentialAction\":[{\"@type\":\"ReadAction\",\"target\":[\"https:\/\/www.biworldwide.ca\/fr\/a-qui-nous-servons\/agriculture\/\"]}]},{\"@type\":\"ImageObject\",\"inLanguage\":\"fr-CA\",\"@id\":\"https:\/\/www.biworldwide.ca\/fr\/a-qui-nous-servons\/agriculture\/#primaryimage\",\"url\":\"https:\/\/www.biworldwide.com\/wp-content\/uploads\/2025\/02\/Agriculture-1300x732px.jpg\",\"contentUrl\":\"https:\/\/www.biworldwide.com\/wp-content\/uploads\/2025\/02\/Agriculture-1300x732px.jpg\",\"caption\":\"Golden wheat stalks sway gently against a dark, moody sky, capturing a sense of impending weather. The spikes of the wheat stand out sharply, illustrating contrast between natures abundance and the looming clouds above.\"},{\"@type\":\"BreadcrumbList\",\"@id\":\"https:\/\/www.biworldwide.ca\/fr\/a-qui-nous-servons\/agriculture\/#breadcrumb\",\"itemListElement\":[{\"@type\":\"ListItem\",\"position\":1,\"name\":\"Home\",\"item\":\"https:\/\/www.biworldwide.ca\/fr\/\"},{\"@type\":\"ListItem\",\"position\":2,\"name\":\"\u00c0 qui nous servons\",\"item\":\"https:\/\/www.biworldwide.ca\/fr\/a-qui-nous-servons\/\"},{\"@type\":\"ListItem\",\"position\":3,\"name\":\"Industrie agricole\"}]},{\"@type\":\"WebSite\",\"@id\":\"https:\/\/www.biworldwide.ca\/fr\/#website\",\"url\":\"https:\/\/www.biworldwide.ca\/fr\/\",\"name\":\"Canada (French)\",\"description\":\"\",\"potentialAction\":[{\"@type\":\"SearchAction\",\"target\":{\"@type\":\"EntryPoint\",\"urlTemplate\":\"https:\/\/www.biworldwide.ca\/fr\/?s={search_term_string}\"},\"query-input\":{\"@type\":\"PropertyValueSpecification\",\"valueRequired\":true,\"valueName\":\"search_term_string\"}}],\"inLanguage\":\"fr-CA\"}]}<\/script>\n<!-- \/ Yoast SEO plugin. -->","yoast_head_json":{"title":"Industrie agricole - Canada (French)","description":"D\u00e9couvrez comment BI WORLDWIDE Canada mobilise les employ\u00e9s, motive les \u00e9quipes de vente et fid\u00e9lise les clients dans l'industrie agricole","robots":{"index":"index","follow":"follow","max-snippet":"max-snippet:-1","max-image-preview":"max-image-preview:large","max-video-preview":"max-video-preview:-1"},"canonical":"https:\/\/www.biworldwide.ca\/fr\/a-qui-nous-servons\/agriculture\/","og_locale":"fr_CA","og_type":"article","og_title":"Industrie agricole - Canada (French)","og_description":"D\u00e9couvrez comment BI WORLDWIDE Canada mobilise les employ\u00e9s, motive les \u00e9quipes de vente et fid\u00e9lise les clients dans l'industrie agricole","og_url":"https:\/\/www.biworldwide.ca\/fr\/a-qui-nous-servons\/agriculture\/","og_site_name":"Canada (French)","article_modified_time":"2025-04-14T17:05:41+00:00","og_image":[{"url":"https:\/\/www.biworldwide.com\/wp-content\/uploads\/2025\/02\/Agriculture-1300x732px.jpg","width":1300,"height":732,"type":"image\/jpeg"}],"twitter_card":"summary_large_image","twitter_misc":{"Est. reading time":"2 minutes"},"schema":{"@context":"https:\/\/schema.org","@graph":[{"@type":"WebPage","@id":"https:\/\/www.biworldwide.ca\/fr\/a-qui-nous-servons\/agriculture\/","url":"https:\/\/www.biworldwide.ca\/fr\/a-qui-nous-servons\/agriculture\/","name":"Industrie agricole - Canada (French)","isPartOf":{"@id":"https:\/\/www.biworldwide.ca\/fr\/#website"},"primaryImageOfPage":{"@id":"https:\/\/www.biworldwide.ca\/fr\/a-qui-nous-servons\/agriculture\/#primaryimage"},"image":{"@id":"https:\/\/www.biworldwide.ca\/fr\/a-qui-nous-servons\/agriculture\/#primaryimage"},"thumbnailUrl":"https:\/\/www.biworldwide.com\/wp-content\/uploads\/2025\/02\/Agriculture-1300x732px.jpg","datePublished":"2025-01-14T16:19:42+00:00","dateModified":"2025-04-14T17:05:41+00:00","description":"D\u00e9couvrez comment BI WORLDWIDE Canada mobilise les employ\u00e9s, motive les \u00e9quipes de vente et fid\u00e9lise les clients dans l'industrie agricole","breadcrumb":{"@id":"https:\/\/www.biworldwide.ca\/fr\/a-qui-nous-servons\/agriculture\/#breadcrumb"},"inLanguage":"fr-CA","potentialAction":[{"@type":"ReadAction","target":["https:\/\/www.biworldwide.ca\/fr\/a-qui-nous-servons\/agriculture\/"]}]},{"@type":"ImageObject","inLanguage":"fr-CA","@id":"https:\/\/www.biworldwide.ca\/fr\/a-qui-nous-servons\/agriculture\/#primaryimage","url":"https:\/\/www.biworldwide.com\/wp-content\/uploads\/2025\/02\/Agriculture-1300x732px.jpg","contentUrl":"https:\/\/www.biworldwide.com\/wp-content\/uploads\/2025\/02\/Agriculture-1300x732px.jpg","caption":"Golden wheat stalks sway gently against a dark, moody sky, capturing a sense of impending weather. The spikes of the wheat stand out sharply, illustrating contrast between natures abundance and the looming clouds above."},{"@type":"BreadcrumbList","@id":"https:\/\/www.biworldwide.ca\/fr\/a-qui-nous-servons\/agriculture\/#breadcrumb","itemListElement":[{"@type":"ListItem","position":1,"name":"Home","item":"https:\/\/www.biworldwide.ca\/fr\/"},{"@type":"ListItem","position":2,"name":"\u00c0 qui nous servons","item":"https:\/\/www.biworldwide.ca\/fr\/a-qui-nous-servons\/"},{"@type":"ListItem","position":3,"name":"Industrie agricole"}]},{"@type":"WebSite","@id":"https:\/\/www.biworldwide.ca\/fr\/#website","url":"https:\/\/www.biworldwide.ca\/fr\/","name":"Canada (French)","description":"","potentialAction":[{"@type":"SearchAction","target":{"@type":"EntryPoint","urlTemplate":"https:\/\/www.biworldwide.ca\/fr\/?s={search_term_string}"},"query-input":{"@type":"PropertyValueSpecification","valueRequired":true,"valueName":"search_term_string"}}],"inLanguage":"fr-CA"}]}},"_links":{"self":[{"href":"https:\/\/www.biworldwide.ca\/fr\/wp-json\/wp\/v2\/pages\/142","targetHints":{"allow":["GET"]}}],"collection":[{"href":"https:\/\/www.biworldwide.ca\/fr\/wp-json\/wp\/v2\/pages"}],"about":[{"href":"https:\/\/www.biworldwide.ca\/fr\/wp-json\/wp\/v2\/types\/page"}],"author":[{"embeddable":true,"href":"https:\/\/www.biworldwide.ca\/fr\/wp-json\/wp\/v2\/users\/11"}],"replies":[{"embeddable":true,"href":"https:\/\/www.biworldwide.ca\/fr\/wp-json\/wp\/v2\/comments?post=142"}],"version-history":[{"count":3,"href":"https:\/\/www.biworldwide.ca\/fr\/wp-json\/wp\/v2\/pages\/142\/revisions"}],"predecessor-version":[{"id":2473,"href":"https:\/\/www.biworldwide.ca\/fr\/wp-json\/wp\/v2\/pages\/142\/revisions\/2473"}],"up":[{"embeddable":true,"href":"https:\/\/www.biworldwide.ca\/fr\/wp-json\/wp\/v2\/pages\/140"}],"wp:featuredmedia":[{"embeddable":true,"href":"https:\/\/www.biworldwide.ca\/fr\/wp-json\/wp\/v2\/media\/1249"}],"wp:attachment":[{"href":"https:\/\/www.biworldwide.ca\/fr\/wp-json\/wp\/v2\/media?parent=142"}],"wp:term":[{"taxonomy":"wf_page_folders","embeddable":true,"href":"https:\/\/www.biworldwide.ca\/fr\/wp-json\/wp\/v2\/wf_page_folders?post=142"}],"curies":[{"name":"wp","href":"https:\/\/api.w.org\/{rel}","templated":true}]}}