{"id":138,"date":"2025-01-14T16:19:05","date_gmt":"2025-01-14T16:19:05","guid":{"rendered":"https:\/\/live-biw-main.pantheonsite.io\/?page_id=138"},"modified":"2025-04-02T16:33:52","modified_gmt":"2025-04-02T23:33:52","slug":"prix-et-distinctions","status":"publish","type":"page","link":"https:\/\/www.biworldwide.ca\/fr\/prix-et-distinctions\/","title":{"rendered":"Prix et distinctions"},"content":{"rendered":"<div class=\" has-content-align-left has-overlay has-overlay--dark alignfull wp-block-biw-block-theme-hero\">\n\t<div class=\"biw-hero__grid\">\n\t\t\t\t\t<div class=\"biw-hero__breadcrumbs\">\n\t\t\t\t<div id=\"breadcrumbs\" class=\"breadcrumb-nav__wrapper\"><span class=\"breadcrumb-nav\"><span><a href=\"https:\/\/www.biworldwide.ca\/fr\/\">Home<\/a><\/span><\/span><\/div>\t\t\t<\/div>\n\t\t\n\t\t\t\t\t<div class=\"biw-hero__media \">\n\t\t\t\t\t\t\t\t\t<div class=\"biw-hero__overlay overlay-dark\"><\/div>\n\t\t\t\t\t\t\t\t<img decoding=\"async\" src=\"http:\/\/live-biw-main.pantheonsite.io\/wp-content\/uploads\/2025\/02\/OurWork-1728x600px.jpg\" alt=\"View looking up at the interior of a modern, curving building with a circular opening. The sky is visible with a mix of light blue and a purple shade. The structure features reflective windows and a futuristic design.\" class=\"biw-hero__bg-image\" style=\"object-position: 50% 50%;\">\t\t\t<\/div>\n\t\t\t\t<div class=\"biw-hero__content\">\n\t\t\t\t\t\t<h1 class=\"biw-hero__title\" style=\"line-height: 1.2\">\n\t\t\t\tPrix et distinctions\t\t\t<\/h1>\n\t\t\t\t\t\t\t<h2 class=\"biw-hero__subtitle\">\n\t\t\t\t\tUn travail prim\u00e9 honor\u00e9 par des experts de l&rsquo;industrie\t\t\t\t<\/h2>\n\t\t\t\t\t\t\t\t\t\t<div class=\"biw-hero__text\">\n\t\t\t\t\t\n\n<p>Nous avons le privil\u00e8ge de collaborer avec certaines des plus grandes marques mondiales pour mobiliser leurs employ\u00e9s, motiver leurs \u00e9quipes de vente et fid\u00e9liser leurs partenaires de distribution ainsi que leurs clients.<br><a href=\"https:\/\/www.biworldwide.com\/about-us\/our-work\/#below-hero\"><\/a><\/p>\n\n\t\t\t\t<\/div>\n\t\t\t\t\t\t\t\t<\/div>\n\t<\/div>\n<\/div>\n\n\n\n<div class=\"wp-block-group alignfull  layout-columns-10 has-global-padding is-layout-constrained wp-container-core-group-is-layout-cc7bd7df wp-block-group-is-layout-constrained\">\n<div class=\"wp-block-group  layout-columns-8 has-global-padding is-layout-constrained wp-container-core-group-is-layout-fce79bf6 wp-block-group-is-layout-constrained\">\n<h2 class=\"wp-block-heading has-text-align-center\">Chaque m\u00e9trique raconte une histoire.<\/h2>\n<\/div>\n\n\n\n<div class=\"wp-block-group  layout-columns-10 has-global-padding is-layout-constrained wp-container-core-group-is-layout-0b5f5b40 wp-block-group-is-layout-constrained\">\n<div class=\"wp-block-group has-text-align-center is-layout-grid wp-container-core-group-is-layout-ef442fb0 wp-block-group-is-layout-grid\">\n<div class=\"wp-block-group is-vertical is-content-justification-center is-layout-flex wp-container-core-group-is-layout-81423f52 wp-block-group-is-layout-flex\">\n<h3 class=\"wp-block-heading has-text-align-left has-impact-font-size  has-text-wrap-no-wrap  has-gradient-fill has-gradient-fill-orange\">83<\/h3>\n\n\n\n<p class=\"has-text-align-center has-large-font-size  has-text-wrap-balance\">Score Net Promoter. Selon Bain &amp; Company, un score sup\u00e9rieur \u00e0 80 est de classe mondiale.<\/p>\n<\/div>\n\n\n\n<div class=\"wp-block-group is-vertical is-content-justification-center is-layout-flex wp-container-core-group-is-layout-81423f52 wp-block-group-is-layout-flex\">\n<h3 class=\"wp-block-heading has-text-align-left has-impact-font-size  has-text-wrap-no-wrap  has-gradient-fill has-gradient-fill-orange\">9\/10<\/h3>\n\n\n\n<p class=\"has-text-align-center has-large-font-size  has-text-wrap-balance\">score moyen de satisfaction client depuis 2014.<\/p>\n<\/div>\n\n\n\n<div class=\"wp-block-group has-text-align-center is-vertical is-content-justification-center is-layout-flex wp-container-core-group-is-layout-81423f52 wp-block-group-is-layout-flex\">\n<h3 class=\"wp-block-heading has-text-align-left has-impact-font-size  has-text-wrap-no-wrap  has-gradient-fill has-gradient-fill-orange\">0<\/h3>\n\n\n\n<p class=\"has-text-align-center has-large-font-size  has-text-wrap-balance\">nombre de prix que nous aurions gagn\u00e9s sans des clients de classe mondiale. Ce n&rsquo;est pas \u00e0 propos de nous.<\/p>\n<\/div>\n<\/div>\n<\/div>\n<\/div>\n\n\n\n<div class=\"wp-block-group alignfull has-global-padding is-layout-constrained wp-container-core-group-is-layout-97ab3c77 wp-block-group-is-layout-constrained\">\n<div class=\"wp-block-group has-text-align-center  layout-columns-8 has-global-padding is-layout-constrained wp-container-core-group-is-layout-ee362a79 wp-block-group-is-layout-constrained\">\n<h2 class=\"wp-block-heading has-text-align-center  has-text-wrap-pretty\">Travail prim\u00e9.<\/h2>\n\n\n\n<p class=\" has-text-wrap-balance\"><\/p>\n<\/div>\n\n\n\n<div class=\"wp-block-group  layout-columns-12 has-global-padding is-layout-constrained wp-container-core-group-is-layout-9e09659d wp-block-group-is-layout-constrained\">\n<div class=\"wp-block-group is-layout-grid wp-container-core-group-is-layout-c765d3c1 wp-block-group-is-layout-grid\">\n<div class=\"wp-block-group  has-dynamic-border-radius has-global-padding is-layout-constrained wp-block-group-is-layout-constrained\">\n<figure class=\"wp-block-image size-full\"><img decoding=\"async\" src=\"http:\/\/live-biw-main.pantheonsite.io\/wp-content\/uploads\/2025\/01\/Google-Chrome-2025-01-27-12.35.18.png\" alt=\"A gold Emmy Award statue, featuring a winged woman holding up an atom-like structure. The background is plain white.\" class=\"wp-image-844\" \/><\/figure>\n<\/div>\n\n\n<div class=\" has-dynamic-border-radius has-image-size-cover has-image-radius-none is-style-vertical-no-image wp-block-biw-block-theme-biw-card\">\n\t\t<div class=\"biw-card__content\">\n\t\t<h3 class=\"biw-card__title\">\n\t\t\t\t\t\t\tEmmy Awards\t\t\t\t\t<\/h3>\n\t\t<div class=\"biw-card__text\">\n\n<p>Notre \u00e9quipe des r\u00e9unions et spectacles a re\u00e7u deux Emmy Awards : l&rsquo;un pour une vid\u00e9o de lancement de produit que nous avons cr\u00e9\u00e9e pour un grand client pharmaceutique, et l&rsquo;autre pour un film sur la sensibilisation au SIDA en Am\u00e9rique.<\/p>\n\n<\/div>\n\t<\/div>\n\t<\/div>\n\n<div class=\" has-dynamic-border-radius has-image-size-cover has-image-radius-none is-style-vertical-no-image wp-block-biw-block-theme-biw-card\">\n\t\t<div class=\"biw-card__content\">\n\t\t<h3 class=\"biw-card__title\">\n\t\t\t\t\t\t\tPrix Telly\t\t\t\t\t<\/h3>\n\t\t<div class=\"biw-card__text\">\n\n<p>Nous avons remport\u00e9 des Prix Telly nationaux pour des courts m\u00e9trages industriels cr\u00e9\u00e9s pour des clients dans les secteurs de l&rsquo;automobile, des finances, du sport et de la sant\u00e9. Ces courts m\u00e9trages ont \u00e9t\u00e9 d\u00e9velopp\u00e9s par le groupe R\u00e9unions et Spectacles de BIW, qui con\u00e7oit des \u00e9v\u00e9nements de grande envergure et des exp\u00e9riences de marque pour nos clients figurant au classement Fortune 500.<\/p>\n\n<\/div>\n\t<\/div>\n\t<\/div>\n\n<div class=\" has-dynamic-border-radius has-image-size-cover has-image-radius-none is-style-vertical-no-image wp-block-biw-block-theme-biw-card\">\n\t\t<div class=\"biw-card__content\">\n\t\t<h3 class=\"biw-card__title\">\n\t\t\t\t\t\t\tPrix MUSE Creative\t\t\t\t\t<\/h3>\n\t\t<div class=\"biw-card__text\">\n\n<p>Notre \u00e9quipe R\u00e9unions et Spectacles a re\u00e7u des Prix MUSE Creative d&rsquo;or et de platine pour son travail avec des entreprises comme Delta, Kawasaki et COUNTRY Financial.<\/p>\n\n<\/div>\n\t<\/div>\n\t<\/div>\n\n<div class=\" has-dynamic-border-radius has-image-size-cover has-image-radius-none is-style-vertical-no-image wp-block-biw-block-theme-biw-card\">\n\t\t<div class=\"biw-card__content\">\n\t\t<h3 class=\"biw-card__title\">\n\t\t\t\t\t\t\tPrix Event Marketer Experience Design\t\t\t\t\t<\/h3>\n\t\t<div class=\"biw-card__text\">\n\n<p>Laur\u00e9at pendant plusieurs ann\u00e9es des Experience Design &amp; Technology Awards avec COUNTRY Financial pour la Meilleure Exp\u00e9rience Sc\u00e9nique.<\/p>\n\n<\/div>\n\t<\/div>\n\t<\/div>\n\n\n<div class=\"wp-block-group  has-dynamic-border-radius has-global-padding is-layout-constrained wp-block-group-is-layout-constrained\">\n<figure class=\"wp-block-image size-full\"><img decoding=\"async\" src=\"http:\/\/live-biw-main.pantheonsite.io\/wp-content\/uploads\/2025\/01\/Google-Chrome-2025-01-27-12.35.20.png\" alt=\"A row of shiny golden trophies with abstract human figures, displayed on glass shelves. The trophies have black bases with engraved plaques. The background is softly blurred, emphasizing the elegance of the awards.\" class=\"wp-image-846\" \/><\/figure>\n<\/div>\n\n\n\n<div class=\"wp-block-group  has-dynamic-border-radius has-global-padding is-layout-constrained wp-block-group-is-layout-constrained\">\n<figure class=\"wp-block-image size-full\"><img decoding=\"async\" src=\"http:\/\/live-biw-main.pantheonsite.io\/wp-content\/uploads\/2025\/01\/Google-Chrome-2025-01-27-12.35.23.png\" alt=\"Golden statuette of a winged figure with an upward gaze, hands gracefully touching its face. Set against a dark background, the sculpture features ornate details and a sleek, glossy finish.\" class=\"wp-image-847\" \/><\/figure>\n<\/div>\n\n\n<div class=\" has-dynamic-border-radius has-image-size-cover has-image-radius-none is-style-vertical-no-image wp-block-biw-block-theme-biw-card\">\n\t\t<div class=\"biw-card__content\">\n\t\t<h3 class=\"biw-card__title\">\n\t\t\t\t\t\t\tPrix d&rsquo;Excellence LTEN\t\t\t\t\t<\/h3>\n\t\t<div class=\"biw-card__text\">\n\n<p>Notre \u00e9quipe d&rsquo;Apprentissage et Formation a re\u00e7u un Prix d&rsquo;Excellence LTEN pour le Partenariat Industriel, reconnaissant le travail innovant et inspirant accompli par les praticiens et fournisseurs en formation dans les sciences de la vie.<\/p>\n\n<\/div>\n\t<\/div>\n\t<\/div>\n\n<div class=\" has-dynamic-border-radius has-image-size-cover has-image-radius-none is-style-vertical-no-image wp-block-biw-block-theme-biw-card\">\n\t\t<div class=\"biw-card__content\">\n\t\t<h3 class=\"biw-card__title\">\n\t\t\t\t\t\t\tCMI Top 25\t\t\t\t\t<\/h3>\n\t\t<div class=\"biw-card__text\">\n\n<p>Depuis 18 ans, nous avons m\u00e9rit\u00e9 une place sur la liste des 25 meilleures entreprises nord-am\u00e9ricaines de r\u00e9unions et d&rsquo;incitations \u00e0 service complet de Corporate Meetings &amp; Incentives.<\/p>\n\n<\/div>\n\t<\/div>\n\t<\/div>\n\n<div class=\" has-dynamic-border-radius has-image-size-cover has-image-radius-none is-style-vertical-no-image wp-block-biw-block-theme-biw-card\">\n\t\t<div class=\"biw-card__content\">\n\t\t<h3 class=\"biw-card__title\">\n\t\t\t\t\t\t\tPrix Communicator\t\t\t\t\t<\/h3>\n\t\t<div class=\"biw-card__text\">\n\n<p>Notre \u00e9quipe R\u00e9unions et Spectacles a re\u00e7u des Prix Communicator de Distinction pour leur travail sur des vid\u00e9os clients et des campagnes int\u00e9gr\u00e9es.<\/p>\n\n<\/div>\n\t<\/div>\n\t<\/div>\n\n<div class=\" has-dynamic-border-radius has-image-size-cover has-image-radius-none is-style-vertical-no-image wp-block-biw-block-theme-biw-card\">\n\t\t<div class=\"biw-card__content\">\n\t\t<h3 class=\"biw-card__title\">\n\t\t\t\t\t\t\tDurabilit\u00e9 d&rsquo;entreprise EcoVadis\t\t\t\t\t<\/h3>\n\t\t<div class=\"biw-card__text\">\n\n<p>La soci\u00e9t\u00e9 EcoVadis, sp\u00e9cialis\u00e9e en durabilit\u00e9 et responsabilit\u00e9 d&rsquo;entreprise, reconna\u00eet BIW comme un citoyen corporatif class\u00e9 argent, nous pla\u00e7ant dans les 25 % des meilleures entreprises \u00e9valu\u00e9es.<\/p>\n\n<\/div>\n\t<\/div>\n\t<\/div>\n\n<div class=\" has-dynamic-border-radius has-image-size-cover has-image-radius-none is-style-vertical-no-image wp-block-biw-block-theme-biw-card\">\n\t\t<div class=\"biw-card__content\">\n\t\t<h3 class=\"biw-card__title\">\n\t\t\t\t\t\t\tPrix Grand Motivation Master\t\t\t\t\t<\/h3>\n\t\t<div class=\"biw-card__text\">\n\n<p>Nous avons aid\u00e9 Coca-Cola Refreshments \u00e0 mobiliser leur \u00e9quipe de vente, leur r\u00e9seau et leurs employ\u00e9s gr\u00e2ce \u00e0 une plateforme int\u00e9gr\u00e9e de r\u00e9compenses, d\u2019incitations et de reconnaissance.<\/p>\n\n<\/div>\n\t<\/div>\n\t<\/div>\n\n<div class=\" has-dynamic-border-radius has-image-size-cover has-image-radius-none is-style-vertical-no-image wp-block-biw-block-theme-biw-card\">\n\t\t<div class=\"biw-card__content\">\n\t\t<h3 class=\"biw-card__title\">\n\t\t\t\t\t\t\tAu-del\u00e0 des attentes\t\t\t\t\t<\/h3>\n\t\t<div class=\"biw-card__text\">\n\n<p>Nous avons re\u00e7u le prix \u00ab Above and Beyond \u00bb pour notre soutien \u00e0 la Garde nationale et \u00e0 la R\u00e9serve du d\u00e9partement de la D\u00e9fense.<\/p>\n\n<\/div>\n\t<\/div>\n\t<\/div>\n\n<div class=\" has-dynamic-border-radius has-image-size-cover has-image-radius-none is-style-vertical-no-image wp-block-biw-block-theme-biw-card\">\n\t\t<div class=\"biw-card__content\">\n\t\t<h3 class=\"biw-card__title\">\n\t\t\t\t\t\t\tPrix d&rsquo;Excellence en Gestion du Capital Humain\t\t\t\t\t<\/h3>\n\t\t<div class=\"biw-card__text\">\n\n<p>R\u00e9compens\u00e9 par une m\u00e9daille d&rsquo;argent dans la cat\u00e9gorie de la Meilleure Avanc\u00e9e en Technologie de Gestion de l&rsquo;Apprentissage pour la Conformit\u00e9 et une m\u00e9daille de bronze pour notre produit, Chameleon, dans la cat\u00e9gorie de la Meilleure Avanc\u00e9e en Technologie de Gestion de Contenu.<\/p>\n\n<\/div>\n\t<\/div>\n\t<\/div>\n\n\n<div class=\"wp-block-group  has-dynamic-border-radius has-global-padding is-layout-constrained wp-block-group-is-layout-constrained\">\n<figure class=\"wp-block-image size-full\"><img decoding=\"async\" src=\"http:\/\/live-biw-main.pantheonsite.io\/wp-content\/uploads\/2025\/02\/Web-hero-image-Six-benefits-of-gratitude-92024.jpg\" alt=\"A diverse group of four people stands in a row, smiling and clapping. They are dressed in casual, colorful attire. The focus is on their expressions and gestures, conveying a sense of joy and applause.\" class=\"wp-image-2336\" \/><\/figure>\n<\/div>\n\n\n<div class=\" has-dynamic-border-radius has-image-size-cover has-image-radius-none is-style-vertical-no-image wp-block-biw-block-theme-biw-card\">\n\t\t<div class=\"biw-card__content\">\n\t\t<h3 class=\"biw-card__title\">\n\t\t\t\t\t\t\tPrix d&rsquo;Excellence du Groupe Brandon Hall\t\t\t\t\t<\/h3>\n\t\t<div class=\"biw-card__text\">\n\n<p>R\u00e9compens\u00e9 par une m\u00e9daille d&rsquo;or dans la cat\u00e9gorie de la Meilleure Proposition de Valeur pour les Employ\u00e9s (PVE) pour notre travail avec Pizza Hut.<\/p>\n\n<\/div>\n\t<\/div>\n\t<\/div>\n\n<div class=\" has-dynamic-border-radius has-image-size-cover has-image-radius-none is-style-vertical-no-image wp-block-biw-block-theme-biw-card\">\n\t\t<div class=\"biw-card__content\">\n\t\t<h3 class=\"biw-card__title\">\n\t\t\t\t\t\t\tPrix Hermes Creative\t\t\t\t\t<\/h3>\n\t\t<div class=\"biw-card__text\">\n\n<p>Notre \u00e9quipe de Communications a remport\u00e9 4 Prix Hermes Creative. 3 pour des travaux en Relations Publiques\/Communications, Programmes Strat\u00e9giques et 1 pour les M\u00e9dias Imprim\u00e9s, Marketing Int\u00e9gr\u00e9.<br>Les Hermes Creative Awards reconnaissent le travail exceptionnel des professionnels du marketing et de la communication.<\/p>\n\n<\/div>\n\t<\/div>\n\t<\/div><\/div>\n<\/div>\n<\/div>\n\n\n\n<div class=\"wp-block-group  layout-columns-8 has-global-padding is-layout-constrained wp-container-core-group-is-layout-fce79bf6 wp-block-group-is-layout-constrained\">\n<p class=\"has-text-align-center has-xl-font-size\"><strong>Il y a une raison pour laquelle vous ne trouverez pas notre nom sur une liste de marques tendance ou \u00e9mergentes. C\u2019est parce que <em>notre<\/em> mission est de faire briller <em>votre<\/em> marque.<\/strong><\/p>\n<\/div>\n","protected":false},"excerpt":{"rendered":"<p>Chaque m\u00e9trique raconte une histoire. 83 Score Net Promoter. Selon Bain &amp; Company, un score sup\u00e9rieur \u00e0 80 est de classe mondiale. 9\/10 score moyen de satisfaction client depuis 2014. 0 nombre de prix que nous aurions gagn\u00e9s sans des clients de classe mondiale. Ce n&rsquo;est pas \u00e0 propos de nous. Travail prim\u00e9. Il y [&hellip;]<\/p>\n","protected":false},"author":11,"featured_media":1797,"parent":0,"menu_order":0,"comment_status":"closed","ping_status":"closed","template":"","meta":{"featured_image_focal_point":{"x":0.5,"y":0.5},"footnotes":""},"wf_page_folders":[],"class_list":["post-138","page","type-page","status-publish","has-post-thumbnail","hentry"],"yoast_head":"<!-- This site is optimized with the Yoast SEO plugin v26.2 - https:\/\/yoast.com\/wordpress\/plugins\/seo\/ -->\n<title>Prix et distinctions - Canada (French)<\/title>\n<meta name=\"description\" content=\"Un travail prim\u00e9 honor\u00e9 par des experts de l&#039;industrie. Nous avons le privil\u00e8ge de collaborer avec certaines des plus grandes marques\" \/>\n<meta name=\"robots\" content=\"index, follow, max-snippet:-1, max-image-preview:large, max-video-preview:-1\" \/>\n<link rel=\"canonical\" href=\"https:\/\/www.biworldwide.ca\/fr\/prix-et-distinctions\/\" \/>\n<meta property=\"og:locale\" content=\"fr_CA\" \/>\n<meta property=\"og:type\" content=\"article\" \/>\n<meta property=\"og:title\" content=\"Prix et distinctions - Canada (French)\" \/>\n<meta property=\"og:description\" content=\"Un travail prim\u00e9 honor\u00e9 par des experts de l&#039;industrie. Nous avons le privil\u00e8ge de collaborer avec certaines des plus grandes marques\" \/>\n<meta property=\"og:url\" content=\"https:\/\/www.biworldwide.ca\/fr\/prix-et-distinctions\/\" \/>\n<meta property=\"og:site_name\" content=\"Canada (French)\" \/>\n<meta property=\"article:modified_time\" content=\"2025-04-02T23:33:52+00:00\" \/>\n<meta property=\"og:image\" content=\"https:\/\/www.biworldwide.com\/wp-content\/uploads\/2025\/02\/OurWork-1728x600px.jpg\" \/>\n\t<meta property=\"og:image:width\" content=\"1728\" \/>\n\t<meta property=\"og:image:height\" content=\"600\" \/>\n\t<meta property=\"og:image:type\" content=\"image\/jpeg\" \/>\n<meta name=\"twitter:card\" content=\"summary_large_image\" \/>\n<meta name=\"twitter:label1\" content=\"Est. reading time\" \/>\n\t<meta name=\"twitter:data1\" content=\"1 minute\" \/>\n<script type=\"application\/ld+json\" class=\"yoast-schema-graph\">{\"@context\":\"https:\/\/schema.org\",\"@graph\":[{\"@type\":\"WebPage\",\"@id\":\"https:\/\/www.biworldwide.ca\/fr\/prix-et-distinctions\/\",\"url\":\"https:\/\/www.biworldwide.ca\/fr\/prix-et-distinctions\/\",\"name\":\"Prix et distinctions - Canada (French)\",\"isPartOf\":{\"@id\":\"https:\/\/www.biworldwide.ca\/fr\/#website\"},\"primaryImageOfPage\":{\"@id\":\"https:\/\/www.biworldwide.ca\/fr\/prix-et-distinctions\/#primaryimage\"},\"image\":{\"@id\":\"https:\/\/www.biworldwide.ca\/fr\/prix-et-distinctions\/#primaryimage\"},\"thumbnailUrl\":\"https:\/\/www.biworldwide.com\/wp-content\/uploads\/2025\/02\/OurWork-1728x600px.jpg\",\"datePublished\":\"2025-01-14T16:19:05+00:00\",\"dateModified\":\"2025-04-02T23:33:52+00:00\",\"description\":\"Un travail prim\u00e9 honor\u00e9 par des experts de l'industrie. Nous avons le privil\u00e8ge de collaborer avec certaines des plus grandes marques\",\"breadcrumb\":{\"@id\":\"https:\/\/www.biworldwide.ca\/fr\/prix-et-distinctions\/#breadcrumb\"},\"inLanguage\":\"fr-CA\",\"potentialAction\":[{\"@type\":\"ReadAction\",\"target\":[\"https:\/\/www.biworldwide.ca\/fr\/prix-et-distinctions\/\"]}]},{\"@type\":\"ImageObject\",\"inLanguage\":\"fr-CA\",\"@id\":\"https:\/\/www.biworldwide.ca\/fr\/prix-et-distinctions\/#primaryimage\",\"url\":\"https:\/\/www.biworldwide.com\/wp-content\/uploads\/2025\/02\/OurWork-1728x600px.jpg\",\"contentUrl\":\"https:\/\/www.biworldwide.com\/wp-content\/uploads\/2025\/02\/OurWork-1728x600px.jpg\",\"caption\":\"View looking up at the interior of a modern, curving building with a circular opening. The sky is visible with a mix of light blue and a purple shade. The structure features reflective windows and a futuristic design.\"},{\"@type\":\"BreadcrumbList\",\"@id\":\"https:\/\/www.biworldwide.ca\/fr\/prix-et-distinctions\/#breadcrumb\",\"itemListElement\":[{\"@type\":\"ListItem\",\"position\":1,\"name\":\"Home\",\"item\":\"https:\/\/www.biworldwide.ca\/fr\/\"},{\"@type\":\"ListItem\",\"position\":2,\"name\":\"Prix et distinctions\"}]},{\"@type\":\"WebSite\",\"@id\":\"https:\/\/www.biworldwide.ca\/fr\/#website\",\"url\":\"https:\/\/www.biworldwide.ca\/fr\/\",\"name\":\"Canada (French)\",\"description\":\"\",\"potentialAction\":[{\"@type\":\"SearchAction\",\"target\":{\"@type\":\"EntryPoint\",\"urlTemplate\":\"https:\/\/www.biworldwide.ca\/fr\/?s={search_term_string}\"},\"query-input\":{\"@type\":\"PropertyValueSpecification\",\"valueRequired\":true,\"valueName\":\"search_term_string\"}}],\"inLanguage\":\"fr-CA\"}]}<\/script>\n<!-- \/ Yoast SEO plugin. -->","yoast_head_json":{"title":"Prix et distinctions - Canada (French)","description":"Un travail prim\u00e9 honor\u00e9 par des experts de l'industrie. Nous avons le privil\u00e8ge de collaborer avec certaines des plus grandes marques","robots":{"index":"index","follow":"follow","max-snippet":"max-snippet:-1","max-image-preview":"max-image-preview:large","max-video-preview":"max-video-preview:-1"},"canonical":"https:\/\/www.biworldwide.ca\/fr\/prix-et-distinctions\/","og_locale":"fr_CA","og_type":"article","og_title":"Prix et distinctions - Canada (French)","og_description":"Un travail prim\u00e9 honor\u00e9 par des experts de l'industrie. Nous avons le privil\u00e8ge de collaborer avec certaines des plus grandes marques","og_url":"https:\/\/www.biworldwide.ca\/fr\/prix-et-distinctions\/","og_site_name":"Canada (French)","article_modified_time":"2025-04-02T23:33:52+00:00","og_image":[{"url":"https:\/\/www.biworldwide.com\/wp-content\/uploads\/2025\/02\/OurWork-1728x600px.jpg","width":1728,"height":600,"type":"image\/jpeg"}],"twitter_card":"summary_large_image","twitter_misc":{"Est. reading time":"1 minute"},"schema":{"@context":"https:\/\/schema.org","@graph":[{"@type":"WebPage","@id":"https:\/\/www.biworldwide.ca\/fr\/prix-et-distinctions\/","url":"https:\/\/www.biworldwide.ca\/fr\/prix-et-distinctions\/","name":"Prix et distinctions - Canada (French)","isPartOf":{"@id":"https:\/\/www.biworldwide.ca\/fr\/#website"},"primaryImageOfPage":{"@id":"https:\/\/www.biworldwide.ca\/fr\/prix-et-distinctions\/#primaryimage"},"image":{"@id":"https:\/\/www.biworldwide.ca\/fr\/prix-et-distinctions\/#primaryimage"},"thumbnailUrl":"https:\/\/www.biworldwide.com\/wp-content\/uploads\/2025\/02\/OurWork-1728x600px.jpg","datePublished":"2025-01-14T16:19:05+00:00","dateModified":"2025-04-02T23:33:52+00:00","description":"Un travail prim\u00e9 honor\u00e9 par des experts de l'industrie. Nous avons le privil\u00e8ge de collaborer avec certaines des plus grandes marques","breadcrumb":{"@id":"https:\/\/www.biworldwide.ca\/fr\/prix-et-distinctions\/#breadcrumb"},"inLanguage":"fr-CA","potentialAction":[{"@type":"ReadAction","target":["https:\/\/www.biworldwide.ca\/fr\/prix-et-distinctions\/"]}]},{"@type":"ImageObject","inLanguage":"fr-CA","@id":"https:\/\/www.biworldwide.ca\/fr\/prix-et-distinctions\/#primaryimage","url":"https:\/\/www.biworldwide.com\/wp-content\/uploads\/2025\/02\/OurWork-1728x600px.jpg","contentUrl":"https:\/\/www.biworldwide.com\/wp-content\/uploads\/2025\/02\/OurWork-1728x600px.jpg","caption":"View looking up at the interior of a modern, curving building with a circular opening. The sky is visible with a mix of light blue and a purple shade. The structure features reflective windows and a futuristic design."},{"@type":"BreadcrumbList","@id":"https:\/\/www.biworldwide.ca\/fr\/prix-et-distinctions\/#breadcrumb","itemListElement":[{"@type":"ListItem","position":1,"name":"Home","item":"https:\/\/www.biworldwide.ca\/fr\/"},{"@type":"ListItem","position":2,"name":"Prix et distinctions"}]},{"@type":"WebSite","@id":"https:\/\/www.biworldwide.ca\/fr\/#website","url":"https:\/\/www.biworldwide.ca\/fr\/","name":"Canada (French)","description":"","potentialAction":[{"@type":"SearchAction","target":{"@type":"EntryPoint","urlTemplate":"https:\/\/www.biworldwide.ca\/fr\/?s={search_term_string}"},"query-input":{"@type":"PropertyValueSpecification","valueRequired":true,"valueName":"search_term_string"}}],"inLanguage":"fr-CA"}]}},"_links":{"self":[{"href":"https:\/\/www.biworldwide.ca\/fr\/wp-json\/wp\/v2\/pages\/138","targetHints":{"allow":["GET"]}}],"collection":[{"href":"https:\/\/www.biworldwide.ca\/fr\/wp-json\/wp\/v2\/pages"}],"about":[{"href":"https:\/\/www.biworldwide.ca\/fr\/wp-json\/wp\/v2\/types\/page"}],"author":[{"embeddable":true,"href":"https:\/\/www.biworldwide.ca\/fr\/wp-json\/wp\/v2\/users\/11"}],"replies":[{"embeddable":true,"href":"https:\/\/www.biworldwide.ca\/fr\/wp-json\/wp\/v2\/comments?post=138"}],"version-history":[{"count":22,"href":"https:\/\/www.biworldwide.ca\/fr\/wp-json\/wp\/v2\/pages\/138\/revisions"}],"predecessor-version":[{"id":2241,"href":"https:\/\/www.biworldwide.ca\/fr\/wp-json\/wp\/v2\/pages\/138\/revisions\/2241"}],"wp:featuredmedia":[{"embeddable":true,"href":"https:\/\/www.biworldwide.ca\/fr\/wp-json\/wp\/v2\/media\/1797"}],"wp:attachment":[{"href":"https:\/\/www.biworldwide.ca\/fr\/wp-json\/wp\/v2\/media?parent=138"}],"wp:term":[{"taxonomy":"wf_page_folders","embeddable":true,"href":"https:\/\/www.biworldwide.ca\/fr\/wp-json\/wp\/v2\/wf_page_folders?post=138"}],"curies":[{"name":"wp","href":"https:\/\/api.w.org\/{rel}","templated":true}]}}