{"id":130,"date":"2025-01-14T16:18:08","date_gmt":"2025-01-14T16:18:08","guid":{"rendered":"https:\/\/live-biw-main.pantheonsite.io\/?page_id=130"},"modified":"2025-04-02T15:46:27","modified_gmt":"2025-04-02T22:46:27","slug":"recherche-et-analyse-de-donnees","status":"publish","type":"page","link":"https:\/\/www.biworldwide.ca\/fr\/comment-nous-aidons\/recherche-et-analyse-de-donnees\/","title":{"rendered":"Recherche et analyse de donn\u00e9es"},"content":{"rendered":"<div class=\" has-content-align-left has-overlay has-overlay--dark alignfull wp-block-biw-block-theme-hero\">\n\t<div class=\"biw-hero__grid\">\n\t\t\t\t\t<div class=\"biw-hero__breadcrumbs\">\n\t\t\t\t<div id=\"breadcrumbs\" class=\"breadcrumb-nav__wrapper\"><span class=\"breadcrumb-nav\"><span><a href=\"https:\/\/www.biworldwide.ca\/fr\/\">Home<\/a><\/span><\/span><\/div>\t\t\t<\/div>\n\t\t\n\t\t\t\t\t<div class=\"biw-hero__media \">\n\t\t\t\t\t\t\t\t\t<div class=\"biw-hero__overlay overlay-dark\"><\/div>\n\t\t\t\t\t\t\t\t<img decoding=\"async\" src=\"http:\/\/live-biw-main.pantheonsite.io\/wp-content\/uploads\/2025\/02\/Research-and-analytics-1728x600px.jpg\" alt=\"A person uses a laptop with a digital overlay of upward-pointing arrows and bar graphs, symbolizing growth and progress. The background has a white-to-yellow gradient.\" class=\"biw-hero__bg-image\" style=\"object-position: 50% 50%;\">\t\t\t<\/div>\n\t\t\t\t<div class=\"biw-hero__content\">\n\t\t\t\t\t\t<h1 class=\"biw-hero__title\" style=\"line-height: 1.2\">\n\t\t\t\tRecherche et analyse de donn\u00e9es\t\t\t<\/h1>\n\t\t\t\t\t\t\t\t\t\t<div class=\"biw-hero__text\">\n\t\t\t\t\t\n\n<p>Nous aidons \u00e0 obtenir les r\u00e9sultats dont vous avez besoin gr\u00e2ce \u00e0 des donn\u00e9es et des analyses qui traitent les enjeux cl\u00e9s de l&rsquo;entreprise et du programme tout au long de leur cycle de vie.<\/p>\n\n\t\t\t\t<\/div>\n\t\t\t\t\t\t\t\t<\/div>\n\t<\/div>\n<\/div>\n\n\n\n<div class=\"wp-block-group  layout-columns-8 has-global-padding is-layout-constrained wp-container-core-group-is-layout-fce79bf6 wp-block-group-is-layout-constrained\">\n<p class=\"has-xl-font-size\"><strong>Exploitez les donn\u00e9es et les analyses pour optimiser l&rsquo;engagement.<\/strong><\/p>\n\n\n\n<p>Qu&rsquo;il s&rsquo;agisse d&rsquo;\u00e9valuer les probl\u00e8mes, de pr\u00e9-planifier le lancement d&rsquo;un programme ou de mener une analyse postmortem sur un programme afin de lancer le prochain plus efficacement, nous aidons nos partenaires \u00e0 collecter et \u00e0 utiliser les donn\u00e9es pour prendre des d\u00e9cisions efficaces \u00e0 chaque \u00e9tape.<\/p>\n\n\n\n<p><strong>Les besoins incluent :<\/strong><\/p>\n\n\n\n<ul class=\"wp-block-list\">\n<li><strong>\u00c9valuation du cas d&rsquo;affaires<\/strong> &#8211; d\u00e9couvrir l&rsquo;impact cach\u00e9 de l&rsquo;engagement<\/li>\n\n\n\n<li><strong>Mod\u00e9lisation de programme<\/strong> &#8211; comprendre l&rsquo;impact potentiel de chaque solution d&rsquo;engagement<\/li>\n\n\n\n<li><strong>Analyse de l&rsquo;am\u00e9lioration des programmes<\/strong> &#8211; identifier ce qui fonctionne, ce qui ne fonctionne pas et les opportunit\u00e9s d&rsquo;am\u00e9lioration des programmes<\/li>\n\n\n\n<li><strong>Analyse de l&rsquo;attrition<\/strong> &#8211; comprendre les \u00e9conomies potentielles d&rsquo;un programme de reconnaissance<\/li>\n\n\n\n<li><strong>Retour sur objectif<\/strong> &#8211; fournir une \u00e9valuation holistique des \u00e9v\u00e9nements, des formations et des communications pour stimuler l&rsquo;engagement<\/li>\n\n\n\n<li><strong>ChannelWISE\u2122<\/strong> &#8211; analyse de segmentation pour identifier vos meilleurs clients, vos moins performants et ceux \u00e0 plus fort potentiel<\/li>\n\n\n\n<li><strong>QuitRisk<\/strong> pr\u00e9dire les employ\u00e9s les plus susceptibles de partir<\/li>\n<\/ul>\n<\/div>\n\n\n\n<div class=\"wp-block-group alignfull has-global-padding is-layout-constrained wp-container-core-group-is-layout-97ab3c77 wp-block-group-is-layout-constrained\">\n<div class=\"wp-block-group has-text-align-center  layout-columns-8 has-global-padding is-layout-constrained wp-container-core-group-is-layout-ee362a79 wp-block-group-is-layout-constrained\">\n<h2 class=\"wp-block-heading has-text-align-center  has-text-wrap-pretty\">Aborder les enjeux cl\u00e9s avec les donn\u00e9es.<\/h2>\n\n\n\n<p class=\" has-text-wrap-balance\"><\/p>\n<\/div>\n\n\n\n<div class=\"wp-block-group  layout-columns-12 has-global-padding is-layout-constrained wp-container-core-group-is-layout-9e09659d wp-block-group-is-layout-constrained\">\n<div class=\"wp-block-group is-layout-grid wp-container-core-group-is-layout-c765d3c1 wp-block-group-is-layout-grid\"><div class=\" has-dynamic-border-radius has-image-size-cover has-image-radius-none is-style-vertical-no-image wp-block-biw-block-theme-biw-card\">\n\t\t<div class=\"biw-card__content\">\n\t\t<h3 class=\"biw-card__title\">\n\t\t\t\t\t\t\tConception\t\t\t\t\t<\/h3>\n\t\t<div class=\"biw-card__text\">\n\n<ul class=\"wp-block-list\">\n<li>Structure du programme<\/li>\n\n\n\n<li>Mod\u00e9lisation du programme<\/li>\n<\/ul>\n\n\n\n<p><strong>Analyse pr\u00e9-programme :<\/strong><\/p>\n\n\n\n<ul class=\"wp-block-list\">\n<li>Quelle est la valeur du changement de comportements ?<\/li>\n\n\n\n<li>Les segments du public cible devraient-ils \u00eatre motiv\u00e9s diff\u00e9remment ?<\/li>\n\n\n\n<li>Combien d\u00e9penserons-nous pour l&rsquo;initiative propos\u00e9e ?<\/li>\n<\/ul>\n\n<\/div>\n\t<\/div>\n\t<\/div>\n\n<div class=\" has-dynamic-border-radius has-image-size-cover has-image-radius-none is-style-vertical-no-image wp-block-biw-block-theme-biw-card\">\n\t\t<div class=\"biw-card__content\">\n\t\t<h3 class=\"biw-card__title\">\n\t\t\t\t\t\t\t\u00c9valuer\t\t\t\t\t<\/h3>\n\t\t<div class=\"biw-card__text\">\n\n<ul class=\"wp-block-list\">\n<li>Engagement du programme<\/li>\n\n\n\n<li>Performance du programme<\/li>\n\n\n\n<li>Optimisation du programme<\/li>\n<\/ul>\n\n\n\n<p><strong>Analyse continue du programme :<\/strong><\/p>\n\n\n\n<ul class=\"wp-block-list\">\n<li>Comment la performance varie-t-elle selon les segments ?<\/li>\n\n\n\n<li>Dans quelle mesure la solution d&rsquo;engagement g\u00e9n\u00e8re-t-elle les r\u00e9sultats cibl\u00e9s ?<\/li>\n<\/ul>\n\n<\/div>\n\t<\/div>\n\t<\/div>\n\n<div class=\" has-dynamic-border-radius has-image-size-cover has-image-radius-none is-style-vertical-no-image wp-block-biw-block-theme-biw-card\">\n\t\t<div class=\"biw-card__content\">\n\t\t<h3 class=\"biw-card__title\">\n\t\t\t\t\t\t\tValeur\t\t\t\t\t<\/h3>\n\t\t<div class=\"biw-card__text\">\n\n<ul class=\"wp-block-list\">\n<li>Changement de comportement<\/li>\n\n\n\n<li>Impact commercial<\/li>\n<\/ul>\n\n\n\n<p><strong>Analyse post-programme :<\/strong><\/p>\n\n\n\n<ul class=\"wp-block-list\">\n<li>Quelle a \u00e9t\u00e9 la valeur du programme ?<\/li>\n\n\n\n<li>Quelle a \u00e9t\u00e9 l&rsquo;efficacit\u00e9 de la structure des r\u00e8gles et quelles sont les possibilit\u00e9s d&rsquo;am\u00e9lioration ?<\/li>\n\n\n\n<li>Quels comportements\/activit\u00e9s sont align\u00e9s avec une performance sup\u00e9rieure ?<\/li>\n<\/ul>\n\n<\/div>\n\t<\/div>\n\t<\/div><\/div>\n<\/div>\n<\/div>\n\n\n\n<div class=\"wp-block-group alignfull has-global-padding is-layout-constrained wp-container-core-group-is-layout-e04489b5 wp-block-group-is-layout-constrained\">\n<div class=\"wp-block-group  layout-columns-8 has-global-padding is-layout-constrained wp-container-core-group-is-layout-fce79bf6 wp-block-group-is-layout-constrained\">\n<h2 class=\"wp-block-heading has-text-align-center\">Les m\u00e9triques racontent l&rsquo;histoire.<\/h2>\n<\/div>\n\n\n\n<div class=\"wp-block-group  layout-columns-10 has-global-padding is-layout-constrained wp-container-core-group-is-layout-0b5f5b40 wp-block-group-is-layout-constrained\">\n<div class=\"wp-block-group has-text-align-center is-layout-grid wp-container-core-group-is-layout-ef442fb0 wp-block-group-is-layout-grid\">\n<div class=\"wp-block-group is-vertical is-content-justification-center is-layout-flex wp-container-core-group-is-layout-81423f52 wp-block-group-is-layout-flex\">\n<h3 class=\"wp-block-heading has-impact-font-size  has-text-wrap-no-wrap  has-gradient-fill has-gradient-fill-green\">100<\/h3>\n\n\n\n<p class=\"has-text-align-center has-large-font-size  has-text-wrap-balance\">Entreprises du Fortune 1000 utilisant nos sciences d\u00e9cisionnelles<\/p>\n<\/div>\n\n\n\n<div class=\"wp-block-group is-vertical is-content-justification-center is-layout-flex wp-container-core-group-is-layout-81423f52 wp-block-group-is-layout-flex\">\n<h3 class=\"wp-block-heading has-impact-font-size  has-text-wrap-no-wrap  has-gradient-fill has-gradient-fill-green\">900M$<\/h3>\n\n\n\n<p class=\"has-text-align-center has-large-font-size  has-text-wrap-balance\">Am\u00e9lioration des r\u00e9sultats commerciaux l&rsquo;ann\u00e9e derni\u00e8re, pour tous les clients<\/p>\n<\/div>\n\n\n\n<div class=\"wp-block-group is-vertical is-content-justification-center is-layout-flex wp-container-core-group-is-layout-81423f52 wp-block-group-is-layout-flex\">\n<h3 class=\"wp-block-heading has-impact-font-size  has-text-wrap-no-wrap  has-gradient-fill has-gradient-fill-green\">39 %<\/h3>\n\n\n\n<p class=\"has-text-align-center has-large-font-size  has-text-wrap-balance\">R\u00e9duction moyenne des co\u00fbts des programmes d&rsquo;incitation<\/p>\n<\/div>\n<\/div>\n<\/div>\n<\/div>\n","protected":false},"excerpt":{"rendered":"<p>Exploitez les donn\u00e9es et les analyses pour optimiser l&rsquo;engagement. Qu&rsquo;il s&rsquo;agisse d&rsquo;\u00e9valuer les probl\u00e8mes, de pr\u00e9-planifier le lancement d&rsquo;un programme ou de mener une analyse postmortem sur un programme afin de lancer le prochain plus efficacement, nous aidons nos partenaires \u00e0 collecter et \u00e0 utiliser les donn\u00e9es pour prendre des d\u00e9cisions efficaces \u00e0 chaque \u00e9tape. [&hellip;]<\/p>\n","protected":false},"author":11,"featured_media":1204,"parent":104,"menu_order":0,"comment_status":"closed","ping_status":"closed","template":"","meta":{"featured_image_focal_point":{"x":0.86,"y":0.24},"footnotes":""},"wf_page_folders":[],"class_list":["post-130","page","type-page","status-publish","has-post-thumbnail","hentry"],"yoast_head":"<!-- This site is optimized with the Yoast SEO plugin v26.2 - https:\/\/yoast.com\/wordpress\/plugins\/seo\/ -->\n<title>Recherche et analyse de donn\u00e9es - Canada (French)<\/title>\n<meta name=\"description\" content=\"Nous aidons \u00e0 obtenir les r\u00e9sultats dont vous avez besoin gr\u00e2ce \u00e0 la recherche et \u00e0 l&#039;analyse de donn\u00e9es qui traitent les enjeux cl\u00e9s de\" \/>\n<meta name=\"robots\" content=\"index, follow, max-snippet:-1, max-image-preview:large, max-video-preview:-1\" \/>\n<link rel=\"canonical\" href=\"https:\/\/www.biworldwide.ca\/fr\/comment-nous-aidons\/recherche-et-analyse-de-donnees\/\" \/>\n<meta property=\"og:locale\" content=\"fr_CA\" \/>\n<meta property=\"og:type\" content=\"article\" \/>\n<meta property=\"og:title\" content=\"Recherche et analyse de donn\u00e9es - Canada (French)\" \/>\n<meta property=\"og:description\" content=\"Nous aidons \u00e0 obtenir les r\u00e9sultats dont vous avez besoin gr\u00e2ce \u00e0 la recherche et \u00e0 l&#039;analyse de donn\u00e9es qui traitent les enjeux cl\u00e9s de\" \/>\n<meta property=\"og:url\" content=\"https:\/\/www.biworldwide.ca\/fr\/comment-nous-aidons\/recherche-et-analyse-de-donnees\/\" \/>\n<meta property=\"og:site_name\" content=\"Canada (French)\" \/>\n<meta property=\"article:modified_time\" content=\"2025-04-02T22:46:27+00:00\" \/>\n<meta property=\"og:image\" content=\"https:\/\/www.biworldwide.com\/wp-content\/uploads\/2025\/02\/Research-and-analytics-1300x732px.jpg\" \/>\n\t<meta property=\"og:image:width\" content=\"1300\" \/>\n\t<meta property=\"og:image:height\" content=\"732\" \/>\n\t<meta property=\"og:image:type\" content=\"image\/jpeg\" \/>\n<meta name=\"twitter:card\" content=\"summary_large_image\" \/>\n<meta name=\"twitter:label1\" content=\"Est. reading time\" \/>\n\t<meta name=\"twitter:data1\" content=\"2 minutes\" \/>\n<script type=\"application\/ld+json\" class=\"yoast-schema-graph\">{\"@context\":\"https:\/\/schema.org\",\"@graph\":[{\"@type\":\"WebPage\",\"@id\":\"https:\/\/www.biworldwide.ca\/fr\/comment-nous-aidons\/recherche-et-analyse-de-donnees\/\",\"url\":\"https:\/\/www.biworldwide.ca\/fr\/comment-nous-aidons\/recherche-et-analyse-de-donnees\/\",\"name\":\"Recherche et analyse de donn\u00e9es - Canada (French)\",\"isPartOf\":{\"@id\":\"https:\/\/www.biworldwide.ca\/fr\/#website\"},\"primaryImageOfPage\":{\"@id\":\"https:\/\/www.biworldwide.ca\/fr\/comment-nous-aidons\/recherche-et-analyse-de-donnees\/#primaryimage\"},\"image\":{\"@id\":\"https:\/\/www.biworldwide.ca\/fr\/comment-nous-aidons\/recherche-et-analyse-de-donnees\/#primaryimage\"},\"thumbnailUrl\":\"https:\/\/www.biworldwide.com\/wp-content\/uploads\/2025\/02\/Research-and-analytics-1300x732px.jpg\",\"datePublished\":\"2025-01-14T16:18:08+00:00\",\"dateModified\":\"2025-04-02T22:46:27+00:00\",\"description\":\"Nous aidons \u00e0 obtenir les r\u00e9sultats dont vous avez besoin gr\u00e2ce \u00e0 la recherche et \u00e0 l'analyse de donn\u00e9es qui traitent les enjeux cl\u00e9s de\",\"breadcrumb\":{\"@id\":\"https:\/\/www.biworldwide.ca\/fr\/comment-nous-aidons\/recherche-et-analyse-de-donnees\/#breadcrumb\"},\"inLanguage\":\"fr-CA\",\"potentialAction\":[{\"@type\":\"ReadAction\",\"target\":[\"https:\/\/www.biworldwide.ca\/fr\/comment-nous-aidons\/recherche-et-analyse-de-donnees\/\"]}]},{\"@type\":\"ImageObject\",\"inLanguage\":\"fr-CA\",\"@id\":\"https:\/\/www.biworldwide.ca\/fr\/comment-nous-aidons\/recherche-et-analyse-de-donnees\/#primaryimage\",\"url\":\"https:\/\/www.biworldwide.com\/wp-content\/uploads\/2025\/02\/Research-and-analytics-1300x732px.jpg\",\"contentUrl\":\"https:\/\/www.biworldwide.com\/wp-content\/uploads\/2025\/02\/Research-and-analytics-1300x732px.jpg\",\"caption\":\"A person uses a calculator and laptop, overlaid with a digital graph showing upward arrows, symbolizing growth or progress. Papers and charts are visible on the desk, and a yellow and white abstract background is present.\"},{\"@type\":\"BreadcrumbList\",\"@id\":\"https:\/\/www.biworldwide.ca\/fr\/comment-nous-aidons\/recherche-et-analyse-de-donnees\/#breadcrumb\",\"itemListElement\":[{\"@type\":\"ListItem\",\"position\":1,\"name\":\"Home\",\"item\":\"https:\/\/www.biworldwide.ca\/fr\/\"},{\"@type\":\"ListItem\",\"position\":2,\"name\":\"Comment nous aidons\",\"item\":\"https:\/\/www.biworldwide.ca\/fr\/comment-nous-aidons\/\"},{\"@type\":\"ListItem\",\"position\":3,\"name\":\"Recherche et analyse de donn\u00e9es\"}]},{\"@type\":\"WebSite\",\"@id\":\"https:\/\/www.biworldwide.ca\/fr\/#website\",\"url\":\"https:\/\/www.biworldwide.ca\/fr\/\",\"name\":\"Canada (French)\",\"description\":\"\",\"potentialAction\":[{\"@type\":\"SearchAction\",\"target\":{\"@type\":\"EntryPoint\",\"urlTemplate\":\"https:\/\/www.biworldwide.ca\/fr\/?s={search_term_string}\"},\"query-input\":{\"@type\":\"PropertyValueSpecification\",\"valueRequired\":true,\"valueName\":\"search_term_string\"}}],\"inLanguage\":\"fr-CA\"}]}<\/script>\n<!-- \/ Yoast SEO plugin. -->","yoast_head_json":{"title":"Recherche et analyse de donn\u00e9es - Canada (French)","description":"Nous aidons \u00e0 obtenir les r\u00e9sultats dont vous avez besoin gr\u00e2ce \u00e0 la recherche et \u00e0 l'analyse de donn\u00e9es qui traitent les enjeux cl\u00e9s de","robots":{"index":"index","follow":"follow","max-snippet":"max-snippet:-1","max-image-preview":"max-image-preview:large","max-video-preview":"max-video-preview:-1"},"canonical":"https:\/\/www.biworldwide.ca\/fr\/comment-nous-aidons\/recherche-et-analyse-de-donnees\/","og_locale":"fr_CA","og_type":"article","og_title":"Recherche et analyse de donn\u00e9es - Canada (French)","og_description":"Nous aidons \u00e0 obtenir les r\u00e9sultats dont vous avez besoin gr\u00e2ce \u00e0 la recherche et \u00e0 l'analyse de donn\u00e9es qui traitent les enjeux cl\u00e9s de","og_url":"https:\/\/www.biworldwide.ca\/fr\/comment-nous-aidons\/recherche-et-analyse-de-donnees\/","og_site_name":"Canada (French)","article_modified_time":"2025-04-02T22:46:27+00:00","og_image":[{"url":"https:\/\/www.biworldwide.com\/wp-content\/uploads\/2025\/02\/Research-and-analytics-1300x732px.jpg","width":1300,"height":732,"type":"image\/jpeg"}],"twitter_card":"summary_large_image","twitter_misc":{"Est. reading time":"2 minutes"},"schema":{"@context":"https:\/\/schema.org","@graph":[{"@type":"WebPage","@id":"https:\/\/www.biworldwide.ca\/fr\/comment-nous-aidons\/recherche-et-analyse-de-donnees\/","url":"https:\/\/www.biworldwide.ca\/fr\/comment-nous-aidons\/recherche-et-analyse-de-donnees\/","name":"Recherche et analyse de donn\u00e9es - Canada (French)","isPartOf":{"@id":"https:\/\/www.biworldwide.ca\/fr\/#website"},"primaryImageOfPage":{"@id":"https:\/\/www.biworldwide.ca\/fr\/comment-nous-aidons\/recherche-et-analyse-de-donnees\/#primaryimage"},"image":{"@id":"https:\/\/www.biworldwide.ca\/fr\/comment-nous-aidons\/recherche-et-analyse-de-donnees\/#primaryimage"},"thumbnailUrl":"https:\/\/www.biworldwide.com\/wp-content\/uploads\/2025\/02\/Research-and-analytics-1300x732px.jpg","datePublished":"2025-01-14T16:18:08+00:00","dateModified":"2025-04-02T22:46:27+00:00","description":"Nous aidons \u00e0 obtenir les r\u00e9sultats dont vous avez besoin gr\u00e2ce \u00e0 la recherche et \u00e0 l'analyse de donn\u00e9es qui traitent les enjeux cl\u00e9s de","breadcrumb":{"@id":"https:\/\/www.biworldwide.ca\/fr\/comment-nous-aidons\/recherche-et-analyse-de-donnees\/#breadcrumb"},"inLanguage":"fr-CA","potentialAction":[{"@type":"ReadAction","target":["https:\/\/www.biworldwide.ca\/fr\/comment-nous-aidons\/recherche-et-analyse-de-donnees\/"]}]},{"@type":"ImageObject","inLanguage":"fr-CA","@id":"https:\/\/www.biworldwide.ca\/fr\/comment-nous-aidons\/recherche-et-analyse-de-donnees\/#primaryimage","url":"https:\/\/www.biworldwide.com\/wp-content\/uploads\/2025\/02\/Research-and-analytics-1300x732px.jpg","contentUrl":"https:\/\/www.biworldwide.com\/wp-content\/uploads\/2025\/02\/Research-and-analytics-1300x732px.jpg","caption":"A person uses a calculator and laptop, overlaid with a digital graph showing upward arrows, symbolizing growth or progress. Papers and charts are visible on the desk, and a yellow and white abstract background is present."},{"@type":"BreadcrumbList","@id":"https:\/\/www.biworldwide.ca\/fr\/comment-nous-aidons\/recherche-et-analyse-de-donnees\/#breadcrumb","itemListElement":[{"@type":"ListItem","position":1,"name":"Home","item":"https:\/\/www.biworldwide.ca\/fr\/"},{"@type":"ListItem","position":2,"name":"Comment nous aidons","item":"https:\/\/www.biworldwide.ca\/fr\/comment-nous-aidons\/"},{"@type":"ListItem","position":3,"name":"Recherche et analyse de donn\u00e9es"}]},{"@type":"WebSite","@id":"https:\/\/www.biworldwide.ca\/fr\/#website","url":"https:\/\/www.biworldwide.ca\/fr\/","name":"Canada (French)","description":"","potentialAction":[{"@type":"SearchAction","target":{"@type":"EntryPoint","urlTemplate":"https:\/\/www.biworldwide.ca\/fr\/?s={search_term_string}"},"query-input":{"@type":"PropertyValueSpecification","valueRequired":true,"valueName":"search_term_string"}}],"inLanguage":"fr-CA"}]}},"_links":{"self":[{"href":"https:\/\/www.biworldwide.ca\/fr\/wp-json\/wp\/v2\/pages\/130","targetHints":{"allow":["GET"]}}],"collection":[{"href":"https:\/\/www.biworldwide.ca\/fr\/wp-json\/wp\/v2\/pages"}],"about":[{"href":"https:\/\/www.biworldwide.ca\/fr\/wp-json\/wp\/v2\/types\/page"}],"author":[{"embeddable":true,"href":"https:\/\/www.biworldwide.ca\/fr\/wp-json\/wp\/v2\/users\/11"}],"replies":[{"embeddable":true,"href":"https:\/\/www.biworldwide.ca\/fr\/wp-json\/wp\/v2\/comments?post=130"}],"version-history":[{"count":10,"href":"https:\/\/www.biworldwide.ca\/fr\/wp-json\/wp\/v2\/pages\/130\/revisions"}],"predecessor-version":[{"id":2205,"href":"https:\/\/www.biworldwide.ca\/fr\/wp-json\/wp\/v2\/pages\/130\/revisions\/2205"}],"up":[{"embeddable":true,"href":"https:\/\/www.biworldwide.ca\/fr\/wp-json\/wp\/v2\/pages\/104"}],"wp:featuredmedia":[{"embeddable":true,"href":"https:\/\/www.biworldwide.ca\/fr\/wp-json\/wp\/v2\/media\/1204"}],"wp:attachment":[{"href":"https:\/\/www.biworldwide.ca\/fr\/wp-json\/wp\/v2\/media?parent=130"}],"wp:term":[{"taxonomy":"wf_page_folders","embeddable":true,"href":"https:\/\/www.biworldwide.ca\/fr\/wp-json\/wp\/v2\/wf_page_folders?post=130"}],"curies":[{"name":"wp","href":"https:\/\/api.w.org\/{rel}","templated":true}]}}