{"id":122,"date":"2025-01-14T16:17:19","date_gmt":"2025-01-14T16:17:19","guid":{"rendered":"https:\/\/live-biw-main.pantheonsite.io\/?page_id=122"},"modified":"2025-04-14T09:52:04","modified_gmt":"2025-04-14T16:52:04","slug":"fidelite","status":"publish","type":"page","link":"https:\/\/www.biworldwide.ca\/fr\/comment-nous-aidons\/fidelite\/","title":{"rendered":"Programme de fid\u00e9lit\u00e9"},"content":{"rendered":"<div class=\" has-content-align-left has-overlay has-overlay--dark alignfull wp-block-biw-block-theme-hero\">\n\t<div class=\"biw-hero__grid\">\n\t\t\t\t\t<div class=\"biw-hero__breadcrumbs\">\n\t\t\t\t<div id=\"breadcrumbs\" class=\"breadcrumb-nav__wrapper\"><span class=\"breadcrumb-nav\"><span><a href=\"https:\/\/www.biworldwide.ca\/fr\/\">Home<\/a><\/span><\/span><\/div>\t\t\t<\/div>\n\t\t\n\t\t\t\t\t<div class=\"biw-hero__media \">\n\t\t\t\t\t\t\t\t\t<div class=\"biw-hero__overlay overlay-dark\"><\/div>\n\t\t\t\t\t\t\t\t<img decoding=\"async\" src=\"http:\/\/live-biw-main.pantheonsite.io\/wp-content\/uploads\/2025\/02\/Loyalty-1728x600px.jpg\" alt=\"A person in a white shirt and necklace, smiling and handing a bowl to another person whose arm is visible. The background features a blurred plant and a decorative shield.\" class=\"biw-hero__bg-image\" style=\"object-position: 50% 50%;\">\t\t\t<\/div>\n\t\t\t\t<div class=\"biw-hero__content\">\n\t\t\t\t\t\t<h1 class=\"biw-hero__title\" style=\"line-height: 1.2\">\n\t\t\t\tProgramme de fid\u00e9lit\u00e9\t\t\t<\/h1>\n\t\t\t\t\t\t\t\t\t\t<div class=\"biw-hero__text\">\n\t\t\t\t\t\n\n<p>La fid\u00e9lit\u00e9 client r\u00e9ussie exige une perspective unique. Nous nous concentrons sur l&rsquo;incitation des comportements qui comptent, en optimisant chaque \u00e9tape du cycle de vie client et en \u00e9tablissant de v\u00e9ritables connexions \u00e9motionnelles. Parce que la v\u00e9ritable fid\u00e9lit\u00e9 ne se gagne pas seulement, elle se cultive \u00e0 chaque \u00e9tape.<\/p>\n\n\t\t\t\t<\/div>\n\t\t\t\t\t\t\t\t<\/div>\n\t<\/div>\n<\/div>\n\n\n\n<div class=\"wp-block-group  layout-columns-8 has-global-padding is-layout-constrained wp-container-core-group-is-layout-fce79bf6 wp-block-group-is-layout-constrained\">\n<p class=\"has-large-font-size\">Ne vous contentez pas de d\u00e9velopper la fid\u00e9lit\u00e9 client ou de canal \u2014 optimisez chaque phase du parcours. D\u00e8s le moment o\u00f9 les clients d\u00e9couvrent votre marque jusqu&rsquo;\u00e0 ce qu&rsquo;ils deviennent vos plus grands d\u00e9fenseurs, nous vous aidons \u00e0 concevoir des programmes qui inspirent l&rsquo;action, favorisent la connexion et g\u00e9n\u00e8rent des r\u00e9sultats mesurables.<\/p>\n<\/div>\n\n\n\n<div class=\"wp-block-group has-global-padding is-layout-constrained wp-container-core-group-is-layout-daca1d94 wp-block-group-is-layout-constrained\">\n<div class=\"wp-block-group  has-small-screens-alignment-center has-tablet-screens-alignment-center is-content-justification-center is-layout-flex wp-container-core-group-is-layout-a1ae687d wp-block-group-is-layout-flex\"><div style=\"--aspectRatio: 1\/1;\" class=\" has-dynamic-border-radius biw-card__media-type-image has-image-size-cover wp-block-biw-block-theme-biw-media-card has-text-align-center\">\n\t\t\t<figure class=\"biw-card__media-wrapper\" data-alignment=\"center center\">\n\t\t\t<img decoding=\"async\" src=\"http:\/\/live-biw-main.pantheonsite.io\/wp-content\/uploads\/2025\/02\/Icon_Acquire.svg\" alt=\"\" class=\"biw-card__image\" style=\"object-position:13% 97%;\">\t\t<\/figure>\n\t\t<div class=\"biw-card__content\">\n\t\t<h2 class=\"biw-card__title\">\n\t\t\t\t\t\t\tAcqu\u00e9rir\t\t\t\t\t<\/h2>\n\t\t\t\t\t<div class=\"biw-card__text\"><p>Attirez l&rsquo;attention de nouveaux publics et semez les graines de la fid\u00e9lit\u00e9 avec des strat\u00e9gies intelligentes qui d\u00e9veloppent la notori\u00e9t\u00e9, suscitent la r\u00e9flexion et encouragent l&rsquo;essai.<\/p><\/div>\n\t\t\t<\/div>\n\t<\/div>\n\n<div style=\"--aspectRatio: 1\/1;\" class=\" has-dynamic-border-radius biw-card__media-type-image has-image-size-cover wp-block-biw-block-theme-biw-media-card has-text-align-center\">\n\t\t\t<figure class=\"biw-card__media-wrapper\" data-alignment=\"center center\">\n\t\t\t<img decoding=\"async\" src=\"http:\/\/live-biw-main.pantheonsite.io\/wp-content\/uploads\/2025\/02\/Icon_Develop.svg\" alt=\"\" class=\"biw-card__image\" style=\"object-position:85% 34%;\">\t\t<\/figure>\n\t\t<div class=\"biw-card__content\">\n\t\t<h2 class=\"biw-card__title\">\n\t\t\t\t\t\t\tD\u00e9velopper\t\t\t\t\t<\/h2>\n\t\t\t\t\t<div class=\"biw-card__text\"><p>D\u00e9veloppez des relations significatives en favorisant la continuit\u00e9, en int\u00e9grant de mani\u00e8re fluide et en stimulant la croissance avec vos clients les plus pr\u00e9cieux.<\/p><\/div>\n\t\t\t<\/div>\n\t<\/div>\n\n<div style=\"--aspectRatio: 1\/1;\" class=\" has-dynamic-border-radius biw-card__media-type-image has-image-size-cover wp-block-biw-block-theme-biw-media-card has-text-align-center\">\n\t\t\t<figure class=\"biw-card__media-wrapper\" data-alignment=\"center center\">\n\t\t\t<img decoding=\"async\" src=\"http:\/\/live-biw-main.pantheonsite.io\/wp-content\/uploads\/2025\/02\/Icon_Retain.svg\" alt=\"\" class=\"biw-card__image\" style=\"object-position:63% 66%;\">\t\t<\/figure>\n\t\t<div class=\"biw-card__content\">\n\t\t<h2 class=\"biw-card__title\">\n\t\t\t\t\t\t\t<strong>Conserver<\/strong>\t\t\t\t\t<\/h2>\n\t\t\t\t\t<div class=\"biw-card__text\"><p>Fid\u00e9lisez votre audience en transformant les transactions en relations de confiance gr\u00e2ce \u00e0 des efforts de cultivation, de reconnaissance et de r\u00e9tention.<\/p><\/div>\n\t\t\t<\/div>\n\t<\/div>\n\n<div style=\"--aspectRatio: 1\/1;\" class=\" has-dynamic-border-radius biw-card__media-type-image has-image-size-cover wp-block-biw-block-theme-biw-media-card has-text-align-center\">\n\t\t\t<figure class=\"biw-card__media-wrapper\" data-alignment=\"center center\">\n\t\t\t<img decoding=\"async\" src=\"http:\/\/live-biw-main.pantheonsite.io\/wp-content\/uploads\/2025\/02\/Icon_Amplify.svg\" alt=\"\" class=\"biw-card__image\" style=\"object-position:50% 50%;\">\t\t<\/figure>\n\t\t<div class=\"biw-card__content\">\n\t\t<h2 class=\"biw-card__title\">\n\t\t\t\t\t\t\tAmplifier\t\t\t\t\t<\/h2>\n\t\t\t\t\t<div class=\"biw-card__text\"><p>Renforcez la fid\u00e9lit\u00e9 en encourageant la collaboration, en favorisant l&rsquo;affinit\u00e9 et en cr\u00e9ant des ambassadeurs de marque qui partagent leurs exp\u00e9riences avec le monde entier.<\/p><\/div>\n\t\t\t<\/div>\n\t<\/div><\/div>\n<\/div>\n\n\n\n<div class=\"wp-block-group  layout-columns-8 has-global-padding is-layout-constrained wp-container-core-group-is-layout-fce79bf6 wp-block-group-is-layout-constrained\">\n<p class=\"has-xl-font-size\"><strong>Fixez la barre haute pour des programmes qui suscitent la fid\u00e9lit\u00e9.<\/strong><\/p>\n\n\n\n<p>Qu&rsquo;est-ce qui transforme les clients et les partenaires de canal en ambassadeurs fid\u00e8les de la marque ?<\/p>\n\n\n\n<p>Est-ce un programme de fid\u00e9lit\u00e9 interentreprises (B2B) ? Un programme d&rsquo;incitation ? Une combinaison des deux ?<\/p>\n\n\n\n<p>Vous n&rsquo;avez pas besoin d&rsquo;avoir les r\u00e9ponses \u2014 c&rsquo;est l\u00e0 que nous intervenons. Nous mettons \u00e0 profit notre expertise dans les \u00e9cosyst\u00e8mes multi-canaux et l&rsquo;\u00e9conomie comportementale pour concevoir des programmes de fid\u00e9lit\u00e9 personnalis\u00e9s qui s&rsquo;adressent directement \u00e0 vos clients et partenaires. L&rsquo;objectif ? \u00c9liminer les ressources gaspill\u00e9es. Faciliter un engagement durable. Maximiser le retour sur investissement (RSI).<\/p>\n<\/div>\n\n\n\n<p><\/p>\n","protected":false},"excerpt":{"rendered":"<p>Ne vous contentez pas de d\u00e9velopper la fid\u00e9lit\u00e9 client ou de canal \u2014 optimisez chaque phase du parcours. D\u00e8s le moment o\u00f9 les clients d\u00e9couvrent votre marque jusqu&rsquo;\u00e0 ce qu&rsquo;ils deviennent vos plus grands d\u00e9fenseurs, nous vous aidons \u00e0 concevoir des programmes qui inspirent l&rsquo;action, favorisent la connexion et g\u00e9n\u00e8rent des r\u00e9sultats mesurables. Fixez la [&hellip;]<\/p>\n","protected":false},"author":11,"featured_media":1068,"parent":104,"menu_order":0,"comment_status":"closed","ping_status":"closed","template":"","meta":{"featured_image_focal_point":{"x":0.68,"y":0.26},"footnotes":""},"wf_page_folders":[],"class_list":["post-122","page","type-page","status-publish","has-post-thumbnail","hentry"],"yoast_head":"<!-- This site is optimized with the Yoast SEO plugin v26.2 - https:\/\/yoast.com\/wordpress\/plugins\/seo\/ -->\n<title>Programme de fid\u00e9lit\u00e9 - Canada (French)<\/title>\n<meta name=\"description\" content=\"La fid\u00e9lit\u00e9 des clients ou des canaux exige une perspective unique. Nous nous concentrons sur l&#039;incitation des comportements qui comptent, en\" \/>\n<meta name=\"robots\" content=\"index, follow, max-snippet:-1, max-image-preview:large, max-video-preview:-1\" \/>\n<link rel=\"canonical\" href=\"https:\/\/www.biworldwide.ca\/fr\/comment-nous-aidons\/fidelite\/\" \/>\n<meta property=\"og:locale\" content=\"fr_CA\" \/>\n<meta property=\"og:type\" content=\"article\" \/>\n<meta property=\"og:title\" content=\"Programme de fid\u00e9lit\u00e9 - Canada (French)\" \/>\n<meta property=\"og:description\" content=\"La fid\u00e9lit\u00e9 des clients ou des canaux exige une perspective unique. Nous nous concentrons sur l&#039;incitation des comportements qui comptent, en\" \/>\n<meta property=\"og:url\" content=\"https:\/\/www.biworldwide.ca\/fr\/comment-nous-aidons\/fidelite\/\" \/>\n<meta property=\"og:site_name\" content=\"Canada (French)\" \/>\n<meta property=\"article:modified_time\" content=\"2025-04-14T16:52:04+00:00\" \/>\n<meta property=\"og:image\" content=\"https:\/\/www.biworldwide.com\/wp-content\/uploads\/2025\/02\/Loyalty-1300x732px.jpg\" \/>\n\t<meta property=\"og:image:width\" content=\"1300\" \/>\n\t<meta property=\"og:image:height\" content=\"732\" \/>\n\t<meta property=\"og:image:type\" content=\"image\/jpeg\" \/>\n<meta name=\"twitter:card\" content=\"summary_large_image\" \/>\n<meta name=\"twitter:label1\" content=\"Est. reading time\" \/>\n\t<meta name=\"twitter:data1\" content=\"2 minutes\" \/>\n<script type=\"application\/ld+json\" class=\"yoast-schema-graph\">{\"@context\":\"https:\/\/schema.org\",\"@graph\":[{\"@type\":\"WebPage\",\"@id\":\"https:\/\/www.biworldwide.ca\/fr\/comment-nous-aidons\/fidelite\/\",\"url\":\"https:\/\/www.biworldwide.ca\/fr\/comment-nous-aidons\/fidelite\/\",\"name\":\"Programme de fid\u00e9lit\u00e9 - Canada (French)\",\"isPartOf\":{\"@id\":\"https:\/\/www.biworldwide.ca\/fr\/#website\"},\"primaryImageOfPage\":{\"@id\":\"https:\/\/www.biworldwide.ca\/fr\/comment-nous-aidons\/fidelite\/#primaryimage\"},\"image\":{\"@id\":\"https:\/\/www.biworldwide.ca\/fr\/comment-nous-aidons\/fidelite\/#primaryimage\"},\"thumbnailUrl\":\"https:\/\/www.biworldwide.com\/wp-content\/uploads\/2025\/02\/Loyalty-1300x732px.jpg\",\"datePublished\":\"2025-01-14T16:17:19+00:00\",\"dateModified\":\"2025-04-14T16:52:04+00:00\",\"description\":\"La fid\u00e9lit\u00e9 des clients ou des canaux exige une perspective unique. Nous nous concentrons sur l'incitation des comportements qui comptent, en\",\"breadcrumb\":{\"@id\":\"https:\/\/www.biworldwide.ca\/fr\/comment-nous-aidons\/fidelite\/#breadcrumb\"},\"inLanguage\":\"fr-CA\",\"potentialAction\":[{\"@type\":\"ReadAction\",\"target\":[\"https:\/\/www.biworldwide.ca\/fr\/comment-nous-aidons\/fidelite\/\"]}]},{\"@type\":\"ImageObject\",\"inLanguage\":\"fr-CA\",\"@id\":\"https:\/\/www.biworldwide.ca\/fr\/comment-nous-aidons\/fidelite\/#primaryimage\",\"url\":\"https:\/\/www.biworldwide.com\/wp-content\/uploads\/2025\/02\/Loyalty-1300x732px.jpg\",\"contentUrl\":\"https:\/\/www.biworldwide.com\/wp-content\/uploads\/2025\/02\/Loyalty-1300x732px.jpg\",\"caption\":\"A smiling woman with curly hair, wearing a white shirt and necklace, receives a small package. She stands outdoors with a colorful, blurred background.\"},{\"@type\":\"BreadcrumbList\",\"@id\":\"https:\/\/www.biworldwide.ca\/fr\/comment-nous-aidons\/fidelite\/#breadcrumb\",\"itemListElement\":[{\"@type\":\"ListItem\",\"position\":1,\"name\":\"Home\",\"item\":\"https:\/\/www.biworldwide.ca\/fr\/\"},{\"@type\":\"ListItem\",\"position\":2,\"name\":\"Comment nous aidons\",\"item\":\"https:\/\/www.biworldwide.ca\/fr\/comment-nous-aidons\/\"},{\"@type\":\"ListItem\",\"position\":3,\"name\":\"Programme de fid\u00e9lit\u00e9\"}]},{\"@type\":\"WebSite\",\"@id\":\"https:\/\/www.biworldwide.ca\/fr\/#website\",\"url\":\"https:\/\/www.biworldwide.ca\/fr\/\",\"name\":\"Canada (French)\",\"description\":\"\",\"potentialAction\":[{\"@type\":\"SearchAction\",\"target\":{\"@type\":\"EntryPoint\",\"urlTemplate\":\"https:\/\/www.biworldwide.ca\/fr\/?s={search_term_string}\"},\"query-input\":{\"@type\":\"PropertyValueSpecification\",\"valueRequired\":true,\"valueName\":\"search_term_string\"}}],\"inLanguage\":\"fr-CA\"}]}<\/script>\n<!-- \/ Yoast SEO plugin. -->","yoast_head_json":{"title":"Programme de fid\u00e9lit\u00e9 - Canada (French)","description":"La fid\u00e9lit\u00e9 des clients ou des canaux exige une perspective unique. Nous nous concentrons sur l'incitation des comportements qui comptent, en","robots":{"index":"index","follow":"follow","max-snippet":"max-snippet:-1","max-image-preview":"max-image-preview:large","max-video-preview":"max-video-preview:-1"},"canonical":"https:\/\/www.biworldwide.ca\/fr\/comment-nous-aidons\/fidelite\/","og_locale":"fr_CA","og_type":"article","og_title":"Programme de fid\u00e9lit\u00e9 - Canada (French)","og_description":"La fid\u00e9lit\u00e9 des clients ou des canaux exige une perspective unique. Nous nous concentrons sur l'incitation des comportements qui comptent, en","og_url":"https:\/\/www.biworldwide.ca\/fr\/comment-nous-aidons\/fidelite\/","og_site_name":"Canada (French)","article_modified_time":"2025-04-14T16:52:04+00:00","og_image":[{"url":"https:\/\/www.biworldwide.com\/wp-content\/uploads\/2025\/02\/Loyalty-1300x732px.jpg","width":1300,"height":732,"type":"image\/jpeg"}],"twitter_card":"summary_large_image","twitter_misc":{"Est. reading time":"2 minutes"},"schema":{"@context":"https:\/\/schema.org","@graph":[{"@type":"WebPage","@id":"https:\/\/www.biworldwide.ca\/fr\/comment-nous-aidons\/fidelite\/","url":"https:\/\/www.biworldwide.ca\/fr\/comment-nous-aidons\/fidelite\/","name":"Programme de fid\u00e9lit\u00e9 - Canada (French)","isPartOf":{"@id":"https:\/\/www.biworldwide.ca\/fr\/#website"},"primaryImageOfPage":{"@id":"https:\/\/www.biworldwide.ca\/fr\/comment-nous-aidons\/fidelite\/#primaryimage"},"image":{"@id":"https:\/\/www.biworldwide.ca\/fr\/comment-nous-aidons\/fidelite\/#primaryimage"},"thumbnailUrl":"https:\/\/www.biworldwide.com\/wp-content\/uploads\/2025\/02\/Loyalty-1300x732px.jpg","datePublished":"2025-01-14T16:17:19+00:00","dateModified":"2025-04-14T16:52:04+00:00","description":"La fid\u00e9lit\u00e9 des clients ou des canaux exige une perspective unique. Nous nous concentrons sur l'incitation des comportements qui comptent, en","breadcrumb":{"@id":"https:\/\/www.biworldwide.ca\/fr\/comment-nous-aidons\/fidelite\/#breadcrumb"},"inLanguage":"fr-CA","potentialAction":[{"@type":"ReadAction","target":["https:\/\/www.biworldwide.ca\/fr\/comment-nous-aidons\/fidelite\/"]}]},{"@type":"ImageObject","inLanguage":"fr-CA","@id":"https:\/\/www.biworldwide.ca\/fr\/comment-nous-aidons\/fidelite\/#primaryimage","url":"https:\/\/www.biworldwide.com\/wp-content\/uploads\/2025\/02\/Loyalty-1300x732px.jpg","contentUrl":"https:\/\/www.biworldwide.com\/wp-content\/uploads\/2025\/02\/Loyalty-1300x732px.jpg","caption":"A smiling woman with curly hair, wearing a white shirt and necklace, receives a small package. She stands outdoors with a colorful, blurred background."},{"@type":"BreadcrumbList","@id":"https:\/\/www.biworldwide.ca\/fr\/comment-nous-aidons\/fidelite\/#breadcrumb","itemListElement":[{"@type":"ListItem","position":1,"name":"Home","item":"https:\/\/www.biworldwide.ca\/fr\/"},{"@type":"ListItem","position":2,"name":"Comment nous aidons","item":"https:\/\/www.biworldwide.ca\/fr\/comment-nous-aidons\/"},{"@type":"ListItem","position":3,"name":"Programme de fid\u00e9lit\u00e9"}]},{"@type":"WebSite","@id":"https:\/\/www.biworldwide.ca\/fr\/#website","url":"https:\/\/www.biworldwide.ca\/fr\/","name":"Canada (French)","description":"","potentialAction":[{"@type":"SearchAction","target":{"@type":"EntryPoint","urlTemplate":"https:\/\/www.biworldwide.ca\/fr\/?s={search_term_string}"},"query-input":{"@type":"PropertyValueSpecification","valueRequired":true,"valueName":"search_term_string"}}],"inLanguage":"fr-CA"}]}},"_links":{"self":[{"href":"https:\/\/www.biworldwide.ca\/fr\/wp-json\/wp\/v2\/pages\/122","targetHints":{"allow":["GET"]}}],"collection":[{"href":"https:\/\/www.biworldwide.ca\/fr\/wp-json\/wp\/v2\/pages"}],"about":[{"href":"https:\/\/www.biworldwide.ca\/fr\/wp-json\/wp\/v2\/types\/page"}],"author":[{"embeddable":true,"href":"https:\/\/www.biworldwide.ca\/fr\/wp-json\/wp\/v2\/users\/11"}],"replies":[{"embeddable":true,"href":"https:\/\/www.biworldwide.ca\/fr\/wp-json\/wp\/v2\/comments?post=122"}],"version-history":[{"count":11,"href":"https:\/\/www.biworldwide.ca\/fr\/wp-json\/wp\/v2\/pages\/122\/revisions"}],"predecessor-version":[{"id":2469,"href":"https:\/\/www.biworldwide.ca\/fr\/wp-json\/wp\/v2\/pages\/122\/revisions\/2469"}],"up":[{"embeddable":true,"href":"https:\/\/www.biworldwide.ca\/fr\/wp-json\/wp\/v2\/pages\/104"}],"wp:featuredmedia":[{"embeddable":true,"href":"https:\/\/www.biworldwide.ca\/fr\/wp-json\/wp\/v2\/media\/1068"}],"wp:attachment":[{"href":"https:\/\/www.biworldwide.ca\/fr\/wp-json\/wp\/v2\/media?parent=122"}],"wp:term":[{"taxonomy":"wf_page_folders","embeddable":true,"href":"https:\/\/www.biworldwide.ca\/fr\/wp-json\/wp\/v2\/wf_page_folders?post=122"}],"curies":[{"name":"wp","href":"https:\/\/api.w.org\/{rel}","templated":true}]}}