{"id":120,"date":"2025-01-14T16:17:06","date_gmt":"2025-01-14T16:17:06","guid":{"rendered":"https:\/\/live-biw-main.pantheonsite.io\/?page_id=120"},"modified":"2025-04-14T10:13:28","modified_gmt":"2025-04-14T17:13:28","slug":"apprentissage","status":"publish","type":"page","link":"https:\/\/www.biworldwide.ca\/fr\/comment-nous-aidons\/apprentissage\/","title":{"rendered":"Programmes d&rsquo;apprentissage"},"content":{"rendered":"<div class=\" has-content-align-left has-overlay has-overlay--dark alignfull wp-block-biw-block-theme-hero\">\n\t<div class=\"biw-hero__grid\">\n\t\t\t\t\t<div class=\"biw-hero__breadcrumbs\">\n\t\t\t\t<div id=\"breadcrumbs\" class=\"breadcrumb-nav__wrapper\"><span class=\"breadcrumb-nav\"><span><a href=\"https:\/\/www.biworldwide.ca\/fr\/\">Home<\/a><\/span><\/span><\/div>\t\t\t<\/div>\n\t\t\n\t\t\t\t\t<div class=\"biw-hero__media \">\n\t\t\t\t\t\t\t\t\t<div class=\"biw-hero__overlay overlay-dark\"><\/div>\n\t\t\t\t\t\t\t\t<img decoding=\"async\" src=\"http:\/\/live-biw-main.pantheonsite.io\/wp-content\/uploads\/2025\/02\/BIW_Site_Hero_Learning-scaled.jpg\" alt=\"A vibrant, multi-colored light bulb with swirling designs inside it against a background of blending red, pink, and teal hues, symbolizing creativity and innovation.\" class=\"biw-hero__bg-image\" style=\"object-position: 50% 50%;\">\t\t\t<\/div>\n\t\t\t\t<div class=\"biw-hero__content\">\n\t\t\t\t\t\t<h1 class=\"biw-hero__title\" style=\"line-height: 1.2\">\n\t\t\t\tProgrammes d&rsquo;apprentissage\t\t\t<\/h1>\n\t\t\t\t\t\t\t<h2 class=\"biw-hero__subtitle\">\n\t\t\t\t\tL&rsquo;apprentissage inspire. La mani\u00e8re d&rsquo;apprendre devrait aussi.\t\t\t\t<\/h2>\n\t\t\t\t\t\t\t\t\t\t<div class=\"biw-hero__text\">\n\t\t\t\t\t\n\n<p>Si l&rsquo;apprentissage n&rsquo;est ni int\u00e9ressant ni pratique, il ne sera pas efficace. C&rsquo;est pourquoi nous faisons constamment \u00e9voluer nos solutions pour les rendre plus interactives, plus immersives et beaucoup plus faciles d&rsquo;acc\u00e8s \u2014 \u00e0 tout moment, en tout lieu, sur n&rsquo;importe quel appareil.<\/p>\n\n\t\t\t\t<\/div>\n\t\t\t\t\t\t\t\t<\/div>\n\t<\/div>\n<\/div>\n\n\n\n<div class=\"wp-block-group  layout-columns-8 has-global-padding is-layout-constrained wp-container-core-group-is-layout-fce79bf6 wp-block-group-is-layout-constrained\">\n<p class=\"has-xl-font-size\"><strong>Passez de l&rsquo;information \u00e0 la transformation.<\/strong><\/p>\n\n\n\n<p>Aucune personne n&rsquo;apprend de la m\u00eame mani\u00e8re. Et ce n&rsquo;est pas n\u00e9cessaire. C&rsquo;est pourquoi les meilleures solutions d&rsquo;apprentissage sont con\u00e7ues pour engager les individus \u00e0 un moment et \u00e0 un endroit qui leur conviennent.<\/p>\n\n\n\n<p>Que vous ayez besoin de responsabiliser vos employ\u00e9s et \u00e9quipes de vente ou de dynamiser l&rsquo;ensemble de votre r\u00e9seau de distribution, nous cr\u00e9ons des solutions qui inspirent de v\u00e9ritables changements de comportement, stimulent les performances et offrent des r\u00e9sultats qui comptent. Formations en pr\u00e9sentiel. Ateliers. Virtuel. eLearning. Nous faisons tout cela.<\/p>\n\n\n\n<p>Des apprenants engag\u00e9s performent mieux. Alors, pourquoi ne pas cr\u00e9er un apprentissage qui alimente cet engagement ? Travaillons ensemble pour d\u00e9velopper un programme adapt\u00e9 \u00e0 votre \u00e9quipe et qui obtient des r\u00e9sultats.<\/p>\n<\/div>\n\n\n\n<div class=\"wp-block-group alignfull has-global-padding is-layout-constrained wp-container-core-group-is-layout-e04489b5 wp-block-group-is-layout-constrained\">\n<div class=\"wp-block-group  layout-columns-8 has-global-padding is-layout-constrained wp-container-core-group-is-layout-fce79bf6 wp-block-group-is-layout-constrained\">\n<h2 class=\"wp-block-heading has-text-align-center\">Nos m\u00e9triques racontent l&rsquo;histoire.<\/h2>\n<\/div>\n\n\n\n<div class=\"wp-block-group  layout-columns-10 has-global-padding is-layout-constrained wp-container-core-group-is-layout-0b5f5b40 wp-block-group-is-layout-constrained\">\n<div class=\"wp-block-group has-text-align-center is-layout-grid wp-container-core-group-is-layout-ef442fb0 wp-block-group-is-layout-grid\">\n<div class=\"wp-block-group is-vertical is-content-justification-center is-layout-flex wp-container-core-group-is-layout-81423f52 wp-block-group-is-layout-flex\">\n<h3 class=\"wp-block-heading has-impact-font-size  has-text-wrap-no-wrap  has-gradient-fill has-gradient-fill-green\">100+<\/h3>\n\n\n\n<p class=\"has-text-align-center has-large-font-size  has-text-wrap-balance\">projets d&rsquo;apprentissage sur mesure cr\u00e9\u00e9s pour les entreprises du Fortune 500 l&rsquo;ann\u00e9e derni\u00e8re<\/p>\n<\/div>\n\n\n\n<div class=\"wp-block-group is-vertical is-content-justification-center is-layout-flex wp-container-core-group-is-layout-81423f52 wp-block-group-is-layout-flex\">\n<h3 class=\"wp-block-heading has-impact-font-size  has-text-wrap-no-wrap  has-gradient-fill has-gradient-fill-green\">11<\/h3>\n\n\n\n<p class=\"has-text-align-center has-large-font-size  has-text-wrap-balance\">des 25 marques les plus pr\u00e9cieuses au monde utilisent des programmes d&rsquo;apprentissage de BIW<\/p>\n<\/div>\n\n\n\n<div class=\"wp-block-group is-vertical is-content-justification-center is-layout-flex wp-container-core-group-is-layout-81423f52 wp-block-group-is-layout-flex\">\n<h3 class=\"wp-block-heading has-impact-font-size  has-text-wrap-no-wrap  has-gradient-fill has-gradient-fill-green\">9,8<\/h3>\n\n\n\n<p class=\"has-text-align-center has-large-font-size  has-text-wrap-balance\">sur 10, note moyenne de satisfaction client<\/p>\n<\/div>\n<\/div>\n<\/div>\n<\/div>\n\n\n\n<div class=\"wp-block-group alignfull has-global-padding is-layout-constrained wp-container-core-group-is-layout-d3543a3b wp-block-group-is-layout-constrained\">\n<div class=\"wp-block-group  layout-columns-8 has-global-padding is-layout-constrained wp-container-core-group-is-layout-ee362a79 wp-block-group-is-layout-constrained\">\n<h2 class=\"wp-block-heading has-text-align-center  has-text-wrap-pretty\">Solutions d&rsquo;apprentissage.<\/h2>\n<\/div>\n\n\n\n<div class=\"wp-block-group has-global-padding is-layout-constrained wp-block-group-is-layout-constrained\">\n<div class=\"wp-block-group is-layout-grid wp-container-core-group-is-layout-c765d3c1 wp-block-group-is-layout-grid\"><div class=\" has-dynamic-border-radius has-link has-image-size-cover has-image-radius-none is-style-default wp-block-biw-block-theme-biw-card\">\n\t\t\t<figure class=\"biw-card__image-wrapper \">\n\t\t\t<img decoding=\"async\" src=\"http:\/\/live-biw-main.pantheonsite.io\/wp-content\/uploads\/2025\/02\/bi-website-dlc-hero-04.jpg\" alt=\"A laptop, tablet, and smartphone displaying different screens: a personalized learning dashboard, a lipstick test app with a person wearing a red hat, and an inspiration statistic. The chameleon by BI WORLDWIDE logo is visible below.\" class=\"biw-card__image\" style=\"object-position: 50% 50%;\">\t\t<\/figure>\n\t\t<div class=\"biw-card__content\">\n\t\t<h3 class=\"biw-card__title\">\n\t\t\t\t\t\t\t<a href=\"https:\/\/www.biworldwide.ca\/fr\/comment-nous-aidons\/apprentissage\/apprentissage-en-ligne-chameleon\/\" >\n\t\t\t\t<strong>Plateforme d&rsquo;apprentissage en ligne Chameleon<\/strong>\t\t\t\t<\/a>\n\t\t\t\t\t<\/h3>\n\t\t<div class=\"biw-card__text\">\n\n<p>Peu de temps ? Nous avons tout pr\u00e9vu. Chameleon est un eLearning de nouvelle g\u00e9n\u00e9ration avec des cours interactifs et puissants. Cr\u00e9ez du contenu dynamique qui captive, inspire et fonctionne sur n&rsquo;importe quel appareil \u2014 sans comp\u00e9tences techniques requises.<\/p>\n\n<\/div>\n\t<\/div>\n\t\t\t<span class=\"biw-card__cta\">En savoir plus<\/span>\n\t<\/div>\n\n<div class=\" has-dynamic-border-radius has-link has-image-size-cover has-image-radius-none is-style-default wp-block-biw-block-theme-biw-card\">\n\t\t\t<figure class=\"biw-card__image-wrapper \">\n\t\t\t<img loading=\"lazy\" decoding=\"async\" width=\"1300\" height=\"732\" src=\"https:\/\/www.biworldwide.com\/wp-content\/uploads\/2025\/02\/Learning-1300x732px.jpg\" class=\"biw-card__image\" alt=\"A womans face in profile blends into a textured background of golden and charcoal puzzle pieces, symbolizing complexity and interconnection. Her expression is thoughtful, with loose pieces surrounding her head.\" style=\"object-position: 50% 50%;\" srcset=\"https:\/\/www.biworldwide.com\/wp-content\/uploads\/2025\/02\/Learning-1300x732px.jpg 1300w, https:\/\/www.biworldwide.com\/wp-content\/uploads\/2025\/02\/Learning-1300x732px-300x169.jpg 300w, https:\/\/www.biworldwide.com\/wp-content\/uploads\/2025\/02\/Learning-1300x732px-1024x577.jpg 1024w, https:\/\/www.biworldwide.com\/wp-content\/uploads\/2025\/02\/Learning-1300x732px-768x432.jpg 768w\" sizes=\"auto, (max-width: 1300px) 100vw, 1300px\" \/>\t\t<\/figure>\n\t\t<div class=\"biw-card__content\">\n\t\t<h3 class=\"biw-card__title\">\n\t\t\t\t\t\t\t<a href=\"https:\/\/www.biworldwide.ca\/fr\/comment-nous-aidons\/apprentissage\/lxp-learning-exchange\/\" >\n\t\t\t\tL\u2022EARN LXP plateforme d\u2019exp\u00e9rience d\u2019apprentissage \t\t\t\t<\/a>\n\t\t\t\t\t<\/h3>\n\t\t<div class=\"biw-card__text\">\n\n<p>Nous rassemblons tout ce que votre \u00e9quipe de vente doit savoir dans un portail convivial. Des informations dispers\u00e9es signifient des informations manqu\u00e9es. Simplifions les choses pour tout le monde.<\/p>\n\n<\/div>\n\t<\/div>\n\t\t\t<span class=\"biw-card__cta\">En savoir plus<\/span>\n\t<\/div><\/div>\n<\/div>\n<\/div>\n\n\n\n<p><\/p>\n","protected":false},"excerpt":{"rendered":"<p>Passez de l&rsquo;information \u00e0 la transformation. Aucune personne n&rsquo;apprend de la m\u00eame mani\u00e8re. Et ce n&rsquo;est pas n\u00e9cessaire. C&rsquo;est pourquoi les meilleures solutions d&rsquo;apprentissage sont con\u00e7ues pour engager les individus \u00e0 un moment et \u00e0 un endroit qui leur conviennent. Que vous ayez besoin de responsabiliser vos employ\u00e9s et \u00e9quipes de vente ou de dynamiser [&hellip;]<\/p>\n","protected":false},"author":11,"featured_media":902,"parent":104,"menu_order":0,"comment_status":"closed","ping_status":"closed","template":"","meta":{"featured_image_focal_point":{"x":0.82,"y":0.39},"footnotes":""},"wf_page_folders":[],"class_list":["post-120","page","type-page","status-publish","has-post-thumbnail","hentry"],"yoast_head":"<!-- This site is optimized with the Yoast SEO plugin v26.2 - https:\/\/yoast.com\/wordpress\/plugins\/seo\/ -->\n<title>Programmes d&#039;apprentissage - Canada (French)<\/title>\n<meta name=\"description\" content=\"Si l&#039;apprentissage n&#039;est ni int\u00e9ressant ni pratique, il ne sera pas efficace. C&#039;est pourquoi nous faisons constamment \u00e9voluer nos solutions\" \/>\n<meta name=\"robots\" content=\"index, follow, max-snippet:-1, max-image-preview:large, max-video-preview:-1\" \/>\n<link rel=\"canonical\" href=\"https:\/\/www.biworldwide.ca\/fr\/comment-nous-aidons\/apprentissage\/\" \/>\n<meta property=\"og:locale\" content=\"fr_CA\" \/>\n<meta property=\"og:type\" content=\"article\" \/>\n<meta property=\"og:title\" content=\"Programmes d&#039;apprentissage - Canada (French)\" \/>\n<meta property=\"og:description\" content=\"Si l&#039;apprentissage n&#039;est ni int\u00e9ressant ni pratique, il ne sera pas efficace. C&#039;est pourquoi nous faisons constamment \u00e9voluer nos solutions\" \/>\n<meta property=\"og:url\" content=\"https:\/\/www.biworldwide.ca\/fr\/comment-nous-aidons\/apprentissage\/\" \/>\n<meta property=\"og:site_name\" content=\"Canada (French)\" \/>\n<meta property=\"article:modified_time\" content=\"2025-04-14T17:13:28+00:00\" \/>\n<meta property=\"og:image\" content=\"https:\/\/www.biworldwide.com\/wp-content\/uploads\/2025\/02\/BIW_Site_Hero_Learning-scaled.jpg\" \/>\n\t<meta property=\"og:image:width\" content=\"2560\" \/>\n\t<meta property=\"og:image:height\" content=\"889\" \/>\n\t<meta property=\"og:image:type\" content=\"image\/jpeg\" \/>\n<meta name=\"twitter:card\" content=\"summary_large_image\" \/>\n<meta name=\"twitter:label1\" content=\"Est. reading time\" \/>\n\t<meta name=\"twitter:data1\" content=\"2 minutes\" \/>\n<script type=\"application\/ld+json\" class=\"yoast-schema-graph\">{\"@context\":\"https:\/\/schema.org\",\"@graph\":[{\"@type\":\"WebPage\",\"@id\":\"https:\/\/www.biworldwide.ca\/fr\/comment-nous-aidons\/apprentissage\/\",\"url\":\"https:\/\/www.biworldwide.ca\/fr\/comment-nous-aidons\/apprentissage\/\",\"name\":\"Programmes d'apprentissage - Canada (French)\",\"isPartOf\":{\"@id\":\"https:\/\/www.biworldwide.ca\/fr\/#website\"},\"primaryImageOfPage\":{\"@id\":\"https:\/\/www.biworldwide.ca\/fr\/comment-nous-aidons\/apprentissage\/#primaryimage\"},\"image\":{\"@id\":\"https:\/\/www.biworldwide.ca\/fr\/comment-nous-aidons\/apprentissage\/#primaryimage\"},\"thumbnailUrl\":\"https:\/\/www.biworldwide.com\/wp-content\/uploads\/2025\/02\/BIW_Site_Hero_Learning-scaled.jpg\",\"datePublished\":\"2025-01-14T16:17:06+00:00\",\"dateModified\":\"2025-04-14T17:13:28+00:00\",\"description\":\"Si l'apprentissage n'est ni int\u00e9ressant ni pratique, il ne sera pas efficace. C'est pourquoi nous faisons constamment \u00e9voluer nos solutions\",\"breadcrumb\":{\"@id\":\"https:\/\/www.biworldwide.ca\/fr\/comment-nous-aidons\/apprentissage\/#breadcrumb\"},\"inLanguage\":\"fr-CA\",\"potentialAction\":[{\"@type\":\"ReadAction\",\"target\":[\"https:\/\/www.biworldwide.ca\/fr\/comment-nous-aidons\/apprentissage\/\"]}]},{\"@type\":\"ImageObject\",\"inLanguage\":\"fr-CA\",\"@id\":\"https:\/\/www.biworldwide.ca\/fr\/comment-nous-aidons\/apprentissage\/#primaryimage\",\"url\":\"https:\/\/www.biworldwide.com\/wp-content\/uploads\/2025\/02\/BIW_Site_Hero_Learning-scaled.jpg\",\"contentUrl\":\"https:\/\/www.biworldwide.com\/wp-content\/uploads\/2025\/02\/BIW_Site_Hero_Learning-scaled.jpg\",\"caption\":\"A vibrant, multi-colored light bulb with swirling designs inside it against a background of blending red, pink, and teal hues, symbolizing creativity and innovation.\"},{\"@type\":\"BreadcrumbList\",\"@id\":\"https:\/\/www.biworldwide.ca\/fr\/comment-nous-aidons\/apprentissage\/#breadcrumb\",\"itemListElement\":[{\"@type\":\"ListItem\",\"position\":1,\"name\":\"Home\",\"item\":\"https:\/\/www.biworldwide.ca\/fr\/\"},{\"@type\":\"ListItem\",\"position\":2,\"name\":\"Comment nous aidons\",\"item\":\"https:\/\/www.biworldwide.ca\/fr\/comment-nous-aidons\/\"},{\"@type\":\"ListItem\",\"position\":3,\"name\":\"Programmes d&#8217;apprentissage\"}]},{\"@type\":\"WebSite\",\"@id\":\"https:\/\/www.biworldwide.ca\/fr\/#website\",\"url\":\"https:\/\/www.biworldwide.ca\/fr\/\",\"name\":\"Canada (French)\",\"description\":\"\",\"potentialAction\":[{\"@type\":\"SearchAction\",\"target\":{\"@type\":\"EntryPoint\",\"urlTemplate\":\"https:\/\/www.biworldwide.ca\/fr\/?s={search_term_string}\"},\"query-input\":{\"@type\":\"PropertyValueSpecification\",\"valueRequired\":true,\"valueName\":\"search_term_string\"}}],\"inLanguage\":\"fr-CA\"}]}<\/script>\n<!-- \/ Yoast SEO plugin. -->","yoast_head_json":{"title":"Programmes d'apprentissage - Canada (French)","description":"Si l'apprentissage n'est ni int\u00e9ressant ni pratique, il ne sera pas efficace. C'est pourquoi nous faisons constamment \u00e9voluer nos solutions","robots":{"index":"index","follow":"follow","max-snippet":"max-snippet:-1","max-image-preview":"max-image-preview:large","max-video-preview":"max-video-preview:-1"},"canonical":"https:\/\/www.biworldwide.ca\/fr\/comment-nous-aidons\/apprentissage\/","og_locale":"fr_CA","og_type":"article","og_title":"Programmes d'apprentissage - Canada (French)","og_description":"Si l'apprentissage n'est ni int\u00e9ressant ni pratique, il ne sera pas efficace. C'est pourquoi nous faisons constamment \u00e9voluer nos solutions","og_url":"https:\/\/www.biworldwide.ca\/fr\/comment-nous-aidons\/apprentissage\/","og_site_name":"Canada (French)","article_modified_time":"2025-04-14T17:13:28+00:00","og_image":[{"url":"https:\/\/www.biworldwide.com\/wp-content\/uploads\/2025\/02\/BIW_Site_Hero_Learning-scaled.jpg","width":2560,"height":889,"type":"image\/jpeg"}],"twitter_card":"summary_large_image","twitter_misc":{"Est. reading time":"2 minutes"},"schema":{"@context":"https:\/\/schema.org","@graph":[{"@type":"WebPage","@id":"https:\/\/www.biworldwide.ca\/fr\/comment-nous-aidons\/apprentissage\/","url":"https:\/\/www.biworldwide.ca\/fr\/comment-nous-aidons\/apprentissage\/","name":"Programmes d'apprentissage - Canada (French)","isPartOf":{"@id":"https:\/\/www.biworldwide.ca\/fr\/#website"},"primaryImageOfPage":{"@id":"https:\/\/www.biworldwide.ca\/fr\/comment-nous-aidons\/apprentissage\/#primaryimage"},"image":{"@id":"https:\/\/www.biworldwide.ca\/fr\/comment-nous-aidons\/apprentissage\/#primaryimage"},"thumbnailUrl":"https:\/\/www.biworldwide.com\/wp-content\/uploads\/2025\/02\/BIW_Site_Hero_Learning-scaled.jpg","datePublished":"2025-01-14T16:17:06+00:00","dateModified":"2025-04-14T17:13:28+00:00","description":"Si l'apprentissage n'est ni int\u00e9ressant ni pratique, il ne sera pas efficace. C'est pourquoi nous faisons constamment \u00e9voluer nos solutions","breadcrumb":{"@id":"https:\/\/www.biworldwide.ca\/fr\/comment-nous-aidons\/apprentissage\/#breadcrumb"},"inLanguage":"fr-CA","potentialAction":[{"@type":"ReadAction","target":["https:\/\/www.biworldwide.ca\/fr\/comment-nous-aidons\/apprentissage\/"]}]},{"@type":"ImageObject","inLanguage":"fr-CA","@id":"https:\/\/www.biworldwide.ca\/fr\/comment-nous-aidons\/apprentissage\/#primaryimage","url":"https:\/\/www.biworldwide.com\/wp-content\/uploads\/2025\/02\/BIW_Site_Hero_Learning-scaled.jpg","contentUrl":"https:\/\/www.biworldwide.com\/wp-content\/uploads\/2025\/02\/BIW_Site_Hero_Learning-scaled.jpg","caption":"A vibrant, multi-colored light bulb with swirling designs inside it against a background of blending red, pink, and teal hues, symbolizing creativity and innovation."},{"@type":"BreadcrumbList","@id":"https:\/\/www.biworldwide.ca\/fr\/comment-nous-aidons\/apprentissage\/#breadcrumb","itemListElement":[{"@type":"ListItem","position":1,"name":"Home","item":"https:\/\/www.biworldwide.ca\/fr\/"},{"@type":"ListItem","position":2,"name":"Comment nous aidons","item":"https:\/\/www.biworldwide.ca\/fr\/comment-nous-aidons\/"},{"@type":"ListItem","position":3,"name":"Programmes d&#8217;apprentissage"}]},{"@type":"WebSite","@id":"https:\/\/www.biworldwide.ca\/fr\/#website","url":"https:\/\/www.biworldwide.ca\/fr\/","name":"Canada (French)","description":"","potentialAction":[{"@type":"SearchAction","target":{"@type":"EntryPoint","urlTemplate":"https:\/\/www.biworldwide.ca\/fr\/?s={search_term_string}"},"query-input":{"@type":"PropertyValueSpecification","valueRequired":true,"valueName":"search_term_string"}}],"inLanguage":"fr-CA"}]}},"_links":{"self":[{"href":"https:\/\/www.biworldwide.ca\/fr\/wp-json\/wp\/v2\/pages\/120","targetHints":{"allow":["GET"]}}],"collection":[{"href":"https:\/\/www.biworldwide.ca\/fr\/wp-json\/wp\/v2\/pages"}],"about":[{"href":"https:\/\/www.biworldwide.ca\/fr\/wp-json\/wp\/v2\/types\/page"}],"author":[{"embeddable":true,"href":"https:\/\/www.biworldwide.ca\/fr\/wp-json\/wp\/v2\/users\/11"}],"replies":[{"embeddable":true,"href":"https:\/\/www.biworldwide.ca\/fr\/wp-json\/wp\/v2\/comments?post=120"}],"version-history":[{"count":22,"href":"https:\/\/www.biworldwide.ca\/fr\/wp-json\/wp\/v2\/pages\/120\/revisions"}],"predecessor-version":[{"id":2475,"href":"https:\/\/www.biworldwide.ca\/fr\/wp-json\/wp\/v2\/pages\/120\/revisions\/2475"}],"up":[{"embeddable":true,"href":"https:\/\/www.biworldwide.ca\/fr\/wp-json\/wp\/v2\/pages\/104"}],"wp:featuredmedia":[{"embeddable":true,"href":"https:\/\/www.biworldwide.ca\/fr\/wp-json\/wp\/v2\/media\/902"}],"wp:attachment":[{"href":"https:\/\/www.biworldwide.ca\/fr\/wp-json\/wp\/v2\/media?parent=120"}],"wp:term":[{"taxonomy":"wf_page_folders","embeddable":true,"href":"https:\/\/www.biworldwide.ca\/fr\/wp-json\/wp\/v2\/wf_page_folders?post=120"}],"curies":[{"name":"wp","href":"https:\/\/api.w.org\/{rel}","templated":true}]}}