{"id":110,"date":"2025-01-14T16:15:59","date_gmt":"2025-01-14T16:15:59","guid":{"rendered":"https:\/\/live-biw-main.pantheonsite.io\/?page_id=110"},"modified":"2025-04-04T11:16:37","modified_gmt":"2025-04-04T18:16:37","slug":"concours-et-incitatifs","status":"publish","type":"page","link":"https:\/\/www.biworldwide.ca\/fr\/comment-nous-aidons\/concours-et-incitatifs\/","title":{"rendered":"Concours et incitatifs"},"content":{"rendered":"<div class=\" has-content-align-left has-overlay has-overlay--dark alignfull wp-block-biw-block-theme-hero\">\n\t<div class=\"biw-hero__grid\">\n\t\t\t\t\t<div class=\"biw-hero__breadcrumbs\">\n\t\t\t\t<div id=\"breadcrumbs\" class=\"breadcrumb-nav__wrapper\"><span class=\"breadcrumb-nav\"><span><a href=\"https:\/\/www.biworldwide.ca\/fr\/\">Home<\/a><\/span><\/span><\/div>\t\t\t<\/div>\n\t\t\n\t\t\t\t\t<div class=\"biw-hero__media \">\n\t\t\t\t\t\t\t\t\t<div class=\"biw-hero__overlay overlay-dark\"><\/div>\n\t\t\t\t\t\t\t\t<img decoding=\"async\" src=\"http:\/\/live-biw-main.pantheonsite.io\/wp-content\/uploads\/2025\/02\/Contests-and-incentives-1728x600px.jpg\" alt=\"A man and a woman are sitting at a desk, engaged with a tablet. The man is pointing at the screen while the woman looks on with interest. A laptop is open in front of them. The background is blurred, adding focus to the pair.\" class=\"biw-hero__bg-image\" style=\"object-position: 66% 15%;\">\t\t\t<\/div>\n\t\t\t\t<div class=\"biw-hero__content\">\n\t\t\t\t\t\t<h1 class=\"biw-hero__title\" style=\"line-height: 1.2\">\n\t\t\t\tConcours et incitatifs\t\t\t<\/h1>\n\t\t\t\t\t\t\t<h2 class=\"biw-hero__subtitle\">\n\t\t\t\t\tD\u00e9passez les objectifs et ils feront de m\u00eame.\t\t\t\t<\/h2>\n\t\t\t\t\t\t\t\t\t\t<div class=\"biw-hero__text\">\n\t\t\t\t\t\n\n<p>Nous \u00e9laborons des incitatifs strat\u00e9giques et captivants pour maximiser l&rsquo;impact sans d\u00e9passer votre budget. Transformez votre \u00e9quipe de vente, passant de bonne \u00e0 excellente, gr\u00e2ce \u00e0 des r\u00e9compenses qui comptent.<\/p>\n\n\t\t\t\t<\/div>\n\t\t\t\t\t\t\t\t<\/div>\n\t<\/div>\n<\/div>\n\n\n\n<div class=\"wp-block-group  layout-columns-7 has-global-padding is-layout-constrained wp-container-core-group-is-layout-a133ec42 wp-block-group-is-layout-constrained\">\n<p class=\"is-style-default has-xxl-font-size is-style-default\"><strong>\u00c9levez votre \u00e9quipe de vente \u00e0 un niveau sup\u00e9rieur.<\/strong><\/p>\n\n\n\n<p>Vous pensez avoir exploit\u00e9 tout le potentiel de votre \u00e9quipe de vente ? D\u00e9trompez-vous. Un plan de r\u00e9mun\u00e9ration a ses limites\u2014la v\u00e9ritable motivation vient des incitatifs qui poussent les repr\u00e9sentants \u00e0 se surpasser, les r\u00e9compensant pour leurs efforts. Nous concevons des incitatifs de vente percutants.<\/p>\n\n\n\n<p>Notre objectif ? Accro\u00eetre la concentration, l\u2019activit\u00e9 et, surtout, les ventes.<\/p>\n\n\n\n<p class=\"is-style-default has-xl-font-size is-style-default\"><strong>Pour ce faire, nous :<\/strong><\/p>\n\n\n\n<ul class=\"wp-block-list\">\n<li class=\"has-large-font-size\">Exploitons les \u00e9motions et l\u2019inspiration avec des r\u00e9compenses qui suscitent l\u2019enthousiasme, comme des articles haut de gamme, des exp\u00e9riences et des voyages<\/li>\n\n\n\n<li>Alignons les objectifs de vente sur la vision globale, en veillant \u00e0 ce que chaque incitatif stimule la croissance de l\u2019entreprise<\/li>\n\n\n\n<li class=\"has-large-font-size\">Engageons vos employ\u00e9s interm\u00e9diaires \u2014 l\u2019endroit strat\u00e9gique o\u00f9 les gains les plus significatifs sont r\u00e9alis\u00e9s<\/li>\n<\/ul>\n<\/div>\n\n\n\n<div class=\"wp-block-group alignfull has-global-padding is-layout-constrained wp-container-core-group-is-layout-97ab3c77 wp-block-group-is-layout-constrained\">\n<div class=\"wp-block-group has-text-align-center  layout-columns-8 has-global-padding is-layout-constrained wp-container-core-group-is-layout-ee362a79 wp-block-group-is-layout-constrained\">\n<h2 class=\"wp-block-heading has-text-align-center  has-text-wrap-pretty\">Solutions incitatives<\/h2>\n\n\n\n<p class=\" has-text-wrap-balance\"><\/p>\n<\/div>\n\n\n\n<div class=\"wp-block-group  layout-columns-12 has-global-padding is-layout-constrained wp-container-core-group-is-layout-9e09659d wp-block-group-is-layout-constrained\">\n<div class=\"wp-block-group is-layout-grid wp-container-core-group-is-layout-c765d3c1 wp-block-group-is-layout-grid\"><div class=\" has-dynamic-border-radius has-link has-image-size-cover has-image-radius-none is-style-default wp-block-biw-block-theme-biw-card\">\n\t\t\t<figure class=\"biw-card__image-wrapper \">\n\t\t\t<img decoding=\"async\" src=\"http:\/\/live-biw-main.pantheonsite.io\/wp-content\/uploads\/2025\/02\/BIW_Site_Card_Elevate-scaled.jpg\" alt=\"A person with curly hair smiles and holds a smartphone. Theyre wearing a purple shirt with a geometric logo. Colorful icons, including a trophy, gift, chat bubble, and cake, are in the background on a gradient backdrop.\" class=\"biw-card__image\" style=\"object-position: 50% 50%;\">\t\t<\/figure>\n\t\t<div class=\"biw-card__content\">\n\t\t<h3 class=\"biw-card__title\">\n\t\t\t\t\t\t\t<a href=\"https:\/\/www.biworldwide.ca\/fr\/elevate\/\" >\n\t\t\t\tElevate\t\t\t\t<\/a>\n\t\t\t\t\t<\/h3>\n\t\t<div class=\"biw-card__text\">\n\n<p>Transformez votre lieu de travail et votre culture avec un \u00e9cosyst\u00e8me puissant. Elevate\u00ae est la solution compl\u00e8te qui englobe tous les \u00e9l\u00e9ments de l&rsquo;engagement des employ\u00e9s et des ventes.<\/p>\n\n<\/div>\n\t<\/div>\n\t\t\t<span class=\"biw-card__cta\">En savoir plus<\/span>\n\t<\/div>\n\n<div class=\" has-dynamic-border-radius has-link has-image-size-cover has-image-radius-none is-style-default wp-block-biw-block-theme-biw-card\">\n\t\t\t<figure class=\"biw-card__image-wrapper \">\n\t\t\t<img decoding=\"async\" src=\"http:\/\/live-biw-main.pantheonsite.io\/wp-content\/uploads\/2025\/02\/BIW_Site_Hero_GoalQuestAI-scaled.jpg\" alt=\"Illustration of a stylized, geometric mountain with a flag on top, surrounded by digital patterns. White sparkles, a trophy, and a network icon overlay the scene. The background features a digital grid with lights, and the left side is blank.\" class=\"biw-card__image\" style=\"object-position: 50% 50%;\">\t\t<\/figure>\n\t\t<div class=\"biw-card__content\">\n\t\t<h3 class=\"biw-card__title\">\n\t\t\t\t\t\t\t<a href=\"https:\/\/www.biworldwide.ca\/fr\/comment-nous-aidons\/concours-et-incitatifs\/goalquest-ai\/\" >\n\t\t\t\tGoalQuest<sup>\u00ae<\/sup> AI\t\t\t\t<\/a>\n\t\t\t\t\t<\/h3>\n\t\t<div class=\"biw-card__text\">\n\n<p>Le seul programme d&rsquo;incitations de vente au monde avec des r\u00e9sultats prouv\u00e9s, utilisant l&rsquo;IA pour stimuler les ventes additionnelles aupr\u00e8s des concessionnaires, distributeurs, grossistes et agents.<\/p>\n\n<\/div>\n\t<\/div>\n\t\t\t<span class=\"biw-card__cta\">En savoir plus<\/span>\n\t<\/div>\n\n<div class=\" has-dynamic-border-radius has-link has-image-size-cover has-image-radius-none is-style-default wp-block-biw-block-theme-biw-card\">\n\t\t\t<figure class=\"biw-card__image-wrapper \">\n\t\t\t<img decoding=\"async\" src=\"http:\/\/live-biw-main.pantheonsite.io\/wp-content\/uploads\/2025\/02\/Rewards-1300x732px.jpg\" alt=\"Two people sit at a table with a laptop, smiling and high-fiving. One person holds a coffee cup. The background features abstract pink and orange shapes.\" class=\"biw-card__image\" style=\"object-position: 50% 50%;\">\t\t<\/figure>\n\t\t<div class=\"biw-card__content\">\n\t\t<h3 class=\"biw-card__title\">\n\t\t\t\t\t\t\t<a href=\"https:\/\/www.biworldwide.ca\/fr\/comment-nous-aidons\/marche-des-recompenses\/\" >\n\t\t\t\tR\u00e9compenses de vente\t\t\t\t<\/a>\n\t\t\t\t\t<\/h3>\n\t\t<div class=\"biw-card__text\">\n\n<p>Des marques les plus tendance aux escapades de luxe, en passant par des billets pour des \u00e9v\u00e9nements sportifs difficiles \u00e0 obtenir et des opportunit\u00e9s d&rsquo;apprentissage\u2014quel que soit ce qui nourrit leur passion, trouvez-le dans le Marketplace des R\u00e9compenses.<\/p>\n\n<\/div>\n\t<\/div>\n\t\t\t<span class=\"biw-card__cta\">En savoir plus<\/span>\n\t<\/div>\n\n<div class=\" has-dynamic-border-radius has-link has-image-size-cover has-image-radius-none is-style-default wp-block-biw-block-theme-biw-card\">\n\t\t\t<figure class=\"biw-card__image-wrapper \">\n\t\t\t<img decoding=\"async\" src=\"http:\/\/live-biw-main.pantheonsite.io\/wp-content\/uploads\/2025\/02\/WarehouseWindfall-1728x450-1.jpg\" alt=\"A blurry image of a warehouse aisle with stacked cardboard boxes on a moving cart. The background is filled with shelves containing various packages, suggesting fast movement.\" class=\"biw-card__image\" style=\"object-position: 50% 50%;\">\t\t<\/figure>\n\t\t<div class=\"biw-card__content\">\n\t\t<h3 class=\"biw-card__title\">\n\t\t\t\t\t\t\t<a href=\"https:\/\/www.biworldwide.ca\/fr\/comment-nous-aidons\/concours-et-incitatifs\/warehouse-windfall\/\" >\n\t\t\t\tWarehouse Windfall\t\t\t\t<\/a>\n\t\t\t\t\t<\/h3>\n\t\t<div class=\"biw-card__text\">\n\n<p>Amenez les incitatifs de vente pour les meilleurs performeurs \u00e0 un niveau sup\u00e9rieur avec Warehouse Windfall. Motivez votre force de vente avec l&rsquo;opportunit\u00e9 unique de traverser un entrep\u00f4t rempli d&rsquo;articles haut de gamme.<\/p>\n\n<\/div>\n\t<\/div>\n\t\t\t<span class=\"biw-card__cta\">En savoir plus<\/span>\n\t<\/div>\n\n<div class=\" has-dynamic-border-radius has-link has-image-size-cover has-image-radius-none is-style-default wp-block-biw-block-theme-biw-card\">\n\t\t\t<figure class=\"biw-card__image-wrapper \">\n\t\t\t<img decoding=\"async\" src=\"http:\/\/live-biw-main.pantheonsite.io\/wp-content\/uploads\/2025\/03\/windfall-vr-featured-image-scaled-1.png\" alt=\"A person wearing a virtual reality headset is shown in profile against a background of glowing purple and blue cubes. The person is dressed in a black leather jacket, and the scene is accented with sparkles.\" class=\"biw-card__image\" style=\"object-position: 50% 50%;\">\t\t<\/figure>\n\t\t<div class=\"biw-card__content\">\n\t\t<h3 class=\"biw-card__title\">\n\t\t\t\t\t\t\t<a href=\"https:\/\/www.biworldwide.ca\/fr\/comment-nous-aidons\/concours-et-incitatifs\/windfall-vr\/\" >\n\t\t\t\tWindfall VR\t\t\t\t<\/a>\n\t\t\t\t\t<\/h3>\n\t\t<div class=\"biw-card__text\">\n\n<p>Vos \u00e9quipes peuvent vivre notre r\u00e9compense la plus inspirante o\u00f9 qu&rsquo;elles soient et \u00e0 tout moment, gr\u00e2ce \u00e0 une version en r\u00e9alit\u00e9 virtuelle de notre l\u00e9gendaire exp\u00e9rience Warehouse Windfall.<br><a href=\"https:\/\/www.biworldwide.com\/sales-team-motivation\/game-arcade\/#below-hero\"><\/a><\/p>\n\n<\/div>\n\t<\/div>\n\t\t\t<span class=\"biw-card__cta\">En savoir plus<\/span>\n\t<\/div>\n\n<div class=\" has-dynamic-border-radius has-link has-image-size-cover has-image-radius-none is-style-default wp-block-biw-block-theme-biw-card\">\n\t\t\t<figure class=\"biw-card__image-wrapper \">\n\t\t\t<img loading=\"lazy\" decoding=\"async\" width=\"1300\" height=\"732\" src=\"https:\/\/www.biworldwide.com\/wp-content\/uploads\/2025\/03\/Rewards_Adventure_Share_Image.png\" class=\"biw-card__image\" alt=\"A narrow dirt path winds through a lush, sun-dappled jungle. Sunlight filters through tall palm trees and dense foliage, casting a warm, golden glow. The greenery is vibrant, with various tropical plants lining the path.\" style=\"object-position: 50% 50%;\" srcset=\"https:\/\/www.biworldwide.com\/wp-content\/uploads\/2025\/03\/Rewards_Adventure_Share_Image.png 1300w, https:\/\/www.biworldwide.com\/wp-content\/uploads\/2025\/03\/Rewards_Adventure_Share_Image-300x169.png 300w, https:\/\/www.biworldwide.com\/wp-content\/uploads\/2025\/03\/Rewards_Adventure_Share_Image-1024x577.png 1024w, https:\/\/www.biworldwide.com\/wp-content\/uploads\/2025\/03\/Rewards_Adventure_Share_Image-768x432.png 768w\" sizes=\"auto, (max-width: 1300px) 100vw, 1300px\" \/>\t\t<\/figure>\n\t\t<div class=\"biw-card__content\">\n\t\t<h3 class=\"biw-card__title\">\n\t\t\t\t\t\t\t<a href=\"https:\/\/www.biworldwide.ca\/fr\/comment-nous-aidons\/concours-et-incitatifs\/rewards-adventure\/\" >\n\t\t\t\tRewards Adventure\t\t\t\t<\/a>\n\t\t\t\t\t<\/h3>\n\t\t<div class=\"biw-card__text\">\n\n<p>Rewards Adventure est un jeu vid\u00e9o en ligne con\u00e7u pour motiver, inspirer et honorer les meilleurs performants. Lorsque vous avez besoin d&rsquo;une alternative aux rassemblements en personne, Rewards Adventure apporte la c\u00e9l\u00e9bration \u00e0 vos accomplisseurs.<br><a href=\"https:\/\/www.biworldwide.com\/sales-team-motivation\/game-arcade\/#below-hero\"><\/a><\/p>\n\n<\/div>\n\t<\/div>\n\t\t\t<span class=\"biw-card__cta\">En savoir plus<\/span>\n\t<\/div>\n\n<div class=\" has-dynamic-border-radius has-link has-image-size-cover has-image-radius-none is-style-default wp-block-biw-block-theme-biw-card\">\n\t\t\t<figure class=\"biw-card__image-wrapper \">\n\t\t\t<img decoding=\"async\" src=\"http:\/\/live-biw-main.pantheonsite.io\/wp-content\/uploads\/2025\/03\/game-arcade-featured-image.png\" alt=\"A stylized illustration of a purple hand gripping a white game controller against a dark blue background. Geometric shapes float around, with a gradient of purple and blue light illuminating the scene.\" class=\"biw-card__image\" style=\"object-position: 50% 50%;\">\t\t<\/figure>\n\t\t<div class=\"biw-card__content\">\n\t\t<h3 class=\"biw-card__title\">\n\t\t\t\t\t\t\t<a href=\"https:\/\/www.biworldwide.ca\/fr\/comment-nous-aidons\/concours-et-incitatifs\/game-arcade\/\" >\n\t\t\t\tGame Arcade\t\t\t\t<\/a>\n\t\t\t\t\t<\/h3>\n\t\t<div class=\"biw-card__text\">\n\n<p>Que vous cherchiez \u00e0 renforcer des comportements qui stimulent votre entreprise ou \u00e0 reconna\u00eetre des r\u00e9alisations sp\u00e9cifiques, Game Arcade est une fa\u00e7on simple et amusante de r\u00e9compenser les performances exceptionnelles de vos \u00e9quipes de vente.<br><a href=\"https:\/\/www.biworldwide.com\/sales-team-motivation\/game-arcade\/#below-hero\"><\/a><\/p>\n\n<\/div>\n\t<\/div>\n\t\t\t<span class=\"biw-card__cta\">En savoir plus<\/span>\n\t<\/div><\/div>\n<\/div>\n<\/div>\n","protected":false},"excerpt":{"rendered":"<p>\u00c9levez votre \u00e9quipe de vente \u00e0 un niveau sup\u00e9rieur. Vous pensez avoir exploit\u00e9 tout le potentiel de votre \u00e9quipe de vente ? D\u00e9trompez-vous. Un plan de r\u00e9mun\u00e9ration a ses limites\u2014la v\u00e9ritable motivation vient des incitatifs qui poussent les repr\u00e9sentants \u00e0 se surpasser, les r\u00e9compensant pour leurs efforts. Nous concevons des incitatifs de vente percutants. Notre [&hellip;]<\/p>\n","protected":false},"author":11,"featured_media":941,"parent":104,"menu_order":0,"comment_status":"closed","ping_status":"closed","template":"","meta":{"featured_image_focal_point":{"x":0.5,"y":0.5},"footnotes":""},"wf_page_folders":[],"class_list":["post-110","page","type-page","status-publish","has-post-thumbnail","hentry"],"yoast_head":"<!-- This site is optimized with the Yoast SEO plugin v26.2 - https:\/\/yoast.com\/wordpress\/plugins\/seo\/ -->\n<title>Concours et incitatifs - Canada (French)<\/title>\n<meta name=\"description\" content=\"Nous aidons \u00e0 cr\u00e9er des concours et incitatifs de vente strat\u00e9giques et engageants pour faire passer votre \u00e9quipe de vente et vos partenaires\" \/>\n<meta name=\"robots\" content=\"index, follow, max-snippet:-1, max-image-preview:large, max-video-preview:-1\" \/>\n<link rel=\"canonical\" href=\"https:\/\/www.biworldwide.ca\/fr\/comment-nous-aidons\/concours-et-incitatifs\/\" \/>\n<meta property=\"og:locale\" content=\"fr_CA\" \/>\n<meta property=\"og:type\" content=\"article\" \/>\n<meta property=\"og:title\" content=\"Concours et incitatifs - Canada (French)\" \/>\n<meta property=\"og:description\" content=\"Nous aidons \u00e0 cr\u00e9er des concours et incitatifs de vente strat\u00e9giques et engageants pour faire passer votre \u00e9quipe de vente et vos partenaires\" \/>\n<meta property=\"og:url\" content=\"https:\/\/www.biworldwide.ca\/fr\/comment-nous-aidons\/concours-et-incitatifs\/\" \/>\n<meta property=\"og:site_name\" content=\"Canada (French)\" \/>\n<meta property=\"article:modified_time\" content=\"2025-04-04T18:16:37+00:00\" \/>\n<meta property=\"og:image\" content=\"https:\/\/www.biworldwide.com\/wp-content\/uploads\/2025\/02\/Contests-and-incentives-Yellow-1300x732px.jpg\" \/>\n\t<meta property=\"og:image:width\" content=\"1300\" \/>\n\t<meta property=\"og:image:height\" content=\"732\" \/>\n\t<meta property=\"og:image:type\" content=\"image\/jpeg\" \/>\n<meta name=\"twitter:card\" content=\"summary_large_image\" \/>\n<meta name=\"twitter:label1\" content=\"Est. reading time\" \/>\n\t<meta name=\"twitter:data1\" content=\"3 minutes\" \/>\n<script type=\"application\/ld+json\" class=\"yoast-schema-graph\">{\"@context\":\"https:\/\/schema.org\",\"@graph\":[{\"@type\":\"WebPage\",\"@id\":\"https:\/\/www.biworldwide.ca\/fr\/comment-nous-aidons\/concours-et-incitatifs\/\",\"url\":\"https:\/\/www.biworldwide.ca\/fr\/comment-nous-aidons\/concours-et-incitatifs\/\",\"name\":\"Concours et incitatifs - Canada (French)\",\"isPartOf\":{\"@id\":\"https:\/\/www.biworldwide.ca\/fr\/#website\"},\"primaryImageOfPage\":{\"@id\":\"https:\/\/www.biworldwide.ca\/fr\/comment-nous-aidons\/concours-et-incitatifs\/#primaryimage\"},\"image\":{\"@id\":\"https:\/\/www.biworldwide.ca\/fr\/comment-nous-aidons\/concours-et-incitatifs\/#primaryimage\"},\"thumbnailUrl\":\"https:\/\/www.biworldwide.com\/wp-content\/uploads\/2025\/02\/Contests-and-incentives-Yellow-1300x732px.jpg\",\"datePublished\":\"2025-01-14T16:15:59+00:00\",\"dateModified\":\"2025-04-04T18:16:37+00:00\",\"description\":\"Nous aidons \u00e0 cr\u00e9er des concours et incitatifs de vente strat\u00e9giques et engageants pour faire passer votre \u00e9quipe de vente et vos partenaires\",\"breadcrumb\":{\"@id\":\"https:\/\/www.biworldwide.ca\/fr\/comment-nous-aidons\/concours-et-incitatifs\/#breadcrumb\"},\"inLanguage\":\"fr-CA\",\"potentialAction\":[{\"@type\":\"ReadAction\",\"target\":[\"https:\/\/www.biworldwide.ca\/fr\/comment-nous-aidons\/concours-et-incitatifs\/\"]}]},{\"@type\":\"ImageObject\",\"inLanguage\":\"fr-CA\",\"@id\":\"https:\/\/www.biworldwide.ca\/fr\/comment-nous-aidons\/concours-et-incitatifs\/#primaryimage\",\"url\":\"https:\/\/www.biworldwide.com\/wp-content\/uploads\/2025\/02\/Contests-and-incentives-Yellow-1300x732px.jpg\",\"contentUrl\":\"https:\/\/www.biworldwide.com\/wp-content\/uploads\/2025\/02\/Contests-and-incentives-Yellow-1300x732px.jpg\",\"caption\":\"A man and a woman sit together at a desk, looking at a tablet. The woman is in the foreground, smiling slightly, while the man points at the tablet screen. A laptop is open on the desk beside them, and the background is softly blurred.\"},{\"@type\":\"BreadcrumbList\",\"@id\":\"https:\/\/www.biworldwide.ca\/fr\/comment-nous-aidons\/concours-et-incitatifs\/#breadcrumb\",\"itemListElement\":[{\"@type\":\"ListItem\",\"position\":1,\"name\":\"Home\",\"item\":\"https:\/\/www.biworldwide.ca\/fr\/\"},{\"@type\":\"ListItem\",\"position\":2,\"name\":\"Comment nous aidons\",\"item\":\"https:\/\/www.biworldwide.ca\/fr\/comment-nous-aidons\/\"},{\"@type\":\"ListItem\",\"position\":3,\"name\":\"Concours et incitatifs\"}]},{\"@type\":\"WebSite\",\"@id\":\"https:\/\/www.biworldwide.ca\/fr\/#website\",\"url\":\"https:\/\/www.biworldwide.ca\/fr\/\",\"name\":\"Canada (French)\",\"description\":\"\",\"potentialAction\":[{\"@type\":\"SearchAction\",\"target\":{\"@type\":\"EntryPoint\",\"urlTemplate\":\"https:\/\/www.biworldwide.ca\/fr\/?s={search_term_string}\"},\"query-input\":{\"@type\":\"PropertyValueSpecification\",\"valueRequired\":true,\"valueName\":\"search_term_string\"}}],\"inLanguage\":\"fr-CA\"}]}<\/script>\n<!-- \/ Yoast SEO plugin. -->","yoast_head_json":{"title":"Concours et incitatifs - Canada (French)","description":"Nous aidons \u00e0 cr\u00e9er des concours et incitatifs de vente strat\u00e9giques et engageants pour faire passer votre \u00e9quipe de vente et vos partenaires","robots":{"index":"index","follow":"follow","max-snippet":"max-snippet:-1","max-image-preview":"max-image-preview:large","max-video-preview":"max-video-preview:-1"},"canonical":"https:\/\/www.biworldwide.ca\/fr\/comment-nous-aidons\/concours-et-incitatifs\/","og_locale":"fr_CA","og_type":"article","og_title":"Concours et incitatifs - Canada (French)","og_description":"Nous aidons \u00e0 cr\u00e9er des concours et incitatifs de vente strat\u00e9giques et engageants pour faire passer votre \u00e9quipe de vente et vos partenaires","og_url":"https:\/\/www.biworldwide.ca\/fr\/comment-nous-aidons\/concours-et-incitatifs\/","og_site_name":"Canada (French)","article_modified_time":"2025-04-04T18:16:37+00:00","og_image":[{"url":"https:\/\/www.biworldwide.com\/wp-content\/uploads\/2025\/02\/Contests-and-incentives-Yellow-1300x732px.jpg","width":1300,"height":732,"type":"image\/jpeg"}],"twitter_card":"summary_large_image","twitter_misc":{"Est. reading time":"3 minutes"},"schema":{"@context":"https:\/\/schema.org","@graph":[{"@type":"WebPage","@id":"https:\/\/www.biworldwide.ca\/fr\/comment-nous-aidons\/concours-et-incitatifs\/","url":"https:\/\/www.biworldwide.ca\/fr\/comment-nous-aidons\/concours-et-incitatifs\/","name":"Concours et incitatifs - Canada (French)","isPartOf":{"@id":"https:\/\/www.biworldwide.ca\/fr\/#website"},"primaryImageOfPage":{"@id":"https:\/\/www.biworldwide.ca\/fr\/comment-nous-aidons\/concours-et-incitatifs\/#primaryimage"},"image":{"@id":"https:\/\/www.biworldwide.ca\/fr\/comment-nous-aidons\/concours-et-incitatifs\/#primaryimage"},"thumbnailUrl":"https:\/\/www.biworldwide.com\/wp-content\/uploads\/2025\/02\/Contests-and-incentives-Yellow-1300x732px.jpg","datePublished":"2025-01-14T16:15:59+00:00","dateModified":"2025-04-04T18:16:37+00:00","description":"Nous aidons \u00e0 cr\u00e9er des concours et incitatifs de vente strat\u00e9giques et engageants pour faire passer votre \u00e9quipe de vente et vos partenaires","breadcrumb":{"@id":"https:\/\/www.biworldwide.ca\/fr\/comment-nous-aidons\/concours-et-incitatifs\/#breadcrumb"},"inLanguage":"fr-CA","potentialAction":[{"@type":"ReadAction","target":["https:\/\/www.biworldwide.ca\/fr\/comment-nous-aidons\/concours-et-incitatifs\/"]}]},{"@type":"ImageObject","inLanguage":"fr-CA","@id":"https:\/\/www.biworldwide.ca\/fr\/comment-nous-aidons\/concours-et-incitatifs\/#primaryimage","url":"https:\/\/www.biworldwide.com\/wp-content\/uploads\/2025\/02\/Contests-and-incentives-Yellow-1300x732px.jpg","contentUrl":"https:\/\/www.biworldwide.com\/wp-content\/uploads\/2025\/02\/Contests-and-incentives-Yellow-1300x732px.jpg","caption":"A man and a woman sit together at a desk, looking at a tablet. The woman is in the foreground, smiling slightly, while the man points at the tablet screen. A laptop is open on the desk beside them, and the background is softly blurred."},{"@type":"BreadcrumbList","@id":"https:\/\/www.biworldwide.ca\/fr\/comment-nous-aidons\/concours-et-incitatifs\/#breadcrumb","itemListElement":[{"@type":"ListItem","position":1,"name":"Home","item":"https:\/\/www.biworldwide.ca\/fr\/"},{"@type":"ListItem","position":2,"name":"Comment nous aidons","item":"https:\/\/www.biworldwide.ca\/fr\/comment-nous-aidons\/"},{"@type":"ListItem","position":3,"name":"Concours et incitatifs"}]},{"@type":"WebSite","@id":"https:\/\/www.biworldwide.ca\/fr\/#website","url":"https:\/\/www.biworldwide.ca\/fr\/","name":"Canada (French)","description":"","potentialAction":[{"@type":"SearchAction","target":{"@type":"EntryPoint","urlTemplate":"https:\/\/www.biworldwide.ca\/fr\/?s={search_term_string}"},"query-input":{"@type":"PropertyValueSpecification","valueRequired":true,"valueName":"search_term_string"}}],"inLanguage":"fr-CA"}]}},"_links":{"self":[{"href":"https:\/\/www.biworldwide.ca\/fr\/wp-json\/wp\/v2\/pages\/110","targetHints":{"allow":["GET"]}}],"collection":[{"href":"https:\/\/www.biworldwide.ca\/fr\/wp-json\/wp\/v2\/pages"}],"about":[{"href":"https:\/\/www.biworldwide.ca\/fr\/wp-json\/wp\/v2\/types\/page"}],"author":[{"embeddable":true,"href":"https:\/\/www.biworldwide.ca\/fr\/wp-json\/wp\/v2\/users\/11"}],"replies":[{"embeddable":true,"href":"https:\/\/www.biworldwide.ca\/fr\/wp-json\/wp\/v2\/comments?post=110"}],"version-history":[{"count":10,"href":"https:\/\/www.biworldwide.ca\/fr\/wp-json\/wp\/v2\/pages\/110\/revisions"}],"predecessor-version":[{"id":2371,"href":"https:\/\/www.biworldwide.ca\/fr\/wp-json\/wp\/v2\/pages\/110\/revisions\/2371"}],"up":[{"embeddable":true,"href":"https:\/\/www.biworldwide.ca\/fr\/wp-json\/wp\/v2\/pages\/104"}],"wp:featuredmedia":[{"embeddable":true,"href":"https:\/\/www.biworldwide.ca\/fr\/wp-json\/wp\/v2\/media\/941"}],"wp:attachment":[{"href":"https:\/\/www.biworldwide.ca\/fr\/wp-json\/wp\/v2\/media?parent=110"}],"wp:term":[{"taxonomy":"wf_page_folders","embeddable":true,"href":"https:\/\/www.biworldwide.ca\/fr\/wp-json\/wp\/v2\/wf_page_folders?post=110"}],"curies":[{"name":"wp","href":"https:\/\/api.w.org\/{rel}","templated":true}]}}