{"id":108,"date":"2025-01-14T16:15:43","date_gmt":"2025-01-14T16:15:43","guid":{"rendered":"https:\/\/live-biw-main.pantheonsite.io\/?page_id=108"},"modified":"2025-04-03T11:10:21","modified_gmt":"2025-04-03T18:10:21","slug":"communications","status":"publish","type":"page","link":"https:\/\/www.biworldwide.ca\/fr\/comment-nous-aidons\/communications\/","title":{"rendered":"Communications"},"content":{"rendered":"<div class=\" has-content-align-left has-overlay has-overlay--dark alignfull wp-block-biw-block-theme-hero\">\n\t<div class=\"biw-hero__grid\">\n\t\t\t\t\t<div class=\"biw-hero__breadcrumbs\">\n\t\t\t\t<div id=\"breadcrumbs\" class=\"breadcrumb-nav__wrapper\"><span class=\"breadcrumb-nav\"><span><a href=\"https:\/\/www.biworldwide.ca\/fr\/\">Home<\/a><\/span><\/span><\/div>\t\t\t<\/div>\n\t\t\n\t\t\t\t\t<div class=\"biw-hero__media \">\n\t\t\t\t\t\t\t\t\t<div class=\"biw-hero__overlay overlay-dark\"><\/div>\n\t\t\t\t\t\t\t\t<img decoding=\"async\" src=\"http:\/\/live-biw-main.pantheonsite.io\/wp-content\/uploads\/2025\/02\/Communications-swirl-of-colored-paper-1728x600px.jpg\" alt=\"Abstract image featuring layered, curved shapes with a gradient of orange, yellow, and red hues. The design creates a sense of depth and movement from left to right, with smooth transitions between colors.\" class=\"biw-hero__bg-image\" style=\"object-position: 50% 50%;\">\t\t\t<\/div>\n\t\t\t\t<div class=\"biw-hero__content\">\n\t\t\t\t\t\t<h1 class=\"biw-hero__title\" style=\"line-height: 1.2\">\n\t\t\t\tCommunications\t\t\t<\/h1>\n\t\t\t\t\t\t\t\t\t\t<div class=\"biw-hero__text\">\n\t\t\t\t\t\n\n<p>La quantit\u00e9 d&rsquo;informations pr\u00e9sent\u00e9es chaque jour, chaque heure et chaque minute \u00e0 vos clients, employ\u00e9s et \u00e9quipes de vente continue d&rsquo;augmenter. Attirez et retenez leur attention, et d\u00e9marquez-vous dans le tumulte.<\/p>\n\n\t\t\t\t<\/div>\n\t\t\t\t\t\t\t\t<\/div>\n\t<\/div>\n<\/div>\n\n\n\n<div class=\"wp-block-group  layout-columns-8 has-global-padding is-layout-constrained wp-container-core-group-is-layout-fce79bf6 wp-block-group-is-layout-constrained\">\n<p>Nous inspirons notre audience quotidiennement \u2014 des solutions strat\u00e9giques constitu\u00e9es de tactiques num\u00e9riques, imprim\u00e9es, environnementales et exp\u00e9rientielles \u2014 qui transforment les comportements et les perceptions.<\/p>\n\n\n\n<p>Notre \u00e9quipe de r\u00eave est un groupe diversifi\u00e9 et talentueux d&rsquo;experts dans leur domaine, fort de plus de 100 prix cr\u00e9atifs et 180 000 campagnes mondiales \u00e0 son actif. Notre \u00e9quipe prim\u00e9e a \u00e9t\u00e9 reconnue par Brandon Hall, How Design, Hermes et a r\u00e9cemment re\u00e7u un Gold Stevie pour le marketing des employ\u00e9s.<\/p>\n\n\n\n<p class=\"has-xxl-font-size\"><strong><a href=\"https:\/\/www.biworldwide.ca\/fr\/problemes-que-nous-resolvons\/engagement-des-employes\/\">Exp\u00e9rience des employ\u00e9s<\/a><\/strong><\/p>\n\n\n\n<p>Nous aidons les employ\u00e9s \u00e0 tomber amoureux des entreprises pour la premi\u00e8re fois \u2014 ou \u00e0 raviver leur passion pour le travail. En cons\u00e9quence, les niveaux de performance montent en fl\u00e8che. Nous stimulons l&rsquo;engagement, la connexion, l&rsquo;inspiration et la performance des employ\u00e9s gr\u00e2ce \u00e0 des marques de reconnaissance et \u00e0 des contenus cr\u00e9atifs qui amplifient la proposition de valeur pour les employ\u00e9s (VPE) et am\u00e9liorent l&rsquo;exp\u00e9rience des employ\u00e9s \u2014 peu importe o\u00f9 ils en sont dans leur parcours professionnel.<\/p>\n\n\n\n<p class=\"has-xxl-font-size\"><strong><a href=\"https:\/\/www.biworldwide.ca\/fr\/problemes-que-nous-resolvons\/motivation-de-lequipe-de-vente\/\">Exp\u00e9rience des ventes<\/a><\/strong><\/p>\n\n\n\n<p>Les audiences de ventes d&rsquo;aujourd&rsquo;hui sont submerg\u00e9es par un flux incessant d&rsquo;informations cherchant \u00e0 capter leur attention \u2014 une r\u00e9alit\u00e9 que nous appelons <em>infob\u00e9sit\u00e9<\/em>. Nous offrons une approche all\u00e9g\u00e9e qui \u00e9merge du bruit ambiant gr\u00e2ce \u00e0 des messages clairs, faciles \u00e0 assimiler pour les commerciaux, et qu&rsquo;ils adoptent avec enthousiasme.<\/p>\n\n\n\n<p>Mais tout ne vient pas du c\u0153ur. Nous utilisons \u00e9galement <strong><em>Fastbrain Communications\u2122<\/em><\/strong>, notre propre cadre unique de messagerie bas\u00e9 sur les neurosciences, qui nous aide \u00e0 concevoir des d\u00e9clencheurs \u00e9motionnels et des messages authentiques \u00e0 chaque audience, afin qu&rsquo;ils puissent retenir les informations importantes et agir en cons\u00e9quence.<\/p>\n\n\n\n<p>En combinant nos recherches exclusives sur les ventes et les canaux, les concepts d&rsquo;\u00e9conomie comportementale appliqu\u00e9e et notre expertise approfondie en marketing, nous avons le pouvoir de captiver et de modifier les comportements. Nos solutions sur mesure s&rsquo;adaptent \u00e0 la mani\u00e8re dont les audiences consomment l&rsquo;information en fonction des objectifs d&rsquo;affaires ou de revenus et de la fa\u00e7on dont elles organisent leur journ\u00e9e.<\/p>\n\n\n\n<p class=\"has-xl-font-size\"><strong>Probl\u00e8mes que nous r\u00e9solvons.<\/strong><\/p>\n\n\n\n<ul class=\"wp-block-list\">\n<li>Image de marque<\/li>\n\n\n\n<li>Strat\u00e9gie de contenu et conception de parcours<\/li>\n\n\n\n<li>Strat\u00e9gie de campagne d&rsquo;engagement des ventes<\/li>\n\n\n\n<li>Image de marque employeur et conception de la proposition de valeur pour les employ\u00e9s (VPE)<\/li>\n\n\n\n<li>Cadres de changement de comportement (gestion du changement)<\/li>\n\n\n\n<li>Engagement des managers et des influenceurs<\/li>\n\n\n\n<li>Engagement des employ\u00e9s sans bureau<\/li>\n\n\n\n<li>Promotion et suivi des r\u00e9unions et \u00e9v\u00e9nements (avant et apr\u00e8s l&rsquo;\u00e9v\u00e9nement)<\/li>\n\n\n\n<li>Solutions en studio : audio et vid\u00e9o (avant et apr\u00e8s) \u2013 graphisme anim\u00e9, action en direct, \u00e0 distance, en direct<\/li>\n\n\n\n<li>Services num\u00e9riques complets \u2014 applications web, microsites, plateformes, marketing par email, tableaux de bord, classements, cartes de suivi, pi\u00e8ces 360<\/li>\n\n\n\n<li>Services d&rsquo;impression complets \u2014 documents, envois, emballages, kits, espaces de travail, environnement<\/li>\n\n\n\n<li>Fabrication et installation<\/li>\n<\/ul>\n<\/div>\n\n\n\n<div class=\"wp-block-group alignfull has-global-padding is-layout-constrained wp-container-core-group-is-layout-e04489b5 wp-block-group-is-layout-constrained\">\n<div class=\"wp-block-group  layout-columns-8 has-global-padding is-layout-constrained wp-container-core-group-is-layout-fce79bf6 wp-block-group-is-layout-constrained\">\n<h2 class=\"wp-block-heading has-text-align-center\">Les chiffres racontent une histoire.<\/h2>\n<\/div>\n\n\n\n<div class=\"wp-block-group  layout-columns-10 has-global-padding is-layout-constrained wp-container-core-group-is-layout-0b5f5b40 wp-block-group-is-layout-constrained\">\n<div class=\"wp-block-group has-text-align-center is-layout-grid wp-container-core-group-is-layout-ef442fb0 wp-block-group-is-layout-grid\">\n<div class=\"wp-block-group is-vertical is-content-justification-center is-layout-flex wp-container-core-group-is-layout-81423f52 wp-block-group-is-layout-flex\">\n<h3 class=\"wp-block-heading has-impact-font-size  has-text-wrap-no-wrap  has-gradient-fill has-gradient-fill-green\">180k<\/h3>\n\n\n\n<p class=\"has-text-align-center has-large-font-size  has-text-wrap-balance\">projets r\u00e9alis\u00e9s l\u2019ann\u00e9e derni\u00e8re<\/p>\n<\/div>\n\n\n\n<div class=\"wp-block-group is-vertical is-content-justification-center is-layout-flex wp-container-core-group-is-layout-81423f52 wp-block-group-is-layout-flex\">\n<h3 class=\"wp-block-heading has-impact-font-size  has-text-wrap-no-wrap  has-gradient-fill has-gradient-fill-green\">350 %<\/h3>\n\n\n\n<p class=\"has-text-align-center has-large-font-size  has-text-wrap-balance\">augmentation moyenne de l\u2019activit\u00e9 souhait\u00e9e<\/p>\n<\/div>\n\n\n\n<div class=\"wp-block-group is-vertical is-content-justification-center is-layout-flex wp-container-core-group-is-layout-81423f52 wp-block-group-is-layout-flex\">\n<h3 class=\"wp-block-heading has-impact-font-size  has-text-wrap-no-wrap  has-gradient-fill has-gradient-fill-green\">100+<\/h3>\n\n\n\n<p class=\"has-text-align-center has-large-font-size  has-text-wrap-balance\">prix cr\u00e9atifs et industriels remport\u00e9s<\/p>\n<\/div>\n<\/div>\n<\/div>\n<\/div>\n","protected":false},"excerpt":{"rendered":"<p>Nous inspirons notre audience quotidiennement \u2014 des solutions strat\u00e9giques constitu\u00e9es de tactiques num\u00e9riques, imprim\u00e9es, environnementales et exp\u00e9rientielles \u2014 qui transforment les comportements et les perceptions. Notre \u00e9quipe de r\u00eave est un groupe diversifi\u00e9 et talentueux d&rsquo;experts dans leur domaine, fort de plus de 100 prix cr\u00e9atifs et 180 000 campagnes mondiales \u00e0 son actif. Notre [&hellip;]<\/p>\n","protected":false},"author":11,"featured_media":915,"parent":104,"menu_order":0,"comment_status":"closed","ping_status":"closed","template":"","meta":{"featured_image_focal_point":{"x":0.5,"y":0.5},"footnotes":""},"wf_page_folders":[],"class_list":["post-108","page","type-page","status-publish","has-post-thumbnail","hentry"],"yoast_head":"<!-- This site is optimized with the Yoast SEO plugin v26.2 - https:\/\/yoast.com\/wordpress\/plugins\/seo\/ -->\n<title>Communications - Canada (French)<\/title>\n<meta name=\"description\" content=\"Nos strat\u00e9gies et notre soutien \u00e9prouv\u00e9s en communication aident vos clients, employ\u00e9s et \u00e9quipes de vente \u00e0 faire face \u00e0 l&#039;abondance\" \/>\n<meta name=\"robots\" content=\"index, follow, max-snippet:-1, max-image-preview:large, max-video-preview:-1\" \/>\n<link rel=\"canonical\" href=\"https:\/\/www.biworldwide.ca\/fr\/comment-nous-aidons\/communications\/\" \/>\n<meta property=\"og:locale\" content=\"fr_CA\" \/>\n<meta property=\"og:type\" content=\"article\" \/>\n<meta property=\"og:title\" content=\"Communications - Canada (French)\" \/>\n<meta property=\"og:description\" content=\"Nos strat\u00e9gies et notre soutien \u00e9prouv\u00e9s en communication aident vos clients, employ\u00e9s et \u00e9quipes de vente \u00e0 faire face \u00e0 l&#039;abondance\" \/>\n<meta property=\"og:url\" content=\"https:\/\/www.biworldwide.ca\/fr\/comment-nous-aidons\/communications\/\" \/>\n<meta property=\"og:site_name\" content=\"Canada (French)\" \/>\n<meta property=\"article:modified_time\" content=\"2025-04-03T18:10:21+00:00\" \/>\n<meta property=\"og:image\" content=\"https:\/\/www.biworldwide.com\/wp-content\/uploads\/2025\/02\/Communications-colored-paper-1300x732px.jpg\" \/>\n\t<meta property=\"og:image:width\" content=\"1300\" \/>\n\t<meta property=\"og:image:height\" content=\"732\" \/>\n\t<meta property=\"og:image:type\" content=\"image\/jpeg\" \/>\n<meta name=\"twitter:card\" content=\"summary_large_image\" \/>\n<meta name=\"twitter:label1\" content=\"Est. reading time\" \/>\n\t<meta name=\"twitter:data1\" content=\"3 minutes\" \/>\n<script type=\"application\/ld+json\" class=\"yoast-schema-graph\">{\"@context\":\"https:\/\/schema.org\",\"@graph\":[{\"@type\":\"WebPage\",\"@id\":\"https:\/\/www.biworldwide.ca\/fr\/comment-nous-aidons\/communications\/\",\"url\":\"https:\/\/www.biworldwide.ca\/fr\/comment-nous-aidons\/communications\/\",\"name\":\"Communications - Canada (French)\",\"isPartOf\":{\"@id\":\"https:\/\/www.biworldwide.ca\/fr\/#website\"},\"primaryImageOfPage\":{\"@id\":\"https:\/\/www.biworldwide.ca\/fr\/comment-nous-aidons\/communications\/#primaryimage\"},\"image\":{\"@id\":\"https:\/\/www.biworldwide.ca\/fr\/comment-nous-aidons\/communications\/#primaryimage\"},\"thumbnailUrl\":\"https:\/\/www.biworldwide.com\/wp-content\/uploads\/2025\/02\/Communications-colored-paper-1300x732px.jpg\",\"datePublished\":\"2025-01-14T16:15:43+00:00\",\"dateModified\":\"2025-04-03T18:10:21+00:00\",\"description\":\"Nos strat\u00e9gies et notre soutien \u00e9prouv\u00e9s en communication aident vos clients, employ\u00e9s et \u00e9quipes de vente \u00e0 faire face \u00e0 l'abondance\",\"breadcrumb\":{\"@id\":\"https:\/\/www.biworldwide.ca\/fr\/comment-nous-aidons\/communications\/#breadcrumb\"},\"inLanguage\":\"fr-CA\",\"potentialAction\":[{\"@type\":\"ReadAction\",\"target\":[\"https:\/\/www.biworldwide.ca\/fr\/comment-nous-aidons\/communications\/\"]}]},{\"@type\":\"ImageObject\",\"inLanguage\":\"fr-CA\",\"@id\":\"https:\/\/www.biworldwide.ca\/fr\/comment-nous-aidons\/communications\/#primaryimage\",\"url\":\"https:\/\/www.biworldwide.com\/wp-content\/uploads\/2025\/02\/Communications-colored-paper-1300x732px.jpg\",\"contentUrl\":\"https:\/\/www.biworldwide.com\/wp-content\/uploads\/2025\/02\/Communications-colored-paper-1300x732px.jpg\",\"caption\":\"Abstract digital artwork featuring curved, layered shapes in vibrant orange, yellow, green, and red tones, creating a dynamic and visually striking composition against an orange background.\"},{\"@type\":\"BreadcrumbList\",\"@id\":\"https:\/\/www.biworldwide.ca\/fr\/comment-nous-aidons\/communications\/#breadcrumb\",\"itemListElement\":[{\"@type\":\"ListItem\",\"position\":1,\"name\":\"Home\",\"item\":\"https:\/\/www.biworldwide.ca\/fr\/\"},{\"@type\":\"ListItem\",\"position\":2,\"name\":\"Comment nous aidons\",\"item\":\"https:\/\/www.biworldwide.ca\/fr\/comment-nous-aidons\/\"},{\"@type\":\"ListItem\",\"position\":3,\"name\":\"Communications\"}]},{\"@type\":\"WebSite\",\"@id\":\"https:\/\/www.biworldwide.ca\/fr\/#website\",\"url\":\"https:\/\/www.biworldwide.ca\/fr\/\",\"name\":\"Canada (French)\",\"description\":\"\",\"potentialAction\":[{\"@type\":\"SearchAction\",\"target\":{\"@type\":\"EntryPoint\",\"urlTemplate\":\"https:\/\/www.biworldwide.ca\/fr\/?s={search_term_string}\"},\"query-input\":{\"@type\":\"PropertyValueSpecification\",\"valueRequired\":true,\"valueName\":\"search_term_string\"}}],\"inLanguage\":\"fr-CA\"}]}<\/script>\n<!-- \/ Yoast SEO plugin. -->","yoast_head_json":{"title":"Communications - Canada (French)","description":"Nos strat\u00e9gies et notre soutien \u00e9prouv\u00e9s en communication aident vos clients, employ\u00e9s et \u00e9quipes de vente \u00e0 faire face \u00e0 l'abondance","robots":{"index":"index","follow":"follow","max-snippet":"max-snippet:-1","max-image-preview":"max-image-preview:large","max-video-preview":"max-video-preview:-1"},"canonical":"https:\/\/www.biworldwide.ca\/fr\/comment-nous-aidons\/communications\/","og_locale":"fr_CA","og_type":"article","og_title":"Communications - Canada (French)","og_description":"Nos strat\u00e9gies et notre soutien \u00e9prouv\u00e9s en communication aident vos clients, employ\u00e9s et \u00e9quipes de vente \u00e0 faire face \u00e0 l'abondance","og_url":"https:\/\/www.biworldwide.ca\/fr\/comment-nous-aidons\/communications\/","og_site_name":"Canada (French)","article_modified_time":"2025-04-03T18:10:21+00:00","og_image":[{"url":"https:\/\/www.biworldwide.com\/wp-content\/uploads\/2025\/02\/Communications-colored-paper-1300x732px.jpg","width":1300,"height":732,"type":"image\/jpeg"}],"twitter_card":"summary_large_image","twitter_misc":{"Est. reading time":"3 minutes"},"schema":{"@context":"https:\/\/schema.org","@graph":[{"@type":"WebPage","@id":"https:\/\/www.biworldwide.ca\/fr\/comment-nous-aidons\/communications\/","url":"https:\/\/www.biworldwide.ca\/fr\/comment-nous-aidons\/communications\/","name":"Communications - Canada (French)","isPartOf":{"@id":"https:\/\/www.biworldwide.ca\/fr\/#website"},"primaryImageOfPage":{"@id":"https:\/\/www.biworldwide.ca\/fr\/comment-nous-aidons\/communications\/#primaryimage"},"image":{"@id":"https:\/\/www.biworldwide.ca\/fr\/comment-nous-aidons\/communications\/#primaryimage"},"thumbnailUrl":"https:\/\/www.biworldwide.com\/wp-content\/uploads\/2025\/02\/Communications-colored-paper-1300x732px.jpg","datePublished":"2025-01-14T16:15:43+00:00","dateModified":"2025-04-03T18:10:21+00:00","description":"Nos strat\u00e9gies et notre soutien \u00e9prouv\u00e9s en communication aident vos clients, employ\u00e9s et \u00e9quipes de vente \u00e0 faire face \u00e0 l'abondance","breadcrumb":{"@id":"https:\/\/www.biworldwide.ca\/fr\/comment-nous-aidons\/communications\/#breadcrumb"},"inLanguage":"fr-CA","potentialAction":[{"@type":"ReadAction","target":["https:\/\/www.biworldwide.ca\/fr\/comment-nous-aidons\/communications\/"]}]},{"@type":"ImageObject","inLanguage":"fr-CA","@id":"https:\/\/www.biworldwide.ca\/fr\/comment-nous-aidons\/communications\/#primaryimage","url":"https:\/\/www.biworldwide.com\/wp-content\/uploads\/2025\/02\/Communications-colored-paper-1300x732px.jpg","contentUrl":"https:\/\/www.biworldwide.com\/wp-content\/uploads\/2025\/02\/Communications-colored-paper-1300x732px.jpg","caption":"Abstract digital artwork featuring curved, layered shapes in vibrant orange, yellow, green, and red tones, creating a dynamic and visually striking composition against an orange background."},{"@type":"BreadcrumbList","@id":"https:\/\/www.biworldwide.ca\/fr\/comment-nous-aidons\/communications\/#breadcrumb","itemListElement":[{"@type":"ListItem","position":1,"name":"Home","item":"https:\/\/www.biworldwide.ca\/fr\/"},{"@type":"ListItem","position":2,"name":"Comment nous aidons","item":"https:\/\/www.biworldwide.ca\/fr\/comment-nous-aidons\/"},{"@type":"ListItem","position":3,"name":"Communications"}]},{"@type":"WebSite","@id":"https:\/\/www.biworldwide.ca\/fr\/#website","url":"https:\/\/www.biworldwide.ca\/fr\/","name":"Canada (French)","description":"","potentialAction":[{"@type":"SearchAction","target":{"@type":"EntryPoint","urlTemplate":"https:\/\/www.biworldwide.ca\/fr\/?s={search_term_string}"},"query-input":{"@type":"PropertyValueSpecification","valueRequired":true,"valueName":"search_term_string"}}],"inLanguage":"fr-CA"}]}},"_links":{"self":[{"href":"https:\/\/www.biworldwide.ca\/fr\/wp-json\/wp\/v2\/pages\/108","targetHints":{"allow":["GET"]}}],"collection":[{"href":"https:\/\/www.biworldwide.ca\/fr\/wp-json\/wp\/v2\/pages"}],"about":[{"href":"https:\/\/www.biworldwide.ca\/fr\/wp-json\/wp\/v2\/types\/page"}],"author":[{"embeddable":true,"href":"https:\/\/www.biworldwide.ca\/fr\/wp-json\/wp\/v2\/users\/11"}],"replies":[{"embeddable":true,"href":"https:\/\/www.biworldwide.ca\/fr\/wp-json\/wp\/v2\/comments?post=108"}],"version-history":[{"count":11,"href":"https:\/\/www.biworldwide.ca\/fr\/wp-json\/wp\/v2\/pages\/108\/revisions"}],"predecessor-version":[{"id":2250,"href":"https:\/\/www.biworldwide.ca\/fr\/wp-json\/wp\/v2\/pages\/108\/revisions\/2250"}],"up":[{"embeddable":true,"href":"https:\/\/www.biworldwide.ca\/fr\/wp-json\/wp\/v2\/pages\/104"}],"wp:featuredmedia":[{"embeddable":true,"href":"https:\/\/www.biworldwide.ca\/fr\/wp-json\/wp\/v2\/media\/915"}],"wp:attachment":[{"href":"https:\/\/www.biworldwide.ca\/fr\/wp-json\/wp\/v2\/media?parent=108"}],"wp:term":[{"taxonomy":"wf_page_folders","embeddable":true,"href":"https:\/\/www.biworldwide.ca\/fr\/wp-json\/wp\/v2\/wf_page_folders?post=108"}],"curies":[{"name":"wp","href":"https:\/\/api.w.org\/{rel}","templated":true}]}}